{"id":26083,"date":"2026-02-06T11:27:22","date_gmt":"2026-02-06T11:27:22","guid":{"rendered":"https:\/\/tajkertesz.com\/?post_type=product&#038;p=26083"},"modified":"2026-02-06T11:27:23","modified_gmt":"2026-02-06T11:27:23","slug":"hamamelis-intermedia-ruby-glow-varazsmogyoro","status":"publish","type":"product","link":"https:\/\/tajkertesz.com\/en_US\/product\/hamamelis-intermedia-ruby-glow-varazsmogyoro\/","title":{"rendered":"Hamamelis intermedia Ruby Glow \/ Var\u00e1zsmogyor\u00f3"},"content":{"rendered":"<h1>Hamamelis intermedia Ruby Glow \/ Var\u00e1zsmogyor\u00f3<\/h1>\n<p>Hamamelis intermedia Ruby Glow \/ Var\u00e1zsmogyor\u00f3<\/p>\n<div id=\"cgkit-tab-description\" class=\"woocommerce-Tabs-panel commercekit-Tabs-panel--description panel entry-content\">\n<ul>\n<li><strong>Alak:\u00a0<\/strong>Fel\u00e1ll\u00f3, kerekded vagy v\u00e1za alak\u00fa, d\u00fasan el\u00e1gaz\u00f3 \u00e1grendszer\u0171 cserje. V\u00e9gleges magass\u00e1ga \u00e9s sz\u00e9less\u00e9ge 2,5-4 m\u00e9ter lehet. Viszonylag lass\u00fa n\u00f6veked\u00e9s\u0171.<\/li>\n<li><strong>Vir\u00e1g:\u00a0<\/strong>F\u0151k\u00e9nt a t\u00e9li id\u0151szakban, janu\u00e1r v\u00e9g\u00e9t\u0151l m\u00e1rcius elej\u00e9ig vir\u00e1gzik. Vir\u00e1gai rubinpiros sz\u00edn\u0171ek, hossz\u00fa, keskeny szirmokb\u00f3l \u00e1llnak, amelyek p\u00f3kra eml\u00e9keztetnek. Enyh\u00e9n illatosak. A fagyos napokon a szirmok feltekerednek, hogy v\u00e9dj\u00e9k magukat, majd enyh\u00e9bb id\u0151ben \u00fajra kiny\u00edlnak.<\/li>\n<li><strong>Lev\u00e9l:\u00a0<\/strong>Levelei kihajt\u00e1skor vil\u00e1gos-, majd k\u00f6z\u00e9pz\u00f6ldek. \u0150sszel \u00e9l\u00e9nk s\u00e1rg\u00e1ra \u00e9s narancss\u00e1rg\u00e1ra sz\u00ednez\u0151dnek, ami a t\u00e9li vir\u00e1gz\u00e1ssal egy\u00fctt k\u00fcl\u00f6nleges l\u00e1tv\u00e1nyt ny\u00fajt. Lombhullat\u00f3 n\u00f6v\u00e9ny.<\/li>\n<li><strong>Teny\u00e9szhely:\u00a0<\/strong>Napos, f\u00e9l\u00e1rny\u00e9kos helyre \u00fcltess\u00fck.<\/li>\n<li><b><span class=\"citation-15\">Talaj:<\/span><\/b><span class=\"citation-15 citation-end-15\">\u00a0A laza szerkezet\u0171, j\u00f3 v\u00edz\u00e1tereszt\u0151 k\u00e9pess\u00e9g\u0171, t\u00e1panyagban gazdag, savany\u00fa talaj ide\u00e1lis a sz\u00e1m\u00e1ra.<\/span>\u00a0<span class=\"citation-14 citation-end-14\">Fontos, hogy m\u00e9sztartalm\u00fa talajba ne \u00fcltess\u00fck, mivel meszes talajon rosszul fejl\u0151dik.<\/span><\/li>\n<li><b><span class=\"citation-13\">V\u00edzig\u00e9ny:<\/span><\/b><span class=\"citation-13 citation-end-13\">\u00a0K\u00f6zepes v\u00edzig\u00e9ny\u0171 n\u00f6v\u00e9ny.<\/span>\u00a0<span class=\"citation-12 citation-end-12\">A rendszeres \u00f6nt\u00f6z\u00e9st megh\u00e1l\u00e1lja, k\u00fcl\u00f6n\u00f6sen a fiatal n\u00f6v\u00e9nyek eset\u00e9ben \u00e9s sz\u00e1raz nyarakon.<\/span><\/li>\n<li><b>Metsz\u00e9s:<\/b>\u00a0<span class=\"citation-11 citation-end-11\">Rosszul viseli a metsz\u00e9st, ez\u00e9rt csak ritk\u00e1n, a vir\u00e1gz\u00e1s ut\u00e1n k\u00f6zvetlen\u00fcl \u00e9rdemes alak\u00edt\u00f3 metsz\u00e9st v\u00e9gezni rajta.<\/span>\u00a0A s\u00e9r\u00fclt vagy elhalt \u00e1gakat el lehet t\u00e1vol\u00edtani.<\/li>\n<li><strong>Felhaszn\u00e1l\u00e1sa:\u00a0<\/strong>J\u00f3l alkalmazhat\u00f3 szoliter n\u00f6v\u00e9nyk\u00e9nt, de cserjecsoportokba is \u00fcltethet\u0151.Teljesen t\u00e9l\u00e1ll\u00f3, de a fiatal n\u00f6v\u00e9nyeket v\u00e9deni kell a k\u00e9s\u0151 tavaszi fagyokt\u00f3l. Kiv\u00e1l\u00f3 v\u00e1laszt\u00e1s a t\u00e9li kert izgalmass\u00e1 t\u00e9tel\u00e9hez, mivel kev\u00e9s m\u00e1s n\u00f6v\u00e9ny vir\u00e1gzik ebben az id\u0151szakban.<\/li>\n<\/ul>\n<\/div>\n<div id=\"cgkit-tab-additional_information\" class=\"woocommerce-Tabs-panel commercekit-Tabs-panel--additional_information panel entry-content\">\n<p><strong>\u27a1\ufe0f Kapcsolat:<\/strong><\/p>\n<ul>\n<li><strong>Weboldal: <\/strong><a href=\"https:\/\/tajkertesz.com\"><strong>tajkertesz.com<\/strong><\/a><\/li>\n<li><strong>Facebook: <\/strong><a href=\"https:\/\/www.facebook.com\/tajkertesz\/\"><strong>facebook.com\/tajkertesz<\/strong><\/a><\/li>\n<li><strong>Telefonsz\u00e1m, e-mail: +36\/20-319-3770 <\/strong><a href=\"mailto:info@tajkertesz.hu\"><strong>info@tajkertesz.hu<\/strong><\/a><\/li>\n<\/ul>\n<p><strong>\ud83d\ude9a Sz\u00e1ll\u00edt\u00e1si inform\u00e1ci\u00f3k<\/strong><\/p>\n<p><strong>A megrendelt term\u00e9kek kisz\u00e1ll\u00edt\u00e1sa az al\u00e1bbi felt\u00e9telek mellett t\u00f6rt\u00e9nik:<\/strong><\/p>\n<p><strong>\ud83d\udce6 Fut\u00e1rszolg\u00e1latos sz\u00e1ll\u00edt\u00e1s<\/strong><\/p>\n<ul>\n<li><strong>Maxim\u00e1lis m\u00e9ret: 200 cm (hossz\u00fas\u00e1g)<\/strong><\/li>\n<li><strong>Maxim\u00e1lis s\u00faly: 40 kg<\/strong><\/li>\n<li><strong>Az enn\u00e9l kisebb \u00e9s k\u00f6nnyebb csomagokat fut\u00e1rszolg\u00e1lattal k\u00e9zbes\u00edtj\u00fck a lehet<\/strong><strong>\u0151<\/strong><strong> legbiztons\u00e1gosabb csomagol\u00e1sban.<\/strong><\/li>\n<\/ul>\n<p><strong>\ud83d\udefb Szem\u00e9lyes \u00e1tv\u00e9tel<\/strong><\/p>\n<ul>\n<li><strong>1173 Budapest, Bakancsos utca 7. sz\u00e1m alatt nyitvatart\u00e1si id<\/strong><strong>\u0151<\/strong><strong>ben szem\u00e9lyesen \u00e1tvehet<\/strong><strong>\u0151<\/strong><strong> kert\u00e9szeti \u00e1rud\u00e1nkban.<\/strong><\/li>\n<li><strong>K\u00f6lts\u00e9ghat\u00e9kony megold\u00e1s nagyobb, t\u00f6r\u00e9kenyebb vagy t\u00falm\u00e9retes n\u00f6v\u00e9nyek eset\u00e9n.<\/strong><\/li>\n<\/ul>\n<p><strong>\ud83d\udcde Nagy m\u00e9ret<\/strong><strong>\u0171<\/strong><strong> vagy s\u00faly\u00fa n\u00f6v\u00e9nyek\/term\u00e9kek eset\u00e9n<\/strong><\/p>\n<p><strong>Ha a term\u00e9k:<\/strong><\/p>\n<ul>\n<li><strong>meghaladja a 200 cm hossz\u00fas\u00e1got vagy<\/strong><\/li>\n<li><strong>meghaladja a 40 kg s\u00falyt,<\/strong><\/li>\n<\/ul>\n<p><strong>akkor szem\u00e9lyes \u00e1tv\u00e9tellel vagy egyedi, el<\/strong><strong>\u0151<\/strong><strong>re egyeztetett sz\u00e1ll\u00edt\u00e1si felt\u00e9telek mellett t\u00f6rt\u00e9nik.<br \/>\nK\u00e9rj\u00fck, ilyen esetben rendel\u00e9s el<\/strong><strong>\u0151<\/strong><strong>tt vegye fel vel\u00fcnk a kapcsolatot, hogy a lehet<\/strong><strong>\u0151<\/strong><strong> legmegfelel<\/strong><strong>\u0151<\/strong><strong>bb sz\u00e1ll\u00edt\u00e1si megold\u00e1st k\u00edn\u00e1lhassuk.<\/strong><\/p>\n<p>&nbsp;<\/p>\n<\/div>","protected":false},"excerpt":{"rendered":"<p>A Hamamelis x intermedia &#8216;Ruby Glow&#8217; (piros vir\u00e1g\u00fa var\u00e1zsmogyor\u00f3) egy k\u00fcl\u00f6nleges, 3-4 m\u00e9ter magasra n\u00f6v\u0151, t\u00e9l v\u00e9g\u00e9n (janu\u00e1r-m\u00e1rcius) ny\u00edl\u00f3, illatos, v\u00f6r\u00f6sesbarna vir\u00e1g\u00fa lombhullat\u00f3 d\u00edszcserje. \u0150sszel narancss\u00e1rg\u00e1ra\/v\u00f6r\u00f6sre sz\u00ednez\u0151d\u0151 lombj\u00e1val \u00e9s s\u0171r\u0171, kiterjedt \u00e1grendszer\u00e9vel leny\u0171g\u00f6z\u0151 szoliter n\u00f6v\u00e9ny.<\/p>\n<p><strong>K\u00e9szlet\u00fcnk napi szinten v\u00e1ltozik, \u00edgy a webshopban szerepl<\/strong><strong>\u0151<\/strong><strong> term\u00e9kek el\u00e9rhet<\/strong><strong>\u0151<\/strong><strong>s\u00e9ge nem garant\u00e1lt.<br \/>\n\ud83d\udcde A megrendel\u00e9s el<\/strong><strong>\u0151<\/strong><strong>tt k\u00e9rj\u00fck, \u00e9rdekl<\/strong><strong>\u0151<\/strong><strong>dj\u00f6n szem\u00e9lyesen, telefonon vagy e-mailben!<\/strong><\/p>\n<p><strong>\ud83d\udd14 Fontos: A n\u00f6v\u00e9nyeket minden esetben igyeksz\u00fcnk gondosan, egyes\u00e9vel csomagolni, azonban a sz\u00e1ll\u00edt\u00e1s sor\u00e1n kisebb eszt\u00e9tikai s\u00e9r\u00fcl\u00e9sek el<\/strong><strong>\u0151<\/strong><strong>fordulhatnak (pl. lev\u00e9lhull\u00e1s). Ez nem min<\/strong><strong>\u0151<\/strong><strong>s\u00fcl hib\u00e1s teljes\u00edt\u00e9snek.<\/strong><\/p>\n<p><strong>\ud83d\udcf7 Fontos tudni a k\u00e9pekr<\/strong><strong>\u0151<\/strong><strong>l<\/strong><\/p>\n<p><strong>A webshopban szerepl<\/strong><strong>\u0151<\/strong><strong> k\u00e9pek illusztr\u00e1ci\u00f3k, a n\u00f6v\u00e9nyek term\u00e9szet\u00fckn\u00e9l fogva egyediek, \u00edgy m\u00e9retben, alakban \u00e9s sz\u00ednben minim\u00e1lis elt\u00e9r\u00e9sek el<\/strong><strong>\u0151<\/strong><strong>fordulhatnak a k\u00e9pen l\u00e1that\u00f3 \u00e9s a val\u00f3s p\u00e9ld\u00e1nyok k\u00f6z\u00f6tt.<\/strong><\/p>\n<p><strong>\ud83e\uddfe \u00c1rak \u00e9s el\u00e1ll\u00e1si jog<\/strong><\/p>\n<ul>\n<li><strong>Az \u00e1rak egy darab\u00a0n\u00f6v\u00e9nyre vonatkoznak.<\/strong><\/li>\n<li><strong>\u00c9l<\/strong><strong>\u0151<\/strong><strong> n\u00f6v\u00e9nyek rendel\u00e9se eset\u00e9n a 14 napos el\u00e1ll\u00e1s joga nem \u00e9rv\u00e9nyes\u00edthet<\/strong><strong>\u0151<\/strong><strong>, mivel azok romland\u00f3, biol\u00f3giailag \u00e9l<\/strong><strong>\u0151<\/strong><strong> term\u00e9keknek min<\/strong><strong>\u0151<\/strong><strong>s\u00fclnek.<br \/>\n\ud83d\udd12 (17\/1999. (II. 5.) Korm. rendelet 5. \u00a7 c) pontja alapj\u00e1n)<\/strong><\/li>\n<\/ul>\n<p><strong>\ud83d\udce6 K\u00e9zbes\u00edt\u00e9s ut\u00e1ni teend<\/strong><strong>\u0151<\/strong><strong>k<\/strong><\/p>\n<p><strong>A k\u00e9zbes\u00edt\u00e9st k\u00f6vet<\/strong><strong>\u0151<\/strong><strong>en a csomagot azonnal bontsuk ki, \u00e9s a n\u00f6v\u00e9nyt helyezz\u00fck el megfelel<\/strong><strong>\u0151<\/strong><strong> k\u00f6rnyezetben.<br \/>\nFontos: ha a n\u00f6v\u00e9ny nem r\u00e9szes\u00fcl megfelel<\/strong><strong>\u0151<\/strong><strong> gondoz\u00e1sban \u00e9s ennek k\u00f6vetkezt\u00e9ben k\u00e1rosodik vagy elpusztul, felel<\/strong><strong>\u0151<\/strong><strong>ss\u00e9get nem tudunk v\u00e1llalni.<\/strong><\/p>\n<p>&nbsp;<\/p>","protected":false},"featured_media":26084,"template":"","meta":{"_et_pb_use_builder":"","_et_pb_old_content":"","_et_gb_content_width":""},"product_brand":[],"product_cat":[27],"product_tag":[73,7910,228],"class_list":{"0":"post-26083","1":"product","2":"type-product","3":"status-publish","4":"has-post-thumbnail","6":"product_cat-cserjek","7":"product_tag-cserje","8":"product_tag-hamamelis","9":"product_tag-varazsmogyoro","11":"first","12":"instock","13":"shipping-taxable","14":"purchasable","15":"product-type-simple"},"yoast_head":"<!-- This site is optimized with the Yoast SEO plugin v27.6 - https:\/\/yoast.com\/product\/yoast-seo-wordpress\/ -->\n<title>Hamamelis intermedia Ruby Glow \/ Var\u00e1zsmogyor\u00f3 - T\u00e1jkert\u00e9sz<\/title>\n<meta name=\"description\" content=\"Hamamelis intermedia Ruby Glow \/ Var\u00e1zsmogyor\u00f3. T\u00e9l v\u00e9g\u00e9n (janu\u00e1r-m\u00e1rcius) ny\u00edl\u00f3, illatos, v\u00f6r\u00f6sesbarna vir\u00e1g\u00fa lombhullat\u00f3 d\u00edszcserje.\" \/>\n<meta name=\"robots\" content=\"index, follow, max-snippet:-1, max-image-preview:large, max-video-preview:-1\" \/>\n<link rel=\"canonical\" href=\"https:\/\/tajkertesz.com\/en_US\/product\/hamamelis-intermedia-ruby-glow-varazsmogyoro\/\" \/>\n<meta property=\"og:locale\" content=\"en_US\" \/>\n<meta property=\"og:type\" content=\"article\" \/>\n<meta property=\"og:title\" content=\"Hamamelis intermedia Ruby Glow \/ Var\u00e1zsmogyor\u00f3 - T\u00e1jkert\u00e9sz\" \/>\n<meta property=\"og:description\" content=\"Hamamelis intermedia Ruby Glow \/ Var\u00e1zsmogyor\u00f3. T\u00e9l v\u00e9g\u00e9n (janu\u00e1r-m\u00e1rcius) ny\u00edl\u00f3, illatos, v\u00f6r\u00f6sesbarna vir\u00e1g\u00fa lombhullat\u00f3 d\u00edszcserje.\" \/>\n<meta property=\"og:url\" content=\"https:\/\/tajkertesz.com\/en_US\/product\/hamamelis-intermedia-ruby-glow-varazsmogyoro\/\" \/>\n<meta property=\"og:site_name\" content=\"T\u00e1jkert\u00e9sz\" \/>\n<meta property=\"article:publisher\" content=\"https:\/\/www.facebook.com\/Tajkertesz\/\" \/>\n<meta property=\"article:modified_time\" content=\"2026-02-06T11:27:23+00:00\" \/>\n<meta property=\"og:image\" content=\"https:\/\/tajkertesz.com\/wp-content\/uploads\/2026\/02\/626099737_1334868145322923_2958767544020052127_n-1.jpg\" \/>\n\t<meta property=\"og:image:width\" content=\"1153\" \/>\n\t<meta property=\"og:image:height\" content=\"2048\" \/>\n\t<meta property=\"og:image:type\" content=\"image\/jpeg\" \/>\n<meta name=\"twitter:card\" content=\"summary_large_image\" \/>\n<meta name=\"twitter:label1\" content=\"Est. reading time\" \/>\n\t<meta name=\"twitter:data1\" content=\"2 minutes\" \/>\n<script type=\"application\/ld+json\" class=\"yoast-schema-graph\">{\"@context\":\"https:\\\/\\\/schema.org\",\"@graph\":[{\"@type\":\"WebPage\",\"@id\":\"https:\\\/\\\/tajkertesz.com\\\/termek\\\/hamamelis-intermedia-ruby-glow-varazsmogyoro\\\/\",\"url\":\"https:\\\/\\\/tajkertesz.com\\\/termek\\\/hamamelis-intermedia-ruby-glow-varazsmogyoro\\\/\",\"name\":\"Hamamelis intermedia Ruby Glow \\\/ Var\u00e1zsmogyor\u00f3 - T\u00e1jkert\u00e9sz\",\"isPartOf\":{\"@id\":\"https:\\\/\\\/tajkertesz.com\\\/#website\"},\"primaryImageOfPage\":{\"@id\":\"https:\\\/\\\/tajkertesz.com\\\/termek\\\/hamamelis-intermedia-ruby-glow-varazsmogyoro\\\/#primaryimage\"},\"image\":{\"@id\":\"https:\\\/\\\/tajkertesz.com\\\/termek\\\/hamamelis-intermedia-ruby-glow-varazsmogyoro\\\/#primaryimage\"},\"thumbnailUrl\":\"https:\\\/\\\/tajkertesz.com\\\/wp-content\\\/uploads\\\/2026\\\/02\\\/626099737_1334868145322923_2958767544020052127_n-1.jpg\",\"datePublished\":\"2026-02-06T11:27:22+00:00\",\"dateModified\":\"2026-02-06T11:27:23+00:00\",\"description\":\"Hamamelis intermedia Ruby Glow \\\/ Var\u00e1zsmogyor\u00f3. T\u00e9l v\u00e9g\u00e9n (janu\u00e1r-m\u00e1rcius) ny\u00edl\u00f3, illatos, v\u00f6r\u00f6sesbarna vir\u00e1g\u00fa lombhullat\u00f3 d\u00edszcserje.\",\"breadcrumb\":{\"@id\":\"https:\\\/\\\/tajkertesz.com\\\/termek\\\/hamamelis-intermedia-ruby-glow-varazsmogyoro\\\/#breadcrumb\"},\"inLanguage\":\"en-US\",\"potentialAction\":[{\"@type\":\"ReadAction\",\"target\":[\"https:\\\/\\\/tajkertesz.com\\\/termek\\\/hamamelis-intermedia-ruby-glow-varazsmogyoro\\\/\"]}]},{\"@type\":\"ImageObject\",\"inLanguage\":\"en-US\",\"@id\":\"https:\\\/\\\/tajkertesz.com\\\/termek\\\/hamamelis-intermedia-ruby-glow-varazsmogyoro\\\/#primaryimage\",\"url\":\"https:\\\/\\\/tajkertesz.com\\\/wp-content\\\/uploads\\\/2026\\\/02\\\/626099737_1334868145322923_2958767544020052127_n-1.jpg\",\"contentUrl\":\"https:\\\/\\\/tajkertesz.com\\\/wp-content\\\/uploads\\\/2026\\\/02\\\/626099737_1334868145322923_2958767544020052127_n-1.jpg\",\"width\":1153,\"height\":2048,\"caption\":\"Hamamelis intermedia Ruby Glow \\\/ Var\u00e1zsmogyor\u00f3\"},{\"@type\":\"BreadcrumbList\",\"@id\":\"https:\\\/\\\/tajkertesz.com\\\/termek\\\/hamamelis-intermedia-ruby-glow-varazsmogyoro\\\/#breadcrumb\",\"itemListElement\":[{\"@type\":\"ListItem\",\"position\":1,\"name\":\"Home\",\"item\":\"https:\\\/\\\/tajkertesz.com\\\/\"},{\"@type\":\"ListItem\",\"position\":2,\"name\":\"Kezd\u0151lap\",\"item\":\"https:\\\/\\\/tajkertesz.com\\\/\"},{\"@type\":\"ListItem\",\"position\":3,\"name\":\"Hamamelis intermedia Ruby Glow \\\/ Var\u00e1zsmogyor\u00f3\"}]},{\"@type\":\"WebSite\",\"@id\":\"https:\\\/\\\/tajkertesz.com\\\/#website\",\"url\":\"https:\\\/\\\/tajkertesz.com\\\/\",\"name\":\"T\u00e1j-Kert\u00e9sz 84 Kft.\",\"description\":\"Kert\u00e9szeti kis- \u00e9s nagykeresked\u00e9s, D\u00edszn\u00f6v\u00e9ny web\u00e1ruh\u00e1z orsz\u00e1gos h\u00e1zhozsz\u00e1ll\u00edt\u00e1ssal!\",\"publisher\":{\"@id\":\"https:\\\/\\\/tajkertesz.com\\\/#organization\"},\"potentialAction\":[{\"@type\":\"SearchAction\",\"target\":{\"@type\":\"EntryPoint\",\"urlTemplate\":\"https:\\\/\\\/tajkertesz.com\\\/?s={search_term_string}\"},\"query-input\":{\"@type\":\"PropertyValueSpecification\",\"valueRequired\":true,\"valueName\":\"search_term_string\"}}],\"inLanguage\":\"en-US\"},{\"@type\":\"Organization\",\"@id\":\"https:\\\/\\\/tajkertesz.com\\\/#organization\",\"name\":\"T\u00e1j-Kert\u00e9sz 84 Kft.\",\"url\":\"https:\\\/\\\/tajkertesz.com\\\/\",\"logo\":{\"@type\":\"ImageObject\",\"inLanguage\":\"en-US\",\"@id\":\"https:\\\/\\\/tajkertesz.com\\\/#\\\/schema\\\/logo\\\/image\\\/\",\"url\":\"https:\\\/\\\/tajkertesz.com\\\/wp-content\\\/uploads\\\/2018\\\/02\\\/logo-2-e1518678052539.png\",\"contentUrl\":\"https:\\\/\\\/tajkertesz.com\\\/wp-content\\\/uploads\\\/2018\\\/02\\\/logo-2-e1518678052539.png\",\"width\":81,\"height\":140,\"caption\":\"T\u00e1j-Kert\u00e9sz 84 Kft.\"},\"image\":{\"@id\":\"https:\\\/\\\/tajkertesz.com\\\/#\\\/schema\\\/logo\\\/image\\\/\"},\"sameAs\":[\"https:\\\/\\\/www.facebook.com\\\/Tajkertesz\\\/\"]}]}<\/script>\n<!-- \/ Yoast SEO plugin. -->","yoast_head_json":{"title":"Hamamelis intermedia Ruby Glow \/ Var\u00e1zsmogyor\u00f3 - T\u00e1jkert\u00e9sz","description":"Hamamelis intermedia Ruby Glow \/ Var\u00e1zsmogyor\u00f3. T\u00e9l v\u00e9g\u00e9n (janu\u00e1r-m\u00e1rcius) ny\u00edl\u00f3, illatos, v\u00f6r\u00f6sesbarna vir\u00e1g\u00fa lombhullat\u00f3 d\u00edszcserje.","robots":{"index":"index","follow":"follow","max-snippet":"max-snippet:-1","max-image-preview":"max-image-preview:large","max-video-preview":"max-video-preview:-1"},"canonical":"https:\/\/tajkertesz.com\/en_US\/product\/hamamelis-intermedia-ruby-glow-varazsmogyoro\/","og_locale":"en_US","og_type":"article","og_title":"Hamamelis intermedia Ruby Glow \/ Var\u00e1zsmogyor\u00f3 - T\u00e1jkert\u00e9sz","og_description":"Hamamelis intermedia Ruby Glow \/ Var\u00e1zsmogyor\u00f3. T\u00e9l v\u00e9g\u00e9n (janu\u00e1r-m\u00e1rcius) ny\u00edl\u00f3, illatos, v\u00f6r\u00f6sesbarna vir\u00e1g\u00fa lombhullat\u00f3 d\u00edszcserje.","og_url":"https:\/\/tajkertesz.com\/en_US\/product\/hamamelis-intermedia-ruby-glow-varazsmogyoro\/","og_site_name":"T\u00e1jkert\u00e9sz","article_publisher":"https:\/\/www.facebook.com\/Tajkertesz\/","article_modified_time":"2026-02-06T11:27:23+00:00","og_image":[{"width":1153,"height":2048,"url":"https:\/\/tajkertesz.com\/wp-content\/uploads\/2026\/02\/626099737_1334868145322923_2958767544020052127_n-1.jpg","type":"image\/jpeg"}],"twitter_card":"summary_large_image","twitter_misc":{"Est. reading time":"2 minutes"},"schema":{"@context":"https:\/\/schema.org","@graph":[{"@type":"WebPage","@id":"https:\/\/tajkertesz.com\/termek\/hamamelis-intermedia-ruby-glow-varazsmogyoro\/","url":"https:\/\/tajkertesz.com\/termek\/hamamelis-intermedia-ruby-glow-varazsmogyoro\/","name":"Hamamelis intermedia Ruby Glow \/ Var\u00e1zsmogyor\u00f3 - T\u00e1jkert\u00e9sz","isPartOf":{"@id":"https:\/\/tajkertesz.com\/#website"},"primaryImageOfPage":{"@id":"https:\/\/tajkertesz.com\/termek\/hamamelis-intermedia-ruby-glow-varazsmogyoro\/#primaryimage"},"image":{"@id":"https:\/\/tajkertesz.com\/termek\/hamamelis-intermedia-ruby-glow-varazsmogyoro\/#primaryimage"},"thumbnailUrl":"https:\/\/tajkertesz.com\/wp-content\/uploads\/2026\/02\/626099737_1334868145322923_2958767544020052127_n-1.jpg","datePublished":"2026-02-06T11:27:22+00:00","dateModified":"2026-02-06T11:27:23+00:00","description":"Hamamelis intermedia Ruby Glow \/ Var\u00e1zsmogyor\u00f3. T\u00e9l v\u00e9g\u00e9n (janu\u00e1r-m\u00e1rcius) ny\u00edl\u00f3, illatos, v\u00f6r\u00f6sesbarna vir\u00e1g\u00fa lombhullat\u00f3 d\u00edszcserje.","breadcrumb":{"@id":"https:\/\/tajkertesz.com\/termek\/hamamelis-intermedia-ruby-glow-varazsmogyoro\/#breadcrumb"},"inLanguage":"en-US","potentialAction":[{"@type":"ReadAction","target":["https:\/\/tajkertesz.com\/termek\/hamamelis-intermedia-ruby-glow-varazsmogyoro\/"]}]},{"@type":"ImageObject","inLanguage":"en-US","@id":"https:\/\/tajkertesz.com\/termek\/hamamelis-intermedia-ruby-glow-varazsmogyoro\/#primaryimage","url":"https:\/\/tajkertesz.com\/wp-content\/uploads\/2026\/02\/626099737_1334868145322923_2958767544020052127_n-1.jpg","contentUrl":"https:\/\/tajkertesz.com\/wp-content\/uploads\/2026\/02\/626099737_1334868145322923_2958767544020052127_n-1.jpg","width":1153,"height":2048,"caption":"Hamamelis intermedia Ruby Glow \/ Var\u00e1zsmogyor\u00f3"},{"@type":"BreadcrumbList","@id":"https:\/\/tajkertesz.com\/termek\/hamamelis-intermedia-ruby-glow-varazsmogyoro\/#breadcrumb","itemListElement":[{"@type":"ListItem","position":1,"name":"Home","item":"https:\/\/tajkertesz.com\/"},{"@type":"ListItem","position":2,"name":"Kezd\u0151lap","item":"https:\/\/tajkertesz.com\/"},{"@type":"ListItem","position":3,"name":"Hamamelis intermedia Ruby Glow \/ Var\u00e1zsmogyor\u00f3"}]},{"@type":"WebSite","@id":"https:\/\/tajkertesz.com\/#website","url":"https:\/\/tajkertesz.com\/","name":"T\u00e1j-Kert\u00e9sz 84 Kft.","description":"Kert\u00e9szeti kis- \u00e9s nagykeresked\u00e9s, D\u00edszn\u00f6v\u00e9ny web\u00e1ruh\u00e1z orsz\u00e1gos h\u00e1zhozsz\u00e1ll\u00edt\u00e1ssal!","publisher":{"@id":"https:\/\/tajkertesz.com\/#organization"},"potentialAction":[{"@type":"SearchAction","target":{"@type":"EntryPoint","urlTemplate":"https:\/\/tajkertesz.com\/?s={search_term_string}"},"query-input":{"@type":"PropertyValueSpecification","valueRequired":true,"valueName":"search_term_string"}}],"inLanguage":"en-US"},{"@type":"Organization","@id":"https:\/\/tajkertesz.com\/#organization","name":"T\u00e1j-Kert\u00e9sz 84 Kft.","url":"https:\/\/tajkertesz.com\/","logo":{"@type":"ImageObject","inLanguage":"en-US","@id":"https:\/\/tajkertesz.com\/#\/schema\/logo\/image\/","url":"https:\/\/tajkertesz.com\/wp-content\/uploads\/2018\/02\/logo-2-e1518678052539.png","contentUrl":"https:\/\/tajkertesz.com\/wp-content\/uploads\/2018\/02\/logo-2-e1518678052539.png","width":81,"height":140,"caption":"T\u00e1j-Kert\u00e9sz 84 Kft."},"image":{"@id":"https:\/\/tajkertesz.com\/#\/schema\/logo\/image\/"},"sameAs":["https:\/\/www.facebook.com\/Tajkertesz\/"]}]}},"_links":{"self":[{"href":"https:\/\/tajkertesz.com\/en_US\/wp-json\/wp\/v2\/product\/26083","targetHints":{"allow":["GET"]}}],"collection":[{"href":"https:\/\/tajkertesz.com\/en_US\/wp-json\/wp\/v2\/product"}],"about":[{"href":"https:\/\/tajkertesz.com\/en_US\/wp-json\/wp\/v2\/types\/product"}],"wp:featuredmedia":[{"embeddable":true,"href":"https:\/\/tajkertesz.com\/en_US\/wp-json\/wp\/v2\/media\/26084"}],"wp:attachment":[{"href":"https:\/\/tajkertesz.com\/en_US\/wp-json\/wp\/v2\/media?parent=26083"}],"wp:term":[{"taxonomy":"product_brand","embeddable":true,"href":"https:\/\/tajkertesz.com\/en_US\/wp-json\/wp\/v2\/product_brand?post=26083"},{"taxonomy":"product_cat","embeddable":true,"href":"https:\/\/tajkertesz.com\/en_US\/wp-json\/wp\/v2\/product_cat?post=26083"},{"taxonomy":"product_tag","embeddable":true,"href":"https:\/\/tajkertesz.com\/en_US\/wp-json\/wp\/v2\/product_tag?post=26083"}],"curies":[{"name":"wp","href":"https:\/\/api.w.org\/{rel}","templated":true}]}}