{"id":26095,"date":"2026-02-06T12:51:19","date_gmt":"2026-02-06T12:51:19","guid":{"rendered":"https:\/\/tajkertesz.com\/?post_type=product&#038;p=26095"},"modified":"2026-02-06T12:51:20","modified_gmt":"2026-02-06T12:51:20","slug":"cupromax-damisol-felszivodo-rez-02l","status":"publish","type":"product","link":"https:\/\/tajkertesz.com\/en_US\/product\/cupromax-damisol-felszivodo-rez-02l\/","title":{"rendered":"Cupromax Damisol felsz\u00edv\u00f3d\u00f3 r\u00e9z 0,2L"},"content":{"rendered":"<h1>Cupromax Damisol felsz\u00edv\u00f3d\u00f3 r\u00e9z 0,2L<\/h1>\n<p>Cupromax Damisol felsz\u00edv\u00f3d\u00f3 r\u00e9z 0,2L<\/p>\n<p><strong><em>\u00d6sszet\u00e9tel:<\/em><\/strong><br \/>\n<em class=\"paremeter_text\">70 g\/l r\u00e9z szerves k\u00f6t\u00e9sben\u00a0\u00a0 EK m\u0171tr\u00e1gya<\/em><\/p>\n<p><em><strong>Felhaszn\u00e1l\u00e1s:<\/strong><\/em><br \/>\n<em class=\"paremeter_text\">&#8211; z\u00f6lds\u00e9gf\u00e9l\u00e9k, sz\u0151l\u0151, gy\u00fcm\u00f6lcs valamint sz\u00e1nt\u00f3f\u00f6ldi;<br \/>\n&#8211; n\u00f6v\u00e9nyek r\u00e9zhi\u00e1ny\u00e1nak megel\u0151z\u00e9s\u00e9re ill. megsz\u00fcntet\u00e9s\u00e9re;<br \/>\n&#8211; \u00e9vente 2-4 alkalommal, ill. sz\u00fcks\u00e9g szerint 2-4;<br \/>\n&#8211; l\/ ha ill. 200-400 ml\/ 100l v\u00edz;<br \/>\n&#8211; t\u00e1poldatos termeszt\u00e9sben: 0,01-0,02 %-os oldatban;<br \/>\n&#8211; az \u00f6kol\u00f3giai gazd\u00e1lkod\u00e1sban a Biokontrol Hung\u00e1ria Nonprofit Kft. meg\u00e1llap\u00edt\u00e1sa szerint megfelel\u0151, elj\u00e1r\u00e1s, hat\u00f3anyag, k\u00e9sz\u00edtm\u00e9ny<\/em><\/p>\n<p><strong>\u27a1\ufe0f Kapcsolat:<\/strong><\/p>\n<ul>\n<li><strong>Weboldal: <\/strong><a href=\"https:\/\/tajkertesz.com\"><strong>tajkertesz.com<\/strong><\/a><\/li>\n<li><strong>Facebook: <\/strong><a href=\"https:\/\/www.facebook.com\/tajkertesz\/\"><strong>facebook.com\/tajkertesz<\/strong><\/a><\/li>\n<li><strong>Telefonsz\u00e1m, e-mail: +36\/20-319-3770 <\/strong><a href=\"mailto:info@tajkertesz.hu\"><strong>info@tajkertesz.hu<\/strong><\/a><\/li>\n<\/ul>\n<p><strong>\ud83d\ude9a Sz\u00e1ll\u00edt\u00e1si inform\u00e1ci\u00f3k<\/strong><\/p>\n<p><strong>A megrendelt term\u00e9kek kisz\u00e1ll\u00edt\u00e1sa az al\u00e1bbi felt\u00e9telek mellett t\u00f6rt\u00e9nik:<\/strong><\/p>\n<p><strong>\ud83d\udce6 Fut\u00e1rszolg\u00e1latos sz\u00e1ll\u00edt\u00e1s<\/strong><\/p>\n<ul>\n<li><strong>Maxim\u00e1lis m\u00e9ret: 200 cm (hossz\u00fas\u00e1g)<\/strong><\/li>\n<li><strong>Maxim\u00e1lis s\u00faly: 40 kg<\/strong><\/li>\n<li><strong>Az enn\u00e9l kisebb \u00e9s k\u00f6nnyebb csomagokat fut\u00e1rszolg\u00e1lattal k\u00e9zbes\u00edtj\u00fck a lehet<\/strong><strong>\u0151<\/strong><strong> legbiztons\u00e1gosabb csomagol\u00e1sban.<\/strong><\/li>\n<\/ul>\n<p><strong>\ud83d\udefb Szem\u00e9lyes \u00e1tv\u00e9tel<\/strong><\/p>\n<ul>\n<li><strong>1173 Budapest, Bakancsos utca 7. sz\u00e1m alatt nyitvatart\u00e1si id<\/strong><strong>\u0151<\/strong><strong>ben szem\u00e9lyesen \u00e1tvehet<\/strong><strong>\u0151<\/strong><strong> kert\u00e9szeti \u00e1rud\u00e1nkban.<\/strong><\/li>\n<li><strong>K\u00f6lts\u00e9ghat\u00e9kony megold\u00e1s nagyobb, t\u00f6r\u00e9kenyebb vagy t\u00falm\u00e9retes n\u00f6v\u00e9nyek eset\u00e9n.<\/strong><\/li>\n<\/ul>\n<p><strong>\ud83d\udcde Nagy m\u00e9ret<\/strong><strong>\u0171<\/strong><strong> vagy s\u00faly\u00fa n\u00f6v\u00e9nyek\/term\u00e9kek eset\u00e9n<\/strong><\/p>\n<p><strong>Ha a term\u00e9k:<\/strong><\/p>\n<ul>\n<li><strong>meghaladja a 200 cm hossz\u00fas\u00e1got vagy<\/strong><\/li>\n<li><strong>meghaladja a 40 kg s\u00falyt,<\/strong><\/li>\n<\/ul>\n<p><strong>akkor szem\u00e9lyes \u00e1tv\u00e9tellel vagy egyedi, el<\/strong><strong>\u0151<\/strong><strong>re egyeztetett sz\u00e1ll\u00edt\u00e1si felt\u00e9telek mellett t\u00f6rt\u00e9nik.<br \/>\nK\u00e9rj\u00fck, ilyen esetben rendel\u00e9s el<\/strong><strong>\u0151<\/strong><strong>tt vegye fel vel\u00fcnk a kapcsolatot, hogy a lehet<\/strong><strong>\u0151<\/strong><strong> legmegfelel<\/strong><strong>\u0151<\/strong><strong>bb sz\u00e1ll\u00edt\u00e1si megold\u00e1st k\u00edn\u00e1lhassuk.<\/strong><\/p>\n<p><strong>\ud83d\udd14 Fontos: A n\u00f6v\u00e9nyeket minden esetben igyeksz\u00fcnk gondosan, egyes\u00e9vel csomagolni, azonban a sz\u00e1ll\u00edt\u00e1s sor\u00e1n kisebb eszt\u00e9tikai s\u00e9r\u00fcl\u00e9sek el<\/strong><strong>\u0151<\/strong><strong>fordulhatnak (pl. lev\u00e9lhull\u00e1s). Ez nem min<\/strong><strong>\u0151<\/strong><strong>s\u00fcl hib\u00e1s teljes\u00edt\u00e9snek.<\/strong><\/p>\n<p>&nbsp;<\/p>\n<p>&nbsp;<\/p>","protected":false},"excerpt":{"rendered":"<p><strong><em>\u00d6sszet\u00e9tel:<\/em><\/strong><br \/>\n<em class=\"paremeter_text\">70 g\/l r\u00e9z szerves k\u00f6t\u00e9sben\u00a0\u00a0 EK m\u0171tr\u00e1gya<\/em><\/p>\n<p><em><strong>Felhaszn\u00e1l\u00e1s:<\/strong><\/em><br \/>\n<em class=\"paremeter_text\">&#8211; z\u00f6lds\u00e9gf\u00e9l\u00e9k, sz\u0151l\u0151, gy\u00fcm\u00f6lcs valamint sz\u00e1nt\u00f3f\u00f6ldi;<br \/>\n&#8211; n\u00f6v\u00e9nyek r\u00e9zhi\u00e1ny\u00e1nak megel\u0151z\u00e9s\u00e9re ill. megsz\u00fcntet\u00e9s\u00e9re;<br \/>\n&#8211; \u00e9vente 2-4 alkalommal, ill. sz\u00fcks\u00e9g szerint 2-4;<br \/>\n&#8211; l\/ ha ill. 200-400 ml\/ 100l v\u00edz;<br \/>\n&#8211; t\u00e1poldatos termeszt\u00e9sben: 0,01-0,02 %-os oldatban;<br \/>\n&#8211; az \u00f6kol\u00f3giai gazd\u00e1lkod\u00e1sban a Biokontrol Hung\u00e1ria Nonprofit Kft. meg\u00e1llap\u00edt\u00e1sa szerint megfelel\u0151, elj\u00e1r\u00e1s, hat\u00f3anyag, k\u00e9sz\u00edtm\u00e9ny<\/em><\/p>\n<p><strong>Cupromax szerves r\u00e9z k\u00e9sz\u00edtm\u00e9ny<\/strong><\/p>\n<p>A cupromax egy szerves k\u00f6t\u00e9s\u0171 r\u00e9z tartalm\u00fa k\u00e9sz\u00edtm\u00e9ny, amely optimaliz\u00e1lja a n\u00f6v\u00e9nyek t\u00e1panyagell\u00e1t\u00e1s\u00e1t.<\/p>\n<p>Felsz\u00edv\u00f3d\u00f3, szerves r\u00e9z k\u00e9sz\u00edtm\u00e9ny, amely a k\u00f6rnyezetet nem terheli, a talajban nem kummul\u00e1l\u00f3dik, a n\u00f6v\u00e9nyt nem m\u00e9rgezi.<\/p>\n<p>N\u00f6veli a n\u00f6v\u00e9ny ellen\u00e1ll\u00f3k\u00e9pess\u00e9g\u00e9t gomb\u00e1s, bakt\u00e9riumos, v\u00edrusos megbeteged\u00e9sek ellen. Biogazd\u00e1lkod\u00e1sban enged\u00e9lyezett.<\/p>\n<p>V\u00edzoldhat\u00f3 r\u00e9z, amely aminoetanol form\u00e1ban tal\u00e1lhat\u00f3 a permetszerben. Ebben a form\u00e1ban a n\u00f6v\u00e9ny akt\u00edv transzporttal fel tudja venni \u00e9s hasznos\u00edtani.<\/p>\n<p>A Cupromax n\u00f6veli a n\u00f6v\u00e9nyek ellen\u00e1ll\u00e1s\u00e1t (immunrendszer) a bakteri\u00e1lis, v\u00edrusos \u00e9s gombabetegs\u00e9gek terjed\u00e9se ellen.<\/p>\n<p>Bio gy\u00fcm\u00f6lcstermeszt\u00e9sben<strong>\u00a0lemos\u00f3 permetez\u00e9sben haszn\u00e1ljuk narancsolajos k\u00e9sz\u00edtm\u00e9nyekkel keverve<\/strong>. 50 ml-50 ml 10 liter v\u00edzbe, kiz\u00e1r\u00f3lag veget\u00e1ci\u00f3s \u00e1llapoton k\u00edv\u00fcli id\u0151szakban!<\/p>\n<p><strong>\ud83d\udd04 K\u00e9szletinform\u00e1ci\u00f3<\/strong><\/p>\n<p><strong>K\u00e9szlet\u00fcnk napi szinten v\u00e1ltozik, \u00edgy a webshopban szerepl<\/strong><strong>\u0151<\/strong><strong> term\u00e9kek el\u00e9rhet<\/strong><strong>\u0151<\/strong><strong>s\u00e9ge nem garant\u00e1lt.<br \/>\n\ud83d\udcde A megrendel\u00e9s el<\/strong><strong>\u0151<\/strong><strong>tt k\u00e9rj\u00fck, \u00e9rdekl<\/strong><strong>\u0151<\/strong><strong>dj\u00f6n szem\u00e9lyesen, telefonon vagy e-mailben!<\/strong><\/p>\n<p><strong>\ud83d\udcf7 Fontos tudni a k\u00e9pekr<\/strong><strong>\u0151<\/strong><strong>l<\/strong><\/p>\n<p><strong>A webshopban szerepl<\/strong><strong>\u0151<\/strong><strong> k\u00e9pek illusztr\u00e1ci\u00f3k, a n\u00f6v\u00e9nyek term\u00e9szet\u00fckn\u00e9l fogva egyediek, \u00edgy m\u00e9retben, alakban \u00e9s sz\u00ednben minim\u00e1lis elt\u00e9r\u00e9sek el<\/strong><strong>\u0151<\/strong><strong>fordulhatnak a k\u00e9pen l\u00e1that\u00f3 \u00e9s a val\u00f3s p\u00e9ld\u00e1nyok k\u00f6z\u00f6tt.<\/strong><\/p>\n<p><strong>\ud83e\uddfe \u00c1rak \u00e9s el\u00e1ll\u00e1si jog<\/strong><\/p>\n<ul>\n<li><strong>Az \u00e1rak egy darab\u00a0n\u00f6v\u00e9nyre vonatkoznak.<\/strong><\/li>\n<li><strong>\u00c9l<\/strong><strong>\u0151<\/strong><strong> n\u00f6v\u00e9nyek rendel\u00e9se eset\u00e9n a 14 napos el\u00e1ll\u00e1s joga nem \u00e9rv\u00e9nyes\u00edthet<\/strong><strong>\u0151<\/strong><strong>, mivel azok romland\u00f3, biol\u00f3giailag \u00e9l<\/strong><strong>\u0151<\/strong><strong> term\u00e9keknek min<\/strong><strong>\u0151<\/strong><strong>s\u00fclnek.<br \/>\n\ud83d\udd12 (17\/1999. (II. 5.) Korm. rendelet 5. \u00a7 c) pontja alapj\u00e1n)<\/strong><\/li>\n<\/ul>\n<p><strong>\ud83d\udce6 K\u00e9zbes\u00edt\u00e9s ut\u00e1ni teend<\/strong><strong>\u0151<\/strong><strong>k<\/strong><\/p>\n<p><strong>A k\u00e9zbes\u00edt\u00e9st k\u00f6vet<\/strong><strong>\u0151<\/strong><strong>en a csomagot azonnal bontsuk ki, \u00e9s a n\u00f6v\u00e9nyt helyezz\u00fck el megfelel<\/strong><strong>\u0151<\/strong><strong> k\u00f6rnyezetben.<br \/>\nFontos: ha a n\u00f6v\u00e9ny nem r\u00e9szes\u00fcl megfelel<\/strong><strong>\u0151<\/strong><strong> gondoz\u00e1sban \u00e9s ennek k\u00f6vetkezt\u00e9ben k\u00e1rosodik vagy elpusztul, felel<\/strong><strong>\u0151<\/strong><strong>ss\u00e9get nem tudunk v\u00e1llalni.<\/strong><\/p>","protected":false},"featured_media":26096,"template":"","meta":{"_et_pb_use_builder":"","_et_pb_old_content":"","_et_gb_content_width":""},"product_brand":[],"product_cat":[1845,3554],"product_tag":[7915,5629,4344,4771],"class_list":{"0":"post-26095","1":"product","2":"type-product","3":"status-publish","4":"has-post-thumbnail","6":"product_cat-egyeb-tapoldatok-mutragyak","7":"product_cat-lombtragya","8":"product_tag-cupromax","9":"product_tag-damisol","10":"product_tag-lombtragya","11":"product_tag-rez","13":"first","14":"instock","15":"shipping-taxable","16":"purchasable","17":"product-type-simple"},"yoast_head":"<!-- This site is optimized with the Yoast SEO plugin v27.4 - https:\/\/yoast.com\/product\/yoast-seo-wordpress\/ -->\n<title>Cupromax Damisol felsz\u00edv\u00f3d\u00f3 r\u00e9z 0,2L - T\u00e1jkert\u00e9sz<\/title>\n<meta name=\"description\" content=\"Cupromax Damisol felsz\u00edv\u00f3d\u00f3 r\u00e9z 0,2L. z\u00f6lds\u00e9gf\u00e9l\u00e9k, sz\u0151l\u0151, gy\u00fcm\u00f6lcs valamint sz\u00e1nt\u00f3f\u00f6ldi;- n\u00f6v\u00e9nyek r\u00e9zhi\u00e1ny\u00e1nak megel\u0151z\u00e9s\u00e9re ill. megsz\u00fcntet\u00e9s\u00e9re;\" \/>\n<meta name=\"robots\" content=\"index, follow, max-snippet:-1, max-image-preview:large, max-video-preview:-1\" \/>\n<link rel=\"canonical\" href=\"https:\/\/tajkertesz.com\/en_US\/product\/cupromax-damisol-felszivodo-rez-02l\/\" \/>\n<meta property=\"og:locale\" content=\"en_US\" \/>\n<meta property=\"og:type\" content=\"article\" \/>\n<meta property=\"og:title\" content=\"Cupromax Damisol felsz\u00edv\u00f3d\u00f3 r\u00e9z 0,2L - T\u00e1jkert\u00e9sz\" \/>\n<meta property=\"og:description\" content=\"Cupromax Damisol felsz\u00edv\u00f3d\u00f3 r\u00e9z 0,2L. z\u00f6lds\u00e9gf\u00e9l\u00e9k, sz\u0151l\u0151, gy\u00fcm\u00f6lcs valamint sz\u00e1nt\u00f3f\u00f6ldi;- n\u00f6v\u00e9nyek r\u00e9zhi\u00e1ny\u00e1nak megel\u0151z\u00e9s\u00e9re ill. megsz\u00fcntet\u00e9s\u00e9re;\" \/>\n<meta property=\"og:url\" content=\"https:\/\/tajkertesz.com\/en_US\/product\/cupromax-damisol-felszivodo-rez-02l\/\" \/>\n<meta property=\"og:site_name\" content=\"T\u00e1jkert\u00e9sz\" \/>\n<meta property=\"article:publisher\" content=\"https:\/\/www.facebook.com\/Tajkertesz\/\" \/>\n<meta property=\"article:modified_time\" content=\"2026-02-06T12:51:20+00:00\" \/>\n<meta property=\"og:image\" content=\"https:\/\/tajkertesz.com\/wp-content\/uploads\/2026\/02\/T16333-e1770381999973.webp\" \/>\n\t<meta property=\"og:image:width\" content=\"466\" \/>\n\t<meta property=\"og:image:height\" content=\"826\" \/>\n\t<meta property=\"og:image:type\" content=\"image\/webp\" \/>\n<meta name=\"twitter:card\" content=\"summary_large_image\" \/>\n<meta name=\"twitter:label1\" content=\"Est. reading time\" \/>\n\t<meta name=\"twitter:data1\" content=\"2 minutes\" \/>\n<script type=\"application\/ld+json\" class=\"yoast-schema-graph\">{\"@context\":\"https:\\\/\\\/schema.org\",\"@graph\":[{\"@type\":\"WebPage\",\"@id\":\"https:\\\/\\\/tajkertesz.com\\\/termek\\\/cupromax-damisol-felszivodo-rez-02l\\\/\",\"url\":\"https:\\\/\\\/tajkertesz.com\\\/termek\\\/cupromax-damisol-felszivodo-rez-02l\\\/\",\"name\":\"Cupromax Damisol felsz\u00edv\u00f3d\u00f3 r\u00e9z 0,2L - T\u00e1jkert\u00e9sz\",\"isPartOf\":{\"@id\":\"https:\\\/\\\/tajkertesz.com\\\/#website\"},\"primaryImageOfPage\":{\"@id\":\"https:\\\/\\\/tajkertesz.com\\\/termek\\\/cupromax-damisol-felszivodo-rez-02l\\\/#primaryimage\"},\"image\":{\"@id\":\"https:\\\/\\\/tajkertesz.com\\\/termek\\\/cupromax-damisol-felszivodo-rez-02l\\\/#primaryimage\"},\"thumbnailUrl\":\"https:\\\/\\\/tajkertesz.com\\\/wp-content\\\/uploads\\\/2026\\\/02\\\/T16333-e1770381999973.webp\",\"datePublished\":\"2026-02-06T12:51:19+00:00\",\"dateModified\":\"2026-02-06T12:51:20+00:00\",\"description\":\"Cupromax Damisol felsz\u00edv\u00f3d\u00f3 r\u00e9z 0,2L. z\u00f6lds\u00e9gf\u00e9l\u00e9k, sz\u0151l\u0151, gy\u00fcm\u00f6lcs valamint sz\u00e1nt\u00f3f\u00f6ldi;- n\u00f6v\u00e9nyek r\u00e9zhi\u00e1ny\u00e1nak megel\u0151z\u00e9s\u00e9re ill. megsz\u00fcntet\u00e9s\u00e9re;\",\"breadcrumb\":{\"@id\":\"https:\\\/\\\/tajkertesz.com\\\/termek\\\/cupromax-damisol-felszivodo-rez-02l\\\/#breadcrumb\"},\"inLanguage\":\"en-US\",\"potentialAction\":[{\"@type\":\"ReadAction\",\"target\":[\"https:\\\/\\\/tajkertesz.com\\\/termek\\\/cupromax-damisol-felszivodo-rez-02l\\\/\"]}]},{\"@type\":\"ImageObject\",\"inLanguage\":\"en-US\",\"@id\":\"https:\\\/\\\/tajkertesz.com\\\/termek\\\/cupromax-damisol-felszivodo-rez-02l\\\/#primaryimage\",\"url\":\"https:\\\/\\\/tajkertesz.com\\\/wp-content\\\/uploads\\\/2026\\\/02\\\/T16333-e1770381999973.webp\",\"contentUrl\":\"https:\\\/\\\/tajkertesz.com\\\/wp-content\\\/uploads\\\/2026\\\/02\\\/T16333-e1770381999973.webp\",\"width\":466,\"height\":826,\"caption\":\"Cupromax Damisol felsz\u00edv\u00f3d\u00f3 r\u00e9z 0,2L\"},{\"@type\":\"BreadcrumbList\",\"@id\":\"https:\\\/\\\/tajkertesz.com\\\/termek\\\/cupromax-damisol-felszivodo-rez-02l\\\/#breadcrumb\",\"itemListElement\":[{\"@type\":\"ListItem\",\"position\":1,\"name\":\"Home\",\"item\":\"https:\\\/\\\/tajkertesz.com\\\/\"},{\"@type\":\"ListItem\",\"position\":2,\"name\":\"Kezd\u0151lap\",\"item\":\"https:\\\/\\\/tajkertesz.com\\\/\"},{\"@type\":\"ListItem\",\"position\":3,\"name\":\"Cupromax Damisol felsz\u00edv\u00f3d\u00f3 r\u00e9z 0,2L\"}]},{\"@type\":\"WebSite\",\"@id\":\"https:\\\/\\\/tajkertesz.com\\\/#website\",\"url\":\"https:\\\/\\\/tajkertesz.com\\\/\",\"name\":\"T\u00e1j-Kert\u00e9sz 84 Kft.\",\"description\":\"Kert\u00e9szeti kis- \u00e9s nagykeresked\u00e9s, D\u00edszn\u00f6v\u00e9ny web\u00e1ruh\u00e1z orsz\u00e1gos h\u00e1zhozsz\u00e1ll\u00edt\u00e1ssal!\",\"publisher\":{\"@id\":\"https:\\\/\\\/tajkertesz.com\\\/#organization\"},\"potentialAction\":[{\"@type\":\"SearchAction\",\"target\":{\"@type\":\"EntryPoint\",\"urlTemplate\":\"https:\\\/\\\/tajkertesz.com\\\/?s={search_term_string}\"},\"query-input\":{\"@type\":\"PropertyValueSpecification\",\"valueRequired\":true,\"valueName\":\"search_term_string\"}}],\"inLanguage\":\"en-US\"},{\"@type\":\"Organization\",\"@id\":\"https:\\\/\\\/tajkertesz.com\\\/#organization\",\"name\":\"T\u00e1j-Kert\u00e9sz 84 Kft.\",\"url\":\"https:\\\/\\\/tajkertesz.com\\\/\",\"logo\":{\"@type\":\"ImageObject\",\"inLanguage\":\"en-US\",\"@id\":\"https:\\\/\\\/tajkertesz.com\\\/#\\\/schema\\\/logo\\\/image\\\/\",\"url\":\"https:\\\/\\\/tajkertesz.com\\\/wp-content\\\/uploads\\\/2018\\\/02\\\/logo-2-e1518678052539.png\",\"contentUrl\":\"https:\\\/\\\/tajkertesz.com\\\/wp-content\\\/uploads\\\/2018\\\/02\\\/logo-2-e1518678052539.png\",\"width\":81,\"height\":140,\"caption\":\"T\u00e1j-Kert\u00e9sz 84 Kft.\"},\"image\":{\"@id\":\"https:\\\/\\\/tajkertesz.com\\\/#\\\/schema\\\/logo\\\/image\\\/\"},\"sameAs\":[\"https:\\\/\\\/www.facebook.com\\\/Tajkertesz\\\/\"]}]}<\/script>\n<!-- \/ Yoast SEO plugin. -->","yoast_head_json":{"title":"Cupromax Damisol felsz\u00edv\u00f3d\u00f3 r\u00e9z 0,2L - T\u00e1jkert\u00e9sz","description":"Cupromax Damisol felsz\u00edv\u00f3d\u00f3 r\u00e9z 0,2L. z\u00f6lds\u00e9gf\u00e9l\u00e9k, sz\u0151l\u0151, gy\u00fcm\u00f6lcs valamint sz\u00e1nt\u00f3f\u00f6ldi;- n\u00f6v\u00e9nyek r\u00e9zhi\u00e1ny\u00e1nak megel\u0151z\u00e9s\u00e9re ill. megsz\u00fcntet\u00e9s\u00e9re;","robots":{"index":"index","follow":"follow","max-snippet":"max-snippet:-1","max-image-preview":"max-image-preview:large","max-video-preview":"max-video-preview:-1"},"canonical":"https:\/\/tajkertesz.com\/en_US\/product\/cupromax-damisol-felszivodo-rez-02l\/","og_locale":"en_US","og_type":"article","og_title":"Cupromax Damisol felsz\u00edv\u00f3d\u00f3 r\u00e9z 0,2L - T\u00e1jkert\u00e9sz","og_description":"Cupromax Damisol felsz\u00edv\u00f3d\u00f3 r\u00e9z 0,2L. z\u00f6lds\u00e9gf\u00e9l\u00e9k, sz\u0151l\u0151, gy\u00fcm\u00f6lcs valamint sz\u00e1nt\u00f3f\u00f6ldi;- n\u00f6v\u00e9nyek r\u00e9zhi\u00e1ny\u00e1nak megel\u0151z\u00e9s\u00e9re ill. megsz\u00fcntet\u00e9s\u00e9re;","og_url":"https:\/\/tajkertesz.com\/en_US\/product\/cupromax-damisol-felszivodo-rez-02l\/","og_site_name":"T\u00e1jkert\u00e9sz","article_publisher":"https:\/\/www.facebook.com\/Tajkertesz\/","article_modified_time":"2026-02-06T12:51:20+00:00","og_image":[{"width":466,"height":826,"url":"https:\/\/tajkertesz.com\/wp-content\/uploads\/2026\/02\/T16333-e1770381999973.webp","type":"image\/webp"}],"twitter_card":"summary_large_image","twitter_misc":{"Est. reading time":"2 minutes"},"schema":{"@context":"https:\/\/schema.org","@graph":[{"@type":"WebPage","@id":"https:\/\/tajkertesz.com\/termek\/cupromax-damisol-felszivodo-rez-02l\/","url":"https:\/\/tajkertesz.com\/termek\/cupromax-damisol-felszivodo-rez-02l\/","name":"Cupromax Damisol felsz\u00edv\u00f3d\u00f3 r\u00e9z 0,2L - T\u00e1jkert\u00e9sz","isPartOf":{"@id":"https:\/\/tajkertesz.com\/#website"},"primaryImageOfPage":{"@id":"https:\/\/tajkertesz.com\/termek\/cupromax-damisol-felszivodo-rez-02l\/#primaryimage"},"image":{"@id":"https:\/\/tajkertesz.com\/termek\/cupromax-damisol-felszivodo-rez-02l\/#primaryimage"},"thumbnailUrl":"https:\/\/tajkertesz.com\/wp-content\/uploads\/2026\/02\/T16333-e1770381999973.webp","datePublished":"2026-02-06T12:51:19+00:00","dateModified":"2026-02-06T12:51:20+00:00","description":"Cupromax Damisol felsz\u00edv\u00f3d\u00f3 r\u00e9z 0,2L. z\u00f6lds\u00e9gf\u00e9l\u00e9k, sz\u0151l\u0151, gy\u00fcm\u00f6lcs valamint sz\u00e1nt\u00f3f\u00f6ldi;- n\u00f6v\u00e9nyek r\u00e9zhi\u00e1ny\u00e1nak megel\u0151z\u00e9s\u00e9re ill. megsz\u00fcntet\u00e9s\u00e9re;","breadcrumb":{"@id":"https:\/\/tajkertesz.com\/termek\/cupromax-damisol-felszivodo-rez-02l\/#breadcrumb"},"inLanguage":"en-US","potentialAction":[{"@type":"ReadAction","target":["https:\/\/tajkertesz.com\/termek\/cupromax-damisol-felszivodo-rez-02l\/"]}]},{"@type":"ImageObject","inLanguage":"en-US","@id":"https:\/\/tajkertesz.com\/termek\/cupromax-damisol-felszivodo-rez-02l\/#primaryimage","url":"https:\/\/tajkertesz.com\/wp-content\/uploads\/2026\/02\/T16333-e1770381999973.webp","contentUrl":"https:\/\/tajkertesz.com\/wp-content\/uploads\/2026\/02\/T16333-e1770381999973.webp","width":466,"height":826,"caption":"Cupromax Damisol felsz\u00edv\u00f3d\u00f3 r\u00e9z 0,2L"},{"@type":"BreadcrumbList","@id":"https:\/\/tajkertesz.com\/termek\/cupromax-damisol-felszivodo-rez-02l\/#breadcrumb","itemListElement":[{"@type":"ListItem","position":1,"name":"Home","item":"https:\/\/tajkertesz.com\/"},{"@type":"ListItem","position":2,"name":"Kezd\u0151lap","item":"https:\/\/tajkertesz.com\/"},{"@type":"ListItem","position":3,"name":"Cupromax Damisol felsz\u00edv\u00f3d\u00f3 r\u00e9z 0,2L"}]},{"@type":"WebSite","@id":"https:\/\/tajkertesz.com\/#website","url":"https:\/\/tajkertesz.com\/","name":"T\u00e1j-Kert\u00e9sz 84 Kft.","description":"Kert\u00e9szeti kis- \u00e9s nagykeresked\u00e9s, D\u00edszn\u00f6v\u00e9ny web\u00e1ruh\u00e1z orsz\u00e1gos h\u00e1zhozsz\u00e1ll\u00edt\u00e1ssal!","publisher":{"@id":"https:\/\/tajkertesz.com\/#organization"},"potentialAction":[{"@type":"SearchAction","target":{"@type":"EntryPoint","urlTemplate":"https:\/\/tajkertesz.com\/?s={search_term_string}"},"query-input":{"@type":"PropertyValueSpecification","valueRequired":true,"valueName":"search_term_string"}}],"inLanguage":"en-US"},{"@type":"Organization","@id":"https:\/\/tajkertesz.com\/#organization","name":"T\u00e1j-Kert\u00e9sz 84 Kft.","url":"https:\/\/tajkertesz.com\/","logo":{"@type":"ImageObject","inLanguage":"en-US","@id":"https:\/\/tajkertesz.com\/#\/schema\/logo\/image\/","url":"https:\/\/tajkertesz.com\/wp-content\/uploads\/2018\/02\/logo-2-e1518678052539.png","contentUrl":"https:\/\/tajkertesz.com\/wp-content\/uploads\/2018\/02\/logo-2-e1518678052539.png","width":81,"height":140,"caption":"T\u00e1j-Kert\u00e9sz 84 Kft."},"image":{"@id":"https:\/\/tajkertesz.com\/#\/schema\/logo\/image\/"},"sameAs":["https:\/\/www.facebook.com\/Tajkertesz\/"]}]}},"_links":{"self":[{"href":"https:\/\/tajkertesz.com\/en_US\/wp-json\/wp\/v2\/product\/26095","targetHints":{"allow":["GET"]}}],"collection":[{"href":"https:\/\/tajkertesz.com\/en_US\/wp-json\/wp\/v2\/product"}],"about":[{"href":"https:\/\/tajkertesz.com\/en_US\/wp-json\/wp\/v2\/types\/product"}],"wp:featuredmedia":[{"embeddable":true,"href":"https:\/\/tajkertesz.com\/en_US\/wp-json\/wp\/v2\/media\/26096"}],"wp:attachment":[{"href":"https:\/\/tajkertesz.com\/en_US\/wp-json\/wp\/v2\/media?parent=26095"}],"wp:term":[{"taxonomy":"product_brand","embeddable":true,"href":"https:\/\/tajkertesz.com\/en_US\/wp-json\/wp\/v2\/product_brand?post=26095"},{"taxonomy":"product_cat","embeddable":true,"href":"https:\/\/tajkertesz.com\/en_US\/wp-json\/wp\/v2\/product_cat?post=26095"},{"taxonomy":"product_tag","embeddable":true,"href":"https:\/\/tajkertesz.com\/en_US\/wp-json\/wp\/v2\/product_tag?post=26095"}],"curies":[{"name":"wp","href":"https:\/\/api.w.org\/{rel}","templated":true}]}}