{"id":26101,"date":"2026-02-06T15:33:46","date_gmt":"2026-02-06T15:33:46","guid":{"rendered":"https:\/\/tajkertesz.com\/?post_type=product&#038;p=26101"},"modified":"2026-02-19T10:29:32","modified_gmt":"2026-02-19T10:29:32","slug":"florimo-mediterranfold-50l","status":"publish","type":"product","link":"https:\/\/tajkertesz.com\/en_US\/product\/florimo-mediterranfold-50l\/","title":{"rendered":"Florimo mediterr\u00e1nf\u00f6ld 50L"},"content":{"rendered":"<h1>Florimo mediterr\u00e1nf\u00f6ld 50L<\/h1>\n<p>Florimo mediterr\u00e1nf\u00f6ld 50L<\/p>\n<h2 class=\"elementor-element elementor-element-209533f elementor-widget elementor-widget-global elementor-global-6985 elementor-widget-heading\" data-id=\"209533f\" data-element_type=\"widget\" data-e-type=\"widget\" data-widget_type=\"heading.default\">\u00dcltet\u00e9skor v\u00e1s\u00e1rolj ellen\u0151rz\u00f6tt min\u0151s\u00e9g\u0171 term\u00e9ket!<br \/>\nMagyar gy\u00e1rt\u00f3t\u00f3l!<\/h2>\n<p class=\"elementor-element elementor-element-209533f elementor-widget elementor-widget-global elementor-global-6985 elementor-widget-heading\" data-id=\"209533f\" data-element_type=\"widget\" data-e-type=\"widget\" data-widget_type=\"heading.default\">Laza szerkezet\u0171, barna sz\u00edn\u0171, idegen szagt\u00f3l mentes termeszt\u0151 k\u00f6zeg, amely ide\u00e1lis a mediterr\u00e1n n\u00f6v\u00e9nyek, mint a leander, p\u00e1lma, ban\u00e1n \u00e9s olajfa stb sz\u00e1m\u00e1ra.<\/p>\n<div class=\"elementor-element elementor-element-15fda96a elementor-widget elementor-widget-text-editor\" data-id=\"15fda96a\" data-element_type=\"widget\" data-e-type=\"widget\" data-widget_type=\"text-editor.default\">\n<div class=\"elementor-widget-container\">\n<p>T\u00e1panyag-ell\u00e1totts\u00e1ga \u00e9s leveg\u0151h\u00e1ztart\u00e1sa biztos\u00edtja a n\u00f6v\u00e9nyek eg\u00e9szs\u00e9ges fejl\u0151d\u00e9s\u00e9t. A fiatal n\u00f6v\u00e9nyeket kisebb cserepekbe \u00fcltetik, hogy k\u00f6nnyen sz\u00e1ll\u00edthat\u00f3k legyenek, de a tov\u00e1bb nevel\u00e9shez \u00e1t\u00fcltet\u00e9sre van sz\u00fcks\u00e9g. A f\u00f6ldlabd\u00e1s n\u00f6v\u00e9nyek gy\u00f6kerei visszafogottak, ez\u00e9rt \u00e9rdemes a gy\u00f6k\u00e9rzetet \u00f3vatosan tiszt\u00edtani \u00e9s az esetleges t\u00f6r\u00f6tt gy\u00f6kereket visszametszeni. B\u00e1rmikor \u00e1t\u00fcltethet\u0151, de a legkedvez\u0151bb id\u0151szak a kora tavasz, amikor a n\u00f6v\u00e9nyek \u00faj hajt\u00e1sokat hoznak. A megfelel\u0151 vir\u00e1gf\u00f6ld kiv\u00e1laszt\u00e1sa kulcsfontoss\u00e1g\u00fa az eg\u00e9szs\u00e9ges n\u00f6veked\u00e9shez.<\/p>\n<h4>Nem mindegy milyen min\u0151s\u00e9g\u0171 vir\u00e1gf\u00f6ldet v\u00e1s\u00e1rol. V\u00e1lassza az\u00a0<strong>ellen\u0151rz\u00f6tt min\u0151s\u00e9get!<\/strong><\/h4>\n<div class=\"elementor-element elementor-element-76a9f065 elementor-widget elementor-widget-heading\" data-id=\"76a9f065\" data-element_type=\"widget\" data-e-type=\"widget\" data-widget_type=\"heading.default\">\n<div class=\"elementor-widget-container\">\n<h5 class=\"elementor-heading-title elementor-size-default\">Alapanyagok:<\/h5>\n<\/div>\n<\/div>\n<div class=\"elementor-element elementor-element-14ecb9bc elementor-widget elementor-widget-text-editor\" data-id=\"14ecb9bc\" data-element_type=\"widget\" data-e-type=\"widget\" data-widget_type=\"text-editor.default\">\n<div class=\"elementor-widget-container\">\n<p>Sphagnum mohat\u0151zeg, s\u00edkl\u00e1p t\u0151zeg, komposzt\u00e1lt marhatr\u00e1gya, m\u0171tr\u00e1gya kever\u00e9k.<\/p>\n<\/div>\n<\/div>\n<div class=\"elementor-tabs-wrapper\" role=\"tablist\">\n<h4 id=\"elementor-tab-title-5791\" class=\"elementor-tab-title elementor-tab-desktop-title elementor-active\" tabindex=\"0\" role=\"tab\" aria-selected=\"true\" data-tab=\"1\" aria-controls=\"elementor-tab-content-5791\" aria-expanded=\"true\">Hogyan haszn\u00e1ljam?<\/h4>\n<\/div>\n<div class=\"elementor-tabs-content-wrapper\" role=\"tablist\" aria-orientation=\"vertical\">\n<div id=\"elementor-tab-content-5791\" class=\"elementor-tab-content elementor-clearfix elementor-active\" tabindex=\"0\" role=\"tabpanel\" data-tab=\"1\" aria-labelledby=\"elementor-tab-title-5791\">\n<p>A vir\u00e1gf\u00f6ld \u00e1t\u00fcltet\u00e9se \u00e9s t\u00f6m\u00f6r\u00f6d\u00e9se ut\u00e1n 3-6 h\u00e9t m\u00falva n\u00f6v\u00e9nyt\u00edpusnak megfelel\u0151 t\u00e1poldatoz\u00e1st javaslunk.<\/p>\n<\/div>\n<\/div>\n<p><strong>\u27a1\ufe0f Kapcsolat:<\/strong><\/p>\n<ul>\n<li><strong>Weboldal: <\/strong><a href=\"https:\/\/tajkertesz.com\"><strong>tajkertesz.com<\/strong><\/a><\/li>\n<li><strong>Facebook: <\/strong><a href=\"https:\/\/www.facebook.com\/tajkertesz\/\"><strong>facebook.com\/tajkertesz<\/strong><\/a><\/li>\n<li><strong>Telefonsz\u00e1m, e-mail: +36\/20-319-3770 <\/strong><a href=\"mailto:info@tajkertesz.hu\"><strong>info@tajkertesz.hu<\/strong><\/a><\/li>\n<\/ul>\n<p><strong>\ud83d\ude9a Sz\u00e1ll\u00edt\u00e1si inform\u00e1ci\u00f3k<\/strong><\/p>\n<p><strong>A megrendelt term\u00e9kek kisz\u00e1ll\u00edt\u00e1sa az al\u00e1bbi felt\u00e9telek mellett t\u00f6rt\u00e9nik:<\/strong><\/p>\n<p><strong>\ud83d\udce6 Fut\u00e1rszolg\u00e1latos sz\u00e1ll\u00edt\u00e1s<\/strong><\/p>\n<ul>\n<li><strong>Maxim\u00e1lis m\u00e9ret: 200 cm (hossz\u00fas\u00e1g)<\/strong><\/li>\n<li><strong>Maxim\u00e1lis s\u00faly: 40 kg<\/strong><\/li>\n<li><strong>Az enn\u00e9l kisebb \u00e9s k\u00f6nnyebb csomagokat fut\u00e1rszolg\u00e1lattal k\u00e9zbes\u00edtj\u00fck a lehet<\/strong><strong>\u0151<\/strong><strong> legbiztons\u00e1gosabb csomagol\u00e1sban.<\/strong><\/li>\n<\/ul>\n<p><strong>\ud83d\udefb Szem\u00e9lyes \u00e1tv\u00e9tel<\/strong><\/p>\n<ul>\n<li><strong>1173 Budapest, Bakancsos utca 7. sz\u00e1m alatt nyitvatart\u00e1si id<\/strong><strong>\u0151<\/strong><strong>ben szem\u00e9lyesen \u00e1tvehet<\/strong><strong>\u0151<\/strong><strong> kert\u00e9szeti \u00e1rud\u00e1nkban.<\/strong><\/li>\n<li><strong>K\u00f6lts\u00e9ghat\u00e9kony megold\u00e1s nagyobb, t\u00f6r\u00e9kenyebb vagy t\u00falm\u00e9retes n\u00f6v\u00e9nyek eset\u00e9n.<\/strong><\/li>\n<\/ul>\n<p><strong>\ud83d\udcde Nagy m\u00e9ret<\/strong><strong>\u0171<\/strong><strong> vagy s\u00faly\u00fa n\u00f6v\u00e9nyek\/term\u00e9kek eset\u00e9n<\/strong><\/p>\n<p><strong>Ha a term\u00e9k:<\/strong><\/p>\n<ul>\n<li><strong>meghaladja a 200 cm hossz\u00fas\u00e1got vagy<\/strong><\/li>\n<li><strong>meghaladja a 40 kg s\u00falyt,<\/strong><\/li>\n<\/ul>\n<p><strong>akkor szem\u00e9lyes \u00e1tv\u00e9tellel vagy egyedi, el<\/strong><strong>\u0151<\/strong><strong>re egyeztetett sz\u00e1ll\u00edt\u00e1si felt\u00e9telek mellett t\u00f6rt\u00e9nik.<br \/>\nK\u00e9rj\u00fck, ilyen esetben rendel\u00e9s el<\/strong><strong>\u0151<\/strong><strong>tt vegye fel vel\u00fcnk a kapcsolatot, hogy a lehet<\/strong><strong>\u0151<\/strong><strong> legmegfelel<\/strong><strong>\u0151<\/strong><strong>bb sz\u00e1ll\u00edt\u00e1si megold\u00e1st k\u00edn\u00e1lhassuk.<\/strong><\/p>\n<p><strong>\ud83d\udd14 Fontos: A n\u00f6v\u00e9nyeket minden esetben igyeksz\u00fcnk gondosan, egyes\u00e9vel csomagolni, azonban a sz\u00e1ll\u00edt\u00e1s sor\u00e1n kisebb eszt\u00e9tikai s\u00e9r\u00fcl\u00e9sek el<\/strong><strong>\u0151<\/strong><strong>fordulhatnak (pl. lev\u00e9lhull\u00e1s). Ez nem min<\/strong><strong>\u0151<\/strong><strong>s\u00fcl hib\u00e1s teljes\u00edt\u00e9snek.<\/strong><\/p>\n<\/div>\n<\/div>","protected":false},"excerpt":{"rendered":"<p>Laza szerkezet\u0171, barna sz\u00edn\u0171, idegen szagt\u00f3l mentes termeszt\u0151 k\u00f6zeg, amely ide\u00e1lis a mediterr\u00e1n n\u00f6v\u00e9nyek, mint a leander, p\u00e1lma, ban\u00e1n \u00e9s olajfa stb sz\u00e1m\u00e1ra.<\/p>\n<p><strong>Kiszerel\u00e9s:<\/strong>\u00a050 liter<\/p>\n<p><strong>\ud83d\udd04 K\u00e9szletinform\u00e1ci\u00f3<\/strong><\/p>\n<p><strong>K\u00e9szlet\u00fcnk napi szinten v\u00e1ltozik, \u00edgy a webshopban szerepl<\/strong><strong>\u0151<\/strong><strong> term\u00e9kek el\u00e9rhet<\/strong><strong>\u0151<\/strong><strong>s\u00e9ge nem garant\u00e1lt.<br \/>\n\ud83d\udcde A megrendel\u00e9s el<\/strong><strong>\u0151<\/strong><strong>tt k\u00e9rj\u00fck, \u00e9rdekl<\/strong><strong>\u0151<\/strong><strong>dj\u00f6n szem\u00e9lyesen, telefonon vagy e-mailben!<\/strong><\/p>","protected":false},"featured_media":26102,"template":"","meta":{"_et_pb_use_builder":"","_et_pb_old_content":"","_et_gb_content_width":""},"product_brand":[7916],"product_cat":[4129],"product_tag":[1459,7917,1460],"class_list":{"0":"post-26101","1":"product","2":"type-product","3":"status-publish","4":"has-post-thumbnail","6":"product_brand-florimo","7":"product_cat-florimo-viragfoldek","8":"product_tag-florimo","9":"product_tag-mediterranfold","10":"product_tag-viragfold","12":"first","13":"instock","14":"shipping-taxable","15":"purchasable","16":"product-type-simple"},"yoast_head":"<!-- This site is optimized with the Yoast SEO plugin v27.5 - https:\/\/yoast.com\/product\/yoast-seo-wordpress\/ -->\n<title>Florimo mediterr\u00e1nf\u00f6ld 50L - T\u00e1jkert\u00e9sz<\/title>\n<meta name=\"description\" content=\"Florimo mediterr\u00e1nf\u00f6ld 50L. Ide\u00e1lis a mediterr\u00e1n n\u00f6v\u00e9nyek, mint a leander, p\u00e1lma, ban\u00e1n \u00e9s olajfa stb sz\u00e1m\u00e1ra. Laza szerkezet\u0171 termeszt\u0151k\u00f6zeg.\" \/>\n<meta name=\"robots\" content=\"index, follow, max-snippet:-1, max-image-preview:large, max-video-preview:-1\" \/>\n<link rel=\"canonical\" href=\"https:\/\/tajkertesz.com\/en_US\/product\/florimo-mediterranfold-50l\/\" \/>\n<meta property=\"og:locale\" content=\"en_US\" \/>\n<meta property=\"og:type\" content=\"article\" \/>\n<meta property=\"og:title\" content=\"Florimo mediterr\u00e1nf\u00f6ld 50L - T\u00e1jkert\u00e9sz\" \/>\n<meta property=\"og:description\" content=\"Florimo mediterr\u00e1nf\u00f6ld 50L. Ide\u00e1lis a mediterr\u00e1n n\u00f6v\u00e9nyek, mint a leander, p\u00e1lma, ban\u00e1n \u00e9s olajfa stb sz\u00e1m\u00e1ra. Laza szerkezet\u0171 termeszt\u0151k\u00f6zeg.\" \/>\n<meta property=\"og:url\" content=\"https:\/\/tajkertesz.com\/en_US\/product\/florimo-mediterranfold-50l\/\" \/>\n<meta property=\"og:site_name\" content=\"T\u00e1jkert\u00e9sz\" \/>\n<meta property=\"article:publisher\" content=\"https:\/\/www.facebook.com\/Tajkertesz\/\" \/>\n<meta property=\"article:modified_time\" content=\"2026-02-19T10:29:32+00:00\" \/>\n<meta property=\"og:image\" content=\"https:\/\/tajkertesz.com\/wp-content\/uploads\/2026\/02\/Florimo_Mediterran-fold_50L_LEAD_Vegleges_3D-layer_JOBB-scaled-1.png\" \/>\n\t<meta property=\"og:image:width\" content=\"1654\" \/>\n\t<meta property=\"og:image:height\" content=\"2560\" \/>\n\t<meta property=\"og:image:type\" content=\"image\/png\" \/>\n<meta name=\"twitter:card\" content=\"summary_large_image\" \/>\n<meta name=\"twitter:label1\" content=\"Est. reading time\" \/>\n\t<meta name=\"twitter:data1\" content=\"2 minutes\" \/>\n<script type=\"application\/ld+json\" class=\"yoast-schema-graph\">{\"@context\":\"https:\\\/\\\/schema.org\",\"@graph\":[{\"@type\":\"WebPage\",\"@id\":\"https:\\\/\\\/tajkertesz.com\\\/termek\\\/florimo-mediterranfold-50l\\\/\",\"url\":\"https:\\\/\\\/tajkertesz.com\\\/termek\\\/florimo-mediterranfold-50l\\\/\",\"name\":\"Florimo mediterr\u00e1nf\u00f6ld 50L - T\u00e1jkert\u00e9sz\",\"isPartOf\":{\"@id\":\"https:\\\/\\\/tajkertesz.com\\\/#website\"},\"primaryImageOfPage\":{\"@id\":\"https:\\\/\\\/tajkertesz.com\\\/termek\\\/florimo-mediterranfold-50l\\\/#primaryimage\"},\"image\":{\"@id\":\"https:\\\/\\\/tajkertesz.com\\\/termek\\\/florimo-mediterranfold-50l\\\/#primaryimage\"},\"thumbnailUrl\":\"https:\\\/\\\/tajkertesz.com\\\/wp-content\\\/uploads\\\/2026\\\/02\\\/Florimo_Mediterran-fold_50L_LEAD_Vegleges_3D-layer_JOBB-scaled-1.png\",\"datePublished\":\"2026-02-06T15:33:46+00:00\",\"dateModified\":\"2026-02-19T10:29:32+00:00\",\"description\":\"Florimo mediterr\u00e1nf\u00f6ld 50L. Ide\u00e1lis a mediterr\u00e1n n\u00f6v\u00e9nyek, mint a leander, p\u00e1lma, ban\u00e1n \u00e9s olajfa stb sz\u00e1m\u00e1ra. Laza szerkezet\u0171 termeszt\u0151k\u00f6zeg.\",\"breadcrumb\":{\"@id\":\"https:\\\/\\\/tajkertesz.com\\\/termek\\\/florimo-mediterranfold-50l\\\/#breadcrumb\"},\"inLanguage\":\"en-US\",\"potentialAction\":[{\"@type\":\"ReadAction\",\"target\":[\"https:\\\/\\\/tajkertesz.com\\\/termek\\\/florimo-mediterranfold-50l\\\/\"]}]},{\"@type\":\"ImageObject\",\"inLanguage\":\"en-US\",\"@id\":\"https:\\\/\\\/tajkertesz.com\\\/termek\\\/florimo-mediterranfold-50l\\\/#primaryimage\",\"url\":\"https:\\\/\\\/tajkertesz.com\\\/wp-content\\\/uploads\\\/2026\\\/02\\\/Florimo_Mediterran-fold_50L_LEAD_Vegleges_3D-layer_JOBB-scaled-1.png\",\"contentUrl\":\"https:\\\/\\\/tajkertesz.com\\\/wp-content\\\/uploads\\\/2026\\\/02\\\/Florimo_Mediterran-fold_50L_LEAD_Vegleges_3D-layer_JOBB-scaled-1.png\",\"width\":1654,\"height\":2560,\"caption\":\"Florimo mediterr\u00e1nf\u00f6ld 50L\"},{\"@type\":\"BreadcrumbList\",\"@id\":\"https:\\\/\\\/tajkertesz.com\\\/termek\\\/florimo-mediterranfold-50l\\\/#breadcrumb\",\"itemListElement\":[{\"@type\":\"ListItem\",\"position\":1,\"name\":\"Home\",\"item\":\"https:\\\/\\\/tajkertesz.com\\\/\"},{\"@type\":\"ListItem\",\"position\":2,\"name\":\"Kezd\u0151lap\",\"item\":\"https:\\\/\\\/tajkertesz.com\\\/\"},{\"@type\":\"ListItem\",\"position\":3,\"name\":\"Florimo mediterr\u00e1nf\u00f6ld 50L\"}]},{\"@type\":\"WebSite\",\"@id\":\"https:\\\/\\\/tajkertesz.com\\\/#website\",\"url\":\"https:\\\/\\\/tajkertesz.com\\\/\",\"name\":\"T\u00e1j-Kert\u00e9sz 84 Kft.\",\"description\":\"Kert\u00e9szeti kis- \u00e9s nagykeresked\u00e9s, D\u00edszn\u00f6v\u00e9ny web\u00e1ruh\u00e1z orsz\u00e1gos h\u00e1zhozsz\u00e1ll\u00edt\u00e1ssal!\",\"publisher\":{\"@id\":\"https:\\\/\\\/tajkertesz.com\\\/#organization\"},\"potentialAction\":[{\"@type\":\"SearchAction\",\"target\":{\"@type\":\"EntryPoint\",\"urlTemplate\":\"https:\\\/\\\/tajkertesz.com\\\/?s={search_term_string}\"},\"query-input\":{\"@type\":\"PropertyValueSpecification\",\"valueRequired\":true,\"valueName\":\"search_term_string\"}}],\"inLanguage\":\"en-US\"},{\"@type\":\"Organization\",\"@id\":\"https:\\\/\\\/tajkertesz.com\\\/#organization\",\"name\":\"T\u00e1j-Kert\u00e9sz 84 Kft.\",\"url\":\"https:\\\/\\\/tajkertesz.com\\\/\",\"logo\":{\"@type\":\"ImageObject\",\"inLanguage\":\"en-US\",\"@id\":\"https:\\\/\\\/tajkertesz.com\\\/#\\\/schema\\\/logo\\\/image\\\/\",\"url\":\"https:\\\/\\\/tajkertesz.com\\\/wp-content\\\/uploads\\\/2018\\\/02\\\/logo-2-e1518678052539.png\",\"contentUrl\":\"https:\\\/\\\/tajkertesz.com\\\/wp-content\\\/uploads\\\/2018\\\/02\\\/logo-2-e1518678052539.png\",\"width\":81,\"height\":140,\"caption\":\"T\u00e1j-Kert\u00e9sz 84 Kft.\"},\"image\":{\"@id\":\"https:\\\/\\\/tajkertesz.com\\\/#\\\/schema\\\/logo\\\/image\\\/\"},\"sameAs\":[\"https:\\\/\\\/www.facebook.com\\\/Tajkertesz\\\/\"]}]}<\/script>\n<!-- \/ Yoast SEO plugin. -->","yoast_head_json":{"title":"Florimo mediterr\u00e1nf\u00f6ld 50L - T\u00e1jkert\u00e9sz","description":"Florimo mediterr\u00e1nf\u00f6ld 50L. Ide\u00e1lis a mediterr\u00e1n n\u00f6v\u00e9nyek, mint a leander, p\u00e1lma, ban\u00e1n \u00e9s olajfa stb sz\u00e1m\u00e1ra. Laza szerkezet\u0171 termeszt\u0151k\u00f6zeg.","robots":{"index":"index","follow":"follow","max-snippet":"max-snippet:-1","max-image-preview":"max-image-preview:large","max-video-preview":"max-video-preview:-1"},"canonical":"https:\/\/tajkertesz.com\/en_US\/product\/florimo-mediterranfold-50l\/","og_locale":"en_US","og_type":"article","og_title":"Florimo mediterr\u00e1nf\u00f6ld 50L - T\u00e1jkert\u00e9sz","og_description":"Florimo mediterr\u00e1nf\u00f6ld 50L. Ide\u00e1lis a mediterr\u00e1n n\u00f6v\u00e9nyek, mint a leander, p\u00e1lma, ban\u00e1n \u00e9s olajfa stb sz\u00e1m\u00e1ra. Laza szerkezet\u0171 termeszt\u0151k\u00f6zeg.","og_url":"https:\/\/tajkertesz.com\/en_US\/product\/florimo-mediterranfold-50l\/","og_site_name":"T\u00e1jkert\u00e9sz","article_publisher":"https:\/\/www.facebook.com\/Tajkertesz\/","article_modified_time":"2026-02-19T10:29:32+00:00","og_image":[{"width":1654,"height":2560,"url":"https:\/\/tajkertesz.com\/wp-content\/uploads\/2026\/02\/Florimo_Mediterran-fold_50L_LEAD_Vegleges_3D-layer_JOBB-scaled-1.png","type":"image\/png"}],"twitter_card":"summary_large_image","twitter_misc":{"Est. reading time":"2 minutes"},"schema":{"@context":"https:\/\/schema.org","@graph":[{"@type":"WebPage","@id":"https:\/\/tajkertesz.com\/termek\/florimo-mediterranfold-50l\/","url":"https:\/\/tajkertesz.com\/termek\/florimo-mediterranfold-50l\/","name":"Florimo mediterr\u00e1nf\u00f6ld 50L - T\u00e1jkert\u00e9sz","isPartOf":{"@id":"https:\/\/tajkertesz.com\/#website"},"primaryImageOfPage":{"@id":"https:\/\/tajkertesz.com\/termek\/florimo-mediterranfold-50l\/#primaryimage"},"image":{"@id":"https:\/\/tajkertesz.com\/termek\/florimo-mediterranfold-50l\/#primaryimage"},"thumbnailUrl":"https:\/\/tajkertesz.com\/wp-content\/uploads\/2026\/02\/Florimo_Mediterran-fold_50L_LEAD_Vegleges_3D-layer_JOBB-scaled-1.png","datePublished":"2026-02-06T15:33:46+00:00","dateModified":"2026-02-19T10:29:32+00:00","description":"Florimo mediterr\u00e1nf\u00f6ld 50L. Ide\u00e1lis a mediterr\u00e1n n\u00f6v\u00e9nyek, mint a leander, p\u00e1lma, ban\u00e1n \u00e9s olajfa stb sz\u00e1m\u00e1ra. Laza szerkezet\u0171 termeszt\u0151k\u00f6zeg.","breadcrumb":{"@id":"https:\/\/tajkertesz.com\/termek\/florimo-mediterranfold-50l\/#breadcrumb"},"inLanguage":"en-US","potentialAction":[{"@type":"ReadAction","target":["https:\/\/tajkertesz.com\/termek\/florimo-mediterranfold-50l\/"]}]},{"@type":"ImageObject","inLanguage":"en-US","@id":"https:\/\/tajkertesz.com\/termek\/florimo-mediterranfold-50l\/#primaryimage","url":"https:\/\/tajkertesz.com\/wp-content\/uploads\/2026\/02\/Florimo_Mediterran-fold_50L_LEAD_Vegleges_3D-layer_JOBB-scaled-1.png","contentUrl":"https:\/\/tajkertesz.com\/wp-content\/uploads\/2026\/02\/Florimo_Mediterran-fold_50L_LEAD_Vegleges_3D-layer_JOBB-scaled-1.png","width":1654,"height":2560,"caption":"Florimo mediterr\u00e1nf\u00f6ld 50L"},{"@type":"BreadcrumbList","@id":"https:\/\/tajkertesz.com\/termek\/florimo-mediterranfold-50l\/#breadcrumb","itemListElement":[{"@type":"ListItem","position":1,"name":"Home","item":"https:\/\/tajkertesz.com\/"},{"@type":"ListItem","position":2,"name":"Kezd\u0151lap","item":"https:\/\/tajkertesz.com\/"},{"@type":"ListItem","position":3,"name":"Florimo mediterr\u00e1nf\u00f6ld 50L"}]},{"@type":"WebSite","@id":"https:\/\/tajkertesz.com\/#website","url":"https:\/\/tajkertesz.com\/","name":"T\u00e1j-Kert\u00e9sz 84 Kft.","description":"Kert\u00e9szeti kis- \u00e9s nagykeresked\u00e9s, D\u00edszn\u00f6v\u00e9ny web\u00e1ruh\u00e1z orsz\u00e1gos h\u00e1zhozsz\u00e1ll\u00edt\u00e1ssal!","publisher":{"@id":"https:\/\/tajkertesz.com\/#organization"},"potentialAction":[{"@type":"SearchAction","target":{"@type":"EntryPoint","urlTemplate":"https:\/\/tajkertesz.com\/?s={search_term_string}"},"query-input":{"@type":"PropertyValueSpecification","valueRequired":true,"valueName":"search_term_string"}}],"inLanguage":"en-US"},{"@type":"Organization","@id":"https:\/\/tajkertesz.com\/#organization","name":"T\u00e1j-Kert\u00e9sz 84 Kft.","url":"https:\/\/tajkertesz.com\/","logo":{"@type":"ImageObject","inLanguage":"en-US","@id":"https:\/\/tajkertesz.com\/#\/schema\/logo\/image\/","url":"https:\/\/tajkertesz.com\/wp-content\/uploads\/2018\/02\/logo-2-e1518678052539.png","contentUrl":"https:\/\/tajkertesz.com\/wp-content\/uploads\/2018\/02\/logo-2-e1518678052539.png","width":81,"height":140,"caption":"T\u00e1j-Kert\u00e9sz 84 Kft."},"image":{"@id":"https:\/\/tajkertesz.com\/#\/schema\/logo\/image\/"},"sameAs":["https:\/\/www.facebook.com\/Tajkertesz\/"]}]}},"_links":{"self":[{"href":"https:\/\/tajkertesz.com\/en_US\/wp-json\/wp\/v2\/product\/26101","targetHints":{"allow":["GET"]}}],"collection":[{"href":"https:\/\/tajkertesz.com\/en_US\/wp-json\/wp\/v2\/product"}],"about":[{"href":"https:\/\/tajkertesz.com\/en_US\/wp-json\/wp\/v2\/types\/product"}],"wp:featuredmedia":[{"embeddable":true,"href":"https:\/\/tajkertesz.com\/en_US\/wp-json\/wp\/v2\/media\/26102"}],"wp:attachment":[{"href":"https:\/\/tajkertesz.com\/en_US\/wp-json\/wp\/v2\/media?parent=26101"}],"wp:term":[{"taxonomy":"product_brand","embeddable":true,"href":"https:\/\/tajkertesz.com\/en_US\/wp-json\/wp\/v2\/product_brand?post=26101"},{"taxonomy":"product_cat","embeddable":true,"href":"https:\/\/tajkertesz.com\/en_US\/wp-json\/wp\/v2\/product_cat?post=26101"},{"taxonomy":"product_tag","embeddable":true,"href":"https:\/\/tajkertesz.com\/en_US\/wp-json\/wp\/v2\/product_tag?post=26101"}],"curies":[{"name":"wp","href":"https:\/\/api.w.org\/{rel}","templated":true}]}}