{"id":26173,"date":"2026-02-16T09:21:01","date_gmt":"2026-02-16T09:21:01","guid":{"rendered":"https:\/\/tajkertesz.com\/?post_type=product&#038;p=26173"},"modified":"2026-02-26T11:13:50","modified_gmt":"2026-02-26T11:13:50","slug":"tribu-pelletalt-szerves-tragya","status":"publish","type":"product","link":"https:\/\/tajkertesz.com\/en_US\/product\/tribu-pelletalt-szerves-tragya\/","title":{"rendered":"TRIB\u00da pellet\u00e1lt szerves tr\u00e1gya"},"content":{"rendered":"<p>&nbsp;<\/p>\n<h1>TRIB\u00da pellet\u00e1lt szerves tr\u00e1gya<\/h1>\n<p>TRIB\u00da pellet\u00e1lt szerves tr\u00e1gya, mely ide\u00e1lis a talaj humuszanyaggal t\u00f6rt\u00e9n\u0151 gazdag\u00edt\u00e1s\u00e1hoz. A hagyom\u00e1nyos ist\u00e1ll\u00f3tr\u00e1gy\u00e1t h\u00f3napokon \u00adkereszt\u00fcl \u00e9rlelik, ez id\u0151 alatt t\u00f6bbsz\u00f6r \u00e1tnedvesedik, majd komposzt\u00e1l\u00f3dik, \u00edgy biztos\u00edtva a humuszk\u00e9pz\u0151d\u00e9st.<\/p>\n<p>Ezt k\u00f6vet\u0151en a benne tal\u00e1lhat\u00f3 vizet 70 \u00b0C-on p\u00e1rologtatj\u00e1k, elker\u00fclve ezzel a benne tal\u00e1lhat\u00f3 hasznos \u00e9l\u0151 szervezetek k\u00e1rosod\u00e1s\u00e1t. Ez az elj\u00e1r\u00e1s eredm\u00e9nyezi a TRIB\u00da 65%-os szervesanyag-tartalm\u00e1t.<\/p>\n<p>Az alacsony nedvess\u00e9gtartalom (10%) teszi lehet\u0151v\u00e9 a gyorsan boml\u00f3 szerkezetet, \u00edgy nedvesed\u00e9s hat\u00e1s\u00e1ra a pellet k\u00f6nnyen, \u00e9s szinte azonnal felsz\u00edv\u00f3dik, a n\u00f6v\u00e9nyek gy\u00f6kerei sz\u00e1m\u00e1ra azonnal hasznos\u00edthat\u00f3v\u00e1 v\u00e1lik.<\/p>\n<h2><strong>TRIB\u00da MIKROBIOL\u00d3GIAI \u00d6SSZET\u00c9TELE:<\/strong><\/h2>\n<ul>\n<li>\u00d6sszes cs\u00edrasz\u00e1m: 2,85*10<sup>7<\/sup><\/li>\n<li>Szabadon \u00e9l\u0151 nitrog\u00e9nk\u00f6t\u0151 bakt\u00e9riumok sz\u00e1ma: 3,28*10<sup>5<\/sup><\/li>\n<li>Aerob cellul\u00f3zbont\u00f3 bakt\u00e9riumok sz\u00e1ma: 3,07*10<sup>5<\/sup><\/li>\n<li>Makroelemek: NPK: 3-3-3<\/li>\n<li><strong>80% marhatr\u00e1gya<\/strong><\/li>\n<li><strong>20% l\u00f3tr\u00e1gya<\/strong><\/li>\n<\/ul>\n<p>&nbsp;<\/p>\n<h4><strong>ADAGOL\u00c1S:<\/strong>\u00a00,5-3 tonna\/ha<\/h4>\n<h3>TRIB\u00da pellet\u00e1lt szerves tr\u00e1gya <strong>\u00f6sszet\u00e9tele:<\/strong><\/h3>\n<p>&nbsp;<\/p>\n<ul>\n<li>Nitrog\u00e9n, v\u00edzoldhat\u00f3 (N) 3%<\/li>\n<li>Foszfor, v\u00edzoldhat\u00f3 (P<sub>2<\/sub>O<sub>2<\/sub>) 3%<\/li>\n<li>K\u00e1lium, v\u00edzoldhat\u00f3 (K<sub>2<\/sub>O) 3%<\/li>\n<li>Szerves eredet\u0171 sz\u00e9n (C) 38%<\/li>\n<li>Szervesanyag-tartalom 65%<\/li>\n<li>Hasznos talajlak\u00f3 bakt\u00e9rium 1milli\u00f3\/1 g<\/li>\n<li>Huminsavak 6%<\/li>\n<li>Fulvosavak 5%<\/li>\n<\/ul>\n<p>&nbsp;<\/p>\n<p>Nedvess\u00e9gtartalom 10%<\/p>\n<p>pH 7<\/p>\n<p>Pellet m\u00e9ret 3 mm<\/p>\n<h4><strong>\ud83d\udd04 K\u00e9szletinform\u00e1ci\u00f3<\/strong><\/h4>\n<p><strong>K\u00e9szlet\u00fcnk napi szinten v\u00e1ltozik, \u00edgy a webshopban szerepl<\/strong><strong>\u0151<\/strong><strong> term\u00e9kek el\u00e9rhet<\/strong><strong>\u0151<\/strong><strong>s\u00e9ge nem garant\u00e1lt.<br \/>\n\ud83d\udcde A megrendel\u00e9s el<\/strong><strong>\u0151<\/strong><strong>tt k\u00e9rj\u00fck, \u00e9rdekl<\/strong><strong>\u0151<\/strong><strong>dj\u00f6n szem\u00e9lyesen, telefonon vagy e-mailben!<\/strong><\/p>\n<h4><strong>\u27a1\ufe0f Kapcsolat:<\/strong><\/h4>\n<ul>\n<li><strong>Weboldal: <\/strong><a href=\"https:\/\/tajkertesz.com\"><strong>tajkertesz.com<\/strong><\/a><\/li>\n<li><strong>Facebook: <\/strong><a href=\"https:\/\/www.facebook.com\/tajkertesz\/\"><strong>facebook.com\/tajkertesz<\/strong><\/a><\/li>\n<li><strong>Telefonsz\u00e1m, e-mail: +36\/20-319-3770 <\/strong><a href=\"mailto:info@tajkertesz.hu\"><strong>info@tajkertesz.hu<\/strong><\/a><\/li>\n<\/ul>\n<h4><strong>\ud83d\ude9a Sz\u00e1ll\u00edt\u00e1si inform\u00e1ci\u00f3k<\/strong><\/h4>\n<p><strong>A megrendelt term\u00e9kek kisz\u00e1ll\u00edt\u00e1sa az al\u00e1bbi felt\u00e9telek mellett t\u00f6rt\u00e9nik:<\/strong><\/p>\n<h4><strong>\ud83d\udce6 Fut\u00e1rszolg\u00e1latos sz\u00e1ll\u00edt\u00e1s<\/strong><\/h4>\n<ul>\n<li><strong>Maxim\u00e1lis m\u00e9ret: 200 cm (hossz\u00fas\u00e1g)<\/strong><\/li>\n<li><strong>Maxim\u00e1lis s\u00faly: 40 kg<\/strong><\/li>\n<li><strong>Az enn\u00e9l kisebb \u00e9s k\u00f6nnyebb csomagokat fut\u00e1rszolg\u00e1lattal k\u00e9zbes\u00edtj\u00fck a lehet<\/strong><strong>\u0151<\/strong><strong> legbiztons\u00e1gosabb csomagol\u00e1sban.<\/strong><\/li>\n<\/ul>\n<h4><strong>\ud83d\udefb Szem\u00e9lyes \u00e1tv\u00e9tel<\/strong><\/h4>\n<ul>\n<li><strong>1173 Budapest, Bakancsos utca 7. sz\u00e1m alatt nyitvatart\u00e1si id<\/strong><strong>\u0151<\/strong><strong>ben szem\u00e9lyesen \u00e1tvehet<\/strong><strong>\u0151<\/strong><strong> kert\u00e9szeti \u00e1rud\u00e1nkban.<\/strong><\/li>\n<li><strong>K\u00f6lts\u00e9ghat\u00e9kony megold\u00e1s nagyobb, t\u00f6r\u00e9kenyebb vagy t\u00falm\u00e9retes n\u00f6v\u00e9nyek eset\u00e9n.<\/strong><\/li>\n<\/ul>\n<p><strong>\ud83d\udcde Nagy m\u00e9ret<\/strong><strong>\u0171<\/strong><strong> vagy s\u00faly\u00fa n\u00f6v\u00e9nyek\/term\u00e9kek eset\u00e9n<\/strong><\/p>\n<p><strong>Ha a term\u00e9k:<\/strong><\/p>\n<ul>\n<li><strong>meghaladja a 200 cm hossz\u00fas\u00e1got vagy<\/strong><\/li>\n<li><strong>meghaladja a 40 kg s\u00falyt,<\/strong><\/li>\n<\/ul>\n<p><strong>akkor szem\u00e9lyes \u00e1tv\u00e9tellel vagy egyedi, el<\/strong><strong>\u0151<\/strong><strong>re egyeztetett sz\u00e1ll\u00edt\u00e1si felt\u00e9telek mellett t\u00f6rt\u00e9nik.<br \/>\nK\u00e9rj\u00fck, ilyen esetben rendel\u00e9s el<\/strong><strong>\u0151<\/strong><strong>tt vegye fel vel\u00fcnk a kapcsolatot, hogy a lehet<\/strong><strong>\u0151<\/strong><strong> legmegfelel<\/strong><strong>\u0151<\/strong><strong>bb sz\u00e1ll\u00edt\u00e1si megold\u00e1st k\u00edn\u00e1lhassuk.<\/strong><\/p>\n<p><strong>\ud83d\udd14 Fontos: A n\u00f6v\u00e9nyeket minden esetben igyeksz\u00fcnk gondosan, egyes\u00e9vel csomagolni, azonban a sz\u00e1ll\u00edt\u00e1s sor\u00e1n kisebb eszt\u00e9tikai s\u00e9r\u00fcl\u00e9sek el<\/strong><strong>\u0151<\/strong><strong>fordulhatnak (pl. lev\u00e9lhull\u00e1s). Ez nem min<\/strong><strong>\u0151<\/strong><strong>s\u00fcl hib\u00e1s teljes\u00edt\u00e9snek.<\/strong><\/p>\n<h4><strong>\ud83d\udcf7 Fontos tudni a k\u00e9pekr<\/strong><strong>\u0151<\/strong><strong>l<\/strong><\/h4>\n<p><strong>A webshopban szerepl<\/strong><strong>\u0151<\/strong><strong> k\u00e9pek illusztr\u00e1ci\u00f3k, a n\u00f6v\u00e9nyek term\u00e9szet\u00fckn\u00e9l fogva egyediek, \u00edgy m\u00e9retben, alakban \u00e9s sz\u00ednben minim\u00e1lis elt\u00e9r\u00e9sek el<\/strong><strong>\u0151<\/strong><strong>fordulhatnak a k\u00e9pen l\u00e1that\u00f3 \u00e9s a val\u00f3s p\u00e9ld\u00e1nyok k\u00f6z\u00f6tt.<\/strong><\/p>\n<h4><strong>\ud83e\uddfe \u00c1rak \u00e9s el\u00e1ll\u00e1si jog<\/strong><\/h4>\n<ul>\n<li><strong>Az \u00e1rak egy darab\u00a0n\u00f6v\u00e9nyre vonatkoznak.<\/strong><\/li>\n<li><strong>\u00c9l<\/strong><strong>\u0151<\/strong><strong> n\u00f6v\u00e9nyek rendel\u00e9se eset\u00e9n a 14 napos el\u00e1ll\u00e1s joga nem \u00e9rv\u00e9nyes\u00edthet<\/strong><strong>\u0151<\/strong><strong>, mivel azok romland\u00f3, biol\u00f3giailag \u00e9l<\/strong><strong>\u0151<\/strong><strong> term\u00e9keknek min<\/strong><strong>\u0151<\/strong><strong>s\u00fclnek.<br \/>\n\ud83d\udd12 (17\/1999. (II. 5.) Korm. rendelet 5. \u00a7 c) pontja alapj\u00e1n)<\/strong><\/li>\n<\/ul>\n<h4><strong>\ud83d\udce6 K\u00e9zbes\u00edt\u00e9s ut\u00e1ni teend<\/strong><strong>\u0151<\/strong><strong>k<\/strong><\/h4>\n<p><strong>A k\u00e9zbes\u00edt\u00e9st k\u00f6vet<\/strong><strong>\u0151<\/strong><strong>en a csomagot azonnal bontsuk ki, \u00e9s a n\u00f6v\u00e9nyt helyezz\u00fck el megfelel<\/strong><strong>\u0151<\/strong><strong> k\u00f6rnyezetben.<br \/>\nFontos: ha a n\u00f6v\u00e9ny nem r\u00e9szes\u00fcl megfelel<\/strong><strong>\u0151<\/strong><strong> gondoz\u00e1sban \u00e9s ennek k\u00f6vetkezt\u00e9ben k\u00e1rosodik vagy elpusztul, felel<\/strong><strong>\u0151<\/strong><strong>ss\u00e9get nem tudunk v\u00e1llalni.<\/strong><\/p>","protected":false},"excerpt":{"rendered":"<p>A TRIB\u00da pellet\u00e1lt szerves tr\u00e1gya term\u00e9szetes eredet\u0171 alapanyagokb\u00f3l k\u00e9sz\u00fclt, magas szervesanyag-tartalm\u00fa talajjav\u00edt\u00f3 \u00e9s t\u00e1panyag-ut\u00e1np\u00f3tl\u00f3 k\u00e9sz\u00edtm\u00e9ny. Pellet\u00e1lt form\u00e1j\u00e1nak k\u00f6sz\u00f6nhet\u0151en k\u00f6nnyen kezelhet\u0151, egyenletesen kijuttathat\u00f3, \u00e9s fokozatos t\u00e1panyag-felt\u00e1r\u00f3d\u00e1st biztos\u00edt. Haszn\u00e1lata jav\u00edtja a talaj biol\u00f3giai aktivit\u00e1s\u00e1t, szerkezet\u00e9t \u00e9s v\u00edzmegtart\u00f3 k\u00e9pess\u00e9g\u00e9t, \u00edgy hozz\u00e1j\u00e1rul a kiegyens\u00falyozott n\u00f6v\u00e9nyfejl\u0151d\u00e9shez \u00e9s a stabil term\u00e9shozamhoz.<\/p>\n<p>Kiszerel\u00e9s: 25 kg<\/p>","protected":false},"featured_media":26174,"template":"","meta":{"_et_pb_use_builder":"","_et_pb_old_content":"","_et_gb_content_width":""},"product_brand":[],"product_cat":[35],"product_tag":[37,3646,4104,36,7923,7922],"class_list":{"0":"post-26173","1":"product","2":"type-product","3":"status-publish","4":"has-post-thumbnail","6":"product_cat-tragyak","7":"product_tag-marhatragya","8":"product_tag-pellet","9":"product_tag-tapanyag","10":"product_tag-tragya","11":"product_tag-tribu","12":"product_tag-tribu-pelletalt-szerves-tragya","14":"first","15":"instock","16":"shipping-taxable","17":"purchasable","18":"product-type-simple"},"yoast_head":"<!-- This site is optimized with the Yoast SEO plugin v27.3 - https:\/\/yoast.com\/product\/yoast-seo-wordpress\/ -->\n<title>TRIB\u00da pellet\u00e1lt szerves tr\u00e1gya - T\u00e1jkert\u00e9sz<\/title>\n<meta name=\"description\" content=\"TRIB\u00da pellet\u00e1lt szerves tr\u00e1gya term\u00e9szetes alapanyagokb\u00f3l, magas szervesanyag-tartalommal. Talajjav\u00edt\u00f3 hat\u00e1s, hosszan tart\u00f3 t\u00e1panyag-lead\u00e1s.\" \/>\n<meta name=\"robots\" content=\"index, follow, max-snippet:-1, max-image-preview:large, max-video-preview:-1\" \/>\n<link rel=\"canonical\" href=\"https:\/\/tajkertesz.com\/en_US\/product\/tribu-pelletalt-szerves-tragya\/\" \/>\n<meta property=\"og:locale\" content=\"en_US\" \/>\n<meta property=\"og:type\" content=\"article\" \/>\n<meta property=\"og:title\" content=\"TRIB\u00da pellet\u00e1lt szerves tr\u00e1gya - T\u00e1jkert\u00e9sz\" \/>\n<meta property=\"og:description\" content=\"TRIB\u00da pellet\u00e1lt szerves tr\u00e1gya term\u00e9szetes alapanyagokb\u00f3l, magas szervesanyag-tartalommal. Talajjav\u00edt\u00f3 hat\u00e1s, hosszan tart\u00f3 t\u00e1panyag-lead\u00e1s.\" \/>\n<meta property=\"og:url\" content=\"https:\/\/tajkertesz.com\/en_US\/product\/tribu-pelletalt-szerves-tragya\/\" \/>\n<meta property=\"og:site_name\" content=\"T\u00e1jkert\u00e9sz\" \/>\n<meta property=\"article:publisher\" content=\"https:\/\/www.facebook.com\/Tajkertesz\/\" \/>\n<meta property=\"article:modified_time\" content=\"2026-02-26T11:13:50+00:00\" \/>\n<meta property=\"og:image\" content=\"https:\/\/tajkertesz.com\/wp-content\/uploads\/2026\/02\/f768df448610764d7b0ef3b96fe4fffbtribu.jpg\" \/>\n\t<meta property=\"og:image:width\" content=\"1120\" \/>\n\t<meta property=\"og:image:height\" content=\"800\" \/>\n\t<meta property=\"og:image:type\" content=\"image\/jpeg\" \/>\n<meta name=\"twitter:card\" content=\"summary_large_image\" \/>\n<meta name=\"twitter:label1\" content=\"Est. reading time\" \/>\n\t<meta name=\"twitter:data1\" content=\"3 minutes\" \/>\n<script type=\"application\/ld+json\" class=\"yoast-schema-graph\">{\"@context\":\"https:\\\/\\\/schema.org\",\"@graph\":[{\"@type\":\"WebPage\",\"@id\":\"https:\\\/\\\/tajkertesz.com\\\/termek\\\/tribu-pelletalt-szerves-tragya\\\/\",\"url\":\"https:\\\/\\\/tajkertesz.com\\\/termek\\\/tribu-pelletalt-szerves-tragya\\\/\",\"name\":\"TRIB\u00da pellet\u00e1lt szerves tr\u00e1gya - T\u00e1jkert\u00e9sz\",\"isPartOf\":{\"@id\":\"https:\\\/\\\/tajkertesz.com\\\/#website\"},\"primaryImageOfPage\":{\"@id\":\"https:\\\/\\\/tajkertesz.com\\\/termek\\\/tribu-pelletalt-szerves-tragya\\\/#primaryimage\"},\"image\":{\"@id\":\"https:\\\/\\\/tajkertesz.com\\\/termek\\\/tribu-pelletalt-szerves-tragya\\\/#primaryimage\"},\"thumbnailUrl\":\"https:\\\/\\\/tajkertesz.com\\\/wp-content\\\/uploads\\\/2026\\\/02\\\/f768df448610764d7b0ef3b96fe4fffbtribu.jpg\",\"datePublished\":\"2026-02-16T09:21:01+00:00\",\"dateModified\":\"2026-02-26T11:13:50+00:00\",\"description\":\"TRIB\u00da pellet\u00e1lt szerves tr\u00e1gya term\u00e9szetes alapanyagokb\u00f3l, magas szervesanyag-tartalommal. Talajjav\u00edt\u00f3 hat\u00e1s, hosszan tart\u00f3 t\u00e1panyag-lead\u00e1s.\",\"breadcrumb\":{\"@id\":\"https:\\\/\\\/tajkertesz.com\\\/termek\\\/tribu-pelletalt-szerves-tragya\\\/#breadcrumb\"},\"inLanguage\":\"en-US\",\"potentialAction\":[{\"@type\":\"ReadAction\",\"target\":[\"https:\\\/\\\/tajkertesz.com\\\/termek\\\/tribu-pelletalt-szerves-tragya\\\/\"]}]},{\"@type\":\"ImageObject\",\"inLanguage\":\"en-US\",\"@id\":\"https:\\\/\\\/tajkertesz.com\\\/termek\\\/tribu-pelletalt-szerves-tragya\\\/#primaryimage\",\"url\":\"https:\\\/\\\/tajkertesz.com\\\/wp-content\\\/uploads\\\/2026\\\/02\\\/f768df448610764d7b0ef3b96fe4fffbtribu.jpg\",\"contentUrl\":\"https:\\\/\\\/tajkertesz.com\\\/wp-content\\\/uploads\\\/2026\\\/02\\\/f768df448610764d7b0ef3b96fe4fffbtribu.jpg\",\"width\":1120,\"height\":800,\"caption\":\"TRIB\u00da pellet\u00e1lt szerves tr\u00e1gya\"},{\"@type\":\"BreadcrumbList\",\"@id\":\"https:\\\/\\\/tajkertesz.com\\\/termek\\\/tribu-pelletalt-szerves-tragya\\\/#breadcrumb\",\"itemListElement\":[{\"@type\":\"ListItem\",\"position\":1,\"name\":\"Home\",\"item\":\"https:\\\/\\\/tajkertesz.com\\\/\"},{\"@type\":\"ListItem\",\"position\":2,\"name\":\"Kezd\u0151lap\",\"item\":\"https:\\\/\\\/tajkertesz.com\\\/\"},{\"@type\":\"ListItem\",\"position\":3,\"name\":\"TRIB\u00da pellet\u00e1lt szerves tr\u00e1gya\"}]},{\"@type\":\"WebSite\",\"@id\":\"https:\\\/\\\/tajkertesz.com\\\/#website\",\"url\":\"https:\\\/\\\/tajkertesz.com\\\/\",\"name\":\"T\u00e1j-Kert\u00e9sz 84 Kft.\",\"description\":\"Kert\u00e9szeti kis- \u00e9s nagykeresked\u00e9s, D\u00edszn\u00f6v\u00e9ny web\u00e1ruh\u00e1z orsz\u00e1gos h\u00e1zhozsz\u00e1ll\u00edt\u00e1ssal!\",\"publisher\":{\"@id\":\"https:\\\/\\\/tajkertesz.com\\\/#organization\"},\"potentialAction\":[{\"@type\":\"SearchAction\",\"target\":{\"@type\":\"EntryPoint\",\"urlTemplate\":\"https:\\\/\\\/tajkertesz.com\\\/?s={search_term_string}\"},\"query-input\":{\"@type\":\"PropertyValueSpecification\",\"valueRequired\":true,\"valueName\":\"search_term_string\"}}],\"inLanguage\":\"en-US\"},{\"@type\":\"Organization\",\"@id\":\"https:\\\/\\\/tajkertesz.com\\\/#organization\",\"name\":\"T\u00e1j-Kert\u00e9sz 84 Kft.\",\"url\":\"https:\\\/\\\/tajkertesz.com\\\/\",\"logo\":{\"@type\":\"ImageObject\",\"inLanguage\":\"en-US\",\"@id\":\"https:\\\/\\\/tajkertesz.com\\\/#\\\/schema\\\/logo\\\/image\\\/\",\"url\":\"https:\\\/\\\/tajkertesz.com\\\/wp-content\\\/uploads\\\/2018\\\/02\\\/logo-2-e1518678052539.png\",\"contentUrl\":\"https:\\\/\\\/tajkertesz.com\\\/wp-content\\\/uploads\\\/2018\\\/02\\\/logo-2-e1518678052539.png\",\"width\":81,\"height\":140,\"caption\":\"T\u00e1j-Kert\u00e9sz 84 Kft.\"},\"image\":{\"@id\":\"https:\\\/\\\/tajkertesz.com\\\/#\\\/schema\\\/logo\\\/image\\\/\"},\"sameAs\":[\"https:\\\/\\\/www.facebook.com\\\/Tajkertesz\\\/\"]}]}<\/script>\n<!-- \/ Yoast SEO plugin. -->","yoast_head_json":{"title":"TRIB\u00da pellet\u00e1lt szerves tr\u00e1gya - T\u00e1jkert\u00e9sz","description":"TRIB\u00da pellet\u00e1lt szerves tr\u00e1gya term\u00e9szetes alapanyagokb\u00f3l, magas szervesanyag-tartalommal. Talajjav\u00edt\u00f3 hat\u00e1s, hosszan tart\u00f3 t\u00e1panyag-lead\u00e1s.","robots":{"index":"index","follow":"follow","max-snippet":"max-snippet:-1","max-image-preview":"max-image-preview:large","max-video-preview":"max-video-preview:-1"},"canonical":"https:\/\/tajkertesz.com\/en_US\/product\/tribu-pelletalt-szerves-tragya\/","og_locale":"en_US","og_type":"article","og_title":"TRIB\u00da pellet\u00e1lt szerves tr\u00e1gya - T\u00e1jkert\u00e9sz","og_description":"TRIB\u00da pellet\u00e1lt szerves tr\u00e1gya term\u00e9szetes alapanyagokb\u00f3l, magas szervesanyag-tartalommal. Talajjav\u00edt\u00f3 hat\u00e1s, hosszan tart\u00f3 t\u00e1panyag-lead\u00e1s.","og_url":"https:\/\/tajkertesz.com\/en_US\/product\/tribu-pelletalt-szerves-tragya\/","og_site_name":"T\u00e1jkert\u00e9sz","article_publisher":"https:\/\/www.facebook.com\/Tajkertesz\/","article_modified_time":"2026-02-26T11:13:50+00:00","og_image":[{"width":1120,"height":800,"url":"https:\/\/tajkertesz.com\/wp-content\/uploads\/2026\/02\/f768df448610764d7b0ef3b96fe4fffbtribu.jpg","type":"image\/jpeg"}],"twitter_card":"summary_large_image","twitter_misc":{"Est. reading time":"3 minutes"},"schema":{"@context":"https:\/\/schema.org","@graph":[{"@type":"WebPage","@id":"https:\/\/tajkertesz.com\/termek\/tribu-pelletalt-szerves-tragya\/","url":"https:\/\/tajkertesz.com\/termek\/tribu-pelletalt-szerves-tragya\/","name":"TRIB\u00da pellet\u00e1lt szerves tr\u00e1gya - T\u00e1jkert\u00e9sz","isPartOf":{"@id":"https:\/\/tajkertesz.com\/#website"},"primaryImageOfPage":{"@id":"https:\/\/tajkertesz.com\/termek\/tribu-pelletalt-szerves-tragya\/#primaryimage"},"image":{"@id":"https:\/\/tajkertesz.com\/termek\/tribu-pelletalt-szerves-tragya\/#primaryimage"},"thumbnailUrl":"https:\/\/tajkertesz.com\/wp-content\/uploads\/2026\/02\/f768df448610764d7b0ef3b96fe4fffbtribu.jpg","datePublished":"2026-02-16T09:21:01+00:00","dateModified":"2026-02-26T11:13:50+00:00","description":"TRIB\u00da pellet\u00e1lt szerves tr\u00e1gya term\u00e9szetes alapanyagokb\u00f3l, magas szervesanyag-tartalommal. Talajjav\u00edt\u00f3 hat\u00e1s, hosszan tart\u00f3 t\u00e1panyag-lead\u00e1s.","breadcrumb":{"@id":"https:\/\/tajkertesz.com\/termek\/tribu-pelletalt-szerves-tragya\/#breadcrumb"},"inLanguage":"en-US","potentialAction":[{"@type":"ReadAction","target":["https:\/\/tajkertesz.com\/termek\/tribu-pelletalt-szerves-tragya\/"]}]},{"@type":"ImageObject","inLanguage":"en-US","@id":"https:\/\/tajkertesz.com\/termek\/tribu-pelletalt-szerves-tragya\/#primaryimage","url":"https:\/\/tajkertesz.com\/wp-content\/uploads\/2026\/02\/f768df448610764d7b0ef3b96fe4fffbtribu.jpg","contentUrl":"https:\/\/tajkertesz.com\/wp-content\/uploads\/2026\/02\/f768df448610764d7b0ef3b96fe4fffbtribu.jpg","width":1120,"height":800,"caption":"TRIB\u00da pellet\u00e1lt szerves tr\u00e1gya"},{"@type":"BreadcrumbList","@id":"https:\/\/tajkertesz.com\/termek\/tribu-pelletalt-szerves-tragya\/#breadcrumb","itemListElement":[{"@type":"ListItem","position":1,"name":"Home","item":"https:\/\/tajkertesz.com\/"},{"@type":"ListItem","position":2,"name":"Kezd\u0151lap","item":"https:\/\/tajkertesz.com\/"},{"@type":"ListItem","position":3,"name":"TRIB\u00da pellet\u00e1lt szerves tr\u00e1gya"}]},{"@type":"WebSite","@id":"https:\/\/tajkertesz.com\/#website","url":"https:\/\/tajkertesz.com\/","name":"T\u00e1j-Kert\u00e9sz 84 Kft.","description":"Kert\u00e9szeti kis- \u00e9s nagykeresked\u00e9s, D\u00edszn\u00f6v\u00e9ny web\u00e1ruh\u00e1z orsz\u00e1gos h\u00e1zhozsz\u00e1ll\u00edt\u00e1ssal!","publisher":{"@id":"https:\/\/tajkertesz.com\/#organization"},"potentialAction":[{"@type":"SearchAction","target":{"@type":"EntryPoint","urlTemplate":"https:\/\/tajkertesz.com\/?s={search_term_string}"},"query-input":{"@type":"PropertyValueSpecification","valueRequired":true,"valueName":"search_term_string"}}],"inLanguage":"en-US"},{"@type":"Organization","@id":"https:\/\/tajkertesz.com\/#organization","name":"T\u00e1j-Kert\u00e9sz 84 Kft.","url":"https:\/\/tajkertesz.com\/","logo":{"@type":"ImageObject","inLanguage":"en-US","@id":"https:\/\/tajkertesz.com\/#\/schema\/logo\/image\/","url":"https:\/\/tajkertesz.com\/wp-content\/uploads\/2018\/02\/logo-2-e1518678052539.png","contentUrl":"https:\/\/tajkertesz.com\/wp-content\/uploads\/2018\/02\/logo-2-e1518678052539.png","width":81,"height":140,"caption":"T\u00e1j-Kert\u00e9sz 84 Kft."},"image":{"@id":"https:\/\/tajkertesz.com\/#\/schema\/logo\/image\/"},"sameAs":["https:\/\/www.facebook.com\/Tajkertesz\/"]}]}},"_links":{"self":[{"href":"https:\/\/tajkertesz.com\/en_US\/wp-json\/wp\/v2\/product\/26173","targetHints":{"allow":["GET"]}}],"collection":[{"href":"https:\/\/tajkertesz.com\/en_US\/wp-json\/wp\/v2\/product"}],"about":[{"href":"https:\/\/tajkertesz.com\/en_US\/wp-json\/wp\/v2\/types\/product"}],"wp:featuredmedia":[{"embeddable":true,"href":"https:\/\/tajkertesz.com\/en_US\/wp-json\/wp\/v2\/media\/26174"}],"wp:attachment":[{"href":"https:\/\/tajkertesz.com\/en_US\/wp-json\/wp\/v2\/media?parent=26173"}],"wp:term":[{"taxonomy":"product_brand","embeddable":true,"href":"https:\/\/tajkertesz.com\/en_US\/wp-json\/wp\/v2\/product_brand?post=26173"},{"taxonomy":"product_cat","embeddable":true,"href":"https:\/\/tajkertesz.com\/en_US\/wp-json\/wp\/v2\/product_cat?post=26173"},{"taxonomy":"product_tag","embeddable":true,"href":"https:\/\/tajkertesz.com\/en_US\/wp-json\/wp\/v2\/product_tag?post=26173"}],"curies":[{"name":"wp","href":"https:\/\/api.w.org\/{rel}","templated":true}]}}