{"id":26197,"date":"2026-02-18T09:07:45","date_gmt":"2026-02-18T09:07:45","guid":{"rendered":"https:\/\/tajkertesz.com\/?post_type=product&#038;p=26197"},"modified":"2026-02-18T09:15:37","modified_gmt":"2026-02-18T09:15:37","slug":"dryopteris-filix-mas-erdei-pajzsika","status":"publish","type":"product","link":"https:\/\/tajkertesz.com\/en_US\/product\/dryopteris-filix-mas-erdei-pajzsika\/","title":{"rendered":"Dryopteris filix-mas  &#8211; Erdei pajzsika"},"content":{"rendered":"<h1>Dryopteris filix-mas \u2013 Erdei pajzsika<\/h1>\n<p data-start=\"1260\" data-end=\"1293\">A Dryopteris filix-mas \u2013 Erdei pajzsika az egyik legismertebb \u00e9s legellen\u00e1ll\u00f3bb kerti p\u00e1fr\u00e1ny. Term\u00e9szetes \u00e9l\u0151hely\u00e9n erd\u0151k aljn\u00f6v\u00e9nyzet\u00e9ben fordul el\u0151, \u00edgy kiv\u00e1l\u00f3an alkalmazkodik az \u00e1rny\u00e9kos, f\u00e9l\u00e1rny\u00e9kos k\u00f6rnyezethez.<\/p>\n<p data-start=\"737\" data-end=\"950\">Er\u0151teljes, bokros n\u00f6veked\u00e9s\u0171, \u00edvesen hajl\u00f3, s\u00f6t\u00e9tz\u00f6ld levelei eleg\u00e1ns, term\u00e9szetk\u00f6zeli hangulatot teremtenek. Kifejlett magass\u00e1ga 60\u2013100 cm, \u00edgy j\u00f3l haszn\u00e1lhat\u00f3 h\u00e1tt\u00e9rn\u00f6v\u00e9nyk\u00e9nt vagy \u00e1rny\u00e9kkerti f\u00f3kuszpontk\u00e9nt is.<\/p>\n<h2 data-start=\"952\" data-end=\"989\">Az erdei pajzsika k\u00fcl\u00f6n\u00f6sen aj\u00e1nlott:<\/h2>\n<ul data-start=\"991\" data-end=\"1128\">\n<li data-start=\"991\" data-end=\"1013\">\n<p data-start=\"993\" data-end=\"1013\">\ud83c\udf33 f\u00e1k al\u00e1 \u00fcltetve<\/p>\n<\/li>\n<li data-start=\"1014\" data-end=\"1047\">\n<p data-start=\"1016\" data-end=\"1047\">\ud83c\udf3f \u00e1rny\u00e9kkerti \u00e9vel\u0151\u00e1gy\u00e1sokba<\/p>\n<\/li>\n<li data-start=\"1048\" data-end=\"1083\">\n<p data-start=\"1050\" data-end=\"1083\">\ud83e\udeb4 nagyobb d\u00e9zs\u00e1s be\u00fcltet\u00e9sekbe<\/p>\n<\/li>\n<li data-start=\"1084\" data-end=\"1128\">\n<p data-start=\"1086\" data-end=\"1128\">\ud83c\udf32 term\u00e9szetes, erdei hangulat\u00fa kertekbe<\/p>\n<\/li>\n<\/ul>\n<h3>Dryopteris filix-mas\u00a0jellemz\u0151k:<\/h3>\n<ul data-start=\"1151\" data-end=\"1362\">\n<li data-start=\"1151\" data-end=\"1192\">\n<p data-start=\"1153\" data-end=\"1192\">\ud83c\udf3f N\u00f6v\u00e9ny t\u00edpusa: lombhullat\u00f3 p\u00e1fr\u00e1ny<\/p>\n<\/li>\n<li data-start=\"1193\" data-end=\"1219\">\n<p data-start=\"1195\" data-end=\"1219\">\ud83d\udccf Magass\u00e1g: 60\u2013100 cm<\/p>\n<\/li>\n<li data-start=\"1220\" data-end=\"1255\">\n<p data-start=\"1222\" data-end=\"1255\">\u2600\ufe0f F\u00e9nyig\u00e9ny: \u00e1rny\u00e9k, f\u00e9l\u00e1rny\u00e9k<\/p>\n<\/li>\n<li data-start=\"1256\" data-end=\"1293\">\n<p data-start=\"1258\" data-end=\"1293\">\ud83d\udca7 V\u00edzig\u00e9ny: m\u00e9rs\u00e9kelt, \u00fcde talaj<\/p>\n<\/li>\n<li data-start=\"1294\" data-end=\"1329\">\n<p data-start=\"1296\" data-end=\"1329\">\u2744\ufe0f T\u00e9l\u00e1ll\u00f3s\u00e1g: teljesen t\u00e9l\u00e1ll\u00f3<\/p>\n<\/li>\n<li data-start=\"1330\" data-end=\"1362\">\n<p data-start=\"1332\" data-end=\"1362\">\ud83c\udf31 Gondoz\u00e1s: alacsony ig\u00e9ny\u0171<\/p>\n<\/li>\n<\/ul>\n<p data-start=\"1364\" data-end=\"1510\">A <strong data-start=\"1366\" data-end=\"1390\">Dryopteris filix-mas<\/strong> hossz\u00fa \u00e9let\u0171, megb\u00edzhat\u00f3 d\u00edszn\u00f6v\u00e9ny, amely \u00e9vr\u0151l \u00e9vre egyre d\u00fasabb lombozattal h\u00e1l\u00e1lja meg a megfelel\u0151 \u00fcltet\u00e9si helyet.<\/p>\n<h4><strong>\ud83d\udd04 K\u00e9szletinform\u00e1ci\u00f3<\/strong><\/h4>\n<p><strong>K\u00e9szlet\u00fcnk napi szinten v\u00e1ltozik, \u00edgy a webshopban szerepl<\/strong><strong>\u0151<\/strong><strong>\u00a0term\u00e9kek el\u00e9rhet<\/strong><strong>\u0151<\/strong><strong>s\u00e9ge nem garant\u00e1lt.<br \/>\n\ud83d\udcde A megrendel\u00e9s el<\/strong><strong>\u0151<\/strong><strong>tt k\u00e9rj\u00fck, \u00e9rdekl<\/strong><strong>\u0151<\/strong><strong>dj\u00f6n szem\u00e9lyesen, telefonon vagy e-mailben!<\/strong><\/p>\n<h4><strong>\u27a1\ufe0f Kapcsolat:<\/strong><\/h4>\n<ul>\n<li><strong>Weboldal:\u00a0<\/strong><a href=\"https:\/\/tajkertesz.com\/\"><strong>tajkertesz.com<\/strong><\/a><\/li>\n<li><strong>Facebook:\u00a0<\/strong><a href=\"https:\/\/www.facebook.com\/tajkertesz\/\"><strong>facebook.com\/tajkertesz<\/strong><\/a><\/li>\n<li><strong>Telefonsz\u00e1m, e-mail: +36\/20-319-3770\u00a0<\/strong><a href=\"mailto:tajkerteszaruda@gmail.com\"><strong>tajkerteszaruda@gmail.com<\/strong><\/a><\/li>\n<\/ul>\n<h4><strong>\ud83d\ude9a Sz\u00e1ll\u00edt\u00e1si inform\u00e1ci\u00f3k<\/strong><\/h4>\n<p><strong>A megrendelt n\u00f6v\u00e9nyek kisz\u00e1ll\u00edt\u00e1sa az al\u00e1bbi felt\u00e9telek mellett t\u00f6rt\u00e9nik:<\/strong><\/p>\n<h4><strong>\ud83d\udce6 Fut\u00e1rszolg\u00e1latos sz\u00e1ll\u00edt\u00e1s<\/strong><\/h4>\n<ul>\n<li><strong>Maxim\u00e1lis m\u00e9ret: 200 cm (hossz\u00fas\u00e1g)<\/strong><\/li>\n<li><strong>Maxim\u00e1lis s\u00faly: 40 kg<\/strong><\/li>\n<li><strong>Az enn\u00e9l kisebb \u00e9s k\u00f6nnyebb csomagokat fut\u00e1rszolg\u00e1lattal k\u00e9zbes\u00edtj\u00fck a lehet<\/strong><strong>\u0151<\/strong><strong>\u00a0legbiztons\u00e1gosabb csomagol\u00e1sban.<\/strong><\/li>\n<\/ul>\n<h4><strong>\ud83d\udefb Szem\u00e9lyes \u00e1tv\u00e9tel<\/strong><\/h4>\n<ul>\n<li><strong>1173 Budapest, Bakancsos utca 7. sz\u00e1m alatt nyitvatart\u00e1si id<\/strong><strong>\u0151<\/strong><strong>ben szem\u00e9lyesen \u00e1tvehet<\/strong><strong>\u0151<\/strong><strong>\u00a0kert\u00e9szeti \u00e1rud\u00e1nkban.<\/strong><\/li>\n<li><strong>K\u00f6lts\u00e9ghat\u00e9kony megold\u00e1s nagyobb, t\u00f6r\u00e9kenyebb vagy t\u00falm\u00e9retes n\u00f6v\u00e9nyek eset\u00e9n.<\/strong><\/li>\n<\/ul>\n<h4><strong>\ud83d\udcde Nagy m\u00e9ret<\/strong><strong>\u0171<\/strong><strong>\u00a0vagy s\u00faly\u00fa n\u00f6v\u00e9nyek eset\u00e9n<\/strong><\/h4>\n<p><strong>Ha a term\u00e9k:<\/strong><\/p>\n<ul>\n<li><strong>meghaladja a 200 cm hossz\u00fas\u00e1got vagy<\/strong><\/li>\n<li><strong>meghaladja a 40 kg s\u00falyt,<\/strong><\/li>\n<\/ul>\n<p><strong>akkor szem\u00e9lyes \u00e1tv\u00e9tellel vagy egyedi, el<\/strong><strong>\u0151<\/strong><strong>re egyeztetett sz\u00e1ll\u00edt\u00e1si felt\u00e9telek mellett t\u00f6rt\u00e9nik.<br \/>\nK\u00e9rj\u00fck, ilyen esetben rendel\u00e9s el<\/strong><strong>\u0151<\/strong><strong>tt vegye fel vel\u00fcnk a kapcsolatot, hogy a lehet<\/strong><strong>\u0151<\/strong><strong>\u00a0legmegfelel<\/strong><strong>\u0151<\/strong><strong>bb sz\u00e1ll\u00edt\u00e1si megold\u00e1st k\u00edn\u00e1lhassuk.<\/strong><\/p>\n<p><strong>\ud83d\udd14 Fontos: A n\u00f6v\u00e9nyeket minden esetben igyeksz\u00fcnk gondosan, egyes\u00e9vel csomagolni, azonban a sz\u00e1ll\u00edt\u00e1s sor\u00e1n kisebb eszt\u00e9tikai s\u00e9r\u00fcl\u00e9sek el<\/strong><strong>\u0151<\/strong><strong>fordulhatnak (pl. lev\u00e9lhull\u00e1s). Ez nem min<\/strong><strong>\u0151<\/strong><strong>s\u00fcl hib\u00e1s teljes\u00edt\u00e9snek.<\/strong><\/p>\n<h4><strong>\ud83d\udcf7 Fontos tudni a k\u00e9pekr<\/strong><strong>\u0151<\/strong><strong>l<\/strong><\/h4>\n<p><strong>A webshopban szerepl<\/strong><strong>\u0151<\/strong><strong>\u00a0k\u00e9pek illusztr\u00e1ci\u00f3k, a n\u00f6v\u00e9nyek term\u00e9szet\u00fckn\u00e9l fogva egyediek, \u00edgy m\u00e9retben, alakban \u00e9s sz\u00ednben minim\u00e1lis elt\u00e9r\u00e9sek el<\/strong><strong>\u0151<\/strong><strong>fordulhatnak a k\u00e9pen l\u00e1that\u00f3 \u00e9s a val\u00f3s p\u00e9ld\u00e1nyok k\u00f6z\u00f6tt.<\/strong><\/p>\n<h4><strong>\ud83e\uddfe \u00c1rak \u00e9s el\u00e1ll\u00e1si jog<\/strong><\/h4>\n<ul>\n<li><strong>Az \u00e1rak egy darab\u00a0n\u00f6v\u00e9nyre vonatkoznak.<\/strong><\/li>\n<li><strong>\u00c9l<\/strong><strong>\u0151<\/strong><strong>\u00a0n\u00f6v\u00e9nyek rendel\u00e9se eset\u00e9n a 14 napos el\u00e1ll\u00e1s joga nem \u00e9rv\u00e9nyes\u00edthet<\/strong><strong>\u0151<\/strong><strong>, mivel azok romland\u00f3, biol\u00f3giailag \u00e9l<\/strong><strong>\u0151<\/strong><strong>\u00a0term\u00e9keknek min<\/strong><strong>\u0151<\/strong><strong>s\u00fclnek.<br \/>\n\ud83d\udd12 (17\/1999. (II. 5.) Korm. rendelet 5. \u00a7 c) pontja alapj\u00e1n)<\/strong><\/li>\n<\/ul>\n<h4><strong>\ud83d\udce6 K\u00e9zbes\u00edt\u00e9s ut\u00e1ni teend<\/strong><strong>\u0151<\/strong><strong>k<\/strong><\/h4>\n<p><strong>A k\u00e9zbes\u00edt\u00e9st k\u00f6vet<\/strong><strong>\u0151<\/strong><strong>en a csomagot azonnal bontsuk ki, \u00e9s a n\u00f6v\u00e9nyt helyezz\u00fck el megfelel<\/strong><strong>\u0151<\/strong><strong>\u00a0k\u00f6rnyezetben.<br \/>\nFontos: ha a n\u00f6v\u00e9ny nem r\u00e9szes\u00fcl megfelel<\/strong><strong>\u0151<\/strong><strong>\u00a0gondoz\u00e1sban \u00e9s ennek k\u00f6vetkezt\u00e9ben k\u00e1rosodik vagy elpusztul, felel<\/strong><strong>\u0151<\/strong><strong>ss\u00e9get nem tudunk v\u00e1llalni.<\/strong><\/p>","protected":false},"excerpt":{"rendered":"<p>A <strong data-start=\"305\" data-end=\"352\">Dryopteris filix-mas \u2019Linearis Polydactyla\u2019<\/strong> egy k\u00fcl\u00f6nleges level\u0171, dekorat\u00edv lomb\u00fa p\u00e1fr\u00e1ny. Finoman szeldelt, keskeny levelei eleg\u00e1ns megjelen\u00e9st k\u00f6lcs\u00f6n\u00f6znek \u00e1rny\u00e9kos \u00e9s f\u00e9l\u00e1rny\u00e9kos kertr\u00e9szekben.<\/p>\n<p>M\u00e9rete: 1,5 literes kont\u00e9nerben.<\/p>","protected":false},"featured_media":26198,"template":"","meta":{"_et_pb_use_builder":"","_et_pb_old_content":"","_et_gb_content_width":""},"product_brand":[],"product_cat":[433,3785],"product_tag":[7968,6115,7964,7971,7955,7972,7961,6299,4934,7967,6301],"class_list":{"0":"post-26197","1":"product","2":"type-product","3":"status-publish","4":"has-post-thumbnail","6":"product_cat-evelo-novenyek","7":"product_cat-uj-termekek","8":"product_tag-arnyekkerti-noveny","9":"product_tag-arnyekturo-noveny","10":"product_tag-dryopteris-filix-mas","11":"product_tag-erdei-pajzsika","12":"product_tag-evelo-disznoveny","13":"product_tag-fak-ala-ultetheto","14":"product_tag-felarnyekos-noveny","15":"product_tag-lombdisznoveny","16":"product_tag-pafrany","17":"product_tag-telallo-pafrany","18":"product_tag-termeszetes-kert","20":"first","21":"instock","22":"shipping-taxable","23":"purchasable","24":"product-type-simple"},"yoast_head":"<!-- This site is optimized with the Yoast SEO plugin v27.3 - https:\/\/yoast.com\/product\/yoast-seo-wordpress\/ -->\n<title>Dryopteris filix-mas - Erdei pajzsika - T\u00e1jkert\u00e9sz<\/title>\n<meta name=\"description\" content=\"Dryopteris filix-mas - erdei pajzsika k\u00fcl\u00f6nleges level\u0171, t\u00e9l\u00e1ll\u00f3 p\u00e1fr\u00e1ny \u00e1rny\u00e9kos kertekbe. Eleg\u00e1ns, f\u00e9l\u00e1rny\u00e9kos ter\u00fcletekre.\" \/>\n<meta name=\"robots\" content=\"index, follow, max-snippet:-1, max-image-preview:large, max-video-preview:-1\" \/>\n<link rel=\"canonical\" href=\"https:\/\/tajkertesz.com\/en_US\/product\/dryopteris-filix-mas-erdei-pajzsika\/\" \/>\n<meta property=\"og:locale\" content=\"en_US\" \/>\n<meta property=\"og:type\" content=\"article\" \/>\n<meta property=\"og:title\" content=\"Dryopteris filix-mas - Erdei pajzsika - T\u00e1jkert\u00e9sz\" \/>\n<meta property=\"og:description\" content=\"Dryopteris filix-mas - erdei pajzsika k\u00fcl\u00f6nleges level\u0171, t\u00e9l\u00e1ll\u00f3 p\u00e1fr\u00e1ny \u00e1rny\u00e9kos kertekbe. Eleg\u00e1ns, f\u00e9l\u00e1rny\u00e9kos ter\u00fcletekre.\" \/>\n<meta property=\"og:url\" content=\"https:\/\/tajkertesz.com\/en_US\/product\/dryopteris-filix-mas-erdei-pajzsika\/\" \/>\n<meta property=\"og:site_name\" content=\"T\u00e1jkert\u00e9sz\" \/>\n<meta property=\"article:publisher\" content=\"https:\/\/www.facebook.com\/Tajkertesz\/\" \/>\n<meta property=\"article:modified_time\" content=\"2026-02-18T09:15:37+00:00\" \/>\n<meta property=\"og:image\" content=\"https:\/\/tajkertesz.com\/wp-content\/uploads\/2026\/02\/R-5.jpg\" \/>\n\t<meta property=\"og:image:width\" content=\"718\" \/>\n\t<meta property=\"og:image:height\" content=\"570\" \/>\n\t<meta property=\"og:image:type\" content=\"image\/jpeg\" \/>\n<meta name=\"twitter:card\" content=\"summary_large_image\" \/>\n<meta name=\"twitter:label1\" content=\"Est. reading time\" \/>\n\t<meta name=\"twitter:data1\" content=\"3 minutes\" \/>\n<script type=\"application\/ld+json\" class=\"yoast-schema-graph\">{\"@context\":\"https:\\\/\\\/schema.org\",\"@graph\":[{\"@type\":\"WebPage\",\"@id\":\"https:\\\/\\\/tajkertesz.com\\\/termek\\\/dryopteris-filix-mas-erdei-pajzsika\\\/\",\"url\":\"https:\\\/\\\/tajkertesz.com\\\/termek\\\/dryopteris-filix-mas-erdei-pajzsika\\\/\",\"name\":\"Dryopteris filix-mas - Erdei pajzsika - T\u00e1jkert\u00e9sz\",\"isPartOf\":{\"@id\":\"https:\\\/\\\/tajkertesz.com\\\/#website\"},\"primaryImageOfPage\":{\"@id\":\"https:\\\/\\\/tajkertesz.com\\\/termek\\\/dryopteris-filix-mas-erdei-pajzsika\\\/#primaryimage\"},\"image\":{\"@id\":\"https:\\\/\\\/tajkertesz.com\\\/termek\\\/dryopteris-filix-mas-erdei-pajzsika\\\/#primaryimage\"},\"thumbnailUrl\":\"https:\\\/\\\/tajkertesz.com\\\/wp-content\\\/uploads\\\/2026\\\/02\\\/R-5.jpg\",\"datePublished\":\"2026-02-18T09:07:45+00:00\",\"dateModified\":\"2026-02-18T09:15:37+00:00\",\"description\":\"Dryopteris filix-mas - erdei pajzsika k\u00fcl\u00f6nleges level\u0171, t\u00e9l\u00e1ll\u00f3 p\u00e1fr\u00e1ny \u00e1rny\u00e9kos kertekbe. Eleg\u00e1ns, f\u00e9l\u00e1rny\u00e9kos ter\u00fcletekre.\",\"breadcrumb\":{\"@id\":\"https:\\\/\\\/tajkertesz.com\\\/termek\\\/dryopteris-filix-mas-erdei-pajzsika\\\/#breadcrumb\"},\"inLanguage\":\"en-US\",\"potentialAction\":[{\"@type\":\"ReadAction\",\"target\":[\"https:\\\/\\\/tajkertesz.com\\\/termek\\\/dryopteris-filix-mas-erdei-pajzsika\\\/\"]}]},{\"@type\":\"ImageObject\",\"inLanguage\":\"en-US\",\"@id\":\"https:\\\/\\\/tajkertesz.com\\\/termek\\\/dryopteris-filix-mas-erdei-pajzsika\\\/#primaryimage\",\"url\":\"https:\\\/\\\/tajkertesz.com\\\/wp-content\\\/uploads\\\/2026\\\/02\\\/R-5.jpg\",\"contentUrl\":\"https:\\\/\\\/tajkertesz.com\\\/wp-content\\\/uploads\\\/2026\\\/02\\\/R-5.jpg\",\"width\":718,\"height\":570,\"caption\":\"Dryopteris filix-mas\"},{\"@type\":\"BreadcrumbList\",\"@id\":\"https:\\\/\\\/tajkertesz.com\\\/termek\\\/dryopteris-filix-mas-erdei-pajzsika\\\/#breadcrumb\",\"itemListElement\":[{\"@type\":\"ListItem\",\"position\":1,\"name\":\"Home\",\"item\":\"https:\\\/\\\/tajkertesz.com\\\/\"},{\"@type\":\"ListItem\",\"position\":2,\"name\":\"Kezd\u0151lap\",\"item\":\"https:\\\/\\\/tajkertesz.com\\\/\"},{\"@type\":\"ListItem\",\"position\":3,\"name\":\"Dryopteris filix-mas &#8211; Erdei pajzsika\"}]},{\"@type\":\"WebSite\",\"@id\":\"https:\\\/\\\/tajkertesz.com\\\/#website\",\"url\":\"https:\\\/\\\/tajkertesz.com\\\/\",\"name\":\"T\u00e1j-Kert\u00e9sz 84 Kft.\",\"description\":\"Kert\u00e9szeti kis- \u00e9s nagykeresked\u00e9s, D\u00edszn\u00f6v\u00e9ny web\u00e1ruh\u00e1z orsz\u00e1gos h\u00e1zhozsz\u00e1ll\u00edt\u00e1ssal!\",\"publisher\":{\"@id\":\"https:\\\/\\\/tajkertesz.com\\\/#organization\"},\"potentialAction\":[{\"@type\":\"SearchAction\",\"target\":{\"@type\":\"EntryPoint\",\"urlTemplate\":\"https:\\\/\\\/tajkertesz.com\\\/?s={search_term_string}\"},\"query-input\":{\"@type\":\"PropertyValueSpecification\",\"valueRequired\":true,\"valueName\":\"search_term_string\"}}],\"inLanguage\":\"en-US\"},{\"@type\":\"Organization\",\"@id\":\"https:\\\/\\\/tajkertesz.com\\\/#organization\",\"name\":\"T\u00e1j-Kert\u00e9sz 84 Kft.\",\"url\":\"https:\\\/\\\/tajkertesz.com\\\/\",\"logo\":{\"@type\":\"ImageObject\",\"inLanguage\":\"en-US\",\"@id\":\"https:\\\/\\\/tajkertesz.com\\\/#\\\/schema\\\/logo\\\/image\\\/\",\"url\":\"https:\\\/\\\/tajkertesz.com\\\/wp-content\\\/uploads\\\/2018\\\/02\\\/logo-2-e1518678052539.png\",\"contentUrl\":\"https:\\\/\\\/tajkertesz.com\\\/wp-content\\\/uploads\\\/2018\\\/02\\\/logo-2-e1518678052539.png\",\"width\":81,\"height\":140,\"caption\":\"T\u00e1j-Kert\u00e9sz 84 Kft.\"},\"image\":{\"@id\":\"https:\\\/\\\/tajkertesz.com\\\/#\\\/schema\\\/logo\\\/image\\\/\"},\"sameAs\":[\"https:\\\/\\\/www.facebook.com\\\/Tajkertesz\\\/\"]}]}<\/script>\n<!-- \/ Yoast SEO plugin. -->","yoast_head_json":{"title":"Dryopteris filix-mas - Erdei pajzsika - T\u00e1jkert\u00e9sz","description":"Dryopteris filix-mas - erdei pajzsika k\u00fcl\u00f6nleges level\u0171, t\u00e9l\u00e1ll\u00f3 p\u00e1fr\u00e1ny \u00e1rny\u00e9kos kertekbe. Eleg\u00e1ns, f\u00e9l\u00e1rny\u00e9kos ter\u00fcletekre.","robots":{"index":"index","follow":"follow","max-snippet":"max-snippet:-1","max-image-preview":"max-image-preview:large","max-video-preview":"max-video-preview:-1"},"canonical":"https:\/\/tajkertesz.com\/en_US\/product\/dryopteris-filix-mas-erdei-pajzsika\/","og_locale":"en_US","og_type":"article","og_title":"Dryopteris filix-mas - Erdei pajzsika - T\u00e1jkert\u00e9sz","og_description":"Dryopteris filix-mas - erdei pajzsika k\u00fcl\u00f6nleges level\u0171, t\u00e9l\u00e1ll\u00f3 p\u00e1fr\u00e1ny \u00e1rny\u00e9kos kertekbe. Eleg\u00e1ns, f\u00e9l\u00e1rny\u00e9kos ter\u00fcletekre.","og_url":"https:\/\/tajkertesz.com\/en_US\/product\/dryopteris-filix-mas-erdei-pajzsika\/","og_site_name":"T\u00e1jkert\u00e9sz","article_publisher":"https:\/\/www.facebook.com\/Tajkertesz\/","article_modified_time":"2026-02-18T09:15:37+00:00","og_image":[{"width":718,"height":570,"url":"https:\/\/tajkertesz.com\/wp-content\/uploads\/2026\/02\/R-5.jpg","type":"image\/jpeg"}],"twitter_card":"summary_large_image","twitter_misc":{"Est. reading time":"3 minutes"},"schema":{"@context":"https:\/\/schema.org","@graph":[{"@type":"WebPage","@id":"https:\/\/tajkertesz.com\/termek\/dryopteris-filix-mas-erdei-pajzsika\/","url":"https:\/\/tajkertesz.com\/termek\/dryopteris-filix-mas-erdei-pajzsika\/","name":"Dryopteris filix-mas - Erdei pajzsika - T\u00e1jkert\u00e9sz","isPartOf":{"@id":"https:\/\/tajkertesz.com\/#website"},"primaryImageOfPage":{"@id":"https:\/\/tajkertesz.com\/termek\/dryopteris-filix-mas-erdei-pajzsika\/#primaryimage"},"image":{"@id":"https:\/\/tajkertesz.com\/termek\/dryopteris-filix-mas-erdei-pajzsika\/#primaryimage"},"thumbnailUrl":"https:\/\/tajkertesz.com\/wp-content\/uploads\/2026\/02\/R-5.jpg","datePublished":"2026-02-18T09:07:45+00:00","dateModified":"2026-02-18T09:15:37+00:00","description":"Dryopteris filix-mas - erdei pajzsika k\u00fcl\u00f6nleges level\u0171, t\u00e9l\u00e1ll\u00f3 p\u00e1fr\u00e1ny \u00e1rny\u00e9kos kertekbe. Eleg\u00e1ns, f\u00e9l\u00e1rny\u00e9kos ter\u00fcletekre.","breadcrumb":{"@id":"https:\/\/tajkertesz.com\/termek\/dryopteris-filix-mas-erdei-pajzsika\/#breadcrumb"},"inLanguage":"en-US","potentialAction":[{"@type":"ReadAction","target":["https:\/\/tajkertesz.com\/termek\/dryopteris-filix-mas-erdei-pajzsika\/"]}]},{"@type":"ImageObject","inLanguage":"en-US","@id":"https:\/\/tajkertesz.com\/termek\/dryopteris-filix-mas-erdei-pajzsika\/#primaryimage","url":"https:\/\/tajkertesz.com\/wp-content\/uploads\/2026\/02\/R-5.jpg","contentUrl":"https:\/\/tajkertesz.com\/wp-content\/uploads\/2026\/02\/R-5.jpg","width":718,"height":570,"caption":"Dryopteris filix-mas"},{"@type":"BreadcrumbList","@id":"https:\/\/tajkertesz.com\/termek\/dryopteris-filix-mas-erdei-pajzsika\/#breadcrumb","itemListElement":[{"@type":"ListItem","position":1,"name":"Home","item":"https:\/\/tajkertesz.com\/"},{"@type":"ListItem","position":2,"name":"Kezd\u0151lap","item":"https:\/\/tajkertesz.com\/"},{"@type":"ListItem","position":3,"name":"Dryopteris filix-mas &#8211; Erdei pajzsika"}]},{"@type":"WebSite","@id":"https:\/\/tajkertesz.com\/#website","url":"https:\/\/tajkertesz.com\/","name":"T\u00e1j-Kert\u00e9sz 84 Kft.","description":"Kert\u00e9szeti kis- \u00e9s nagykeresked\u00e9s, D\u00edszn\u00f6v\u00e9ny web\u00e1ruh\u00e1z orsz\u00e1gos h\u00e1zhozsz\u00e1ll\u00edt\u00e1ssal!","publisher":{"@id":"https:\/\/tajkertesz.com\/#organization"},"potentialAction":[{"@type":"SearchAction","target":{"@type":"EntryPoint","urlTemplate":"https:\/\/tajkertesz.com\/?s={search_term_string}"},"query-input":{"@type":"PropertyValueSpecification","valueRequired":true,"valueName":"search_term_string"}}],"inLanguage":"en-US"},{"@type":"Organization","@id":"https:\/\/tajkertesz.com\/#organization","name":"T\u00e1j-Kert\u00e9sz 84 Kft.","url":"https:\/\/tajkertesz.com\/","logo":{"@type":"ImageObject","inLanguage":"en-US","@id":"https:\/\/tajkertesz.com\/#\/schema\/logo\/image\/","url":"https:\/\/tajkertesz.com\/wp-content\/uploads\/2018\/02\/logo-2-e1518678052539.png","contentUrl":"https:\/\/tajkertesz.com\/wp-content\/uploads\/2018\/02\/logo-2-e1518678052539.png","width":81,"height":140,"caption":"T\u00e1j-Kert\u00e9sz 84 Kft."},"image":{"@id":"https:\/\/tajkertesz.com\/#\/schema\/logo\/image\/"},"sameAs":["https:\/\/www.facebook.com\/Tajkertesz\/"]}]}},"_links":{"self":[{"href":"https:\/\/tajkertesz.com\/en_US\/wp-json\/wp\/v2\/product\/26197","targetHints":{"allow":["GET"]}}],"collection":[{"href":"https:\/\/tajkertesz.com\/en_US\/wp-json\/wp\/v2\/product"}],"about":[{"href":"https:\/\/tajkertesz.com\/en_US\/wp-json\/wp\/v2\/types\/product"}],"wp:featuredmedia":[{"embeddable":true,"href":"https:\/\/tajkertesz.com\/en_US\/wp-json\/wp\/v2\/media\/26198"}],"wp:attachment":[{"href":"https:\/\/tajkertesz.com\/en_US\/wp-json\/wp\/v2\/media?parent=26197"}],"wp:term":[{"taxonomy":"product_brand","embeddable":true,"href":"https:\/\/tajkertesz.com\/en_US\/wp-json\/wp\/v2\/product_brand?post=26197"},{"taxonomy":"product_cat","embeddable":true,"href":"https:\/\/tajkertesz.com\/en_US\/wp-json\/wp\/v2\/product_cat?post=26197"},{"taxonomy":"product_tag","embeddable":true,"href":"https:\/\/tajkertesz.com\/en_US\/wp-json\/wp\/v2\/product_tag?post=26197"}],"curies":[{"name":"wp","href":"https:\/\/api.w.org\/{rel}","templated":true}]}}