{"id":26204,"date":"2026-02-18T10:55:58","date_gmt":"2026-02-18T10:55:58","guid":{"rendered":"https:\/\/tajkertesz.com\/?post_type=product&#038;p=26204"},"modified":"2026-03-20T14:58:02","modified_gmt":"2026-03-20T14:58:02","slug":"lavandula-angustifolia-hidcote-levendula-2","status":"publish","type":"product","link":"https:\/\/tajkertesz.com\/en_US\/product\/lavandula-angustifolia-hidcote-levendula-2\/","title":{"rendered":"Lavandula angustifolia \u2018Hidcote\u2019 \u2013 Levendula"},"content":{"rendered":"<h1 class=\"LC20lb DKV0Md\">Lavandula angustifolia \u2018Hidcote\u2019 \u2013 Levendula<\/h1>\n<p data-start=\"483\" data-end=\"762\">A Lavandula angustifolia \u2018Hidcote\u2019 \u2013 Levendula\u00a0az egyik legkedveltebb angol levendulafajta, amely m\u00e9ly, s\u00f6t\u00e9tlila vir\u00e1gaival \u00e9s intenz\u00edv illat\u00e1val t\u0171nik ki. Kompakt, szab\u00e1lyos bokrot nevel, ez\u00e9rt kiv\u00e1l\u00f3an alkalmas szeg\u00e9lyn\u00f6v\u00e9nynek, alacsony s\u00f6v\u00e9ny kialak\u00edt\u00e1s\u00e1ra vagy d\u00e9zs\u00e1s \u00fcltet\u00e9sre is.<\/p>\n<p data-start=\"764\" data-end=\"965\">Vir\u00e1gz\u00e1sa j\u00faniust\u00f3l j\u00faliusig tart, megfelel\u0151 visszav\u00e1g\u00e1ssal ak\u00e1r m\u00e1sodvir\u00e1gz\u00e1sra is sz\u00e1m\u00edthatunk. Arom\u00e1s levelei \u00e9s vir\u00e1gai nemcsak d\u00edsz\u00edt\u0151\u00e9rt\u00e9kkel b\u00edrnak, hanem ill\u00f3olaj-tartalmuk miatt is n\u00e9pszer\u0171ek.<\/p>\n<h2 data-start=\"967\" data-end=\"1007\">A Lavandula angustifolia \u2018Hidcote\u2019 ide\u00e1lis v\u00e1laszt\u00e1s:<\/h2>\n<ul data-start=\"1009\" data-end=\"1145\">\n<li data-start=\"1009\" data-end=\"1042\">\n<p data-start=\"1011\" data-end=\"1042\">\ud83c\udf3f napos, sz\u00e1raz kertr\u00e9szekbe<\/p>\n<\/li>\n<li data-start=\"1043\" data-end=\"1079\">\n<p data-start=\"1045\" data-end=\"1079\">\ud83c\udf38 mediterr\u00e1n hangulat\u00fa kertekbe<\/p>\n<\/li>\n<li data-start=\"1080\" data-end=\"1108\">\n<p data-start=\"1082\" data-end=\"1108\">\ud83e\udeb4 balkonl\u00e1d\u00e1ba, d\u00e9zs\u00e1ba<\/p>\n<\/li>\n<li data-start=\"1109\" data-end=\"1145\">\n<p data-start=\"1111\" data-end=\"1145\">\ud83d\udc1d m\u00e9h- \u00e9s beporz\u00f3bar\u00e1t kertekbe<\/p>\n<\/li>\n<\/ul>\n<h3 class=\"LC20lb DKV0Md\">Levendula\u00a0jellemz\u0151k:<\/h3>\n<ul data-start=\"1168\" data-end=\"1429\">\n<li data-start=\"1168\" data-end=\"1205\">\n<p data-start=\"1170\" data-end=\"1205\">\ud83c\udf3f N\u00f6v\u00e9ny t\u00edpusa: \u00e9vel\u0151 f\u00e9lcserje<\/p>\n<\/li>\n<li data-start=\"1206\" data-end=\"1231\">\n<p data-start=\"1208\" data-end=\"1231\">\ud83d\udccf Magass\u00e1g: 30\u201350 cm<\/p>\n<\/li>\n<li data-start=\"1232\" data-end=\"1292\">\n<p data-start=\"1234\" data-end=\"1292\">\ud83c\udf38 Vir\u00e1gz\u00e1s: j\u00fanius \u2013 j\u00falius (visszav\u00e1g\u00e1ssal ism\u00e9telhet)<\/p>\n<\/li>\n<li data-start=\"1293\" data-end=\"1323\">\n<p data-start=\"1295\" data-end=\"1323\">\u2600\ufe0f F\u00e9nyig\u00e9ny: napos fekv\u00e9s<\/p>\n<\/li>\n<li data-start=\"1324\" data-end=\"1372\">\n<p data-start=\"1326\" data-end=\"1372\">\ud83d\udca7 V\u00edzig\u00e9ny: alacsony, j\u00f3 v\u00edz\u00e1tereszt\u0151 talaj<\/p>\n<\/li>\n<li data-start=\"1373\" data-end=\"1399\">\n<p data-start=\"1375\" data-end=\"1399\">\u2744\ufe0f T\u00e9l\u00e1ll\u00f3s\u00e1g: t\u00e9l\u00e1ll\u00f3<\/p>\n<\/li>\n<li data-start=\"1400\" data-end=\"1429\">\n<p data-start=\"1402\" data-end=\"1429\">\ud83c\udf31 Illatos, arom\u00e1s n\u00f6v\u00e9ny<\/p>\n<\/li>\n<\/ul>\n<p data-start=\"1431\" data-end=\"1589\">A <strong data-start=\"1433\" data-end=\"1469\">Lavandula angustifolia \u2018Hidcote\u2019<\/strong> hossz\u00fa \u00e9let\u0171, sz\u00e1razs\u00e1gt\u0171r\u0151, kev\u00e9s gondoz\u00e1st ig\u00e9nyl\u0151 levendulafajta, amely eg\u00e9sz ny\u00e1ron meghat\u00e1rozza a kert hangulat\u00e1t.<\/p>\n<h4><strong>\ud83d\udd04 K\u00e9szletinform\u00e1ci\u00f3<\/strong><\/h4>\n<p><strong>K\u00e9szlet\u00fcnk napi szinten v\u00e1ltozik, \u00edgy a webshopban szerepl<\/strong><strong>\u0151<\/strong><strong>\u00a0term\u00e9kek el\u00e9rhet<\/strong><strong>\u0151<\/strong><strong>s\u00e9ge nem garant\u00e1lt.<br \/>\n\ud83d\udcde A megrendel\u00e9s el<\/strong><strong>\u0151<\/strong><strong>tt k\u00e9rj\u00fck, \u00e9rdekl<\/strong><strong>\u0151<\/strong><strong>dj\u00f6n szem\u00e9lyesen, telefonon vagy e-mailben!<\/strong><\/p>\n<h4><strong>\u27a1\ufe0f Kapcsolat:<\/strong><\/h4>\n<ul>\n<li><strong>Weboldal:\u00a0<\/strong><a href=\"https:\/\/tajkertesz.com\/\"><strong>tajkertesz.com<\/strong><\/a><\/li>\n<li><strong>Facebook:\u00a0<\/strong><a href=\"https:\/\/www.facebook.com\/tajkertesz\/\"><strong>facebook.com\/tajkertesz<\/strong><\/a><\/li>\n<li><strong>Telefonsz\u00e1m, e-mail: +36\/20-319-3770\u00a0<\/strong><a href=\"mailto:tajkerteszaruda@gmail.com\"><strong>tajkerteszaruda@gmail.com<\/strong><\/a><\/li>\n<\/ul>\n<h4><strong>\ud83d\ude9a Sz\u00e1ll\u00edt\u00e1si inform\u00e1ci\u00f3k<\/strong><\/h4>\n<p><strong>A megrendelt n\u00f6v\u00e9nyek kisz\u00e1ll\u00edt\u00e1sa az al\u00e1bbi felt\u00e9telek mellett t\u00f6rt\u00e9nik:<\/strong><\/p>\n<h4><strong>\ud83d\udce6 Fut\u00e1rszolg\u00e1latos sz\u00e1ll\u00edt\u00e1s<\/strong><\/h4>\n<ul>\n<li><strong>Maxim\u00e1lis m\u00e9ret: 200 cm (hossz\u00fas\u00e1g)<\/strong><\/li>\n<li><strong>Maxim\u00e1lis s\u00faly: 40 kg<\/strong><\/li>\n<li><strong>Az enn\u00e9l kisebb \u00e9s k\u00f6nnyebb csomagokat fut\u00e1rszolg\u00e1lattal k\u00e9zbes\u00edtj\u00fck a lehet<\/strong><strong>\u0151<\/strong><strong>\u00a0legbiztons\u00e1gosabb csomagol\u00e1sban.<\/strong><\/li>\n<\/ul>\n<h4><strong>\ud83d\udefb Szem\u00e9lyes \u00e1tv\u00e9tel<\/strong><\/h4>\n<ul>\n<li><strong>1173 Budapest, Bakancsos utca 7. sz\u00e1m alatt nyitvatart\u00e1si id<\/strong><strong>\u0151<\/strong><strong>ben szem\u00e9lyesen \u00e1tvehet<\/strong><strong>\u0151<\/strong><strong>\u00a0kert\u00e9szeti \u00e1rud\u00e1nkban.<\/strong><\/li>\n<li><strong>K\u00f6lts\u00e9ghat\u00e9kony megold\u00e1s nagyobb, t\u00f6r\u00e9kenyebb vagy t\u00falm\u00e9retes n\u00f6v\u00e9nyek eset\u00e9n.<\/strong><\/li>\n<\/ul>\n<h4><strong>\ud83d\udcde Nagy m\u00e9ret<\/strong><strong>\u0171<\/strong><strong>\u00a0vagy s\u00faly\u00fa n\u00f6v\u00e9nyek eset\u00e9n<\/strong><\/h4>\n<p><strong>Ha a term\u00e9k:<\/strong><\/p>\n<ul>\n<li><strong>meghaladja a 200 cm hossz\u00fas\u00e1got vagy<\/strong><\/li>\n<li><strong>meghaladja a 40 kg s\u00falyt,<\/strong><\/li>\n<\/ul>\n<p><strong>akkor szem\u00e9lyes \u00e1tv\u00e9tellel vagy egyedi, el<\/strong><strong>\u0151<\/strong><strong>re egyeztetett sz\u00e1ll\u00edt\u00e1si felt\u00e9telek mellett t\u00f6rt\u00e9nik.<br \/>\nK\u00e9rj\u00fck, ilyen esetben rendel\u00e9s el<\/strong><strong>\u0151<\/strong><strong>tt vegye fel vel\u00fcnk a kapcsolatot, hogy a lehet<\/strong><strong>\u0151<\/strong><strong>\u00a0legmegfelel<\/strong><strong>\u0151<\/strong><strong>bb sz\u00e1ll\u00edt\u00e1si megold\u00e1st k\u00edn\u00e1lhassuk.<\/strong><\/p>\n<p><strong>\ud83d\udd14 Fontos: A n\u00f6v\u00e9nyeket minden esetben igyeksz\u00fcnk gondosan, egyes\u00e9vel csomagolni, azonban a sz\u00e1ll\u00edt\u00e1s sor\u00e1n kisebb eszt\u00e9tikai s\u00e9r\u00fcl\u00e9sek el<\/strong><strong>\u0151<\/strong><strong>fordulhatnak (pl. lev\u00e9lhull\u00e1s). Ez nem min<\/strong><strong>\u0151<\/strong><strong>s\u00fcl hib\u00e1s teljes\u00edt\u00e9snek.<\/strong><\/p>\n<h4><strong>\ud83d\udcf7 Fontos tudni a k\u00e9pekr<\/strong><strong>\u0151<\/strong><strong>l<\/strong><\/h4>\n<p><strong>A webshopban szerepl<\/strong><strong>\u0151<\/strong><strong>\u00a0k\u00e9pek illusztr\u00e1ci\u00f3k, a n\u00f6v\u00e9nyek term\u00e9szet\u00fckn\u00e9l fogva egyediek, \u00edgy m\u00e9retben, alakban \u00e9s sz\u00ednben minim\u00e1lis elt\u00e9r\u00e9sek el<\/strong><strong>\u0151<\/strong><strong>fordulhatnak a k\u00e9pen l\u00e1that\u00f3 \u00e9s a val\u00f3s p\u00e9ld\u00e1nyok k\u00f6z\u00f6tt.<\/strong><\/p>\n<h4><strong>\ud83e\uddfe \u00c1rak \u00e9s el\u00e1ll\u00e1si jog<\/strong><\/h4>\n<ul>\n<li><strong>Az \u00e1rak egy darab\u00a0n\u00f6v\u00e9nyre vonatkoznak.<\/strong><\/li>\n<li><strong>\u00c9l<\/strong><strong>\u0151<\/strong><strong>\u00a0n\u00f6v\u00e9nyek rendel\u00e9se eset\u00e9n a 14 napos el\u00e1ll\u00e1s joga nem \u00e9rv\u00e9nyes\u00edthet<\/strong><strong>\u0151<\/strong><strong>, mivel azok romland\u00f3, biol\u00f3giailag \u00e9l<\/strong><strong>\u0151<\/strong><strong>\u00a0term\u00e9keknek min<\/strong><strong>\u0151<\/strong><strong>s\u00fclnek.<br \/>\n\ud83d\udd12 (17\/1999. (II. 5.) Korm. rendelet 5. \u00a7 c) pontja alapj\u00e1n)<\/strong><\/li>\n<\/ul>\n<h4><strong>\ud83d\udce6 K\u00e9zbes\u00edt\u00e9s ut\u00e1ni teend<\/strong><strong>\u0151<\/strong><strong>k<\/strong><\/h4>\n<p><strong>A k\u00e9zbes\u00edt\u00e9st k\u00f6vet<\/strong><strong>\u0151<\/strong><strong>en a csomagot azonnal bontsuk ki, \u00e9s a n\u00f6v\u00e9nyt helyezz\u00fck el megfelel<\/strong><strong>\u0151<\/strong><strong>\u00a0k\u00f6rnyezetben.<br \/>\nFontos: ha a n\u00f6v\u00e9ny nem r\u00e9szes\u00fcl megfelel<\/strong><strong>\u0151<\/strong><strong>\u00a0gondoz\u00e1sban \u00e9s ennek k\u00f6vetkezt\u00e9ben k\u00e1rosodik vagy elpusztul, felel<\/strong><strong>\u0151<\/strong><strong>ss\u00e9get nem tudunk v\u00e1llalni.<\/strong><\/p>","protected":false},"excerpt":{"rendered":"<p>A <strong data-start=\"252\" data-end=\"288\">Lavandula angustifolia \u2018Hidcote\u2019<\/strong> kompakt n\u00f6veked\u00e9s\u0171, s\u00f6t\u00e9tlila vir\u00e1g\u00fa angol levendula. Intenz\u00edv illat\u00fa, hosszan vir\u00e1gz\u00f3, t\u00e9l\u00e1ll\u00f3 \u00e9vel\u0151, amely napos kertek \u00e9s szeg\u00e9lyek d\u00edsze.<\/p>\n<p>M\u00e9rete: 12 cm-es cser\u00e9pben, 20-30 cm magas.<\/p>","protected":false},"featured_media":9583,"template":"","meta":{"_et_pb_use_builder":"","_et_pb_old_content":"","_et_gb_content_width":""},"product_brand":[],"product_cat":[433],"product_tag":[7979,7981,7978,7456,7977,5734,6291,5995,6110,7954,5862,5874,7980],"class_list":{"0":"post-26204","1":"product","2":"type-product","3":"status-publish","4":"has-post-thumbnail","6":"product_cat-evelo-novenyek","7":"product_tag-angol-levendula","8":"product_tag-evelo-felcserje","9":"product_tag-hidcote-levendula","10":"product_tag-illatos-noveny","11":"product_tag-lavandula-angustifolia-hidcote","12":"product_tag-levendula","13":"product_tag-lila-virag","14":"product_tag-mediterran-kert","15":"product_tag-mehbarat-noveny","16":"product_tag-napos-kertbe","17":"product_tag-szarazsagturo-noveny","18":"product_tag-szegelynoveny","19":"product_tag-telallo-levendula","21":"first","22":"outofstock","23":"shipping-taxable","24":"product-type-simple"},"yoast_head":"<!-- This site is optimized with the Yoast SEO plugin v27.3 - https:\/\/yoast.com\/product\/yoast-seo-wordpress\/ -->\n<title>Lavandula angustifolia \u2018Hidcote\u2019 \u2013 Levendula - T\u00e1jkert\u00e9sz<\/title>\n<meta name=\"description\" content=\"Lavandula angustifolia \u2018Hidcote\u2019 \u2013 Levendula s\u00f6t\u00e9tlila, illatos angol levendula. sz\u00e1razs\u00e1gt\u0171r\u0151 \u00e9vel\u0151 kertekbe \u00e9s szeg\u00e9lyekhez.\" \/>\n<meta name=\"robots\" content=\"index, follow, max-snippet:-1, max-image-preview:large, max-video-preview:-1\" \/>\n<link rel=\"canonical\" href=\"https:\/\/tajkertesz.com\/en_US\/product\/lavandula-angustifolia-hidcote-levendula-2\/\" \/>\n<meta property=\"og:locale\" content=\"en_US\" \/>\n<meta property=\"og:type\" content=\"article\" \/>\n<meta property=\"og:title\" content=\"Lavandula angustifolia \u2018Hidcote\u2019 \u2013 Levendula - T\u00e1jkert\u00e9sz\" \/>\n<meta property=\"og:description\" content=\"Lavandula angustifolia \u2018Hidcote\u2019 \u2013 Levendula s\u00f6t\u00e9tlila, illatos angol levendula. sz\u00e1razs\u00e1gt\u0171r\u0151 \u00e9vel\u0151 kertekbe \u00e9s szeg\u00e9lyekhez.\" \/>\n<meta property=\"og:url\" content=\"https:\/\/tajkertesz.com\/en_US\/product\/lavandula-angustifolia-hidcote-levendula-2\/\" \/>\n<meta property=\"og:site_name\" content=\"T\u00e1jkert\u00e9sz\" \/>\n<meta property=\"article:publisher\" content=\"https:\/\/www.facebook.com\/Tajkertesz\/\" \/>\n<meta property=\"article:modified_time\" content=\"2026-03-20T14:58:02+00:00\" \/>\n<meta property=\"og:image\" content=\"https:\/\/tajkertesz.com\/wp-content\/uploads\/2021\/09\/IMG_20210917_083206.jpg\" \/>\n\t<meta property=\"og:image:width\" content=\"675\" \/>\n\t<meta property=\"og:image:height\" content=\"600\" \/>\n\t<meta property=\"og:image:type\" content=\"image\/jpeg\" \/>\n<meta name=\"twitter:card\" content=\"summary_large_image\" \/>\n<meta name=\"twitter:label1\" content=\"Est. reading time\" \/>\n\t<meta name=\"twitter:data1\" content=\"3 minutes\" \/>\n<script type=\"application\/ld+json\" class=\"yoast-schema-graph\">{\"@context\":\"https:\\\/\\\/schema.org\",\"@graph\":[{\"@type\":\"WebPage\",\"@id\":\"https:\\\/\\\/tajkertesz.com\\\/termek\\\/lavandula-angustifolia-hidcote-levendula-2\\\/\",\"url\":\"https:\\\/\\\/tajkertesz.com\\\/termek\\\/lavandula-angustifolia-hidcote-levendula-2\\\/\",\"name\":\"Lavandula angustifolia \u2018Hidcote\u2019 \u2013 Levendula - T\u00e1jkert\u00e9sz\",\"isPartOf\":{\"@id\":\"https:\\\/\\\/tajkertesz.com\\\/#website\"},\"primaryImageOfPage\":{\"@id\":\"https:\\\/\\\/tajkertesz.com\\\/termek\\\/lavandula-angustifolia-hidcote-levendula-2\\\/#primaryimage\"},\"image\":{\"@id\":\"https:\\\/\\\/tajkertesz.com\\\/termek\\\/lavandula-angustifolia-hidcote-levendula-2\\\/#primaryimage\"},\"thumbnailUrl\":\"https:\\\/\\\/tajkertesz.com\\\/wp-content\\\/uploads\\\/2021\\\/09\\\/IMG_20210917_083206.jpg\",\"datePublished\":\"2026-02-18T10:55:58+00:00\",\"dateModified\":\"2026-03-20T14:58:02+00:00\",\"description\":\"Lavandula angustifolia \u2018Hidcote\u2019 \u2013 Levendula s\u00f6t\u00e9tlila, illatos angol levendula. sz\u00e1razs\u00e1gt\u0171r\u0151 \u00e9vel\u0151 kertekbe \u00e9s szeg\u00e9lyekhez.\",\"breadcrumb\":{\"@id\":\"https:\\\/\\\/tajkertesz.com\\\/termek\\\/lavandula-angustifolia-hidcote-levendula-2\\\/#breadcrumb\"},\"inLanguage\":\"en-US\",\"potentialAction\":[{\"@type\":\"ReadAction\",\"target\":[\"https:\\\/\\\/tajkertesz.com\\\/termek\\\/lavandula-angustifolia-hidcote-levendula-2\\\/\"]}]},{\"@type\":\"ImageObject\",\"inLanguage\":\"en-US\",\"@id\":\"https:\\\/\\\/tajkertesz.com\\\/termek\\\/lavandula-angustifolia-hidcote-levendula-2\\\/#primaryimage\",\"url\":\"https:\\\/\\\/tajkertesz.com\\\/wp-content\\\/uploads\\\/2021\\\/09\\\/IMG_20210917_083206.jpg\",\"contentUrl\":\"https:\\\/\\\/tajkertesz.com\\\/wp-content\\\/uploads\\\/2021\\\/09\\\/IMG_20210917_083206.jpg\",\"width\":675,\"height\":600,\"caption\":\"Lavandula angustifolia \u2018Hidcote\u2019\"},{\"@type\":\"BreadcrumbList\",\"@id\":\"https:\\\/\\\/tajkertesz.com\\\/termek\\\/lavandula-angustifolia-hidcote-levendula-2\\\/#breadcrumb\",\"itemListElement\":[{\"@type\":\"ListItem\",\"position\":1,\"name\":\"Home\",\"item\":\"https:\\\/\\\/tajkertesz.com\\\/\"},{\"@type\":\"ListItem\",\"position\":2,\"name\":\"Kezd\u0151lap\",\"item\":\"https:\\\/\\\/tajkertesz.com\\\/\"},{\"@type\":\"ListItem\",\"position\":3,\"name\":\"Lavandula angustifolia \u2018Hidcote\u2019 \u2013 Levendula\"}]},{\"@type\":\"WebSite\",\"@id\":\"https:\\\/\\\/tajkertesz.com\\\/#website\",\"url\":\"https:\\\/\\\/tajkertesz.com\\\/\",\"name\":\"T\u00e1j-Kert\u00e9sz 84 Kft.\",\"description\":\"Kert\u00e9szeti kis- \u00e9s nagykeresked\u00e9s, D\u00edszn\u00f6v\u00e9ny web\u00e1ruh\u00e1z orsz\u00e1gos h\u00e1zhozsz\u00e1ll\u00edt\u00e1ssal!\",\"publisher\":{\"@id\":\"https:\\\/\\\/tajkertesz.com\\\/#organization\"},\"potentialAction\":[{\"@type\":\"SearchAction\",\"target\":{\"@type\":\"EntryPoint\",\"urlTemplate\":\"https:\\\/\\\/tajkertesz.com\\\/?s={search_term_string}\"},\"query-input\":{\"@type\":\"PropertyValueSpecification\",\"valueRequired\":true,\"valueName\":\"search_term_string\"}}],\"inLanguage\":\"en-US\"},{\"@type\":\"Organization\",\"@id\":\"https:\\\/\\\/tajkertesz.com\\\/#organization\",\"name\":\"T\u00e1j-Kert\u00e9sz 84 Kft.\",\"url\":\"https:\\\/\\\/tajkertesz.com\\\/\",\"logo\":{\"@type\":\"ImageObject\",\"inLanguage\":\"en-US\",\"@id\":\"https:\\\/\\\/tajkertesz.com\\\/#\\\/schema\\\/logo\\\/image\\\/\",\"url\":\"https:\\\/\\\/tajkertesz.com\\\/wp-content\\\/uploads\\\/2018\\\/02\\\/logo-2-e1518678052539.png\",\"contentUrl\":\"https:\\\/\\\/tajkertesz.com\\\/wp-content\\\/uploads\\\/2018\\\/02\\\/logo-2-e1518678052539.png\",\"width\":81,\"height\":140,\"caption\":\"T\u00e1j-Kert\u00e9sz 84 Kft.\"},\"image\":{\"@id\":\"https:\\\/\\\/tajkertesz.com\\\/#\\\/schema\\\/logo\\\/image\\\/\"},\"sameAs\":[\"https:\\\/\\\/www.facebook.com\\\/Tajkertesz\\\/\"]}]}<\/script>\n<!-- \/ Yoast SEO plugin. -->","yoast_head_json":{"title":"Lavandula angustifolia \u2018Hidcote\u2019 \u2013 Levendula - T\u00e1jkert\u00e9sz","description":"Lavandula angustifolia \u2018Hidcote\u2019 \u2013 Levendula s\u00f6t\u00e9tlila, illatos angol levendula. sz\u00e1razs\u00e1gt\u0171r\u0151 \u00e9vel\u0151 kertekbe \u00e9s szeg\u00e9lyekhez.","robots":{"index":"index","follow":"follow","max-snippet":"max-snippet:-1","max-image-preview":"max-image-preview:large","max-video-preview":"max-video-preview:-1"},"canonical":"https:\/\/tajkertesz.com\/en_US\/product\/lavandula-angustifolia-hidcote-levendula-2\/","og_locale":"en_US","og_type":"article","og_title":"Lavandula angustifolia \u2018Hidcote\u2019 \u2013 Levendula - T\u00e1jkert\u00e9sz","og_description":"Lavandula angustifolia \u2018Hidcote\u2019 \u2013 Levendula s\u00f6t\u00e9tlila, illatos angol levendula. sz\u00e1razs\u00e1gt\u0171r\u0151 \u00e9vel\u0151 kertekbe \u00e9s szeg\u00e9lyekhez.","og_url":"https:\/\/tajkertesz.com\/en_US\/product\/lavandula-angustifolia-hidcote-levendula-2\/","og_site_name":"T\u00e1jkert\u00e9sz","article_publisher":"https:\/\/www.facebook.com\/Tajkertesz\/","article_modified_time":"2026-03-20T14:58:02+00:00","og_image":[{"width":675,"height":600,"url":"https:\/\/tajkertesz.com\/wp-content\/uploads\/2021\/09\/IMG_20210917_083206.jpg","type":"image\/jpeg"}],"twitter_card":"summary_large_image","twitter_misc":{"Est. reading time":"3 minutes"},"schema":{"@context":"https:\/\/schema.org","@graph":[{"@type":"WebPage","@id":"https:\/\/tajkertesz.com\/termek\/lavandula-angustifolia-hidcote-levendula-2\/","url":"https:\/\/tajkertesz.com\/termek\/lavandula-angustifolia-hidcote-levendula-2\/","name":"Lavandula angustifolia \u2018Hidcote\u2019 \u2013 Levendula - T\u00e1jkert\u00e9sz","isPartOf":{"@id":"https:\/\/tajkertesz.com\/#website"},"primaryImageOfPage":{"@id":"https:\/\/tajkertesz.com\/termek\/lavandula-angustifolia-hidcote-levendula-2\/#primaryimage"},"image":{"@id":"https:\/\/tajkertesz.com\/termek\/lavandula-angustifolia-hidcote-levendula-2\/#primaryimage"},"thumbnailUrl":"https:\/\/tajkertesz.com\/wp-content\/uploads\/2021\/09\/IMG_20210917_083206.jpg","datePublished":"2026-02-18T10:55:58+00:00","dateModified":"2026-03-20T14:58:02+00:00","description":"Lavandula angustifolia \u2018Hidcote\u2019 \u2013 Levendula s\u00f6t\u00e9tlila, illatos angol levendula. sz\u00e1razs\u00e1gt\u0171r\u0151 \u00e9vel\u0151 kertekbe \u00e9s szeg\u00e9lyekhez.","breadcrumb":{"@id":"https:\/\/tajkertesz.com\/termek\/lavandula-angustifolia-hidcote-levendula-2\/#breadcrumb"},"inLanguage":"en-US","potentialAction":[{"@type":"ReadAction","target":["https:\/\/tajkertesz.com\/termek\/lavandula-angustifolia-hidcote-levendula-2\/"]}]},{"@type":"ImageObject","inLanguage":"en-US","@id":"https:\/\/tajkertesz.com\/termek\/lavandula-angustifolia-hidcote-levendula-2\/#primaryimage","url":"https:\/\/tajkertesz.com\/wp-content\/uploads\/2021\/09\/IMG_20210917_083206.jpg","contentUrl":"https:\/\/tajkertesz.com\/wp-content\/uploads\/2021\/09\/IMG_20210917_083206.jpg","width":675,"height":600,"caption":"Lavandula angustifolia \u2018Hidcote\u2019"},{"@type":"BreadcrumbList","@id":"https:\/\/tajkertesz.com\/termek\/lavandula-angustifolia-hidcote-levendula-2\/#breadcrumb","itemListElement":[{"@type":"ListItem","position":1,"name":"Home","item":"https:\/\/tajkertesz.com\/"},{"@type":"ListItem","position":2,"name":"Kezd\u0151lap","item":"https:\/\/tajkertesz.com\/"},{"@type":"ListItem","position":3,"name":"Lavandula angustifolia \u2018Hidcote\u2019 \u2013 Levendula"}]},{"@type":"WebSite","@id":"https:\/\/tajkertesz.com\/#website","url":"https:\/\/tajkertesz.com\/","name":"T\u00e1j-Kert\u00e9sz 84 Kft.","description":"Kert\u00e9szeti kis- \u00e9s nagykeresked\u00e9s, D\u00edszn\u00f6v\u00e9ny web\u00e1ruh\u00e1z orsz\u00e1gos h\u00e1zhozsz\u00e1ll\u00edt\u00e1ssal!","publisher":{"@id":"https:\/\/tajkertesz.com\/#organization"},"potentialAction":[{"@type":"SearchAction","target":{"@type":"EntryPoint","urlTemplate":"https:\/\/tajkertesz.com\/?s={search_term_string}"},"query-input":{"@type":"PropertyValueSpecification","valueRequired":true,"valueName":"search_term_string"}}],"inLanguage":"en-US"},{"@type":"Organization","@id":"https:\/\/tajkertesz.com\/#organization","name":"T\u00e1j-Kert\u00e9sz 84 Kft.","url":"https:\/\/tajkertesz.com\/","logo":{"@type":"ImageObject","inLanguage":"en-US","@id":"https:\/\/tajkertesz.com\/#\/schema\/logo\/image\/","url":"https:\/\/tajkertesz.com\/wp-content\/uploads\/2018\/02\/logo-2-e1518678052539.png","contentUrl":"https:\/\/tajkertesz.com\/wp-content\/uploads\/2018\/02\/logo-2-e1518678052539.png","width":81,"height":140,"caption":"T\u00e1j-Kert\u00e9sz 84 Kft."},"image":{"@id":"https:\/\/tajkertesz.com\/#\/schema\/logo\/image\/"},"sameAs":["https:\/\/www.facebook.com\/Tajkertesz\/"]}]}},"_links":{"self":[{"href":"https:\/\/tajkertesz.com\/en_US\/wp-json\/wp\/v2\/product\/26204","targetHints":{"allow":["GET"]}}],"collection":[{"href":"https:\/\/tajkertesz.com\/en_US\/wp-json\/wp\/v2\/product"}],"about":[{"href":"https:\/\/tajkertesz.com\/en_US\/wp-json\/wp\/v2\/types\/product"}],"wp:featuredmedia":[{"embeddable":true,"href":"https:\/\/tajkertesz.com\/en_US\/wp-json\/wp\/v2\/media\/9583"}],"wp:attachment":[{"href":"https:\/\/tajkertesz.com\/en_US\/wp-json\/wp\/v2\/media?parent=26204"}],"wp:term":[{"taxonomy":"product_brand","embeddable":true,"href":"https:\/\/tajkertesz.com\/en_US\/wp-json\/wp\/v2\/product_brand?post=26204"},{"taxonomy":"product_cat","embeddable":true,"href":"https:\/\/tajkertesz.com\/en_US\/wp-json\/wp\/v2\/product_cat?post=26204"},{"taxonomy":"product_tag","embeddable":true,"href":"https:\/\/tajkertesz.com\/en_US\/wp-json\/wp\/v2\/product_tag?post=26204"}],"curies":[{"name":"wp","href":"https:\/\/api.w.org\/{rel}","templated":true}]}}