{"id":26246,"date":"2026-02-24T07:36:34","date_gmt":"2026-02-24T07:36:34","guid":{"rendered":"https:\/\/tajkertesz.com\/?post_type=product&#038;p=26246"},"modified":"2026-02-24T07:38:26","modified_gmt":"2026-02-24T07:38:26","slug":"bosc-kobak-korte-2","status":"publish","type":"product","link":"https:\/\/tajkertesz.com\/en_US\/product\/bosc-kobak-korte-2\/","title":{"rendered":"&#8216;Bosc kobak&#8217; k\u00f6rte"},"content":{"rendered":"<h1 class=\"LC20lb DKV0Md\">&#8216;Bosc kobak&#8217; k\u00f6rte<\/h1>\n<p class=\"LC20lb DKV0Md\"><span style=\"color: #666666; font-size: 14px;\">A <\/span>&#8216;Bosc kobak&#8217; k\u00f6rte <span style=\"color: #666666; font-size: 14px;\">\u00a0(<\/span><em style=\"color: #666666; font-size: 14px;\" data-start=\"773\" data-end=\"802\">Pyrus communis &#8216;Bosc kobak&#8217;<\/em><span style=\"color: #666666; font-size: 14px;\">) egy <\/span><strong style=\"color: #666666; font-size: 14px;\" data-start=\"808\" data-end=\"840\">klasszikus, \u0151szi \u00e9r\u00e9s\u0171 fajta<\/strong><span style=\"color: #666666; font-size: 14px;\">, amelyet k\u00fcl\u00f6n\u00f6sen egyedi megjelen\u00e9s\u00e9\u00e9rt \u00e9s <\/span><strong style=\"color: #666666; font-size: 14px;\" data-start=\"885\" data-end=\"902\">kiv\u00e1l\u00f3 \u00edz\u00e9\u00e9rt<\/strong><span style=\"color: #666666; font-size: 14px;\"> kedvelnek. A gy\u00fcm\u00f6lcs\u00f6k <\/span><strong style=\"color: #666666; font-size: 14px;\" data-start=\"927\" data-end=\"956\">hossz\u00fak\u00e1s, palack alak\u00faak<\/strong><span style=\"color: #666666; font-size: 14px;\">, barna h\u00e9j\u00faak, enyh\u00e9n rozsd\u00e1sod\u00f3k, \u00e9s karakteres, f\u0171szeres arom\u00e1val rendelkeznek.<\/span><\/p>\n<h2>A k\u00f6rte jellemz\u0151i:<\/h2>\n<p data-start=\"1043\" data-end=\"1222\">A fa <strong data-start=\"1048\" data-end=\"1072\">k\u00f6z\u00e9per\u0151s n\u00f6veked\u00e9s\u0171<\/strong>, szab\u00e1lyos koron\u00e1t nevel, \u00e9s <strong data-start=\"1102\" data-end=\"1133\">m\u00e1r fiatalon term\u0151re fordul<\/strong>. Rendszeresen \u00e9s b\u0151ven terem. Kifejezetten <strong data-start=\"1177\" data-end=\"1211\">friss fogyaszt\u00e1sra \u00e9s s\u00fct\u00e9shez<\/strong> is kiv\u00e1l\u00f3.<\/p>\n<p data-start=\"1227\" data-end=\"1392\">A <strong data-start=\"1229\" data-end=\"1263\">kont\u00e9neres kiszerel\u00e9s\u0171 oltv\u00e1ny<\/strong> b\u00e1rmely fagymentes id\u0151szakban \u00fcltethet\u0151. A n\u00f6v\u00e9ny fejlett gy\u00f6k\u00e9rzettel rendelkezik, gyorsan ered \u00e9s j\u00f3l fejl\u0151dik ki\u00fcltet\u00e9s ut\u00e1n.<\/p>\n<h3 class=\"LC20lb DKV0Md\">&#8216;Bosc kobak&#8217; k\u00f6rte tulajdons\u00e1gok:<\/h3>\n<ul data-start=\"1418\" data-end=\"2068\">\n<li data-start=\"1418\" data-end=\"1463\">\n<p data-start=\"1420\" data-end=\"1463\">Kiszerel\u00e9s: kont\u00e9neres (cser\u00e9pben nevelt)<\/p>\n<\/li>\n<li data-start=\"1509\" data-end=\"1538\">\n<p data-start=\"1511\" data-end=\"1538\">Kifejlett magass\u00e1g: 4\u20135 m<\/p>\n<\/li>\n<li data-start=\"1541\" data-end=\"1565\">\n<p data-start=\"1543\" data-end=\"1565\">N\u00f6veked\u00e9s: k\u00f6z\u00e9per\u0151s<\/p>\n<\/li>\n<li data-start=\"1568\" data-end=\"1596\">\n<p data-start=\"1570\" data-end=\"1596\">Term\u0151re fordul\u00e1s: 2\u20133 \u00e9v<\/p>\n<\/li>\n<li data-start=\"1599\" data-end=\"1620\">\n<p data-start=\"1601\" data-end=\"1620\">Vir\u00e1gz\u00e1s: \u00e1prilis<\/p>\n<\/li>\n<li data-start=\"1623\" data-end=\"1668\">\n<p data-start=\"1625\" data-end=\"1668\">\u00c9r\u00e9s: <strong data-start=\"1631\" data-end=\"1666\">szeptember v\u00e9ge \u2013 okt\u00f3ber eleje<\/strong><\/p>\n<\/li>\n<li data-start=\"1671\" data-end=\"1728\">\n<p data-start=\"1673\" data-end=\"1728\">Gy\u00fcm\u00f6lcs: hossz\u00fak\u00e1s, rozsd\u00e1s-barna h\u00e9j\u00fa, f\u0171szeres \u00edz\u0171<\/p>\n<\/li>\n<li data-start=\"1731\" data-end=\"1768\">\n<p data-start=\"1733\" data-end=\"1768\">H\u00fasa: feh\u00e9r, l\u00e9d\u00fas, olvad\u00f3 \u00e1llag\u00fa<\/p>\n<\/li>\n<li data-start=\"1771\" data-end=\"1841\">\n<p data-start=\"1773\" data-end=\"1841\">Porz\u00f3: r\u00e9szben \u00f6nterm\u00e9keny, m\u00e1s k\u00f6rtefajt\u00e1kkal egy\u00fctt jobban terem<\/p>\n<\/li>\n<li data-start=\"1844\" data-end=\"1907\">\n<p data-start=\"1846\" data-end=\"1907\">T\u00e1rolhat\u00f3s\u00e1g: h\u0171v\u00f6s helyen ak\u00e1r <strong data-start=\"1878\" data-end=\"1905\">2 h\u00f3napig is eltarthat\u00f3<\/strong><\/p>\n<\/li>\n<li data-start=\"1910\" data-end=\"1983\">\n<p data-start=\"1912\" data-end=\"1983\">Ellen\u00e1ll\u00f3s\u00e1g: j\u00f3 fagyt\u0171r\u00e9s, t\u0171zelhal\u00e1ssal szemben k\u00f6zepesen ellen\u00e1ll\u00f3<\/p>\n<\/li>\n<li data-start=\"1986\" data-end=\"2036\">\n<p data-start=\"1988\" data-end=\"2036\">Talajig\u00e9ny: j\u00f3 v\u00edz\u00e1tereszt\u0151, t\u00e1panyagd\u00fas talaj<\/p>\n<\/li>\n<li data-start=\"2039\" data-end=\"2068\">\n<p data-start=\"2041\" data-end=\"2068\">Aj\u00e1nlott hely: napos fekv\u00e9s<\/p>\n<\/li>\n<\/ul>\n<h4><strong>\ud83d\udd04 K\u00e9szletinform\u00e1ci\u00f3<\/strong><\/h4>\n<p><strong>K\u00e9szlet\u00fcnk napi szinten v\u00e1ltozik, \u00edgy a webshopban szerepl<\/strong><strong>\u0151<\/strong><strong>\u00a0term\u00e9kek el\u00e9rhet<\/strong><strong>\u0151<\/strong><strong>s\u00e9ge nem garant\u00e1lt.<br \/>\n\ud83d\udcde A megrendel\u00e9s el<\/strong><strong>\u0151<\/strong><strong>tt k\u00e9rj\u00fck, \u00e9rdekl<\/strong><strong>\u0151<\/strong><strong>dj\u00f6n szem\u00e9lyesen, telefonon vagy e-mailben!<\/strong><\/p>\n<h4><strong>\u27a1\ufe0f Kapcsolat:<\/strong><\/h4>\n<ul>\n<li><strong>Weboldal:\u00a0<\/strong><a href=\"https:\/\/tajkertesz.com\/\"><strong>tajkertesz.com<\/strong><\/a><\/li>\n<li><strong>Facebook:\u00a0<\/strong><a href=\"https:\/\/www.facebook.com\/tajkertesz\/\"><strong>facebook.com\/tajkertesz<\/strong><\/a><\/li>\n<li><strong>Telefonsz\u00e1m, e-mail: +36\/20-319-3770\u00a0<\/strong><a href=\"mailto:tajkerteszaruda@gmail.com\"><strong>tajkerteszaruda@gmail.com<\/strong><\/a><\/li>\n<\/ul>\n<h4><strong>\ud83d\ude9a Sz\u00e1ll\u00edt\u00e1si inform\u00e1ci\u00f3k<\/strong><\/h4>\n<p><strong>A megrendelt n\u00f6v\u00e9nyek kisz\u00e1ll\u00edt\u00e1sa az al\u00e1bbi felt\u00e9telek mellett t\u00f6rt\u00e9nik:<\/strong><\/p>\n<h4><strong>\ud83d\udce6 Fut\u00e1rszolg\u00e1latos sz\u00e1ll\u00edt\u00e1s<\/strong><\/h4>\n<ul>\n<li><strong>Maxim\u00e1lis m\u00e9ret: 200 cm (hossz\u00fas\u00e1g)<\/strong><\/li>\n<li><strong>Maxim\u00e1lis s\u00faly: 40 kg<\/strong><\/li>\n<li><strong>Az enn\u00e9l kisebb \u00e9s k\u00f6nnyebb csomagokat fut\u00e1rszolg\u00e1lattal k\u00e9zbes\u00edtj\u00fck a lehet<\/strong><strong>\u0151<\/strong><strong>\u00a0legbiztons\u00e1gosabb csomagol\u00e1sban.<\/strong><\/li>\n<\/ul>\n<h4><strong>\ud83d\udefb Szem\u00e9lyes \u00e1tv\u00e9tel<\/strong><\/h4>\n<ul>\n<li><strong>1173 Budapest, Bakancsos utca 7. sz\u00e1m alatt nyitvatart\u00e1si id<\/strong><strong>\u0151<\/strong><strong>ben szem\u00e9lyesen \u00e1tvehet<\/strong><strong>\u0151<\/strong><strong>\u00a0kert\u00e9szeti \u00e1rud\u00e1nkban.<\/strong><\/li>\n<li><strong>K\u00f6lts\u00e9ghat\u00e9kony megold\u00e1s nagyobb, t\u00f6r\u00e9kenyebb vagy t\u00falm\u00e9retes n\u00f6v\u00e9nyek eset\u00e9n.<\/strong><\/li>\n<\/ul>\n<h4><strong>\ud83d\udcde Nagy m\u00e9ret<\/strong><strong>\u0171<\/strong><strong>\u00a0vagy s\u00faly\u00fa n\u00f6v\u00e9nyek eset\u00e9n<\/strong><\/h4>\n<p><strong>Ha a term\u00e9k:<\/strong><\/p>\n<ul>\n<li><strong>meghaladja a 200 cm hossz\u00fas\u00e1got vagy<\/strong><\/li>\n<li><strong>meghaladja a 40 kg s\u00falyt,<\/strong><\/li>\n<\/ul>\n<p><strong>akkor szem\u00e9lyes \u00e1tv\u00e9tellel vagy egyedi, el<\/strong><strong>\u0151<\/strong><strong>re egyeztetett sz\u00e1ll\u00edt\u00e1si felt\u00e9telek mellett t\u00f6rt\u00e9nik.<br \/>\nK\u00e9rj\u00fck, ilyen esetben rendel\u00e9s el<\/strong><strong>\u0151<\/strong><strong>tt vegye fel vel\u00fcnk a kapcsolatot, hogy a lehet<\/strong><strong>\u0151<\/strong><strong>\u00a0legmegfelel<\/strong><strong>\u0151<\/strong><strong>bb sz\u00e1ll\u00edt\u00e1si megold\u00e1st k\u00edn\u00e1lhassuk.<\/strong><\/p>\n<p><strong>\ud83d\udd14 Fontos: A n\u00f6v\u00e9nyeket minden esetben igyeksz\u00fcnk gondosan, egyes\u00e9vel csomagolni, azonban a sz\u00e1ll\u00edt\u00e1s sor\u00e1n kisebb eszt\u00e9tikai s\u00e9r\u00fcl\u00e9sek el<\/strong><strong>\u0151<\/strong><strong>fordulhatnak (pl. lev\u00e9lhull\u00e1s). Ez nem min<\/strong><strong>\u0151<\/strong><strong>s\u00fcl hib\u00e1s teljes\u00edt\u00e9snek.<\/strong><\/p>\n<h4><strong>\ud83d\udcf7 Fontos tudni a k\u00e9pekr<\/strong><strong>\u0151<\/strong><strong>l<\/strong><\/h4>\n<p><strong>A webshopban szerepl<\/strong><strong>\u0151<\/strong><strong>\u00a0k\u00e9pek illusztr\u00e1ci\u00f3k, a n\u00f6v\u00e9nyek term\u00e9szet\u00fckn\u00e9l fogva egyediek, \u00edgy m\u00e9retben, alakban \u00e9s sz\u00ednben minim\u00e1lis elt\u00e9r\u00e9sek el<\/strong><strong>\u0151<\/strong><strong>fordulhatnak a k\u00e9pen l\u00e1that\u00f3 \u00e9s a val\u00f3s p\u00e9ld\u00e1nyok k\u00f6z\u00f6tt.<\/strong><\/p>\n<h4><strong>\ud83e\uddfe \u00c1rak \u00e9s el\u00e1ll\u00e1si jog<\/strong><\/h4>\n<ul>\n<li><strong>Az \u00e1rak egy darab\u00a0n\u00f6v\u00e9nyre vonatkoznak.<\/strong><\/li>\n<li><strong>\u00c9l<\/strong><strong>\u0151<\/strong><strong>\u00a0n\u00f6v\u00e9nyek rendel\u00e9se eset\u00e9n a 14 napos el\u00e1ll\u00e1s joga nem \u00e9rv\u00e9nyes\u00edthet<\/strong><strong>\u0151<\/strong><strong>, mivel azok romland\u00f3, biol\u00f3giailag \u00e9l<\/strong><strong>\u0151<\/strong><strong>\u00a0term\u00e9keknek min<\/strong><strong>\u0151<\/strong><strong>s\u00fclnek.<br \/>\n\ud83d\udd12 (17\/1999. (II. 5.) Korm. rendelet 5. \u00a7 c) pontja alapj\u00e1n)<\/strong><\/li>\n<\/ul>\n<h4><strong>\ud83d\udce6 K\u00e9zbes\u00edt\u00e9s ut\u00e1ni teend<\/strong><strong>\u0151<\/strong><strong>k<\/strong><\/h4>\n<p><strong>A k\u00e9zbes\u00edt\u00e9st k\u00f6vet<\/strong><strong>\u0151<\/strong><strong>en a csomagot azonnal bontsuk ki, \u00e9s a n\u00f6v\u00e9nyt helyezz\u00fck el megfelel<\/strong><strong>\u0151<\/strong><strong>\u00a0k\u00f6rnyezetben.<br \/>\nFontos: ha a n\u00f6v\u00e9ny nem r\u00e9szes\u00fcl megfelel<\/strong><strong>\u0151<\/strong><strong>\u00a0gondoz\u00e1sban \u00e9s ennek k\u00f6vetkezt\u00e9ben k\u00e1rosodik vagy elpusztul, felel<\/strong><strong>\u0151<\/strong><strong>ss\u00e9get nem tudunk v\u00e1llalni.<\/strong><\/p>","protected":false},"excerpt":{"rendered":"<p>Megny\u00falt, barna h\u00e9j\u00fa, k\u00fcl\u00f6nleges megjelen\u00e9s\u0171 k\u00f6rtefajta. \u00cdze f\u0171szeres, \u00e9desk\u00e9s. Kont\u00e9neres kiszerel\u00e9s \u2013 eg\u00e9sz \u00e9vben \u00fcltethet\u0151, b\u0151term\u0151, klasszikus fajta.<\/p>\n<p>M\u00e9rete: 150-170 cm magas, 5,6 literes kont\u00e9nerben.<\/p>","protected":false},"featured_media":10969,"template":"","meta":{"_et_pb_use_builder":"","_et_pb_old_content":"","_et_gb_content_width":""},"product_brand":[],"product_cat":[5299],"product_tag":[6949,6952,6950,6944,6953,6942,6935,6943,6951],"class_list":{"0":"post-26246","1":"product","2":"type-product","3":"status-publish","4":"has-post-thumbnail","6":"product_cat-korte","7":"product_tag-bosc-kobak-korte","8":"product_tag-botermo-kortefa","9":"product_tag-fuszeres-izu-korte","10":"product_tag-hosszukas-gyumolcs","11":"product_tag-klasszikus-fajta","12":"product_tag-konteneres-kortefa","13":"product_tag-korte-oltvany","14":"product_tag-oszi-korte","15":"product_tag-palack-alaku-korte","17":"first","18":"instock","19":"shipping-taxable","20":"purchasable","21":"product-type-simple"},"yoast_head":"<!-- This site is optimized with the Yoast SEO plugin v27.3 - https:\/\/yoast.com\/product\/yoast-seo-wordpress\/ -->\n<title>&#039;Bosc kobak&#039; k\u00f6rte - T\u00e1jkert\u00e9sz<\/title>\n<meta name=\"description\" content=\"Bosc kobak k\u00f6rte kont\u00e9neres oltv\u00e1ny \u2013 k\u00fcl\u00f6nleges form\u00e1j\u00fa, f\u0171szeres \u00edz\u0171 gy\u00fcm\u00f6lcs\u00f6kkel. \u0150szi \u00e9r\u00e9s\u0171, b\u0151term\u0151, eg\u00e9sz \u00e9vben \u00fcltethet\u0151 k\u00f6rtefa.\" \/>\n<meta name=\"robots\" content=\"index, follow, max-snippet:-1, max-image-preview:large, max-video-preview:-1\" \/>\n<link rel=\"canonical\" href=\"https:\/\/tajkertesz.com\/en_US\/product\/bosc-kobak-korte-2\/\" \/>\n<meta property=\"og:locale\" content=\"en_US\" \/>\n<meta property=\"og:type\" content=\"article\" \/>\n<meta property=\"og:title\" content=\"&#039;Bosc kobak&#039; k\u00f6rte - T\u00e1jkert\u00e9sz\" \/>\n<meta property=\"og:description\" content=\"Bosc kobak k\u00f6rte kont\u00e9neres oltv\u00e1ny \u2013 k\u00fcl\u00f6nleges form\u00e1j\u00fa, f\u0171szeres \u00edz\u0171 gy\u00fcm\u00f6lcs\u00f6kkel. \u0150szi \u00e9r\u00e9s\u0171, b\u0151term\u0151, eg\u00e9sz \u00e9vben \u00fcltethet\u0151 k\u00f6rtefa.\" \/>\n<meta property=\"og:url\" content=\"https:\/\/tajkertesz.com\/en_US\/product\/bosc-kobak-korte-2\/\" \/>\n<meta property=\"og:site_name\" content=\"T\u00e1jkert\u00e9sz\" \/>\n<meta property=\"article:publisher\" content=\"https:\/\/www.facebook.com\/Tajkertesz\/\" \/>\n<meta property=\"article:modified_time\" content=\"2026-02-24T07:38:26+00:00\" \/>\n<meta property=\"og:image\" content=\"https:\/\/tajkertesz.com\/wp-content\/uploads\/2021\/10\/bosc-kobak.jpg\" \/>\n\t<meta property=\"og:image:width\" content=\"372\" \/>\n\t<meta property=\"og:image:height\" content=\"387\" \/>\n\t<meta property=\"og:image:type\" content=\"image\/jpeg\" \/>\n<meta name=\"twitter:card\" content=\"summary_large_image\" \/>\n<meta name=\"twitter:label1\" content=\"Est. reading time\" \/>\n\t<meta name=\"twitter:data1\" content=\"3 minutes\" \/>\n<script type=\"application\/ld+json\" class=\"yoast-schema-graph\">{\"@context\":\"https:\\\/\\\/schema.org\",\"@graph\":[{\"@type\":\"WebPage\",\"@id\":\"https:\\\/\\\/tajkertesz.com\\\/termek\\\/bosc-kobak-korte-2\\\/\",\"url\":\"https:\\\/\\\/tajkertesz.com\\\/termek\\\/bosc-kobak-korte-2\\\/\",\"name\":\"'Bosc kobak' k\u00f6rte - T\u00e1jkert\u00e9sz\",\"isPartOf\":{\"@id\":\"https:\\\/\\\/tajkertesz.com\\\/#website\"},\"primaryImageOfPage\":{\"@id\":\"https:\\\/\\\/tajkertesz.com\\\/termek\\\/bosc-kobak-korte-2\\\/#primaryimage\"},\"image\":{\"@id\":\"https:\\\/\\\/tajkertesz.com\\\/termek\\\/bosc-kobak-korte-2\\\/#primaryimage\"},\"thumbnailUrl\":\"https:\\\/\\\/tajkertesz.com\\\/wp-content\\\/uploads\\\/2021\\\/10\\\/bosc-kobak.jpg\",\"datePublished\":\"2026-02-24T07:36:34+00:00\",\"dateModified\":\"2026-02-24T07:38:26+00:00\",\"description\":\"Bosc kobak k\u00f6rte kont\u00e9neres oltv\u00e1ny \u2013 k\u00fcl\u00f6nleges form\u00e1j\u00fa, f\u0171szeres \u00edz\u0171 gy\u00fcm\u00f6lcs\u00f6kkel. \u0150szi \u00e9r\u00e9s\u0171, b\u0151term\u0151, eg\u00e9sz \u00e9vben \u00fcltethet\u0151 k\u00f6rtefa.\",\"breadcrumb\":{\"@id\":\"https:\\\/\\\/tajkertesz.com\\\/termek\\\/bosc-kobak-korte-2\\\/#breadcrumb\"},\"inLanguage\":\"en-US\",\"potentialAction\":[{\"@type\":\"ReadAction\",\"target\":[\"https:\\\/\\\/tajkertesz.com\\\/termek\\\/bosc-kobak-korte-2\\\/\"]}]},{\"@type\":\"ImageObject\",\"inLanguage\":\"en-US\",\"@id\":\"https:\\\/\\\/tajkertesz.com\\\/termek\\\/bosc-kobak-korte-2\\\/#primaryimage\",\"url\":\"https:\\\/\\\/tajkertesz.com\\\/wp-content\\\/uploads\\\/2021\\\/10\\\/bosc-kobak.jpg\",\"contentUrl\":\"https:\\\/\\\/tajkertesz.com\\\/wp-content\\\/uploads\\\/2021\\\/10\\\/bosc-kobak.jpg\",\"width\":372,\"height\":387,\"caption\":\"Bosc kobak k\u00f6rte \u2013 hossz\u00fak\u00e1s, f\u0171szeres \u00edz\u0171 \u0151szi k\u00f6rte\"},{\"@type\":\"BreadcrumbList\",\"@id\":\"https:\\\/\\\/tajkertesz.com\\\/termek\\\/bosc-kobak-korte-2\\\/#breadcrumb\",\"itemListElement\":[{\"@type\":\"ListItem\",\"position\":1,\"name\":\"Home\",\"item\":\"https:\\\/\\\/tajkertesz.com\\\/\"},{\"@type\":\"ListItem\",\"position\":2,\"name\":\"Kezd\u0151lap\",\"item\":\"https:\\\/\\\/tajkertesz.com\\\/\"},{\"@type\":\"ListItem\",\"position\":3,\"name\":\"&#8216;Bosc kobak&#8217; k\u00f6rte\"}]},{\"@type\":\"WebSite\",\"@id\":\"https:\\\/\\\/tajkertesz.com\\\/#website\",\"url\":\"https:\\\/\\\/tajkertesz.com\\\/\",\"name\":\"T\u00e1j-Kert\u00e9sz 84 Kft.\",\"description\":\"Kert\u00e9szeti kis- \u00e9s nagykeresked\u00e9s, D\u00edszn\u00f6v\u00e9ny web\u00e1ruh\u00e1z orsz\u00e1gos h\u00e1zhozsz\u00e1ll\u00edt\u00e1ssal!\",\"publisher\":{\"@id\":\"https:\\\/\\\/tajkertesz.com\\\/#organization\"},\"potentialAction\":[{\"@type\":\"SearchAction\",\"target\":{\"@type\":\"EntryPoint\",\"urlTemplate\":\"https:\\\/\\\/tajkertesz.com\\\/?s={search_term_string}\"},\"query-input\":{\"@type\":\"PropertyValueSpecification\",\"valueRequired\":true,\"valueName\":\"search_term_string\"}}],\"inLanguage\":\"en-US\"},{\"@type\":\"Organization\",\"@id\":\"https:\\\/\\\/tajkertesz.com\\\/#organization\",\"name\":\"T\u00e1j-Kert\u00e9sz 84 Kft.\",\"url\":\"https:\\\/\\\/tajkertesz.com\\\/\",\"logo\":{\"@type\":\"ImageObject\",\"inLanguage\":\"en-US\",\"@id\":\"https:\\\/\\\/tajkertesz.com\\\/#\\\/schema\\\/logo\\\/image\\\/\",\"url\":\"https:\\\/\\\/tajkertesz.com\\\/wp-content\\\/uploads\\\/2018\\\/02\\\/logo-2-e1518678052539.png\",\"contentUrl\":\"https:\\\/\\\/tajkertesz.com\\\/wp-content\\\/uploads\\\/2018\\\/02\\\/logo-2-e1518678052539.png\",\"width\":81,\"height\":140,\"caption\":\"T\u00e1j-Kert\u00e9sz 84 Kft.\"},\"image\":{\"@id\":\"https:\\\/\\\/tajkertesz.com\\\/#\\\/schema\\\/logo\\\/image\\\/\"},\"sameAs\":[\"https:\\\/\\\/www.facebook.com\\\/Tajkertesz\\\/\"]}]}<\/script>\n<!-- \/ Yoast SEO plugin. -->","yoast_head_json":{"title":"'Bosc kobak' k\u00f6rte - T\u00e1jkert\u00e9sz","description":"Bosc kobak k\u00f6rte kont\u00e9neres oltv\u00e1ny \u2013 k\u00fcl\u00f6nleges form\u00e1j\u00fa, f\u0171szeres \u00edz\u0171 gy\u00fcm\u00f6lcs\u00f6kkel. \u0150szi \u00e9r\u00e9s\u0171, b\u0151term\u0151, eg\u00e9sz \u00e9vben \u00fcltethet\u0151 k\u00f6rtefa.","robots":{"index":"index","follow":"follow","max-snippet":"max-snippet:-1","max-image-preview":"max-image-preview:large","max-video-preview":"max-video-preview:-1"},"canonical":"https:\/\/tajkertesz.com\/en_US\/product\/bosc-kobak-korte-2\/","og_locale":"en_US","og_type":"article","og_title":"'Bosc kobak' k\u00f6rte - T\u00e1jkert\u00e9sz","og_description":"Bosc kobak k\u00f6rte kont\u00e9neres oltv\u00e1ny \u2013 k\u00fcl\u00f6nleges form\u00e1j\u00fa, f\u0171szeres \u00edz\u0171 gy\u00fcm\u00f6lcs\u00f6kkel. \u0150szi \u00e9r\u00e9s\u0171, b\u0151term\u0151, eg\u00e9sz \u00e9vben \u00fcltethet\u0151 k\u00f6rtefa.","og_url":"https:\/\/tajkertesz.com\/en_US\/product\/bosc-kobak-korte-2\/","og_site_name":"T\u00e1jkert\u00e9sz","article_publisher":"https:\/\/www.facebook.com\/Tajkertesz\/","article_modified_time":"2026-02-24T07:38:26+00:00","og_image":[{"width":372,"height":387,"url":"https:\/\/tajkertesz.com\/wp-content\/uploads\/2021\/10\/bosc-kobak.jpg","type":"image\/jpeg"}],"twitter_card":"summary_large_image","twitter_misc":{"Est. reading time":"3 minutes"},"schema":{"@context":"https:\/\/schema.org","@graph":[{"@type":"WebPage","@id":"https:\/\/tajkertesz.com\/termek\/bosc-kobak-korte-2\/","url":"https:\/\/tajkertesz.com\/termek\/bosc-kobak-korte-2\/","name":"'Bosc kobak' k\u00f6rte - T\u00e1jkert\u00e9sz","isPartOf":{"@id":"https:\/\/tajkertesz.com\/#website"},"primaryImageOfPage":{"@id":"https:\/\/tajkertesz.com\/termek\/bosc-kobak-korte-2\/#primaryimage"},"image":{"@id":"https:\/\/tajkertesz.com\/termek\/bosc-kobak-korte-2\/#primaryimage"},"thumbnailUrl":"https:\/\/tajkertesz.com\/wp-content\/uploads\/2021\/10\/bosc-kobak.jpg","datePublished":"2026-02-24T07:36:34+00:00","dateModified":"2026-02-24T07:38:26+00:00","description":"Bosc kobak k\u00f6rte kont\u00e9neres oltv\u00e1ny \u2013 k\u00fcl\u00f6nleges form\u00e1j\u00fa, f\u0171szeres \u00edz\u0171 gy\u00fcm\u00f6lcs\u00f6kkel. \u0150szi \u00e9r\u00e9s\u0171, b\u0151term\u0151, eg\u00e9sz \u00e9vben \u00fcltethet\u0151 k\u00f6rtefa.","breadcrumb":{"@id":"https:\/\/tajkertesz.com\/termek\/bosc-kobak-korte-2\/#breadcrumb"},"inLanguage":"en-US","potentialAction":[{"@type":"ReadAction","target":["https:\/\/tajkertesz.com\/termek\/bosc-kobak-korte-2\/"]}]},{"@type":"ImageObject","inLanguage":"en-US","@id":"https:\/\/tajkertesz.com\/termek\/bosc-kobak-korte-2\/#primaryimage","url":"https:\/\/tajkertesz.com\/wp-content\/uploads\/2021\/10\/bosc-kobak.jpg","contentUrl":"https:\/\/tajkertesz.com\/wp-content\/uploads\/2021\/10\/bosc-kobak.jpg","width":372,"height":387,"caption":"Bosc kobak k\u00f6rte \u2013 hossz\u00fak\u00e1s, f\u0171szeres \u00edz\u0171 \u0151szi k\u00f6rte"},{"@type":"BreadcrumbList","@id":"https:\/\/tajkertesz.com\/termek\/bosc-kobak-korte-2\/#breadcrumb","itemListElement":[{"@type":"ListItem","position":1,"name":"Home","item":"https:\/\/tajkertesz.com\/"},{"@type":"ListItem","position":2,"name":"Kezd\u0151lap","item":"https:\/\/tajkertesz.com\/"},{"@type":"ListItem","position":3,"name":"&#8216;Bosc kobak&#8217; k\u00f6rte"}]},{"@type":"WebSite","@id":"https:\/\/tajkertesz.com\/#website","url":"https:\/\/tajkertesz.com\/","name":"T\u00e1j-Kert\u00e9sz 84 Kft.","description":"Kert\u00e9szeti kis- \u00e9s nagykeresked\u00e9s, D\u00edszn\u00f6v\u00e9ny web\u00e1ruh\u00e1z orsz\u00e1gos h\u00e1zhozsz\u00e1ll\u00edt\u00e1ssal!","publisher":{"@id":"https:\/\/tajkertesz.com\/#organization"},"potentialAction":[{"@type":"SearchAction","target":{"@type":"EntryPoint","urlTemplate":"https:\/\/tajkertesz.com\/?s={search_term_string}"},"query-input":{"@type":"PropertyValueSpecification","valueRequired":true,"valueName":"search_term_string"}}],"inLanguage":"en-US"},{"@type":"Organization","@id":"https:\/\/tajkertesz.com\/#organization","name":"T\u00e1j-Kert\u00e9sz 84 Kft.","url":"https:\/\/tajkertesz.com\/","logo":{"@type":"ImageObject","inLanguage":"en-US","@id":"https:\/\/tajkertesz.com\/#\/schema\/logo\/image\/","url":"https:\/\/tajkertesz.com\/wp-content\/uploads\/2018\/02\/logo-2-e1518678052539.png","contentUrl":"https:\/\/tajkertesz.com\/wp-content\/uploads\/2018\/02\/logo-2-e1518678052539.png","width":81,"height":140,"caption":"T\u00e1j-Kert\u00e9sz 84 Kft."},"image":{"@id":"https:\/\/tajkertesz.com\/#\/schema\/logo\/image\/"},"sameAs":["https:\/\/www.facebook.com\/Tajkertesz\/"]}]}},"_links":{"self":[{"href":"https:\/\/tajkertesz.com\/en_US\/wp-json\/wp\/v2\/product\/26246","targetHints":{"allow":["GET"]}}],"collection":[{"href":"https:\/\/tajkertesz.com\/en_US\/wp-json\/wp\/v2\/product"}],"about":[{"href":"https:\/\/tajkertesz.com\/en_US\/wp-json\/wp\/v2\/types\/product"}],"wp:featuredmedia":[{"embeddable":true,"href":"https:\/\/tajkertesz.com\/en_US\/wp-json\/wp\/v2\/media\/10969"}],"wp:attachment":[{"href":"https:\/\/tajkertesz.com\/en_US\/wp-json\/wp\/v2\/media?parent=26246"}],"wp:term":[{"taxonomy":"product_brand","embeddable":true,"href":"https:\/\/tajkertesz.com\/en_US\/wp-json\/wp\/v2\/product_brand?post=26246"},{"taxonomy":"product_cat","embeddable":true,"href":"https:\/\/tajkertesz.com\/en_US\/wp-json\/wp\/v2\/product_cat?post=26246"},{"taxonomy":"product_tag","embeddable":true,"href":"https:\/\/tajkertesz.com\/en_US\/wp-json\/wp\/v2\/product_tag?post=26246"}],"curies":[{"name":"wp","href":"https:\/\/api.w.org\/{rel}","templated":true}]}}