{"id":26258,"date":"2026-02-24T14:44:41","date_gmt":"2026-02-24T14:44:41","guid":{"rendered":"https:\/\/tajkertesz.com\/?post_type=product&#038;p=26258"},"modified":"2026-02-24T14:47:41","modified_gmt":"2026-02-24T14:47:41","slug":"juniperus-horizontalis-blue-chip-kek-terulo-henyeboroka-2","status":"publish","type":"product","link":"https:\/\/tajkertesz.com\/en_US\/product\/juniperus-horizontalis-blue-chip-kek-terulo-henyeboroka-2\/","title":{"rendered":"Juniperus horizontalis &#8216;Blue Chip&#8217; &#8211; K\u00e9k ter\u00fcl\u0151 henyebor\u00f3ka"},"content":{"rendered":"<h1>Juniperus horizontalis &#8216;Blue Chip&#8217; &#8211; K\u00e9k ter\u00fcl\u0151 henyebor\u00f3ka<\/h1>\n<h2 class=\"sr-only\" aria-label=\"Copilot\"><span style=\"color: #666666; font-size: 14px;\">A Juniperus horizontalis &#8216;Blue Chip&#8217; &#8211; K\u00e9k ter\u00fcl\u0151 henyebor\u00f3ka egy k\u00fcl\u00f6nleges \u00f6r\u00f6kz\u00f6ld cserje, amelyet k\u00e9kes lombja \u00e9s talajtakar\u00f3 tulajdons\u00e1gai miatt kedvelnek az emberek. Ez a n\u00f6v\u00e9ny lassan n\u00f6vekszik, \u00e9s b\u00e1r csak k\u00f6r\u00fclbel\u00fcl 30 cm magasra n\u0151 meg, sz\u00e9lt\u00e9ben ak\u00e1r 1,5-2 m\u00e9tert is el\u00e9rhet. Sz\u00e9les, terjed\u0151 hajt\u00e1sai \u00e9s k\u00e9kes \u00e1rnyalat\u00fa pikkelylevelei igaz\u00e1n l\u00e1tv\u00e1nyoss\u00e1 teszik a kertekben \u00e9s parkokban.<\/span><\/h2>\n<h2>A Juniperus horizontalis &#8216;Blue Chip&#8217; jellemz\u0151i<\/h2>\n<div class=\"space-y-3 break-words\">\n<p aria-live=\"polite\" aria-atomic=\"true\"><span class=\"\">El\u0151nyben r\u00e9szes\u00edti a napos helyeket, ahol napf\u00e9nyt kap, \u00e9s \u00edgy m\u00e9g \u00e9l\u00e9nkebb\u00e9 v\u00e1lik k\u00e9k sz\u00edne. A talaj szempontj\u00e1b\u00f3l nem t\u00fal v\u00e1logat\u00f3s, de a j\u00f3l v\u00edz\u00e1tereszt\u0151, enyh\u00e9n savas vagy semleges talajt kedveli. T\u0171ri a sz\u00e1razs\u00e1got, de az els\u0151 \u00e9vben, m\u00edg gy\u00f6kerei meger\u0151s\u00f6dnek, rendszeres \u00f6nt\u00f6z\u00e9sre van sz\u00fcks\u00e9ge. A n\u00f6v\u00e9ny k\u00fcl\u00f6n\u00f6sen j\u00f3l alkalmas a sziklakertekbe, r\u00e9zs\u0171k \u00e9s lejt\u0151s ter\u00fcleteken val\u00f3 \u00fcltet\u00e9shez.<\/span><\/p>\n<h3 aria-live=\"polite\" aria-atomic=\"true\">A bor\u00f3ka gondoz\u00e1sa<\/h3>\n<p aria-live=\"polite\" aria-atomic=\"true\"><span class=\"\">A gondoz\u00e1s sor\u00e1n figyelmet kell ford\u00edtani arra, hogy a talaj mindig laza \u00e9s j\u00f3 v\u00edz\u00e1tereszt\u0151 legyen, mivel a t\u00fal nedves talaj gy\u00f6k\u00e9rrothad\u00e1st okozhat. A n\u00f6v\u00e9ny t\u00e1panyagut\u00e1np\u00f3tl\u00e1sa t\u00f6rt\u00e9nhet\u00a0 tavasszal \u00e9s \u0151sszel komposzttal, szerves vagy m\u0171tr\u00e1gy\u00e1val,\u00a0 a n\u00f6veked\u00e9s \u00e9s eg\u00e9szs\u00e9ges megjelen\u00e9s \u00e9rdek\u00e9ben. A &#8216;Blue Chip&#8217; nem ig\u00e9nyel sok metsz\u00e9st, de ha sz\u00fcks\u00e9ges, a hajt\u00e1sok visszav\u00e1g\u00e1s\u00e1val alak\u00edthat\u00f3 \u00e9s kontroll\u00e1lhat\u00f3 a m\u00e9rete.<\/span><\/p>\n<p aria-live=\"polite\" aria-atomic=\"true\"><span class=\"\">A Juniperus horizontalis &#8216;Blue Chip&#8217; hidegt\u0171r\u0151, \u00edgy a t\u00e9li fagyok sem jelentenek k\u00fcl\u00f6n\u00f6sebb vesz\u00e9lyt sz\u00e1m\u00e1ra. Azonban fiatal n\u00f6v\u00e9nyeket az els\u0151 \u00e9vekben \u00e9rdemes t\u00e9lire takarni, hogy megv\u00e9dj\u00fck a sz\u00e9ls\u0151s\u00e9ges hidegt\u0151l. A n\u00f6v\u00e9ny sz\u00e9les k\u00f6rben alkalmazhat\u00f3 talajtakar\u00f3k\u00e9nt vagy szoliterk\u00e9nt is, \u00edgy sokoldal\u00faan felhaszn\u00e1lhat\u00f3 a kerttervez\u00e9sben.<\/span><\/p>\n<p aria-live=\"polite\" aria-atomic=\"true\"><span class=\"\">\u00d6sszess\u00e9g\u00e9ben a &#8216;Blue Chip&#8217; egy k\u00f6nnyen gondozhat\u00f3, l\u00e1tv\u00e1nyos cserje, amely k\u00fcl\u00f6nleges sz\u00ednt \u00e9s strukt\u00far\u00e1t ad a kertnek. A megfelel\u0151 helyre \u00fcltetve \u00e9s minim\u00e1lis gondoz\u00e1ssal hossz\u00fa \u00e9vekig gy\u00f6ny\u00f6rk\u00f6dtet majd.\u00a0<\/span><\/p>\n<h4><strong>\ud83d\udd04 K\u00e9szletinform\u00e1ci\u00f3<\/strong><\/h4>\n<p><strong>K\u00e9szlet\u00fcnk napi szinten v\u00e1ltozik, \u00edgy a webshopban szerepl<\/strong><strong>\u0151<\/strong><strong>\u00a0term\u00e9kek el\u00e9rhet<\/strong><strong>\u0151<\/strong><strong>s\u00e9ge nem garant\u00e1lt.<br \/>\n\ud83d\udcde A megrendel\u00e9s el<\/strong><strong>\u0151<\/strong><strong>tt k\u00e9rj\u00fck, \u00e9rdekl<\/strong><strong>\u0151<\/strong><strong>dj\u00f6n szem\u00e9lyesen, telefonon vagy e-mailben!<\/strong><\/p>\n<h4><strong>\u27a1\ufe0f Kapcsolat:<\/strong><\/h4>\n<ul>\n<li><strong>Weboldal:\u00a0<\/strong><a href=\"https:\/\/tajkertesz.com\/\"><strong>tajkertesz.com<\/strong><\/a><\/li>\n<li><strong>Facebook:\u00a0<\/strong><a href=\"https:\/\/www.facebook.com\/tajkertesz\/\"><strong>facebook.com\/tajkertesz<\/strong><\/a><\/li>\n<li><strong>Telefonsz\u00e1m, e-mail: +36\/20-319-3770\u00a0<\/strong><a href=\"mailto:tajkerteszaruda@gmail.com\"><strong>tajkerteszaruda@gmail.com<\/strong><\/a><\/li>\n<\/ul>\n<h4><strong>\ud83d\ude9a Sz\u00e1ll\u00edt\u00e1si inform\u00e1ci\u00f3k<\/strong><\/h4>\n<p><strong>A megrendelt n\u00f6v\u00e9nyek kisz\u00e1ll\u00edt\u00e1sa az al\u00e1bbi felt\u00e9telek mellett t\u00f6rt\u00e9nik:<\/strong><\/p>\n<h4><strong>\ud83d\udce6 Fut\u00e1rszolg\u00e1latos sz\u00e1ll\u00edt\u00e1s<\/strong><\/h4>\n<ul>\n<li><strong>Maxim\u00e1lis m\u00e9ret: 200 cm (hossz\u00fas\u00e1g)<\/strong><\/li>\n<li><strong>Maxim\u00e1lis s\u00faly: 40 kg<\/strong><\/li>\n<li><strong>Az enn\u00e9l kisebb \u00e9s k\u00f6nnyebb csomagokat fut\u00e1rszolg\u00e1lattal k\u00e9zbes\u00edtj\u00fck a lehet<\/strong><strong>\u0151<\/strong><strong>\u00a0legbiztons\u00e1gosabb csomagol\u00e1sban.<\/strong><\/li>\n<\/ul>\n<h4><strong>\ud83d\udefb Szem\u00e9lyes \u00e1tv\u00e9tel<\/strong><\/h4>\n<ul>\n<li><strong>1173 Budapest, Bakancsos utca 7. sz\u00e1m alatt nyitvatart\u00e1si id<\/strong><strong>\u0151<\/strong><strong>ben szem\u00e9lyesen \u00e1tvehet<\/strong><strong>\u0151<\/strong><strong>\u00a0kert\u00e9szeti \u00e1rud\u00e1nkban.<\/strong><\/li>\n<li><strong>K\u00f6lts\u00e9ghat\u00e9kony megold\u00e1s nagyobb, t\u00f6r\u00e9kenyebb vagy t\u00falm\u00e9retes n\u00f6v\u00e9nyek eset\u00e9n.<\/strong><\/li>\n<\/ul>\n<h4><strong>\ud83d\udcde Nagy m\u00e9ret<\/strong><strong>\u0171<\/strong><strong>\u00a0vagy s\u00faly\u00fa n\u00f6v\u00e9nyek eset\u00e9n<\/strong><\/h4>\n<p><strong>Ha a term\u00e9k:<\/strong><\/p>\n<ul>\n<li><strong>meghaladja a 200 cm hossz\u00fas\u00e1got vagy<\/strong><\/li>\n<li><strong>meghaladja a 40 kg s\u00falyt,<\/strong><\/li>\n<\/ul>\n<p><strong>akkor szem\u00e9lyes \u00e1tv\u00e9tellel vagy egyedi, el<\/strong><strong>\u0151<\/strong><strong>re egyeztetett sz\u00e1ll\u00edt\u00e1si felt\u00e9telek mellett t\u00f6rt\u00e9nik.<br \/>\nK\u00e9rj\u00fck, ilyen esetben rendel\u00e9s el<\/strong><strong>\u0151<\/strong><strong>tt vegye fel vel\u00fcnk a kapcsolatot, hogy a lehet<\/strong><strong>\u0151<\/strong><strong>\u00a0legmegfelel<\/strong><strong>\u0151<\/strong><strong>bb sz\u00e1ll\u00edt\u00e1si megold\u00e1st k\u00edn\u00e1lhassuk.<\/strong><\/p>\n<p><strong>\ud83d\udd14 Fontos: A n\u00f6v\u00e9nyeket minden esetben igyeksz\u00fcnk gondosan, egyes\u00e9vel csomagolni, azonban a sz\u00e1ll\u00edt\u00e1s sor\u00e1n kisebb eszt\u00e9tikai s\u00e9r\u00fcl\u00e9sek el<\/strong><strong>\u0151<\/strong><strong>fordulhatnak (pl. lev\u00e9lhull\u00e1s). Ez nem min<\/strong><strong>\u0151<\/strong><strong>s\u00fcl hib\u00e1s teljes\u00edt\u00e9snek.<\/strong><\/p>\n<h4><strong>\ud83d\udcf7 Fontos tudni a k\u00e9pekr<\/strong><strong>\u0151<\/strong><strong>l<\/strong><\/h4>\n<p><strong>A webshopban szerepl<\/strong><strong>\u0151<\/strong><strong>\u00a0k\u00e9pek illusztr\u00e1ci\u00f3k, a n\u00f6v\u00e9nyek term\u00e9szet\u00fckn\u00e9l fogva egyediek, \u00edgy m\u00e9retben, alakban \u00e9s sz\u00ednben minim\u00e1lis elt\u00e9r\u00e9sek el<\/strong><strong>\u0151<\/strong><strong>fordulhatnak a k\u00e9pen l\u00e1that\u00f3 \u00e9s a val\u00f3s p\u00e9ld\u00e1nyok k\u00f6z\u00f6tt.<\/strong><\/p>\n<h4><strong>\ud83e\uddfe \u00c1rak \u00e9s el\u00e1ll\u00e1si jog<\/strong><\/h4>\n<ul>\n<li><strong>Az \u00e1rak egy darab\u00a0n\u00f6v\u00e9nyre vonatkoznak.<\/strong><\/li>\n<li><strong>\u00c9l<\/strong><strong>\u0151<\/strong><strong>\u00a0n\u00f6v\u00e9nyek rendel\u00e9se eset\u00e9n a 14 napos el\u00e1ll\u00e1s joga nem \u00e9rv\u00e9nyes\u00edthet<\/strong><strong>\u0151<\/strong><strong>, mivel azok romland\u00f3, biol\u00f3giailag \u00e9l<\/strong><strong>\u0151<\/strong><strong>\u00a0term\u00e9keknek min<\/strong><strong>\u0151<\/strong><strong>s\u00fclnek.<br \/>\n\ud83d\udd12 (17\/1999. (II. 5.) Korm. rendelet 5. \u00a7 c) pontja alapj\u00e1n)<\/strong><\/li>\n<\/ul>\n<h4><strong>\ud83d\udce6 K\u00e9zbes\u00edt\u00e9s ut\u00e1ni teend<\/strong><strong>\u0151<\/strong><strong>k<\/strong><\/h4>\n<p><strong>A k\u00e9zbes\u00edt\u00e9st k\u00f6vet<\/strong><strong>\u0151<\/strong><strong>en a csomagot azonnal bontsuk ki, \u00e9s a n\u00f6v\u00e9nyt helyezz\u00fck el megfelel<\/strong><strong>\u0151<\/strong><strong>\u00a0k\u00f6rnyezetben.<br \/>\nFontos: ha a n\u00f6v\u00e9ny nem r\u00e9szes\u00fcl megfelel<\/strong><strong>\u0151<\/strong><strong>\u00a0gondoz\u00e1sban \u00e9s ennek k\u00f6vetkezt\u00e9ben k\u00e1rosodik vagy elpusztul, felel<\/strong><strong>\u0151<\/strong><strong>ss\u00e9get nem tudunk v\u00e1llalni.<\/strong><\/p>\n<\/div>","protected":false},"excerpt":{"rendered":"<h1>Juniperus horizontalis &#8216;Blue Chip&#8217; &#8211; K\u00e9k ter\u00fcl\u0151 henyebor\u00f3ka<\/h1>\n<h2 class=\"sr-only\" aria-label=\"Copilot\"><span style=\"color: #666666; font-size: 14px;\">A Juniperus horizontalis &#8216;Blue Chip&#8217; &#8211; K\u00e9k ter\u00fcl\u0151 henyebor\u00f3ka egy k\u00fcl\u00f6nleges \u00f6r\u00f6kz\u00f6ld cserje, amelyet k\u00e9kes lombja \u00e9s talajtakar\u00f3 tulajdons\u00e1gai miatt kedvelnek az emberek. Ez a n\u00f6v\u00e9ny lassan n\u00f6vekszik, \u00e9s b\u00e1r csak k\u00f6r\u00fclbel\u00fcl 30 cm magasra n\u0151 meg, sz\u00e9lt\u00e9ben ak\u00e1r 1,5-2 m\u00e9tert is el\u00e9rhet. Sz\u00e9les, terjed\u0151 hajt\u00e1sai \u00e9s k\u00e9kes \u00e1rnyalat\u00fa pikkelylevelei igaz\u00e1n l\u00e1tv\u00e1nyoss\u00e1 teszik a kertekben \u00e9s parkokban.<\/span><\/h2>\n<p>Jelenterm\u00e9k\u00fcnk : 2 liter kont\u00e9nerben 20\/30 cm<\/p>","protected":false},"featured_media":21306,"template":"","meta":{"_et_pb_use_builder":"","_et_pb_old_content":"","_et_gb_content_width":""},"product_brand":[],"product_cat":[26,31],"product_tag":[2904,718,5348,5349,5350,5351],"class_list":{"0":"post-26258","1":"product","2":"type-product","3":"status-publish","4":"has-post-thumbnail","6":"product_cat-orokzold-novenyek","7":"product_cat-talajtakaro-novenyek","8":"product_tag-henye-boroka","9":"product_tag-juniperus","10":"product_tag-juniperus-horizontalis","11":"product_tag-juniperus-horizontalis-blue-chip","12":"product_tag-kek-terulo-henyeboroka","13":"product_tag-terulo-boroka","15":"first","16":"instock","17":"shipping-taxable","18":"purchasable","19":"product-type-simple"},"yoast_head":"<!-- This site is optimized with the Yoast SEO plugin v27.4 - https:\/\/yoast.com\/product\/yoast-seo-wordpress\/ -->\n<title>Juniperus horizontalis &#039;Blue Chip&#039; - K\u00e9k ter\u00fcl\u0151 henyebor\u00f3ka - T\u00e1jkert\u00e9sz<\/title>\n<meta name=\"description\" content=\"A Juniperus horizontalis &#039;Blue Chip&#039; - K\u00e9k ter\u00fcl\u0151 henyebor\u00f3ka egy \u00f6r\u00f6kz\u00f6ld cserje, k\u00e9kes lombja \u00e9s talajtakar\u00f3 tulajdons\u00e1gai miatt kedvelnek az emberek.\" \/>\n<meta name=\"robots\" content=\"index, follow, max-snippet:-1, max-image-preview:large, max-video-preview:-1\" \/>\n<link rel=\"canonical\" href=\"https:\/\/tajkertesz.com\/en_US\/product\/juniperus-horizontalis-blue-chip-kek-terulo-henyeboroka-2\/\" \/>\n<meta property=\"og:locale\" content=\"en_US\" \/>\n<meta property=\"og:type\" content=\"article\" \/>\n<meta property=\"og:title\" content=\"Juniperus horizontalis &#039;Blue Chip&#039; - K\u00e9k ter\u00fcl\u0151 henyebor\u00f3ka - T\u00e1jkert\u00e9sz\" \/>\n<meta property=\"og:description\" content=\"A Juniperus horizontalis &#039;Blue Chip&#039; - K\u00e9k ter\u00fcl\u0151 henyebor\u00f3ka egy \u00f6r\u00f6kz\u00f6ld cserje, k\u00e9kes lombja \u00e9s talajtakar\u00f3 tulajdons\u00e1gai miatt kedvelnek az emberek.\" \/>\n<meta property=\"og:url\" content=\"https:\/\/tajkertesz.com\/en_US\/product\/juniperus-horizontalis-blue-chip-kek-terulo-henyeboroka-2\/\" \/>\n<meta property=\"og:site_name\" content=\"T\u00e1jkert\u00e9sz\" \/>\n<meta property=\"article:publisher\" content=\"https:\/\/www.facebook.com\/Tajkertesz\/\" \/>\n<meta property=\"article:modified_time\" content=\"2026-02-24T14:47:41+00:00\" \/>\n<meta property=\"og:image\" content=\"https:\/\/tajkertesz.com\/wp-content\/uploads\/2024\/10\/20241009_082539-scaled.jpg\" \/>\n\t<meta property=\"og:image:width\" content=\"1920\" \/>\n\t<meta property=\"og:image:height\" content=\"2560\" \/>\n\t<meta property=\"og:image:type\" content=\"image\/jpeg\" \/>\n<meta name=\"twitter:card\" content=\"summary_large_image\" \/>\n<meta name=\"twitter:label1\" content=\"Est. reading time\" \/>\n\t<meta name=\"twitter:data1\" content=\"4 minutes\" \/>\n<script type=\"application\/ld+json\" class=\"yoast-schema-graph\">{\"@context\":\"https:\\\/\\\/schema.org\",\"@graph\":[{\"@type\":\"WebPage\",\"@id\":\"https:\\\/\\\/tajkertesz.com\\\/termek\\\/juniperus-horizontalis-blue-chip-kek-terulo-henyeboroka-2\\\/\",\"url\":\"https:\\\/\\\/tajkertesz.com\\\/termek\\\/juniperus-horizontalis-blue-chip-kek-terulo-henyeboroka-2\\\/\",\"name\":\"Juniperus horizontalis 'Blue Chip' - K\u00e9k ter\u00fcl\u0151 henyebor\u00f3ka - T\u00e1jkert\u00e9sz\",\"isPartOf\":{\"@id\":\"https:\\\/\\\/tajkertesz.com\\\/#website\"},\"primaryImageOfPage\":{\"@id\":\"https:\\\/\\\/tajkertesz.com\\\/termek\\\/juniperus-horizontalis-blue-chip-kek-terulo-henyeboroka-2\\\/#primaryimage\"},\"image\":{\"@id\":\"https:\\\/\\\/tajkertesz.com\\\/termek\\\/juniperus-horizontalis-blue-chip-kek-terulo-henyeboroka-2\\\/#primaryimage\"},\"thumbnailUrl\":\"https:\\\/\\\/tajkertesz.com\\\/wp-content\\\/uploads\\\/2024\\\/10\\\/20241009_082539-scaled.jpg\",\"datePublished\":\"2026-02-24T14:44:41+00:00\",\"dateModified\":\"2026-02-24T14:47:41+00:00\",\"description\":\"A Juniperus horizontalis 'Blue Chip' - K\u00e9k ter\u00fcl\u0151 henyebor\u00f3ka egy \u00f6r\u00f6kz\u00f6ld cserje, k\u00e9kes lombja \u00e9s talajtakar\u00f3 tulajdons\u00e1gai miatt kedvelnek az emberek.\",\"breadcrumb\":{\"@id\":\"https:\\\/\\\/tajkertesz.com\\\/termek\\\/juniperus-horizontalis-blue-chip-kek-terulo-henyeboroka-2\\\/#breadcrumb\"},\"inLanguage\":\"en-US\",\"potentialAction\":[{\"@type\":\"ReadAction\",\"target\":[\"https:\\\/\\\/tajkertesz.com\\\/termek\\\/juniperus-horizontalis-blue-chip-kek-terulo-henyeboroka-2\\\/\"]}]},{\"@type\":\"ImageObject\",\"inLanguage\":\"en-US\",\"@id\":\"https:\\\/\\\/tajkertesz.com\\\/termek\\\/juniperus-horizontalis-blue-chip-kek-terulo-henyeboroka-2\\\/#primaryimage\",\"url\":\"https:\\\/\\\/tajkertesz.com\\\/wp-content\\\/uploads\\\/2024\\\/10\\\/20241009_082539-scaled.jpg\",\"contentUrl\":\"https:\\\/\\\/tajkertesz.com\\\/wp-content\\\/uploads\\\/2024\\\/10\\\/20241009_082539-scaled.jpg\",\"width\":1920,\"height\":2560,\"caption\":\"Juniperus horizontalis 'Blue Chip' - K\u00e9k ter\u00fcl\u0151 henyebor\u00f3ka\"},{\"@type\":\"BreadcrumbList\",\"@id\":\"https:\\\/\\\/tajkertesz.com\\\/termek\\\/juniperus-horizontalis-blue-chip-kek-terulo-henyeboroka-2\\\/#breadcrumb\",\"itemListElement\":[{\"@type\":\"ListItem\",\"position\":1,\"name\":\"Home\",\"item\":\"https:\\\/\\\/tajkertesz.com\\\/\"},{\"@type\":\"ListItem\",\"position\":2,\"name\":\"Kezd\u0151lap\",\"item\":\"https:\\\/\\\/tajkertesz.com\\\/\"},{\"@type\":\"ListItem\",\"position\":3,\"name\":\"Juniperus horizontalis &#8216;Blue Chip&#8217; &#8211; K\u00e9k ter\u00fcl\u0151 henyebor\u00f3ka\"}]},{\"@type\":\"WebSite\",\"@id\":\"https:\\\/\\\/tajkertesz.com\\\/#website\",\"url\":\"https:\\\/\\\/tajkertesz.com\\\/\",\"name\":\"T\u00e1j-Kert\u00e9sz 84 Kft.\",\"description\":\"Kert\u00e9szeti kis- \u00e9s nagykeresked\u00e9s, D\u00edszn\u00f6v\u00e9ny web\u00e1ruh\u00e1z orsz\u00e1gos h\u00e1zhozsz\u00e1ll\u00edt\u00e1ssal!\",\"publisher\":{\"@id\":\"https:\\\/\\\/tajkertesz.com\\\/#organization\"},\"potentialAction\":[{\"@type\":\"SearchAction\",\"target\":{\"@type\":\"EntryPoint\",\"urlTemplate\":\"https:\\\/\\\/tajkertesz.com\\\/?s={search_term_string}\"},\"query-input\":{\"@type\":\"PropertyValueSpecification\",\"valueRequired\":true,\"valueName\":\"search_term_string\"}}],\"inLanguage\":\"en-US\"},{\"@type\":\"Organization\",\"@id\":\"https:\\\/\\\/tajkertesz.com\\\/#organization\",\"name\":\"T\u00e1j-Kert\u00e9sz 84 Kft.\",\"url\":\"https:\\\/\\\/tajkertesz.com\\\/\",\"logo\":{\"@type\":\"ImageObject\",\"inLanguage\":\"en-US\",\"@id\":\"https:\\\/\\\/tajkertesz.com\\\/#\\\/schema\\\/logo\\\/image\\\/\",\"url\":\"https:\\\/\\\/tajkertesz.com\\\/wp-content\\\/uploads\\\/2018\\\/02\\\/logo-2-e1518678052539.png\",\"contentUrl\":\"https:\\\/\\\/tajkertesz.com\\\/wp-content\\\/uploads\\\/2018\\\/02\\\/logo-2-e1518678052539.png\",\"width\":81,\"height\":140,\"caption\":\"T\u00e1j-Kert\u00e9sz 84 Kft.\"},\"image\":{\"@id\":\"https:\\\/\\\/tajkertesz.com\\\/#\\\/schema\\\/logo\\\/image\\\/\"},\"sameAs\":[\"https:\\\/\\\/www.facebook.com\\\/Tajkertesz\\\/\"]}]}<\/script>\n<!-- \/ Yoast SEO plugin. -->","yoast_head_json":{"title":"Juniperus horizontalis 'Blue Chip' - K\u00e9k ter\u00fcl\u0151 henyebor\u00f3ka - T\u00e1jkert\u00e9sz","description":"A Juniperus horizontalis 'Blue Chip' - K\u00e9k ter\u00fcl\u0151 henyebor\u00f3ka egy \u00f6r\u00f6kz\u00f6ld cserje, k\u00e9kes lombja \u00e9s talajtakar\u00f3 tulajdons\u00e1gai miatt kedvelnek az emberek.","robots":{"index":"index","follow":"follow","max-snippet":"max-snippet:-1","max-image-preview":"max-image-preview:large","max-video-preview":"max-video-preview:-1"},"canonical":"https:\/\/tajkertesz.com\/en_US\/product\/juniperus-horizontalis-blue-chip-kek-terulo-henyeboroka-2\/","og_locale":"en_US","og_type":"article","og_title":"Juniperus horizontalis 'Blue Chip' - K\u00e9k ter\u00fcl\u0151 henyebor\u00f3ka - T\u00e1jkert\u00e9sz","og_description":"A Juniperus horizontalis 'Blue Chip' - K\u00e9k ter\u00fcl\u0151 henyebor\u00f3ka egy \u00f6r\u00f6kz\u00f6ld cserje, k\u00e9kes lombja \u00e9s talajtakar\u00f3 tulajdons\u00e1gai miatt kedvelnek az emberek.","og_url":"https:\/\/tajkertesz.com\/en_US\/product\/juniperus-horizontalis-blue-chip-kek-terulo-henyeboroka-2\/","og_site_name":"T\u00e1jkert\u00e9sz","article_publisher":"https:\/\/www.facebook.com\/Tajkertesz\/","article_modified_time":"2026-02-24T14:47:41+00:00","og_image":[{"width":1920,"height":2560,"url":"https:\/\/tajkertesz.com\/wp-content\/uploads\/2024\/10\/20241009_082539-scaled.jpg","type":"image\/jpeg"}],"twitter_card":"summary_large_image","twitter_misc":{"Est. reading time":"4 minutes"},"schema":{"@context":"https:\/\/schema.org","@graph":[{"@type":"WebPage","@id":"https:\/\/tajkertesz.com\/termek\/juniperus-horizontalis-blue-chip-kek-terulo-henyeboroka-2\/","url":"https:\/\/tajkertesz.com\/termek\/juniperus-horizontalis-blue-chip-kek-terulo-henyeboroka-2\/","name":"Juniperus horizontalis 'Blue Chip' - K\u00e9k ter\u00fcl\u0151 henyebor\u00f3ka - T\u00e1jkert\u00e9sz","isPartOf":{"@id":"https:\/\/tajkertesz.com\/#website"},"primaryImageOfPage":{"@id":"https:\/\/tajkertesz.com\/termek\/juniperus-horizontalis-blue-chip-kek-terulo-henyeboroka-2\/#primaryimage"},"image":{"@id":"https:\/\/tajkertesz.com\/termek\/juniperus-horizontalis-blue-chip-kek-terulo-henyeboroka-2\/#primaryimage"},"thumbnailUrl":"https:\/\/tajkertesz.com\/wp-content\/uploads\/2024\/10\/20241009_082539-scaled.jpg","datePublished":"2026-02-24T14:44:41+00:00","dateModified":"2026-02-24T14:47:41+00:00","description":"A Juniperus horizontalis 'Blue Chip' - K\u00e9k ter\u00fcl\u0151 henyebor\u00f3ka egy \u00f6r\u00f6kz\u00f6ld cserje, k\u00e9kes lombja \u00e9s talajtakar\u00f3 tulajdons\u00e1gai miatt kedvelnek az emberek.","breadcrumb":{"@id":"https:\/\/tajkertesz.com\/termek\/juniperus-horizontalis-blue-chip-kek-terulo-henyeboroka-2\/#breadcrumb"},"inLanguage":"en-US","potentialAction":[{"@type":"ReadAction","target":["https:\/\/tajkertesz.com\/termek\/juniperus-horizontalis-blue-chip-kek-terulo-henyeboroka-2\/"]}]},{"@type":"ImageObject","inLanguage":"en-US","@id":"https:\/\/tajkertesz.com\/termek\/juniperus-horizontalis-blue-chip-kek-terulo-henyeboroka-2\/#primaryimage","url":"https:\/\/tajkertesz.com\/wp-content\/uploads\/2024\/10\/20241009_082539-scaled.jpg","contentUrl":"https:\/\/tajkertesz.com\/wp-content\/uploads\/2024\/10\/20241009_082539-scaled.jpg","width":1920,"height":2560,"caption":"Juniperus horizontalis 'Blue Chip' - K\u00e9k ter\u00fcl\u0151 henyebor\u00f3ka"},{"@type":"BreadcrumbList","@id":"https:\/\/tajkertesz.com\/termek\/juniperus-horizontalis-blue-chip-kek-terulo-henyeboroka-2\/#breadcrumb","itemListElement":[{"@type":"ListItem","position":1,"name":"Home","item":"https:\/\/tajkertesz.com\/"},{"@type":"ListItem","position":2,"name":"Kezd\u0151lap","item":"https:\/\/tajkertesz.com\/"},{"@type":"ListItem","position":3,"name":"Juniperus horizontalis &#8216;Blue Chip&#8217; &#8211; K\u00e9k ter\u00fcl\u0151 henyebor\u00f3ka"}]},{"@type":"WebSite","@id":"https:\/\/tajkertesz.com\/#website","url":"https:\/\/tajkertesz.com\/","name":"T\u00e1j-Kert\u00e9sz 84 Kft.","description":"Kert\u00e9szeti kis- \u00e9s nagykeresked\u00e9s, D\u00edszn\u00f6v\u00e9ny web\u00e1ruh\u00e1z orsz\u00e1gos h\u00e1zhozsz\u00e1ll\u00edt\u00e1ssal!","publisher":{"@id":"https:\/\/tajkertesz.com\/#organization"},"potentialAction":[{"@type":"SearchAction","target":{"@type":"EntryPoint","urlTemplate":"https:\/\/tajkertesz.com\/?s={search_term_string}"},"query-input":{"@type":"PropertyValueSpecification","valueRequired":true,"valueName":"search_term_string"}}],"inLanguage":"en-US"},{"@type":"Organization","@id":"https:\/\/tajkertesz.com\/#organization","name":"T\u00e1j-Kert\u00e9sz 84 Kft.","url":"https:\/\/tajkertesz.com\/","logo":{"@type":"ImageObject","inLanguage":"en-US","@id":"https:\/\/tajkertesz.com\/#\/schema\/logo\/image\/","url":"https:\/\/tajkertesz.com\/wp-content\/uploads\/2018\/02\/logo-2-e1518678052539.png","contentUrl":"https:\/\/tajkertesz.com\/wp-content\/uploads\/2018\/02\/logo-2-e1518678052539.png","width":81,"height":140,"caption":"T\u00e1j-Kert\u00e9sz 84 Kft."},"image":{"@id":"https:\/\/tajkertesz.com\/#\/schema\/logo\/image\/"},"sameAs":["https:\/\/www.facebook.com\/Tajkertesz\/"]}]}},"_links":{"self":[{"href":"https:\/\/tajkertesz.com\/en_US\/wp-json\/wp\/v2\/product\/26258","targetHints":{"allow":["GET"]}}],"collection":[{"href":"https:\/\/tajkertesz.com\/en_US\/wp-json\/wp\/v2\/product"}],"about":[{"href":"https:\/\/tajkertesz.com\/en_US\/wp-json\/wp\/v2\/types\/product"}],"wp:featuredmedia":[{"embeddable":true,"href":"https:\/\/tajkertesz.com\/en_US\/wp-json\/wp\/v2\/media\/21306"}],"wp:attachment":[{"href":"https:\/\/tajkertesz.com\/en_US\/wp-json\/wp\/v2\/media?parent=26258"}],"wp:term":[{"taxonomy":"product_brand","embeddable":true,"href":"https:\/\/tajkertesz.com\/en_US\/wp-json\/wp\/v2\/product_brand?post=26258"},{"taxonomy":"product_cat","embeddable":true,"href":"https:\/\/tajkertesz.com\/en_US\/wp-json\/wp\/v2\/product_cat?post=26258"},{"taxonomy":"product_tag","embeddable":true,"href":"https:\/\/tajkertesz.com\/en_US\/wp-json\/wp\/v2\/product_tag?post=26258"}],"curies":[{"name":"wp","href":"https:\/\/api.w.org\/{rel}","templated":true}]}}