{"id":2636,"date":"2020-11-11T09:29:38","date_gmt":"2020-11-11T09:29:38","guid":{"rendered":"https:\/\/tajkertesz.com\/?post_type=product&#038;p=2636"},"modified":"2022-05-13T10:44:08","modified_gmt":"2022-05-13T10:44:08","slug":"truper-rugos-fem-fusepru-emx-18","status":"publish","type":"product","link":"https:\/\/tajkertesz.com\/en_US\/product\/truper-rugos-fem-fusepru-emx-18\/","title":{"rendered":"Truper Rug\u00f3s f\u00e9m f\u0171sepr\u0171 EMX 18"},"content":{"rendered":"<h1 class=\"product-title entry-title\">Truper Rug\u00f3s f\u00e9m f\u0171sepr\u0171 EMX 18<\/h1>\n<p>A Truper Rug\u00f3s f\u00e9m f\u0171sepr\u0171, 18 \u00e1g\u00fa, 48 cm sz\u00e9les fejjel rendelkezik. A fej sz\u00edne fekete. A fa nyele 122 cm hossz\u00fa , lakkozott.<\/p>\n<p>TERM\u00c9K K\u00d3D: EMX 18<\/p>\n<div class=\"product_meta\">\n<p>Az \u0151sszel elv\u00e9gzend\u0151 szezon\u00e1lis munk\u00e1k k\u00f6z\u00e9 tartozik a lombsepr\u00e9s. Ahogy egyre er\u0151sebb\u00e9 v\u00e1lik a levelek hull\u00e1sa, \u00fagy okoz egyre t\u00f6bb gondot a lehullott lomb sepr\u00e9se.<\/p>\n<p>Az \u0151szi lombsepr\u00e9st t\u00f6bb f\u0151 okb\u00f3l c\u00e9lszer\u0171 elv\u00e9gezni.<\/p>\n<p>1. A lehullott levelek nem ny\u00fajtanak kellemes l\u00e1tv\u00e1nyt a kert\u00fcnkben.<\/p>\n<p>2. A lehullott levelek meleg\u00e1gya a kerti k\u00f3rokoz\u00f3knak\u00a0 \u00e9s k\u00e1rtev\u0151knek.<\/p>\n<p>3.\u00a0 A lehullott levelek eltakarj\u00e1k a n\u00f6v\u00e9nyek \u0151szi sz\u00e9ps\u00e9g\u00e9t.<\/p>\n<p>4. A gyep\u00fcnket k\u00e1ros\u00edthatja a felgy\u00fclemlett avar.<\/p>\n<p>5. \u00c9s nem utols\u00f3 sorban a tavaszi id\u0151szakban igen sok a kerti munka , \u00edgy a lombsepr\u00e9st ha \u0151sszel v\u00e9gezz\u00fck el akkor id\u0151t is sp\u00f3rolhatunk tavaszra.<\/p>\n<p>&nbsp;<\/p>\n<h3>A k\u00f6nnyebb munkav\u00e9gz\u00e9shez elengedhetetlen a j\u00f3 min\u0151s\u00e9g\u0171 kerti szersz\u00e1m.<\/h3>\n<p>El\u00e9rhet\u0151 t\u00f6bbf\u00e9le m\u00e9retben \u00e9s \u00e1rban.<\/p>\n<p><strong>K\u00e9szlet\u00fcnk napi szinten v\u00e1ltozik, ez\u00e9rt k\u00e9rj\u00fck, \u00e9rdekl\u0151dj\u00f6n szem\u00e9lyesen, telefonon vagy email-en.<br \/>\nA v\u00e1ltoztat\u00e1s jog\u00e1t fenntartjuk!\u00a0<\/strong><\/p>\n<p><a href=\"https:\/\/tajkertesz.com\/\">https:\/\/tajkertesz.com\/<\/a><\/p>\n<p><a href=\"https:\/\/www.truper.com\/\">https:\/\/www.truper.com\/<\/a><\/p>\n<div class=\"product_meta\">\n<p>&nbsp;<\/p>\n<h2>A k\u00f6nnyebb munkav\u00e9gz\u00e9shez elengedhetetlen a j\u00f3 min\u0151s\u00e9g\u0171 kerti szersz\u00e1m.<\/h2>\n<p>Az \u0151sszel elv\u00e9gzend\u0151 szezon\u00e1lis munk\u00e1k k\u00f6z\u00e9 tartozik a lombsepr\u00e9s. Ahogy egyre er\u0151sebb\u00e9 v\u00e1lik a levelek hull\u00e1sa, \u00fagy okoz egyre t\u00f6bb gondot a lehullott lomb sepr\u00e9se.<\/p>\n<p>Az \u0151szi lombsepr\u00e9st t\u00f6bb f\u0151 okb\u00f3l c\u00e9lszer\u0171 elv\u00e9gezni.<\/p>\n<p>1. A lehullott levelek nem ny\u00fajtanak kellemes l\u00e1tv\u00e1nyt a kert\u00fcnkben.<\/p>\n<p>2. A lehullott levelek meleg\u00e1gya a kerti k\u00f3rokoz\u00f3knak\u00a0 \u00e9s k\u00e1rtev\u0151knek.<\/p>\n<p>3.\u00a0 A lehullott levelek eltakarj\u00e1k a n\u00f6v\u00e9nyek \u0151szi sz\u00e9ps\u00e9g\u00e9t.<\/p>\n<p>4. A gyep\u00fcnket k\u00e1ros\u00edthatja a felgy\u00fclemlett avar.<\/p>\n<p>5. \u00c9s nem utols\u00f3 sorban a tavaszi id\u0151szakban igen sok a kerti munka , \u00edgy a lombsepr\u00e9st ha \u0151sszel v\u00e9gezz\u00fck el akkor id\u0151t is sp\u00f3rolhatunk tavaszra.<\/p>\n<p>&nbsp;<\/p>\n<h2><\/h2>\n<p>El\u00e9rhet\u0151 t\u00f6bbf\u00e9le m\u00e9retben \u00e9s \u00e1rban.<\/p>\n<p><strong>K\u00e9szlet\u00fcnk napi szinten v\u00e1ltozik, ez\u00e9rt k\u00e9rj\u00fck, \u00e9rdekl\u0151dj\u00f6n szem\u00e9lyesen, telefonon vagy email-en.<br \/>\nA v\u00e1ltoztat\u00e1s jog\u00e1t fenntartjuk!\u00a0<\/strong><\/p>\n<\/div>\n<p>&nbsp;<\/p>\n<\/div>","protected":false},"excerpt":{"rendered":"<div class=\"product_meta\">\n<p>A <strong>Truper Rug\u00f3s f\u00e9m f\u0171sepr\u0171<\/strong>, 18 \u00e1g\u00fa, 48 cm sz\u00e9les fejjel rendelkezik. A fej sz\u00edne fekete. A fa nyele 122 cm hossz\u00fa , lakkozott.<\/p>\n<p>Az \u0151sszel elv\u00e9gzend\u0151 szezon\u00e1lis munk\u00e1k k\u00f6z\u00e9 tartozik a lombsepr\u00e9s. Ahogy egyre er\u0151sebb\u00e9 v\u00e1lik a levelek hull\u00e1sa, \u00fagy okoz egyre t\u00f6bb gondot a lehullott lomb sepr\u00e9se.<\/p>\n<p>Az \u0151szi lombsepr\u00e9st t\u00f6bb f\u0151 okb\u00f3l c\u00e9lszer\u0171 elv\u00e9gezni.<\/p>\n<p>1. A lehullott levelek nem ny\u00fajtanak kellemes l\u00e1tv\u00e1nyt a kert\u00fcnkben.<\/p>\n<p>2. A lehullott levelek meleg\u00e1gya a kerti k\u00f3rokoz\u00f3knak\u00a0 \u00e9s k\u00e1rtev\u0151knek.<\/p>\n<p>3.\u00a0 A lehullott levelek eltakarj\u00e1k a n\u00f6v\u00e9nyek \u0151szi sz\u00e9ps\u00e9g\u00e9t.<\/p>\n<p>4. A gyep\u00fcnket k\u00e1ros\u00edthatja a felgy\u00fclemlett avar.<\/p>\n<p>5. \u00c9s nem utols\u00f3 sorban a tavaszi id\u0151szakban igen sok a kerti munka , \u00edgy a lombsepr\u00e9st ha \u0151sszel v\u00e9gezz\u00fck el akkor id\u0151t is sp\u00f3rolhatunk tavaszra.<\/p>\n<p>&nbsp;<\/p>\n<\/div>","protected":false},"featured_media":2637,"template":"","meta":{"_et_pb_use_builder":"","_et_pb_old_content":"","_et_gb_content_width":""},"product_brand":[],"product_cat":[623],"product_tag":[931,929,928,925,930,927],"class_list":{"0":"post-2636","1":"product","2":"type-product","3":"status-publish","4":"has-post-thumbnail","6":"product_cat-kerti-szerszamok-kiegeszitok","7":"product_tag-emx-18","8":"product_tag-fem-fusepru","9":"product_tag-fusepru","10":"product_tag-lombsepru","11":"product_tag-rugos-fem","12":"product_tag-truper","14":"first","15":"instock","16":"shipping-taxable","17":"product-type-simple"},"yoast_head":"<!-- This site is optimized with the Yoast SEO plugin v27.5 - https:\/\/yoast.com\/product\/yoast-seo-wordpress\/ -->\n<title>Truper Rug\u00f3s f\u00e9m f\u0171sepr\u0171 EMX 18 - T\u00e1jkert\u00e9sz<\/title>\n<meta name=\"description\" content=\"A Truper Rug\u00f3s f\u00e9m f\u0171sepr\u0171, 18 \u00e1g\u00fa, 48 cm sz\u00e9les fejjel rendelkezik. A fej sz\u00edne fekete. A fa nyele 122 cm hossz\u00fa , lakkozott.\u00a0\" \/>\n<meta name=\"robots\" content=\"index, follow, max-snippet:-1, max-image-preview:large, max-video-preview:-1\" \/>\n<link rel=\"canonical\" href=\"https:\/\/tajkertesz.com\/en_US\/product\/truper-rugos-fem-fusepru-emx-18\/\" \/>\n<meta property=\"og:locale\" content=\"en_US\" \/>\n<meta property=\"og:type\" content=\"article\" \/>\n<meta property=\"og:title\" content=\"Truper Rug\u00f3s f\u00e9m f\u0171sepr\u0171 EMX 18 - T\u00e1jkert\u00e9sz\" \/>\n<meta property=\"og:description\" content=\"A Truper Rug\u00f3s f\u00e9m f\u0171sepr\u0171, 18 \u00e1g\u00fa, 48 cm sz\u00e9les fejjel rendelkezik. A fej sz\u00edne fekete. A fa nyele 122 cm hossz\u00fa , lakkozott.\u00a0\" \/>\n<meta property=\"og:url\" content=\"https:\/\/tajkertesz.com\/en_US\/product\/truper-rugos-fem-fusepru-emx-18\/\" \/>\n<meta property=\"og:site_name\" content=\"T\u00e1jkert\u00e9sz\" \/>\n<meta property=\"article:publisher\" content=\"https:\/\/www.facebook.com\/Tajkertesz\/\" \/>\n<meta property=\"article:modified_time\" content=\"2022-05-13T10:44:08+00:00\" \/>\n<meta property=\"og:image\" content=\"https:\/\/tajkertesz.com\/wp-content\/uploads\/2020\/11\/Truper-emx18.jpg\" \/>\n\t<meta property=\"og:image:width\" content=\"400\" \/>\n\t<meta property=\"og:image:height\" content=\"889\" \/>\n\t<meta property=\"og:image:type\" content=\"image\/jpeg\" \/>\n<meta name=\"twitter:card\" content=\"summary_large_image\" \/>\n<meta name=\"twitter:label1\" content=\"Est. reading time\" \/>\n\t<meta name=\"twitter:data1\" content=\"2 minutes\" \/>\n<script type=\"application\/ld+json\" class=\"yoast-schema-graph\">{\"@context\":\"https:\\\/\\\/schema.org\",\"@graph\":[{\"@type\":\"WebPage\",\"@id\":\"https:\\\/\\\/tajkertesz.com\\\/termek\\\/truper-rugos-fem-fusepru-emx-18\\\/\",\"url\":\"https:\\\/\\\/tajkertesz.com\\\/termek\\\/truper-rugos-fem-fusepru-emx-18\\\/\",\"name\":\"Truper Rug\u00f3s f\u00e9m f\u0171sepr\u0171 EMX 18 - T\u00e1jkert\u00e9sz\",\"isPartOf\":{\"@id\":\"https:\\\/\\\/tajkertesz.com\\\/#website\"},\"primaryImageOfPage\":{\"@id\":\"https:\\\/\\\/tajkertesz.com\\\/termek\\\/truper-rugos-fem-fusepru-emx-18\\\/#primaryimage\"},\"image\":{\"@id\":\"https:\\\/\\\/tajkertesz.com\\\/termek\\\/truper-rugos-fem-fusepru-emx-18\\\/#primaryimage\"},\"thumbnailUrl\":\"https:\\\/\\\/tajkertesz.com\\\/wp-content\\\/uploads\\\/2020\\\/11\\\/Truper-emx18.jpg\",\"datePublished\":\"2020-11-11T09:29:38+00:00\",\"dateModified\":\"2022-05-13T10:44:08+00:00\",\"description\":\"A Truper Rug\u00f3s f\u00e9m f\u0171sepr\u0171, 18 \u00e1g\u00fa, 48 cm sz\u00e9les fejjel rendelkezik. A fej sz\u00edne fekete. A fa nyele 122 cm hossz\u00fa , lakkozott.\u00a0\",\"breadcrumb\":{\"@id\":\"https:\\\/\\\/tajkertesz.com\\\/termek\\\/truper-rugos-fem-fusepru-emx-18\\\/#breadcrumb\"},\"inLanguage\":\"en-US\",\"potentialAction\":[{\"@type\":\"ReadAction\",\"target\":[\"https:\\\/\\\/tajkertesz.com\\\/termek\\\/truper-rugos-fem-fusepru-emx-18\\\/\"]}]},{\"@type\":\"ImageObject\",\"inLanguage\":\"en-US\",\"@id\":\"https:\\\/\\\/tajkertesz.com\\\/termek\\\/truper-rugos-fem-fusepru-emx-18\\\/#primaryimage\",\"url\":\"https:\\\/\\\/tajkertesz.com\\\/wp-content\\\/uploads\\\/2020\\\/11\\\/Truper-emx18.jpg\",\"contentUrl\":\"https:\\\/\\\/tajkertesz.com\\\/wp-content\\\/uploads\\\/2020\\\/11\\\/Truper-emx18.jpg\",\"width\":400,\"height\":889},{\"@type\":\"BreadcrumbList\",\"@id\":\"https:\\\/\\\/tajkertesz.com\\\/termek\\\/truper-rugos-fem-fusepru-emx-18\\\/#breadcrumb\",\"itemListElement\":[{\"@type\":\"ListItem\",\"position\":1,\"name\":\"Home\",\"item\":\"https:\\\/\\\/tajkertesz.com\\\/\"},{\"@type\":\"ListItem\",\"position\":2,\"name\":\"Kezd\u0151lap\",\"item\":\"https:\\\/\\\/tajkertesz.com\\\/\"},{\"@type\":\"ListItem\",\"position\":3,\"name\":\"Truper Rug\u00f3s f\u00e9m f\u0171sepr\u0171 EMX 18\"}]},{\"@type\":\"WebSite\",\"@id\":\"https:\\\/\\\/tajkertesz.com\\\/#website\",\"url\":\"https:\\\/\\\/tajkertesz.com\\\/\",\"name\":\"T\u00e1j-Kert\u00e9sz 84 Kft.\",\"description\":\"Kert\u00e9szeti kis- \u00e9s nagykeresked\u00e9s, D\u00edszn\u00f6v\u00e9ny web\u00e1ruh\u00e1z orsz\u00e1gos h\u00e1zhozsz\u00e1ll\u00edt\u00e1ssal!\",\"publisher\":{\"@id\":\"https:\\\/\\\/tajkertesz.com\\\/#organization\"},\"potentialAction\":[{\"@type\":\"SearchAction\",\"target\":{\"@type\":\"EntryPoint\",\"urlTemplate\":\"https:\\\/\\\/tajkertesz.com\\\/?s={search_term_string}\"},\"query-input\":{\"@type\":\"PropertyValueSpecification\",\"valueRequired\":true,\"valueName\":\"search_term_string\"}}],\"inLanguage\":\"en-US\"},{\"@type\":\"Organization\",\"@id\":\"https:\\\/\\\/tajkertesz.com\\\/#organization\",\"name\":\"T\u00e1j-Kert\u00e9sz 84 Kft.\",\"url\":\"https:\\\/\\\/tajkertesz.com\\\/\",\"logo\":{\"@type\":\"ImageObject\",\"inLanguage\":\"en-US\",\"@id\":\"https:\\\/\\\/tajkertesz.com\\\/#\\\/schema\\\/logo\\\/image\\\/\",\"url\":\"https:\\\/\\\/tajkertesz.com\\\/wp-content\\\/uploads\\\/2018\\\/02\\\/logo-2-e1518678052539.png\",\"contentUrl\":\"https:\\\/\\\/tajkertesz.com\\\/wp-content\\\/uploads\\\/2018\\\/02\\\/logo-2-e1518678052539.png\",\"width\":81,\"height\":140,\"caption\":\"T\u00e1j-Kert\u00e9sz 84 Kft.\"},\"image\":{\"@id\":\"https:\\\/\\\/tajkertesz.com\\\/#\\\/schema\\\/logo\\\/image\\\/\"},\"sameAs\":[\"https:\\\/\\\/www.facebook.com\\\/Tajkertesz\\\/\"]}]}<\/script>\n<!-- \/ Yoast SEO plugin. -->","yoast_head_json":{"title":"Truper Rug\u00f3s f\u00e9m f\u0171sepr\u0171 EMX 18 - T\u00e1jkert\u00e9sz","description":"A Truper Rug\u00f3s f\u00e9m f\u0171sepr\u0171, 18 \u00e1g\u00fa, 48 cm sz\u00e9les fejjel rendelkezik. A fej sz\u00edne fekete. A fa nyele 122 cm hossz\u00fa , lakkozott.\u00a0","robots":{"index":"index","follow":"follow","max-snippet":"max-snippet:-1","max-image-preview":"max-image-preview:large","max-video-preview":"max-video-preview:-1"},"canonical":"https:\/\/tajkertesz.com\/en_US\/product\/truper-rugos-fem-fusepru-emx-18\/","og_locale":"en_US","og_type":"article","og_title":"Truper Rug\u00f3s f\u00e9m f\u0171sepr\u0171 EMX 18 - T\u00e1jkert\u00e9sz","og_description":"A Truper Rug\u00f3s f\u00e9m f\u0171sepr\u0171, 18 \u00e1g\u00fa, 48 cm sz\u00e9les fejjel rendelkezik. A fej sz\u00edne fekete. A fa nyele 122 cm hossz\u00fa , lakkozott.\u00a0","og_url":"https:\/\/tajkertesz.com\/en_US\/product\/truper-rugos-fem-fusepru-emx-18\/","og_site_name":"T\u00e1jkert\u00e9sz","article_publisher":"https:\/\/www.facebook.com\/Tajkertesz\/","article_modified_time":"2022-05-13T10:44:08+00:00","og_image":[{"width":400,"height":889,"url":"https:\/\/tajkertesz.com\/wp-content\/uploads\/2020\/11\/Truper-emx18.jpg","type":"image\/jpeg"}],"twitter_card":"summary_large_image","twitter_misc":{"Est. reading time":"2 minutes"},"schema":{"@context":"https:\/\/schema.org","@graph":[{"@type":"WebPage","@id":"https:\/\/tajkertesz.com\/termek\/truper-rugos-fem-fusepru-emx-18\/","url":"https:\/\/tajkertesz.com\/termek\/truper-rugos-fem-fusepru-emx-18\/","name":"Truper Rug\u00f3s f\u00e9m f\u0171sepr\u0171 EMX 18 - T\u00e1jkert\u00e9sz","isPartOf":{"@id":"https:\/\/tajkertesz.com\/#website"},"primaryImageOfPage":{"@id":"https:\/\/tajkertesz.com\/termek\/truper-rugos-fem-fusepru-emx-18\/#primaryimage"},"image":{"@id":"https:\/\/tajkertesz.com\/termek\/truper-rugos-fem-fusepru-emx-18\/#primaryimage"},"thumbnailUrl":"https:\/\/tajkertesz.com\/wp-content\/uploads\/2020\/11\/Truper-emx18.jpg","datePublished":"2020-11-11T09:29:38+00:00","dateModified":"2022-05-13T10:44:08+00:00","description":"A Truper Rug\u00f3s f\u00e9m f\u0171sepr\u0171, 18 \u00e1g\u00fa, 48 cm sz\u00e9les fejjel rendelkezik. A fej sz\u00edne fekete. A fa nyele 122 cm hossz\u00fa , lakkozott.\u00a0","breadcrumb":{"@id":"https:\/\/tajkertesz.com\/termek\/truper-rugos-fem-fusepru-emx-18\/#breadcrumb"},"inLanguage":"en-US","potentialAction":[{"@type":"ReadAction","target":["https:\/\/tajkertesz.com\/termek\/truper-rugos-fem-fusepru-emx-18\/"]}]},{"@type":"ImageObject","inLanguage":"en-US","@id":"https:\/\/tajkertesz.com\/termek\/truper-rugos-fem-fusepru-emx-18\/#primaryimage","url":"https:\/\/tajkertesz.com\/wp-content\/uploads\/2020\/11\/Truper-emx18.jpg","contentUrl":"https:\/\/tajkertesz.com\/wp-content\/uploads\/2020\/11\/Truper-emx18.jpg","width":400,"height":889},{"@type":"BreadcrumbList","@id":"https:\/\/tajkertesz.com\/termek\/truper-rugos-fem-fusepru-emx-18\/#breadcrumb","itemListElement":[{"@type":"ListItem","position":1,"name":"Home","item":"https:\/\/tajkertesz.com\/"},{"@type":"ListItem","position":2,"name":"Kezd\u0151lap","item":"https:\/\/tajkertesz.com\/"},{"@type":"ListItem","position":3,"name":"Truper Rug\u00f3s f\u00e9m f\u0171sepr\u0171 EMX 18"}]},{"@type":"WebSite","@id":"https:\/\/tajkertesz.com\/#website","url":"https:\/\/tajkertesz.com\/","name":"T\u00e1j-Kert\u00e9sz 84 Kft.","description":"Kert\u00e9szeti kis- \u00e9s nagykeresked\u00e9s, D\u00edszn\u00f6v\u00e9ny web\u00e1ruh\u00e1z orsz\u00e1gos h\u00e1zhozsz\u00e1ll\u00edt\u00e1ssal!","publisher":{"@id":"https:\/\/tajkertesz.com\/#organization"},"potentialAction":[{"@type":"SearchAction","target":{"@type":"EntryPoint","urlTemplate":"https:\/\/tajkertesz.com\/?s={search_term_string}"},"query-input":{"@type":"PropertyValueSpecification","valueRequired":true,"valueName":"search_term_string"}}],"inLanguage":"en-US"},{"@type":"Organization","@id":"https:\/\/tajkertesz.com\/#organization","name":"T\u00e1j-Kert\u00e9sz 84 Kft.","url":"https:\/\/tajkertesz.com\/","logo":{"@type":"ImageObject","inLanguage":"en-US","@id":"https:\/\/tajkertesz.com\/#\/schema\/logo\/image\/","url":"https:\/\/tajkertesz.com\/wp-content\/uploads\/2018\/02\/logo-2-e1518678052539.png","contentUrl":"https:\/\/tajkertesz.com\/wp-content\/uploads\/2018\/02\/logo-2-e1518678052539.png","width":81,"height":140,"caption":"T\u00e1j-Kert\u00e9sz 84 Kft."},"image":{"@id":"https:\/\/tajkertesz.com\/#\/schema\/logo\/image\/"},"sameAs":["https:\/\/www.facebook.com\/Tajkertesz\/"]}]}},"_links":{"self":[{"href":"https:\/\/tajkertesz.com\/en_US\/wp-json\/wp\/v2\/product\/2636","targetHints":{"allow":["GET"]}}],"collection":[{"href":"https:\/\/tajkertesz.com\/en_US\/wp-json\/wp\/v2\/product"}],"about":[{"href":"https:\/\/tajkertesz.com\/en_US\/wp-json\/wp\/v2\/types\/product"}],"wp:featuredmedia":[{"embeddable":true,"href":"https:\/\/tajkertesz.com\/en_US\/wp-json\/wp\/v2\/media\/2637"}],"wp:attachment":[{"href":"https:\/\/tajkertesz.com\/en_US\/wp-json\/wp\/v2\/media?parent=2636"}],"wp:term":[{"taxonomy":"product_brand","embeddable":true,"href":"https:\/\/tajkertesz.com\/en_US\/wp-json\/wp\/v2\/product_brand?post=2636"},{"taxonomy":"product_cat","embeddable":true,"href":"https:\/\/tajkertesz.com\/en_US\/wp-json\/wp\/v2\/product_cat?post=2636"},{"taxonomy":"product_tag","embeddable":true,"href":"https:\/\/tajkertesz.com\/en_US\/wp-json\/wp\/v2\/product_tag?post=2636"}],"curies":[{"name":"wp","href":"https:\/\/api.w.org\/{rel}","templated":true}]}}