{"id":2642,"date":"2020-11-11T11:14:26","date_gmt":"2020-11-11T11:14:26","guid":{"rendered":"https:\/\/tajkertesz.com\/?post_type=product&#038;p=2642"},"modified":"2024-01-22T14:49:56","modified_gmt":"2024-01-22T14:49:56","slug":"fiskars-solid-popup-garden-bag-56l","status":"publish","type":"product","link":"https:\/\/tajkertesz.com\/en_US\/product\/fiskars-solid-popup-garden-bag-56l\/","title":{"rendered":"Fiskars Solid\u00a0 PopUp Garden Bag 56l\u00a0"},"content":{"rendered":"<h3>Fiskars Solid\u00a0 PopUp Garden Bag 56l<\/h3>\n<p>A\u00a0 Fiskars Solid\u00a0 PopUp Garden Bag 56l-es kerti hullad\u00e9kgy\u0171jt\u0151 zs\u00e1k. Igen sz\u00e9les k\u00f6r\u0171en felhaszn\u00e1lhat\u00f3 40 cm \u00e1tm\u00e9r\u0151j\u0171 \u00e9s 46 cm magasra kinyithat\u00f3 t\u00f6bbsz\u00f6r haszn\u00e1lhat\u00f3 t\u00e1ska. Ide\u00e1lis gyomok, lev\u00e1gott f\u0171, kerti hullad\u00e9k vagy egy\u00e9b dolgok (pl. j\u00e1t\u00e9kok) gy\u0171jt\u00e9s\u00e9re.Helytakar\u00e9kos t\u00e1rol\u00e1s (\u00f6sszehajtva 8 cm)Szakad\u00e1s- \u00e9s pen\u00e9sz\u00e1ll\u00f3 kivitel.Tart\u00f3s \u00e9s k\u00f6nny\u0171 tiszt\u00edtani.<\/p>\n<p>Ide\u00e1lis nedves udvar \u00e9s kerti hullad\u00e9k, mint p\u00e9ld\u00e1ul nedves-vagy v\u00e1gott f\u0171 gy\u0171jt\u00e9s\u00e9re<\/p>\n<p>Anyag: poli\u00e9szter<\/p>\n<p>\u0170rtartalom: 56 liter<\/p>\n<p>Sz\u00e9less\u00e9g: 400 mm<\/p>\n<p>Z\u00e1rt magass\u00e1g: 80 mm<\/p>\n<p>Nyitott magass\u00e1g: 460 mm<\/p>\n<p>S\u00faly: 600 g<\/p>\n<p style=\"line-height: 18.0pt; background: white; margin: 0cm 0cm 15.0pt 0cm;\"><span style=\"font-family: 'Ubuntu',serif; color: black;\">El\u00e9rhet\u0151 t\u00f6bbf\u00e9le m\u00e9retben \u00e9s \u00e1rban.<\/span><\/p>\n<p style=\"line-height: 18.0pt; background: white; margin: 0cm 0cm 15.0pt 0cm;\"><b><span style=\"font-family: 'Ubuntu',serif; color: black;\">K\u00e9szlet\u00fcnk napi szinten v\u00e1ltozik, ez\u00e9rt k\u00e9rj\u00fck, \u00e9rdekl\u0151dj\u00f6n szem\u00e9lyesen, telefonon vagy email-en.<br \/>\nA v\u00e1ltoztat\u00e1s jog\u00e1t fenntartjuk!\u00a0<\/span><\/b><\/p>\n<p><a href=\"https:\/\/tajkertesz.com\/\">https:\/\/tajkertesz.com\/<\/a><\/p>\n<p><a href=\"https:\/\/www.fiskars.hu\/\">https:\/\/www.fiskars.hu\/<\/a><\/p>\n<p><span style=\"color: #ffffff;\">Kert\u00e9szetekben \u00e9s nagyobb \u00e1ruh\u00e1zakban kaphat\u00f3, ak\u00e1rcsak az \u00e1s\u00f3, a lap\u00e1t, a kapa vagy ritk\u00e1bban a kaszahanem a h\u00e1z k\u00f6r\u00fcl is fontos eszk\u00f6z, a lehullott faleveleket (avart) vagy egy\u00e9b lombokat is \u00f6ssze lehet vele szedni (a speci\u00e1lisan lombgy\u0171jt\u00e9sre szakosodott verzi\u00f3ja a lombsepr\u0171). Nyele \u00e1ltal\u00e1ban f\u00e1b\u00f3l, feje pedig vasb\u00f3l k\u00e9sz\u00fcl, de manaps\u00e1g m\u00e1r elterjedt a m\u0171anyagb\u00f3l k\u00e9sz\u00fclt v\u00e1ltozat is. Kert\u00e9szetekben \u00e9s nagyobb \u00e1ruh\u00e1zakban kaphat\u00f3, ak\u00e1rcsak az \u00e1s\u00f3, a lap\u00e1t, a kapa vagy ritk\u00e1bban a kasza<\/span><\/p>\n<p>&nbsp;<\/p>\n<p><span style=\"color: #ffffff;\">..\u00c1tm\u00e9r\u0151: 6 mm\u00e1bban a kasza.<\/span><span style=\"color: #ffffff;\">\u00c1tm\u00e9r\u0151: 6 mmmanaps\u00e1g m\u00e1r elterjedt a m\u0171anyagb\u00f3l k\u00e9sz\u00fclt v\u00e1ltozat is. Kert\u00e9szetekben \u00e9s nagyobb \u00e1ruh\u00e1zakban kaphat\u00f3, ak\u00e1rcsak az \u00e1s\u00f3, a lap\u00e1t, a kapa vagy ritk\u00e1bban a kaszahanem a h\u00e1z k\u00f6r\u00fcl is fontos eszk\u00f6z, a lehullott faleveleket (avart) vagy egy\u00e9b lombokat is \u00f6ssze lehet vele szedni (a speci\u00e1lisan lombgy\u0171jt\u00e9sre szakosodott verzi\u00f3ja a lombsepr\u0171). Nyele \u00e1ltal\u00e1ban f\u00e1b\u00f3l, feje pedig vasb\u00f3l k\u00e9sz\u00fcl, de manaps\u00e1g m\u00e1r elterjedt a m\u0171anyagb\u00f3l k\u00e9sz\u00fclt v\u00e1ltozat is. Kert\u00e9szetekben \u00e9s nagyobb \u00e1ruh\u00e1zakban kaphat\u00f3, ak\u00e1rcsak az \u00e1s\u00f3, a lap\u00e1t, a kapa vagy ritk\u00e1bban a kasza..\u00c1tm\u00e9r\u0151: 6 mm<\/span><\/p>","protected":false},"excerpt":{"rendered":"<p>A\u00a0 Fiskars Solid\u00a0 PopUp Garden Bag 56l-es kerti hullad\u00e9kgy\u0171jt\u0151 zs\u00e1k. Igen sz\u00e9les k\u00f6r\u0171en felhaszn\u00e1lhat\u00f3 40 cm \u00e1tm\u00e9r\u0151j\u0171 \u00e9s 46 cm magasra kinyithat\u00f3 t\u00f6bbsz\u00f6r haszn\u00e1lhat\u00f3 t\u00e1ska. Ide\u00e1lis gyomok, lev\u00e1gott f\u0171, kerti hullad\u00e9k vagy egy\u00e9b dolgok (pl. j\u00e1t\u00e9kok) gy\u0171jt\u00e9s\u00e9re.<br \/>\nHelytakar\u00e9kos t\u00e1rol\u00e1s (\u00f6sszehajtva 8 cm)<br \/>\nSzakad\u00e1s- \u00e9s pen\u00e9sz\u00e1ll\u00f3 kivitel.<br \/>\nTart\u00f3s \u00e9s k\u00f6nny\u0171 tiszt\u00edtani.<\/p>","protected":false},"featured_media":2645,"template":"","meta":{"_et_pb_use_builder":"","_et_pb_old_content":"","_et_gb_content_width":""},"product_brand":[],"product_cat":[4683],"product_tag":[937,116,936,938,935,934,920],"class_list":{"0":"post-2642","1":"product","2":"type-product","3":"status-publish","4":"has-post-thumbnail","6":"product_cat-egyeb-fiskars-eszkozok-es-kerteszeti-kiegeszitok","7":"product_tag-56l","8":"product_tag-fiskars","9":"product_tag-garden-bag","10":"product_tag-kerti-hulladek","11":"product_tag-popup","12":"product_tag-solid","13":"product_tag-zsak","15":"first","16":"instock","17":"shipping-taxable","18":"purchasable","19":"product-type-simple"},"yoast_head":"<!-- This site is optimized with the Yoast SEO plugin v27.3 - https:\/\/yoast.com\/product\/yoast-seo-wordpress\/ -->\n<title>Fiskars Solid\u00a0 PopUp Garden Bag 56l\u00a0 - T\u00e1jkert\u00e9sz<\/title>\n<meta name=\"description\" content=\"A\u00a0 Fiskars Solid\u00a0 PopUp Garden Bag 56l-es kerti hullad\u00e9kgy\u0171jt\u0151 zs\u00e1k. 40 cm \u00e1tm\u00e9r\u0151j\u0171 \u00e9s 46 cm magasra kinyithat\u00f3 t\u00f6bbsz\u00f6r haszn\u00e1lhat\u00f3 t\u00e1ska.\" \/>\n<meta name=\"robots\" content=\"index, follow, max-snippet:-1, max-image-preview:large, max-video-preview:-1\" \/>\n<link rel=\"canonical\" href=\"https:\/\/tajkertesz.com\/en_US\/product\/fiskars-solid-popup-garden-bag-56l\/\" \/>\n<meta property=\"og:locale\" content=\"en_US\" \/>\n<meta property=\"og:type\" content=\"article\" \/>\n<meta property=\"og:title\" content=\"Fiskars Solid\u00a0 PopUp Garden Bag 56l\u00a0 - T\u00e1jkert\u00e9sz\" \/>\n<meta property=\"og:description\" content=\"A\u00a0 Fiskars Solid\u00a0 PopUp Garden Bag 56l-es kerti hullad\u00e9kgy\u0171jt\u0151 zs\u00e1k. 40 cm \u00e1tm\u00e9r\u0151j\u0171 \u00e9s 46 cm magasra kinyithat\u00f3 t\u00f6bbsz\u00f6r haszn\u00e1lhat\u00f3 t\u00e1ska.\" \/>\n<meta property=\"og:url\" content=\"https:\/\/tajkertesz.com\/en_US\/product\/fiskars-solid-popup-garden-bag-56l\/\" \/>\n<meta property=\"og:site_name\" content=\"T\u00e1jkert\u00e9sz\" \/>\n<meta property=\"article:publisher\" content=\"https:\/\/www.facebook.com\/Tajkertesz\/\" \/>\n<meta property=\"article:modified_time\" content=\"2024-01-22T14:49:56+00:00\" \/>\n<meta property=\"og:image\" content=\"https:\/\/tajkertesz.com\/wp-content\/uploads\/2020\/11\/Fiskars-Pop-up-garden-bag-56l.jpg3_.jpg\" \/>\n\t<meta property=\"og:image:width\" content=\"1500\" \/>\n\t<meta property=\"og:image:height\" content=\"1444\" \/>\n\t<meta property=\"og:image:type\" content=\"image\/jpeg\" \/>\n<meta name=\"twitter:card\" content=\"summary_large_image\" \/>\n<meta name=\"twitter:label1\" content=\"Est. reading time\" \/>\n\t<meta name=\"twitter:data1\" content=\"2 minutes\" \/>\n<script type=\"application\/ld+json\" class=\"yoast-schema-graph\">{\"@context\":\"https:\\\/\\\/schema.org\",\"@graph\":[{\"@type\":\"WebPage\",\"@id\":\"https:\\\/\\\/tajkertesz.com\\\/termek\\\/fiskars-solid-popup-garden-bag-56l\\\/\",\"url\":\"https:\\\/\\\/tajkertesz.com\\\/termek\\\/fiskars-solid-popup-garden-bag-56l\\\/\",\"name\":\"Fiskars Solid\u00a0 PopUp Garden Bag 56l\u00a0 - T\u00e1jkert\u00e9sz\",\"isPartOf\":{\"@id\":\"https:\\\/\\\/tajkertesz.com\\\/#website\"},\"primaryImageOfPage\":{\"@id\":\"https:\\\/\\\/tajkertesz.com\\\/termek\\\/fiskars-solid-popup-garden-bag-56l\\\/#primaryimage\"},\"image\":{\"@id\":\"https:\\\/\\\/tajkertesz.com\\\/termek\\\/fiskars-solid-popup-garden-bag-56l\\\/#primaryimage\"},\"thumbnailUrl\":\"https:\\\/\\\/tajkertesz.com\\\/wp-content\\\/uploads\\\/2020\\\/11\\\/Fiskars-Pop-up-garden-bag-56l.jpg3_.jpg\",\"datePublished\":\"2020-11-11T11:14:26+00:00\",\"dateModified\":\"2024-01-22T14:49:56+00:00\",\"description\":\"A\u00a0 Fiskars Solid\u00a0 PopUp Garden Bag 56l-es kerti hullad\u00e9kgy\u0171jt\u0151 zs\u00e1k. 40 cm \u00e1tm\u00e9r\u0151j\u0171 \u00e9s 46 cm magasra kinyithat\u00f3 t\u00f6bbsz\u00f6r haszn\u00e1lhat\u00f3 t\u00e1ska.\",\"breadcrumb\":{\"@id\":\"https:\\\/\\\/tajkertesz.com\\\/termek\\\/fiskars-solid-popup-garden-bag-56l\\\/#breadcrumb\"},\"inLanguage\":\"en-US\",\"potentialAction\":[{\"@type\":\"ReadAction\",\"target\":[\"https:\\\/\\\/tajkertesz.com\\\/termek\\\/fiskars-solid-popup-garden-bag-56l\\\/\"]}]},{\"@type\":\"ImageObject\",\"inLanguage\":\"en-US\",\"@id\":\"https:\\\/\\\/tajkertesz.com\\\/termek\\\/fiskars-solid-popup-garden-bag-56l\\\/#primaryimage\",\"url\":\"https:\\\/\\\/tajkertesz.com\\\/wp-content\\\/uploads\\\/2020\\\/11\\\/Fiskars-Pop-up-garden-bag-56l.jpg3_.jpg\",\"contentUrl\":\"https:\\\/\\\/tajkertesz.com\\\/wp-content\\\/uploads\\\/2020\\\/11\\\/Fiskars-Pop-up-garden-bag-56l.jpg3_.jpg\",\"width\":1500,\"height\":1444},{\"@type\":\"BreadcrumbList\",\"@id\":\"https:\\\/\\\/tajkertesz.com\\\/termek\\\/fiskars-solid-popup-garden-bag-56l\\\/#breadcrumb\",\"itemListElement\":[{\"@type\":\"ListItem\",\"position\":1,\"name\":\"Home\",\"item\":\"https:\\\/\\\/tajkertesz.com\\\/\"},{\"@type\":\"ListItem\",\"position\":2,\"name\":\"Kezd\u0151lap\",\"item\":\"https:\\\/\\\/tajkertesz.com\\\/\"},{\"@type\":\"ListItem\",\"position\":3,\"name\":\"Fiskars Solid\u00a0 PopUp Garden Bag 56l\u00a0\"}]},{\"@type\":\"WebSite\",\"@id\":\"https:\\\/\\\/tajkertesz.com\\\/#website\",\"url\":\"https:\\\/\\\/tajkertesz.com\\\/\",\"name\":\"T\u00e1j-Kert\u00e9sz 84 Kft.\",\"description\":\"Kert\u00e9szeti kis- \u00e9s nagykeresked\u00e9s, D\u00edszn\u00f6v\u00e9ny web\u00e1ruh\u00e1z orsz\u00e1gos h\u00e1zhozsz\u00e1ll\u00edt\u00e1ssal!\",\"publisher\":{\"@id\":\"https:\\\/\\\/tajkertesz.com\\\/#organization\"},\"potentialAction\":[{\"@type\":\"SearchAction\",\"target\":{\"@type\":\"EntryPoint\",\"urlTemplate\":\"https:\\\/\\\/tajkertesz.com\\\/?s={search_term_string}\"},\"query-input\":{\"@type\":\"PropertyValueSpecification\",\"valueRequired\":true,\"valueName\":\"search_term_string\"}}],\"inLanguage\":\"en-US\"},{\"@type\":\"Organization\",\"@id\":\"https:\\\/\\\/tajkertesz.com\\\/#organization\",\"name\":\"T\u00e1j-Kert\u00e9sz 84 Kft.\",\"url\":\"https:\\\/\\\/tajkertesz.com\\\/\",\"logo\":{\"@type\":\"ImageObject\",\"inLanguage\":\"en-US\",\"@id\":\"https:\\\/\\\/tajkertesz.com\\\/#\\\/schema\\\/logo\\\/image\\\/\",\"url\":\"https:\\\/\\\/tajkertesz.com\\\/wp-content\\\/uploads\\\/2018\\\/02\\\/logo-2-e1518678052539.png\",\"contentUrl\":\"https:\\\/\\\/tajkertesz.com\\\/wp-content\\\/uploads\\\/2018\\\/02\\\/logo-2-e1518678052539.png\",\"width\":81,\"height\":140,\"caption\":\"T\u00e1j-Kert\u00e9sz 84 Kft.\"},\"image\":{\"@id\":\"https:\\\/\\\/tajkertesz.com\\\/#\\\/schema\\\/logo\\\/image\\\/\"},\"sameAs\":[\"https:\\\/\\\/www.facebook.com\\\/Tajkertesz\\\/\"]}]}<\/script>\n<!-- \/ Yoast SEO plugin. -->","yoast_head_json":{"title":"Fiskars Solid\u00a0 PopUp Garden Bag 56l\u00a0 - T\u00e1jkert\u00e9sz","description":"A\u00a0 Fiskars Solid\u00a0 PopUp Garden Bag 56l-es kerti hullad\u00e9kgy\u0171jt\u0151 zs\u00e1k. 40 cm \u00e1tm\u00e9r\u0151j\u0171 \u00e9s 46 cm magasra kinyithat\u00f3 t\u00f6bbsz\u00f6r haszn\u00e1lhat\u00f3 t\u00e1ska.","robots":{"index":"index","follow":"follow","max-snippet":"max-snippet:-1","max-image-preview":"max-image-preview:large","max-video-preview":"max-video-preview:-1"},"canonical":"https:\/\/tajkertesz.com\/en_US\/product\/fiskars-solid-popup-garden-bag-56l\/","og_locale":"en_US","og_type":"article","og_title":"Fiskars Solid\u00a0 PopUp Garden Bag 56l\u00a0 - T\u00e1jkert\u00e9sz","og_description":"A\u00a0 Fiskars Solid\u00a0 PopUp Garden Bag 56l-es kerti hullad\u00e9kgy\u0171jt\u0151 zs\u00e1k. 40 cm \u00e1tm\u00e9r\u0151j\u0171 \u00e9s 46 cm magasra kinyithat\u00f3 t\u00f6bbsz\u00f6r haszn\u00e1lhat\u00f3 t\u00e1ska.","og_url":"https:\/\/tajkertesz.com\/en_US\/product\/fiskars-solid-popup-garden-bag-56l\/","og_site_name":"T\u00e1jkert\u00e9sz","article_publisher":"https:\/\/www.facebook.com\/Tajkertesz\/","article_modified_time":"2024-01-22T14:49:56+00:00","og_image":[{"width":1500,"height":1444,"url":"https:\/\/tajkertesz.com\/wp-content\/uploads\/2020\/11\/Fiskars-Pop-up-garden-bag-56l.jpg3_.jpg","type":"image\/jpeg"}],"twitter_card":"summary_large_image","twitter_misc":{"Est. reading time":"2 minutes"},"schema":{"@context":"https:\/\/schema.org","@graph":[{"@type":"WebPage","@id":"https:\/\/tajkertesz.com\/termek\/fiskars-solid-popup-garden-bag-56l\/","url":"https:\/\/tajkertesz.com\/termek\/fiskars-solid-popup-garden-bag-56l\/","name":"Fiskars Solid\u00a0 PopUp Garden Bag 56l\u00a0 - T\u00e1jkert\u00e9sz","isPartOf":{"@id":"https:\/\/tajkertesz.com\/#website"},"primaryImageOfPage":{"@id":"https:\/\/tajkertesz.com\/termek\/fiskars-solid-popup-garden-bag-56l\/#primaryimage"},"image":{"@id":"https:\/\/tajkertesz.com\/termek\/fiskars-solid-popup-garden-bag-56l\/#primaryimage"},"thumbnailUrl":"https:\/\/tajkertesz.com\/wp-content\/uploads\/2020\/11\/Fiskars-Pop-up-garden-bag-56l.jpg3_.jpg","datePublished":"2020-11-11T11:14:26+00:00","dateModified":"2024-01-22T14:49:56+00:00","description":"A\u00a0 Fiskars Solid\u00a0 PopUp Garden Bag 56l-es kerti hullad\u00e9kgy\u0171jt\u0151 zs\u00e1k. 40 cm \u00e1tm\u00e9r\u0151j\u0171 \u00e9s 46 cm magasra kinyithat\u00f3 t\u00f6bbsz\u00f6r haszn\u00e1lhat\u00f3 t\u00e1ska.","breadcrumb":{"@id":"https:\/\/tajkertesz.com\/termek\/fiskars-solid-popup-garden-bag-56l\/#breadcrumb"},"inLanguage":"en-US","potentialAction":[{"@type":"ReadAction","target":["https:\/\/tajkertesz.com\/termek\/fiskars-solid-popup-garden-bag-56l\/"]}]},{"@type":"ImageObject","inLanguage":"en-US","@id":"https:\/\/tajkertesz.com\/termek\/fiskars-solid-popup-garden-bag-56l\/#primaryimage","url":"https:\/\/tajkertesz.com\/wp-content\/uploads\/2020\/11\/Fiskars-Pop-up-garden-bag-56l.jpg3_.jpg","contentUrl":"https:\/\/tajkertesz.com\/wp-content\/uploads\/2020\/11\/Fiskars-Pop-up-garden-bag-56l.jpg3_.jpg","width":1500,"height":1444},{"@type":"BreadcrumbList","@id":"https:\/\/tajkertesz.com\/termek\/fiskars-solid-popup-garden-bag-56l\/#breadcrumb","itemListElement":[{"@type":"ListItem","position":1,"name":"Home","item":"https:\/\/tajkertesz.com\/"},{"@type":"ListItem","position":2,"name":"Kezd\u0151lap","item":"https:\/\/tajkertesz.com\/"},{"@type":"ListItem","position":3,"name":"Fiskars Solid\u00a0 PopUp Garden Bag 56l\u00a0"}]},{"@type":"WebSite","@id":"https:\/\/tajkertesz.com\/#website","url":"https:\/\/tajkertesz.com\/","name":"T\u00e1j-Kert\u00e9sz 84 Kft.","description":"Kert\u00e9szeti kis- \u00e9s nagykeresked\u00e9s, D\u00edszn\u00f6v\u00e9ny web\u00e1ruh\u00e1z orsz\u00e1gos h\u00e1zhozsz\u00e1ll\u00edt\u00e1ssal!","publisher":{"@id":"https:\/\/tajkertesz.com\/#organization"},"potentialAction":[{"@type":"SearchAction","target":{"@type":"EntryPoint","urlTemplate":"https:\/\/tajkertesz.com\/?s={search_term_string}"},"query-input":{"@type":"PropertyValueSpecification","valueRequired":true,"valueName":"search_term_string"}}],"inLanguage":"en-US"},{"@type":"Organization","@id":"https:\/\/tajkertesz.com\/#organization","name":"T\u00e1j-Kert\u00e9sz 84 Kft.","url":"https:\/\/tajkertesz.com\/","logo":{"@type":"ImageObject","inLanguage":"en-US","@id":"https:\/\/tajkertesz.com\/#\/schema\/logo\/image\/","url":"https:\/\/tajkertesz.com\/wp-content\/uploads\/2018\/02\/logo-2-e1518678052539.png","contentUrl":"https:\/\/tajkertesz.com\/wp-content\/uploads\/2018\/02\/logo-2-e1518678052539.png","width":81,"height":140,"caption":"T\u00e1j-Kert\u00e9sz 84 Kft."},"image":{"@id":"https:\/\/tajkertesz.com\/#\/schema\/logo\/image\/"},"sameAs":["https:\/\/www.facebook.com\/Tajkertesz\/"]}]}},"_links":{"self":[{"href":"https:\/\/tajkertesz.com\/en_US\/wp-json\/wp\/v2\/product\/2642","targetHints":{"allow":["GET"]}}],"collection":[{"href":"https:\/\/tajkertesz.com\/en_US\/wp-json\/wp\/v2\/product"}],"about":[{"href":"https:\/\/tajkertesz.com\/en_US\/wp-json\/wp\/v2\/types\/product"}],"wp:featuredmedia":[{"embeddable":true,"href":"https:\/\/tajkertesz.com\/en_US\/wp-json\/wp\/v2\/media\/2645"}],"wp:attachment":[{"href":"https:\/\/tajkertesz.com\/en_US\/wp-json\/wp\/v2\/media?parent=2642"}],"wp:term":[{"taxonomy":"product_brand","embeddable":true,"href":"https:\/\/tajkertesz.com\/en_US\/wp-json\/wp\/v2\/product_brand?post=2642"},{"taxonomy":"product_cat","embeddable":true,"href":"https:\/\/tajkertesz.com\/en_US\/wp-json\/wp\/v2\/product_cat?post=2642"},{"taxonomy":"product_tag","embeddable":true,"href":"https:\/\/tajkertesz.com\/en_US\/wp-json\/wp\/v2\/product_tag?post=2642"}],"curies":[{"name":"wp","href":"https:\/\/api.w.org\/{rel}","templated":true}]}}