{"id":26435,"date":"2026-03-15T08:34:42","date_gmt":"2026-03-15T08:34:42","guid":{"rendered":"https:\/\/tajkertesz.com\/?post_type=product&#038;p=26435"},"modified":"2026-03-15T08:58:25","modified_gmt":"2026-03-15T08:58:25","slug":"prunus-triloba-babarozsa","status":"publish","type":"product","link":"https:\/\/tajkertesz.com\/en_US\/product\/prunus-triloba-babarozsa\/","title":{"rendered":"Prunus triloba &#8211; Babar\u00f3zsa"},"content":{"rendered":"<h1>Prunus triloba &#8211; Babar\u00f3zsa<\/h1>\n<p data-start=\"506\" data-end=\"767\">A Prunus triloba &#8211; Babar\u00f3zsa\u00a0az egyik legkedveltebb <strong data-start=\"550\" data-end=\"582\">tavaszi vir\u00e1gz\u00e1s\u00fa d\u00edszn\u00f6v\u00e9ny<\/strong>, amely leny\u0171g\u00f6z\u0151 r\u00f3zsasz\u00edn vir\u00e1gpomp\u00e1j\u00e1val h\u00edvja fel mag\u00e1ra a figyelmet. A vir\u00e1gok lombfakad\u00e1s el\u0151tt vagy azzal egy id\u0151ben jelennek meg, \u00e9s r\u00f6vid id\u0151 alatt az eg\u00e9sz n\u00f6v\u00e9nyt bebor\u00edtj\u00e1k.<\/p>\n<h2 data-start=\"506\" data-end=\"767\">Prunus triloba &#8211; Babar\u00f3zsa jellemz\u0151i<\/h2>\n<p data-start=\"769\" data-end=\"953\">Ez a dekorat\u00edv d\u00edszcserje vagy kis fa ide\u00e1lis v\u00e1laszt\u00e1s <strong data-start=\"825\" data-end=\"879\">el\u0151kertekbe, d\u00edszkertekbe vagy szoliter n\u00f6v\u00e9nyk\u00e9nt<\/strong>. Kompakt m\u00e9ret\u00e9nek k\u00f6sz\u00f6nhet\u0151en kisebb kertekben is k\u00f6nnyen elhelyezhet\u0151.<\/p>\n<p data-start=\"955\" data-end=\"1166\">A <strong data-start=\"957\" data-end=\"975\">Prunus triloba<\/strong> napos fekv\u00e9sben fejl\u0151dik a legszebben, j\u00f3 v\u00edz\u00e1tereszt\u0151, t\u00e1panyagban gazdag talajban. Rendszeres metsz\u00e9ssel a n\u00f6v\u00e9ny form\u00e1ja k\u00f6nnyen alak\u00edthat\u00f3, \u00e9s a k\u00f6vetkez\u0151 \u00e9vi vir\u00e1gz\u00e1s is gazdagabb lesz.<\/p>\n<h4><strong>\ud83d\udd04 K\u00e9szletinform\u00e1ci\u00f3<\/strong><\/h4>\n<p><strong>K\u00e9szlet\u00fcnk napi szinten v\u00e1ltozik, \u00edgy a webshopban szerepl<\/strong><strong>\u0151<\/strong><strong>\u00a0term\u00e9kek el\u00e9rhet<\/strong><strong>\u0151<\/strong><strong>s\u00e9ge nem garant\u00e1lt.<br \/>\n\ud83d\udcde A megrendel\u00e9s el<\/strong><strong>\u0151<\/strong><strong>tt k\u00e9rj\u00fck, \u00e9rdekl<\/strong><strong>\u0151<\/strong><strong>dj\u00f6n szem\u00e9lyesen, telefonon vagy e-mailben!<\/strong><\/p>\n<h4><strong>\u27a1\ufe0f Kapcsolat:<\/strong><\/h4>\n<ul>\n<li><strong>Weboldal:\u00a0<\/strong><a href=\"https:\/\/tajkertesz.com\/\"><strong>tajkertesz.com<\/strong><\/a><\/li>\n<li><strong>Facebook:\u00a0<\/strong><a href=\"https:\/\/www.facebook.com\/tajkertesz\/\"><strong>facebook.com\/tajkertesz<\/strong><\/a><\/li>\n<li><strong>Telefonsz\u00e1m, e-mail: +36\/20-319-3770\u00a0<\/strong><a href=\"mailto:tajkerteszaruda@gmail.com\"><strong>tajkerteszaruda@gmail.com<\/strong><\/a><\/li>\n<\/ul>\n<h4><strong>\ud83d\ude9a Sz\u00e1ll\u00edt\u00e1si inform\u00e1ci\u00f3k<\/strong><\/h4>\n<p><strong>A megrendelt n\u00f6v\u00e9nyek kisz\u00e1ll\u00edt\u00e1sa az al\u00e1bbi felt\u00e9telek mellett t\u00f6rt\u00e9nik:<\/strong><\/p>\n<h4><strong>\ud83d\udce6 Fut\u00e1rszolg\u00e1latos sz\u00e1ll\u00edt\u00e1s<\/strong><\/h4>\n<ul>\n<li><strong>Maxim\u00e1lis m\u00e9ret: 200 cm (hossz\u00fas\u00e1g)<\/strong><\/li>\n<li><strong>Maxim\u00e1lis s\u00faly: 40 kg<\/strong><\/li>\n<li><strong>Az enn\u00e9l kisebb \u00e9s k\u00f6nnyebb csomagokat fut\u00e1rszolg\u00e1lattal k\u00e9zbes\u00edtj\u00fck a lehet<\/strong><strong>\u0151<\/strong><strong>\u00a0legbiztons\u00e1gosabb csomagol\u00e1sban.<\/strong><\/li>\n<\/ul>\n<h4><strong>\ud83d\udefb Szem\u00e9lyes \u00e1tv\u00e9tel<\/strong><\/h4>\n<ul>\n<li><strong>1173 Budapest, Bakancsos utca 7. sz\u00e1m alatt nyitvatart\u00e1si id<\/strong><strong>\u0151<\/strong><strong>ben szem\u00e9lyesen \u00e1tvehet<\/strong><strong>\u0151<\/strong><strong>\u00a0kert\u00e9szeti \u00e1rud\u00e1nkban.<\/strong><\/li>\n<li><strong>K\u00f6lts\u00e9ghat\u00e9kony megold\u00e1s nagyobb, t\u00f6r\u00e9kenyebb vagy t\u00falm\u00e9retes n\u00f6v\u00e9nyek eset\u00e9n.<\/strong><\/li>\n<\/ul>\n<h4><strong>\ud83d\udcde Nagy m\u00e9ret<\/strong><strong>\u0171<\/strong><strong>\u00a0vagy s\u00faly\u00fa n\u00f6v\u00e9nyek eset\u00e9n<\/strong><\/h4>\n<p><strong>Ha a term\u00e9k:<\/strong><\/p>\n<ul>\n<li><strong>meghaladja a 200 cm hossz\u00fas\u00e1got vagy<\/strong><\/li>\n<li><strong>meghaladja a 40 kg s\u00falyt,<\/strong><\/li>\n<\/ul>\n<p><strong>akkor szem\u00e9lyes \u00e1tv\u00e9tellel vagy egyedi, el<\/strong><strong>\u0151<\/strong><strong>re egyeztetett sz\u00e1ll\u00edt\u00e1si felt\u00e9telek mellett t\u00f6rt\u00e9nik.<br \/>\nK\u00e9rj\u00fck, ilyen esetben rendel\u00e9s el<\/strong><strong>\u0151<\/strong><strong>tt vegye fel vel\u00fcnk a kapcsolatot, hogy a lehet<\/strong><strong>\u0151<\/strong><strong>\u00a0legmegfelel<\/strong><strong>\u0151<\/strong><strong>bb sz\u00e1ll\u00edt\u00e1si megold\u00e1st k\u00edn\u00e1lhassuk.<\/strong><\/p>\n<p><strong>\ud83d\udd14 Fontos: A n\u00f6v\u00e9nyeket minden esetben igyeksz\u00fcnk gondosan, egyes\u00e9vel csomagolni, azonban a sz\u00e1ll\u00edt\u00e1s sor\u00e1n kisebb eszt\u00e9tikai s\u00e9r\u00fcl\u00e9sek el<\/strong><strong>\u0151<\/strong><strong>fordulhatnak (pl. lev\u00e9lhull\u00e1s). Ez nem min<\/strong><strong>\u0151<\/strong><strong>s\u00fcl hib\u00e1s teljes\u00edt\u00e9snek.<\/strong><\/p>\n<h4><strong>\ud83d\udcf7 Fontos tudni a k\u00e9pekr<\/strong><strong>\u0151<\/strong><strong>l<\/strong><\/h4>\n<p><strong>A webshopban szerepl<\/strong><strong>\u0151<\/strong><strong>\u00a0k\u00e9pek illusztr\u00e1ci\u00f3k, a n\u00f6v\u00e9nyek term\u00e9szet\u00fckn\u00e9l fogva egyediek, \u00edgy m\u00e9retben, alakban \u00e9s sz\u00ednben minim\u00e1lis elt\u00e9r\u00e9sek el<\/strong><strong>\u0151<\/strong><strong>fordulhatnak a k\u00e9pen l\u00e1that\u00f3 \u00e9s a val\u00f3s p\u00e9ld\u00e1nyok k\u00f6z\u00f6tt.<\/strong><\/p>\n<h4><strong>\ud83e\uddfe \u00c1rak \u00e9s el\u00e1ll\u00e1si jog<\/strong><\/h4>\n<ul>\n<li><strong>Az \u00e1rak egy darab\u00a0n\u00f6v\u00e9nyre vonatkoznak.<\/strong><\/li>\n<li><strong>\u00c9l<\/strong><strong>\u0151<\/strong><strong>\u00a0n\u00f6v\u00e9nyek rendel\u00e9se eset\u00e9n a 14 napos el\u00e1ll\u00e1s joga nem \u00e9rv\u00e9nyes\u00edthet<\/strong><strong>\u0151<\/strong><strong>, mivel azok romland\u00f3, biol\u00f3giailag \u00e9l<\/strong><strong>\u0151<\/strong><strong>\u00a0term\u00e9keknek min<\/strong><strong>\u0151<\/strong><strong>s\u00fclnek.<br \/>\n\ud83d\udd12 (17\/1999. (II. 5.) Korm. rendelet 5. \u00a7 c) pontja alapj\u00e1n)<\/strong><\/li>\n<\/ul>\n<h4><strong>\ud83d\udce6 K\u00e9zbes\u00edt\u00e9s ut\u00e1ni teend<\/strong><strong>\u0151<\/strong><strong>k<\/strong><\/h4>\n<p><strong>A k\u00e9zbes\u00edt\u00e9st k\u00f6vet<\/strong><strong>\u0151<\/strong><strong>en a csomagot azonnal bontsuk ki, \u00e9s a n\u00f6v\u00e9nyt helyezz\u00fck el megfelel<\/strong><strong>\u0151<\/strong><strong>\u00a0k\u00f6rnyezetben.<br \/>\nFontos: ha a n\u00f6v\u00e9ny nem r\u00e9szes\u00fcl megfelel<\/strong><strong>\u0151<\/strong><strong>\u00a0gondoz\u00e1sban \u00e9s ennek k\u00f6vetkezt\u00e9ben k\u00e1rosodik vagy elpusztul, felel<\/strong><strong>\u0151<\/strong><strong>ss\u00e9get nem tudunk v\u00e1llalni.<\/strong><\/p>\n<p><strong>\u00a0<\/strong><\/p>","protected":false},"excerpt":{"rendered":"<p>A Prunus triloba &#8211; Babar\u00f3zsa\u00a0egy rendk\u00edv\u00fcl l\u00e1tv\u00e1nyos tavaszi vir\u00e1gz\u00e1s\u00fa d\u00edszcserje vagy kis fa. Tavasszal s\u0171r\u0171n ny\u00edl\u00f3, r\u00f3zsasz\u00edn vir\u00e1gai teljesen bebor\u00edtj\u00e1k az \u00e1gakat, \u00edgy a kert egyik legszebb d\u00edsz\u00e9v\u00e9 v\u00e1lik.<\/p>\n<p>M\u00e9rete: 60cm-es t\u00f6rzs\u00f6n, kb 80\/100 cm magas, 5 literes kont\u00e9nerben.<\/p>\n<p>&nbsp;<\/p>\n<p>&nbsp;<\/p>\n<p>&nbsp;<\/p>\n<p>&nbsp;<\/p>\n<p>&nbsp;<\/p>\n<p>&nbsp;<\/p>\n<p>&nbsp;<\/p>\n<p>&nbsp;<\/p>\n<p>&nbsp;<\/p>\n<p>&nbsp;<\/p>\n<p>Prunus triloba Multiplex ,Teltvir\u00e1g\u00fa Babar\u00f3zsa, 2-3 m magas, g\u00f6mb\u00f6lyded, kistermet\u0171, lass\u00fa n\u00f6veked\u00e9s\u0171, v\u00e9kony, fel\u00e1ll\u00f3 hajt\u00e1s\u00fa, lombhullat\u00f3 cserje.vagy fa.<\/p>\n<p>&nbsp;<\/p>\n<p><b>N\u00f6veked\u00e9s, alak:<\/b>\u00a0Saj\u00e1t gy\u00f6k\u00e9ren 1,5-2 m magas cserje, fel\u00e1ll\u00f3 \u00e1grendszerrel. T\u00f6rzsre is oltj\u00e1k, szilva alanyon ak\u00e1r utcai, kism\u00e9ret\u0171, felt\u0171n\u0151en sz\u00e9pen vir\u00e1gz\u00f3 fa lehet. Alacsony t\u00f6rzs\u00f6n kertbe, ed\u00e9nyekbe mutat\u00f3s szoliter.<br \/>\n<b>Lev\u00e9l:<\/b>\u00a0Sz\u00e9les ellipszis alak\u00fa, s\u00f6t\u00e9tz\u00f6ld, \u0151sszel s\u00e1rg\u00e1ra, n\u00e9ha narancssz\u00edn\u0171re v\u00e1lt.<br \/>\n<b>Vir\u00e1g:<\/b>\u00a03,5 cm-es, telt, r\u00f3zsasz\u00edn, az \u00e9ves vessz\u0151k\u00f6n azok teljes hossz\u00e1ban t\u00f6m\u00f6tten \u00e1ll\u00f3k.<br \/>\n<b>Term\u00e9s:<\/b>\u00a0Nincs.<br \/>\n<b>Term\u0151hely, ig\u00e9ny:<\/b>\u00a0Talajig\u00e9nye minim\u00e1lis, a t\u00fal nedves \u00e9s sz\u00e9ls\u0151s\u00e9gesen savany\u00fa vagy l\u00fagos talajok kiv\u00e9tel\u00e9vel mindenhol meg\u00e9l. El\u0151ny a laz\u00e1bb talaj.<br \/>\n<b>Felhaszn\u00e1l\u00e1s:<\/b>\u00a0Szoliter cserje mag\u00e1ban vagy kisebb csoportokban. T\u00f6rzsre oltva parkfa, sorfa is lehet.<\/p>\n<p>&nbsp;<\/p>\n<p>&nbsp;<\/p>\n<p>&nbsp;<\/p>\n<p>&nbsp;<\/p>\n<p>&nbsp;<\/p>\n<p>&nbsp;<\/p>\n<p>&nbsp;<\/p>\n<p>&nbsp;<\/p>\n<p>&nbsp;<\/p>\n<p>&nbsp;<\/p>\n<p>&nbsp;<\/p>\n<p>&nbsp;<\/p>\n<p>&nbsp;<\/p>\n<p>&nbsp;<\/p>\n<p>&nbsp;<\/p>","protected":false},"featured_media":971,"template":"","meta":{"_et_pb_use_builder":"","_et_pb_old_content":"","_et_gb_content_width":""},"product_brand":[],"product_cat":[28],"product_tag":[139,8125,8122,8126,8124,5989,8123],"class_list":{"0":"post-26435","1":"product","2":"type-product","3":"status-publish","4":"has-post-thumbnail","6":"product_cat-diszfak","7":"product_tag-babarozsa","8":"product_tag-diszcserje-kertbe","9":"product_tag-prunus-triloba","10":"product_tag-prunus-triloba-noveny","11":"product_tag-prunus-triloba-vasarlas","12":"product_tag-rozsaszin-viragu-cserje","13":"product_tag-tavaszi-viragzo-cserje","15":"first","16":"instock","17":"shipping-taxable","18":"purchasable","19":"product-type-simple"},"yoast_head":"<!-- This site is optimized with the Yoast SEO plugin v27.3 - https:\/\/yoast.com\/product\/yoast-seo-wordpress\/ -->\n<title>Prunus triloba - Babar\u00f3zsa - T\u00e1jkert\u00e9sz<\/title>\n<meta name=\"description\" content=\"A Prunus triloba - Babar\u00f3zsa 2-3 m magas, g\u00f6mb\u00f6lyded, kistermet\u0171, lass\u00fa n\u00f6veked\u00e9s\u0171, v\u00e9kony, fel\u00e1ll\u00f3 hajt\u00e1s\u00fa, lombhullat\u00f3 fa.\" \/>\n<meta name=\"robots\" content=\"index, follow, max-snippet:-1, max-image-preview:large, max-video-preview:-1\" \/>\n<link rel=\"canonical\" href=\"https:\/\/tajkertesz.com\/en_US\/product\/prunus-triloba-babarozsa\/\" \/>\n<meta property=\"og:locale\" content=\"en_US\" \/>\n<meta property=\"og:type\" content=\"article\" \/>\n<meta property=\"og:title\" content=\"Prunus triloba - Babar\u00f3zsa - T\u00e1jkert\u00e9sz\" \/>\n<meta property=\"og:description\" content=\"A Prunus triloba - Babar\u00f3zsa 2-3 m magas, g\u00f6mb\u00f6lyded, kistermet\u0171, lass\u00fa n\u00f6veked\u00e9s\u0171, v\u00e9kony, fel\u00e1ll\u00f3 hajt\u00e1s\u00fa, lombhullat\u00f3 fa.\" \/>\n<meta property=\"og:url\" content=\"https:\/\/tajkertesz.com\/en_US\/product\/prunus-triloba-babarozsa\/\" \/>\n<meta property=\"og:site_name\" content=\"T\u00e1jkert\u00e9sz\" \/>\n<meta property=\"article:publisher\" content=\"https:\/\/www.facebook.com\/Tajkertesz\/\" \/>\n<meta property=\"article:modified_time\" content=\"2026-03-15T08:58:25+00:00\" \/>\n<meta property=\"og:image\" content=\"https:\/\/tajkertesz.com\/wp-content\/uploads\/2020\/02\/Prunus-triloba-Multiplex-scaled.jpg\" \/>\n\t<meta property=\"og:image:width\" content=\"2560\" \/>\n\t<meta property=\"og:image:height\" content=\"1707\" \/>\n\t<meta property=\"og:image:type\" content=\"image\/jpeg\" \/>\n<meta name=\"twitter:card\" content=\"summary_large_image\" \/>\n<meta name=\"twitter:label1\" content=\"Est. reading time\" \/>\n\t<meta name=\"twitter:data1\" content=\"3 minutes\" \/>\n<script type=\"application\/ld+json\" class=\"yoast-schema-graph\">{\"@context\":\"https:\\\/\\\/schema.org\",\"@graph\":[{\"@type\":\"WebPage\",\"@id\":\"https:\\\/\\\/tajkertesz.com\\\/termek\\\/prunus-triloba-babarozsa\\\/\",\"url\":\"https:\\\/\\\/tajkertesz.com\\\/termek\\\/prunus-triloba-babarozsa\\\/\",\"name\":\"Prunus triloba - Babar\u00f3zsa - T\u00e1jkert\u00e9sz\",\"isPartOf\":{\"@id\":\"https:\\\/\\\/tajkertesz.com\\\/#website\"},\"primaryImageOfPage\":{\"@id\":\"https:\\\/\\\/tajkertesz.com\\\/termek\\\/prunus-triloba-babarozsa\\\/#primaryimage\"},\"image\":{\"@id\":\"https:\\\/\\\/tajkertesz.com\\\/termek\\\/prunus-triloba-babarozsa\\\/#primaryimage\"},\"thumbnailUrl\":\"https:\\\/\\\/tajkertesz.com\\\/wp-content\\\/uploads\\\/2020\\\/02\\\/Prunus-triloba-Multiplex-scaled.jpg\",\"datePublished\":\"2026-03-15T08:34:42+00:00\",\"dateModified\":\"2026-03-15T08:58:25+00:00\",\"description\":\"A Prunus triloba - Babar\u00f3zsa 2-3 m magas, g\u00f6mb\u00f6lyded, kistermet\u0171, lass\u00fa n\u00f6veked\u00e9s\u0171, v\u00e9kony, fel\u00e1ll\u00f3 hajt\u00e1s\u00fa, lombhullat\u00f3 fa.\",\"breadcrumb\":{\"@id\":\"https:\\\/\\\/tajkertesz.com\\\/termek\\\/prunus-triloba-babarozsa\\\/#breadcrumb\"},\"inLanguage\":\"en-US\",\"potentialAction\":[{\"@type\":\"ReadAction\",\"target\":[\"https:\\\/\\\/tajkertesz.com\\\/termek\\\/prunus-triloba-babarozsa\\\/\"]}]},{\"@type\":\"ImageObject\",\"inLanguage\":\"en-US\",\"@id\":\"https:\\\/\\\/tajkertesz.com\\\/termek\\\/prunus-triloba-babarozsa\\\/#primaryimage\",\"url\":\"https:\\\/\\\/tajkertesz.com\\\/wp-content\\\/uploads\\\/2020\\\/02\\\/Prunus-triloba-Multiplex-scaled.jpg\",\"contentUrl\":\"https:\\\/\\\/tajkertesz.com\\\/wp-content\\\/uploads\\\/2020\\\/02\\\/Prunus-triloba-Multiplex-scaled.jpg\",\"width\":2560,\"height\":1707,\"caption\":\"Prunus triloba - Babar\u00f3zsa\"},{\"@type\":\"BreadcrumbList\",\"@id\":\"https:\\\/\\\/tajkertesz.com\\\/termek\\\/prunus-triloba-babarozsa\\\/#breadcrumb\",\"itemListElement\":[{\"@type\":\"ListItem\",\"position\":1,\"name\":\"Home\",\"item\":\"https:\\\/\\\/tajkertesz.com\\\/\"},{\"@type\":\"ListItem\",\"position\":2,\"name\":\"Kezd\u0151lap\",\"item\":\"https:\\\/\\\/tajkertesz.com\\\/\"},{\"@type\":\"ListItem\",\"position\":3,\"name\":\"Prunus triloba &#8211; Babar\u00f3zsa\"}]},{\"@type\":\"WebSite\",\"@id\":\"https:\\\/\\\/tajkertesz.com\\\/#website\",\"url\":\"https:\\\/\\\/tajkertesz.com\\\/\",\"name\":\"T\u00e1j-Kert\u00e9sz 84 Kft.\",\"description\":\"Kert\u00e9szeti kis- \u00e9s nagykeresked\u00e9s, D\u00edszn\u00f6v\u00e9ny web\u00e1ruh\u00e1z orsz\u00e1gos h\u00e1zhozsz\u00e1ll\u00edt\u00e1ssal!\",\"publisher\":{\"@id\":\"https:\\\/\\\/tajkertesz.com\\\/#organization\"},\"potentialAction\":[{\"@type\":\"SearchAction\",\"target\":{\"@type\":\"EntryPoint\",\"urlTemplate\":\"https:\\\/\\\/tajkertesz.com\\\/?s={search_term_string}\"},\"query-input\":{\"@type\":\"PropertyValueSpecification\",\"valueRequired\":true,\"valueName\":\"search_term_string\"}}],\"inLanguage\":\"en-US\"},{\"@type\":\"Organization\",\"@id\":\"https:\\\/\\\/tajkertesz.com\\\/#organization\",\"name\":\"T\u00e1j-Kert\u00e9sz 84 Kft.\",\"url\":\"https:\\\/\\\/tajkertesz.com\\\/\",\"logo\":{\"@type\":\"ImageObject\",\"inLanguage\":\"en-US\",\"@id\":\"https:\\\/\\\/tajkertesz.com\\\/#\\\/schema\\\/logo\\\/image\\\/\",\"url\":\"https:\\\/\\\/tajkertesz.com\\\/wp-content\\\/uploads\\\/2018\\\/02\\\/logo-2-e1518678052539.png\",\"contentUrl\":\"https:\\\/\\\/tajkertesz.com\\\/wp-content\\\/uploads\\\/2018\\\/02\\\/logo-2-e1518678052539.png\",\"width\":81,\"height\":140,\"caption\":\"T\u00e1j-Kert\u00e9sz 84 Kft.\"},\"image\":{\"@id\":\"https:\\\/\\\/tajkertesz.com\\\/#\\\/schema\\\/logo\\\/image\\\/\"},\"sameAs\":[\"https:\\\/\\\/www.facebook.com\\\/Tajkertesz\\\/\"]}]}<\/script>\n<!-- \/ Yoast SEO plugin. -->","yoast_head_json":{"title":"Prunus triloba - Babar\u00f3zsa - T\u00e1jkert\u00e9sz","description":"A Prunus triloba - Babar\u00f3zsa 2-3 m magas, g\u00f6mb\u00f6lyded, kistermet\u0171, lass\u00fa n\u00f6veked\u00e9s\u0171, v\u00e9kony, fel\u00e1ll\u00f3 hajt\u00e1s\u00fa, lombhullat\u00f3 fa.","robots":{"index":"index","follow":"follow","max-snippet":"max-snippet:-1","max-image-preview":"max-image-preview:large","max-video-preview":"max-video-preview:-1"},"canonical":"https:\/\/tajkertesz.com\/en_US\/product\/prunus-triloba-babarozsa\/","og_locale":"en_US","og_type":"article","og_title":"Prunus triloba - Babar\u00f3zsa - T\u00e1jkert\u00e9sz","og_description":"A Prunus triloba - Babar\u00f3zsa 2-3 m magas, g\u00f6mb\u00f6lyded, kistermet\u0171, lass\u00fa n\u00f6veked\u00e9s\u0171, v\u00e9kony, fel\u00e1ll\u00f3 hajt\u00e1s\u00fa, lombhullat\u00f3 fa.","og_url":"https:\/\/tajkertesz.com\/en_US\/product\/prunus-triloba-babarozsa\/","og_site_name":"T\u00e1jkert\u00e9sz","article_publisher":"https:\/\/www.facebook.com\/Tajkertesz\/","article_modified_time":"2026-03-15T08:58:25+00:00","og_image":[{"width":2560,"height":1707,"url":"https:\/\/tajkertesz.com\/wp-content\/uploads\/2020\/02\/Prunus-triloba-Multiplex-scaled.jpg","type":"image\/jpeg"}],"twitter_card":"summary_large_image","twitter_misc":{"Est. reading time":"3 minutes"},"schema":{"@context":"https:\/\/schema.org","@graph":[{"@type":"WebPage","@id":"https:\/\/tajkertesz.com\/termek\/prunus-triloba-babarozsa\/","url":"https:\/\/tajkertesz.com\/termek\/prunus-triloba-babarozsa\/","name":"Prunus triloba - Babar\u00f3zsa - T\u00e1jkert\u00e9sz","isPartOf":{"@id":"https:\/\/tajkertesz.com\/#website"},"primaryImageOfPage":{"@id":"https:\/\/tajkertesz.com\/termek\/prunus-triloba-babarozsa\/#primaryimage"},"image":{"@id":"https:\/\/tajkertesz.com\/termek\/prunus-triloba-babarozsa\/#primaryimage"},"thumbnailUrl":"https:\/\/tajkertesz.com\/wp-content\/uploads\/2020\/02\/Prunus-triloba-Multiplex-scaled.jpg","datePublished":"2026-03-15T08:34:42+00:00","dateModified":"2026-03-15T08:58:25+00:00","description":"A Prunus triloba - Babar\u00f3zsa 2-3 m magas, g\u00f6mb\u00f6lyded, kistermet\u0171, lass\u00fa n\u00f6veked\u00e9s\u0171, v\u00e9kony, fel\u00e1ll\u00f3 hajt\u00e1s\u00fa, lombhullat\u00f3 fa.","breadcrumb":{"@id":"https:\/\/tajkertesz.com\/termek\/prunus-triloba-babarozsa\/#breadcrumb"},"inLanguage":"en-US","potentialAction":[{"@type":"ReadAction","target":["https:\/\/tajkertesz.com\/termek\/prunus-triloba-babarozsa\/"]}]},{"@type":"ImageObject","inLanguage":"en-US","@id":"https:\/\/tajkertesz.com\/termek\/prunus-triloba-babarozsa\/#primaryimage","url":"https:\/\/tajkertesz.com\/wp-content\/uploads\/2020\/02\/Prunus-triloba-Multiplex-scaled.jpg","contentUrl":"https:\/\/tajkertesz.com\/wp-content\/uploads\/2020\/02\/Prunus-triloba-Multiplex-scaled.jpg","width":2560,"height":1707,"caption":"Prunus triloba - Babar\u00f3zsa"},{"@type":"BreadcrumbList","@id":"https:\/\/tajkertesz.com\/termek\/prunus-triloba-babarozsa\/#breadcrumb","itemListElement":[{"@type":"ListItem","position":1,"name":"Home","item":"https:\/\/tajkertesz.com\/"},{"@type":"ListItem","position":2,"name":"Kezd\u0151lap","item":"https:\/\/tajkertesz.com\/"},{"@type":"ListItem","position":3,"name":"Prunus triloba &#8211; Babar\u00f3zsa"}]},{"@type":"WebSite","@id":"https:\/\/tajkertesz.com\/#website","url":"https:\/\/tajkertesz.com\/","name":"T\u00e1j-Kert\u00e9sz 84 Kft.","description":"Kert\u00e9szeti kis- \u00e9s nagykeresked\u00e9s, D\u00edszn\u00f6v\u00e9ny web\u00e1ruh\u00e1z orsz\u00e1gos h\u00e1zhozsz\u00e1ll\u00edt\u00e1ssal!","publisher":{"@id":"https:\/\/tajkertesz.com\/#organization"},"potentialAction":[{"@type":"SearchAction","target":{"@type":"EntryPoint","urlTemplate":"https:\/\/tajkertesz.com\/?s={search_term_string}"},"query-input":{"@type":"PropertyValueSpecification","valueRequired":true,"valueName":"search_term_string"}}],"inLanguage":"en-US"},{"@type":"Organization","@id":"https:\/\/tajkertesz.com\/#organization","name":"T\u00e1j-Kert\u00e9sz 84 Kft.","url":"https:\/\/tajkertesz.com\/","logo":{"@type":"ImageObject","inLanguage":"en-US","@id":"https:\/\/tajkertesz.com\/#\/schema\/logo\/image\/","url":"https:\/\/tajkertesz.com\/wp-content\/uploads\/2018\/02\/logo-2-e1518678052539.png","contentUrl":"https:\/\/tajkertesz.com\/wp-content\/uploads\/2018\/02\/logo-2-e1518678052539.png","width":81,"height":140,"caption":"T\u00e1j-Kert\u00e9sz 84 Kft."},"image":{"@id":"https:\/\/tajkertesz.com\/#\/schema\/logo\/image\/"},"sameAs":["https:\/\/www.facebook.com\/Tajkertesz\/"]}]}},"_links":{"self":[{"href":"https:\/\/tajkertesz.com\/en_US\/wp-json\/wp\/v2\/product\/26435","targetHints":{"allow":["GET"]}}],"collection":[{"href":"https:\/\/tajkertesz.com\/en_US\/wp-json\/wp\/v2\/product"}],"about":[{"href":"https:\/\/tajkertesz.com\/en_US\/wp-json\/wp\/v2\/types\/product"}],"wp:featuredmedia":[{"embeddable":true,"href":"https:\/\/tajkertesz.com\/en_US\/wp-json\/wp\/v2\/media\/971"}],"wp:attachment":[{"href":"https:\/\/tajkertesz.com\/en_US\/wp-json\/wp\/v2\/media?parent=26435"}],"wp:term":[{"taxonomy":"product_brand","embeddable":true,"href":"https:\/\/tajkertesz.com\/en_US\/wp-json\/wp\/v2\/product_brand?post=26435"},{"taxonomy":"product_cat","embeddable":true,"href":"https:\/\/tajkertesz.com\/en_US\/wp-json\/wp\/v2\/product_cat?post=26435"},{"taxonomy":"product_tag","embeddable":true,"href":"https:\/\/tajkertesz.com\/en_US\/wp-json\/wp\/v2\/product_tag?post=26435"}],"curies":[{"name":"wp","href":"https:\/\/api.w.org\/{rel}","templated":true}]}}