{"id":2648,"date":"2020-11-11T12:27:14","date_gmt":"2020-11-11T12:27:14","guid":{"rendered":"https:\/\/tajkertesz.com\/?post_type=product&#038;p=2648"},"modified":"2026-02-17T14:41:13","modified_gmt":"2026-02-17T14:41:13","slug":"fiskars-solid-lombsepru-fej-m-135024","status":"publish","type":"product","link":"https:\/\/tajkertesz.com\/en_US\/product\/fiskars-solid-lombsepru-fej-m-135024\/","title":{"rendered":"Fiskars Solid lombsepr\u0171 fej M"},"content":{"rendered":"<h1 class=\"main-title\" data-vat-name=\"item-name\">Fiskars Solid lombsepr\u0171 fej M<\/h1>\n<p>Fiskars Solid lombsepr\u0171 fej M<\/p>\n<h3 class=\"main-title\" data-vat-name=\"item-name\">A Fiskars Solid lombsepr\u0171 fej M\u00a0 k\u00f6zepes fej\u0171 lombsepr\u0171 kisebb ter\u00fcletek p\u00e9ld\u00e1ul f\u00e1k vagy bokrok t\u00f6v\u00e9nek rendez\u00e9s\u00e9hez.<\/h3>\n<h3 class=\"main-title\" data-vat-name=\"item-name\">Mint a t\u00f6bbi\u00a0<strong>Fiskars<\/strong>\u00a0term\u00e9kn\u00e9l is, a\u00a0<strong>SOLID M lombsepr\u0171<\/strong> eset\u00e9ben is a praktikum \u00e9s a hat\u00e9konys\u00e1g volt a legf\u0151bb szempont.<\/h3>\n<p>A massz\u00edv \u00e9s rugalmas fogak speci\u00e1lis fejgeometri\u00e1val rendelkezik, ami megakad\u00e1lyozza, hogy a gallyak \u00e9s a levelek a fogak k\u00f6z\u00e9 akadjanak.<\/p>\n<p>Kompatibilis term\u00e9ke a Solid <span class=\"artdet__sku-num\">135001<\/span> cikksz\u00e1m\u00fa ny\u00e9lnek. a ny\u00e9l jelen term\u00e9k\u00fcnk \u00e1r\u00e1t nem k\u00e9pezi.<\/p>\n<p>A Fiskars Solid\u2122 eszk\u00f6z\u00f6k a funkcionalit\u00e1sr\u00f3l \u00e9s a hat\u00e9kony munkav\u00e9gz\u00e9sr\u0151l sz\u00f3lnak. Ezek a szersz\u00e1mok sosem hagyj\u00e1k \u00d6nt cserben!<\/p>\n<p>K\u00f6sz\u00f6nhet\u0151 ez a strapab\u00edr\u00f3 illeszt\u00e9seknek , \u00e9s a Fiskars min\u0151s\u00e9gnek. A fel sz\u00e9less\u00e9ge\u00a0 41,5 cm. S\u00falya mind\u00f6sszesen 560g.<\/p>\n<p>Mint a t\u00f6bbi\u00a0<strong>Fiskars<\/strong>\u00a0term\u00e9kn\u00e9l is, a\u00a0<strong>SOLID M lombsepr\u0171<\/strong> eset\u00e9ben is a praktikum \u00e9s a hat\u00e9konys\u00e1g volt a legf\u0151bb szempont.<\/p>\n<p style=\"line-height: 18.0pt; background: white; margin: 0cm 0cm 15.0pt 0cm;\"><span style=\"font-family: 'Ubuntu',serif; color: black;\">El\u00e9rhet\u0151 t\u00f6bbf\u00e9le m\u00e9retben \u00e9s \u00e1rban.<\/span><\/p>\n<p style=\"line-height: 18.0pt; background: white; margin: 0cm 0cm 15.0pt 0cm;\"><b><span style=\"font-family: 'Ubuntu',serif; color: black;\">K\u00e9szlet\u00fcnk napi szinten v\u00e1ltozik, ez\u00e9rt k\u00e9rj\u00fck, \u00e9rdekl\u0151dj\u00f6n szem\u00e9lyesen, telefonon vagy email-en.<br \/>\nA v\u00e1ltoztat\u00e1s jog\u00e1t fenntartjuk!\u00a0<\/span><\/b><\/p>\n<p><a href=\"https:\/\/tajkertesz.com\/\">https:\/\/tajkertesz.com\/<\/a><\/p>\n<p><a href=\"https:\/\/www.fiskars.com\/en-gb\">https:\/\/www.fiskars.com\/en-gb<\/a><\/p>\n<h3 class=\"main-title\" data-vat-name=\"item-name\">Mint a t\u00f6bbi\u00a0<strong>Fiskars<\/strong>\u00a0term\u00e9kn\u00e9l is, a\u00a0<strong>SOLID M lombsepr\u0171<\/strong> eset\u00e9ben is a praktikum \u00e9s a hat\u00e9konys\u00e1g volt a legf\u0151bb szempont.<\/h3>\n<p>A massz\u00edv \u00e9s rugalmas fogak speci\u00e1lis fejgeometri\u00e1val rendelkezik, ami megakad\u00e1lyozza, hogy a gallyak \u00e9s a levelek a fogak k\u00f6z\u00e9 akadjanak.<\/p>\n<p>Kompatibilis term\u00e9ke a Solid 135001 cikksz\u00e1m\u00fa ny\u00e9lnek. a ny\u00e9l jelen term\u00e9k\u00fcnk \u00e1r\u00e1t nem k\u00e9pezi.<\/p>\n<p>A Fiskars Solid\u2122 eszk\u00f6z\u00f6k a funkcionalit\u00e1sr\u00f3l \u00e9s a hat\u00e9kony munkav\u00e9gz\u00e9sr\u0151l sz\u00f3lnak. Ezek a szersz\u00e1mok sosem hagyj\u00e1k \u00d6nt cserben!<\/p>\n<p>K\u00f6sz\u00f6nhet\u0151 ez a strapab\u00edr\u00f3 illeszt\u00e9seknek , \u00e9s a Fiskars min\u0151s\u00e9gnek. A fel sz\u00e9less\u00e9ge\u00a0 41,5 cm. S\u00falya mind\u00f6sszesen 560g.<\/p>\n<p>Mint a t\u00f6bbi\u00a0<strong>Fiskars<\/strong>\u00a0term\u00e9kn\u00e9l is, a\u00a0<strong>SOLID M lombsepr\u0171<\/strong> eset\u00e9ben is a praktikum \u00e9s a hat\u00e9konys\u00e1g volt a legf\u0151bb szempont.<\/p>\n<p>&nbsp;<\/p>","protected":false},"excerpt":{"rendered":"<h3 class=\"main-title\" data-vat-name=\"item-name\">A Fiskars Solid lombsepr\u0171 fej M k\u00f6zepes fej\u0171 lombsepr\u0171 kisebb ter\u00fcletek p\u00e9ld\u00e1ul f\u00e1k vagy bokrok t\u00f6v\u00e9nek rendez\u00e9s\u00e9hez.<\/h3>\n<p>Massz\u00edv \u00e9s rugalmas fogak speci\u00e1lis fejgeometri\u00e1val, ami megakad\u00e1lyozza, hogy a gallyak \u00e9s a levelek a fogak k\u00f6z\u00e9 akadjanak.<\/p>\n<p>Kompatibilis term\u00e9ke a Solid <span class=\"artdet__sku-num\">135001 <\/span>cikksz\u00e1m\u00fa ny\u00e9lnek.<\/p>\n<p>A Fiskars Solid\u2122 eszk\u00f6z\u00f6k a funkcionalit\u00e1sr\u00f3l \u00e9s a hat\u00e9kony munkav\u00e9gz\u00e9sr\u0151l sz\u00f3lnak. Ezek a szersz\u00e1mok sosem hagyj\u00e1k \u00d6nt cserben!<\/p>\n<p>K\u00f6sz\u00f6nhet\u0151 ez a strapab\u00edr\u00f3 illeszt\u00e9seknek , \u00e9s a Fiskars min\u0151s\u00e9gnek. A fel sz\u00e9less\u00e9ge\u00a0 41,5 cm. S\u00falya mind\u00f6sszesen 560g.<\/p>","protected":false},"featured_media":18640,"template":"","meta":{"_et_pb_use_builder":"","_et_pb_old_content":"","_et_gb_content_width":""},"product_brand":[],"product_cat":[4637],"product_tag":[939,116,925,934],"class_list":{"0":"post-2648","1":"product","2":"type-product","3":"status-publish","4":"has-post-thumbnail","6":"product_cat-fiskars-aso-kapa-villa-gereblye","7":"product_tag-fej-m-135024","8":"product_tag-fiskars","9":"product_tag-lombsepru","10":"product_tag-solid","12":"first","13":"instock","14":"shipping-taxable","15":"purchasable","16":"product-type-simple"},"yoast_head":"<!-- This site is optimized with the Yoast SEO plugin v27.5 - https:\/\/yoast.com\/product\/yoast-seo-wordpress\/ -->\n<title>Fiskars Solid lombsepr\u0171 fej M - T\u00e1jkert\u00e9sz<\/title>\n<meta name=\"description\" content=\"A Fiskars Solid lombsepr\u0171 fej M (135024) k\u00f6zepes fej\u0171 lombsepr\u0171 kisebb ter\u00fcletek p\u00e9ld\u00e1ul f\u00e1k vagy bokrok t\u00f6v\u00e9nek rendez\u00e9s\u00e9hez.\" \/>\n<meta name=\"robots\" content=\"index, follow, max-snippet:-1, max-image-preview:large, max-video-preview:-1\" \/>\n<link rel=\"canonical\" href=\"https:\/\/tajkertesz.com\/en_US\/product\/fiskars-solid-lombsepru-fej-m-135024\/\" \/>\n<meta property=\"og:locale\" content=\"en_US\" \/>\n<meta property=\"og:type\" content=\"article\" \/>\n<meta property=\"og:title\" content=\"Fiskars Solid lombsepr\u0171 fej M - T\u00e1jkert\u00e9sz\" \/>\n<meta property=\"og:description\" content=\"A Fiskars Solid lombsepr\u0171 fej M (135024) k\u00f6zepes fej\u0171 lombsepr\u0171 kisebb ter\u00fcletek p\u00e9ld\u00e1ul f\u00e1k vagy bokrok t\u00f6v\u00e9nek rendez\u00e9s\u00e9hez.\" \/>\n<meta property=\"og:url\" content=\"https:\/\/tajkertesz.com\/en_US\/product\/fiskars-solid-lombsepru-fej-m-135024\/\" \/>\n<meta property=\"og:site_name\" content=\"T\u00e1jkert\u00e9sz\" \/>\n<meta property=\"article:publisher\" content=\"https:\/\/www.facebook.com\/Tajkertesz\/\" \/>\n<meta property=\"article:modified_time\" content=\"2026-02-17T14:41:13+00:00\" \/>\n<meta property=\"og:image\" content=\"https:\/\/tajkertesz.com\/wp-content\/uploads\/2020\/11\/1063089-1.jpg\" \/>\n\t<meta property=\"og:image:width\" content=\"496\" \/>\n\t<meta property=\"og:image:height\" content=\"664\" \/>\n\t<meta property=\"og:image:type\" content=\"image\/jpeg\" \/>\n<meta name=\"twitter:card\" content=\"summary_large_image\" \/>\n<meta name=\"twitter:label1\" content=\"Est. reading time\" \/>\n\t<meta name=\"twitter:data1\" content=\"2 minutes\" \/>\n<script type=\"application\/ld+json\" class=\"yoast-schema-graph\">{\"@context\":\"https:\\\/\\\/schema.org\",\"@graph\":[{\"@type\":\"WebPage\",\"@id\":\"https:\\\/\\\/tajkertesz.com\\\/termek\\\/fiskars-solid-lombsepru-fej-m-135024\\\/\",\"url\":\"https:\\\/\\\/tajkertesz.com\\\/termek\\\/fiskars-solid-lombsepru-fej-m-135024\\\/\",\"name\":\"Fiskars Solid lombsepr\u0171 fej M - T\u00e1jkert\u00e9sz\",\"isPartOf\":{\"@id\":\"https:\\\/\\\/tajkertesz.com\\\/#website\"},\"primaryImageOfPage\":{\"@id\":\"https:\\\/\\\/tajkertesz.com\\\/termek\\\/fiskars-solid-lombsepru-fej-m-135024\\\/#primaryimage\"},\"image\":{\"@id\":\"https:\\\/\\\/tajkertesz.com\\\/termek\\\/fiskars-solid-lombsepru-fej-m-135024\\\/#primaryimage\"},\"thumbnailUrl\":\"https:\\\/\\\/tajkertesz.com\\\/wp-content\\\/uploads\\\/2020\\\/11\\\/1063089-1.jpg\",\"datePublished\":\"2020-11-11T12:27:14+00:00\",\"dateModified\":\"2026-02-17T14:41:13+00:00\",\"description\":\"A Fiskars Solid lombsepr\u0171 fej M (135024) k\u00f6zepes fej\u0171 lombsepr\u0171 kisebb ter\u00fcletek p\u00e9ld\u00e1ul f\u00e1k vagy bokrok t\u00f6v\u00e9nek rendez\u00e9s\u00e9hez.\",\"breadcrumb\":{\"@id\":\"https:\\\/\\\/tajkertesz.com\\\/termek\\\/fiskars-solid-lombsepru-fej-m-135024\\\/#breadcrumb\"},\"inLanguage\":\"en-US\",\"potentialAction\":[{\"@type\":\"ReadAction\",\"target\":[\"https:\\\/\\\/tajkertesz.com\\\/termek\\\/fiskars-solid-lombsepru-fej-m-135024\\\/\"]}]},{\"@type\":\"ImageObject\",\"inLanguage\":\"en-US\",\"@id\":\"https:\\\/\\\/tajkertesz.com\\\/termek\\\/fiskars-solid-lombsepru-fej-m-135024\\\/#primaryimage\",\"url\":\"https:\\\/\\\/tajkertesz.com\\\/wp-content\\\/uploads\\\/2020\\\/11\\\/1063089-1.jpg\",\"contentUrl\":\"https:\\\/\\\/tajkertesz.com\\\/wp-content\\\/uploads\\\/2020\\\/11\\\/1063089-1.jpg\",\"width\":496,\"height\":664},{\"@type\":\"BreadcrumbList\",\"@id\":\"https:\\\/\\\/tajkertesz.com\\\/termek\\\/fiskars-solid-lombsepru-fej-m-135024\\\/#breadcrumb\",\"itemListElement\":[{\"@type\":\"ListItem\",\"position\":1,\"name\":\"Home\",\"item\":\"https:\\\/\\\/tajkertesz.com\\\/\"},{\"@type\":\"ListItem\",\"position\":2,\"name\":\"Kezd\u0151lap\",\"item\":\"https:\\\/\\\/tajkertesz.com\\\/\"},{\"@type\":\"ListItem\",\"position\":3,\"name\":\"Fiskars Solid lombsepr\u0171 fej M\"}]},{\"@type\":\"WebSite\",\"@id\":\"https:\\\/\\\/tajkertesz.com\\\/#website\",\"url\":\"https:\\\/\\\/tajkertesz.com\\\/\",\"name\":\"T\u00e1j-Kert\u00e9sz 84 Kft.\",\"description\":\"Kert\u00e9szeti kis- \u00e9s nagykeresked\u00e9s, D\u00edszn\u00f6v\u00e9ny web\u00e1ruh\u00e1z orsz\u00e1gos h\u00e1zhozsz\u00e1ll\u00edt\u00e1ssal!\",\"publisher\":{\"@id\":\"https:\\\/\\\/tajkertesz.com\\\/#organization\"},\"potentialAction\":[{\"@type\":\"SearchAction\",\"target\":{\"@type\":\"EntryPoint\",\"urlTemplate\":\"https:\\\/\\\/tajkertesz.com\\\/?s={search_term_string}\"},\"query-input\":{\"@type\":\"PropertyValueSpecification\",\"valueRequired\":true,\"valueName\":\"search_term_string\"}}],\"inLanguage\":\"en-US\"},{\"@type\":\"Organization\",\"@id\":\"https:\\\/\\\/tajkertesz.com\\\/#organization\",\"name\":\"T\u00e1j-Kert\u00e9sz 84 Kft.\",\"url\":\"https:\\\/\\\/tajkertesz.com\\\/\",\"logo\":{\"@type\":\"ImageObject\",\"inLanguage\":\"en-US\",\"@id\":\"https:\\\/\\\/tajkertesz.com\\\/#\\\/schema\\\/logo\\\/image\\\/\",\"url\":\"https:\\\/\\\/tajkertesz.com\\\/wp-content\\\/uploads\\\/2018\\\/02\\\/logo-2-e1518678052539.png\",\"contentUrl\":\"https:\\\/\\\/tajkertesz.com\\\/wp-content\\\/uploads\\\/2018\\\/02\\\/logo-2-e1518678052539.png\",\"width\":81,\"height\":140,\"caption\":\"T\u00e1j-Kert\u00e9sz 84 Kft.\"},\"image\":{\"@id\":\"https:\\\/\\\/tajkertesz.com\\\/#\\\/schema\\\/logo\\\/image\\\/\"},\"sameAs\":[\"https:\\\/\\\/www.facebook.com\\\/Tajkertesz\\\/\"]}]}<\/script>\n<!-- \/ Yoast SEO plugin. -->","yoast_head_json":{"title":"Fiskars Solid lombsepr\u0171 fej M - T\u00e1jkert\u00e9sz","description":"A Fiskars Solid lombsepr\u0171 fej M (135024) k\u00f6zepes fej\u0171 lombsepr\u0171 kisebb ter\u00fcletek p\u00e9ld\u00e1ul f\u00e1k vagy bokrok t\u00f6v\u00e9nek rendez\u00e9s\u00e9hez.","robots":{"index":"index","follow":"follow","max-snippet":"max-snippet:-1","max-image-preview":"max-image-preview:large","max-video-preview":"max-video-preview:-1"},"canonical":"https:\/\/tajkertesz.com\/en_US\/product\/fiskars-solid-lombsepru-fej-m-135024\/","og_locale":"en_US","og_type":"article","og_title":"Fiskars Solid lombsepr\u0171 fej M - T\u00e1jkert\u00e9sz","og_description":"A Fiskars Solid lombsepr\u0171 fej M (135024) k\u00f6zepes fej\u0171 lombsepr\u0171 kisebb ter\u00fcletek p\u00e9ld\u00e1ul f\u00e1k vagy bokrok t\u00f6v\u00e9nek rendez\u00e9s\u00e9hez.","og_url":"https:\/\/tajkertesz.com\/en_US\/product\/fiskars-solid-lombsepru-fej-m-135024\/","og_site_name":"T\u00e1jkert\u00e9sz","article_publisher":"https:\/\/www.facebook.com\/Tajkertesz\/","article_modified_time":"2026-02-17T14:41:13+00:00","og_image":[{"width":496,"height":664,"url":"https:\/\/tajkertesz.com\/wp-content\/uploads\/2020\/11\/1063089-1.jpg","type":"image\/jpeg"}],"twitter_card":"summary_large_image","twitter_misc":{"Est. reading time":"2 minutes"},"schema":{"@context":"https:\/\/schema.org","@graph":[{"@type":"WebPage","@id":"https:\/\/tajkertesz.com\/termek\/fiskars-solid-lombsepru-fej-m-135024\/","url":"https:\/\/tajkertesz.com\/termek\/fiskars-solid-lombsepru-fej-m-135024\/","name":"Fiskars Solid lombsepr\u0171 fej M - T\u00e1jkert\u00e9sz","isPartOf":{"@id":"https:\/\/tajkertesz.com\/#website"},"primaryImageOfPage":{"@id":"https:\/\/tajkertesz.com\/termek\/fiskars-solid-lombsepru-fej-m-135024\/#primaryimage"},"image":{"@id":"https:\/\/tajkertesz.com\/termek\/fiskars-solid-lombsepru-fej-m-135024\/#primaryimage"},"thumbnailUrl":"https:\/\/tajkertesz.com\/wp-content\/uploads\/2020\/11\/1063089-1.jpg","datePublished":"2020-11-11T12:27:14+00:00","dateModified":"2026-02-17T14:41:13+00:00","description":"A Fiskars Solid lombsepr\u0171 fej M (135024) k\u00f6zepes fej\u0171 lombsepr\u0171 kisebb ter\u00fcletek p\u00e9ld\u00e1ul f\u00e1k vagy bokrok t\u00f6v\u00e9nek rendez\u00e9s\u00e9hez.","breadcrumb":{"@id":"https:\/\/tajkertesz.com\/termek\/fiskars-solid-lombsepru-fej-m-135024\/#breadcrumb"},"inLanguage":"en-US","potentialAction":[{"@type":"ReadAction","target":["https:\/\/tajkertesz.com\/termek\/fiskars-solid-lombsepru-fej-m-135024\/"]}]},{"@type":"ImageObject","inLanguage":"en-US","@id":"https:\/\/tajkertesz.com\/termek\/fiskars-solid-lombsepru-fej-m-135024\/#primaryimage","url":"https:\/\/tajkertesz.com\/wp-content\/uploads\/2020\/11\/1063089-1.jpg","contentUrl":"https:\/\/tajkertesz.com\/wp-content\/uploads\/2020\/11\/1063089-1.jpg","width":496,"height":664},{"@type":"BreadcrumbList","@id":"https:\/\/tajkertesz.com\/termek\/fiskars-solid-lombsepru-fej-m-135024\/#breadcrumb","itemListElement":[{"@type":"ListItem","position":1,"name":"Home","item":"https:\/\/tajkertesz.com\/"},{"@type":"ListItem","position":2,"name":"Kezd\u0151lap","item":"https:\/\/tajkertesz.com\/"},{"@type":"ListItem","position":3,"name":"Fiskars Solid lombsepr\u0171 fej M"}]},{"@type":"WebSite","@id":"https:\/\/tajkertesz.com\/#website","url":"https:\/\/tajkertesz.com\/","name":"T\u00e1j-Kert\u00e9sz 84 Kft.","description":"Kert\u00e9szeti kis- \u00e9s nagykeresked\u00e9s, D\u00edszn\u00f6v\u00e9ny web\u00e1ruh\u00e1z orsz\u00e1gos h\u00e1zhozsz\u00e1ll\u00edt\u00e1ssal!","publisher":{"@id":"https:\/\/tajkertesz.com\/#organization"},"potentialAction":[{"@type":"SearchAction","target":{"@type":"EntryPoint","urlTemplate":"https:\/\/tajkertesz.com\/?s={search_term_string}"},"query-input":{"@type":"PropertyValueSpecification","valueRequired":true,"valueName":"search_term_string"}}],"inLanguage":"en-US"},{"@type":"Organization","@id":"https:\/\/tajkertesz.com\/#organization","name":"T\u00e1j-Kert\u00e9sz 84 Kft.","url":"https:\/\/tajkertesz.com\/","logo":{"@type":"ImageObject","inLanguage":"en-US","@id":"https:\/\/tajkertesz.com\/#\/schema\/logo\/image\/","url":"https:\/\/tajkertesz.com\/wp-content\/uploads\/2018\/02\/logo-2-e1518678052539.png","contentUrl":"https:\/\/tajkertesz.com\/wp-content\/uploads\/2018\/02\/logo-2-e1518678052539.png","width":81,"height":140,"caption":"T\u00e1j-Kert\u00e9sz 84 Kft."},"image":{"@id":"https:\/\/tajkertesz.com\/#\/schema\/logo\/image\/"},"sameAs":["https:\/\/www.facebook.com\/Tajkertesz\/"]}]}},"_links":{"self":[{"href":"https:\/\/tajkertesz.com\/en_US\/wp-json\/wp\/v2\/product\/2648","targetHints":{"allow":["GET"]}}],"collection":[{"href":"https:\/\/tajkertesz.com\/en_US\/wp-json\/wp\/v2\/product"}],"about":[{"href":"https:\/\/tajkertesz.com\/en_US\/wp-json\/wp\/v2\/types\/product"}],"wp:featuredmedia":[{"embeddable":true,"href":"https:\/\/tajkertesz.com\/en_US\/wp-json\/wp\/v2\/media\/18640"}],"wp:attachment":[{"href":"https:\/\/tajkertesz.com\/en_US\/wp-json\/wp\/v2\/media?parent=2648"}],"wp:term":[{"taxonomy":"product_brand","embeddable":true,"href":"https:\/\/tajkertesz.com\/en_US\/wp-json\/wp\/v2\/product_brand?post=2648"},{"taxonomy":"product_cat","embeddable":true,"href":"https:\/\/tajkertesz.com\/en_US\/wp-json\/wp\/v2\/product_cat?post=2648"},{"taxonomy":"product_tag","embeddable":true,"href":"https:\/\/tajkertesz.com\/en_US\/wp-json\/wp\/v2\/product_tag?post=2648"}],"curies":[{"name":"wp","href":"https:\/\/api.w.org\/{rel}","templated":true}]}}