{"id":26531,"date":"2026-03-23T11:16:43","date_gmt":"2026-03-23T11:16:43","guid":{"rendered":"https:\/\/tajkertesz.com\/?post_type=product&#038;p=26531"},"modified":"2026-03-23T11:19:55","modified_gmt":"2026-03-23T11:19:55","slug":"hydrangea-paniculata-phantom-bugas-hortenzia-2","status":"publish","type":"product","link":"https:\/\/tajkertesz.com\/en_US\/product\/hydrangea-paniculata-phantom-bugas-hortenzia-2\/","title":{"rendered":"Hydrangea paniculata &#8216;Phantom&#8217; \u2013 Bug\u00e1s hortenzia"},"content":{"rendered":"<h1 class=\"LC20lb DKV0Md\">Hydrangea paniculata &#8216;Phantom&#8217; \u2013 Bug\u00e1s hortenzia<\/h1>\n<p data-start=\"345\" data-end=\"723\">A <strong data-start=\"347\" data-end=\"381\">Hydrangea paniculata &#8216;Phantom&#8217;<\/strong> \u2013 azaz a <strong data-start=\"391\" data-end=\"420\">&#8216;Phantom&#8217; bug\u00e1s hortenzia<\/strong> \u2013 k\u00fcl\u00f6nleges sz\u00e9ps\u00e9g\u0171, nagy m\u00e9ret\u0171 vir\u00e1gbug\u00e1ir\u00f3l ismert lombhullat\u00f3 cserje. Ez a fajta a Hydrangea nemzets\u00e9g egyik legimpoz\u00e1nsabb tagja, hatalmas, ak\u00e1r 30\u201340 cm hossz\u00fa vir\u00e1gzatai kr\u00e9mfeh\u00e9r sz\u00ednben ny\u00edlnak, majd k\u00e9s\u0151bb r\u00f3zsasz\u00ednes \u00e1rnyalatot \u00f6ltenek. Vir\u00e1gz\u00e1sa hossz\u00fa ideig, j\u00faliust\u00f3l szeptemberig tart.<\/p>\n<p data-start=\"725\" data-end=\"966\">A &#8216;Phantom&#8217; er\u0151teljes n\u00f6veked\u00e9s\u0171, j\u00f3l form\u00e1zhat\u00f3, metsz\u00e9st j\u00f3l t\u0171r\u0151 fajta. Alkalmas szoliterk\u00e9nt, cserjecsoportban vagy ak\u00e1r vir\u00e1gos s\u00f6v\u00e9nyk\u00e9nt val\u00f3 \u00fcltet\u00e9sre is. K\u00fcl\u00f6n\u00f6sen mutat\u00f3s, amikor csoportosan, napos vagy f\u00e9l\u00e1rny\u00e9kos helyre \u00fcltetj\u00fck.<\/p>\n<h3 class=\"LC20lb DKV0Md\">Hydrangea paniculata &#8216;Phantom&#8217; jellemz\u0151i<\/h3>\n<ul data-start=\"989\" data-end=\"1262\">\n<li data-start=\"989\" data-end=\"1016\">\n<p data-start=\"991\" data-end=\"1016\"><strong data-start=\"991\" data-end=\"1003\">Magass\u00e1g<\/strong>: 2\u20132,5 m\u00e9ter<\/p>\n<\/li>\n<li data-start=\"1017\" data-end=\"1056\">\n<p data-start=\"1019\" data-end=\"1056\"><strong data-start=\"1019\" data-end=\"1037\">Vir\u00e1gz\u00e1s ideje<\/strong>: j\u00falius\u2013szeptember<\/p>\n<\/li>\n<li data-start=\"1057\" data-end=\"1106\">\n<p data-start=\"1059\" data-end=\"1106\"><strong data-start=\"1059\" data-end=\"1074\">Vir\u00e1g sz\u00edne<\/strong>: kr\u00e9mfeh\u00e9rb\u0151l r\u00f3zsasz\u00ednbe hajl\u00f3<\/p>\n<\/li>\n<li data-start=\"1107\" data-end=\"1146\">\n<p data-start=\"1109\" data-end=\"1146\"><strong data-start=\"1109\" data-end=\"1122\">F\u00e9nyig\u00e9ny<\/strong>: napos-f\u00e9l\u00e1rny\u00e9kos hely<\/p>\n<\/li>\n<li data-start=\"1147\" data-end=\"1225\">\n<p data-start=\"1149\" data-end=\"1225\"><strong data-start=\"1149\" data-end=\"1163\">Talajig\u00e9ny<\/strong>: t\u00e1panyagban gazdag, j\u00f3 v\u00edzell\u00e1totts\u00e1g\u00fa, enyh\u00e9n savany\u00fa talaj<\/p>\n<\/li>\n<li data-start=\"1226\" data-end=\"1262\">\n<p data-start=\"1228\" data-end=\"1262\"><strong data-start=\"1228\" data-end=\"1242\">T\u00e9l\u00e1ll\u00f3s\u00e1g<\/strong>: kiv\u00e1l\u00f3 (\u221225 \u00b0C-ig)<\/p>\n<\/li>\n<\/ul>\n<h5><strong>\ud83d\udd04 K\u00e9szletinform\u00e1ci\u00f3<\/strong><\/h5>\n<p><strong>K\u00e9szlet\u00fcnk napi szinten v\u00e1ltozik, \u00edgy a webshopban szerepl<\/strong><strong>\u0151<\/strong><strong> term\u00e9kek el\u00e9rhet<\/strong><strong>\u0151<\/strong><strong>s\u00e9ge nem garant\u00e1lt.<br \/>\n\ud83d\udcde A megrendel\u00e9s el<\/strong><strong>\u0151<\/strong><strong>tt k\u00e9rj\u00fck, \u00e9rdekl<\/strong><strong>\u0151<\/strong><strong>dj\u00f6n szem\u00e9lyesen, telefonon vagy e-mailben!<\/strong><\/p>\n<h5><strong>\u27a1\ufe0f Kapcsolat:<\/strong><\/h5>\n<ul>\n<li><strong>Weboldal: <\/strong><a href=\"https:\/\/tajkertesz.com\"><strong>tajkertesz.com<\/strong><\/a><\/li>\n<li><strong>Facebook: <\/strong><a href=\"https:\/\/www.facebook.com\/tajkertesz\/\"><strong>facebook.com\/tajkertesz<\/strong><\/a><\/li>\n<li><strong>Telefonsz\u00e1m, e-mail: +36\/20-319-3770 <\/strong><a href=\"mailto:tajkerteszaruda@gmail.com\"><strong>tajkerteszaruda@gmail.com<\/strong><\/a><\/li>\n<\/ul>\n<h5><strong>\ud83d\ude9a Sz\u00e1ll\u00edt\u00e1si inform\u00e1ci\u00f3k<\/strong><\/h5>\n<p><strong>A megrendelt n\u00f6v\u00e9nyek kisz\u00e1ll\u00edt\u00e1sa az al\u00e1bbi felt\u00e9telek mellett t\u00f6rt\u00e9nik:<\/strong><\/p>\n<h5><strong>\ud83d\udce6 Fut\u00e1rszolg\u00e1latos sz\u00e1ll\u00edt\u00e1s<\/strong><\/h5>\n<ul>\n<li><strong>Maxim\u00e1lis m\u00e9ret: 200 cm (hossz\u00fas\u00e1g)<\/strong><\/li>\n<li><strong>Maxim\u00e1lis s\u00faly: 40 kg<\/strong><\/li>\n<li><strong>Az enn\u00e9l kisebb \u00e9s k\u00f6nnyebb csomagokat fut\u00e1rszolg\u00e1lattal k\u00e9zbes\u00edtj\u00fck a lehet<\/strong><strong>\u0151<\/strong><strong> legbiztons\u00e1gosabb csomagol\u00e1sban.<\/strong><\/li>\n<\/ul>\n<h5><strong>\ud83d\udefb Szem\u00e9lyes \u00e1tv\u00e9tel<\/strong><\/h5>\n<ul>\n<li><strong>1173 Budapest, Bakancsos utca 7. sz\u00e1m alatt nyitvatart\u00e1si id<\/strong><strong>\u0151<\/strong><strong>ben szem\u00e9lyesen \u00e1tvehet<\/strong><strong>\u0151<\/strong><strong> kert\u00e9szeti \u00e1rud\u00e1nkban.<\/strong><\/li>\n<li><strong>K\u00f6lts\u00e9ghat\u00e9kony megold\u00e1s nagyobb, t\u00f6r\u00e9kenyebb vagy t\u00falm\u00e9retes n\u00f6v\u00e9nyek eset\u00e9n.<\/strong><\/li>\n<\/ul>\n<h5><strong>\ud83d\udcde Nagy m\u00e9ret<\/strong><strong>\u0171<\/strong><strong> vagy s\u00faly\u00fa n\u00f6v\u00e9nyek eset\u00e9n<\/strong><\/h5>\n<p><strong>Ha a term\u00e9k:<\/strong><\/p>\n<ul>\n<li><strong>meghaladja a 200 cm hossz\u00fas\u00e1got vagy<\/strong><\/li>\n<li><strong>meghaladja a 40 kg s\u00falyt,<\/strong><\/li>\n<\/ul>\n<p><strong>akkor szem\u00e9lyes \u00e1tv\u00e9tellel vagy egyedi, el<\/strong><strong>\u0151<\/strong><strong>re egyeztetett sz\u00e1ll\u00edt\u00e1si felt\u00e9telek mellett t\u00f6rt\u00e9nik.<br \/>\nK\u00e9rj\u00fck, ilyen esetben rendel\u00e9s el<\/strong><strong>\u0151<\/strong><strong>tt vegye fel vel\u00fcnk a kapcsolatot, hogy a lehet<\/strong><strong>\u0151<\/strong><strong> legmegfelel<\/strong><strong>\u0151<\/strong><strong>bb sz\u00e1ll\u00edt\u00e1si megold\u00e1st k\u00edn\u00e1lhassuk.<\/strong><\/p>\n<p><strong>\ud83d\udd14 Fontos: A n\u00f6v\u00e9nyeket minden esetben igyeksz\u00fcnk gondosan, egyes\u00e9vel csomagolni, azonban a sz\u00e1ll\u00edt\u00e1s sor\u00e1n kisebb eszt\u00e9tikai s\u00e9r\u00fcl\u00e9sek el<\/strong><strong>\u0151<\/strong><strong>fordulhatnak (pl. lev\u00e9lhull\u00e1s). Ez nem min<\/strong><strong>\u0151<\/strong><strong>s\u00fcl hib\u00e1s teljes\u00edt\u00e9snek.<\/strong><\/p>\n<h5><strong>\ud83d\udcf7 Fontos tudni a k\u00e9pekr<\/strong><strong>\u0151<\/strong><strong>l<\/strong><\/h5>\n<p><strong>A webshopban szerepl<\/strong><strong>\u0151<\/strong><strong> k\u00e9pek illusztr\u00e1ci\u00f3k, a n\u00f6v\u00e9nyek term\u00e9szet\u00fckn\u00e9l fogva egyediek, \u00edgy m\u00e9retben, alakban \u00e9s sz\u00ednben minim\u00e1lis elt\u00e9r\u00e9sek el<\/strong><strong>\u0151<\/strong><strong>fordulhatnak a k\u00e9pen l\u00e1that\u00f3 \u00e9s a val\u00f3s p\u00e9ld\u00e1nyok k\u00f6z\u00f6tt.<\/strong><\/p>\n<h5><strong>\ud83e\uddfe \u00c1rak \u00e9s el\u00e1ll\u00e1si jog<\/strong><\/h5>\n<ul>\n<li><strong>Az \u00e1rak egy darab\u00a0n\u00f6v\u00e9nyre vonatkoznak.<\/strong><\/li>\n<li><strong>\u00c9l<\/strong><strong>\u0151<\/strong><strong> n\u00f6v\u00e9nyek rendel\u00e9se eset\u00e9n a 14 napos el\u00e1ll\u00e1s joga nem \u00e9rv\u00e9nyes\u00edthet<\/strong><strong>\u0151<\/strong><strong>, mivel azok romland\u00f3, biol\u00f3giailag \u00e9l<\/strong><strong>\u0151<\/strong><strong> term\u00e9keknek min<\/strong><strong>\u0151<\/strong><strong>s\u00fclnek.<br \/>\n\ud83d\udd12 (17\/1999. (II. 5.) Korm. rendelet 5. \u00a7 c) pontja alapj\u00e1n)<\/strong><\/li>\n<\/ul>\n<h5><strong>\ud83d\udce6 K\u00e9zbes\u00edt\u00e9s ut\u00e1ni teend<\/strong><strong>\u0151<\/strong><strong>k<\/strong><\/h5>\n<p><strong>A k\u00e9zbes\u00edt\u00e9st k\u00f6vet<\/strong><strong>\u0151<\/strong><strong>en a csomagot azonnal bontsuk ki, \u00e9s a n\u00f6v\u00e9nyt helyezz\u00fck el megfelel<\/strong><strong>\u0151<\/strong><strong> k\u00f6rnyezetben.<br \/>\nFontos: ha a n\u00f6v\u00e9ny nem r\u00e9szes\u00fcl megfelel<\/strong><strong>\u0151<\/strong><strong> gondoz\u00e1sban \u00e9s ennek k\u00f6vetkezt\u00e9ben k\u00e1rosodik vagy elpusztul, felel<\/strong><strong>\u0151<\/strong><strong>ss\u00e9get nem tudunk v\u00e1llalni.<\/strong><\/p>","protected":false},"excerpt":{"rendered":"<p>A <strong data-start=\"347\" data-end=\"381\">Hydrangea paniculata &#8216;Phantom&#8217;<\/strong> \u2013 azaz a <strong data-start=\"391\" data-end=\"420\">&#8216;Phantom&#8217; bug\u00e1s hortenzia<\/strong> \u2013 k\u00fcl\u00f6nleges sz\u00e9ps\u00e9g\u0171, nagy m\u00e9ret\u0171 vir\u00e1gbug\u00e1ir\u00f3l ismert lombhullat\u00f3 cserje. Ez a fajta a Hydrangea nemzets\u00e9g egyik legimpoz\u00e1nsabb tagja, hatalmas, ak\u00e1r 30\u201340 cm hossz\u00fa vir\u00e1gzatai kr\u00e9mfeh\u00e9r sz\u00ednben ny\u00edlnak, majd k\u00e9s\u0151bb r\u00f3zsasz\u00ednes \u00e1rnyalatot \u00f6ltenek. Vir\u00e1gz\u00e1sa hossz\u00fa ideig, j\u00faliust\u00f3l szeptemberig tart.<\/p>\n<h5>M\u00e9rete: 2 literes kont\u00e9neres<\/h5>\n<p>&nbsp;<\/p>","protected":false},"featured_media":8048,"template":"","meta":{"_et_pb_use_builder":"","_et_pb_old_content":"","_et_gb_content_width":""},"product_brand":[],"product_cat":[27],"product_tag":[314,5849,5999,6000,6001,2349,5997,5998,5990,6002],"class_list":{"0":"post-26531","1":"product","2":"type-product","3":"status-publish","4":"has-post-thumbnail","6":"product_cat-cserjek","7":"product_tag-bugas-hortenzia","8":"product_tag-diszcserje","9":"product_tag-fagyturo-hortenzia","10":"product_tag-feher-viragu-cserje","11":"product_tag-felarnyekos-kertbe","12":"product_tag-hydrangea-paniculata-phantom-bugas-hortenzia","13":"product_tag-hydrangea-phantom","14":"product_tag-nagymeretu-virag","15":"product_tag-nyari-viragzas","16":"product_tag-rozsaszinbe-hajlo-virag","18":"first","19":"instock","20":"shipping-taxable","21":"purchasable","22":"product-type-simple"},"yoast_head":"<!-- This site is optimized with the Yoast SEO plugin v27.3 - https:\/\/yoast.com\/product\/yoast-seo-wordpress\/ -->\n<title>Hydrangea paniculata &#039;Phantom&#039; \u2013 Bug\u00e1s hortenzia - T\u00e1jkert\u00e9sz<\/title>\n<meta name=\"description\" content=\"Hydrangea paniculata &#039;Phantom&#039; \u2013 Bug\u00e1s horteniza hatalmas vir\u00e1g\u00fa bug\u00e1s hortenzia, kr\u00e9mfeh\u00e9r-r\u00f3zsasz\u00edn vir\u00e1gzattal, napos-f\u00e9l\u00e1rny\u00e9kos helyre ide\u00e1lis.\" \/>\n<meta name=\"robots\" content=\"index, follow, max-snippet:-1, max-image-preview:large, max-video-preview:-1\" \/>\n<link rel=\"canonical\" href=\"https:\/\/tajkertesz.com\/en_US\/product\/hydrangea-paniculata-phantom-bugas-hortenzia-2\/\" \/>\n<meta property=\"og:locale\" content=\"en_US\" \/>\n<meta property=\"og:type\" content=\"article\" \/>\n<meta property=\"og:title\" content=\"Hydrangea paniculata &#039;Phantom&#039; \u2013 Bug\u00e1s hortenzia - T\u00e1jkert\u00e9sz\" \/>\n<meta property=\"og:description\" content=\"Hydrangea paniculata &#039;Phantom&#039; \u2013 Bug\u00e1s horteniza hatalmas vir\u00e1g\u00fa bug\u00e1s hortenzia, kr\u00e9mfeh\u00e9r-r\u00f3zsasz\u00edn vir\u00e1gzattal, napos-f\u00e9l\u00e1rny\u00e9kos helyre ide\u00e1lis.\" \/>\n<meta property=\"og:url\" content=\"https:\/\/tajkertesz.com\/en_US\/product\/hydrangea-paniculata-phantom-bugas-hortenzia-2\/\" \/>\n<meta property=\"og:site_name\" content=\"T\u00e1jkert\u00e9sz\" \/>\n<meta property=\"article:publisher\" content=\"https:\/\/www.facebook.com\/Tajkertesz\/\" \/>\n<meta property=\"article:modified_time\" content=\"2026-03-23T11:19:55+00:00\" \/>\n<meta property=\"og:image\" content=\"https:\/\/tajkertesz.com\/wp-content\/uploads\/2021\/08\/phantom.jpg\" \/>\n\t<meta property=\"og:image:width\" content=\"600\" \/>\n\t<meta property=\"og:image:height\" content=\"600\" \/>\n\t<meta property=\"og:image:type\" content=\"image\/jpeg\" \/>\n<meta name=\"twitter:card\" content=\"summary_large_image\" \/>\n<meta name=\"twitter:label1\" content=\"Est. reading time\" \/>\n\t<meta name=\"twitter:data1\" content=\"3 minutes\" \/>\n<script type=\"application\/ld+json\" class=\"yoast-schema-graph\">{\"@context\":\"https:\\\/\\\/schema.org\",\"@graph\":[{\"@type\":\"WebPage\",\"@id\":\"https:\\\/\\\/tajkertesz.com\\\/termek\\\/hydrangea-paniculata-phantom-bugas-hortenzia-2\\\/\",\"url\":\"https:\\\/\\\/tajkertesz.com\\\/termek\\\/hydrangea-paniculata-phantom-bugas-hortenzia-2\\\/\",\"name\":\"Hydrangea paniculata 'Phantom' \u2013 Bug\u00e1s hortenzia - T\u00e1jkert\u00e9sz\",\"isPartOf\":{\"@id\":\"https:\\\/\\\/tajkertesz.com\\\/#website\"},\"primaryImageOfPage\":{\"@id\":\"https:\\\/\\\/tajkertesz.com\\\/termek\\\/hydrangea-paniculata-phantom-bugas-hortenzia-2\\\/#primaryimage\"},\"image\":{\"@id\":\"https:\\\/\\\/tajkertesz.com\\\/termek\\\/hydrangea-paniculata-phantom-bugas-hortenzia-2\\\/#primaryimage\"},\"thumbnailUrl\":\"https:\\\/\\\/tajkertesz.com\\\/wp-content\\\/uploads\\\/2021\\\/08\\\/phantom.jpg\",\"datePublished\":\"2026-03-23T11:16:43+00:00\",\"dateModified\":\"2026-03-23T11:19:55+00:00\",\"description\":\"Hydrangea paniculata 'Phantom' \u2013 Bug\u00e1s horteniza hatalmas vir\u00e1g\u00fa bug\u00e1s hortenzia, kr\u00e9mfeh\u00e9r-r\u00f3zsasz\u00edn vir\u00e1gzattal, napos-f\u00e9l\u00e1rny\u00e9kos helyre ide\u00e1lis.\",\"breadcrumb\":{\"@id\":\"https:\\\/\\\/tajkertesz.com\\\/termek\\\/hydrangea-paniculata-phantom-bugas-hortenzia-2\\\/#breadcrumb\"},\"inLanguage\":\"en-US\",\"potentialAction\":[{\"@type\":\"ReadAction\",\"target\":[\"https:\\\/\\\/tajkertesz.com\\\/termek\\\/hydrangea-paniculata-phantom-bugas-hortenzia-2\\\/\"]}]},{\"@type\":\"ImageObject\",\"inLanguage\":\"en-US\",\"@id\":\"https:\\\/\\\/tajkertesz.com\\\/termek\\\/hydrangea-paniculata-phantom-bugas-hortenzia-2\\\/#primaryimage\",\"url\":\"https:\\\/\\\/tajkertesz.com\\\/wp-content\\\/uploads\\\/2021\\\/08\\\/phantom.jpg\",\"contentUrl\":\"https:\\\/\\\/tajkertesz.com\\\/wp-content\\\/uploads\\\/2021\\\/08\\\/phantom.jpg\",\"width\":600,\"height\":600,\"caption\":\"Hydrangea paniculata 'Phantom' \u2013 Bug\u00e1s hortenzia\"},{\"@type\":\"BreadcrumbList\",\"@id\":\"https:\\\/\\\/tajkertesz.com\\\/termek\\\/hydrangea-paniculata-phantom-bugas-hortenzia-2\\\/#breadcrumb\",\"itemListElement\":[{\"@type\":\"ListItem\",\"position\":1,\"name\":\"Home\",\"item\":\"https:\\\/\\\/tajkertesz.com\\\/\"},{\"@type\":\"ListItem\",\"position\":2,\"name\":\"Kezd\u0151lap\",\"item\":\"https:\\\/\\\/tajkertesz.com\\\/\"},{\"@type\":\"ListItem\",\"position\":3,\"name\":\"Hydrangea paniculata &#8216;Phantom&#8217; \u2013 Bug\u00e1s hortenzia\"}]},{\"@type\":\"WebSite\",\"@id\":\"https:\\\/\\\/tajkertesz.com\\\/#website\",\"url\":\"https:\\\/\\\/tajkertesz.com\\\/\",\"name\":\"T\u00e1j-Kert\u00e9sz 84 Kft.\",\"description\":\"Kert\u00e9szeti kis- \u00e9s nagykeresked\u00e9s, D\u00edszn\u00f6v\u00e9ny web\u00e1ruh\u00e1z orsz\u00e1gos h\u00e1zhozsz\u00e1ll\u00edt\u00e1ssal!\",\"publisher\":{\"@id\":\"https:\\\/\\\/tajkertesz.com\\\/#organization\"},\"potentialAction\":[{\"@type\":\"SearchAction\",\"target\":{\"@type\":\"EntryPoint\",\"urlTemplate\":\"https:\\\/\\\/tajkertesz.com\\\/?s={search_term_string}\"},\"query-input\":{\"@type\":\"PropertyValueSpecification\",\"valueRequired\":true,\"valueName\":\"search_term_string\"}}],\"inLanguage\":\"en-US\"},{\"@type\":\"Organization\",\"@id\":\"https:\\\/\\\/tajkertesz.com\\\/#organization\",\"name\":\"T\u00e1j-Kert\u00e9sz 84 Kft.\",\"url\":\"https:\\\/\\\/tajkertesz.com\\\/\",\"logo\":{\"@type\":\"ImageObject\",\"inLanguage\":\"en-US\",\"@id\":\"https:\\\/\\\/tajkertesz.com\\\/#\\\/schema\\\/logo\\\/image\\\/\",\"url\":\"https:\\\/\\\/tajkertesz.com\\\/wp-content\\\/uploads\\\/2018\\\/02\\\/logo-2-e1518678052539.png\",\"contentUrl\":\"https:\\\/\\\/tajkertesz.com\\\/wp-content\\\/uploads\\\/2018\\\/02\\\/logo-2-e1518678052539.png\",\"width\":81,\"height\":140,\"caption\":\"T\u00e1j-Kert\u00e9sz 84 Kft.\"},\"image\":{\"@id\":\"https:\\\/\\\/tajkertesz.com\\\/#\\\/schema\\\/logo\\\/image\\\/\"},\"sameAs\":[\"https:\\\/\\\/www.facebook.com\\\/Tajkertesz\\\/\"]}]}<\/script>\n<!-- \/ Yoast SEO plugin. -->","yoast_head_json":{"title":"Hydrangea paniculata 'Phantom' \u2013 Bug\u00e1s hortenzia - T\u00e1jkert\u00e9sz","description":"Hydrangea paniculata 'Phantom' \u2013 Bug\u00e1s horteniza hatalmas vir\u00e1g\u00fa bug\u00e1s hortenzia, kr\u00e9mfeh\u00e9r-r\u00f3zsasz\u00edn vir\u00e1gzattal, napos-f\u00e9l\u00e1rny\u00e9kos helyre ide\u00e1lis.","robots":{"index":"index","follow":"follow","max-snippet":"max-snippet:-1","max-image-preview":"max-image-preview:large","max-video-preview":"max-video-preview:-1"},"canonical":"https:\/\/tajkertesz.com\/en_US\/product\/hydrangea-paniculata-phantom-bugas-hortenzia-2\/","og_locale":"en_US","og_type":"article","og_title":"Hydrangea paniculata 'Phantom' \u2013 Bug\u00e1s hortenzia - T\u00e1jkert\u00e9sz","og_description":"Hydrangea paniculata 'Phantom' \u2013 Bug\u00e1s horteniza hatalmas vir\u00e1g\u00fa bug\u00e1s hortenzia, kr\u00e9mfeh\u00e9r-r\u00f3zsasz\u00edn vir\u00e1gzattal, napos-f\u00e9l\u00e1rny\u00e9kos helyre ide\u00e1lis.","og_url":"https:\/\/tajkertesz.com\/en_US\/product\/hydrangea-paniculata-phantom-bugas-hortenzia-2\/","og_site_name":"T\u00e1jkert\u00e9sz","article_publisher":"https:\/\/www.facebook.com\/Tajkertesz\/","article_modified_time":"2026-03-23T11:19:55+00:00","og_image":[{"width":600,"height":600,"url":"https:\/\/tajkertesz.com\/wp-content\/uploads\/2021\/08\/phantom.jpg","type":"image\/jpeg"}],"twitter_card":"summary_large_image","twitter_misc":{"Est. reading time":"3 minutes"},"schema":{"@context":"https:\/\/schema.org","@graph":[{"@type":"WebPage","@id":"https:\/\/tajkertesz.com\/termek\/hydrangea-paniculata-phantom-bugas-hortenzia-2\/","url":"https:\/\/tajkertesz.com\/termek\/hydrangea-paniculata-phantom-bugas-hortenzia-2\/","name":"Hydrangea paniculata 'Phantom' \u2013 Bug\u00e1s hortenzia - T\u00e1jkert\u00e9sz","isPartOf":{"@id":"https:\/\/tajkertesz.com\/#website"},"primaryImageOfPage":{"@id":"https:\/\/tajkertesz.com\/termek\/hydrangea-paniculata-phantom-bugas-hortenzia-2\/#primaryimage"},"image":{"@id":"https:\/\/tajkertesz.com\/termek\/hydrangea-paniculata-phantom-bugas-hortenzia-2\/#primaryimage"},"thumbnailUrl":"https:\/\/tajkertesz.com\/wp-content\/uploads\/2021\/08\/phantom.jpg","datePublished":"2026-03-23T11:16:43+00:00","dateModified":"2026-03-23T11:19:55+00:00","description":"Hydrangea paniculata 'Phantom' \u2013 Bug\u00e1s horteniza hatalmas vir\u00e1g\u00fa bug\u00e1s hortenzia, kr\u00e9mfeh\u00e9r-r\u00f3zsasz\u00edn vir\u00e1gzattal, napos-f\u00e9l\u00e1rny\u00e9kos helyre ide\u00e1lis.","breadcrumb":{"@id":"https:\/\/tajkertesz.com\/termek\/hydrangea-paniculata-phantom-bugas-hortenzia-2\/#breadcrumb"},"inLanguage":"en-US","potentialAction":[{"@type":"ReadAction","target":["https:\/\/tajkertesz.com\/termek\/hydrangea-paniculata-phantom-bugas-hortenzia-2\/"]}]},{"@type":"ImageObject","inLanguage":"en-US","@id":"https:\/\/tajkertesz.com\/termek\/hydrangea-paniculata-phantom-bugas-hortenzia-2\/#primaryimage","url":"https:\/\/tajkertesz.com\/wp-content\/uploads\/2021\/08\/phantom.jpg","contentUrl":"https:\/\/tajkertesz.com\/wp-content\/uploads\/2021\/08\/phantom.jpg","width":600,"height":600,"caption":"Hydrangea paniculata 'Phantom' \u2013 Bug\u00e1s hortenzia"},{"@type":"BreadcrumbList","@id":"https:\/\/tajkertesz.com\/termek\/hydrangea-paniculata-phantom-bugas-hortenzia-2\/#breadcrumb","itemListElement":[{"@type":"ListItem","position":1,"name":"Home","item":"https:\/\/tajkertesz.com\/"},{"@type":"ListItem","position":2,"name":"Kezd\u0151lap","item":"https:\/\/tajkertesz.com\/"},{"@type":"ListItem","position":3,"name":"Hydrangea paniculata &#8216;Phantom&#8217; \u2013 Bug\u00e1s hortenzia"}]},{"@type":"WebSite","@id":"https:\/\/tajkertesz.com\/#website","url":"https:\/\/tajkertesz.com\/","name":"T\u00e1j-Kert\u00e9sz 84 Kft.","description":"Kert\u00e9szeti kis- \u00e9s nagykeresked\u00e9s, D\u00edszn\u00f6v\u00e9ny web\u00e1ruh\u00e1z orsz\u00e1gos h\u00e1zhozsz\u00e1ll\u00edt\u00e1ssal!","publisher":{"@id":"https:\/\/tajkertesz.com\/#organization"},"potentialAction":[{"@type":"SearchAction","target":{"@type":"EntryPoint","urlTemplate":"https:\/\/tajkertesz.com\/?s={search_term_string}"},"query-input":{"@type":"PropertyValueSpecification","valueRequired":true,"valueName":"search_term_string"}}],"inLanguage":"en-US"},{"@type":"Organization","@id":"https:\/\/tajkertesz.com\/#organization","name":"T\u00e1j-Kert\u00e9sz 84 Kft.","url":"https:\/\/tajkertesz.com\/","logo":{"@type":"ImageObject","inLanguage":"en-US","@id":"https:\/\/tajkertesz.com\/#\/schema\/logo\/image\/","url":"https:\/\/tajkertesz.com\/wp-content\/uploads\/2018\/02\/logo-2-e1518678052539.png","contentUrl":"https:\/\/tajkertesz.com\/wp-content\/uploads\/2018\/02\/logo-2-e1518678052539.png","width":81,"height":140,"caption":"T\u00e1j-Kert\u00e9sz 84 Kft."},"image":{"@id":"https:\/\/tajkertesz.com\/#\/schema\/logo\/image\/"},"sameAs":["https:\/\/www.facebook.com\/Tajkertesz\/"]}]}},"_links":{"self":[{"href":"https:\/\/tajkertesz.com\/en_US\/wp-json\/wp\/v2\/product\/26531","targetHints":{"allow":["GET"]}}],"collection":[{"href":"https:\/\/tajkertesz.com\/en_US\/wp-json\/wp\/v2\/product"}],"about":[{"href":"https:\/\/tajkertesz.com\/en_US\/wp-json\/wp\/v2\/types\/product"}],"wp:featuredmedia":[{"embeddable":true,"href":"https:\/\/tajkertesz.com\/en_US\/wp-json\/wp\/v2\/media\/8048"}],"wp:attachment":[{"href":"https:\/\/tajkertesz.com\/en_US\/wp-json\/wp\/v2\/media?parent=26531"}],"wp:term":[{"taxonomy":"product_brand","embeddable":true,"href":"https:\/\/tajkertesz.com\/en_US\/wp-json\/wp\/v2\/product_brand?post=26531"},{"taxonomy":"product_cat","embeddable":true,"href":"https:\/\/tajkertesz.com\/en_US\/wp-json\/wp\/v2\/product_cat?post=26531"},{"taxonomy":"product_tag","embeddable":true,"href":"https:\/\/tajkertesz.com\/en_US\/wp-json\/wp\/v2\/product_tag?post=26531"}],"curies":[{"name":"wp","href":"https:\/\/api.w.org\/{rel}","templated":true}]}}