{"id":2657,"date":"2020-11-11T13:37:28","date_gmt":"2020-11-11T13:37:28","guid":{"rendered":"https:\/\/tajkertesz.com\/?post_type=product&#038;p=2657"},"modified":"2026-02-17T14:40:26","modified_gmt":"2026-02-17T14:40:26","slug":"fiskars-solid-lombsepru-xl-meretu-fejjel","status":"publish","type":"product","link":"https:\/\/tajkertesz.com\/en_US\/product\/fiskars-solid-lombsepru-xl-meretu-fejjel\/","title":{"rendered":"Fiskars Solid lombsepr\u0171 XL m\u00e9ret\u0171 fejjel"},"content":{"rendered":"<div class=\"artdet__name-pagination-wrap d-flex\">\n<h2 class=\"col pl-0 artdet__name line-clamp--3-12\">Fiskars Solid lombsepr\u0171 XL m\u00e9ret\u0171 fejjel<\/h2>\n<p>Fiskars Solid lombsepr\u0171 XL m\u00e9ret\u0171 fejjel<\/p>\n<\/div>\n<div class=\"artdet__name-pagination-wrap d-flex\">\n<div>\n<p style=\"line-height: 18.0pt; background: white; margin: 0cm 0cm 15.0pt 0cm;\">Az extra sz\u00e9les fej (65 cm) lehet\u0151v\u00e9 teszi, hogy gyorsan gerebly\u00e9zz\u00fcnk \u00f6ssze nagy ter\u00fcletet.<br \/>\nA gerebly\u00e9z\u00e9st k\u00f6nny\u00edti az \u00faj, tart\u00f3s alum\u00ednium ny\u00e9l .\u00e9s a merev, \u00edves fogak. Ez ut\u00f3bbiak kialak\u00edt\u00e1sa megakad\u00e1lyozza, hogy a levelek a fogak k\u00f6z\u00e9 akadjanak.<\/p>\n<p>&nbsp;<\/p>\n<p>El\u00e9rhet\u0151 t\u00f6bbf\u00e9le m\u00e9retben \u00e9s \u00e1rban.<\/p>\n<p><strong>K\u00e9szlet\u00fcnk napi szinten v\u00e1ltozik, ez\u00e9rt k\u00e9rj\u00fck, \u00e9rdekl\u0151dj\u00f6n szem\u00e9lyesen, telefonon vagy email-en.<br \/>\nA v\u00e1ltoztat\u00e1s jog\u00e1t fenntartjuk!\u00a0<\/strong><\/p>\n<p>&nbsp;<\/p>\n<p><a href=\"https:\/\/tajkertesz.com\/\">https:\/\/tajkertesz.com\/<\/a><\/p>\n<p><a href=\"https:\/\/www.facebook.com\/tajkertesz\/\">https:\/\/www.facebook.com\/tajkertesz\/<\/a><\/p>\n<p>Kisz\u00e1ll\u00edt\u00e1s: 200cm-ig \u00a0\u00e9s 40 kg-ig a sz\u00e1ll\u00edt\u00e1s fut\u00e1rszolg\u00e1lattal \u00a0t\u00f6rt\u00e9nik.<\/p>\n<p>Szem\u00e9lyes \u00e1tv\u00e9tel nyitvatart\u00e1si id\u0151ben a 17. ker\u00fclet Bakancsos utca 7. sz\u00e1m alatti Kert\u00e9szeti \u00e1rud\u00e1ban.<\/p>\n<\/div>\n<div class=\"artdet__name-pagination-wrap d-flex\">\n<p>&nbsp;<\/p>\n<\/div>\n<div class=\"artdet__name-pagination-wrap d-flex\">\n<div>\n<div>\n<h6 style=\"line-height: 18.0pt; background: white; margin: 0cm 0cm 15.0pt 0cm;\"><span style=\"color: #ffffff;\">Az extra sz\u00e9les fej (65 cm) lehet\u0151v\u00e9 teszi, hogy gyorsan gerebly\u00e9zz\u00fcnk \u00f6ssze nagy ter\u00fcletet.<\/span><br \/>\n<span style=\"color: #ffffff;\">A gerebly\u00e9z\u00e9st k\u00f6nny\u00edti az \u00faj, tart\u00f3s alum\u00ednium ny\u00e9l .\u00e9s a merev, \u00edves fogak. Ez ut\u00f3bbiak kialak\u00edt\u00e1sa megakad\u00e1lyozza, hogy a levelek a fogak k\u00f6z\u00e9 akadjanak.<\/span><\/h6>\n<div class=\"artdet__name-pagination-wrap d-flex\">\n<div>\n<div>\n<h6 style=\"line-height: 18.0pt; background: white; margin: 0cm 0cm 15.0pt 0cm;\"><span style=\"color: #ffffff;\">Az extra sz\u00e9les fej (65 cm) lehet\u0151v\u00e9 teszi, hogy gyorsan gerebly\u00e9zz\u00fcnk \u00f6ssze nagy ter\u00fcletet.<\/span><br \/>\n<span style=\"color: #ffffff;\">A gerebly\u00e9z\u00e9st k\u00f6nny\u00edti az \u00faj, tart\u00f3s alum\u00ednium ny\u00e9l .\u00e9s a merev, \u00edves fogak. Ez ut\u00f3bbiak kialak\u00edt\u00e1sa megakad\u00e1lyozza, hogy a levelek a fogak k\u00f6z\u00e9 akadjanak.<\/span><\/h6>\n<div class=\"artdet__name-pagination-wrap d-flex\">\n<div>\n<div>\n<h6 style=\"line-height: 18.0pt; background: white; margin: 0cm 0cm 15.0pt 0cm;\"><span style=\"color: #ffffff;\">Az extra sz\u00e9les fej (65 cm) lehet\u0151v\u00e9 teszi, hogy gyorsan gerebly\u00e9zz\u00fcnk \u00f6ssze nagy ter\u00fcletet.<\/span><br \/>\n<span style=\"color: #ffffff;\">A gerebly\u00e9z\u00e9st k\u00f6nny\u00edti az \u00faj, tart\u00f3s alum\u00ednium ny\u00e9l .\u00e9s a merev, \u00edves fogak. Ez ut\u00f3bbiak kialak\u00edt\u00e1sa megakad\u00e1lyozza, hogy a levelek a fogak k\u00f6z\u00e9 akadjanak.<\/span><\/h6>\n<\/div>\n<\/div>\n<\/div>\n<\/div>\n<\/div>\n<\/div>\n<\/div>\n<\/div>\n<\/div>\n<\/div>","protected":false},"excerpt":{"rendered":"<h2>Fiskars Solid lombsepr\u0171 XL m\u00e9ret\u0171 fejjel<\/h2>\n<p>A\u00a0 Fiskars Solid lombsepr\u0171 fej XL m\u00e9ret\u0171\u00a0 extra sz\u00e9les fejjel (65 cm) lehet\u0151v\u00e9 teszi, hogy gyorsan gerebly\u00e9zz\u00fcnk \u00f6ssze nagy ter\u00fcletet.<\/p>\n<div class=\"artdet__name-pagination-wrap d-flex\">\n<div>\n<div id=\"bodyContent\" class=\"mw-body-content\">\n<div id=\"mw-content-text\" class=\"mw-content-ltr\" dir=\"ltr\" lang=\"hu\">\n<div id=\"bodyContent\" class=\"mw-body-content\">\n<div id=\"mw-content-text\" class=\"mw-content-ltr\" dir=\"ltr\" lang=\"hu\">\n<p><b>K\u00e9szlet\u00fcnk napi szinten v\u00e1ltozik, ez\u00e9rt k\u00e9rj\u00fck, \u00e9rdekl\u0151dj\u00f6n szem\u00e9lyesen, telefonon vagy email-en.<\/b><\/p>\n<p>Term\u00e9keinket szem\u00e9lyesen is \u00e1tveheti a h\u00e9t minden napj\u00e1n nyitvatart\u00e1si id\u0151ben!<\/p>\n<p>Kisz\u00e1ll\u00edt\u00e1s: 200 cm \u00e9s 40 kg-ig a sz\u00e1ll\u00edt\u00e1s fut\u00e1rszolg\u00e1lattal t\u00f6rt\u00e9nik.<\/p>\n<\/div>\n<\/div>\n<\/div>\n<\/div>\n<p><b>A v\u00e1ltoztat\u00e1s jog\u00e1t fenntartjuk!\u00a0<\/b><\/p>\n<\/div>\n<\/div>","protected":false},"featured_media":2661,"template":"","meta":{"_et_pb_use_builder":"","_et_pb_old_content":"","_et_gb_content_width":""},"product_brand":[],"product_cat":[4637],"product_tag":[941,116,925,934],"class_list":{"0":"post-2657","1":"product","2":"type-product","3":"status-publish","4":"has-post-thumbnail","6":"product_cat-fiskars-aso-kapa-villa-gereblye","7":"product_tag-fej-xl","8":"product_tag-fiskars","9":"product_tag-lombsepru","10":"product_tag-solid","12":"first","13":"instock","14":"shipping-taxable","15":"purchasable","16":"product-type-simple"},"yoast_head":"<!-- This site is optimized with the Yoast SEO plugin v27.5 - https:\/\/yoast.com\/product\/yoast-seo-wordpress\/ -->\n<title>Fiskars Solid lombsepr\u0171 XL m\u00e9ret\u0171 fejjel - T\u00e1jkert\u00e9sz<\/title>\n<meta name=\"description\" content=\"A\u00a0\u00a0Fiskars Solid lombsepr\u0171 fej XL m\u00e9ret\u0171\u00a0 extra sz\u00e9les fejjel (65 cm) lehet\u0151v\u00e9 teszi, hogy gyorsan gerebly\u00e9zz\u00fcnk \u00f6ssze nagy ter\u00fcletet.\" \/>\n<meta name=\"robots\" content=\"index, follow, max-snippet:-1, max-image-preview:large, max-video-preview:-1\" \/>\n<link rel=\"canonical\" href=\"https:\/\/tajkertesz.com\/en_US\/product\/fiskars-solid-lombsepru-xl-meretu-fejjel\/\" \/>\n<meta property=\"og:locale\" content=\"en_US\" \/>\n<meta property=\"og:type\" content=\"article\" \/>\n<meta property=\"og:title\" content=\"https:\/\/www.facebook.com\/tajkertesz\" \/>\n<meta property=\"og:description\" content=\"Az extra sz\u00e9les fej (65 cm) lehet\u0151v\u00e9 teszi, hogy gyorsangerebly\u00e9zz\u00fcnk \u00f6ssze nagy ter\u00fcletetA gerebly\u00e9z\u00e9st k\u00f6nny\u00edti az \u00faj, tart\u00f3s alum\u00ednium ny\u00e9l\u00e9s a merev, \u00edves fogak. Ez ut\u00f3bbiak kialak\u00edt\u00e1samegakad\u00e1lyozza, hogy a levelek a fogak k\u00f6z\u00e9akadjanak\" \/>\n<meta property=\"og:url\" content=\"https:\/\/tajkertesz.com\/en_US\/product\/fiskars-solid-lombsepru-xl-meretu-fejjel\/\" \/>\n<meta property=\"og:site_name\" content=\"T\u00e1jkert\u00e9sz\" \/>\n<meta property=\"article:publisher\" content=\"https:\/\/www.facebook.com\/Tajkertesz\/\" \/>\n<meta property=\"article:modified_time\" content=\"2026-02-17T14:40:26+00:00\" \/>\n<meta property=\"og:image\" content=\"https:\/\/tajkertesz.com\/wp-content\/uploads\/2020\/11\/135090.jpg\" \/>\n\t<meta property=\"og:image:width\" content=\"800\" \/>\n\t<meta property=\"og:image:height\" content=\"535\" \/>\n\t<meta property=\"og:image:type\" content=\"image\/jpeg\" \/>\n<meta name=\"twitter:card\" content=\"summary_large_image\" \/>\n<meta name=\"twitter:label1\" content=\"Est. reading time\" \/>\n\t<meta name=\"twitter:data1\" content=\"2 minutes\" \/>\n<script type=\"application\/ld+json\" class=\"yoast-schema-graph\">{\"@context\":\"https:\\\/\\\/schema.org\",\"@graph\":[{\"@type\":\"WebPage\",\"@id\":\"https:\\\/\\\/tajkertesz.com\\\/termek\\\/fiskars-solid-lombsepru-xl-meretu-fejjel\\\/\",\"url\":\"https:\\\/\\\/tajkertesz.com\\\/termek\\\/fiskars-solid-lombsepru-xl-meretu-fejjel\\\/\",\"name\":\"Fiskars Solid lombsepr\u0171 XL m\u00e9ret\u0171 fejjel - T\u00e1jkert\u00e9sz\",\"isPartOf\":{\"@id\":\"https:\\\/\\\/tajkertesz.com\\\/#website\"},\"primaryImageOfPage\":{\"@id\":\"https:\\\/\\\/tajkertesz.com\\\/termek\\\/fiskars-solid-lombsepru-xl-meretu-fejjel\\\/#primaryimage\"},\"image\":{\"@id\":\"https:\\\/\\\/tajkertesz.com\\\/termek\\\/fiskars-solid-lombsepru-xl-meretu-fejjel\\\/#primaryimage\"},\"thumbnailUrl\":\"https:\\\/\\\/tajkertesz.com\\\/wp-content\\\/uploads\\\/2020\\\/11\\\/fiskars-solid-leaf-rake-size-xl.jpg\",\"datePublished\":\"2020-11-11T13:37:28+00:00\",\"dateModified\":\"2026-02-17T14:40:26+00:00\",\"description\":\"A\u00a0\u00a0Fiskars Solid lombsepr\u0171 fej XL m\u00e9ret\u0171\u00a0 extra sz\u00e9les fejjel (65 cm) lehet\u0151v\u00e9 teszi, hogy gyorsan gerebly\u00e9zz\u00fcnk \u00f6ssze nagy ter\u00fcletet.\",\"breadcrumb\":{\"@id\":\"https:\\\/\\\/tajkertesz.com\\\/termek\\\/fiskars-solid-lombsepru-xl-meretu-fejjel\\\/#breadcrumb\"},\"inLanguage\":\"en-US\",\"potentialAction\":[{\"@type\":\"ReadAction\",\"target\":[\"https:\\\/\\\/tajkertesz.com\\\/termek\\\/fiskars-solid-lombsepru-xl-meretu-fejjel\\\/\"]}]},{\"@type\":\"ImageObject\",\"inLanguage\":\"en-US\",\"@id\":\"https:\\\/\\\/tajkertesz.com\\\/termek\\\/fiskars-solid-lombsepru-xl-meretu-fejjel\\\/#primaryimage\",\"url\":\"https:\\\/\\\/tajkertesz.com\\\/wp-content\\\/uploads\\\/2020\\\/11\\\/fiskars-solid-leaf-rake-size-xl.jpg\",\"contentUrl\":\"https:\\\/\\\/tajkertesz.com\\\/wp-content\\\/uploads\\\/2020\\\/11\\\/fiskars-solid-leaf-rake-size-xl.jpg\",\"width\":640,\"height\":640,\"caption\":\"fiskars\"},{\"@type\":\"BreadcrumbList\",\"@id\":\"https:\\\/\\\/tajkertesz.com\\\/termek\\\/fiskars-solid-lombsepru-xl-meretu-fejjel\\\/#breadcrumb\",\"itemListElement\":[{\"@type\":\"ListItem\",\"position\":1,\"name\":\"Home\",\"item\":\"https:\\\/\\\/tajkertesz.com\\\/\"},{\"@type\":\"ListItem\",\"position\":2,\"name\":\"Kezd\u0151lap\",\"item\":\"https:\\\/\\\/tajkertesz.com\\\/\"},{\"@type\":\"ListItem\",\"position\":3,\"name\":\"Fiskars Solid lombsepr\u0171 XL m\u00e9ret\u0171 fejjel\"}]},{\"@type\":\"WebSite\",\"@id\":\"https:\\\/\\\/tajkertesz.com\\\/#website\",\"url\":\"https:\\\/\\\/tajkertesz.com\\\/\",\"name\":\"T\u00e1j-Kert\u00e9sz 84 Kft.\",\"description\":\"Kert\u00e9szeti kis- \u00e9s nagykeresked\u00e9s, D\u00edszn\u00f6v\u00e9ny web\u00e1ruh\u00e1z orsz\u00e1gos h\u00e1zhozsz\u00e1ll\u00edt\u00e1ssal!\",\"publisher\":{\"@id\":\"https:\\\/\\\/tajkertesz.com\\\/#organization\"},\"potentialAction\":[{\"@type\":\"SearchAction\",\"target\":{\"@type\":\"EntryPoint\",\"urlTemplate\":\"https:\\\/\\\/tajkertesz.com\\\/?s={search_term_string}\"},\"query-input\":{\"@type\":\"PropertyValueSpecification\",\"valueRequired\":true,\"valueName\":\"search_term_string\"}}],\"inLanguage\":\"en-US\"},{\"@type\":\"Organization\",\"@id\":\"https:\\\/\\\/tajkertesz.com\\\/#organization\",\"name\":\"T\u00e1j-Kert\u00e9sz 84 Kft.\",\"url\":\"https:\\\/\\\/tajkertesz.com\\\/\",\"logo\":{\"@type\":\"ImageObject\",\"inLanguage\":\"en-US\",\"@id\":\"https:\\\/\\\/tajkertesz.com\\\/#\\\/schema\\\/logo\\\/image\\\/\",\"url\":\"https:\\\/\\\/tajkertesz.com\\\/wp-content\\\/uploads\\\/2018\\\/02\\\/logo-2-e1518678052539.png\",\"contentUrl\":\"https:\\\/\\\/tajkertesz.com\\\/wp-content\\\/uploads\\\/2018\\\/02\\\/logo-2-e1518678052539.png\",\"width\":81,\"height\":140,\"caption\":\"T\u00e1j-Kert\u00e9sz 84 Kft.\"},\"image\":{\"@id\":\"https:\\\/\\\/tajkertesz.com\\\/#\\\/schema\\\/logo\\\/image\\\/\"},\"sameAs\":[\"https:\\\/\\\/www.facebook.com\\\/Tajkertesz\\\/\"]}]}<\/script>\n<!-- \/ Yoast SEO plugin. -->","yoast_head_json":{"title":"Fiskars Solid lombsepr\u0171 XL m\u00e9ret\u0171 fejjel - T\u00e1jkert\u00e9sz","description":"A\u00a0\u00a0Fiskars Solid lombsepr\u0171 fej XL m\u00e9ret\u0171\u00a0 extra sz\u00e9les fejjel (65 cm) lehet\u0151v\u00e9 teszi, hogy gyorsan gerebly\u00e9zz\u00fcnk \u00f6ssze nagy ter\u00fcletet.","robots":{"index":"index","follow":"follow","max-snippet":"max-snippet:-1","max-image-preview":"max-image-preview:large","max-video-preview":"max-video-preview:-1"},"canonical":"https:\/\/tajkertesz.com\/en_US\/product\/fiskars-solid-lombsepru-xl-meretu-fejjel\/","og_locale":"en_US","og_type":"article","og_title":"https:\/\/www.facebook.com\/tajkertesz","og_description":"Az extra sz\u00e9les fej (65 cm) lehet\u0151v\u00e9 teszi, hogy gyorsangerebly\u00e9zz\u00fcnk \u00f6ssze nagy ter\u00fcletetA gerebly\u00e9z\u00e9st k\u00f6nny\u00edti az \u00faj, tart\u00f3s alum\u00ednium ny\u00e9l\u00e9s a merev, \u00edves fogak. Ez ut\u00f3bbiak kialak\u00edt\u00e1samegakad\u00e1lyozza, hogy a levelek a fogak k\u00f6z\u00e9akadjanak","og_url":"https:\/\/tajkertesz.com\/en_US\/product\/fiskars-solid-lombsepru-xl-meretu-fejjel\/","og_site_name":"T\u00e1jkert\u00e9sz","article_publisher":"https:\/\/www.facebook.com\/Tajkertesz\/","article_modified_time":"2026-02-17T14:40:26+00:00","og_image":[{"width":800,"height":535,"url":"https:\/\/tajkertesz.com\/wp-content\/uploads\/2020\/11\/135090.jpg","type":"image\/jpeg"}],"twitter_card":"summary_large_image","twitter_misc":{"Est. reading time":"2 minutes"},"schema":{"@context":"https:\/\/schema.org","@graph":[{"@type":"WebPage","@id":"https:\/\/tajkertesz.com\/termek\/fiskars-solid-lombsepru-xl-meretu-fejjel\/","url":"https:\/\/tajkertesz.com\/termek\/fiskars-solid-lombsepru-xl-meretu-fejjel\/","name":"Fiskars Solid lombsepr\u0171 XL m\u00e9ret\u0171 fejjel - T\u00e1jkert\u00e9sz","isPartOf":{"@id":"https:\/\/tajkertesz.com\/#website"},"primaryImageOfPage":{"@id":"https:\/\/tajkertesz.com\/termek\/fiskars-solid-lombsepru-xl-meretu-fejjel\/#primaryimage"},"image":{"@id":"https:\/\/tajkertesz.com\/termek\/fiskars-solid-lombsepru-xl-meretu-fejjel\/#primaryimage"},"thumbnailUrl":"https:\/\/tajkertesz.com\/wp-content\/uploads\/2020\/11\/fiskars-solid-leaf-rake-size-xl.jpg","datePublished":"2020-11-11T13:37:28+00:00","dateModified":"2026-02-17T14:40:26+00:00","description":"A\u00a0\u00a0Fiskars Solid lombsepr\u0171 fej XL m\u00e9ret\u0171\u00a0 extra sz\u00e9les fejjel (65 cm) lehet\u0151v\u00e9 teszi, hogy gyorsan gerebly\u00e9zz\u00fcnk \u00f6ssze nagy ter\u00fcletet.","breadcrumb":{"@id":"https:\/\/tajkertesz.com\/termek\/fiskars-solid-lombsepru-xl-meretu-fejjel\/#breadcrumb"},"inLanguage":"en-US","potentialAction":[{"@type":"ReadAction","target":["https:\/\/tajkertesz.com\/termek\/fiskars-solid-lombsepru-xl-meretu-fejjel\/"]}]},{"@type":"ImageObject","inLanguage":"en-US","@id":"https:\/\/tajkertesz.com\/termek\/fiskars-solid-lombsepru-xl-meretu-fejjel\/#primaryimage","url":"https:\/\/tajkertesz.com\/wp-content\/uploads\/2020\/11\/fiskars-solid-leaf-rake-size-xl.jpg","contentUrl":"https:\/\/tajkertesz.com\/wp-content\/uploads\/2020\/11\/fiskars-solid-leaf-rake-size-xl.jpg","width":640,"height":640,"caption":"fiskars"},{"@type":"BreadcrumbList","@id":"https:\/\/tajkertesz.com\/termek\/fiskars-solid-lombsepru-xl-meretu-fejjel\/#breadcrumb","itemListElement":[{"@type":"ListItem","position":1,"name":"Home","item":"https:\/\/tajkertesz.com\/"},{"@type":"ListItem","position":2,"name":"Kezd\u0151lap","item":"https:\/\/tajkertesz.com\/"},{"@type":"ListItem","position":3,"name":"Fiskars Solid lombsepr\u0171 XL m\u00e9ret\u0171 fejjel"}]},{"@type":"WebSite","@id":"https:\/\/tajkertesz.com\/#website","url":"https:\/\/tajkertesz.com\/","name":"T\u00e1j-Kert\u00e9sz 84 Kft.","description":"Kert\u00e9szeti kis- \u00e9s nagykeresked\u00e9s, D\u00edszn\u00f6v\u00e9ny web\u00e1ruh\u00e1z orsz\u00e1gos h\u00e1zhozsz\u00e1ll\u00edt\u00e1ssal!","publisher":{"@id":"https:\/\/tajkertesz.com\/#organization"},"potentialAction":[{"@type":"SearchAction","target":{"@type":"EntryPoint","urlTemplate":"https:\/\/tajkertesz.com\/?s={search_term_string}"},"query-input":{"@type":"PropertyValueSpecification","valueRequired":true,"valueName":"search_term_string"}}],"inLanguage":"en-US"},{"@type":"Organization","@id":"https:\/\/tajkertesz.com\/#organization","name":"T\u00e1j-Kert\u00e9sz 84 Kft.","url":"https:\/\/tajkertesz.com\/","logo":{"@type":"ImageObject","inLanguage":"en-US","@id":"https:\/\/tajkertesz.com\/#\/schema\/logo\/image\/","url":"https:\/\/tajkertesz.com\/wp-content\/uploads\/2018\/02\/logo-2-e1518678052539.png","contentUrl":"https:\/\/tajkertesz.com\/wp-content\/uploads\/2018\/02\/logo-2-e1518678052539.png","width":81,"height":140,"caption":"T\u00e1j-Kert\u00e9sz 84 Kft."},"image":{"@id":"https:\/\/tajkertesz.com\/#\/schema\/logo\/image\/"},"sameAs":["https:\/\/www.facebook.com\/Tajkertesz\/"]}]}},"_links":{"self":[{"href":"https:\/\/tajkertesz.com\/en_US\/wp-json\/wp\/v2\/product\/2657","targetHints":{"allow":["GET"]}}],"collection":[{"href":"https:\/\/tajkertesz.com\/en_US\/wp-json\/wp\/v2\/product"}],"about":[{"href":"https:\/\/tajkertesz.com\/en_US\/wp-json\/wp\/v2\/types\/product"}],"wp:featuredmedia":[{"embeddable":true,"href":"https:\/\/tajkertesz.com\/en_US\/wp-json\/wp\/v2\/media\/2661"}],"wp:attachment":[{"href":"https:\/\/tajkertesz.com\/en_US\/wp-json\/wp\/v2\/media?parent=2657"}],"wp:term":[{"taxonomy":"product_brand","embeddable":true,"href":"https:\/\/tajkertesz.com\/en_US\/wp-json\/wp\/v2\/product_brand?post=2657"},{"taxonomy":"product_cat","embeddable":true,"href":"https:\/\/tajkertesz.com\/en_US\/wp-json\/wp\/v2\/product_cat?post=2657"},{"taxonomy":"product_tag","embeddable":true,"href":"https:\/\/tajkertesz.com\/en_US\/wp-json\/wp\/v2\/product_tag?post=2657"}],"curies":[{"name":"wp","href":"https:\/\/api.w.org\/{rel}","templated":true}]}}