{"id":26614,"date":"2026-03-31T08:02:56","date_gmt":"2026-03-31T08:02:56","guid":{"rendered":"https:\/\/tajkertesz.com\/?post_type=product&#038;p=26614"},"modified":"2026-03-31T08:11:31","modified_gmt":"2026-03-31T08:11:31","slug":"syringa-vulgaris-sensation-orgona-2","status":"publish","type":"product","link":"https:\/\/tajkertesz.com\/en_US\/product\/syringa-vulgaris-sensation-orgona-2\/","title":{"rendered":"Syringa vulgaris &#8216;Sensation&#8217; &#8211; Orgona"},"content":{"rendered":"<h1>Syringa vulgaris &#8216;Sensation&#8217; &#8211; Orgona<\/h1>\n<p data-start=\"400\" data-end=\"653\">A <strong data-start=\"402\" data-end=\"434\">Syringa vulgaris &#8216;Sensation&#8217;<\/strong> egy igaz\u00e1n egyedi megjelen\u00e9s\u0171 orgona fajta, amely k\u00fcl\u00f6nleges, k\u00e9tsz\u00edn\u0171 vir\u00e1gaival azonnal mag\u00e1ra vonja a figyelmet. A m\u00e9lylila szirmokat finom feh\u00e9r szeg\u00e9ly d\u00edsz\u00edti, ami ritka \u00e9s dekorat\u00edv kontrasztot teremt a kertben.<\/p>\n<h2 data-start=\"400\" data-end=\"653\">Syringa vulgaris &#8216;Sensation&#8217; &#8211; Orgona jellemz\u0151i<\/h2>\n<p data-start=\"655\" data-end=\"864\">Vir\u00e1gz\u00e1sa tavasszal, \u00e1prilis\u2013m\u00e1jus h\u00f3napokban t\u00f6rt\u00e9nik, ekkor nemcsak l\u00e1tv\u00e1ny\u00e1val, hanem intenz\u00edv, \u00e9des illat\u00e1val is feldobja a k\u00f6rnyezet\u00e9t. Kiv\u00e1l\u00f3 v\u00e1laszt\u00e1s d\u00edszcserj\u00e9nek, s\u00f6v\u00e9nynek vagy ak\u00e1r szoliterk\u00e9nt is.<\/p>\n<p data-start=\"866\" data-end=\"1005\">Ez az orgona fajta j\u00f3l alkalmazkodik a k\u00fcl\u00f6nb\u00f6z\u0151 k\u00f6rnyezeti felt\u00e9telekhez, \u00e9s megfelel\u0151 gondoz\u00e1s mellett hossz\u00fa \u00e9veken \u00e1t d\u00edsz\u00edti a kertet.<\/p>\n<ul data-start=\"1027\" data-end=\"1244\">\n<li data-section-id=\"x7bkgt\" data-start=\"1027\" data-end=\"1076\">\ud83c\udf38 Vir\u00e1gsz\u00edn: lila, feh\u00e9r szeg\u00e9llyel (k\u00e9tsz\u00edn\u0171)<\/li>\n<li data-section-id=\"8ftnbc\" data-start=\"1077\" data-end=\"1110\">\ud83c\udf3f Vir\u00e1gz\u00e1si id\u0151: \u00e1prilis\u2013m\u00e1jus<\/li>\n<li data-section-id=\"g3i4f9\" data-start=\"1111\" data-end=\"1141\">\ud83d\udccf V\u00e9gs\u0151 magass\u00e1g: 3\u20134 m\u00e9ter<\/li>\n<li data-section-id=\"nxuhsu\" data-start=\"1142\" data-end=\"1185\">\u2600\ufe0f F\u00e9nyig\u00e9ny: napos vagy f\u00e9l\u00e1rny\u00e9kos hely<\/li>\n<li data-section-id=\"voyk6\" data-start=\"1186\" data-end=\"1244\">\ud83c\udf31 Talajig\u00e9ny: j\u00f3 v\u00edz\u00e1tereszt\u0151, t\u00e1panyagban gazdag talaj<\/li>\n<\/ul>\n<h3 data-section-id=\"df0y82\" data-start=\"1246\" data-end=\"1281\">Orgona \u00a0gondoz\u00e1sa<\/h3>\n<p data-start=\"1282\" data-end=\"1487\">Az orgona napos fekv\u00e9sben hozza a legszebb vir\u00e1gokat. \u00dcltet\u00e9skor laz\u00edtsd fel a talajt, \u00e9s biztos\u00edts j\u00f3 v\u00edzelvezet\u00e9st. Metsz\u00e9s\u00e9t vir\u00e1gz\u00e1s ut\u00e1n aj\u00e1nlott elv\u00e9gezni, \u00edgy serkentheted a k\u00f6vetkez\u0151 \u00e9vi vir\u00e1gz\u00e1st.<\/p>\n<p data-start=\"1282\" data-end=\"1487\">\n<h4><strong>\ud83d\udd04 K\u00e9szletinform\u00e1ci\u00f3<\/strong><\/h4>\n<p><strong>K\u00e9szlet\u00fcnk napi szinten v\u00e1ltozik, \u00edgy a webshopban szerepl<\/strong><strong>\u0151<\/strong><strong>\u00a0term\u00e9kek el\u00e9rhet<\/strong><strong>\u0151<\/strong><strong>s\u00e9ge nem garant\u00e1lt.<br \/>\n\ud83d\udcde A megrendel\u00e9s el<\/strong><strong>\u0151<\/strong><strong>tt k\u00e9rj\u00fck, \u00e9rdekl<\/strong><strong>\u0151<\/strong><strong>dj\u00f6n szem\u00e9lyesen, telefonon vagy e-mailben!<\/strong><\/p>\n<h4><strong>\u27a1\ufe0f Kapcsolat:<\/strong><\/h4>\n<ul>\n<li><strong>Weboldal:\u00a0<\/strong><a href=\"https:\/\/tajkertesz.com\/\"><strong>tajkertesz.com<\/strong><\/a><\/li>\n<li><strong>Facebook:\u00a0<\/strong><a href=\"https:\/\/www.facebook.com\/tajkertesz\/\"><strong>facebook.com\/tajkertesz<\/strong><\/a><\/li>\n<li><strong>Telefonsz\u00e1m, e-mail: +36\/20-319-3770\u00a0<\/strong><a href=\"mailto:tajkerteszaruda@gmail.com\"><strong>tajkerteszaruda@gmail.com<\/strong><\/a><\/li>\n<\/ul>\n<h4><strong>\ud83d\ude9a Sz\u00e1ll\u00edt\u00e1si inform\u00e1ci\u00f3k<\/strong><\/h4>\n<p><strong>A megrendelt n\u00f6v\u00e9nyek kisz\u00e1ll\u00edt\u00e1sa az al\u00e1bbi felt\u00e9telek mellett t\u00f6rt\u00e9nik:<\/strong><\/p>\n<h4><strong>\ud83d\udce6 Fut\u00e1rszolg\u00e1latos sz\u00e1ll\u00edt\u00e1s<\/strong><\/h4>\n<ul>\n<li><strong>Maxim\u00e1lis m\u00e9ret: 200 cm (hossz\u00fas\u00e1g)<\/strong><\/li>\n<li><strong>Maxim\u00e1lis s\u00faly: 40 kg<\/strong><\/li>\n<li><strong>Az enn\u00e9l kisebb \u00e9s k\u00f6nnyebb csomagokat fut\u00e1rszolg\u00e1lattal k\u00e9zbes\u00edtj\u00fck a lehet<\/strong><strong>\u0151<\/strong><strong>\u00a0legbiztons\u00e1gosabb csomagol\u00e1sban.<\/strong><\/li>\n<\/ul>\n<h4><strong>\ud83d\udefb Szem\u00e9lyes \u00e1tv\u00e9tel<\/strong><\/h4>\n<ul>\n<li><strong>1173 Budapest, Bakancsos utca 7. sz\u00e1m alatt nyitvatart\u00e1si id<\/strong><strong>\u0151<\/strong><strong>ben szem\u00e9lyesen \u00e1tvehet<\/strong><strong>\u0151<\/strong><strong>\u00a0kert\u00e9szeti \u00e1rud\u00e1nkban.<\/strong><\/li>\n<li><strong>K\u00f6lts\u00e9ghat\u00e9kony megold\u00e1s nagyobb, t\u00f6r\u00e9kenyebb vagy t\u00falm\u00e9retes n\u00f6v\u00e9nyek eset\u00e9n.<\/strong><\/li>\n<\/ul>\n<h4><strong>\ud83d\udcde Nagy m\u00e9ret<\/strong><strong>\u0171<\/strong><strong>\u00a0vagy s\u00faly\u00fa n\u00f6v\u00e9nyek eset\u00e9n<\/strong><\/h4>\n<p><strong>Ha a term\u00e9k:<\/strong><\/p>\n<ul>\n<li><strong>meghaladja a 200 cm hossz\u00fas\u00e1got vagy<\/strong><\/li>\n<li><strong>meghaladja a 40 kg s\u00falyt,<\/strong><\/li>\n<\/ul>\n<p><strong>akkor szem\u00e9lyes \u00e1tv\u00e9tellel vagy egyedi, el<\/strong><strong>\u0151<\/strong><strong>re egyeztetett sz\u00e1ll\u00edt\u00e1si felt\u00e9telek mellett t\u00f6rt\u00e9nik.<br \/>\nK\u00e9rj\u00fck, ilyen esetben rendel\u00e9s el<\/strong><strong>\u0151<\/strong><strong>tt vegye fel vel\u00fcnk a kapcsolatot, hogy a lehet<\/strong><strong>\u0151<\/strong><strong>\u00a0legmegfelel<\/strong><strong>\u0151<\/strong><strong>bb sz\u00e1ll\u00edt\u00e1si megold\u00e1st k\u00edn\u00e1lhassuk.<\/strong><\/p>\n<p><strong>\ud83d\udd14 Fontos: A n\u00f6v\u00e9nyeket minden esetben igyeksz\u00fcnk gondosan, egyes\u00e9vel csomagolni, azonban a sz\u00e1ll\u00edt\u00e1s sor\u00e1n kisebb eszt\u00e9tikai s\u00e9r\u00fcl\u00e9sek el<\/strong><strong>\u0151<\/strong><strong>fordulhatnak (pl. lev\u00e9lhull\u00e1s). Ez nem min<\/strong><strong>\u0151<\/strong><strong>s\u00fcl hib\u00e1s teljes\u00edt\u00e9snek.<\/strong><\/p>\n<h4><strong>\ud83d\udcf7 Fontos tudni a k\u00e9pekr<\/strong><strong>\u0151<\/strong><strong>l<\/strong><\/h4>\n<p><strong>A webshopban szerepl<\/strong><strong>\u0151<\/strong><strong>\u00a0k\u00e9pek illusztr\u00e1ci\u00f3k, a n\u00f6v\u00e9nyek term\u00e9szet\u00fckn\u00e9l fogva egyediek, \u00edgy m\u00e9retben, alakban \u00e9s sz\u00ednben minim\u00e1lis elt\u00e9r\u00e9sek el<\/strong><strong>\u0151<\/strong><strong>fordulhatnak a k\u00e9pen l\u00e1that\u00f3 \u00e9s a val\u00f3s p\u00e9ld\u00e1nyok k\u00f6z\u00f6tt.<\/strong><\/p>\n<h4><strong>\ud83e\uddfe \u00c1rak \u00e9s el\u00e1ll\u00e1si jog<\/strong><\/h4>\n<ul>\n<li><strong>Az \u00e1rak egy darab\u00a0n\u00f6v\u00e9nyre vonatkoznak.<\/strong><\/li>\n<li><strong>\u00c9l<\/strong><strong>\u0151<\/strong><strong>\u00a0n\u00f6v\u00e9nyek rendel\u00e9se eset\u00e9n a 14 napos el\u00e1ll\u00e1s joga nem \u00e9rv\u00e9nyes\u00edthet<\/strong><strong>\u0151<\/strong><strong>, mivel azok romland\u00f3, biol\u00f3giailag \u00e9l<\/strong><strong>\u0151<\/strong><strong>\u00a0term\u00e9keknek min<\/strong><strong>\u0151<\/strong><strong>s\u00fclnek.<br \/>\n\ud83d\udd12 (17\/1999. (II. 5.) Korm. rendelet 5. \u00a7 c) pontja alapj\u00e1n)<\/strong><\/li>\n<\/ul>\n<h4><strong>\ud83d\udce6 K\u00e9zbes\u00edt\u00e9s ut\u00e1ni teend<\/strong><strong>\u0151<\/strong><strong>k<\/strong><\/h4>\n<p><strong>A k\u00e9zbes\u00edt\u00e9st k\u00f6vet<\/strong><strong>\u0151<\/strong><strong>en a csomagot azonnal bontsuk ki, \u00e9s a n\u00f6v\u00e9nyt helyezz\u00fck el megfelel<\/strong><strong>\u0151<\/strong><strong>\u00a0k\u00f6rnyezetben.<br \/>\nFontos: ha a n\u00f6v\u00e9ny nem r\u00e9szes\u00fcl megfelel<\/strong><strong>\u0151<\/strong><strong>\u00a0gondoz\u00e1sban \u00e9s ennek k\u00f6vetkezt\u00e9ben k\u00e1rosodik vagy elpusztul, felel<\/strong><strong>\u0151<\/strong><strong>ss\u00e9get nem tudunk v\u00e1llalni.<\/strong><\/p>\n<p><strong>\u00a0<\/strong><\/p>","protected":false},"excerpt":{"rendered":"<p data-start=\"211\" data-end=\"347\">K\u00fcl\u00f6nleges, k\u00e9tsz\u00edn\u0171 vir\u00e1g\u00fa orgona fajta, mely lila szirmait feh\u00e9r szeg\u00e9ly d\u00edsz\u00edti. Illatos, l\u00e1tv\u00e1nyos d\u00edszcserje kertekbe \u00e9s s\u00f6v\u00e9nynek.<\/p>\n<p data-start=\"211\" data-end=\"347\">M\u00e9rete: 30\/40 cm magas, 2 literes kont\u00e9nerben.<\/p>","protected":false},"featured_media":3541,"template":"","meta":{"_et_pb_use_builder":"","_et_pb_old_content":"","_et_gb_content_width":""},"product_brand":[],"product_cat":[27,28],"product_tag":[3761,5849,7456,6394,8206,6348,5875,180,8205,763,396,398,5890],"class_list":{"0":"post-26614","1":"product","2":"type-product","3":"status-publish","4":"has-post-thumbnail","6":"product_cat-cserjek","7":"product_cat-diszfak","8":"product_tag-biborlila-viragu","9":"product_tag-diszcserje","10":"product_tag-illatos-noveny","11":"product_tag-kerti-noveny","12":"product_tag-ketszinu-orgona","13":"product_tag-lila-feher-virag","14":"product_tag-lombhullato-cserje","15":"product_tag-orgona","16":"product_tag-sensation-orgona","17":"product_tag-sovenynoveny","18":"product_tag-syringa-vulgaris","19":"product_tag-szimpla-biborlila","20":"product_tag-tavaszi-viragzas","22":"first","23":"instock","24":"shipping-taxable","25":"purchasable","26":"product-type-simple"},"yoast_head":"<!-- This site is optimized with the Yoast SEO plugin v27.6 - https:\/\/yoast.com\/product\/yoast-seo-wordpress\/ -->\n<title>Syringa vulgaris &#039;Sensation&#039; - Orgona - T\u00e1jkert\u00e9sz<\/title>\n<meta name=\"description\" content=\"Syringa vulgaris &#039;Sensation&#039; - Orgona k\u00e9tsz\u00edn\u0171 orgona v\u00e1s\u00e1rl\u00e1sa. Lila-feh\u00e9r vir\u00e1g\u00fa, illatos d\u00edszcserje kertekbe, s\u00f6v\u00e9nynek vagy szoliterk\u00e9nt.\" \/>\n<meta name=\"robots\" content=\"index, follow, max-snippet:-1, max-image-preview:large, max-video-preview:-1\" \/>\n<link rel=\"canonical\" href=\"https:\/\/tajkertesz.com\/en_US\/product\/syringa-vulgaris-sensation-orgona-2\/\" \/>\n<meta property=\"og:locale\" content=\"en_US\" \/>\n<meta property=\"og:type\" content=\"article\" \/>\n<meta property=\"og:title\" content=\"Syringa vulgaris &#039;Sensation&#039; - Orgona - T\u00e1jkert\u00e9sz\" \/>\n<meta property=\"og:description\" content=\"Syringa vulgaris &#039;Sensation&#039; - Orgona k\u00e9tsz\u00edn\u0171 orgona v\u00e1s\u00e1rl\u00e1sa. Lila-feh\u00e9r vir\u00e1g\u00fa, illatos d\u00edszcserje kertekbe, s\u00f6v\u00e9nynek vagy szoliterk\u00e9nt.\" \/>\n<meta property=\"og:url\" content=\"https:\/\/tajkertesz.com\/en_US\/product\/syringa-vulgaris-sensation-orgona-2\/\" \/>\n<meta property=\"og:site_name\" content=\"T\u00e1jkert\u00e9sz\" \/>\n<meta property=\"article:publisher\" content=\"https:\/\/www.facebook.com\/Tajkertesz\/\" \/>\n<meta property=\"article:modified_time\" content=\"2026-03-31T08:11:31+00:00\" \/>\n<meta property=\"og:image\" content=\"https:\/\/tajkertesz.com\/wp-content\/uploads\/2021\/04\/IMG_20210423_075948-cut-adjust-contrast_di2sifwe_1-644x1024.png\" \/>\n\t<meta property=\"og:image:width\" content=\"644\" \/>\n\t<meta property=\"og:image:height\" content=\"1024\" \/>\n\t<meta property=\"og:image:type\" content=\"image\/png\" \/>\n<meta name=\"twitter:card\" content=\"summary_large_image\" \/>\n<meta name=\"twitter:label1\" content=\"Est. reading time\" \/>\n\t<meta name=\"twitter:data1\" content=\"3 minutes\" \/>\n<script type=\"application\/ld+json\" class=\"yoast-schema-graph\">{\"@context\":\"https:\\\/\\\/schema.org\",\"@graph\":[{\"@type\":\"WebPage\",\"@id\":\"https:\\\/\\\/tajkertesz.com\\\/termek\\\/syringa-vulgaris-sensation-orgona-2\\\/\",\"url\":\"https:\\\/\\\/tajkertesz.com\\\/termek\\\/syringa-vulgaris-sensation-orgona-2\\\/\",\"name\":\"Syringa vulgaris 'Sensation' - Orgona - T\u00e1jkert\u00e9sz\",\"isPartOf\":{\"@id\":\"https:\\\/\\\/tajkertesz.com\\\/#website\"},\"primaryImageOfPage\":{\"@id\":\"https:\\\/\\\/tajkertesz.com\\\/termek\\\/syringa-vulgaris-sensation-orgona-2\\\/#primaryimage\"},\"image\":{\"@id\":\"https:\\\/\\\/tajkertesz.com\\\/termek\\\/syringa-vulgaris-sensation-orgona-2\\\/#primaryimage\"},\"thumbnailUrl\":\"https:\\\/\\\/tajkertesz.com\\\/wp-content\\\/uploads\\\/2021\\\/04\\\/IMG_20210423_075948-cut-adjust-contrast_di2sifwe_1.png\",\"datePublished\":\"2026-03-31T08:02:56+00:00\",\"dateModified\":\"2026-03-31T08:11:31+00:00\",\"description\":\"Syringa vulgaris 'Sensation' - Orgona k\u00e9tsz\u00edn\u0171 orgona v\u00e1s\u00e1rl\u00e1sa. Lila-feh\u00e9r vir\u00e1g\u00fa, illatos d\u00edszcserje kertekbe, s\u00f6v\u00e9nynek vagy szoliterk\u00e9nt.\",\"breadcrumb\":{\"@id\":\"https:\\\/\\\/tajkertesz.com\\\/termek\\\/syringa-vulgaris-sensation-orgona-2\\\/#breadcrumb\"},\"inLanguage\":\"en-US\",\"potentialAction\":[{\"@type\":\"ReadAction\",\"target\":[\"https:\\\/\\\/tajkertesz.com\\\/termek\\\/syringa-vulgaris-sensation-orgona-2\\\/\"]}]},{\"@type\":\"ImageObject\",\"inLanguage\":\"en-US\",\"@id\":\"https:\\\/\\\/tajkertesz.com\\\/termek\\\/syringa-vulgaris-sensation-orgona-2\\\/#primaryimage\",\"url\":\"https:\\\/\\\/tajkertesz.com\\\/wp-content\\\/uploads\\\/2021\\\/04\\\/IMG_20210423_075948-cut-adjust-contrast_di2sifwe_1.png\",\"contentUrl\":\"https:\\\/\\\/tajkertesz.com\\\/wp-content\\\/uploads\\\/2021\\\/04\\\/IMG_20210423_075948-cut-adjust-contrast_di2sifwe_1.png\",\"width\":2016,\"height\":3204,\"caption\":\"Syringa vulgaris 'Sensation' - Orgona\"},{\"@type\":\"BreadcrumbList\",\"@id\":\"https:\\\/\\\/tajkertesz.com\\\/termek\\\/syringa-vulgaris-sensation-orgona-2\\\/#breadcrumb\",\"itemListElement\":[{\"@type\":\"ListItem\",\"position\":1,\"name\":\"Home\",\"item\":\"https:\\\/\\\/tajkertesz.com\\\/\"},{\"@type\":\"ListItem\",\"position\":2,\"name\":\"Kezd\u0151lap\",\"item\":\"https:\\\/\\\/tajkertesz.com\\\/\"},{\"@type\":\"ListItem\",\"position\":3,\"name\":\"Syringa vulgaris &#8216;Sensation&#8217; &#8211; Orgona\"}]},{\"@type\":\"WebSite\",\"@id\":\"https:\\\/\\\/tajkertesz.com\\\/#website\",\"url\":\"https:\\\/\\\/tajkertesz.com\\\/\",\"name\":\"T\u00e1j-Kert\u00e9sz 84 Kft.\",\"description\":\"Kert\u00e9szeti kis- \u00e9s nagykeresked\u00e9s, D\u00edszn\u00f6v\u00e9ny web\u00e1ruh\u00e1z orsz\u00e1gos h\u00e1zhozsz\u00e1ll\u00edt\u00e1ssal!\",\"publisher\":{\"@id\":\"https:\\\/\\\/tajkertesz.com\\\/#organization\"},\"potentialAction\":[{\"@type\":\"SearchAction\",\"target\":{\"@type\":\"EntryPoint\",\"urlTemplate\":\"https:\\\/\\\/tajkertesz.com\\\/?s={search_term_string}\"},\"query-input\":{\"@type\":\"PropertyValueSpecification\",\"valueRequired\":true,\"valueName\":\"search_term_string\"}}],\"inLanguage\":\"en-US\"},{\"@type\":\"Organization\",\"@id\":\"https:\\\/\\\/tajkertesz.com\\\/#organization\",\"name\":\"T\u00e1j-Kert\u00e9sz 84 Kft.\",\"url\":\"https:\\\/\\\/tajkertesz.com\\\/\",\"logo\":{\"@type\":\"ImageObject\",\"inLanguage\":\"en-US\",\"@id\":\"https:\\\/\\\/tajkertesz.com\\\/#\\\/schema\\\/logo\\\/image\\\/\",\"url\":\"https:\\\/\\\/tajkertesz.com\\\/wp-content\\\/uploads\\\/2018\\\/02\\\/logo-2-e1518678052539.png\",\"contentUrl\":\"https:\\\/\\\/tajkertesz.com\\\/wp-content\\\/uploads\\\/2018\\\/02\\\/logo-2-e1518678052539.png\",\"width\":81,\"height\":140,\"caption\":\"T\u00e1j-Kert\u00e9sz 84 Kft.\"},\"image\":{\"@id\":\"https:\\\/\\\/tajkertesz.com\\\/#\\\/schema\\\/logo\\\/image\\\/\"},\"sameAs\":[\"https:\\\/\\\/www.facebook.com\\\/Tajkertesz\\\/\"]}]}<\/script>\n<!-- \/ Yoast SEO plugin. -->","yoast_head_json":{"title":"Syringa vulgaris 'Sensation' - Orgona - T\u00e1jkert\u00e9sz","description":"Syringa vulgaris 'Sensation' - Orgona k\u00e9tsz\u00edn\u0171 orgona v\u00e1s\u00e1rl\u00e1sa. Lila-feh\u00e9r vir\u00e1g\u00fa, illatos d\u00edszcserje kertekbe, s\u00f6v\u00e9nynek vagy szoliterk\u00e9nt.","robots":{"index":"index","follow":"follow","max-snippet":"max-snippet:-1","max-image-preview":"max-image-preview:large","max-video-preview":"max-video-preview:-1"},"canonical":"https:\/\/tajkertesz.com\/en_US\/product\/syringa-vulgaris-sensation-orgona-2\/","og_locale":"en_US","og_type":"article","og_title":"Syringa vulgaris 'Sensation' - Orgona - T\u00e1jkert\u00e9sz","og_description":"Syringa vulgaris 'Sensation' - Orgona k\u00e9tsz\u00edn\u0171 orgona v\u00e1s\u00e1rl\u00e1sa. Lila-feh\u00e9r vir\u00e1g\u00fa, illatos d\u00edszcserje kertekbe, s\u00f6v\u00e9nynek vagy szoliterk\u00e9nt.","og_url":"https:\/\/tajkertesz.com\/en_US\/product\/syringa-vulgaris-sensation-orgona-2\/","og_site_name":"T\u00e1jkert\u00e9sz","article_publisher":"https:\/\/www.facebook.com\/Tajkertesz\/","article_modified_time":"2026-03-31T08:11:31+00:00","og_image":[{"width":644,"height":1024,"url":"https:\/\/tajkertesz.com\/wp-content\/uploads\/2021\/04\/IMG_20210423_075948-cut-adjust-contrast_di2sifwe_1-644x1024.png","type":"image\/png"}],"twitter_card":"summary_large_image","twitter_misc":{"Est. reading time":"3 minutes"},"schema":{"@context":"https:\/\/schema.org","@graph":[{"@type":"WebPage","@id":"https:\/\/tajkertesz.com\/termek\/syringa-vulgaris-sensation-orgona-2\/","url":"https:\/\/tajkertesz.com\/termek\/syringa-vulgaris-sensation-orgona-2\/","name":"Syringa vulgaris 'Sensation' - Orgona - T\u00e1jkert\u00e9sz","isPartOf":{"@id":"https:\/\/tajkertesz.com\/#website"},"primaryImageOfPage":{"@id":"https:\/\/tajkertesz.com\/termek\/syringa-vulgaris-sensation-orgona-2\/#primaryimage"},"image":{"@id":"https:\/\/tajkertesz.com\/termek\/syringa-vulgaris-sensation-orgona-2\/#primaryimage"},"thumbnailUrl":"https:\/\/tajkertesz.com\/wp-content\/uploads\/2021\/04\/IMG_20210423_075948-cut-adjust-contrast_di2sifwe_1.png","datePublished":"2026-03-31T08:02:56+00:00","dateModified":"2026-03-31T08:11:31+00:00","description":"Syringa vulgaris 'Sensation' - Orgona k\u00e9tsz\u00edn\u0171 orgona v\u00e1s\u00e1rl\u00e1sa. Lila-feh\u00e9r vir\u00e1g\u00fa, illatos d\u00edszcserje kertekbe, s\u00f6v\u00e9nynek vagy szoliterk\u00e9nt.","breadcrumb":{"@id":"https:\/\/tajkertesz.com\/termek\/syringa-vulgaris-sensation-orgona-2\/#breadcrumb"},"inLanguage":"en-US","potentialAction":[{"@type":"ReadAction","target":["https:\/\/tajkertesz.com\/termek\/syringa-vulgaris-sensation-orgona-2\/"]}]},{"@type":"ImageObject","inLanguage":"en-US","@id":"https:\/\/tajkertesz.com\/termek\/syringa-vulgaris-sensation-orgona-2\/#primaryimage","url":"https:\/\/tajkertesz.com\/wp-content\/uploads\/2021\/04\/IMG_20210423_075948-cut-adjust-contrast_di2sifwe_1.png","contentUrl":"https:\/\/tajkertesz.com\/wp-content\/uploads\/2021\/04\/IMG_20210423_075948-cut-adjust-contrast_di2sifwe_1.png","width":2016,"height":3204,"caption":"Syringa vulgaris 'Sensation' - Orgona"},{"@type":"BreadcrumbList","@id":"https:\/\/tajkertesz.com\/termek\/syringa-vulgaris-sensation-orgona-2\/#breadcrumb","itemListElement":[{"@type":"ListItem","position":1,"name":"Home","item":"https:\/\/tajkertesz.com\/"},{"@type":"ListItem","position":2,"name":"Kezd\u0151lap","item":"https:\/\/tajkertesz.com\/"},{"@type":"ListItem","position":3,"name":"Syringa vulgaris &#8216;Sensation&#8217; &#8211; Orgona"}]},{"@type":"WebSite","@id":"https:\/\/tajkertesz.com\/#website","url":"https:\/\/tajkertesz.com\/","name":"T\u00e1j-Kert\u00e9sz 84 Kft.","description":"Kert\u00e9szeti kis- \u00e9s nagykeresked\u00e9s, D\u00edszn\u00f6v\u00e9ny web\u00e1ruh\u00e1z orsz\u00e1gos h\u00e1zhozsz\u00e1ll\u00edt\u00e1ssal!","publisher":{"@id":"https:\/\/tajkertesz.com\/#organization"},"potentialAction":[{"@type":"SearchAction","target":{"@type":"EntryPoint","urlTemplate":"https:\/\/tajkertesz.com\/?s={search_term_string}"},"query-input":{"@type":"PropertyValueSpecification","valueRequired":true,"valueName":"search_term_string"}}],"inLanguage":"en-US"},{"@type":"Organization","@id":"https:\/\/tajkertesz.com\/#organization","name":"T\u00e1j-Kert\u00e9sz 84 Kft.","url":"https:\/\/tajkertesz.com\/","logo":{"@type":"ImageObject","inLanguage":"en-US","@id":"https:\/\/tajkertesz.com\/#\/schema\/logo\/image\/","url":"https:\/\/tajkertesz.com\/wp-content\/uploads\/2018\/02\/logo-2-e1518678052539.png","contentUrl":"https:\/\/tajkertesz.com\/wp-content\/uploads\/2018\/02\/logo-2-e1518678052539.png","width":81,"height":140,"caption":"T\u00e1j-Kert\u00e9sz 84 Kft."},"image":{"@id":"https:\/\/tajkertesz.com\/#\/schema\/logo\/image\/"},"sameAs":["https:\/\/www.facebook.com\/Tajkertesz\/"]}]}},"_links":{"self":[{"href":"https:\/\/tajkertesz.com\/en_US\/wp-json\/wp\/v2\/product\/26614","targetHints":{"allow":["GET"]}}],"collection":[{"href":"https:\/\/tajkertesz.com\/en_US\/wp-json\/wp\/v2\/product"}],"about":[{"href":"https:\/\/tajkertesz.com\/en_US\/wp-json\/wp\/v2\/types\/product"}],"wp:featuredmedia":[{"embeddable":true,"href":"https:\/\/tajkertesz.com\/en_US\/wp-json\/wp\/v2\/media\/3541"}],"wp:attachment":[{"href":"https:\/\/tajkertesz.com\/en_US\/wp-json\/wp\/v2\/media?parent=26614"}],"wp:term":[{"taxonomy":"product_brand","embeddable":true,"href":"https:\/\/tajkertesz.com\/en_US\/wp-json\/wp\/v2\/product_brand?post=26614"},{"taxonomy":"product_cat","embeddable":true,"href":"https:\/\/tajkertesz.com\/en_US\/wp-json\/wp\/v2\/product_cat?post=26614"},{"taxonomy":"product_tag","embeddable":true,"href":"https:\/\/tajkertesz.com\/en_US\/wp-json\/wp\/v2\/product_tag?post=26614"}],"curies":[{"name":"wp","href":"https:\/\/api.w.org\/{rel}","templated":true}]}}