{"id":2663,"date":"2020-11-11T14:13:23","date_gmt":"2020-11-11T14:13:23","guid":{"rendered":"https:\/\/tajkertesz.com\/?post_type=product&#038;p=2663"},"modified":"2026-02-17T14:40:19","modified_gmt":"2026-02-17T14:40:19","slug":"fiskars-solid-lombsepru-nyel","status":"publish","type":"product","link":"https:\/\/tajkertesz.com\/en_US\/product\/fiskars-solid-lombsepru-nyel\/","title":{"rendered":"Fiskars Solid lombsepr\u0171 ny\u00e9l"},"content":{"rendered":"<h2>Fiskars Solid lombsepr\u0171 ny\u00e9l<\/h2>\n<p>A Fiskars Solid lombsepr\u0171 ny\u00e9l\u00a0\u00a0a\u00a0Solid term\u00e9kcsal\u00e1dba tartozik, \u00edgy az \u00f6sszes Solid csal\u00e1dba tartoz\u00f3 kerti szersz\u00e1m fej hozz\u00e1 csatolhat\u00f3 a\u00a0ny\u00e9lhez.<br \/>\nAz edzett\u00a0<span style=\"color: #333333;\">alum\u00ednium\u00a0ny\u00e9l\u00a0pu<\/span>ha markolattal van ell\u00e1tva, ezzel is hat\u00e1sosabb\u00e1 teszi a munkav\u00e9gz\u00e9st az \u00d6n sz\u00e1m\u00e1ra.<br \/>\nTov\u00e1bbi el\u0151ny\u00f6s tulajdons\u00e1gai, hogy a z\u00e1rszerkezet r\u00f6gt\u00f6n z\u00e1r, \u00edgy azonnal k\u00e9sz a haszn\u00e1latra.<br \/>\n<span style=\"color: #333333;\">A\u00a0Fiskars Solid\u00a0ny\u00e9l\u00a0tart\u00f3s es<\/span>zk\u00f6z, \u00edgy id\u0151t\u00e1ll\u00f3 lesz az \u00d6n r\u00e9sz\u00e9re is.<\/p>\n<p style=\"line-height: 18.0pt; background: white; margin: 0cm 0cm 15.0pt 0cm;\"><span style=\"font-family: 'Ubuntu',serif; color: black;\">El\u00e9rhet\u0151 t\u00f6bbf\u00e9le m\u00e9retben \u00e9s \u00e1rban.<\/span><\/p>\n<p style=\"line-height: 18.0pt; background: white; margin: 0cm 0cm 15.0pt 0cm;\"><b><span style=\"font-family: 'Ubuntu',serif; color: black;\">K\u00e9szlet\u00fcnk napi szinten v\u00e1ltozik, ez\u00e9rt k\u00e9rj\u00fck, \u00e9rdekl\u0151dj\u00f6n szem\u00e9lyesen, telefonon vagy email-en.<br \/>\nA v\u00e1ltoztat\u00e1s jog\u00e1t fenntartjuk!\u00a0<\/span><\/b><\/p>\n<p><a href=\"https:\/\/tajkertesz.com\/\">https:\/\/tajkertesz.com\/<\/a><\/p>\n<p><a href=\"https:\/\/www.fiskars.com\/en-gb\">https:\/\/www.fiskars.com\/en-gb<\/a><\/p>\n<p>K\u00f6nny\u0171 \u00e9s tart\u00f3s alum\u00ednium kialak\u00edt\u00e1s<\/p>\n<p>Hossza ide\u00e1lis nagyobb ter\u00fcletek megmunk\u00e1l\u00e1s\u00e1hoz is.<\/p>\n<p>A Fiskars Solid lombsepr\u0171ny\u00e9l ide\u00e1lis kerti kieg\u00e9sz\u00edt\u0151, minden kertes h\u00e1z n\u00e9lk\u00fcl\u00f6zhetetlen eszk\u00f6ze.<\/p>\n<p>Az alum\u00ednium kialak\u00edt\u00e1s k\u00f6nny\u0171 de ellen\u00e1ll\u00f3 tart\u00e1st biztos\u00edt a ny\u00e9lhez kompatibilis eszk\u00f6zfejekhez.<\/p>\n<p>K\u00f6nny\u0171 \u00e9s tart\u00f3s alum\u00ednium kialak\u00edt\u00e1s<\/p>\n<p>Kompatibilis a k\u00f6vetkez\u0151 Solid\u2122 kieg\u00e9sz\u00edt\u0151 fejekhez: 135024, 135014 \u00e9s 135064<\/p>\n<p>Cser\u00e9lhet\u0151 alkatr\u00e9sz nyele lehet a 135016, 135026, 135066 lombsepr\u0171kh\u00f6z, gerebly\u00e9khez<\/p>\n<p>A Fiskars Solid lombsepr\u0171 ny\u00e9l\u00a0\u00a0a\u00a0Solid term\u00e9kcsal\u00e1dba tartozik, \u00edgy az \u00f6sszes Solid csal\u00e1dba tartoz\u00f3 kerti szersz\u00e1m fej hozz\u00e1 csatolhat\u00f3 a\u00a0ny\u00e9lhez.<br \/>\nAz edzett\u00a0<span style=\"color: #333333;\">alum\u00ednium\u00a0ny\u00e9l\u00a0pu<\/span>ha markolattal van ell\u00e1tva, ezzel is hat\u00e1sosabb\u00e1 teszi a munkav\u00e9gz\u00e9st az \u00d6n sz\u00e1m\u00e1ra.<br \/>\nTov\u00e1bbi el\u0151ny\u00f6s tulajdons\u00e1gai, hogy a z\u00e1rszerkezet r\u00f6gt\u00f6n z\u00e1r, \u00edgy azonnal k\u00e9sz a haszn\u00e1latra.<br \/>\n<span style=\"color: #333333;\">A\u00a0Fiskars Solid\u00a0ny\u00e9l\u00a0tart\u00f3s es<\/span>zk\u00f6z, \u00edgy id\u0151t\u00e1ll\u00f3 lesz az \u00d6n r\u00e9sz\u00e9re is.<\/p>\n<p style=\"line-height: 18.0pt; background: white; margin: 0cm 0cm 15.0pt 0cm;\"><span style=\"font-family: 'Ubuntu',serif; color: black;\">El\u00e9rhet\u0151 t\u00f6bbf\u00e9le m\u00e9retben \u00e9s \u00e1rban.<\/span><\/p>\n<p style=\"line-height: 18.0pt; background: white; margin: 0cm 0cm 15.0pt 0cm;\"><b><span style=\"font-family: 'Ubuntu',serif; color: black;\">K\u00e9szlet\u00fcnk napi szinten v\u00e1ltozik, ez\u00e9rt k\u00e9rj\u00fck, \u00e9rdekl\u0151dj\u00f6n szem\u00e9lyesen, telefonon vagy email-en.<br \/>\nA v\u00e1ltoztat\u00e1s jog\u00e1t fenntartjuk!\u00a0<\/span><\/b><\/p>\n<p>&nbsp;<\/p>\n<p>&nbsp;<\/p>","protected":false},"excerpt":{"rendered":"<h2>Fiskars Solid lombsepr\u0171 ny\u00e9l<\/h2>\n<p>A Fiskars Solid lombsepr\u0171 ny\u00e9l\u00a0\u00a0a\u00a0Solid term\u00e9kcsal\u00e1dba tartozik, \u00edgy az \u00f6sszes Solid csal\u00e1dba tartoz\u00f3 kerti szersz\u00e1m fej hozz\u00e1 csatolhat\u00f3 a\u00a0ny\u00e9lhez.<br \/>\nAz edzett\u00a0<span style=\"color: #333333;\">alum\u00ednium\u00a0ny\u00e9l\u00a0pu<\/span>ha markolattal van ell\u00e1tva, ezzel is hat\u00e1sosabb\u00e1 teszi a munkav\u00e9gz\u00e9st az \u00d6n sz\u00e1m\u00e1ra.<br \/>\nTov\u00e1bbi el\u0151ny\u00f6s tulajdons\u00e1gai, hogy a z\u00e1rszerkezet r\u00f6gt\u00f6n z\u00e1r, \u00edgy azonnal k\u00e9sz a haszn\u00e1latra.<br \/>\n<span style=\"color: #333333;\">A\u00a0Fiskars Solid\u00a0ny\u00e9l\u00a0tart\u00f3s es<\/span>zk\u00f6z, \u00edgy id\u0151t\u00e1ll\u00f3 lesz az \u00d6n r\u00e9sz\u00e9re is.<\/p>\n<p>K\u00f6nny\u0171 \u00e9s tart\u00f3s alum\u00ednium kialak\u00edt\u00e1s<br \/>\nKompatibilis a k\u00f6vetkez\u0151 Solid\u2122 kieg\u00e9sz\u00edt\u0151 fejekhez:<br \/>\n1014915, 1014914, 1014917<br \/>\nCser\u00e9lhet\u0151 alkatr\u00e9sz nyele lehet a 1003465, 1003464,<br \/>\n1003466 lombsepr\u0171kh\u00f6z, gerebly\u00e9khez<\/p>","protected":false},"featured_media":2665,"template":"","meta":{"_et_pb_use_builder":"","_et_pb_old_content":"","_et_gb_content_width":""},"product_brand":[],"product_cat":[4637],"product_tag":[116,925,942,934],"class_list":{"0":"post-2663","1":"product","2":"type-product","3":"status-publish","4":"has-post-thumbnail","6":"product_cat-fiskars-aso-kapa-villa-gereblye","7":"product_tag-fiskars","8":"product_tag-lombsepru","9":"product_tag-nyel","10":"product_tag-solid","12":"first","13":"instock","14":"shipping-taxable","15":"purchasable","16":"product-type-simple"},"yoast_head":"<!-- This site is optimized with the Yoast SEO plugin v27.3 - https:\/\/yoast.com\/product\/yoast-seo-wordpress\/ -->\n<title>Fiskars Solid lombsepr\u0171 ny\u00e9l - T\u00e1jkert\u00e9sz<\/title>\n<meta name=\"description\" content=\"A Fiskars Solid lombsepr\u0171 ny\u00e9l\u00a0\u00a0a\u00a0Solid term\u00e9kcsal\u00e1dba tartozik. Eza ny\u00e9l\u00a0tart\u00f3s eszk\u00f6z, \u00edgy id\u0151t\u00e1ll\u00f3 lesz az \u00d6n r\u00e9sz\u00e9re is.\u00a0\" \/>\n<meta name=\"robots\" content=\"index, follow, max-snippet:-1, max-image-preview:large, max-video-preview:-1\" \/>\n<link rel=\"canonical\" href=\"https:\/\/tajkertesz.com\/en_US\/product\/fiskars-solid-lombsepru-nyel\/\" \/>\n<meta property=\"og:locale\" content=\"en_US\" \/>\n<meta property=\"og:type\" content=\"article\" \/>\n<meta property=\"og:title\" content=\"Fiskars Solid lombsepr\u0171 ny\u00e9l - T\u00e1jkert\u00e9sz\" \/>\n<meta property=\"og:description\" content=\"A Fiskars Solid lombsepr\u0171 ny\u00e9l\u00a0\u00a0a\u00a0Solid term\u00e9kcsal\u00e1dba tartozik. Eza ny\u00e9l\u00a0tart\u00f3s eszk\u00f6z, \u00edgy id\u0151t\u00e1ll\u00f3 lesz az \u00d6n r\u00e9sz\u00e9re is.\u00a0\" \/>\n<meta property=\"og:url\" content=\"https:\/\/tajkertesz.com\/en_US\/product\/fiskars-solid-lombsepru-nyel\/\" \/>\n<meta property=\"og:site_name\" content=\"T\u00e1jkert\u00e9sz\" \/>\n<meta property=\"article:publisher\" content=\"https:\/\/www.facebook.com\/Tajkertesz\/\" \/>\n<meta property=\"article:modified_time\" content=\"2026-02-17T14:40:19+00:00\" \/>\n<meta property=\"og:image\" content=\"https:\/\/tajkertesz.com\/wp-content\/uploads\/2020\/11\/fiskars-solid-leaf-rake-.jpg\" \/>\n\t<meta property=\"og:image:width\" content=\"660\" \/>\n\t<meta property=\"og:image:height\" content=\"384\" \/>\n\t<meta property=\"og:image:type\" content=\"image\/jpeg\" \/>\n<meta name=\"twitter:card\" content=\"summary_large_image\" \/>\n<meta name=\"twitter:label1\" content=\"Est. reading time\" \/>\n\t<meta name=\"twitter:data1\" content=\"2 minutes\" \/>\n<script type=\"application\/ld+json\" class=\"yoast-schema-graph\">{\"@context\":\"https:\\\/\\\/schema.org\",\"@graph\":[{\"@type\":\"WebPage\",\"@id\":\"https:\\\/\\\/tajkertesz.com\\\/termek\\\/fiskars-solid-lombsepru-nyel\\\/\",\"url\":\"https:\\\/\\\/tajkertesz.com\\\/termek\\\/fiskars-solid-lombsepru-nyel\\\/\",\"name\":\"Fiskars Solid lombsepr\u0171 ny\u00e9l - T\u00e1jkert\u00e9sz\",\"isPartOf\":{\"@id\":\"https:\\\/\\\/tajkertesz.com\\\/#website\"},\"primaryImageOfPage\":{\"@id\":\"https:\\\/\\\/tajkertesz.com\\\/termek\\\/fiskars-solid-lombsepru-nyel\\\/#primaryimage\"},\"image\":{\"@id\":\"https:\\\/\\\/tajkertesz.com\\\/termek\\\/fiskars-solid-lombsepru-nyel\\\/#primaryimage\"},\"thumbnailUrl\":\"https:\\\/\\\/tajkertesz.com\\\/wp-content\\\/uploads\\\/2020\\\/11\\\/fiskars-solid-leaf-rake-.jpg\",\"datePublished\":\"2020-11-11T14:13:23+00:00\",\"dateModified\":\"2026-02-17T14:40:19+00:00\",\"description\":\"A Fiskars Solid lombsepr\u0171 ny\u00e9l\u00a0\u00a0a\u00a0Solid term\u00e9kcsal\u00e1dba tartozik. Eza ny\u00e9l\u00a0tart\u00f3s eszk\u00f6z, \u00edgy id\u0151t\u00e1ll\u00f3 lesz az \u00d6n r\u00e9sz\u00e9re is.\u00a0\",\"breadcrumb\":{\"@id\":\"https:\\\/\\\/tajkertesz.com\\\/termek\\\/fiskars-solid-lombsepru-nyel\\\/#breadcrumb\"},\"inLanguage\":\"en-US\",\"potentialAction\":[{\"@type\":\"ReadAction\",\"target\":[\"https:\\\/\\\/tajkertesz.com\\\/termek\\\/fiskars-solid-lombsepru-nyel\\\/\"]}]},{\"@type\":\"ImageObject\",\"inLanguage\":\"en-US\",\"@id\":\"https:\\\/\\\/tajkertesz.com\\\/termek\\\/fiskars-solid-lombsepru-nyel\\\/#primaryimage\",\"url\":\"https:\\\/\\\/tajkertesz.com\\\/wp-content\\\/uploads\\\/2020\\\/11\\\/fiskars-solid-leaf-rake-.jpg\",\"contentUrl\":\"https:\\\/\\\/tajkertesz.com\\\/wp-content\\\/uploads\\\/2020\\\/11\\\/fiskars-solid-leaf-rake-.jpg\",\"width\":660,\"height\":384},{\"@type\":\"BreadcrumbList\",\"@id\":\"https:\\\/\\\/tajkertesz.com\\\/termek\\\/fiskars-solid-lombsepru-nyel\\\/#breadcrumb\",\"itemListElement\":[{\"@type\":\"ListItem\",\"position\":1,\"name\":\"Home\",\"item\":\"https:\\\/\\\/tajkertesz.com\\\/\"},{\"@type\":\"ListItem\",\"position\":2,\"name\":\"Kezd\u0151lap\",\"item\":\"https:\\\/\\\/tajkertesz.com\\\/\"},{\"@type\":\"ListItem\",\"position\":3,\"name\":\"Fiskars Solid lombsepr\u0171 ny\u00e9l\"}]},{\"@type\":\"WebSite\",\"@id\":\"https:\\\/\\\/tajkertesz.com\\\/#website\",\"url\":\"https:\\\/\\\/tajkertesz.com\\\/\",\"name\":\"T\u00e1j-Kert\u00e9sz 84 Kft.\",\"description\":\"Kert\u00e9szeti kis- \u00e9s nagykeresked\u00e9s, D\u00edszn\u00f6v\u00e9ny web\u00e1ruh\u00e1z orsz\u00e1gos h\u00e1zhozsz\u00e1ll\u00edt\u00e1ssal!\",\"publisher\":{\"@id\":\"https:\\\/\\\/tajkertesz.com\\\/#organization\"},\"potentialAction\":[{\"@type\":\"SearchAction\",\"target\":{\"@type\":\"EntryPoint\",\"urlTemplate\":\"https:\\\/\\\/tajkertesz.com\\\/?s={search_term_string}\"},\"query-input\":{\"@type\":\"PropertyValueSpecification\",\"valueRequired\":true,\"valueName\":\"search_term_string\"}}],\"inLanguage\":\"en-US\"},{\"@type\":\"Organization\",\"@id\":\"https:\\\/\\\/tajkertesz.com\\\/#organization\",\"name\":\"T\u00e1j-Kert\u00e9sz 84 Kft.\",\"url\":\"https:\\\/\\\/tajkertesz.com\\\/\",\"logo\":{\"@type\":\"ImageObject\",\"inLanguage\":\"en-US\",\"@id\":\"https:\\\/\\\/tajkertesz.com\\\/#\\\/schema\\\/logo\\\/image\\\/\",\"url\":\"https:\\\/\\\/tajkertesz.com\\\/wp-content\\\/uploads\\\/2018\\\/02\\\/logo-2-e1518678052539.png\",\"contentUrl\":\"https:\\\/\\\/tajkertesz.com\\\/wp-content\\\/uploads\\\/2018\\\/02\\\/logo-2-e1518678052539.png\",\"width\":81,\"height\":140,\"caption\":\"T\u00e1j-Kert\u00e9sz 84 Kft.\"},\"image\":{\"@id\":\"https:\\\/\\\/tajkertesz.com\\\/#\\\/schema\\\/logo\\\/image\\\/\"},\"sameAs\":[\"https:\\\/\\\/www.facebook.com\\\/Tajkertesz\\\/\"]}]}<\/script>\n<!-- \/ Yoast SEO plugin. -->","yoast_head_json":{"title":"Fiskars Solid lombsepr\u0171 ny\u00e9l - T\u00e1jkert\u00e9sz","description":"A Fiskars Solid lombsepr\u0171 ny\u00e9l\u00a0\u00a0a\u00a0Solid term\u00e9kcsal\u00e1dba tartozik. Eza ny\u00e9l\u00a0tart\u00f3s eszk\u00f6z, \u00edgy id\u0151t\u00e1ll\u00f3 lesz az \u00d6n r\u00e9sz\u00e9re is.\u00a0","robots":{"index":"index","follow":"follow","max-snippet":"max-snippet:-1","max-image-preview":"max-image-preview:large","max-video-preview":"max-video-preview:-1"},"canonical":"https:\/\/tajkertesz.com\/en_US\/product\/fiskars-solid-lombsepru-nyel\/","og_locale":"en_US","og_type":"article","og_title":"Fiskars Solid lombsepr\u0171 ny\u00e9l - T\u00e1jkert\u00e9sz","og_description":"A Fiskars Solid lombsepr\u0171 ny\u00e9l\u00a0\u00a0a\u00a0Solid term\u00e9kcsal\u00e1dba tartozik. Eza ny\u00e9l\u00a0tart\u00f3s eszk\u00f6z, \u00edgy id\u0151t\u00e1ll\u00f3 lesz az \u00d6n r\u00e9sz\u00e9re is.\u00a0","og_url":"https:\/\/tajkertesz.com\/en_US\/product\/fiskars-solid-lombsepru-nyel\/","og_site_name":"T\u00e1jkert\u00e9sz","article_publisher":"https:\/\/www.facebook.com\/Tajkertesz\/","article_modified_time":"2026-02-17T14:40:19+00:00","og_image":[{"width":660,"height":384,"url":"https:\/\/tajkertesz.com\/wp-content\/uploads\/2020\/11\/fiskars-solid-leaf-rake-.jpg","type":"image\/jpeg"}],"twitter_card":"summary_large_image","twitter_misc":{"Est. reading time":"2 minutes"},"schema":{"@context":"https:\/\/schema.org","@graph":[{"@type":"WebPage","@id":"https:\/\/tajkertesz.com\/termek\/fiskars-solid-lombsepru-nyel\/","url":"https:\/\/tajkertesz.com\/termek\/fiskars-solid-lombsepru-nyel\/","name":"Fiskars Solid lombsepr\u0171 ny\u00e9l - T\u00e1jkert\u00e9sz","isPartOf":{"@id":"https:\/\/tajkertesz.com\/#website"},"primaryImageOfPage":{"@id":"https:\/\/tajkertesz.com\/termek\/fiskars-solid-lombsepru-nyel\/#primaryimage"},"image":{"@id":"https:\/\/tajkertesz.com\/termek\/fiskars-solid-lombsepru-nyel\/#primaryimage"},"thumbnailUrl":"https:\/\/tajkertesz.com\/wp-content\/uploads\/2020\/11\/fiskars-solid-leaf-rake-.jpg","datePublished":"2020-11-11T14:13:23+00:00","dateModified":"2026-02-17T14:40:19+00:00","description":"A Fiskars Solid lombsepr\u0171 ny\u00e9l\u00a0\u00a0a\u00a0Solid term\u00e9kcsal\u00e1dba tartozik. Eza ny\u00e9l\u00a0tart\u00f3s eszk\u00f6z, \u00edgy id\u0151t\u00e1ll\u00f3 lesz az \u00d6n r\u00e9sz\u00e9re is.\u00a0","breadcrumb":{"@id":"https:\/\/tajkertesz.com\/termek\/fiskars-solid-lombsepru-nyel\/#breadcrumb"},"inLanguage":"en-US","potentialAction":[{"@type":"ReadAction","target":["https:\/\/tajkertesz.com\/termek\/fiskars-solid-lombsepru-nyel\/"]}]},{"@type":"ImageObject","inLanguage":"en-US","@id":"https:\/\/tajkertesz.com\/termek\/fiskars-solid-lombsepru-nyel\/#primaryimage","url":"https:\/\/tajkertesz.com\/wp-content\/uploads\/2020\/11\/fiskars-solid-leaf-rake-.jpg","contentUrl":"https:\/\/tajkertesz.com\/wp-content\/uploads\/2020\/11\/fiskars-solid-leaf-rake-.jpg","width":660,"height":384},{"@type":"BreadcrumbList","@id":"https:\/\/tajkertesz.com\/termek\/fiskars-solid-lombsepru-nyel\/#breadcrumb","itemListElement":[{"@type":"ListItem","position":1,"name":"Home","item":"https:\/\/tajkertesz.com\/"},{"@type":"ListItem","position":2,"name":"Kezd\u0151lap","item":"https:\/\/tajkertesz.com\/"},{"@type":"ListItem","position":3,"name":"Fiskars Solid lombsepr\u0171 ny\u00e9l"}]},{"@type":"WebSite","@id":"https:\/\/tajkertesz.com\/#website","url":"https:\/\/tajkertesz.com\/","name":"T\u00e1j-Kert\u00e9sz 84 Kft.","description":"Kert\u00e9szeti kis- \u00e9s nagykeresked\u00e9s, D\u00edszn\u00f6v\u00e9ny web\u00e1ruh\u00e1z orsz\u00e1gos h\u00e1zhozsz\u00e1ll\u00edt\u00e1ssal!","publisher":{"@id":"https:\/\/tajkertesz.com\/#organization"},"potentialAction":[{"@type":"SearchAction","target":{"@type":"EntryPoint","urlTemplate":"https:\/\/tajkertesz.com\/?s={search_term_string}"},"query-input":{"@type":"PropertyValueSpecification","valueRequired":true,"valueName":"search_term_string"}}],"inLanguage":"en-US"},{"@type":"Organization","@id":"https:\/\/tajkertesz.com\/#organization","name":"T\u00e1j-Kert\u00e9sz 84 Kft.","url":"https:\/\/tajkertesz.com\/","logo":{"@type":"ImageObject","inLanguage":"en-US","@id":"https:\/\/tajkertesz.com\/#\/schema\/logo\/image\/","url":"https:\/\/tajkertesz.com\/wp-content\/uploads\/2018\/02\/logo-2-e1518678052539.png","contentUrl":"https:\/\/tajkertesz.com\/wp-content\/uploads\/2018\/02\/logo-2-e1518678052539.png","width":81,"height":140,"caption":"T\u00e1j-Kert\u00e9sz 84 Kft."},"image":{"@id":"https:\/\/tajkertesz.com\/#\/schema\/logo\/image\/"},"sameAs":["https:\/\/www.facebook.com\/Tajkertesz\/"]}]}},"_links":{"self":[{"href":"https:\/\/tajkertesz.com\/en_US\/wp-json\/wp\/v2\/product\/2663","targetHints":{"allow":["GET"]}}],"collection":[{"href":"https:\/\/tajkertesz.com\/en_US\/wp-json\/wp\/v2\/product"}],"about":[{"href":"https:\/\/tajkertesz.com\/en_US\/wp-json\/wp\/v2\/types\/product"}],"wp:featuredmedia":[{"embeddable":true,"href":"https:\/\/tajkertesz.com\/en_US\/wp-json\/wp\/v2\/media\/2665"}],"wp:attachment":[{"href":"https:\/\/tajkertesz.com\/en_US\/wp-json\/wp\/v2\/media?parent=2663"}],"wp:term":[{"taxonomy":"product_brand","embeddable":true,"href":"https:\/\/tajkertesz.com\/en_US\/wp-json\/wp\/v2\/product_brand?post=2663"},{"taxonomy":"product_cat","embeddable":true,"href":"https:\/\/tajkertesz.com\/en_US\/wp-json\/wp\/v2\/product_cat?post=2663"},{"taxonomy":"product_tag","embeddable":true,"href":"https:\/\/tajkertesz.com\/en_US\/wp-json\/wp\/v2\/product_tag?post=2663"}],"curies":[{"name":"wp","href":"https:\/\/api.w.org\/{rel}","templated":true}]}}