{"id":2689,"date":"2020-11-12T13:15:45","date_gmt":"2020-11-12T13:15:45","guid":{"rendered":"https:\/\/tajkertesz.com\/?post_type=product&#038;p=2689"},"modified":"2026-01-09T12:24:11","modified_gmt":"2026-01-09T12:24:11","slug":"magyar-jegtoro-nyelezett","status":"publish","type":"product","link":"https:\/\/tajkertesz.com\/en_US\/product\/magyar-jegtoro-nyelezett\/","title":{"rendered":"Magyar J\u00e9gt\u00f6r\u0151 nyelezett 15*125cm"},"content":{"rendered":"<p>Magyar J\u00e9gt\u00f6r\u0151 nyelezett 15*125cm<\/p>\n<p>Ez a Magyar J\u00e9gt\u00f6r\u0151 nyelezett 15*125cm \u00a0kompakt j\u00e9gt\u00f6r\u0151 kiv\u00e1l\u00f3an alkalmas arra, hogy elt\u00e1vol\u00edtsa a makacs jeget a j\u00e1rd\u00e1kr\u00f3l, a behajt\u00f3kr\u00f3l \u00e9s teraszokr\u00f3l.<\/p>\n<p>Er\u0151s fany\u00e9llel szerelt\u00e9k fel. E hat\u00e9kony \u00fct\u0151szersz\u00e1m feje stabil trap\u00e9zb\u00f3l k\u00e9sz\u00fclt, melynek munkasz\u00e9less\u00e9ge 15 cm. A j\u00e9gt\u00f6r\u0151 teljes hossza 125 cm.<\/p>\n<p><a href=\"https:\/\/tajkertesz.com\/\">https:\/\/tajkertesz.com\/<\/a><\/p>\n<p>T\u00e9len gyakran el\u0151fordul, hogy a fels\u0151 \u00e9s az als\u00f3, hideg l\u00e9gr\u00e9teg k\u00f6z\u00e9 nulla fokn\u00e1l magasabb h\u0151m\u00e9rs\u00e9klet\u0171 l\u00e9gr\u00e9teg szorul. Ilyenkor a fels\u0151 r\u00e9tegben keletkezett h\u00f3 a k\u00f6z\u00e9ps\u0151 r\u00e9tegben es\u0151csepp\u00e9 olvad, majd az als\u00f3 fagyos l\u00e9gr\u00e9tegben j\u00e9gdar\u00e1v\u00e1 vagy \u00f3nos es\u0151v\u00e9 v\u00e1ltozik, att\u00f3l f\u00fcgg\u0151en, hogy a r\u00e9szecsk\u00e9knek volt-e el\u00e9g idej\u00fck j\u00e9gg\u00e9 fagyni.<\/p>\n<p><span style=\"color: #333333;\">A meleg l\u00e9gr\u00e9teg hat\u00e1s\u00e1ra kialakul\u00f3 \u00f3nos es\u0151, t\u00f6bbnyire a nagy hidegek k\u00f6zeli enyh\u00fcl\u00e9s\u00e9nek el\u0151jele. A\u00a0<a style=\"color: #333333;\" title=\"K\u00e1rp\u00e1t-medence\" href=\"https:\/\/hu.wikipedia.org\/wiki\/K%C3%A1rp%C3%A1t-medence\">K\u00e1rp\u00e1t-medence<\/a>\u00a0<a style=\"color: #333333;\" title=\"Id\u0151j\u00e1r\u00e1s\" href=\"https:\/\/hu.wikipedia.org\/wiki\/Id%C5%91j%C3%A1r%C3%A1s\">id\u0151j\u00e1r\u00e1sa<\/a>\u00a0kedvez az \u00f3nos es\u0151 kialakul\u00e1s\u00e1nak.<\/span><\/p>\n<p>Az \u00f3nos es\u0151s id\u0151szak rendszerint f\u00e9l-egy \u00f3ra eltelt\u00e9vel megsz\u0171nik. Mivel az es\u0151 \u00e1ltal lehozott energia, ennyi id\u0151 alatt felmeleg\u00edti a l\u00e9gr\u00e9teget, \u00e9s azt\u00e1n a talajt, illetve az \u00f3nos es\u0151 \u00e1ltal \u00e9rintett fel\u00fcletet is. Egyszer\u0171 \u00e9s olcs\u00f3 megold\u00e1s a cs\u00faszk\u00e1l\u00e1s ellen azoknak, akik nem szeretik kidob\u00e1lni a r\u00e9gebbi holmijukat, hogy az olyan zoknit, amit m\u00e1sra m\u00e1r nem haszn\u00e1lnak, felh\u00fazz\u00e1k a cip\u0151j\u00fckre. Legjobb egy p\u00e1r kiford\u00edtott frott\u00edr zoknit haszn\u00e1lni erre a c\u00e9lra. \u00c9g \u00e9s f\u00f6ld lesz a k\u00fcl\u00f6nbs\u00e9g a zoknival bevont talp\u00fa \u00e9s a t\u00f6bbi cip\u0151 k\u00f6z\u00f6tt \u00f3nos es\u0151 idej\u00e9n.<\/p>\n<p>&nbsp;<\/p>","protected":false},"excerpt":{"rendered":"<p>Ez a Magyar J\u00e9gt\u00f6r\u0151 nyelezett 15*125cm \u00a0kompakt j\u00e9gt\u00f6r\u0151 kiv\u00e1l\u00f3an alkalmas arra, hogy elt\u00e1vol\u00edtsa a makacs jeget a j\u00e1rd\u00e1kr\u00f3l, a behajt\u00f3kr\u00f3l \u00e9s teraszokr\u00f3l.<\/p>\n<p>Er\u0151s fany\u00e9llel szerelt\u00e9k fel. E hat\u00e9kony \u00fct\u0151szersz\u00e1m feje stabil trap\u00e9zb\u00f3l k\u00e9sz\u00fclt, melynek munkasz\u00e9less\u00e9ge 15 cm. A j\u00e9gt\u00f6r\u0151 teljes hossza 125 cm.<\/p>","protected":false},"featured_media":2690,"template":"","meta":{"_et_pb_use_builder":"","_et_pb_old_content":"","_et_gb_content_width":""},"product_brand":[],"product_cat":[948],"product_tag":[962,961,951],"class_list":{"0":"post-2689","1":"product","2":"type-product","3":"status-publish","4":"has-post-thumbnail","6":"product_cat-csuszasmentesites","7":"product_tag-jegtoro","8":"product_tag-magyar","9":"product_tag-nyelezett","11":"first","12":"instock","13":"shipping-taxable","14":"purchasable","15":"product-type-simple"},"yoast_head":"<!-- This site is optimized with the Yoast SEO plugin v27.4 - https:\/\/yoast.com\/product\/yoast-seo-wordpress\/ -->\n<title>Magyar J\u00e9gt\u00f6r\u0151 nyelezett 15*125cm - T\u00e1jkert\u00e9sz<\/title>\n<meta name=\"description\" content=\"Ez a Magyar J\u00e9gt\u00f6r\u0151 nyelezett 15*125cm \u00a0kompakt j\u00e9gt\u00f6r\u0151 kiv\u00e1l\u00f3an alkalmas arra, hogy elt\u00e1vol\u00edtsa a makacs jeget a j\u00e1rd\u00e1kr\u00f3l, a behajt\u00f3kr\u00f3l.\" \/>\n<meta name=\"robots\" content=\"index, follow, max-snippet:-1, max-image-preview:large, max-video-preview:-1\" \/>\n<link rel=\"canonical\" href=\"https:\/\/tajkertesz.com\/en_US\/product\/magyar-jegtoro-nyelezett\/\" \/>\n<meta property=\"og:locale\" content=\"en_US\" \/>\n<meta property=\"og:type\" content=\"article\" \/>\n<meta property=\"og:title\" content=\"Magyar J\u00e9gt\u00f6r\u0151 nyelezett 15*125cm - T\u00e1jkert\u00e9sz\" \/>\n<meta property=\"og:description\" content=\"Ez a Magyar J\u00e9gt\u00f6r\u0151 nyelezett 15*125cm \u00a0kompakt j\u00e9gt\u00f6r\u0151 kiv\u00e1l\u00f3an alkalmas arra, hogy elt\u00e1vol\u00edtsa a makacs jeget a j\u00e1rd\u00e1kr\u00f3l, a behajt\u00f3kr\u00f3l.\" \/>\n<meta property=\"og:url\" content=\"https:\/\/tajkertesz.com\/en_US\/product\/magyar-jegtoro-nyelezett\/\" \/>\n<meta property=\"og:site_name\" content=\"T\u00e1jkert\u00e9sz\" \/>\n<meta property=\"article:publisher\" content=\"https:\/\/www.facebook.com\/Tajkertesz\/\" \/>\n<meta property=\"article:modified_time\" content=\"2026-01-09T12:24:11+00:00\" \/>\n<meta property=\"og:image\" content=\"https:\/\/tajkertesz.com\/wp-content\/uploads\/2020\/11\/Jegtoro.jpg\" \/>\n\t<meta property=\"og:image:width\" content=\"400\" \/>\n\t<meta property=\"og:image:height\" content=\"889\" \/>\n\t<meta property=\"og:image:type\" content=\"image\/jpeg\" \/>\n<meta name=\"twitter:card\" content=\"summary_large_image\" \/>\n<meta name=\"twitter:label1\" content=\"Est. reading time\" \/>\n\t<meta name=\"twitter:data1\" content=\"2 minutes\" \/>\n<script type=\"application\/ld+json\" class=\"yoast-schema-graph\">{\"@context\":\"https:\\\/\\\/schema.org\",\"@graph\":[{\"@type\":\"WebPage\",\"@id\":\"https:\\\/\\\/tajkertesz.com\\\/termek\\\/magyar-jegtoro-nyelezett\\\/\",\"url\":\"https:\\\/\\\/tajkertesz.com\\\/termek\\\/magyar-jegtoro-nyelezett\\\/\",\"name\":\"Magyar J\u00e9gt\u00f6r\u0151 nyelezett 15*125cm - T\u00e1jkert\u00e9sz\",\"isPartOf\":{\"@id\":\"https:\\\/\\\/tajkertesz.com\\\/#website\"},\"primaryImageOfPage\":{\"@id\":\"https:\\\/\\\/tajkertesz.com\\\/termek\\\/magyar-jegtoro-nyelezett\\\/#primaryimage\"},\"image\":{\"@id\":\"https:\\\/\\\/tajkertesz.com\\\/termek\\\/magyar-jegtoro-nyelezett\\\/#primaryimage\"},\"thumbnailUrl\":\"https:\\\/\\\/tajkertesz.com\\\/wp-content\\\/uploads\\\/2020\\\/11\\\/Jegtoro.jpg\",\"datePublished\":\"2020-11-12T13:15:45+00:00\",\"dateModified\":\"2026-01-09T12:24:11+00:00\",\"description\":\"Ez a Magyar J\u00e9gt\u00f6r\u0151 nyelezett 15*125cm \u00a0kompakt j\u00e9gt\u00f6r\u0151 kiv\u00e1l\u00f3an alkalmas arra, hogy elt\u00e1vol\u00edtsa a makacs jeget a j\u00e1rd\u00e1kr\u00f3l, a behajt\u00f3kr\u00f3l.\",\"breadcrumb\":{\"@id\":\"https:\\\/\\\/tajkertesz.com\\\/termek\\\/magyar-jegtoro-nyelezett\\\/#breadcrumb\"},\"inLanguage\":\"en-US\",\"potentialAction\":[{\"@type\":\"ReadAction\",\"target\":[\"https:\\\/\\\/tajkertesz.com\\\/termek\\\/magyar-jegtoro-nyelezett\\\/\"]}]},{\"@type\":\"ImageObject\",\"inLanguage\":\"en-US\",\"@id\":\"https:\\\/\\\/tajkertesz.com\\\/termek\\\/magyar-jegtoro-nyelezett\\\/#primaryimage\",\"url\":\"https:\\\/\\\/tajkertesz.com\\\/wp-content\\\/uploads\\\/2020\\\/11\\\/Jegtoro.jpg\",\"contentUrl\":\"https:\\\/\\\/tajkertesz.com\\\/wp-content\\\/uploads\\\/2020\\\/11\\\/Jegtoro.jpg\",\"width\":400,\"height\":889},{\"@type\":\"BreadcrumbList\",\"@id\":\"https:\\\/\\\/tajkertesz.com\\\/termek\\\/magyar-jegtoro-nyelezett\\\/#breadcrumb\",\"itemListElement\":[{\"@type\":\"ListItem\",\"position\":1,\"name\":\"Home\",\"item\":\"https:\\\/\\\/tajkertesz.com\\\/\"},{\"@type\":\"ListItem\",\"position\":2,\"name\":\"Kezd\u0151lap\",\"item\":\"https:\\\/\\\/tajkertesz.com\\\/\"},{\"@type\":\"ListItem\",\"position\":3,\"name\":\"Magyar J\u00e9gt\u00f6r\u0151 nyelezett 15*125cm\"}]},{\"@type\":\"WebSite\",\"@id\":\"https:\\\/\\\/tajkertesz.com\\\/#website\",\"url\":\"https:\\\/\\\/tajkertesz.com\\\/\",\"name\":\"T\u00e1j-Kert\u00e9sz 84 Kft.\",\"description\":\"Kert\u00e9szeti kis- \u00e9s nagykeresked\u00e9s, D\u00edszn\u00f6v\u00e9ny web\u00e1ruh\u00e1z orsz\u00e1gos h\u00e1zhozsz\u00e1ll\u00edt\u00e1ssal!\",\"publisher\":{\"@id\":\"https:\\\/\\\/tajkertesz.com\\\/#organization\"},\"potentialAction\":[{\"@type\":\"SearchAction\",\"target\":{\"@type\":\"EntryPoint\",\"urlTemplate\":\"https:\\\/\\\/tajkertesz.com\\\/?s={search_term_string}\"},\"query-input\":{\"@type\":\"PropertyValueSpecification\",\"valueRequired\":true,\"valueName\":\"search_term_string\"}}],\"inLanguage\":\"en-US\"},{\"@type\":\"Organization\",\"@id\":\"https:\\\/\\\/tajkertesz.com\\\/#organization\",\"name\":\"T\u00e1j-Kert\u00e9sz 84 Kft.\",\"url\":\"https:\\\/\\\/tajkertesz.com\\\/\",\"logo\":{\"@type\":\"ImageObject\",\"inLanguage\":\"en-US\",\"@id\":\"https:\\\/\\\/tajkertesz.com\\\/#\\\/schema\\\/logo\\\/image\\\/\",\"url\":\"https:\\\/\\\/tajkertesz.com\\\/wp-content\\\/uploads\\\/2018\\\/02\\\/logo-2-e1518678052539.png\",\"contentUrl\":\"https:\\\/\\\/tajkertesz.com\\\/wp-content\\\/uploads\\\/2018\\\/02\\\/logo-2-e1518678052539.png\",\"width\":81,\"height\":140,\"caption\":\"T\u00e1j-Kert\u00e9sz 84 Kft.\"},\"image\":{\"@id\":\"https:\\\/\\\/tajkertesz.com\\\/#\\\/schema\\\/logo\\\/image\\\/\"},\"sameAs\":[\"https:\\\/\\\/www.facebook.com\\\/Tajkertesz\\\/\"]}]}<\/script>\n<!-- \/ Yoast SEO plugin. -->","yoast_head_json":{"title":"Magyar J\u00e9gt\u00f6r\u0151 nyelezett 15*125cm - T\u00e1jkert\u00e9sz","description":"Ez a Magyar J\u00e9gt\u00f6r\u0151 nyelezett 15*125cm \u00a0kompakt j\u00e9gt\u00f6r\u0151 kiv\u00e1l\u00f3an alkalmas arra, hogy elt\u00e1vol\u00edtsa a makacs jeget a j\u00e1rd\u00e1kr\u00f3l, a behajt\u00f3kr\u00f3l.","robots":{"index":"index","follow":"follow","max-snippet":"max-snippet:-1","max-image-preview":"max-image-preview:large","max-video-preview":"max-video-preview:-1"},"canonical":"https:\/\/tajkertesz.com\/en_US\/product\/magyar-jegtoro-nyelezett\/","og_locale":"en_US","og_type":"article","og_title":"Magyar J\u00e9gt\u00f6r\u0151 nyelezett 15*125cm - T\u00e1jkert\u00e9sz","og_description":"Ez a Magyar J\u00e9gt\u00f6r\u0151 nyelezett 15*125cm \u00a0kompakt j\u00e9gt\u00f6r\u0151 kiv\u00e1l\u00f3an alkalmas arra, hogy elt\u00e1vol\u00edtsa a makacs jeget a j\u00e1rd\u00e1kr\u00f3l, a behajt\u00f3kr\u00f3l.","og_url":"https:\/\/tajkertesz.com\/en_US\/product\/magyar-jegtoro-nyelezett\/","og_site_name":"T\u00e1jkert\u00e9sz","article_publisher":"https:\/\/www.facebook.com\/Tajkertesz\/","article_modified_time":"2026-01-09T12:24:11+00:00","og_image":[{"width":400,"height":889,"url":"https:\/\/tajkertesz.com\/wp-content\/uploads\/2020\/11\/Jegtoro.jpg","type":"image\/jpeg"}],"twitter_card":"summary_large_image","twitter_misc":{"Est. reading time":"2 minutes"},"schema":{"@context":"https:\/\/schema.org","@graph":[{"@type":"WebPage","@id":"https:\/\/tajkertesz.com\/termek\/magyar-jegtoro-nyelezett\/","url":"https:\/\/tajkertesz.com\/termek\/magyar-jegtoro-nyelezett\/","name":"Magyar J\u00e9gt\u00f6r\u0151 nyelezett 15*125cm - T\u00e1jkert\u00e9sz","isPartOf":{"@id":"https:\/\/tajkertesz.com\/#website"},"primaryImageOfPage":{"@id":"https:\/\/tajkertesz.com\/termek\/magyar-jegtoro-nyelezett\/#primaryimage"},"image":{"@id":"https:\/\/tajkertesz.com\/termek\/magyar-jegtoro-nyelezett\/#primaryimage"},"thumbnailUrl":"https:\/\/tajkertesz.com\/wp-content\/uploads\/2020\/11\/Jegtoro.jpg","datePublished":"2020-11-12T13:15:45+00:00","dateModified":"2026-01-09T12:24:11+00:00","description":"Ez a Magyar J\u00e9gt\u00f6r\u0151 nyelezett 15*125cm \u00a0kompakt j\u00e9gt\u00f6r\u0151 kiv\u00e1l\u00f3an alkalmas arra, hogy elt\u00e1vol\u00edtsa a makacs jeget a j\u00e1rd\u00e1kr\u00f3l, a behajt\u00f3kr\u00f3l.","breadcrumb":{"@id":"https:\/\/tajkertesz.com\/termek\/magyar-jegtoro-nyelezett\/#breadcrumb"},"inLanguage":"en-US","potentialAction":[{"@type":"ReadAction","target":["https:\/\/tajkertesz.com\/termek\/magyar-jegtoro-nyelezett\/"]}]},{"@type":"ImageObject","inLanguage":"en-US","@id":"https:\/\/tajkertesz.com\/termek\/magyar-jegtoro-nyelezett\/#primaryimage","url":"https:\/\/tajkertesz.com\/wp-content\/uploads\/2020\/11\/Jegtoro.jpg","contentUrl":"https:\/\/tajkertesz.com\/wp-content\/uploads\/2020\/11\/Jegtoro.jpg","width":400,"height":889},{"@type":"BreadcrumbList","@id":"https:\/\/tajkertesz.com\/termek\/magyar-jegtoro-nyelezett\/#breadcrumb","itemListElement":[{"@type":"ListItem","position":1,"name":"Home","item":"https:\/\/tajkertesz.com\/"},{"@type":"ListItem","position":2,"name":"Kezd\u0151lap","item":"https:\/\/tajkertesz.com\/"},{"@type":"ListItem","position":3,"name":"Magyar J\u00e9gt\u00f6r\u0151 nyelezett 15*125cm"}]},{"@type":"WebSite","@id":"https:\/\/tajkertesz.com\/#website","url":"https:\/\/tajkertesz.com\/","name":"T\u00e1j-Kert\u00e9sz 84 Kft.","description":"Kert\u00e9szeti kis- \u00e9s nagykeresked\u00e9s, D\u00edszn\u00f6v\u00e9ny web\u00e1ruh\u00e1z orsz\u00e1gos h\u00e1zhozsz\u00e1ll\u00edt\u00e1ssal!","publisher":{"@id":"https:\/\/tajkertesz.com\/#organization"},"potentialAction":[{"@type":"SearchAction","target":{"@type":"EntryPoint","urlTemplate":"https:\/\/tajkertesz.com\/?s={search_term_string}"},"query-input":{"@type":"PropertyValueSpecification","valueRequired":true,"valueName":"search_term_string"}}],"inLanguage":"en-US"},{"@type":"Organization","@id":"https:\/\/tajkertesz.com\/#organization","name":"T\u00e1j-Kert\u00e9sz 84 Kft.","url":"https:\/\/tajkertesz.com\/","logo":{"@type":"ImageObject","inLanguage":"en-US","@id":"https:\/\/tajkertesz.com\/#\/schema\/logo\/image\/","url":"https:\/\/tajkertesz.com\/wp-content\/uploads\/2018\/02\/logo-2-e1518678052539.png","contentUrl":"https:\/\/tajkertesz.com\/wp-content\/uploads\/2018\/02\/logo-2-e1518678052539.png","width":81,"height":140,"caption":"T\u00e1j-Kert\u00e9sz 84 Kft."},"image":{"@id":"https:\/\/tajkertesz.com\/#\/schema\/logo\/image\/"},"sameAs":["https:\/\/www.facebook.com\/Tajkertesz\/"]}]}},"_links":{"self":[{"href":"https:\/\/tajkertesz.com\/en_US\/wp-json\/wp\/v2\/product\/2689","targetHints":{"allow":["GET"]}}],"collection":[{"href":"https:\/\/tajkertesz.com\/en_US\/wp-json\/wp\/v2\/product"}],"about":[{"href":"https:\/\/tajkertesz.com\/en_US\/wp-json\/wp\/v2\/types\/product"}],"wp:featuredmedia":[{"embeddable":true,"href":"https:\/\/tajkertesz.com\/en_US\/wp-json\/wp\/v2\/media\/2690"}],"wp:attachment":[{"href":"https:\/\/tajkertesz.com\/en_US\/wp-json\/wp\/v2\/media?parent=2689"}],"wp:term":[{"taxonomy":"product_brand","embeddable":true,"href":"https:\/\/tajkertesz.com\/en_US\/wp-json\/wp\/v2\/product_brand?post=2689"},{"taxonomy":"product_cat","embeddable":true,"href":"https:\/\/tajkertesz.com\/en_US\/wp-json\/wp\/v2\/product_cat?post=2689"},{"taxonomy":"product_tag","embeddable":true,"href":"https:\/\/tajkertesz.com\/en_US\/wp-json\/wp\/v2\/product_tag?post=2689"}],"curies":[{"name":"wp","href":"https:\/\/api.w.org\/{rel}","templated":true}]}}