{"id":26906,"date":"2026-05-05T09:42:34","date_gmt":"2026-05-05T09:42:34","guid":{"rendered":"https:\/\/tajkertesz.com\/?post_type=product&#038;p=26906"},"modified":"2026-05-05T09:42:36","modified_gmt":"2026-05-05T09:42:36","slug":"fargesia-angustissima-keskenylevelu-bokorbambusz","status":"publish","type":"product","link":"https:\/\/tajkertesz.com\/en_US\/product\/fargesia-angustissima-keskenylevelu-bokorbambusz\/","title":{"rendered":"Fargesia angustissima &#8211; Keskenylevel\u0171 bokorbambusz"},"content":{"rendered":"<h1 data-start=\"577\" data-end=\"828\"><em data-start=\"579\" data-end=\"602\">Fargesia angustissima &#8211; Keskenylevel\u0171 bokorbambusz<\/em><\/h1>\n<p data-start=\"577\" data-end=\"828\">A Fargesia angustissima &#8211; Keskenylevel\u0171 bokorbambusz \u00a0az egyik legn\u00e9pszer\u0171bb nem tarackol\u00f3 bambuszfajta, amely s\u0171r\u0171, kompakt n\u00f6veked\u00e9s\u00e9nek \u00e9s keskeny, \u00e9l\u00e9nkz\u00f6ld leveleinek k\u00f6sz\u00f6nhet\u0151en kiv\u00e1l\u00f3an alkalmas term\u00e9szetes s\u00f6v\u00e9ny kialak\u00edt\u00e1s\u00e1ra vagy szoliter n\u00f6v\u00e9nyk\u00e9nt t\u00f6rt\u00e9n\u0151 \u00fcltet\u00e9sre.<\/p>\n<h2 data-start=\"577\" data-end=\"828\"><em data-start=\"579\" data-end=\"602\">Fargesia angustissima &#8211; Keskenylevel\u0171 bokorbambusz jellemz\u0151i<\/em><\/h2>\n<p data-start=\"830\" data-end=\"1047\">Ez a bambuszfajta nem terjed agressz\u00edven, \u00edgy nem ig\u00e9nyel gy\u00f6k\u00e9rkorl\u00e1toz\u00e1st, ami k\u00fcl\u00f6n\u00f6sen el\u0151ny\u00f6s a kisebb kertekben vagy v\u00e1rosi k\u00f6rnyezetben. Gyors n\u00f6veked\u00e9se r\u00e9v\u00e9n r\u00f6vid id\u0151 alatt l\u00e1tv\u00e1nyos z\u00f6ld fel\u00fcletet biztos\u00edt.<\/p>\n<p data-start=\"1049\" data-end=\"1259\">J\u00f3l t\u0171ri a hideget, ak\u00e1r -20 \u00b0C-ig is ellen\u00e1ll, ez\u00e9rt Magyarorsz\u00e1g \u00e9ghajlat\u00e1n is biztons\u00e1ggal nevelhet\u0151. F\u00e9l\u00e1rny\u00e9kos vagy napos helyen \u00e9rzi mag\u00e1t a legjobban, \u00e9s rendszeres \u00f6nt\u00f6z\u00e9s mellett fejl\u0151dik optim\u00e1lisan.<\/p>\n<p data-start=\"1261\" data-end=\"1280\"><strong data-start=\"1261\" data-end=\"1280\">F\u0151bb jellemz\u0151k:<\/strong><\/p>\n<ul data-start=\"1281\" data-end=\"1407\">\n<li data-section-id=\"qsq8bk\" data-start=\"1281\" data-end=\"1304\">Nem tarackol\u00f3 bambusz<\/li>\n<li data-section-id=\"ddkqw3\" data-start=\"1305\" data-end=\"1322\">Gyors n\u00f6veked\u00e9s<\/li>\n<li data-section-id=\"8vt0c6\" data-start=\"1323\" data-end=\"1341\">T\u00e9l\u00e1ll\u00f3 (-20 \u00b0C)<\/li>\n<li data-section-id=\"pxamkj\" data-start=\"1342\" data-end=\"1380\">Ide\u00e1lis s\u00f6v\u00e9nynek vagy d\u00edszn\u00f6v\u00e9nynek<\/li>\n<li data-section-id=\"1rtkwc0\" data-start=\"1381\" data-end=\"1407\">S\u0171r\u0171, dekorat\u00edv lombozat<\/li>\n<\/ul>\n<h4><strong>\ud83d\udd04 K\u00e9szletinform\u00e1ci\u00f3<\/strong><\/h4>\n<p><strong>K\u00e9szlet\u00fcnk napi szinten v\u00e1ltozik, \u00edgy a webshopban szerepl<\/strong><strong>\u0151<\/strong><strong>\u00a0term\u00e9kek el\u00e9rhet<\/strong><strong>\u0151<\/strong><strong>s\u00e9ge nem garant\u00e1lt.<br \/>\n\ud83d\udcde A megrendel\u00e9s el<\/strong><strong>\u0151<\/strong><strong>tt k\u00e9rj\u00fck, \u00e9rdekl<\/strong><strong>\u0151<\/strong><strong>dj\u00f6n szem\u00e9lyesen, telefonon vagy e-mailben!<\/strong><\/p>\n<h4><strong>\u27a1\ufe0f Kapcsolat:<\/strong><\/h4>\n<ul>\n<li><strong>Weboldal:\u00a0<\/strong><a href=\"https:\/\/tajkertesz.com\/\"><strong>tajkertesz.com<\/strong><\/a><\/li>\n<li><strong>Facebook:\u00a0<\/strong><a href=\"https:\/\/www.facebook.com\/tajkertesz\/\"><strong>facebook.com\/tajkertesz<\/strong><\/a><\/li>\n<li><strong>Telefonsz\u00e1m, e-mail: +36\/20-319-3770\u00a0<\/strong><a href=\"mailto:tajkerteszaruda@gmail.com\"><strong>tajkerteszaruda@gmail.com<\/strong><\/a><\/li>\n<\/ul>\n<h4><strong>\ud83d\ude9a Sz\u00e1ll\u00edt\u00e1si inform\u00e1ci\u00f3k<\/strong><\/h4>\n<p><strong>A megrendelt n\u00f6v\u00e9nyek kisz\u00e1ll\u00edt\u00e1sa az al\u00e1bbi felt\u00e9telek mellett t\u00f6rt\u00e9nik:<\/strong><\/p>\n<h4><strong>\ud83d\udce6 Fut\u00e1rszolg\u00e1latos sz\u00e1ll\u00edt\u00e1s<\/strong><\/h4>\n<ul>\n<li><strong>Maxim\u00e1lis m\u00e9ret: 200 cm (hossz\u00fas\u00e1g)<\/strong><\/li>\n<li><strong>Maxim\u00e1lis s\u00faly: 40 kg<\/strong><\/li>\n<li><strong>Az enn\u00e9l kisebb \u00e9s k\u00f6nnyebb csomagokat fut\u00e1rszolg\u00e1lattal k\u00e9zbes\u00edtj\u00fck a lehet<\/strong><strong>\u0151<\/strong><strong>\u00a0legbiztons\u00e1gosabb csomagol\u00e1sban.<\/strong><\/li>\n<\/ul>\n<h4><strong>\ud83d\udefb Szem\u00e9lyes \u00e1tv\u00e9tel<\/strong><\/h4>\n<ul>\n<li><strong>1173 Budapest, Bakancsos utca 7. sz\u00e1m alatt nyitvatart\u00e1si id<\/strong><strong>\u0151<\/strong><strong>ben szem\u00e9lyesen \u00e1tvehet<\/strong><strong>\u0151<\/strong><strong>\u00a0kert\u00e9szeti \u00e1rud\u00e1nkban.<\/strong><\/li>\n<li><strong>K\u00f6lts\u00e9ghat\u00e9kony megold\u00e1s nagyobb, t\u00f6r\u00e9kenyebb vagy t\u00falm\u00e9retes n\u00f6v\u00e9nyek eset\u00e9n.<\/strong><\/li>\n<\/ul>\n<h4><strong>\ud83d\udcde Nagy m\u00e9ret<\/strong><strong>\u0171<\/strong><strong>\u00a0vagy s\u00faly\u00fa n\u00f6v\u00e9nyek eset\u00e9n<\/strong><\/h4>\n<p><strong>Ha a term\u00e9k:<\/strong><\/p>\n<ul>\n<li><strong>meghaladja a 200 cm hossz\u00fas\u00e1got vagy<\/strong><\/li>\n<li><strong>meghaladja a 40 kg s\u00falyt,<\/strong><\/li>\n<\/ul>\n<p><strong>akkor szem\u00e9lyes \u00e1tv\u00e9tellel vagy egyedi, el<\/strong><strong>\u0151<\/strong><strong>re egyeztetett sz\u00e1ll\u00edt\u00e1si felt\u00e9telek mellett t\u00f6rt\u00e9nik.<br \/>\nK\u00e9rj\u00fck, ilyen esetben rendel\u00e9s el<\/strong><strong>\u0151<\/strong><strong>tt vegye fel vel\u00fcnk a kapcsolatot, hogy a lehet<\/strong><strong>\u0151<\/strong><strong>\u00a0legmegfelel<\/strong><strong>\u0151<\/strong><strong>bb sz\u00e1ll\u00edt\u00e1si megold\u00e1st k\u00edn\u00e1lhassuk.<\/strong><\/p>\n<p><strong>\ud83d\udd14 Fontos: A n\u00f6v\u00e9nyeket minden esetben igyeksz\u00fcnk gondosan, egyes\u00e9vel csomagolni, azonban a sz\u00e1ll\u00edt\u00e1s sor\u00e1n kisebb eszt\u00e9tikai s\u00e9r\u00fcl\u00e9sek el<\/strong><strong>\u0151<\/strong><strong>fordulhatnak (pl. lev\u00e9lhull\u00e1s). Ez nem min<\/strong><strong>\u0151<\/strong><strong>s\u00fcl hib\u00e1s teljes\u00edt\u00e9snek.<\/strong><\/p>\n<h4><strong>\ud83d\udcf7 Fontos tudni a k\u00e9pekr<\/strong><strong>\u0151<\/strong><strong>l<\/strong><\/h4>\n<p><strong>A webshopban szerepl<\/strong><strong>\u0151<\/strong><strong>\u00a0k\u00e9pek illusztr\u00e1ci\u00f3k, a n\u00f6v\u00e9nyek term\u00e9szet\u00fckn\u00e9l fogva egyediek, \u00edgy m\u00e9retben, alakban \u00e9s sz\u00ednben minim\u00e1lis elt\u00e9r\u00e9sek el<\/strong><strong>\u0151<\/strong><strong>fordulhatnak a k\u00e9pen l\u00e1that\u00f3 \u00e9s a val\u00f3s p\u00e9ld\u00e1nyok k\u00f6z\u00f6tt.<\/strong><\/p>\n<h4><strong>\ud83e\uddfe \u00c1rak \u00e9s el\u00e1ll\u00e1si jog<\/strong><\/h4>\n<ul>\n<li><strong>Az \u00e1rak egy darab\u00a0n\u00f6v\u00e9nyre vonatkoznak.<\/strong><\/li>\n<li><strong>\u00c9l<\/strong><strong>\u0151<\/strong><strong>\u00a0n\u00f6v\u00e9nyek rendel\u00e9se eset\u00e9n a 14 napos el\u00e1ll\u00e1s joga nem \u00e9rv\u00e9nyes\u00edthet<\/strong><strong>\u0151<\/strong><strong>, mivel azok romland\u00f3, biol\u00f3giailag \u00e9l<\/strong><strong>\u0151<\/strong><strong>\u00a0term\u00e9keknek min<\/strong><strong>\u0151<\/strong><strong>s\u00fclnek.<br \/>\n\ud83d\udd12 (17\/1999. (II. 5.) Korm. rendelet 5. \u00a7 c) pontja alapj\u00e1n)<\/strong><\/li>\n<\/ul>\n<h4><strong>\ud83d\udce6 K\u00e9zbes\u00edt\u00e9s ut\u00e1ni teend<\/strong><strong>\u0151<\/strong><strong>k<\/strong><\/h4>\n<p><strong>A k\u00e9zbes\u00edt\u00e9st k\u00f6vet<\/strong><strong>\u0151<\/strong><strong>en a csomagot azonnal bontsuk ki, \u00e9s a n\u00f6v\u00e9nyt helyezz\u00fck el megfelel<\/strong><strong>\u0151<\/strong><strong>\u00a0k\u00f6rnyezetben.<br \/>\nFontos: ha a n\u00f6v\u00e9ny nem r\u00e9szes\u00fcl megfelel<\/strong><strong>\u0151<\/strong><strong>\u00a0gondoz\u00e1sban \u00e9s ennek k\u00f6vetkezt\u00e9ben k\u00e1rosodik vagy elpusztul, felel<\/strong><strong>\u0151<\/strong><strong>ss\u00e9get nem tudunk v\u00e1llalni.<\/strong><\/p>","protected":false},"excerpt":{"rendered":"<p>A <em data-start=\"338\" data-end=\"361\">Fargesia angustissima<\/em> egy eleg\u00e1ns, keskeny level\u0171, bokros n\u00f6veked\u00e9s\u0171 bambuszfajta, amely ide\u00e1lis s\u00f6v\u00e9nynek vagy d\u00edszn\u00f6v\u00e9nynek. T\u00e9l\u00e1ll\u00f3, nem terjed agressz\u00edven, \u00edgy kiv\u00e1l\u00f3 v\u00e1laszt\u00e1s kertekbe \u00e9s teraszokra.<\/p>\n<p>M\u00e9rete: 2 literes kont\u00e9nerben, 30\/40 cm magas.<\/p>","protected":false},"featured_media":26907,"template":"","meta":{"_et_pb_use_builder":"","_et_pb_old_content":"","_et_gb_content_width":""},"product_brand":[],"product_cat":[526],"product_tag":[6115,531,54,6231,8265,6454,7536,6711,4205,7807],"class_list":{"0":"post-26906","1":"product","2":"type-product","3":"status-publish","4":"has-post-thumbnail","6":"product_cat-bambusz-felek","7":"product_tag-arnyekturo-noveny","8":"product_tag-bambusz","9":"product_tag-disznoveny","10":"product_tag-fargesia","11":"product_tag-fargesia-angustissima","12":"product_tag-gyors-novekedesu-noveny","13":"product_tag-kert-noveny","14":"product_tag-orokzold-noveny","15":"product_tag-soveny-noveny","16":"product_tag-telallo-bambusz","18":"first","19":"instock","20":"shipping-taxable","21":"purchasable","22":"product-type-simple"},"yoast_head":"<!-- This site is optimized with the Yoast SEO plugin v27.5 - https:\/\/yoast.com\/product\/yoast-seo-wordpress\/ -->\n<title>Fargesia angustissima - Keskenylevel\u0171 bokorbambusz - T\u00e1jkert\u00e9sz<\/title>\n<meta name=\"description\" content=\"Fargesia angustissima - Keskenylevel\u0171 bokorbambusz \u2013 t\u00e9l\u00e1ll\u00f3, nem terjed\u0151, gyors n\u00f6veked\u00e9s\u0171 n\u00f6v\u00e9ny. Ide\u00e1lis kertekbe, teraszra.\" \/>\n<meta name=\"robots\" content=\"index, follow, max-snippet:-1, max-image-preview:large, max-video-preview:-1\" \/>\n<link rel=\"canonical\" href=\"https:\/\/tajkertesz.com\/en_US\/product\/fargesia-angustissima-keskenylevelu-bokorbambusz\/\" \/>\n<meta property=\"og:locale\" content=\"en_US\" \/>\n<meta property=\"og:type\" content=\"article\" \/>\n<meta property=\"og:title\" content=\"Fargesia angustissima - Keskenylevel\u0171 bokorbambusz - T\u00e1jkert\u00e9sz\" \/>\n<meta property=\"og:description\" content=\"Fargesia angustissima - Keskenylevel\u0171 bokorbambusz \u2013 t\u00e9l\u00e1ll\u00f3, nem terjed\u0151, gyors n\u00f6veked\u00e9s\u0171 n\u00f6v\u00e9ny. Ide\u00e1lis kertekbe, teraszra.\" \/>\n<meta property=\"og:url\" content=\"https:\/\/tajkertesz.com\/en_US\/product\/fargesia-angustissima-keskenylevelu-bokorbambusz\/\" \/>\n<meta property=\"og:site_name\" content=\"T\u00e1jkert\u00e9sz\" \/>\n<meta property=\"article:publisher\" content=\"https:\/\/www.facebook.com\/Tajkertesz\/\" \/>\n<meta property=\"article:modified_time\" content=\"2026-05-05T09:42:36+00:00\" \/>\n<meta property=\"og:image\" content=\"https:\/\/tajkertesz.com\/wp-content\/uploads\/2026\/05\/Fargesia-angustissima.jpg\" \/>\n\t<meta property=\"og:image:width\" content=\"1080\" \/>\n\t<meta property=\"og:image:height\" content=\"720\" \/>\n\t<meta property=\"og:image:type\" content=\"image\/jpeg\" \/>\n<meta name=\"twitter:card\" content=\"summary_large_image\" \/>\n<meta name=\"twitter:label1\" content=\"Est. reading time\" \/>\n\t<meta name=\"twitter:data1\" content=\"3 minutes\" \/>\n<script type=\"application\/ld+json\" class=\"yoast-schema-graph\">{\"@context\":\"https:\\\/\\\/schema.org\",\"@graph\":[{\"@type\":\"WebPage\",\"@id\":\"https:\\\/\\\/tajkertesz.com\\\/termek\\\/fargesia-angustissima-keskenylevelu-bokorbambusz\\\/\",\"url\":\"https:\\\/\\\/tajkertesz.com\\\/termek\\\/fargesia-angustissima-keskenylevelu-bokorbambusz\\\/\",\"name\":\"Fargesia angustissima - Keskenylevel\u0171 bokorbambusz - T\u00e1jkert\u00e9sz\",\"isPartOf\":{\"@id\":\"https:\\\/\\\/tajkertesz.com\\\/#website\"},\"primaryImageOfPage\":{\"@id\":\"https:\\\/\\\/tajkertesz.com\\\/termek\\\/fargesia-angustissima-keskenylevelu-bokorbambusz\\\/#primaryimage\"},\"image\":{\"@id\":\"https:\\\/\\\/tajkertesz.com\\\/termek\\\/fargesia-angustissima-keskenylevelu-bokorbambusz\\\/#primaryimage\"},\"thumbnailUrl\":\"https:\\\/\\\/tajkertesz.com\\\/wp-content\\\/uploads\\\/2026\\\/05\\\/Fargesia-angustissima.jpg\",\"datePublished\":\"2026-05-05T09:42:34+00:00\",\"dateModified\":\"2026-05-05T09:42:36+00:00\",\"description\":\"Fargesia angustissima - Keskenylevel\u0171 bokorbambusz \u2013 t\u00e9l\u00e1ll\u00f3, nem terjed\u0151, gyors n\u00f6veked\u00e9s\u0171 n\u00f6v\u00e9ny. Ide\u00e1lis kertekbe, teraszra.\",\"breadcrumb\":{\"@id\":\"https:\\\/\\\/tajkertesz.com\\\/termek\\\/fargesia-angustissima-keskenylevelu-bokorbambusz\\\/#breadcrumb\"},\"inLanguage\":\"en-US\",\"potentialAction\":[{\"@type\":\"ReadAction\",\"target\":[\"https:\\\/\\\/tajkertesz.com\\\/termek\\\/fargesia-angustissima-keskenylevelu-bokorbambusz\\\/\"]}]},{\"@type\":\"ImageObject\",\"inLanguage\":\"en-US\",\"@id\":\"https:\\\/\\\/tajkertesz.com\\\/termek\\\/fargesia-angustissima-keskenylevelu-bokorbambusz\\\/#primaryimage\",\"url\":\"https:\\\/\\\/tajkertesz.com\\\/wp-content\\\/uploads\\\/2026\\\/05\\\/Fargesia-angustissima.jpg\",\"contentUrl\":\"https:\\\/\\\/tajkertesz.com\\\/wp-content\\\/uploads\\\/2026\\\/05\\\/Fargesia-angustissima.jpg\",\"width\":1080,\"height\":720,\"caption\":\"Fargesia angustissima - Keskenylevel\u0171 bokorbambusz\"},{\"@type\":\"BreadcrumbList\",\"@id\":\"https:\\\/\\\/tajkertesz.com\\\/termek\\\/fargesia-angustissima-keskenylevelu-bokorbambusz\\\/#breadcrumb\",\"itemListElement\":[{\"@type\":\"ListItem\",\"position\":1,\"name\":\"Home\",\"item\":\"https:\\\/\\\/tajkertesz.com\\\/\"},{\"@type\":\"ListItem\",\"position\":2,\"name\":\"Kezd\u0151lap\",\"item\":\"https:\\\/\\\/tajkertesz.com\\\/\"},{\"@type\":\"ListItem\",\"position\":3,\"name\":\"Fargesia angustissima &#8211; Keskenylevel\u0171 bokorbambusz\"}]},{\"@type\":\"WebSite\",\"@id\":\"https:\\\/\\\/tajkertesz.com\\\/#website\",\"url\":\"https:\\\/\\\/tajkertesz.com\\\/\",\"name\":\"T\u00e1j-Kert\u00e9sz 84 Kft.\",\"description\":\"Kert\u00e9szeti kis- \u00e9s nagykeresked\u00e9s, D\u00edszn\u00f6v\u00e9ny web\u00e1ruh\u00e1z orsz\u00e1gos h\u00e1zhozsz\u00e1ll\u00edt\u00e1ssal!\",\"publisher\":{\"@id\":\"https:\\\/\\\/tajkertesz.com\\\/#organization\"},\"potentialAction\":[{\"@type\":\"SearchAction\",\"target\":{\"@type\":\"EntryPoint\",\"urlTemplate\":\"https:\\\/\\\/tajkertesz.com\\\/?s={search_term_string}\"},\"query-input\":{\"@type\":\"PropertyValueSpecification\",\"valueRequired\":true,\"valueName\":\"search_term_string\"}}],\"inLanguage\":\"en-US\"},{\"@type\":\"Organization\",\"@id\":\"https:\\\/\\\/tajkertesz.com\\\/#organization\",\"name\":\"T\u00e1j-Kert\u00e9sz 84 Kft.\",\"url\":\"https:\\\/\\\/tajkertesz.com\\\/\",\"logo\":{\"@type\":\"ImageObject\",\"inLanguage\":\"en-US\",\"@id\":\"https:\\\/\\\/tajkertesz.com\\\/#\\\/schema\\\/logo\\\/image\\\/\",\"url\":\"https:\\\/\\\/tajkertesz.com\\\/wp-content\\\/uploads\\\/2018\\\/02\\\/logo-2-e1518678052539.png\",\"contentUrl\":\"https:\\\/\\\/tajkertesz.com\\\/wp-content\\\/uploads\\\/2018\\\/02\\\/logo-2-e1518678052539.png\",\"width\":81,\"height\":140,\"caption\":\"T\u00e1j-Kert\u00e9sz 84 Kft.\"},\"image\":{\"@id\":\"https:\\\/\\\/tajkertesz.com\\\/#\\\/schema\\\/logo\\\/image\\\/\"},\"sameAs\":[\"https:\\\/\\\/www.facebook.com\\\/Tajkertesz\\\/\"]}]}<\/script>\n<!-- \/ Yoast SEO plugin. -->","yoast_head_json":{"title":"Fargesia angustissima - Keskenylevel\u0171 bokorbambusz - T\u00e1jkert\u00e9sz","description":"Fargesia angustissima - Keskenylevel\u0171 bokorbambusz \u2013 t\u00e9l\u00e1ll\u00f3, nem terjed\u0151, gyors n\u00f6veked\u00e9s\u0171 n\u00f6v\u00e9ny. Ide\u00e1lis kertekbe, teraszra.","robots":{"index":"index","follow":"follow","max-snippet":"max-snippet:-1","max-image-preview":"max-image-preview:large","max-video-preview":"max-video-preview:-1"},"canonical":"https:\/\/tajkertesz.com\/en_US\/product\/fargesia-angustissima-keskenylevelu-bokorbambusz\/","og_locale":"en_US","og_type":"article","og_title":"Fargesia angustissima - Keskenylevel\u0171 bokorbambusz - T\u00e1jkert\u00e9sz","og_description":"Fargesia angustissima - Keskenylevel\u0171 bokorbambusz \u2013 t\u00e9l\u00e1ll\u00f3, nem terjed\u0151, gyors n\u00f6veked\u00e9s\u0171 n\u00f6v\u00e9ny. Ide\u00e1lis kertekbe, teraszra.","og_url":"https:\/\/tajkertesz.com\/en_US\/product\/fargesia-angustissima-keskenylevelu-bokorbambusz\/","og_site_name":"T\u00e1jkert\u00e9sz","article_publisher":"https:\/\/www.facebook.com\/Tajkertesz\/","article_modified_time":"2026-05-05T09:42:36+00:00","og_image":[{"width":1080,"height":720,"url":"https:\/\/tajkertesz.com\/wp-content\/uploads\/2026\/05\/Fargesia-angustissima.jpg","type":"image\/jpeg"}],"twitter_card":"summary_large_image","twitter_misc":{"Est. reading time":"3 minutes"},"schema":{"@context":"https:\/\/schema.org","@graph":[{"@type":"WebPage","@id":"https:\/\/tajkertesz.com\/termek\/fargesia-angustissima-keskenylevelu-bokorbambusz\/","url":"https:\/\/tajkertesz.com\/termek\/fargesia-angustissima-keskenylevelu-bokorbambusz\/","name":"Fargesia angustissima - Keskenylevel\u0171 bokorbambusz - T\u00e1jkert\u00e9sz","isPartOf":{"@id":"https:\/\/tajkertesz.com\/#website"},"primaryImageOfPage":{"@id":"https:\/\/tajkertesz.com\/termek\/fargesia-angustissima-keskenylevelu-bokorbambusz\/#primaryimage"},"image":{"@id":"https:\/\/tajkertesz.com\/termek\/fargesia-angustissima-keskenylevelu-bokorbambusz\/#primaryimage"},"thumbnailUrl":"https:\/\/tajkertesz.com\/wp-content\/uploads\/2026\/05\/Fargesia-angustissima.jpg","datePublished":"2026-05-05T09:42:34+00:00","dateModified":"2026-05-05T09:42:36+00:00","description":"Fargesia angustissima - Keskenylevel\u0171 bokorbambusz \u2013 t\u00e9l\u00e1ll\u00f3, nem terjed\u0151, gyors n\u00f6veked\u00e9s\u0171 n\u00f6v\u00e9ny. Ide\u00e1lis kertekbe, teraszra.","breadcrumb":{"@id":"https:\/\/tajkertesz.com\/termek\/fargesia-angustissima-keskenylevelu-bokorbambusz\/#breadcrumb"},"inLanguage":"en-US","potentialAction":[{"@type":"ReadAction","target":["https:\/\/tajkertesz.com\/termek\/fargesia-angustissima-keskenylevelu-bokorbambusz\/"]}]},{"@type":"ImageObject","inLanguage":"en-US","@id":"https:\/\/tajkertesz.com\/termek\/fargesia-angustissima-keskenylevelu-bokorbambusz\/#primaryimage","url":"https:\/\/tajkertesz.com\/wp-content\/uploads\/2026\/05\/Fargesia-angustissima.jpg","contentUrl":"https:\/\/tajkertesz.com\/wp-content\/uploads\/2026\/05\/Fargesia-angustissima.jpg","width":1080,"height":720,"caption":"Fargesia angustissima - Keskenylevel\u0171 bokorbambusz"},{"@type":"BreadcrumbList","@id":"https:\/\/tajkertesz.com\/termek\/fargesia-angustissima-keskenylevelu-bokorbambusz\/#breadcrumb","itemListElement":[{"@type":"ListItem","position":1,"name":"Home","item":"https:\/\/tajkertesz.com\/"},{"@type":"ListItem","position":2,"name":"Kezd\u0151lap","item":"https:\/\/tajkertesz.com\/"},{"@type":"ListItem","position":3,"name":"Fargesia angustissima &#8211; Keskenylevel\u0171 bokorbambusz"}]},{"@type":"WebSite","@id":"https:\/\/tajkertesz.com\/#website","url":"https:\/\/tajkertesz.com\/","name":"T\u00e1j-Kert\u00e9sz 84 Kft.","description":"Kert\u00e9szeti kis- \u00e9s nagykeresked\u00e9s, D\u00edszn\u00f6v\u00e9ny web\u00e1ruh\u00e1z orsz\u00e1gos h\u00e1zhozsz\u00e1ll\u00edt\u00e1ssal!","publisher":{"@id":"https:\/\/tajkertesz.com\/#organization"},"potentialAction":[{"@type":"SearchAction","target":{"@type":"EntryPoint","urlTemplate":"https:\/\/tajkertesz.com\/?s={search_term_string}"},"query-input":{"@type":"PropertyValueSpecification","valueRequired":true,"valueName":"search_term_string"}}],"inLanguage":"en-US"},{"@type":"Organization","@id":"https:\/\/tajkertesz.com\/#organization","name":"T\u00e1j-Kert\u00e9sz 84 Kft.","url":"https:\/\/tajkertesz.com\/","logo":{"@type":"ImageObject","inLanguage":"en-US","@id":"https:\/\/tajkertesz.com\/#\/schema\/logo\/image\/","url":"https:\/\/tajkertesz.com\/wp-content\/uploads\/2018\/02\/logo-2-e1518678052539.png","contentUrl":"https:\/\/tajkertesz.com\/wp-content\/uploads\/2018\/02\/logo-2-e1518678052539.png","width":81,"height":140,"caption":"T\u00e1j-Kert\u00e9sz 84 Kft."},"image":{"@id":"https:\/\/tajkertesz.com\/#\/schema\/logo\/image\/"},"sameAs":["https:\/\/www.facebook.com\/Tajkertesz\/"]}]}},"_links":{"self":[{"href":"https:\/\/tajkertesz.com\/en_US\/wp-json\/wp\/v2\/product\/26906","targetHints":{"allow":["GET"]}}],"collection":[{"href":"https:\/\/tajkertesz.com\/en_US\/wp-json\/wp\/v2\/product"}],"about":[{"href":"https:\/\/tajkertesz.com\/en_US\/wp-json\/wp\/v2\/types\/product"}],"wp:featuredmedia":[{"embeddable":true,"href":"https:\/\/tajkertesz.com\/en_US\/wp-json\/wp\/v2\/media\/26907"}],"wp:attachment":[{"href":"https:\/\/tajkertesz.com\/en_US\/wp-json\/wp\/v2\/media?parent=26906"}],"wp:term":[{"taxonomy":"product_brand","embeddable":true,"href":"https:\/\/tajkertesz.com\/en_US\/wp-json\/wp\/v2\/product_brand?post=26906"},{"taxonomy":"product_cat","embeddable":true,"href":"https:\/\/tajkertesz.com\/en_US\/wp-json\/wp\/v2\/product_cat?post=26906"},{"taxonomy":"product_tag","embeddable":true,"href":"https:\/\/tajkertesz.com\/en_US\/wp-json\/wp\/v2\/product_tag?post=26906"}],"curies":[{"name":"wp","href":"https:\/\/api.w.org\/{rel}","templated":true}]}}