{"id":26925,"date":"2026-05-06T14:23:00","date_gmt":"2026-05-06T14:23:00","guid":{"rendered":"https:\/\/tajkertesz.com\/?post_type=product&#038;p=26925"},"modified":"2026-05-06T14:24:08","modified_gmt":"2026-05-06T14:24:08","slug":"cotinus-coggygria-golden-spirit-arany-lombu-cserszomorce","status":"publish","type":"product","link":"https:\/\/tajkertesz.com\/en_US\/product\/cotinus-coggygria-golden-spirit-arany-lombu-cserszomorce\/","title":{"rendered":"Cotinus coggygria \u2018Golden Spirit\u2019 &#8211; Arany lomb\u00fa csersz\u00f6m\u00f6rce"},"content":{"rendered":"<h1 data-start=\"521\" data-end=\"749\">Cotinus coggygria \u2018Golden Spirit\u2019 &#8211; Arany lomb\u00fa csersz\u00f6m\u00f6rce<\/h1>\n<p data-start=\"521\" data-end=\"749\">A Cotinus coggygria \u2018Golden Spirit\u2019 &#8211; Arany lomb\u00fa csersz\u00f6m\u00f6rce\u00a0egy rendk\u00edv\u00fcl l\u00e1tv\u00e1nyos lombhullat\u00f3 d\u00edszcserje, amely \u00e9l\u00e9nk s\u00e1rga leveleivel \u00e9s k\u00fcl\u00f6nleges, f\u00fcsth\u00f6z hasonl\u00f3 vir\u00e1gzat\u00e1val h\u00edvja fel mag\u00e1ra a figyelmet.<\/p>\n<p data-start=\"751\" data-end=\"958\">Tavaszt\u00f3l \u0151szig aranys\u00e1rga lombsz\u00edne vil\u00e1gos\u00edtja a kertet, majd \u0151sszel narancsos-v\u00f6r\u00f6s \u00e1rnyalatokra v\u00e1lt. Ny\u00e1r elej\u00e9n megjelen\u0151, l\u00e9gies bugavir\u00e1gzata \u201ef\u00fcst\u00f6s\u201d hat\u00e1st kelt, amelyr\u0151l a n\u00f6v\u00e9ny a nev\u00e9t is kapta.<\/p>\n<h2 data-start=\"521\" data-end=\"749\">Cotinus coggygria \u2018Golden Spirit\u2019 jellemz\u0151k:<\/h2>\n<ul data-start=\"980\" data-end=\"1167\">\n<li data-section-id=\"165lvfv\" data-start=\"980\" data-end=\"1003\">Magass\u00e1g: 2\u20133 m\u00e9ter<\/li>\n<li data-section-id=\"1v07zz4\" data-start=\"1004\" data-end=\"1028\">Sz\u00e9less\u00e9g: 2\u20133 m\u00e9ter<\/li>\n<li data-section-id=\"4rkhs0\" data-start=\"1029\" data-end=\"1056\">Vir\u00e1gz\u00e1s: j\u00fanius\u2013j\u00falius<\/li>\n<li data-section-id=\"6unwvr\" data-start=\"1057\" data-end=\"1096\">F\u00e9nyig\u00e9ny: napos \/ f\u00e9l\u00e1rny\u00e9kos hely<\/li>\n<li data-section-id=\"182iq41\" data-start=\"1097\" data-end=\"1134\">Talajig\u00e9ny: j\u00f3 v\u00edz\u00e1tereszt\u0151 talaj<\/li>\n<li data-section-id=\"1fue4st\" data-start=\"1135\" data-end=\"1167\">T\u00e9l\u00e1ll\u00f3s\u00e1g: teljesen t\u00e9l\u00e1ll\u00f3<\/li>\n<\/ul>\n<h3 data-section-id=\"vou4we\" data-start=\"1169\" data-end=\"1181\">El\u0151ny\u00f6k:<\/h3>\n<ul data-start=\"1182\" data-end=\"1306\">\n<li data-section-id=\"zzng6i\" data-start=\"1182\" data-end=\"1214\">Rendk\u00edv\u00fcl dekorat\u00edv lombsz\u00edn<\/li>\n<li data-section-id=\"1at0oma\" data-start=\"1215\" data-end=\"1242\">Kev\u00e9s gondoz\u00e1st ig\u00e9nyel<\/li>\n<li data-section-id=\"175o73s\" data-start=\"1243\" data-end=\"1286\">Szoliterk\u00e9nt \u00e9s s\u00f6v\u00e9nyk\u00e9nt is \u00fcltethet\u0151<\/li>\n<li data-section-id=\"ll1low\" data-start=\"1287\" data-end=\"1306\">M\u00e9hbar\u00e1t n\u00f6v\u00e9ny<\/li>\n<\/ul>\n<h4><strong>\ud83d\udd04 K\u00e9szletinform\u00e1ci\u00f3<\/strong><\/h4>\n<p><strong>K\u00e9szlet\u00fcnk napi szinten v\u00e1ltozik, \u00edgy a webshopban szerepl<\/strong><strong>\u0151<\/strong><strong>\u00a0term\u00e9kek el\u00e9rhet<\/strong><strong>\u0151<\/strong><strong>s\u00e9ge nem garant\u00e1lt.<br \/>\n\ud83d\udcde A megrendel\u00e9s el<\/strong><strong>\u0151<\/strong><strong>tt k\u00e9rj\u00fck, \u00e9rdekl<\/strong><strong>\u0151<\/strong><strong>dj\u00f6n szem\u00e9lyesen, telefonon vagy e-mailben!<\/strong><\/p>\n<h4><strong>\u27a1\ufe0f Kapcsolat:<\/strong><\/h4>\n<ul>\n<li><strong>Weboldal:\u00a0<\/strong><a href=\"https:\/\/tajkertesz.com\/\"><strong>tajkertesz.com<\/strong><\/a><\/li>\n<li><strong>Facebook:\u00a0<\/strong><a href=\"https:\/\/www.facebook.com\/tajkertesz\/\"><strong>facebook.com\/tajkertesz<\/strong><\/a><\/li>\n<li><strong>Telefonsz\u00e1m, e-mail: +36\/20-319-3770\u00a0<\/strong><a href=\"mailto:tajkerteszaruda@gmail.com\"><strong>tajkerteszaruda@gmail.com<\/strong><\/a><\/li>\n<\/ul>\n<h4><strong>\ud83d\ude9a Sz\u00e1ll\u00edt\u00e1si inform\u00e1ci\u00f3k<\/strong><\/h4>\n<p><strong>A megrendelt n\u00f6v\u00e9nyek kisz\u00e1ll\u00edt\u00e1sa az al\u00e1bbi felt\u00e9telek mellett t\u00f6rt\u00e9nik:<\/strong><\/p>\n<h4><strong>\ud83d\udce6 Fut\u00e1rszolg\u00e1latos sz\u00e1ll\u00edt\u00e1s<\/strong><\/h4>\n<ul>\n<li><strong>Maxim\u00e1lis m\u00e9ret: 200 cm (hossz\u00fas\u00e1g)<\/strong><\/li>\n<li><strong>Maxim\u00e1lis s\u00faly: 40 kg<\/strong><\/li>\n<li><strong>Az enn\u00e9l kisebb \u00e9s k\u00f6nnyebb csomagokat fut\u00e1rszolg\u00e1lattal k\u00e9zbes\u00edtj\u00fck a lehet<\/strong><strong>\u0151<\/strong><strong>\u00a0legbiztons\u00e1gosabb csomagol\u00e1sban.<\/strong><\/li>\n<\/ul>\n<h4><strong>\ud83d\udefb Szem\u00e9lyes \u00e1tv\u00e9tel<\/strong><\/h4>\n<ul>\n<li><strong>1173 Budapest, Bakancsos utca 7. sz\u00e1m alatt nyitvatart\u00e1si id<\/strong><strong>\u0151<\/strong><strong>ben szem\u00e9lyesen \u00e1tvehet<\/strong><strong>\u0151<\/strong><strong>\u00a0kert\u00e9szeti \u00e1rud\u00e1nkban.<\/strong><\/li>\n<li><strong>K\u00f6lts\u00e9ghat\u00e9kony megold\u00e1s nagyobb, t\u00f6r\u00e9kenyebb vagy t\u00falm\u00e9retes n\u00f6v\u00e9nyek eset\u00e9n.<\/strong><\/li>\n<\/ul>\n<h4><strong>\ud83d\udcde Nagy m\u00e9ret<\/strong><strong>\u0171<\/strong><strong>\u00a0vagy s\u00faly\u00fa n\u00f6v\u00e9nyek eset\u00e9n<\/strong><\/h4>\n<p><strong>Ha a term\u00e9k:<\/strong><\/p>\n<ul>\n<li><strong>meghaladja a 200 cm hossz\u00fas\u00e1got vagy<\/strong><\/li>\n<li><strong>meghaladja a 40 kg s\u00falyt,<\/strong><\/li>\n<\/ul>\n<p><strong>akkor szem\u00e9lyes \u00e1tv\u00e9tellel vagy egyedi, el<\/strong><strong>\u0151<\/strong><strong>re egyeztetett sz\u00e1ll\u00edt\u00e1si felt\u00e9telek mellett t\u00f6rt\u00e9nik.<br \/>\nK\u00e9rj\u00fck, ilyen esetben rendel\u00e9s el<\/strong><strong>\u0151<\/strong><strong>tt vegye fel vel\u00fcnk a kapcsolatot, hogy a lehet<\/strong><strong>\u0151<\/strong><strong>\u00a0legmegfelel<\/strong><strong>\u0151<\/strong><strong>bb sz\u00e1ll\u00edt\u00e1si megold\u00e1st k\u00edn\u00e1lhassuk.<\/strong><\/p>\n<p><strong>\ud83d\udd14 Fontos: A n\u00f6v\u00e9nyeket minden esetben igyeksz\u00fcnk gondosan, egyes\u00e9vel csomagolni, azonban a sz\u00e1ll\u00edt\u00e1s sor\u00e1n kisebb eszt\u00e9tikai s\u00e9r\u00fcl\u00e9sek el<\/strong><strong>\u0151<\/strong><strong>fordulhatnak (pl. lev\u00e9lhull\u00e1s). Ez nem min<\/strong><strong>\u0151<\/strong><strong>s\u00fcl hib\u00e1s teljes\u00edt\u00e9snek.<\/strong><\/p>\n<h4><strong>\ud83d\udcf7 Fontos tudni a k\u00e9pekr<\/strong><strong>\u0151<\/strong><strong>l<\/strong><\/h4>\n<p><strong>A webshopban szerepl<\/strong><strong>\u0151<\/strong><strong>\u00a0k\u00e9pek illusztr\u00e1ci\u00f3k, a n\u00f6v\u00e9nyek term\u00e9szet\u00fckn\u00e9l fogva egyediek, \u00edgy m\u00e9retben, alakban \u00e9s sz\u00ednben minim\u00e1lis elt\u00e9r\u00e9sek el<\/strong><strong>\u0151<\/strong><strong>fordulhatnak a k\u00e9pen l\u00e1that\u00f3 \u00e9s a val\u00f3s p\u00e9ld\u00e1nyok k\u00f6z\u00f6tt.<\/strong><\/p>\n<h4><strong>\ud83e\uddfe \u00c1rak \u00e9s el\u00e1ll\u00e1si jog<\/strong><\/h4>\n<ul>\n<li><strong>Az \u00e1rak egy darab\u00a0n\u00f6v\u00e9nyre vonatkoznak.<\/strong><\/li>\n<li><strong>\u00c9l<\/strong><strong>\u0151<\/strong><strong>\u00a0n\u00f6v\u00e9nyek rendel\u00e9se eset\u00e9n a 14 napos el\u00e1ll\u00e1s joga nem \u00e9rv\u00e9nyes\u00edthet<\/strong><strong>\u0151<\/strong><strong>, mivel azok romland\u00f3, biol\u00f3giailag \u00e9l<\/strong><strong>\u0151<\/strong><strong>\u00a0term\u00e9keknek min<\/strong><strong>\u0151<\/strong><strong>s\u00fclnek.<br \/>\n\ud83d\udd12 (17\/1999. (II. 5.) Korm. rendelet 5. \u00a7 c) pontja alapj\u00e1n)<\/strong><\/li>\n<\/ul>\n<h4><strong>\ud83d\udce6 K\u00e9zbes\u00edt\u00e9s ut\u00e1ni teend<\/strong><strong>\u0151<\/strong><strong>k<\/strong><\/h4>\n<p><strong>A k\u00e9zbes\u00edt\u00e9st k\u00f6vet<\/strong><strong>\u0151<\/strong><strong>en a csomagot azonnal bontsuk ki, \u00e9s a n\u00f6v\u00e9nyt helyezz\u00fck el megfelel<\/strong><strong>\u0151<\/strong><strong>\u00a0k\u00f6rnyezetben.<br \/>\nFontos: ha a n\u00f6v\u00e9ny nem r\u00e9szes\u00fcl megfelel<\/strong><strong>\u0151<\/strong><strong>\u00a0gondoz\u00e1sban \u00e9s ennek k\u00f6vetkezt\u00e9ben k\u00e1rosodik vagy elpusztul, felel<\/strong><strong>\u0151<\/strong><strong>ss\u00e9get nem tudunk v\u00e1llalni.<\/strong><\/p>","protected":false},"excerpt":{"rendered":"<p>K\u00fcl\u00f6nleges, aranys\u00e1rga lombsz\u00edn\u0171 d\u00edszcserje, amely eg\u00e9sz szezonban dekorat\u00edv megjelen\u00e9st biztos\u00edt. L\u00e9gies, f\u00fcst\u00f6s vir\u00e1gzata igazi kertd\u00edsz.<\/p>\n<p>M\u00e9rete: 20\/30 cm magas, 2 literes kont\u00e9nerben.<\/p>","protected":false},"featured_media":26926,"template":"","meta":{"_et_pb_use_builder":"","_et_pb_old_content":"","_et_gb_content_width":""},"product_brand":[],"product_cat":[27],"product_tag":[],"class_list":{"0":"post-26925","1":"product","2":"type-product","3":"status-publish","4":"has-post-thumbnail","6":"product_cat-cserjek","8":"first","9":"instock","10":"shipping-taxable","11":"purchasable","12":"product-type-simple"},"yoast_head":"<!-- This site is optimized with the Yoast SEO plugin v27.5 - https:\/\/yoast.com\/product\/yoast-seo-wordpress\/ -->\n<title>Cotinus coggygria \u2018Golden Spirit\u2019 - Arany lomb\u00fa csersz\u00f6m\u00f6rce - T\u00e1jkert\u00e9sz<\/title>\n<meta name=\"description\" content=\"Cotinus coggygria \u2018Golden Spirit\u2019 \u2013 Arany lomb\u00fa csersz\u00f6m\u00f6rce. Dekorat\u00edv lomb, f\u00fcst\u00f6s vir\u00e1gzat, k\u00f6nnyen gondozhat\u00f3 d\u00edszcserje kertekbe.\" \/>\n<meta name=\"robots\" content=\"index, follow, max-snippet:-1, max-image-preview:large, max-video-preview:-1\" \/>\n<link rel=\"canonical\" href=\"https:\/\/tajkertesz.com\/en_US\/product\/cotinus-coggygria-golden-spirit-arany-lombu-cserszomorce\/\" \/>\n<meta property=\"og:locale\" content=\"en_US\" \/>\n<meta property=\"og:type\" content=\"article\" \/>\n<meta property=\"og:title\" content=\"Cotinus coggygria \u2018Golden Spirit\u2019 - Arany lomb\u00fa csersz\u00f6m\u00f6rce - T\u00e1jkert\u00e9sz\" \/>\n<meta property=\"og:description\" content=\"Cotinus coggygria \u2018Golden Spirit\u2019 \u2013 Arany lomb\u00fa csersz\u00f6m\u00f6rce. Dekorat\u00edv lomb, f\u00fcst\u00f6s vir\u00e1gzat, k\u00f6nnyen gondozhat\u00f3 d\u00edszcserje kertekbe.\" \/>\n<meta property=\"og:url\" content=\"https:\/\/tajkertesz.com\/en_US\/product\/cotinus-coggygria-golden-spirit-arany-lombu-cserszomorce\/\" \/>\n<meta property=\"og:site_name\" content=\"T\u00e1jkert\u00e9sz\" \/>\n<meta property=\"article:publisher\" content=\"https:\/\/www.facebook.com\/Tajkertesz\/\" \/>\n<meta property=\"article:modified_time\" content=\"2026-05-06T14:24:08+00:00\" \/>\n<meta property=\"og:image\" content=\"https:\/\/tajkertesz.com\/wp-content\/uploads\/2026\/05\/20260506_124316-scaled.jpg\" \/>\n\t<meta property=\"og:image:width\" content=\"2560\" \/>\n\t<meta property=\"og:image:height\" content=\"2560\" \/>\n\t<meta property=\"og:image:type\" content=\"image\/jpeg\" \/>\n<meta name=\"twitter:card\" content=\"summary_large_image\" \/>\n<meta name=\"twitter:label1\" content=\"Est. reading time\" \/>\n\t<meta name=\"twitter:data1\" content=\"3 minutes\" \/>\n<script type=\"application\/ld+json\" class=\"yoast-schema-graph\">{\"@context\":\"https:\\\/\\\/schema.org\",\"@graph\":[{\"@type\":\"WebPage\",\"@id\":\"https:\\\/\\\/tajkertesz.com\\\/termek\\\/cotinus-coggygria-golden-spirit-arany-lombu-cserszomorce\\\/\",\"url\":\"https:\\\/\\\/tajkertesz.com\\\/termek\\\/cotinus-coggygria-golden-spirit-arany-lombu-cserszomorce\\\/\",\"name\":\"Cotinus coggygria \u2018Golden Spirit\u2019 - Arany lomb\u00fa csersz\u00f6m\u00f6rce - T\u00e1jkert\u00e9sz\",\"isPartOf\":{\"@id\":\"https:\\\/\\\/tajkertesz.com\\\/#website\"},\"primaryImageOfPage\":{\"@id\":\"https:\\\/\\\/tajkertesz.com\\\/termek\\\/cotinus-coggygria-golden-spirit-arany-lombu-cserszomorce\\\/#primaryimage\"},\"image\":{\"@id\":\"https:\\\/\\\/tajkertesz.com\\\/termek\\\/cotinus-coggygria-golden-spirit-arany-lombu-cserszomorce\\\/#primaryimage\"},\"thumbnailUrl\":\"https:\\\/\\\/tajkertesz.com\\\/wp-content\\\/uploads\\\/2026\\\/05\\\/20260506_124316-scaled.jpg\",\"datePublished\":\"2026-05-06T14:23:00+00:00\",\"dateModified\":\"2026-05-06T14:24:08+00:00\",\"description\":\"Cotinus coggygria \u2018Golden Spirit\u2019 \u2013 Arany lomb\u00fa csersz\u00f6m\u00f6rce. Dekorat\u00edv lomb, f\u00fcst\u00f6s vir\u00e1gzat, k\u00f6nnyen gondozhat\u00f3 d\u00edszcserje kertekbe.\",\"breadcrumb\":{\"@id\":\"https:\\\/\\\/tajkertesz.com\\\/termek\\\/cotinus-coggygria-golden-spirit-arany-lombu-cserszomorce\\\/#breadcrumb\"},\"inLanguage\":\"en-US\",\"potentialAction\":[{\"@type\":\"ReadAction\",\"target\":[\"https:\\\/\\\/tajkertesz.com\\\/termek\\\/cotinus-coggygria-golden-spirit-arany-lombu-cserszomorce\\\/\"]}]},{\"@type\":\"ImageObject\",\"inLanguage\":\"en-US\",\"@id\":\"https:\\\/\\\/tajkertesz.com\\\/termek\\\/cotinus-coggygria-golden-spirit-arany-lombu-cserszomorce\\\/#primaryimage\",\"url\":\"https:\\\/\\\/tajkertesz.com\\\/wp-content\\\/uploads\\\/2026\\\/05\\\/20260506_124316-scaled.jpg\",\"contentUrl\":\"https:\\\/\\\/tajkertesz.com\\\/wp-content\\\/uploads\\\/2026\\\/05\\\/20260506_124316-scaled.jpg\",\"width\":2560,\"height\":2560,\"caption\":\"Cotinus coggygria \u2018Golden Spirit\u2019 - Arany lomb\u00fa csersz\u00f6m\u00f6rce\"},{\"@type\":\"BreadcrumbList\",\"@id\":\"https:\\\/\\\/tajkertesz.com\\\/termek\\\/cotinus-coggygria-golden-spirit-arany-lombu-cserszomorce\\\/#breadcrumb\",\"itemListElement\":[{\"@type\":\"ListItem\",\"position\":1,\"name\":\"Home\",\"item\":\"https:\\\/\\\/tajkertesz.com\\\/\"},{\"@type\":\"ListItem\",\"position\":2,\"name\":\"Kezd\u0151lap\",\"item\":\"https:\\\/\\\/tajkertesz.com\\\/\"},{\"@type\":\"ListItem\",\"position\":3,\"name\":\"Cotinus coggygria \u2018Golden Spirit\u2019 &#8211; Arany lomb\u00fa csersz\u00f6m\u00f6rce\"}]},{\"@type\":\"WebSite\",\"@id\":\"https:\\\/\\\/tajkertesz.com\\\/#website\",\"url\":\"https:\\\/\\\/tajkertesz.com\\\/\",\"name\":\"T\u00e1j-Kert\u00e9sz 84 Kft.\",\"description\":\"Kert\u00e9szeti kis- \u00e9s nagykeresked\u00e9s, D\u00edszn\u00f6v\u00e9ny web\u00e1ruh\u00e1z orsz\u00e1gos h\u00e1zhozsz\u00e1ll\u00edt\u00e1ssal!\",\"publisher\":{\"@id\":\"https:\\\/\\\/tajkertesz.com\\\/#organization\"},\"potentialAction\":[{\"@type\":\"SearchAction\",\"target\":{\"@type\":\"EntryPoint\",\"urlTemplate\":\"https:\\\/\\\/tajkertesz.com\\\/?s={search_term_string}\"},\"query-input\":{\"@type\":\"PropertyValueSpecification\",\"valueRequired\":true,\"valueName\":\"search_term_string\"}}],\"inLanguage\":\"en-US\"},{\"@type\":\"Organization\",\"@id\":\"https:\\\/\\\/tajkertesz.com\\\/#organization\",\"name\":\"T\u00e1j-Kert\u00e9sz 84 Kft.\",\"url\":\"https:\\\/\\\/tajkertesz.com\\\/\",\"logo\":{\"@type\":\"ImageObject\",\"inLanguage\":\"en-US\",\"@id\":\"https:\\\/\\\/tajkertesz.com\\\/#\\\/schema\\\/logo\\\/image\\\/\",\"url\":\"https:\\\/\\\/tajkertesz.com\\\/wp-content\\\/uploads\\\/2018\\\/02\\\/logo-2-e1518678052539.png\",\"contentUrl\":\"https:\\\/\\\/tajkertesz.com\\\/wp-content\\\/uploads\\\/2018\\\/02\\\/logo-2-e1518678052539.png\",\"width\":81,\"height\":140,\"caption\":\"T\u00e1j-Kert\u00e9sz 84 Kft.\"},\"image\":{\"@id\":\"https:\\\/\\\/tajkertesz.com\\\/#\\\/schema\\\/logo\\\/image\\\/\"},\"sameAs\":[\"https:\\\/\\\/www.facebook.com\\\/Tajkertesz\\\/\"]}]}<\/script>\n<!-- \/ Yoast SEO plugin. -->","yoast_head_json":{"title":"Cotinus coggygria \u2018Golden Spirit\u2019 - Arany lomb\u00fa csersz\u00f6m\u00f6rce - T\u00e1jkert\u00e9sz","description":"Cotinus coggygria \u2018Golden Spirit\u2019 \u2013 Arany lomb\u00fa csersz\u00f6m\u00f6rce. Dekorat\u00edv lomb, f\u00fcst\u00f6s vir\u00e1gzat, k\u00f6nnyen gondozhat\u00f3 d\u00edszcserje kertekbe.","robots":{"index":"index","follow":"follow","max-snippet":"max-snippet:-1","max-image-preview":"max-image-preview:large","max-video-preview":"max-video-preview:-1"},"canonical":"https:\/\/tajkertesz.com\/en_US\/product\/cotinus-coggygria-golden-spirit-arany-lombu-cserszomorce\/","og_locale":"en_US","og_type":"article","og_title":"Cotinus coggygria \u2018Golden Spirit\u2019 - Arany lomb\u00fa csersz\u00f6m\u00f6rce - T\u00e1jkert\u00e9sz","og_description":"Cotinus coggygria \u2018Golden Spirit\u2019 \u2013 Arany lomb\u00fa csersz\u00f6m\u00f6rce. Dekorat\u00edv lomb, f\u00fcst\u00f6s vir\u00e1gzat, k\u00f6nnyen gondozhat\u00f3 d\u00edszcserje kertekbe.","og_url":"https:\/\/tajkertesz.com\/en_US\/product\/cotinus-coggygria-golden-spirit-arany-lombu-cserszomorce\/","og_site_name":"T\u00e1jkert\u00e9sz","article_publisher":"https:\/\/www.facebook.com\/Tajkertesz\/","article_modified_time":"2026-05-06T14:24:08+00:00","og_image":[{"width":2560,"height":2560,"url":"https:\/\/tajkertesz.com\/wp-content\/uploads\/2026\/05\/20260506_124316-scaled.jpg","type":"image\/jpeg"}],"twitter_card":"summary_large_image","twitter_misc":{"Est. reading time":"3 minutes"},"schema":{"@context":"https:\/\/schema.org","@graph":[{"@type":"WebPage","@id":"https:\/\/tajkertesz.com\/termek\/cotinus-coggygria-golden-spirit-arany-lombu-cserszomorce\/","url":"https:\/\/tajkertesz.com\/termek\/cotinus-coggygria-golden-spirit-arany-lombu-cserszomorce\/","name":"Cotinus coggygria \u2018Golden Spirit\u2019 - Arany lomb\u00fa csersz\u00f6m\u00f6rce - T\u00e1jkert\u00e9sz","isPartOf":{"@id":"https:\/\/tajkertesz.com\/#website"},"primaryImageOfPage":{"@id":"https:\/\/tajkertesz.com\/termek\/cotinus-coggygria-golden-spirit-arany-lombu-cserszomorce\/#primaryimage"},"image":{"@id":"https:\/\/tajkertesz.com\/termek\/cotinus-coggygria-golden-spirit-arany-lombu-cserszomorce\/#primaryimage"},"thumbnailUrl":"https:\/\/tajkertesz.com\/wp-content\/uploads\/2026\/05\/20260506_124316-scaled.jpg","datePublished":"2026-05-06T14:23:00+00:00","dateModified":"2026-05-06T14:24:08+00:00","description":"Cotinus coggygria \u2018Golden Spirit\u2019 \u2013 Arany lomb\u00fa csersz\u00f6m\u00f6rce. Dekorat\u00edv lomb, f\u00fcst\u00f6s vir\u00e1gzat, k\u00f6nnyen gondozhat\u00f3 d\u00edszcserje kertekbe.","breadcrumb":{"@id":"https:\/\/tajkertesz.com\/termek\/cotinus-coggygria-golden-spirit-arany-lombu-cserszomorce\/#breadcrumb"},"inLanguage":"en-US","potentialAction":[{"@type":"ReadAction","target":["https:\/\/tajkertesz.com\/termek\/cotinus-coggygria-golden-spirit-arany-lombu-cserszomorce\/"]}]},{"@type":"ImageObject","inLanguage":"en-US","@id":"https:\/\/tajkertesz.com\/termek\/cotinus-coggygria-golden-spirit-arany-lombu-cserszomorce\/#primaryimage","url":"https:\/\/tajkertesz.com\/wp-content\/uploads\/2026\/05\/20260506_124316-scaled.jpg","contentUrl":"https:\/\/tajkertesz.com\/wp-content\/uploads\/2026\/05\/20260506_124316-scaled.jpg","width":2560,"height":2560,"caption":"Cotinus coggygria \u2018Golden Spirit\u2019 - Arany lomb\u00fa csersz\u00f6m\u00f6rce"},{"@type":"BreadcrumbList","@id":"https:\/\/tajkertesz.com\/termek\/cotinus-coggygria-golden-spirit-arany-lombu-cserszomorce\/#breadcrumb","itemListElement":[{"@type":"ListItem","position":1,"name":"Home","item":"https:\/\/tajkertesz.com\/"},{"@type":"ListItem","position":2,"name":"Kezd\u0151lap","item":"https:\/\/tajkertesz.com\/"},{"@type":"ListItem","position":3,"name":"Cotinus coggygria \u2018Golden Spirit\u2019 &#8211; Arany lomb\u00fa csersz\u00f6m\u00f6rce"}]},{"@type":"WebSite","@id":"https:\/\/tajkertesz.com\/#website","url":"https:\/\/tajkertesz.com\/","name":"T\u00e1j-Kert\u00e9sz 84 Kft.","description":"Kert\u00e9szeti kis- \u00e9s nagykeresked\u00e9s, D\u00edszn\u00f6v\u00e9ny web\u00e1ruh\u00e1z orsz\u00e1gos h\u00e1zhozsz\u00e1ll\u00edt\u00e1ssal!","publisher":{"@id":"https:\/\/tajkertesz.com\/#organization"},"potentialAction":[{"@type":"SearchAction","target":{"@type":"EntryPoint","urlTemplate":"https:\/\/tajkertesz.com\/?s={search_term_string}"},"query-input":{"@type":"PropertyValueSpecification","valueRequired":true,"valueName":"search_term_string"}}],"inLanguage":"en-US"},{"@type":"Organization","@id":"https:\/\/tajkertesz.com\/#organization","name":"T\u00e1j-Kert\u00e9sz 84 Kft.","url":"https:\/\/tajkertesz.com\/","logo":{"@type":"ImageObject","inLanguage":"en-US","@id":"https:\/\/tajkertesz.com\/#\/schema\/logo\/image\/","url":"https:\/\/tajkertesz.com\/wp-content\/uploads\/2018\/02\/logo-2-e1518678052539.png","contentUrl":"https:\/\/tajkertesz.com\/wp-content\/uploads\/2018\/02\/logo-2-e1518678052539.png","width":81,"height":140,"caption":"T\u00e1j-Kert\u00e9sz 84 Kft."},"image":{"@id":"https:\/\/tajkertesz.com\/#\/schema\/logo\/image\/"},"sameAs":["https:\/\/www.facebook.com\/Tajkertesz\/"]}]}},"_links":{"self":[{"href":"https:\/\/tajkertesz.com\/en_US\/wp-json\/wp\/v2\/product\/26925","targetHints":{"allow":["GET"]}}],"collection":[{"href":"https:\/\/tajkertesz.com\/en_US\/wp-json\/wp\/v2\/product"}],"about":[{"href":"https:\/\/tajkertesz.com\/en_US\/wp-json\/wp\/v2\/types\/product"}],"wp:featuredmedia":[{"embeddable":true,"href":"https:\/\/tajkertesz.com\/en_US\/wp-json\/wp\/v2\/media\/26926"}],"wp:attachment":[{"href":"https:\/\/tajkertesz.com\/en_US\/wp-json\/wp\/v2\/media?parent=26925"}],"wp:term":[{"taxonomy":"product_brand","embeddable":true,"href":"https:\/\/tajkertesz.com\/en_US\/wp-json\/wp\/v2\/product_brand?post=26925"},{"taxonomy":"product_cat","embeddable":true,"href":"https:\/\/tajkertesz.com\/en_US\/wp-json\/wp\/v2\/product_cat?post=26925"},{"taxonomy":"product_tag","embeddable":true,"href":"https:\/\/tajkertesz.com\/en_US\/wp-json\/wp\/v2\/product_tag?post=26925"}],"curies":[{"name":"wp","href":"https:\/\/api.w.org\/{rel}","templated":true}]}}