{"id":2696,"date":"2020-11-13T07:37:41","date_gmt":"2020-11-13T07:37:41","guid":{"rendered":"https:\/\/tajkertesz.com\/?post_type=product&#038;p=2696"},"modified":"2025-11-25T15:05:39","modified_gmt":"2025-11-25T15:05:39","slug":"siko-stop-zeolit-eko-kornyezetbarat-jegmentesito","status":"publish","type":"product","link":"https:\/\/tajkertesz.com\/en_US\/product\/siko-stop-zeolit-eko-kornyezetbarat-jegmentesito\/","title":{"rendered":"Siko Stop Zeolit Eko+ K\u00f6rnyezetbar\u00e1t j\u00e9gmentes\u00edt\u0151 10kg"},"content":{"rendered":"<div id=\"imCell_133\" class=\"\" data-responsive-sequence-number=\"6\">\n<div id=\"imTextObject_489_133\">\n<div id=\"imTextObject_489_133_tab0\" class=\"text-tab-content grid-prop current-tab\" data-index=\"0\">\n<h1>Siko Stop Zeolit Eko+ K\u00f6rnyezetbar\u00e1t j\u00e9gmentes\u00edt\u0151 10kg<\/h1>\n<p>Siko Stop Zeolit Eko+ K\u00f6rnyezetbar\u00e1t j\u00e9gmentes\u00edt\u0151 10kg<\/p>\n<div>A Siko Stop Zeolit Eko+ K\u00f6rnyezetbar\u00e1t j\u00e9gmentes\u00edt\u0151 <span class=\"fs13\">a s\u00f3n\u00e1l gyorsabban \u00e9s alacsonyabb h\u0151m\u00e9rs\u00e9kleten k\u00e9pes megolvasztani a jeget, \u00e9s <\/span><span class=\"fs13\">nem k\u00e1ros a n\u00f6v\u00e9nyekre, mint a s\u00f3, mert nincs benne n\u00e1trium.<\/span><\/div>\n<div><\/div>\n<div>A j\u00e1rd\u00e1k s\u00edkoss\u00e1gmentes\u00edt\u00e9s\u00e9r\u0151l az ingatlan tulajdonos\u00e1nak, kezel\u0151j\u00e9nek, haszn\u00e1l\u00f3j\u00e1nak kell gondoskodnia, az id\u0151j\u00e1r\u00e1s f\u00fcggv\u00e9ny\u00e9ben ak\u00e1r naponta t\u00f6bb alkalommal is.<\/div>\n<\/div>\n<\/div>\n<\/div>\n<div>\u00c9vente \u00e1tlagosan 40-50 napon \u00e1t kell gondoskodni az utak, utc\u00e1k s\u00edkoss\u00e1g- \u00e9s cs\u00fasz\u00e1smentes\u00edt\u00e9s\u00e9r\u0151l.<\/div>\n<div>Erre a nem t\u00fal h\u00e1l\u00e1s feladatra kiv\u00e1l\u00f3 term\u00e9k a Siko Stop Zeolit Eko+<\/div>\n<div><\/div>\n<div id=\"imCell_133\" class=\"\" data-responsive-sequence-number=\"6\">\n<div id=\"imTextObject_489_133\">\n<div id=\"imTextObject_489_133_tab0\" class=\"text-tab-content grid-prop current-tab\" data-index=\"0\">\n<div class=\"text-inner\">\n<p><span class=\"fs13\"><b>El\u0151nyei:<\/b><\/span><span class=\"fs13\">&#8211; a s\u00f3n\u00e1l gyorsabban \u00e9s alacsonyabb h\u0151m\u00e9rs\u00e9kletig k\u00e9pes megolvasztani a jeget<\/span><\/p>\n<div><span class=\"fs13\">&#8211; nem k\u00e1ros a n\u00f6v\u00e9nyekre, mint a s\u00f3, mert nincs benne n\u00e1trium<\/span><\/div>\n<div><span class=\"fs13\">&#8211; a hozz\u00e1kevert zeolit miatt a j\u00e9golvaszt\u00e1s mellett cs\u00fasz\u00e1smentes fel\u00fcletet is biztos\u00edt<\/span><\/div>\n<div><\/div>\n<div><\/div>\n<div><span class=\"fs13\"><b>H\u00e1tr\u00e1nyai:<\/b><\/span><\/div>\n<div><span class=\"fs13\">&#8211; dr\u00e1g\u00e1bb, mint a s\u00f3 (b\u00e1r l\u00e9nyegesen kevesebbet kell kisz\u00f3rni bel\u0151le)<\/span><\/div>\n<div><span class=\"fs13\">&#8211; a zeolit nem olvad el, \u00edgy h\u00f3olvad\u00e1s ut\u00e1n \u00f6ssze kell s\u00f6p\u00f6rni.<\/span><\/div>\n<div><\/div>\n<\/div>\n<\/div>\n<\/div>\n<\/div>\n<div id=\"imCell_134\" class=\"\" data-responsive-sequence-number=\"7\">\n<div id=\"imTextObject_489_134\">\n<div id=\"imTextObject_489_134_tab0\" class=\"text-tab-content grid-prop current-tab\" data-index=\"0\">\n<div class=\"text-inner\">\n<p><strong>Felhaszn\u00e1l\u00e1si ter\u00fcletei:<\/strong><\/p>\n<div><span class=\"fs13\">Haszn\u00e1lhat\u00f3 j\u00e1rd\u00e1k, l\u00e9pcs\u0151k, \u00fattestek, gar\u00e1zsbe\u00e1ll\u00f3k, parkol\u00f3k j\u00e9g- \u00e9s s\u00edkoss\u00e1gmentes\u00edt\u00e9s\u00e9re.<\/span><\/div>\n<div><\/div>\n<div><span class=\"fs13\"><b>Alkalmaz\u00e1sa:<\/b><\/span><\/div>\n<div><span class=\"fs13\">Az EKO+-t jeges fel\u00fcletre kell kisz\u00f3rni ahol azonnal elkezdi kifejteni hat\u00e1s\u00e1t.<\/span><\/div>\n<div><span class=\"fs13\"> A javasolt kijuttatand\u00f3 mennyis\u00e9g 50-100 g\/m2 (egy maroknyi\/m2). A kisz\u00f3rt mennyis\u00e9gt\u0151l f\u00fcgg\u0151en a jeget -10-14 C-ig k\u00e9pes megolvasztani.<\/span><\/div>\n<div><\/div>\n<div><strong>Jelen term\u00e9k\u00fcnk 10 kg-os kiszerel\u00e9s\u0171.<\/strong><\/div>\n<\/div>\n<\/div>\n<\/div>\n<\/div>\n<div><\/div>\n<div>\n<p style=\"line-height: 18.0pt; background: white; margin: 0cm 0cm 15.0pt 0cm;\"><span style=\"font-family: 'Ubuntu',serif; color: black;\">El\u00e9rhet\u0151 t\u00f6bbf\u00e9le m\u00e9retben \u00e9s \u00e1rban.<\/span><\/p>\n<p style=\"line-height: 18.0pt; background: white; margin: 0cm 0cm 15.0pt 0cm;\"><b><span style=\"font-family: 'Ubuntu',serif; color: black;\">K\u00e9szlet\u00fcnk napi szinten v\u00e1ltozik, ez\u00e9rt k\u00e9rj\u00fck, \u00e9rdekl\u0151dj\u00f6n szem\u00e9lyesen, telefonon vagy email-en.<br \/>\nA v\u00e1ltoztat\u00e1s jog\u00e1t fenntartjuk!\u00a0<\/span><\/b><\/p>\n<\/div>\n<div id=\"imCell_134\" class=\"\" data-responsive-sequence-number=\"7\">\n<div id=\"imTextObject_489_134\">\n<div id=\"imTextObject_489_134_tab0\" class=\"text-tab-content grid-prop current-tab\" data-index=\"0\">\n<div class=\"text-inner\">\n<div><\/div>\n<div><a href=\"https:\/\/tajkertesz.com\/\">https:\/\/tajkertesz.com\/<\/a><\/div>\n<div><a href=\"https:\/\/hu.wikipedia.org\/wiki\/Zeolitcsoport\">https:\/\/hu.wikipedia.org\/wiki\/Zeolitcsoport<\/a><\/div>\n<div><\/div>\n<div>\n<p><strong>Felhaszn\u00e1l\u00e1si ter\u00fcletei:<\/strong><\/p>\n<div><span class=\"fs13\">Haszn\u00e1lhat\u00f3 j\u00e1rd\u00e1k, l\u00e9pcs\u0151k, \u00fattestek, gar\u00e1zsbe\u00e1ll\u00f3k, parkol\u00f3k j\u00e9g- \u00e9s s\u00edkoss\u00e1gmentes\u00edt\u00e9s\u00e9re.<\/span><\/div>\n<div><\/div>\n<div><span class=\"fs13\"><b>Alkalmaz\u00e1sa:<\/b><\/span><\/div>\n<div><span class=\"fs13\">Az EKO+-t jeges fel\u00fcletre kell kisz\u00f3rni ahol azonnal elkezdi kifejteni hat\u00e1s\u00e1t.<\/span><\/div>\n<div><span class=\"fs13\"> A javasolt kijuttatand\u00f3 mennyis\u00e9g 50-100 g\/m2 (egy maroknyi\/m2). A kisz\u00f3rt mennyis\u00e9gt\u0151l f\u00fcgg\u0151en a jeget -10-14 C-ig k\u00e9pes megolvasztani.<\/span><\/div>\n<\/div>\n<\/div>\n<\/div>\n<\/div>\n<\/div>\n<div><\/div>\n<div><\/div>\n<div id=\"imCell_134\" class=\"\" data-responsive-sequence-number=\"7\">\n<div id=\"imTextObject_489_134\">\n<div id=\"imTextObject_489_134_tab0\" class=\"text-tab-content grid-prop current-tab\" data-index=\"0\">\n<div class=\"text-inner\">\n<div>\n<div>\n<div>\n<p><b>K\u00e9szlet\u00fcnk napi szinten v\u00e1ltozik, ez\u00e9rt k\u00e9rj\u00fck, \u00e9rdekl\u0151dj\u00f6n szem\u00e9lyesen, telefonon vagy email-en.<br \/>\nA v\u00e1ltoztat\u00e1s jog\u00e1t fenntartjuk!\u00a0<\/b><\/p>\n<p><a href=\"https:\/\/tajkertesz.com\/\">https:\/\/tajkertesz.com\/<\/a><\/p>\n<p><a href=\"https:\/\/www.facebook.com\/tajkertesz\/\">https:\/\/www.facebook.com\/tajkertesz\/<\/a><\/p>\n<h4>Kisz\u00e1ll\u00edt\u00e1s:<\/h4>\n<p>200cm-ig \u00e9s 40 kg-ig a sz\u00e1ll\u00edt\u00e1s fut\u00e1rszolg\u00e1lattal t\u00f6rt\u00e9nik.40kg feletti rendel\u00e9s eset\u00e9n egyedi sz\u00e1ll\u00edt\u00e1si k\u00f6lts\u00e9get kalkul\u00e1lunk. Raklapos sz\u00e1ll\u00edt\u00e1s eset\u00e9n raklap haszn\u00e1lati d\u00edjat sz\u00e1molunk fel.<\/p>\n<p>Szem\u00e9lyes \u00e1tv\u00e9tel nyitvatart\u00e1si id\u0151ben a 17. ker\u00fclet Bakancsos utca 7. sz\u00e1m alatti Kert\u00e9szeti \u00e1rud\u00e1nkban.<\/p>\n<p>Kert\u00e9p\u00edt\u0151k \u00e9s viszontelad\u00f3k regisztr\u00e1l\u00e1s ut\u00e1n egyedi kedvezm\u00e9nnyel v\u00e1s\u00e1rolhatnak kert\u00e9szeti kis-\u00e9s nagykeresked\u00e9s\u00fcnkben.<\/p>\n<\/div>\n<p>A logisztikai c\u00e9ggel t\u00f6rt\u00e9n\u0151 sz\u00e1ll\u00edt\u00e1s eset\u00e9n a partnereink\u00a0esetleges a\u00a0cs\u00fasz\u00e1sai\u00e9rt nem v\u00e1llalunk felel\u0151ss\u00e9get!<\/p>\n<p><strong>Az \u00e1rak egy darab term\u00e9kre vonatkoznak.<\/strong><\/p>\n<\/div>\n<\/div>\n<\/div>\n<\/div>\n<\/div>\n<\/div>","protected":false},"excerpt":{"rendered":"<div id=\"imCell_133\" class=\"\" data-responsive-sequence-number=\"6\">\n<div id=\"imTextObject_489_133\">\n<div id=\"imTextObject_489_133_tab0\" class=\"text-tab-content grid-prop current-tab\" data-index=\"0\">\n<div>\n<div><\/div>\n<\/div>\n<div>A Siko Stop Zeolit Eko+ K\u00f6rnyezetbar\u00e1t j\u00e9gmentes\u00edt\u0151 <span class=\"fs13\">a s\u00f3n\u00e1l gyorsabban \u00e9s alacsonyabb h\u0151m\u00e9rs\u00e9kleten k\u00e9pes megolvasztani a jeget, \u00e9s <\/span><span class=\"fs13\">nem k\u00e1ros a n\u00f6v\u00e9nyekre, mint a s\u00f3, mert nincs benne n\u00e1trium.<\/span><\/div>\n<\/div>\n<\/div>\n<\/div>\n<div><\/div>","protected":false},"featured_media":2697,"template":"","meta":{"_et_pb_use_builder":"","_et_pb_old_content":"","_et_gb_content_width":""},"product_brand":[],"product_cat":[948],"product_tag":[5433,4670,965,968,966,967],"class_list":{"0":"post-2696","1":"product","2":"type-product","3":"status-publish","4":"has-post-thumbnail","6":"product_cat-csuszasmentesites","7":"product_tag-ho","8":"product_tag-jeg","9":"product_tag-jegmentesito","10":"product_tag-kornyezetbarat","11":"product_tag-siko-stop","12":"product_tag-zeolit","14":"first","15":"outofstock","16":"shipping-taxable","17":"product-type-simple"},"yoast_head":"<!-- This site is optimized with the Yoast SEO plugin v27.3 - https:\/\/yoast.com\/product\/yoast-seo-wordpress\/ -->\n<title>Siko Stop Zeolit Eko+ K\u00f6rnyezetbar\u00e1t j\u00e9gmentes\u00edt\u0151 10kg - T\u00e1jkert\u00e9sz<\/title>\n<meta name=\"description\" content=\"A Siko Stop Zeolit Eko+ K\u00f6rnyezetbar\u00e1t j\u00e9gmentes\u00edt\u0151 a s\u00f3n\u00e1l gyorsabban \u00e9s alacsonyabb h\u0151m\u00e9rs\u00e9kleten k\u00e9pes megolvasztani a jeget.\" \/>\n<meta name=\"robots\" content=\"index, follow, max-snippet:-1, max-image-preview:large, max-video-preview:-1\" \/>\n<link rel=\"canonical\" href=\"https:\/\/tajkertesz.com\/en_US\/product\/siko-stop-zeolit-eko-kornyezetbarat-jegmentesito\/\" \/>\n<meta property=\"og:locale\" content=\"en_US\" \/>\n<meta property=\"og:type\" content=\"article\" \/>\n<meta property=\"og:title\" content=\"Siko Stop Zeolit Eko+ K\u00f6rnyezetbar\u00e1t j\u00e9gmentes\u00edt\u0151 10kg - T\u00e1jkert\u00e9sz\" \/>\n<meta property=\"og:description\" content=\"A Siko Stop Zeolit Eko+ K\u00f6rnyezetbar\u00e1t j\u00e9gmentes\u00edt\u0151 a s\u00f3n\u00e1l gyorsabban \u00e9s alacsonyabb h\u0151m\u00e9rs\u00e9kleten k\u00e9pes megolvasztani a jeget.\" \/>\n<meta property=\"og:url\" content=\"https:\/\/tajkertesz.com\/en_US\/product\/siko-stop-zeolit-eko-kornyezetbarat-jegmentesito\/\" \/>\n<meta property=\"og:site_name\" content=\"T\u00e1jkert\u00e9sz\" \/>\n<meta property=\"article:publisher\" content=\"https:\/\/www.facebook.com\/Tajkertesz\/\" \/>\n<meta property=\"article:modified_time\" content=\"2025-11-25T15:05:39+00:00\" \/>\n<meta property=\"og:image\" content=\"https:\/\/tajkertesz.com\/wp-content\/uploads\/2020\/11\/sikostop.png\" \/>\n\t<meta property=\"og:image:width\" content=\"379\" \/>\n\t<meta property=\"og:image:height\" content=\"389\" \/>\n\t<meta property=\"og:image:type\" content=\"image\/png\" \/>\n<meta name=\"twitter:card\" content=\"summary_large_image\" \/>\n<meta name=\"twitter:label1\" content=\"Est. reading time\" \/>\n\t<meta name=\"twitter:data1\" content=\"3 minutes\" \/>\n<script type=\"application\/ld+json\" class=\"yoast-schema-graph\">{\"@context\":\"https:\\\/\\\/schema.org\",\"@graph\":[{\"@type\":\"WebPage\",\"@id\":\"https:\\\/\\\/tajkertesz.com\\\/termek\\\/siko-stop-zeolit-eko-kornyezetbarat-jegmentesito\\\/\",\"url\":\"https:\\\/\\\/tajkertesz.com\\\/termek\\\/siko-stop-zeolit-eko-kornyezetbarat-jegmentesito\\\/\",\"name\":\"Siko Stop Zeolit Eko+ K\u00f6rnyezetbar\u00e1t j\u00e9gmentes\u00edt\u0151 10kg - T\u00e1jkert\u00e9sz\",\"isPartOf\":{\"@id\":\"https:\\\/\\\/tajkertesz.com\\\/#website\"},\"primaryImageOfPage\":{\"@id\":\"https:\\\/\\\/tajkertesz.com\\\/termek\\\/siko-stop-zeolit-eko-kornyezetbarat-jegmentesito\\\/#primaryimage\"},\"image\":{\"@id\":\"https:\\\/\\\/tajkertesz.com\\\/termek\\\/siko-stop-zeolit-eko-kornyezetbarat-jegmentesito\\\/#primaryimage\"},\"thumbnailUrl\":\"https:\\\/\\\/tajkertesz.com\\\/wp-content\\\/uploads\\\/2020\\\/11\\\/sikostop.png\",\"datePublished\":\"2020-11-13T07:37:41+00:00\",\"dateModified\":\"2025-11-25T15:05:39+00:00\",\"description\":\"A Siko Stop Zeolit Eko+ K\u00f6rnyezetbar\u00e1t j\u00e9gmentes\u00edt\u0151 a s\u00f3n\u00e1l gyorsabban \u00e9s alacsonyabb h\u0151m\u00e9rs\u00e9kleten k\u00e9pes megolvasztani a jeget.\",\"breadcrumb\":{\"@id\":\"https:\\\/\\\/tajkertesz.com\\\/termek\\\/siko-stop-zeolit-eko-kornyezetbarat-jegmentesito\\\/#breadcrumb\"},\"inLanguage\":\"en-US\",\"potentialAction\":[{\"@type\":\"ReadAction\",\"target\":[\"https:\\\/\\\/tajkertesz.com\\\/termek\\\/siko-stop-zeolit-eko-kornyezetbarat-jegmentesito\\\/\"]}]},{\"@type\":\"ImageObject\",\"inLanguage\":\"en-US\",\"@id\":\"https:\\\/\\\/tajkertesz.com\\\/termek\\\/siko-stop-zeolit-eko-kornyezetbarat-jegmentesito\\\/#primaryimage\",\"url\":\"https:\\\/\\\/tajkertesz.com\\\/wp-content\\\/uploads\\\/2020\\\/11\\\/sikostop.png\",\"contentUrl\":\"https:\\\/\\\/tajkertesz.com\\\/wp-content\\\/uploads\\\/2020\\\/11\\\/sikostop.png\",\"width\":379,\"height\":389,\"caption\":\"Siko Stop Zeolit Eko+ K\u00f6rnyezetbar\u00e1t j\u00e9gmentes\u00edt\u0151 10kg\"},{\"@type\":\"BreadcrumbList\",\"@id\":\"https:\\\/\\\/tajkertesz.com\\\/termek\\\/siko-stop-zeolit-eko-kornyezetbarat-jegmentesito\\\/#breadcrumb\",\"itemListElement\":[{\"@type\":\"ListItem\",\"position\":1,\"name\":\"Home\",\"item\":\"https:\\\/\\\/tajkertesz.com\\\/\"},{\"@type\":\"ListItem\",\"position\":2,\"name\":\"Kezd\u0151lap\",\"item\":\"https:\\\/\\\/tajkertesz.com\\\/\"},{\"@type\":\"ListItem\",\"position\":3,\"name\":\"Siko Stop Zeolit Eko+ K\u00f6rnyezetbar\u00e1t j\u00e9gmentes\u00edt\u0151 10kg\"}]},{\"@type\":\"WebSite\",\"@id\":\"https:\\\/\\\/tajkertesz.com\\\/#website\",\"url\":\"https:\\\/\\\/tajkertesz.com\\\/\",\"name\":\"T\u00e1j-Kert\u00e9sz 84 Kft.\",\"description\":\"Kert\u00e9szeti kis- \u00e9s nagykeresked\u00e9s, D\u00edszn\u00f6v\u00e9ny web\u00e1ruh\u00e1z orsz\u00e1gos h\u00e1zhozsz\u00e1ll\u00edt\u00e1ssal!\",\"publisher\":{\"@id\":\"https:\\\/\\\/tajkertesz.com\\\/#organization\"},\"potentialAction\":[{\"@type\":\"SearchAction\",\"target\":{\"@type\":\"EntryPoint\",\"urlTemplate\":\"https:\\\/\\\/tajkertesz.com\\\/?s={search_term_string}\"},\"query-input\":{\"@type\":\"PropertyValueSpecification\",\"valueRequired\":true,\"valueName\":\"search_term_string\"}}],\"inLanguage\":\"en-US\"},{\"@type\":\"Organization\",\"@id\":\"https:\\\/\\\/tajkertesz.com\\\/#organization\",\"name\":\"T\u00e1j-Kert\u00e9sz 84 Kft.\",\"url\":\"https:\\\/\\\/tajkertesz.com\\\/\",\"logo\":{\"@type\":\"ImageObject\",\"inLanguage\":\"en-US\",\"@id\":\"https:\\\/\\\/tajkertesz.com\\\/#\\\/schema\\\/logo\\\/image\\\/\",\"url\":\"https:\\\/\\\/tajkertesz.com\\\/wp-content\\\/uploads\\\/2018\\\/02\\\/logo-2-e1518678052539.png\",\"contentUrl\":\"https:\\\/\\\/tajkertesz.com\\\/wp-content\\\/uploads\\\/2018\\\/02\\\/logo-2-e1518678052539.png\",\"width\":81,\"height\":140,\"caption\":\"T\u00e1j-Kert\u00e9sz 84 Kft.\"},\"image\":{\"@id\":\"https:\\\/\\\/tajkertesz.com\\\/#\\\/schema\\\/logo\\\/image\\\/\"},\"sameAs\":[\"https:\\\/\\\/www.facebook.com\\\/Tajkertesz\\\/\"]}]}<\/script>\n<!-- \/ Yoast SEO plugin. -->","yoast_head_json":{"title":"Siko Stop Zeolit Eko+ K\u00f6rnyezetbar\u00e1t j\u00e9gmentes\u00edt\u0151 10kg - T\u00e1jkert\u00e9sz","description":"A Siko Stop Zeolit Eko+ K\u00f6rnyezetbar\u00e1t j\u00e9gmentes\u00edt\u0151 a s\u00f3n\u00e1l gyorsabban \u00e9s alacsonyabb h\u0151m\u00e9rs\u00e9kleten k\u00e9pes megolvasztani a jeget.","robots":{"index":"index","follow":"follow","max-snippet":"max-snippet:-1","max-image-preview":"max-image-preview:large","max-video-preview":"max-video-preview:-1"},"canonical":"https:\/\/tajkertesz.com\/en_US\/product\/siko-stop-zeolit-eko-kornyezetbarat-jegmentesito\/","og_locale":"en_US","og_type":"article","og_title":"Siko Stop Zeolit Eko+ K\u00f6rnyezetbar\u00e1t j\u00e9gmentes\u00edt\u0151 10kg - T\u00e1jkert\u00e9sz","og_description":"A Siko Stop Zeolit Eko+ K\u00f6rnyezetbar\u00e1t j\u00e9gmentes\u00edt\u0151 a s\u00f3n\u00e1l gyorsabban \u00e9s alacsonyabb h\u0151m\u00e9rs\u00e9kleten k\u00e9pes megolvasztani a jeget.","og_url":"https:\/\/tajkertesz.com\/en_US\/product\/siko-stop-zeolit-eko-kornyezetbarat-jegmentesito\/","og_site_name":"T\u00e1jkert\u00e9sz","article_publisher":"https:\/\/www.facebook.com\/Tajkertesz\/","article_modified_time":"2025-11-25T15:05:39+00:00","og_image":[{"width":379,"height":389,"url":"https:\/\/tajkertesz.com\/wp-content\/uploads\/2020\/11\/sikostop.png","type":"image\/png"}],"twitter_card":"summary_large_image","twitter_misc":{"Est. reading time":"3 minutes"},"schema":{"@context":"https:\/\/schema.org","@graph":[{"@type":"WebPage","@id":"https:\/\/tajkertesz.com\/termek\/siko-stop-zeolit-eko-kornyezetbarat-jegmentesito\/","url":"https:\/\/tajkertesz.com\/termek\/siko-stop-zeolit-eko-kornyezetbarat-jegmentesito\/","name":"Siko Stop Zeolit Eko+ K\u00f6rnyezetbar\u00e1t j\u00e9gmentes\u00edt\u0151 10kg - T\u00e1jkert\u00e9sz","isPartOf":{"@id":"https:\/\/tajkertesz.com\/#website"},"primaryImageOfPage":{"@id":"https:\/\/tajkertesz.com\/termek\/siko-stop-zeolit-eko-kornyezetbarat-jegmentesito\/#primaryimage"},"image":{"@id":"https:\/\/tajkertesz.com\/termek\/siko-stop-zeolit-eko-kornyezetbarat-jegmentesito\/#primaryimage"},"thumbnailUrl":"https:\/\/tajkertesz.com\/wp-content\/uploads\/2020\/11\/sikostop.png","datePublished":"2020-11-13T07:37:41+00:00","dateModified":"2025-11-25T15:05:39+00:00","description":"A Siko Stop Zeolit Eko+ K\u00f6rnyezetbar\u00e1t j\u00e9gmentes\u00edt\u0151 a s\u00f3n\u00e1l gyorsabban \u00e9s alacsonyabb h\u0151m\u00e9rs\u00e9kleten k\u00e9pes megolvasztani a jeget.","breadcrumb":{"@id":"https:\/\/tajkertesz.com\/termek\/siko-stop-zeolit-eko-kornyezetbarat-jegmentesito\/#breadcrumb"},"inLanguage":"en-US","potentialAction":[{"@type":"ReadAction","target":["https:\/\/tajkertesz.com\/termek\/siko-stop-zeolit-eko-kornyezetbarat-jegmentesito\/"]}]},{"@type":"ImageObject","inLanguage":"en-US","@id":"https:\/\/tajkertesz.com\/termek\/siko-stop-zeolit-eko-kornyezetbarat-jegmentesito\/#primaryimage","url":"https:\/\/tajkertesz.com\/wp-content\/uploads\/2020\/11\/sikostop.png","contentUrl":"https:\/\/tajkertesz.com\/wp-content\/uploads\/2020\/11\/sikostop.png","width":379,"height":389,"caption":"Siko Stop Zeolit Eko+ K\u00f6rnyezetbar\u00e1t j\u00e9gmentes\u00edt\u0151 10kg"},{"@type":"BreadcrumbList","@id":"https:\/\/tajkertesz.com\/termek\/siko-stop-zeolit-eko-kornyezetbarat-jegmentesito\/#breadcrumb","itemListElement":[{"@type":"ListItem","position":1,"name":"Home","item":"https:\/\/tajkertesz.com\/"},{"@type":"ListItem","position":2,"name":"Kezd\u0151lap","item":"https:\/\/tajkertesz.com\/"},{"@type":"ListItem","position":3,"name":"Siko Stop Zeolit Eko+ K\u00f6rnyezetbar\u00e1t j\u00e9gmentes\u00edt\u0151 10kg"}]},{"@type":"WebSite","@id":"https:\/\/tajkertesz.com\/#website","url":"https:\/\/tajkertesz.com\/","name":"T\u00e1j-Kert\u00e9sz 84 Kft.","description":"Kert\u00e9szeti kis- \u00e9s nagykeresked\u00e9s, D\u00edszn\u00f6v\u00e9ny web\u00e1ruh\u00e1z orsz\u00e1gos h\u00e1zhozsz\u00e1ll\u00edt\u00e1ssal!","publisher":{"@id":"https:\/\/tajkertesz.com\/#organization"},"potentialAction":[{"@type":"SearchAction","target":{"@type":"EntryPoint","urlTemplate":"https:\/\/tajkertesz.com\/?s={search_term_string}"},"query-input":{"@type":"PropertyValueSpecification","valueRequired":true,"valueName":"search_term_string"}}],"inLanguage":"en-US"},{"@type":"Organization","@id":"https:\/\/tajkertesz.com\/#organization","name":"T\u00e1j-Kert\u00e9sz 84 Kft.","url":"https:\/\/tajkertesz.com\/","logo":{"@type":"ImageObject","inLanguage":"en-US","@id":"https:\/\/tajkertesz.com\/#\/schema\/logo\/image\/","url":"https:\/\/tajkertesz.com\/wp-content\/uploads\/2018\/02\/logo-2-e1518678052539.png","contentUrl":"https:\/\/tajkertesz.com\/wp-content\/uploads\/2018\/02\/logo-2-e1518678052539.png","width":81,"height":140,"caption":"T\u00e1j-Kert\u00e9sz 84 Kft."},"image":{"@id":"https:\/\/tajkertesz.com\/#\/schema\/logo\/image\/"},"sameAs":["https:\/\/www.facebook.com\/Tajkertesz\/"]}]}},"_links":{"self":[{"href":"https:\/\/tajkertesz.com\/en_US\/wp-json\/wp\/v2\/product\/2696","targetHints":{"allow":["GET"]}}],"collection":[{"href":"https:\/\/tajkertesz.com\/en_US\/wp-json\/wp\/v2\/product"}],"about":[{"href":"https:\/\/tajkertesz.com\/en_US\/wp-json\/wp\/v2\/types\/product"}],"wp:featuredmedia":[{"embeddable":true,"href":"https:\/\/tajkertesz.com\/en_US\/wp-json\/wp\/v2\/media\/2697"}],"wp:attachment":[{"href":"https:\/\/tajkertesz.com\/en_US\/wp-json\/wp\/v2\/media?parent=2696"}],"wp:term":[{"taxonomy":"product_brand","embeddable":true,"href":"https:\/\/tajkertesz.com\/en_US\/wp-json\/wp\/v2\/product_brand?post=2696"},{"taxonomy":"product_cat","embeddable":true,"href":"https:\/\/tajkertesz.com\/en_US\/wp-json\/wp\/v2\/product_cat?post=2696"},{"taxonomy":"product_tag","embeddable":true,"href":"https:\/\/tajkertesz.com\/en_US\/wp-json\/wp\/v2\/product_tag?post=2696"}],"curies":[{"name":"wp","href":"https:\/\/api.w.org\/{rel}","templated":true}]}}