{"id":26963,"date":"2026-05-11T10:07:24","date_gmt":"2026-05-11T10:07:24","guid":{"rendered":"https:\/\/tajkertesz.com\/?post_type=product&#038;p=26963"},"modified":"2026-05-11T10:07:34","modified_gmt":"2026-05-11T10:07:34","slug":"nortene-tomatoclip","status":"publish","type":"product","link":"https:\/\/tajkertesz.com\/en_US\/product\/nortene-tomatoclip\/","title":{"rendered":"Nortene Tomatoclip"},"content":{"rendered":"<h1>Nortene Tomatoclip<\/h1>\n<p data-start=\"422\" data-end=\"722\">A <strong data-start=\"424\" data-end=\"447\">Nortene Tomato Clip<\/strong> n\u00f6v\u00e9nyr\u00f6gz\u00edt\u0151 klipsz ide\u00e1lis megold\u00e1s paradicsom, paprika, uborka \u00e9s m\u00e1s kerti n\u00f6v\u00e9nyek gyors \u00e9s biztons\u00e1gos r\u00f6gz\u00edt\u00e9s\u00e9re. A praktikus kialak\u00edt\u00e1s lehet\u0151v\u00e9 teszi a n\u00f6v\u00e9nyek egyszer\u0171 r\u00f6gz\u00edt\u00e9s\u00e9t kar\u00f3khoz, p\u00e1lc\u00e1khoz vagy t\u00e1mrendszerekhez an\u00e9lk\u00fcl, hogy k\u00e1ros\u00edtan\u00e1 a n\u00f6v\u00e9ny sz\u00e1r\u00e1t.<\/p>\n<p data-start=\"724\" data-end=\"944\">Az UV-\u00e1ll\u00f3 m\u0171anyagb\u00f3l k\u00e9sz\u00fclt klipszek hossz\u00fa \u00e9lettartamot biztos\u00edtanak k\u00fclt\u00e9ri haszn\u00e1lat sor\u00e1n is. K\u00f6nnyen nyithat\u00f3k \u00e9s \u00fajra felhaszn\u00e1lhat\u00f3k, \u00edgy ide\u00e1lis v\u00e1laszt\u00e1st jelentenek hobbi- \u00e9s profi kert\u00e9szek sz\u00e1m\u00e1ra egyar\u00e1nt.<\/p>\n<p data-start=\"946\" data-end=\"1090\">A Tomato Clip haszn\u00e1lat\u00e1val rendezettebb\u00e9 \u00e9s stabilabb\u00e1 v\u00e1lik a n\u00f6v\u00e9nynevel\u00e9s, mik\u00f6zben seg\u00edti az eg\u00e9szs\u00e9ges n\u00f6veked\u00e9st \u00e9s a jobb term\u00e9shozamot.<\/p>\n<h4><strong>\ud83d\udd04 K\u00e9szletinform\u00e1ci\u00f3<\/strong><\/h4>\n<p><strong>K\u00e9szlet\u00fcnk napi szinten v\u00e1ltozik, \u00edgy a webshopban szerepl<\/strong><strong>\u0151<\/strong><strong> term\u00e9kek el\u00e9rhet<\/strong><strong>\u0151<\/strong><strong>s\u00e9ge nem garant\u00e1lt.<br \/>\n\ud83d\udcde A megrendel\u00e9s el<\/strong><strong>\u0151<\/strong><strong>tt k\u00e9rj\u00fck, \u00e9rdekl<\/strong><strong>\u0151<\/strong><strong>dj\u00f6n szem\u00e9lyesen, telefonon vagy e-mailben!<\/strong><\/p>\n<h4><strong>\u27a1\ufe0f Kapcsolat:<\/strong><\/h4>\n<ul>\n<li><strong>Weboldal: <\/strong><a href=\"https:\/\/tajkertesz.com\"><strong>tajkertesz.com<\/strong><\/a><\/li>\n<li><strong>Facebook: <\/strong><a href=\"https:\/\/www.facebook.com\/tajkertesz\/\"><strong>facebook.com\/tajkertesz<\/strong><\/a><\/li>\n<li><strong>Telefonsz\u00e1m, e-mail: +36\/20-319-3770 <\/strong><a href=\"mailto:info@tajkertesz.hu\"><strong>info@tajkertesz.hu<\/strong><\/a><\/li>\n<\/ul>\n<p><strong>\ud83d\ude9a Sz\u00e1ll\u00edt\u00e1si inform\u00e1ci\u00f3k<\/strong><\/p>\n<p><strong>A megrendelt term\u00e9kek kisz\u00e1ll\u00edt\u00e1sa az al\u00e1bbi felt\u00e9telek mellett t\u00f6rt\u00e9nik:<\/strong><\/p>\n<h4><strong>\ud83d\udce6 Fut\u00e1rszolg\u00e1latos sz\u00e1ll\u00edt\u00e1s<\/strong><\/h4>\n<ul>\n<li><strong>Maxim\u00e1lis m\u00e9ret: 200 cm (hossz\u00fas\u00e1g)<\/strong><\/li>\n<li><strong>Maxim\u00e1lis s\u00faly: 40 kg<\/strong><\/li>\n<li><strong>Az enn\u00e9l kisebb \u00e9s k\u00f6nnyebb csomagokat fut\u00e1rszolg\u00e1lattal k\u00e9zbes\u00edtj\u00fck a lehet<\/strong><strong>\u0151<\/strong><strong> legbiztons\u00e1gosabb csomagol\u00e1sban.<\/strong><\/li>\n<\/ul>\n<h4><strong>\ud83d\udefb Szem\u00e9lyes \u00e1tv\u00e9tel<\/strong><\/h4>\n<ul>\n<li><strong>1173 Budapest, Bakancsos utca 7. sz\u00e1m alatt nyitvatart\u00e1si id<\/strong><strong>\u0151<\/strong><strong>ben szem\u00e9lyesen \u00e1tvehet<\/strong><strong>\u0151<\/strong><strong> kert\u00e9szeti \u00e1rud\u00e1nkban.<\/strong><\/li>\n<li><strong>K\u00f6lts\u00e9ghat\u00e9kony megold\u00e1s nagyobb, t\u00f6r\u00e9kenyebb vagy t\u00falm\u00e9retes n\u00f6v\u00e9nyek eset\u00e9n.<\/strong><\/li>\n<\/ul>\n<p><strong>\ud83d\udcde Nagy m\u00e9ret<\/strong><strong>\u0171<\/strong><strong> vagy s\u00faly\u00fa n\u00f6v\u00e9nyek\/term\u00e9kek eset\u00e9n<\/strong><\/p>\n<p><strong>Ha a term\u00e9k:<\/strong><\/p>\n<ul>\n<li><strong>meghaladja a 200 cm hossz\u00fas\u00e1got vagy<\/strong><\/li>\n<li><strong>meghaladja a 40 kg s\u00falyt,<\/strong><\/li>\n<\/ul>\n<p><strong>akkor szem\u00e9lyes \u00e1tv\u00e9tellel vagy egyedi, el<\/strong><strong>\u0151<\/strong><strong>re egyeztetett sz\u00e1ll\u00edt\u00e1si felt\u00e9telek mellett t\u00f6rt\u00e9nik.<br \/>\nK\u00e9rj\u00fck, ilyen esetben rendel\u00e9s el<\/strong><strong>\u0151<\/strong><strong>tt vegye fel vel\u00fcnk a kapcsolatot, hogy a lehet<\/strong><strong>\u0151<\/strong><strong> legmegfelel<\/strong><strong>\u0151<\/strong><strong>bb sz\u00e1ll\u00edt\u00e1si megold\u00e1st k\u00edn\u00e1lhassuk.<\/strong><\/p>\n<p><strong>\ud83d\udd14 Fontos: A n\u00f6v\u00e9nyeket minden esetben igyeksz\u00fcnk gondosan, egyes\u00e9vel csomagolni, azonban a sz\u00e1ll\u00edt\u00e1s sor\u00e1n kisebb eszt\u00e9tikai s\u00e9r\u00fcl\u00e9sek el<\/strong><strong>\u0151<\/strong><strong>fordulhatnak (pl. lev\u00e9lhull\u00e1s). Ez nem min<\/strong><strong>\u0151<\/strong><strong>s\u00fcl hib\u00e1s teljes\u00edt\u00e9snek.<\/strong><\/p>\n<p><strong>\ud83d\udcf7 Fontos tudni a k\u00e9pekr<\/strong><strong>\u0151<\/strong><strong>l<\/strong><\/p>\n<p><strong>A webshopban szerepl<\/strong><strong>\u0151<\/strong><strong> k\u00e9pek illusztr\u00e1ci\u00f3k, a n\u00f6v\u00e9nyek term\u00e9szet\u00fckn\u00e9l fogva egyediek, \u00edgy m\u00e9retben, alakban \u00e9s sz\u00ednben minim\u00e1lis elt\u00e9r\u00e9sek el<\/strong><strong>\u0151<\/strong><strong>fordulhatnak a k\u00e9pen l\u00e1that\u00f3 \u00e9s a val\u00f3s p\u00e9ld\u00e1nyok k\u00f6z\u00f6tt.<\/strong><\/p>\n<p><strong>\ud83e\uddfe \u00c1rak \u00e9s el\u00e1ll\u00e1si jog<\/strong><\/p>\n<ul>\n<li><strong>Az \u00e1rak egy darab\u00a0n\u00f6v\u00e9nyre vonatkoznak.<\/strong><\/li>\n<li><strong>\u00c9l<\/strong><strong>\u0151<\/strong><strong> n\u00f6v\u00e9nyek rendel\u00e9se eset\u00e9n a 14 napos el\u00e1ll\u00e1s joga nem \u00e9rv\u00e9nyes\u00edthet<\/strong><strong>\u0151<\/strong><strong>, mivel azok romland\u00f3, biol\u00f3giailag \u00e9l<\/strong><strong>\u0151<\/strong><strong> term\u00e9keknek min<\/strong><strong>\u0151<\/strong><strong>s\u00fclnek.<br \/>\n\ud83d\udd12 (17\/1999. (II. 5.) Korm. rendelet 5. \u00a7 c) pontja alapj\u00e1n)<\/strong><\/li>\n<\/ul>\n<p><strong>\ud83d\udce6 K\u00e9zbes\u00edt\u00e9s ut\u00e1ni teend<\/strong><strong>\u0151<\/strong><strong>k<\/strong><\/p>\n<p><strong>A k\u00e9zbes\u00edt\u00e9st k\u00f6vet<\/strong><strong>\u0151<\/strong><strong>en a csomagot azonnal bontsuk ki, \u00e9s a n\u00f6v\u00e9nyt helyezz\u00fck el megfelel<\/strong><strong>\u0151<\/strong><strong> k\u00f6rnyezetben.<br \/>\nFontos: ha a n\u00f6v\u00e9ny nem r\u00e9szes\u00fcl megfelel<\/strong><strong>\u0151<\/strong><strong> gondoz\u00e1sban \u00e9s ennek k\u00f6vetkezt\u00e9ben k\u00e1rosodik vagy elpusztul, felel<\/strong><strong>\u0151<\/strong><strong>ss\u00e9get nem tudunk v\u00e1llalni.<\/strong><\/p>","protected":false},"excerpt":{"rendered":"<p>Praktikus n\u00f6v\u00e9nyr\u00f6gz\u00edt\u0151 klipsz paradicsom, paprika \u00e9s egy\u00e9b fut\u00f3 n\u00f6v\u00e9nyek gyors r\u00f6gz\u00edt\u00e9s\u00e9hez. A Nortene Tomato Clip stabil tart\u00e1st biztos\u00edt kar\u00f3khoz \u00e9s n\u00f6v\u00e9nyt\u00e1maszokhoz, mik\u00f6zben nem s\u00e9rti a sz\u00e1rat.<\/p>","protected":false},"featured_media":26965,"template":"","meta":{"_et_pb_use_builder":"","_et_pb_old_content":"","_et_gb_content_width":""},"product_brand":[],"product_cat":[634,1526],"product_tag":[8306,8313,8307,943,8303,8312,8302,8308,8310,8301,8304,8305,8300,8311,8309],"class_list":{"0":"post-26963","1":"product","2":"type-product","3":"status-publish","4":"has-post-thumbnail","6":"product_cat-egyeb-kerti-kiegeszitok","7":"product_cat-kotozok","8":"product_tag-futonoveny-rogzito","9":"product_tag-kerteszeti-kiegeszito","10":"product_tag-kerteszeti-klipsz","11":"product_tag-nortene","12":"product_tag-novenycsipesz","13":"product_tag-novenykotozo","14":"product_tag-novenyrogzito-klipsz","15":"product_tag-novenytamasz-klipsz","16":"product_tag-paprika-rogzito","17":"product_tag-paradicsom-klipsz","18":"product_tag-paradicsom-kotozo","19":"product_tag-paradicsomrogzito","20":"product_tag-tomato-clip","21":"product_tag-uborka-klipsz","22":"product_tag-uv-allo-novenyrogzito","24":"first","25":"instock","26":"shipping-taxable","27":"purchasable","28":"product-type-simple"},"yoast_head":"<!-- This site is optimized with the Yoast SEO plugin v27.6 - https:\/\/yoast.com\/product\/yoast-seo-wordpress\/ -->\n<title>Nortene Tomatoclip - T\u00e1jkert\u00e9sz<\/title>\n<meta name=\"description\" content=\"Nortene Tomato Clip n\u00f6v\u00e9nyr\u00f6gz\u00edt\u0151 klipsz paradicsom \u00e9s fut\u00f3n\u00f6v\u00e9nyek r\u00f6gz\u00edt\u00e9s\u00e9hez. UV-\u00e1ll\u00f3, t\u00f6bbsz\u00f6r haszn\u00e1lhat\u00f3 n\u00f6v\u00e9nycsipesz 20 db-os kiszerel\u00e9sben.\" \/>\n<meta name=\"robots\" content=\"index, follow, max-snippet:-1, max-image-preview:large, max-video-preview:-1\" \/>\n<link rel=\"canonical\" href=\"https:\/\/tajkertesz.com\/en_US\/product\/nortene-tomatoclip\/\" \/>\n<meta property=\"og:locale\" content=\"en_US\" \/>\n<meta property=\"og:type\" content=\"article\" \/>\n<meta property=\"og:title\" content=\"Nortene Tomatoclip - T\u00e1jkert\u00e9sz\" \/>\n<meta property=\"og:description\" content=\"Nortene Tomato Clip n\u00f6v\u00e9nyr\u00f6gz\u00edt\u0151 klipsz paradicsom \u00e9s fut\u00f3n\u00f6v\u00e9nyek r\u00f6gz\u00edt\u00e9s\u00e9hez. UV-\u00e1ll\u00f3, t\u00f6bbsz\u00f6r haszn\u00e1lhat\u00f3 n\u00f6v\u00e9nycsipesz 20 db-os kiszerel\u00e9sben.\" \/>\n<meta property=\"og:url\" content=\"https:\/\/tajkertesz.com\/en_US\/product\/nortene-tomatoclip\/\" \/>\n<meta property=\"og:site_name\" content=\"T\u00e1jkert\u00e9sz\" \/>\n<meta property=\"article:publisher\" content=\"https:\/\/www.facebook.com\/Tajkertesz\/\" \/>\n<meta property=\"article:modified_time\" content=\"2026-05-11T10:07:34+00:00\" \/>\n<meta property=\"og:image\" content=\"https:\/\/tajkertesz.com\/wp-content\/uploads\/2026\/05\/toma2.jpg\" \/>\n\t<meta property=\"og:image:width\" content=\"1024\" \/>\n\t<meta property=\"og:image:height\" content=\"683\" \/>\n\t<meta property=\"og:image:type\" content=\"image\/jpeg\" \/>\n<meta name=\"twitter:card\" content=\"summary_large_image\" \/>\n<meta name=\"twitter:label1\" content=\"Est. reading time\" \/>\n\t<meta name=\"twitter:data1\" content=\"3 minutes\" \/>\n<script type=\"application\/ld+json\" class=\"yoast-schema-graph\">{\"@context\":\"https:\\\/\\\/schema.org\",\"@graph\":[{\"@type\":\"WebPage\",\"@id\":\"https:\\\/\\\/tajkertesz.com\\\/termek\\\/nortene-tomatoclip\\\/\",\"url\":\"https:\\\/\\\/tajkertesz.com\\\/termek\\\/nortene-tomatoclip\\\/\",\"name\":\"Nortene Tomatoclip - T\u00e1jkert\u00e9sz\",\"isPartOf\":{\"@id\":\"https:\\\/\\\/tajkertesz.com\\\/#website\"},\"primaryImageOfPage\":{\"@id\":\"https:\\\/\\\/tajkertesz.com\\\/termek\\\/nortene-tomatoclip\\\/#primaryimage\"},\"image\":{\"@id\":\"https:\\\/\\\/tajkertesz.com\\\/termek\\\/nortene-tomatoclip\\\/#primaryimage\"},\"thumbnailUrl\":\"https:\\\/\\\/tajkertesz.com\\\/wp-content\\\/uploads\\\/2026\\\/05\\\/toma2.jpg\",\"datePublished\":\"2026-05-11T10:07:24+00:00\",\"dateModified\":\"2026-05-11T10:07:34+00:00\",\"description\":\"Nortene Tomato Clip n\u00f6v\u00e9nyr\u00f6gz\u00edt\u0151 klipsz paradicsom \u00e9s fut\u00f3n\u00f6v\u00e9nyek r\u00f6gz\u00edt\u00e9s\u00e9hez. UV-\u00e1ll\u00f3, t\u00f6bbsz\u00f6r haszn\u00e1lhat\u00f3 n\u00f6v\u00e9nycsipesz 20 db-os kiszerel\u00e9sben.\",\"breadcrumb\":{\"@id\":\"https:\\\/\\\/tajkertesz.com\\\/termek\\\/nortene-tomatoclip\\\/#breadcrumb\"},\"inLanguage\":\"en-US\",\"potentialAction\":[{\"@type\":\"ReadAction\",\"target\":[\"https:\\\/\\\/tajkertesz.com\\\/termek\\\/nortene-tomatoclip\\\/\"]}]},{\"@type\":\"ImageObject\",\"inLanguage\":\"en-US\",\"@id\":\"https:\\\/\\\/tajkertesz.com\\\/termek\\\/nortene-tomatoclip\\\/#primaryimage\",\"url\":\"https:\\\/\\\/tajkertesz.com\\\/wp-content\\\/uploads\\\/2026\\\/05\\\/toma2.jpg\",\"contentUrl\":\"https:\\\/\\\/tajkertesz.com\\\/wp-content\\\/uploads\\\/2026\\\/05\\\/toma2.jpg\",\"width\":1024,\"height\":683,\"caption\":\"Nortene Tomatoclip\"},{\"@type\":\"BreadcrumbList\",\"@id\":\"https:\\\/\\\/tajkertesz.com\\\/termek\\\/nortene-tomatoclip\\\/#breadcrumb\",\"itemListElement\":[{\"@type\":\"ListItem\",\"position\":1,\"name\":\"Home\",\"item\":\"https:\\\/\\\/tajkertesz.com\\\/\"},{\"@type\":\"ListItem\",\"position\":2,\"name\":\"Kezd\u0151lap\",\"item\":\"https:\\\/\\\/tajkertesz.com\\\/\"},{\"@type\":\"ListItem\",\"position\":3,\"name\":\"Nortene Tomatoclip\"}]},{\"@type\":\"WebSite\",\"@id\":\"https:\\\/\\\/tajkertesz.com\\\/#website\",\"url\":\"https:\\\/\\\/tajkertesz.com\\\/\",\"name\":\"T\u00e1j-Kert\u00e9sz 84 Kft.\",\"description\":\"Kert\u00e9szeti kis- \u00e9s nagykeresked\u00e9s, D\u00edszn\u00f6v\u00e9ny web\u00e1ruh\u00e1z orsz\u00e1gos h\u00e1zhozsz\u00e1ll\u00edt\u00e1ssal!\",\"publisher\":{\"@id\":\"https:\\\/\\\/tajkertesz.com\\\/#organization\"},\"potentialAction\":[{\"@type\":\"SearchAction\",\"target\":{\"@type\":\"EntryPoint\",\"urlTemplate\":\"https:\\\/\\\/tajkertesz.com\\\/?s={search_term_string}\"},\"query-input\":{\"@type\":\"PropertyValueSpecification\",\"valueRequired\":true,\"valueName\":\"search_term_string\"}}],\"inLanguage\":\"en-US\"},{\"@type\":\"Organization\",\"@id\":\"https:\\\/\\\/tajkertesz.com\\\/#organization\",\"name\":\"T\u00e1j-Kert\u00e9sz 84 Kft.\",\"url\":\"https:\\\/\\\/tajkertesz.com\\\/\",\"logo\":{\"@type\":\"ImageObject\",\"inLanguage\":\"en-US\",\"@id\":\"https:\\\/\\\/tajkertesz.com\\\/#\\\/schema\\\/logo\\\/image\\\/\",\"url\":\"https:\\\/\\\/tajkertesz.com\\\/wp-content\\\/uploads\\\/2018\\\/02\\\/logo-2-e1518678052539.png\",\"contentUrl\":\"https:\\\/\\\/tajkertesz.com\\\/wp-content\\\/uploads\\\/2018\\\/02\\\/logo-2-e1518678052539.png\",\"width\":81,\"height\":140,\"caption\":\"T\u00e1j-Kert\u00e9sz 84 Kft.\"},\"image\":{\"@id\":\"https:\\\/\\\/tajkertesz.com\\\/#\\\/schema\\\/logo\\\/image\\\/\"},\"sameAs\":[\"https:\\\/\\\/www.facebook.com\\\/Tajkertesz\\\/\"]}]}<\/script>\n<!-- \/ Yoast SEO plugin. -->","yoast_head_json":{"title":"Nortene Tomatoclip - T\u00e1jkert\u00e9sz","description":"Nortene Tomato Clip n\u00f6v\u00e9nyr\u00f6gz\u00edt\u0151 klipsz paradicsom \u00e9s fut\u00f3n\u00f6v\u00e9nyek r\u00f6gz\u00edt\u00e9s\u00e9hez. UV-\u00e1ll\u00f3, t\u00f6bbsz\u00f6r haszn\u00e1lhat\u00f3 n\u00f6v\u00e9nycsipesz 20 db-os kiszerel\u00e9sben.","robots":{"index":"index","follow":"follow","max-snippet":"max-snippet:-1","max-image-preview":"max-image-preview:large","max-video-preview":"max-video-preview:-1"},"canonical":"https:\/\/tajkertesz.com\/en_US\/product\/nortene-tomatoclip\/","og_locale":"en_US","og_type":"article","og_title":"Nortene Tomatoclip - T\u00e1jkert\u00e9sz","og_description":"Nortene Tomato Clip n\u00f6v\u00e9nyr\u00f6gz\u00edt\u0151 klipsz paradicsom \u00e9s fut\u00f3n\u00f6v\u00e9nyek r\u00f6gz\u00edt\u00e9s\u00e9hez. UV-\u00e1ll\u00f3, t\u00f6bbsz\u00f6r haszn\u00e1lhat\u00f3 n\u00f6v\u00e9nycsipesz 20 db-os kiszerel\u00e9sben.","og_url":"https:\/\/tajkertesz.com\/en_US\/product\/nortene-tomatoclip\/","og_site_name":"T\u00e1jkert\u00e9sz","article_publisher":"https:\/\/www.facebook.com\/Tajkertesz\/","article_modified_time":"2026-05-11T10:07:34+00:00","og_image":[{"width":1024,"height":683,"url":"https:\/\/tajkertesz.com\/wp-content\/uploads\/2026\/05\/toma2.jpg","type":"image\/jpeg"}],"twitter_card":"summary_large_image","twitter_misc":{"Est. reading time":"3 minutes"},"schema":{"@context":"https:\/\/schema.org","@graph":[{"@type":"WebPage","@id":"https:\/\/tajkertesz.com\/termek\/nortene-tomatoclip\/","url":"https:\/\/tajkertesz.com\/termek\/nortene-tomatoclip\/","name":"Nortene Tomatoclip - T\u00e1jkert\u00e9sz","isPartOf":{"@id":"https:\/\/tajkertesz.com\/#website"},"primaryImageOfPage":{"@id":"https:\/\/tajkertesz.com\/termek\/nortene-tomatoclip\/#primaryimage"},"image":{"@id":"https:\/\/tajkertesz.com\/termek\/nortene-tomatoclip\/#primaryimage"},"thumbnailUrl":"https:\/\/tajkertesz.com\/wp-content\/uploads\/2026\/05\/toma2.jpg","datePublished":"2026-05-11T10:07:24+00:00","dateModified":"2026-05-11T10:07:34+00:00","description":"Nortene Tomato Clip n\u00f6v\u00e9nyr\u00f6gz\u00edt\u0151 klipsz paradicsom \u00e9s fut\u00f3n\u00f6v\u00e9nyek r\u00f6gz\u00edt\u00e9s\u00e9hez. UV-\u00e1ll\u00f3, t\u00f6bbsz\u00f6r haszn\u00e1lhat\u00f3 n\u00f6v\u00e9nycsipesz 20 db-os kiszerel\u00e9sben.","breadcrumb":{"@id":"https:\/\/tajkertesz.com\/termek\/nortene-tomatoclip\/#breadcrumb"},"inLanguage":"en-US","potentialAction":[{"@type":"ReadAction","target":["https:\/\/tajkertesz.com\/termek\/nortene-tomatoclip\/"]}]},{"@type":"ImageObject","inLanguage":"en-US","@id":"https:\/\/tajkertesz.com\/termek\/nortene-tomatoclip\/#primaryimage","url":"https:\/\/tajkertesz.com\/wp-content\/uploads\/2026\/05\/toma2.jpg","contentUrl":"https:\/\/tajkertesz.com\/wp-content\/uploads\/2026\/05\/toma2.jpg","width":1024,"height":683,"caption":"Nortene Tomatoclip"},{"@type":"BreadcrumbList","@id":"https:\/\/tajkertesz.com\/termek\/nortene-tomatoclip\/#breadcrumb","itemListElement":[{"@type":"ListItem","position":1,"name":"Home","item":"https:\/\/tajkertesz.com\/"},{"@type":"ListItem","position":2,"name":"Kezd\u0151lap","item":"https:\/\/tajkertesz.com\/"},{"@type":"ListItem","position":3,"name":"Nortene Tomatoclip"}]},{"@type":"WebSite","@id":"https:\/\/tajkertesz.com\/#website","url":"https:\/\/tajkertesz.com\/","name":"T\u00e1j-Kert\u00e9sz 84 Kft.","description":"Kert\u00e9szeti kis- \u00e9s nagykeresked\u00e9s, D\u00edszn\u00f6v\u00e9ny web\u00e1ruh\u00e1z orsz\u00e1gos h\u00e1zhozsz\u00e1ll\u00edt\u00e1ssal!","publisher":{"@id":"https:\/\/tajkertesz.com\/#organization"},"potentialAction":[{"@type":"SearchAction","target":{"@type":"EntryPoint","urlTemplate":"https:\/\/tajkertesz.com\/?s={search_term_string}"},"query-input":{"@type":"PropertyValueSpecification","valueRequired":true,"valueName":"search_term_string"}}],"inLanguage":"en-US"},{"@type":"Organization","@id":"https:\/\/tajkertesz.com\/#organization","name":"T\u00e1j-Kert\u00e9sz 84 Kft.","url":"https:\/\/tajkertesz.com\/","logo":{"@type":"ImageObject","inLanguage":"en-US","@id":"https:\/\/tajkertesz.com\/#\/schema\/logo\/image\/","url":"https:\/\/tajkertesz.com\/wp-content\/uploads\/2018\/02\/logo-2-e1518678052539.png","contentUrl":"https:\/\/tajkertesz.com\/wp-content\/uploads\/2018\/02\/logo-2-e1518678052539.png","width":81,"height":140,"caption":"T\u00e1j-Kert\u00e9sz 84 Kft."},"image":{"@id":"https:\/\/tajkertesz.com\/#\/schema\/logo\/image\/"},"sameAs":["https:\/\/www.facebook.com\/Tajkertesz\/"]}]}},"_links":{"self":[{"href":"https:\/\/tajkertesz.com\/en_US\/wp-json\/wp\/v2\/product\/26963","targetHints":{"allow":["GET"]}}],"collection":[{"href":"https:\/\/tajkertesz.com\/en_US\/wp-json\/wp\/v2\/product"}],"about":[{"href":"https:\/\/tajkertesz.com\/en_US\/wp-json\/wp\/v2\/types\/product"}],"wp:featuredmedia":[{"embeddable":true,"href":"https:\/\/tajkertesz.com\/en_US\/wp-json\/wp\/v2\/media\/26965"}],"wp:attachment":[{"href":"https:\/\/tajkertesz.com\/en_US\/wp-json\/wp\/v2\/media?parent=26963"}],"wp:term":[{"taxonomy":"product_brand","embeddable":true,"href":"https:\/\/tajkertesz.com\/en_US\/wp-json\/wp\/v2\/product_brand?post=26963"},{"taxonomy":"product_cat","embeddable":true,"href":"https:\/\/tajkertesz.com\/en_US\/wp-json\/wp\/v2\/product_cat?post=26963"},{"taxonomy":"product_tag","embeddable":true,"href":"https:\/\/tajkertesz.com\/en_US\/wp-json\/wp\/v2\/product_tag?post=26963"}],"curies":[{"name":"wp","href":"https:\/\/api.w.org\/{rel}","templated":true}]}}