{"id":2699,"date":"2020-11-13T11:21:46","date_gmt":"2020-11-13T11:21:46","guid":{"rendered":"https:\/\/tajkertesz.com\/?post_type=product&#038;p=2699"},"modified":"2022-02-16T07:42:50","modified_gmt":"2022-02-16T07:42:50","slug":"tobbszor-hasznalhato-kerti-lombgyujto-zsak","status":"publish","type":"product","link":"https:\/\/tajkertesz.com\/en_US\/product\/tobbszor-hasznalhato-kerti-lombgyujto-zsak\/","title":{"rendered":"Nortene T\u00f6bbsz\u00f6r haszn\u00e1lhat\u00f3 kerti lombgy\u0171jt\u0151 zs\u00e1k &#8216;Greenbag&#8217;"},"content":{"rendered":"<p>T\u00f6bbsz\u00f6r haszn\u00e1lhat\u00f3 kerti lombgy\u0171jt\u0151 zs\u00e1k &#8216;Greenbag&#8217;<\/p>\n<p>A T\u00f6bbsz\u00f6r haszn\u00e1lhat\u00f3 kerti lombgy\u0171jt\u0151 zs\u00e1k &#8216;Greenbag&#8217;\u00a0 ide\u00e1lis r\u00f3zs\u00e1k, s\u00f6v\u00e9nyek lev\u00e1gott \u00e1gainak \u00f6sszegy\u0171jt\u00e9s\u00e9re. K\u00f6nnyebb egyben elvinni a z\u00f6ld hullad\u00e9kot a kertb\u0151l. Nagy ellen\u00e1ll\u00f3k\u00e9pess\u00e9ggel rendelkezik.<\/p>\n<p>Foganty\u00faval ell\u00e1tott, kezelt fel\u00fclet\u0171 sz\u0151tt PE zs\u00e1k.<\/p>\n<p>Ide\u00e1lis a nyesed\u00e9kek \u00f6sszegy\u0171jt\u00e9s\u00e9re.<\/p>\n<p>Kerti lombgy\u0171jt\u0151 zs\u00e1k, amely nagy seg\u00edts\u00e9g a felesleges j\u00e1rk\u00e1l\u00e1s lecs\u00f6kkent\u00e9s\u00e9ben.<\/p>\n<p>Anyaga: HDPE (nagy s\u0171r\u0171s\u00e9g\u0171 polietil\u00e9n), s\u00falya: 170 g\/m\u00b2, kapacit\u00e1sa: 180 L<\/p>\n<p>M\u00e9rete:55cm x 55cm\u00a0 x 75 cm magas<\/p>\n<p>Referencia sz\u00e1ma:140010<\/p>\n<p>El\u00e9rhet\u0151 t\u00f6bbf\u00e9le m\u00e9retben \u00e9s \u00e1rban.<\/p>\n<p><strong>K\u00e9szlet\u00fcnk napi szinten v\u00e1ltozik, ez\u00e9rt k\u00e9rj\u00fck, \u00e9rdekl\u0151dj\u00f6n szem\u00e9lyesen, telefonon vagy email-en.<br \/>\nA v\u00e1ltoztat\u00e1s jog\u00e1t fenntartjuk!\u00a0<\/strong><\/p>\n<p><a href=\"https:\/\/tajkertesz.com\/\">https:\/\/tajkertesz.com\/<\/a><\/p>\n<p><a href=\"https:\/\/www.nortene.hu\/\">https:\/\/www.nortene.hu\/<\/a><\/p>\n<p>&nbsp;<\/p>\n<p>Az \u0151sszel elv\u00e9gzend\u0151 szezon\u00e1lis munk\u00e1k k\u00f6z\u00e9 tartozik a lombsepr\u00e9s. Ahogy egyre er\u0151sebb\u00e9 v\u00e1lik a levelek hull\u00e1sa, \u00fagy okoz egyre t\u00f6bb gondot a lehullott lomb sepr\u00e9se.<\/p>\n<p>Az \u0151szi lombsepr\u00e9st t\u00f6bb f\u0151 okb\u00f3l c\u00e9lszer\u0171 elv\u00e9gezni.<\/p>\n<p>1. A lehullott levelek nem ny\u00fajtanak kellemes l\u00e1tv\u00e1nyt a kert\u00fcnkben.<\/p>\n<p>2. A lehullott levelek meleg\u00e1gya a kerti k\u00f3rokoz\u00f3knak\u00a0 \u00e9s k\u00e1rtev\u0151knek.<\/p>\n<p>3.\u00a0 A lehullott levelek eltakarj\u00e1k a n\u00f6v\u00e9nyek \u0151szi sz\u00e9ps\u00e9g\u00e9t.<\/p>\n<p>4. A gyep\u00fcnket k\u00e1ros\u00edthatja a felgy\u00fclemlett avar.<\/p>\n<p>5. \u00c9s nem utols\u00f3 sorban a tavaszi id\u0151szakban igen sok a kerti munka , \u00edgy a lombsepr\u00e9st ha \u0151sszel v\u00e9gezz\u00fck el akkor id\u0151t is sp\u00f3rolhatunk tavaszra.<\/p>\n<p>El\u00e9rhet\u0151 t\u00f6bbf\u00e9le m\u00e9retben \u00e9s \u00e1rban.<\/p>\n<p><strong>K\u00e9szlet\u00fcnk napi szinten v\u00e1ltozik, ez\u00e9rt k\u00e9rj\u00fck, \u00e9rdekl\u0151dj\u00f6n szem\u00e9lyesen, telefonon vagy email-en.<br \/>\nA v\u00e1ltoztat\u00e1s jog\u00e1t fenntartjuk!\u00a0<\/strong><\/p>\n<p>&nbsp;<\/p>\n<p>&nbsp;<\/p>\n<p>&nbsp;<\/p>\n<p>&nbsp;<\/p>","protected":false},"excerpt":{"rendered":"<p>A T\u00f6bbsz\u00f6r haszn\u00e1lhat\u00f3 kerti lombgy\u0171jt\u0151 zs\u00e1k &#8216;Greenbag&#8217;\u00a0 ide\u00e1lis r\u00f3zs\u00e1k, s\u00f6v\u00e9nyek lev\u00e1gott \u00e1gainak \u00f6sszegy\u0171jt\u00e9s\u00e9re. K\u00f6nnyebb egyben elvinni a z\u00f6ld hullad\u00e9kot a kertb\u0151l. Nagy ellen\u00e1ll\u00f3k\u00e9pess\u00e9ggel rendelkezik.<\/p>\n<p>T\u00f6bbsz\u00f6r haszn\u00e1lhat\u00f3 kerti lombgy\u0171jt\u0151 zs\u00e1k. Foganty\u00faval ell\u00e1tott, kezelt fel\u00fclet\u0171 sz\u0151tt PE zs\u00e1k.<\/p>\n<p>Ide\u00e1lis a nyesed\u00e9kek \u00f6sszegy\u0171jt\u00e9s\u00e9re.<\/p>\n<p>Anyaga: HDPE (nagy s\u0171r\u0171s\u00e9g\u0171 polietil\u00e9n), s\u00falya: 170 g\/m\u00b2, kapacit\u00e1sa: 180 L<\/p>\n<p>M\u00e9rete:55cm x 55cm\u00a0 x 75 cm magas<\/p>","protected":false},"featured_media":2701,"template":"","meta":{"_et_pb_use_builder":"","_et_pb_old_content":"","_et_gb_content_width":""},"product_brand":[],"product_cat":[634],"product_tag":[973,970,971,972,974,969,920],"class_list":{"0":"post-2699","1":"product","2":"type-product","3":"status-publish","4":"has-post-thumbnail","6":"product_cat-egyeb-kerti-kiegeszitok","7":"product_tag-greenbag","8":"product_tag-hasznalhato","9":"product_tag-kerti","10":"product_tag-lombgyujto","11":"product_tag-pe-zsak","12":"product_tag-tobbszor","13":"product_tag-zsak","15":"first","16":"instock","17":"shipping-taxable","18":"purchasable","19":"product-type-simple"},"yoast_head":"<!-- This site is optimized with the Yoast SEO plugin v27.3 - https:\/\/yoast.com\/product\/yoast-seo-wordpress\/ -->\n<title>Nortene T\u00f6bbsz\u00f6r haszn\u00e1lhat\u00f3 kerti lombgy\u0171jt\u0151 zs\u00e1k &#039;Greenbag&#039; - T\u00e1jkert\u00e9sz<\/title>\n<meta name=\"description\" content=\"A T\u00f6bbsz\u00f6r haszn\u00e1lhat\u00f3 kerti lombgy\u0171jt\u0151 zs\u00e1k ide\u00e1lis s\u00f6v\u00e9nyek lev\u00e1gott \u00e1gainak \u00f6sszegy\u0171jt\u00e9s\u00e9re. K\u00f6nnyebb \u00f6sszegy\u00fcjteni z\u00f6ld hullad\u00e9kot\" \/>\n<meta name=\"robots\" content=\"index, follow, max-snippet:-1, max-image-preview:large, max-video-preview:-1\" \/>\n<link rel=\"canonical\" href=\"https:\/\/tajkertesz.com\/en_US\/product\/tobbszor-hasznalhato-kerti-lombgyujto-zsak\/\" \/>\n<meta property=\"og:locale\" content=\"en_US\" \/>\n<meta property=\"og:type\" content=\"article\" \/>\n<meta property=\"og:title\" content=\"Nortene T\u00f6bbsz\u00f6r haszn\u00e1lhat\u00f3 kerti lombgy\u0171jt\u0151 zs\u00e1k &#039;Greenbag&#039; - T\u00e1jkert\u00e9sz\" \/>\n<meta property=\"og:description\" content=\"A T\u00f6bbsz\u00f6r haszn\u00e1lhat\u00f3 kerti lombgy\u0171jt\u0151 zs\u00e1k ide\u00e1lis s\u00f6v\u00e9nyek lev\u00e1gott \u00e1gainak \u00f6sszegy\u0171jt\u00e9s\u00e9re. K\u00f6nnyebb \u00f6sszegy\u00fcjteni z\u00f6ld hullad\u00e9kot\" \/>\n<meta property=\"og:url\" content=\"https:\/\/tajkertesz.com\/en_US\/product\/tobbszor-hasznalhato-kerti-lombgyujto-zsak\/\" \/>\n<meta property=\"og:site_name\" content=\"T\u00e1jkert\u00e9sz\" \/>\n<meta property=\"article:publisher\" content=\"https:\/\/www.facebook.com\/Tajkertesz\/\" \/>\n<meta property=\"article:modified_time\" content=\"2022-02-16T07:42:50+00:00\" \/>\n<meta property=\"og:image\" content=\"https:\/\/tajkertesz.com\/wp-content\/uploads\/2020\/11\/Nortene-GREENBAG.jpg2_.jpg\" \/>\n\t<meta property=\"og:image:width\" content=\"1024\" \/>\n\t<meta property=\"og:image:height\" content=\"672\" \/>\n\t<meta property=\"og:image:type\" content=\"image\/jpeg\" \/>\n<meta name=\"twitter:card\" content=\"summary_large_image\" \/>\n<meta name=\"twitter:label1\" content=\"Est. reading time\" \/>\n\t<meta name=\"twitter:data1\" content=\"2 minutes\" \/>\n<script type=\"application\/ld+json\" class=\"yoast-schema-graph\">{\"@context\":\"https:\\\/\\\/schema.org\",\"@graph\":[{\"@type\":\"WebPage\",\"@id\":\"https:\\\/\\\/tajkertesz.com\\\/termek\\\/tobbszor-hasznalhato-kerti-lombgyujto-zsak\\\/\",\"url\":\"https:\\\/\\\/tajkertesz.com\\\/termek\\\/tobbszor-hasznalhato-kerti-lombgyujto-zsak\\\/\",\"name\":\"Nortene T\u00f6bbsz\u00f6r haszn\u00e1lhat\u00f3 kerti lombgy\u0171jt\u0151 zs\u00e1k 'Greenbag' - T\u00e1jkert\u00e9sz\",\"isPartOf\":{\"@id\":\"https:\\\/\\\/tajkertesz.com\\\/#website\"},\"primaryImageOfPage\":{\"@id\":\"https:\\\/\\\/tajkertesz.com\\\/termek\\\/tobbszor-hasznalhato-kerti-lombgyujto-zsak\\\/#primaryimage\"},\"image\":{\"@id\":\"https:\\\/\\\/tajkertesz.com\\\/termek\\\/tobbszor-hasznalhato-kerti-lombgyujto-zsak\\\/#primaryimage\"},\"thumbnailUrl\":\"https:\\\/\\\/tajkertesz.com\\\/wp-content\\\/uploads\\\/2020\\\/11\\\/Nortene-GREENBAG.jpg2_.jpg\",\"datePublished\":\"2020-11-13T11:21:46+00:00\",\"dateModified\":\"2022-02-16T07:42:50+00:00\",\"description\":\"A T\u00f6bbsz\u00f6r haszn\u00e1lhat\u00f3 kerti lombgy\u0171jt\u0151 zs\u00e1k ide\u00e1lis s\u00f6v\u00e9nyek lev\u00e1gott \u00e1gainak \u00f6sszegy\u0171jt\u00e9s\u00e9re. K\u00f6nnyebb \u00f6sszegy\u00fcjteni z\u00f6ld hullad\u00e9kot\",\"breadcrumb\":{\"@id\":\"https:\\\/\\\/tajkertesz.com\\\/termek\\\/tobbszor-hasznalhato-kerti-lombgyujto-zsak\\\/#breadcrumb\"},\"inLanguage\":\"en-US\",\"potentialAction\":[{\"@type\":\"ReadAction\",\"target\":[\"https:\\\/\\\/tajkertesz.com\\\/termek\\\/tobbszor-hasznalhato-kerti-lombgyujto-zsak\\\/\"]}]},{\"@type\":\"ImageObject\",\"inLanguage\":\"en-US\",\"@id\":\"https:\\\/\\\/tajkertesz.com\\\/termek\\\/tobbszor-hasznalhato-kerti-lombgyujto-zsak\\\/#primaryimage\",\"url\":\"https:\\\/\\\/tajkertesz.com\\\/wp-content\\\/uploads\\\/2020\\\/11\\\/Nortene-GREENBAG.jpg2_.jpg\",\"contentUrl\":\"https:\\\/\\\/tajkertesz.com\\\/wp-content\\\/uploads\\\/2020\\\/11\\\/Nortene-GREENBAG.jpg2_.jpg\",\"width\":1024,\"height\":672},{\"@type\":\"BreadcrumbList\",\"@id\":\"https:\\\/\\\/tajkertesz.com\\\/termek\\\/tobbszor-hasznalhato-kerti-lombgyujto-zsak\\\/#breadcrumb\",\"itemListElement\":[{\"@type\":\"ListItem\",\"position\":1,\"name\":\"Home\",\"item\":\"https:\\\/\\\/tajkertesz.com\\\/\"},{\"@type\":\"ListItem\",\"position\":2,\"name\":\"Kezd\u0151lap\",\"item\":\"https:\\\/\\\/tajkertesz.com\\\/\"},{\"@type\":\"ListItem\",\"position\":3,\"name\":\"Nortene T\u00f6bbsz\u00f6r haszn\u00e1lhat\u00f3 kerti lombgy\u0171jt\u0151 zs\u00e1k &#8216;Greenbag&#8217;\"}]},{\"@type\":\"WebSite\",\"@id\":\"https:\\\/\\\/tajkertesz.com\\\/#website\",\"url\":\"https:\\\/\\\/tajkertesz.com\\\/\",\"name\":\"T\u00e1j-Kert\u00e9sz 84 Kft.\",\"description\":\"Kert\u00e9szeti kis- \u00e9s nagykeresked\u00e9s, D\u00edszn\u00f6v\u00e9ny web\u00e1ruh\u00e1z orsz\u00e1gos h\u00e1zhozsz\u00e1ll\u00edt\u00e1ssal!\",\"publisher\":{\"@id\":\"https:\\\/\\\/tajkertesz.com\\\/#organization\"},\"potentialAction\":[{\"@type\":\"SearchAction\",\"target\":{\"@type\":\"EntryPoint\",\"urlTemplate\":\"https:\\\/\\\/tajkertesz.com\\\/?s={search_term_string}\"},\"query-input\":{\"@type\":\"PropertyValueSpecification\",\"valueRequired\":true,\"valueName\":\"search_term_string\"}}],\"inLanguage\":\"en-US\"},{\"@type\":\"Organization\",\"@id\":\"https:\\\/\\\/tajkertesz.com\\\/#organization\",\"name\":\"T\u00e1j-Kert\u00e9sz 84 Kft.\",\"url\":\"https:\\\/\\\/tajkertesz.com\\\/\",\"logo\":{\"@type\":\"ImageObject\",\"inLanguage\":\"en-US\",\"@id\":\"https:\\\/\\\/tajkertesz.com\\\/#\\\/schema\\\/logo\\\/image\\\/\",\"url\":\"https:\\\/\\\/tajkertesz.com\\\/wp-content\\\/uploads\\\/2018\\\/02\\\/logo-2-e1518678052539.png\",\"contentUrl\":\"https:\\\/\\\/tajkertesz.com\\\/wp-content\\\/uploads\\\/2018\\\/02\\\/logo-2-e1518678052539.png\",\"width\":81,\"height\":140,\"caption\":\"T\u00e1j-Kert\u00e9sz 84 Kft.\"},\"image\":{\"@id\":\"https:\\\/\\\/tajkertesz.com\\\/#\\\/schema\\\/logo\\\/image\\\/\"},\"sameAs\":[\"https:\\\/\\\/www.facebook.com\\\/Tajkertesz\\\/\"]}]}<\/script>\n<!-- \/ Yoast SEO plugin. -->","yoast_head_json":{"title":"Nortene T\u00f6bbsz\u00f6r haszn\u00e1lhat\u00f3 kerti lombgy\u0171jt\u0151 zs\u00e1k 'Greenbag' - T\u00e1jkert\u00e9sz","description":"A T\u00f6bbsz\u00f6r haszn\u00e1lhat\u00f3 kerti lombgy\u0171jt\u0151 zs\u00e1k ide\u00e1lis s\u00f6v\u00e9nyek lev\u00e1gott \u00e1gainak \u00f6sszegy\u0171jt\u00e9s\u00e9re. K\u00f6nnyebb \u00f6sszegy\u00fcjteni z\u00f6ld hullad\u00e9kot","robots":{"index":"index","follow":"follow","max-snippet":"max-snippet:-1","max-image-preview":"max-image-preview:large","max-video-preview":"max-video-preview:-1"},"canonical":"https:\/\/tajkertesz.com\/en_US\/product\/tobbszor-hasznalhato-kerti-lombgyujto-zsak\/","og_locale":"en_US","og_type":"article","og_title":"Nortene T\u00f6bbsz\u00f6r haszn\u00e1lhat\u00f3 kerti lombgy\u0171jt\u0151 zs\u00e1k 'Greenbag' - T\u00e1jkert\u00e9sz","og_description":"A T\u00f6bbsz\u00f6r haszn\u00e1lhat\u00f3 kerti lombgy\u0171jt\u0151 zs\u00e1k ide\u00e1lis s\u00f6v\u00e9nyek lev\u00e1gott \u00e1gainak \u00f6sszegy\u0171jt\u00e9s\u00e9re. K\u00f6nnyebb \u00f6sszegy\u00fcjteni z\u00f6ld hullad\u00e9kot","og_url":"https:\/\/tajkertesz.com\/en_US\/product\/tobbszor-hasznalhato-kerti-lombgyujto-zsak\/","og_site_name":"T\u00e1jkert\u00e9sz","article_publisher":"https:\/\/www.facebook.com\/Tajkertesz\/","article_modified_time":"2022-02-16T07:42:50+00:00","og_image":[{"width":1024,"height":672,"url":"https:\/\/tajkertesz.com\/wp-content\/uploads\/2020\/11\/Nortene-GREENBAG.jpg2_.jpg","type":"image\/jpeg"}],"twitter_card":"summary_large_image","twitter_misc":{"Est. reading time":"2 minutes"},"schema":{"@context":"https:\/\/schema.org","@graph":[{"@type":"WebPage","@id":"https:\/\/tajkertesz.com\/termek\/tobbszor-hasznalhato-kerti-lombgyujto-zsak\/","url":"https:\/\/tajkertesz.com\/termek\/tobbszor-hasznalhato-kerti-lombgyujto-zsak\/","name":"Nortene T\u00f6bbsz\u00f6r haszn\u00e1lhat\u00f3 kerti lombgy\u0171jt\u0151 zs\u00e1k 'Greenbag' - T\u00e1jkert\u00e9sz","isPartOf":{"@id":"https:\/\/tajkertesz.com\/#website"},"primaryImageOfPage":{"@id":"https:\/\/tajkertesz.com\/termek\/tobbszor-hasznalhato-kerti-lombgyujto-zsak\/#primaryimage"},"image":{"@id":"https:\/\/tajkertesz.com\/termek\/tobbszor-hasznalhato-kerti-lombgyujto-zsak\/#primaryimage"},"thumbnailUrl":"https:\/\/tajkertesz.com\/wp-content\/uploads\/2020\/11\/Nortene-GREENBAG.jpg2_.jpg","datePublished":"2020-11-13T11:21:46+00:00","dateModified":"2022-02-16T07:42:50+00:00","description":"A T\u00f6bbsz\u00f6r haszn\u00e1lhat\u00f3 kerti lombgy\u0171jt\u0151 zs\u00e1k ide\u00e1lis s\u00f6v\u00e9nyek lev\u00e1gott \u00e1gainak \u00f6sszegy\u0171jt\u00e9s\u00e9re. K\u00f6nnyebb \u00f6sszegy\u00fcjteni z\u00f6ld hullad\u00e9kot","breadcrumb":{"@id":"https:\/\/tajkertesz.com\/termek\/tobbszor-hasznalhato-kerti-lombgyujto-zsak\/#breadcrumb"},"inLanguage":"en-US","potentialAction":[{"@type":"ReadAction","target":["https:\/\/tajkertesz.com\/termek\/tobbszor-hasznalhato-kerti-lombgyujto-zsak\/"]}]},{"@type":"ImageObject","inLanguage":"en-US","@id":"https:\/\/tajkertesz.com\/termek\/tobbszor-hasznalhato-kerti-lombgyujto-zsak\/#primaryimage","url":"https:\/\/tajkertesz.com\/wp-content\/uploads\/2020\/11\/Nortene-GREENBAG.jpg2_.jpg","contentUrl":"https:\/\/tajkertesz.com\/wp-content\/uploads\/2020\/11\/Nortene-GREENBAG.jpg2_.jpg","width":1024,"height":672},{"@type":"BreadcrumbList","@id":"https:\/\/tajkertesz.com\/termek\/tobbszor-hasznalhato-kerti-lombgyujto-zsak\/#breadcrumb","itemListElement":[{"@type":"ListItem","position":1,"name":"Home","item":"https:\/\/tajkertesz.com\/"},{"@type":"ListItem","position":2,"name":"Kezd\u0151lap","item":"https:\/\/tajkertesz.com\/"},{"@type":"ListItem","position":3,"name":"Nortene T\u00f6bbsz\u00f6r haszn\u00e1lhat\u00f3 kerti lombgy\u0171jt\u0151 zs\u00e1k &#8216;Greenbag&#8217;"}]},{"@type":"WebSite","@id":"https:\/\/tajkertesz.com\/#website","url":"https:\/\/tajkertesz.com\/","name":"T\u00e1j-Kert\u00e9sz 84 Kft.","description":"Kert\u00e9szeti kis- \u00e9s nagykeresked\u00e9s, D\u00edszn\u00f6v\u00e9ny web\u00e1ruh\u00e1z orsz\u00e1gos h\u00e1zhozsz\u00e1ll\u00edt\u00e1ssal!","publisher":{"@id":"https:\/\/tajkertesz.com\/#organization"},"potentialAction":[{"@type":"SearchAction","target":{"@type":"EntryPoint","urlTemplate":"https:\/\/tajkertesz.com\/?s={search_term_string}"},"query-input":{"@type":"PropertyValueSpecification","valueRequired":true,"valueName":"search_term_string"}}],"inLanguage":"en-US"},{"@type":"Organization","@id":"https:\/\/tajkertesz.com\/#organization","name":"T\u00e1j-Kert\u00e9sz 84 Kft.","url":"https:\/\/tajkertesz.com\/","logo":{"@type":"ImageObject","inLanguage":"en-US","@id":"https:\/\/tajkertesz.com\/#\/schema\/logo\/image\/","url":"https:\/\/tajkertesz.com\/wp-content\/uploads\/2018\/02\/logo-2-e1518678052539.png","contentUrl":"https:\/\/tajkertesz.com\/wp-content\/uploads\/2018\/02\/logo-2-e1518678052539.png","width":81,"height":140,"caption":"T\u00e1j-Kert\u00e9sz 84 Kft."},"image":{"@id":"https:\/\/tajkertesz.com\/#\/schema\/logo\/image\/"},"sameAs":["https:\/\/www.facebook.com\/Tajkertesz\/"]}]}},"_links":{"self":[{"href":"https:\/\/tajkertesz.com\/en_US\/wp-json\/wp\/v2\/product\/2699","targetHints":{"allow":["GET"]}}],"collection":[{"href":"https:\/\/tajkertesz.com\/en_US\/wp-json\/wp\/v2\/product"}],"about":[{"href":"https:\/\/tajkertesz.com\/en_US\/wp-json\/wp\/v2\/types\/product"}],"wp:featuredmedia":[{"embeddable":true,"href":"https:\/\/tajkertesz.com\/en_US\/wp-json\/wp\/v2\/media\/2701"}],"wp:attachment":[{"href":"https:\/\/tajkertesz.com\/en_US\/wp-json\/wp\/v2\/media?parent=2699"}],"wp:term":[{"taxonomy":"product_brand","embeddable":true,"href":"https:\/\/tajkertesz.com\/en_US\/wp-json\/wp\/v2\/product_brand?post=2699"},{"taxonomy":"product_cat","embeddable":true,"href":"https:\/\/tajkertesz.com\/en_US\/wp-json\/wp\/v2\/product_cat?post=2699"},{"taxonomy":"product_tag","embeddable":true,"href":"https:\/\/tajkertesz.com\/en_US\/wp-json\/wp\/v2\/product_tag?post=2699"}],"curies":[{"name":"wp","href":"https:\/\/api.w.org\/{rel}","templated":true}]}}