{"id":2707,"date":"2020-11-16T14:45:24","date_gmt":"2020-11-16T14:45:24","guid":{"rendered":"https:\/\/tajkertesz.com\/?post_type=product&#038;p=2707"},"modified":"2023-12-18T15:46:50","modified_gmt":"2023-12-18T15:46:50","slug":"sharkie-kezi-szoro-utszoro-so-mutragya-fumag-kiszorasahoz","status":"publish","type":"product","link":"https:\/\/tajkertesz.com\/en_US\/product\/sharkie-kezi-szoro-utszoro-so-mutragya-fumag-kiszorasahoz\/","title":{"rendered":"Sharkie: k\u00e9zi sz\u00f3r\u00f3 \u00fatsz\u00f3r\u00f3 s\u00f3, m\u0171tr\u00e1gya, f\u0171mag kisz\u00f3r\u00e1s\u00e1hoz"},"content":{"rendered":"<h1>Sharkie k\u00e9zi sz\u00f3r\u00f3: \u00fatsz\u00f3r\u00f3 s\u00f3, m\u0171tr\u00e1gya, f\u0171mag kisz\u00f3r\u00e1s\u00e1hoz<\/h1>\n<p>A Sharkie k\u00e9zi sz\u00f3r\u00f3: \u00fatsz\u00f3r\u00f3 s\u00f3, m\u0171tr\u00e1gya, f\u0171mag kisz\u00f3r\u00e1s\u00e1hoz haszn\u00e1lhat\u00f3 m\u0171anyag adagol\u00f3. M\u00e9rete:29 x 6,5 x 9,5 cm<\/p>\n<p>Egyenletes adagol\u00e1st el\u0151seg\u00edt\u0151 mozg\u00f3 kienged\u0151 f\u00fcllel. \u0170rtartalom: 0,7 l<\/p>\n<p>Igen sz\u00e9lesk\u00f6r\u0171en felhaszn\u00e1lhat\u00f3 term\u00e9k mivel ak\u00e1r a f\u0171magvet\u00e9st ak\u00e1r a ny\u00e1ri m\u0171tr\u00e1gyasz\u00f3r\u00e1st is k\u00f6nnyed\u00e9n eltudjuk vele v\u00e9gezni.<\/p>\n<p>T\u00f6meg:112\u00a0g<\/p>\n<p>Magass\u00e1g:29,0\u00a0cm<\/p>\n<p>Sz\u00e9less\u00e9g:9,5 cm<\/p>\n<p>M\u00e9lys\u00e9g:6,5 cm<\/p>\n<div id=\"imCell_133\" class=\"\" data-responsive-sequence-number=\"6\">\n<div id=\"imTextObject_489_133\">\n<div id=\"imTextObject_489_133_tab0\" class=\"text-tab-content grid-prop current-tab\" data-index=\"0\">\n<div>A j\u00e1rd\u00e1k s\u00edkoss\u00e1gmentes\u00edt\u00e9s\u00e9r\u0151l az ingatlan tulajdonos\u00e1nak, kezel\u0151j\u00e9nek, haszn\u00e1l\u00f3j\u00e1nak kell gondoskodnia, az id\u0151j\u00e1r\u00e1s f\u00fcggv\u00e9ny\u00e9ben ak\u00e1r naponta t\u00f6bb alkalommal is.<\/div>\n<\/div>\n<\/div>\n<\/div>\n<div>\u00c9vente \u00e1tlagosan 40-50 napon \u00e1t kell gondoskodni az utak, utc\u00e1k s\u00edkoss\u00e1g- \u00e9s cs\u00fasz\u00e1smentes\u00edt\u00e9s\u00e9r\u0151l.<\/div>\n<div><\/div>\n<div><\/div>\n<p>El\u00e9rhet\u0151 t\u00f6bbf\u00e9le m\u00e9retben \u00e9s \u00e1rban.<\/p>\n<p><strong>K\u00e9szlet\u00fcnk napi szinten v\u00e1ltozik, ez\u00e9rt k\u00e9rj\u00fck, \u00e9rdekl\u0151dj\u00f6n szem\u00e9lyesen, telefonon vagy email-en.<br \/>\nA v\u00e1ltoztat\u00e1s jog\u00e1t fenntartjuk!\u00a0<\/strong><\/p>\n<p><em>\u00a0<\/em><\/p>\n<p><a href=\"https:\/\/tajkertesz.com\/\">https:\/\/tajkertesz.com\/<\/a><\/p>\n<p><a href=\"http:\/\/www.prosperplast.com\/\">http:\/\/www.prosperplast.com\/<\/a><\/p>\n<p>Az\u00a0<b>\u00f3nos es\u0151<\/b>\u00a0vagy\u00a0<b>\u00f3lmos es\u0151<\/b>\u00a0vegyes halmaz\u00e1llapot\u00fa,\u00a0<a class=\"new\" title=\"T\u00falh\u0171l\u00e9s (a lap nem l\u00e9tezik)\" href=\"https:\/\/hu.wikipedia.org\/w\/index.php?title=T%C3%BAlh%C5%B1l%C3%A9s&amp;action=edit&amp;redlink=1\">t\u00falh\u0171lt<\/a>\u00a0<a title=\"V\u00edz\" href=\"https:\/\/hu.wikipedia.org\/wiki\/V%C3%ADz\">v\u00edzcseppekb\u0151l<\/a>\u00a0\u00e9s h\u00f3krist\u00e1lyokb\u00f3l \u00e1ll\u00f3\u00a0<a title=\"Csapad\u00e9k\" href=\"https:\/\/hu.wikipedia.org\/wiki\/Csapad%C3%A9k\">csapad\u00e9kfajta<\/a>,\u00a0<sup id=\"cite_ref-1\" class=\"reference\"><\/sup>amely a\u00a0<a title=\"Talaj\" href=\"https:\/\/hu.wikipedia.org\/wiki\/Talaj\">talajra<\/a>\u00a0hullva azonnal\u00a0<a class=\"new\" title=\"Fagy\u00e1s (a lap nem l\u00e9tezik)\" href=\"https:\/\/hu.wikipedia.org\/w\/index.php?title=Fagy%C3%A1s&amp;action=edit&amp;redlink=1\">megfagy<\/a>\u00a0\u00e9s a j\u00e9ghideg folyad\u00e9kcseppekb\u0151l kem\u00e9ny\u00a0<a title=\"J\u00e9g\" href=\"https:\/\/hu.wikipedia.org\/wiki\/J%C3%A9g\">j\u00e9gbevonat<\/a>\u00a0k\u00e9pz\u0151dik.\u00a0<b>\u00d3nos szit\u00e1l\u00e1s<\/b>r\u00f3l besz\u00e9l\u00fcnk, ha a t\u00falh\u0171lt cseppek \u00e1tm\u00e9r\u0151je 0,5\u00a0<a class=\"mw-redirect\" title=\"Mm\" href=\"https:\/\/hu.wikipedia.org\/wiki\/Mm\">mm<\/a>\u00a0alatti.\u00a0<a title=\"Magyarorsz\u00e1g\" href=\"https:\/\/hu.wikipedia.org\/wiki\/Magyarorsz%C3%A1g\">Magyarorsz\u00e1gon<\/a>\u00a0az\u00a0<a title=\"Orsz\u00e1gos Meteorol\u00f3giai Szolg\u00e1lat\" href=\"https:\/\/hu.wikipedia.org\/wiki\/Orsz%C3%A1gos_Meteorol%C3%B3giai_Szolg%C3%A1lat\">Orsz\u00e1gos Meteorol\u00f3giai Szolg\u00e1lat<\/a>\u00a0(OMSZ) vesz\u00e9lyjelz\u0151 rendszere figyelmeztet\u0151 el\u0151rejelz\u00e9st \u00e9s riaszt\u00e1st ad ki, az \u00f3nos es\u0151 bek\u00f6vetkez\u00e9s el\u0151tt \u00e1ltal\u00e1ban f\u00e9l\u2013h\u00e1rom \u00f3r\u00e1val, m\u00e1sodik l\u00e9pcs\u0151ben pedig figyelmet felh\u00edv\u00f3, t\u00e9rk\u00e9pes form\u00e1ban megjelen\u0151 riaszt\u00e1st is kiad.<sup id=\"cite_ref-2\" class=\"reference\"><\/sup><\/p>\n<p>Kialakul\u00e1s\u00e1t az id\u00e9zi el\u0151, hogy a fels\u0151 \u00e9s als\u00f3 hideg l\u00e9gr\u00e9tegek k\u00f6z\u00e9 0\u00a0\u00b0C-n\u00e1l, a v\u00edz\u00a0<a title=\"Olvad\u00e1spont\" href=\"https:\/\/hu.wikipedia.org\/wiki\/Olvad%C3%A1spont\">olvad\u00e1spontj\u00e1n\u00e1l<\/a>\u00a0magasabb\u00a0<a title=\"H\u0151m\u00e9rs\u00e9klet\" href=\"https:\/\/hu.wikipedia.org\/wiki\/H%C5%91m%C3%A9rs%C3%A9klet\">h\u0151m\u00e9rs\u00e9klet\u0171<\/a>\u00a0<a class=\"new\" title=\"L\u00e9gr\u00e9teg (a lap nem l\u00e9tezik)\" href=\"https:\/\/hu.wikipedia.org\/w\/index.php?title=L%C3%A9gr%C3%A9teg&amp;action=edit&amp;redlink=1\">l\u00e9gr\u00e9teg<\/a>\u00a0szorul, \u00e9s ilyenkor a fels\u0151 r\u00e9tegben keletkezett\u00a0<a title=\"H\u00f3\" href=\"https:\/\/hu.wikipedia.org\/wiki\/H%C3%B3\">h\u00f3<\/a>\u00a0a k\u00f6z\u00e9ps\u0151 r\u00e9tegben\u00a0<a title=\"Es\u0151\" href=\"https:\/\/hu.wikipedia.org\/wiki\/Es%C5%91\">es\u0151csepp\u00e9<\/a>\u00a0<a title=\"Olvad\u00e1s\" href=\"https:\/\/hu.wikipedia.org\/wiki\/Olvad%C3%A1s\">olvad<\/a>, majd az als\u00f3 fagyos l\u00e9gr\u00e9tegben\u00a0<a class=\"new\" title=\"J\u00e9gdara (a lap nem l\u00e9tezik)\" href=\"https:\/\/hu.wikipedia.org\/w\/index.php?title=J%C3%A9gdara&amp;action=edit&amp;redlink=1\">j\u00e9gdarak\u00e9nt<\/a>\u00a0vagy \u00f3nos es\u0151k\u00e9nt \u00e9rkezik a csapad\u00e9k, att\u00f3l f\u00fcgg\u0151en, hogy a r\u00e9szecsk\u00e9knek volt-e el\u00e9g idej\u00fck j\u00e9gg\u00e9 fagyni. A foly\u00e9kony \u00f3nos es\u0151 a f\u00f6ldet \u00e9r\u00e9skor v\u00e1lik\u00a0<a title=\"Szil\u00e1rd halmaz\u00e1llapot\" href=\"https:\/\/hu.wikipedia.org\/wiki\/Szil%C3%A1rd_halmaz%C3%A1llapot\">szil\u00e1rd halmaz\u00e1llapot\u00fav\u00e1<\/a>. Ez a\u00a0<a title=\"Halmaz\u00e1llapot\" href=\"https:\/\/hu.wikipedia.org\/wiki\/Halmaz%C3%A1llapot\">halmaz\u00e1llapot<\/a>-v\u00e1ltoz\u00e1s igen gyorsan zajlik le. Az es\u0151csepp f\u00f6ldet\u00e9r\u00e9sekor bek\u00f6vetkez\u0151\u00a0<a title=\"\u00dctk\u00f6z\u00e9s (mechanika)\" href=\"https:\/\/hu.wikipedia.org\/wiki\/%C3%9Ctk%C3%B6z%C3%A9s_(mechanika)\">\u00fctk\u00f6z\u00e9s<\/a>\u00a0k\u00f6vetkezt\u00e9ben indul be a v\u00edz megszil\u00e1rdul\u00e1s\u00e1nak folyamata, aminek hat\u00e1s\u00e1ra mindent bebor\u00edt\u00f3 v\u00e9kony j\u00e9gp\u00e1nc\u00e9l alakul ki a terept\u00e1rgyakon.<\/p>\n<p>A meleg l\u00e9gr\u00e9teg hat\u00e1s\u00e1ra kialakul\u00f3 \u00f3nos es\u0151, t\u00f6bbnyire a nagy hidegek k\u00f6zeli enyh\u00fcl\u00e9s\u00e9nek el\u0151jele. A\u00a0<a title=\"K\u00e1rp\u00e1t-medence\" href=\"https:\/\/hu.wikipedia.org\/wiki\/K%C3%A1rp%C3%A1t-medence\">K\u00e1rp\u00e1t-medence<\/a>\u00a0<a title=\"Id\u0151j\u00e1r\u00e1s\" href=\"https:\/\/hu.wikipedia.org\/wiki\/Id%C5%91j%C3%A1r%C3%A1s\">id\u0151j\u00e1r\u00e1sa<\/a>\u00a0kedvez az \u00f3nos es\u0151 kialakul\u00e1s\u00e1nak.<\/p>\n<div id=\"imCell_133\" class=\"\" data-responsive-sequence-number=\"6\">\n<div id=\"imTextObject_489_133\">\n<div id=\"imTextObject_489_133_tab0\" class=\"text-tab-content grid-prop current-tab\" data-index=\"0\"><\/div>\n<\/div>\n<\/div>\n<div><\/div>\n<div><\/div>\n<h1><\/h1>","protected":false},"excerpt":{"rendered":"<p>A Sharkie k\u00e9zi sz\u00f3r\u00f3: \u00fatsz\u00f3r\u00f3 s\u00f3, m\u0171tr\u00e1gya, f\u0171mag kisz\u00f3r\u00e1s\u00e1hoz haszn\u00e1lhat\u00f3 m\u0171anyag adagol\u00f3. M\u00e9rete:29 x 6,5 x 9,5 cm<\/p>\n<p>Egyenletes adagol\u00e1st el\u0151seg\u00edt\u0151 mozg\u00f3 kienged\u0151 f\u00fcllel. \u0170rtartalom: 0,7 l<\/p>\n<p>Igen sz\u00e9lesk\u00f6r\u0171en felhaszn\u00e1lhat\u00f3 term\u00e9k mivel ak\u00e1r a f\u0171magvet\u00e9st ak\u00e1r a ny\u00e1ri m\u0171tr\u00e1gyasz\u00f3r\u00e1st is k\u00f6nnyed\u00e9n eltudjuk vele v\u00e9gezni.<\/p>\n<p>T\u00f6meg:112\u00a0g<\/p>\n<p>Magass\u00e1g:29,0\u00a0cm<\/p>\n<p>Sz\u00e9less\u00e9g:9,5 cm<\/p>\n<p>M\u00e9lys\u00e9g:6,5 cm<\/p>\n<div id=\"imCell_133\" class=\"\" data-responsive-sequence-number=\"6\">\n<div id=\"imTextObject_489_133\">\n<div id=\"imTextObject_489_133_tab0\" class=\"text-tab-content grid-prop current-tab\" data-index=\"0\">\n<div>A j\u00e1rd\u00e1k s\u00edkoss\u00e1gmentes\u00edt\u00e9s\u00e9r\u0151l az ingatlan tulajdonos\u00e1nak, kezel\u0151j\u00e9nek, haszn\u00e1l\u00f3j\u00e1nak kell gondoskodnia, az id\u0151j\u00e1r\u00e1s f\u00fcggv\u00e9ny\u00e9ben ak\u00e1r naponta t\u00f6bb alkalommal is.<\/div>\n<\/div>\n<\/div>\n<\/div>\n<div>\u00c9vente \u00e1tlagosan 40-50 napon \u00e1t kell gondoskodni az utak, utc\u00e1k s\u00edkoss\u00e1g- \u00e9s cs\u00fasz\u00e1smentes\u00edt\u00e9s\u00e9r\u0151l.<\/div>","protected":false},"featured_media":2708,"template":"","meta":{"_et_pb_use_builder":"","_et_pb_old_content":"","_et_gb_content_width":""},"product_brand":[],"product_cat":[948],"product_tag":[979,980,981],"class_list":{"0":"post-2707","1":"product","2":"type-product","3":"status-publish","4":"has-post-thumbnail","6":"product_cat-csuszasmentesites","7":"product_tag-kezi-szoro","8":"product_tag-mutragya-szoro","9":"product_tag-sharkie","11":"first","12":"outofstock","13":"shipping-taxable","14":"purchasable","15":"product-type-simple"},"yoast_head":"<!-- This site is optimized with the Yoast SEO plugin v27.5 - https:\/\/yoast.com\/product\/yoast-seo-wordpress\/ -->\n<title>Sharkie: k\u00e9zi sz\u00f3r\u00f3 \u00fatsz\u00f3r\u00f3 s\u00f3, m\u0171tr\u00e1gya, f\u0171mag kisz\u00f3r\u00e1s\u00e1hoz - T\u00e1jkert\u00e9sz<\/title>\n<meta name=\"description\" content=\"A Sharkie k\u00e9zi sz\u00f3r\u00f3: \u00fatsz\u00f3r\u00f3 s\u00f3, m\u0171tr\u00e1gya, f\u0171mag kisz\u00f3r\u00e1s\u00e1hoz haszn\u00e1lhat\u00f3 m\u0171anyag adagol\u00f3. Egyenletes adagol\u00e1st el\u0151seg\u00edt\u0151 mozg\u00f3 f\u00fcllel.\" \/>\n<meta name=\"robots\" content=\"index, follow, max-snippet:-1, max-image-preview:large, max-video-preview:-1\" \/>\n<link rel=\"canonical\" href=\"https:\/\/tajkertesz.com\/en_US\/product\/sharkie-kezi-szoro-utszoro-so-mutragya-fumag-kiszorasahoz\/\" \/>\n<meta property=\"og:locale\" content=\"en_US\" \/>\n<meta property=\"og:type\" content=\"article\" \/>\n<meta property=\"og:title\" content=\"Sharkie: k\u00e9zi sz\u00f3r\u00f3 \u00fatsz\u00f3r\u00f3 s\u00f3, m\u0171tr\u00e1gya, f\u0171mag kisz\u00f3r\u00e1s\u00e1hoz - T\u00e1jkert\u00e9sz\" \/>\n<meta property=\"og:description\" content=\"A Sharkie k\u00e9zi sz\u00f3r\u00f3: \u00fatsz\u00f3r\u00f3 s\u00f3, m\u0171tr\u00e1gya, f\u0171mag kisz\u00f3r\u00e1s\u00e1hoz haszn\u00e1lhat\u00f3 m\u0171anyag adagol\u00f3. Egyenletes adagol\u00e1st el\u0151seg\u00edt\u0151 mozg\u00f3 f\u00fcllel.\" \/>\n<meta property=\"og:url\" content=\"https:\/\/tajkertesz.com\/en_US\/product\/sharkie-kezi-szoro-utszoro-so-mutragya-fumag-kiszorasahoz\/\" \/>\n<meta property=\"og:site_name\" content=\"T\u00e1jkert\u00e9sz\" \/>\n<meta property=\"article:publisher\" content=\"https:\/\/www.facebook.com\/Tajkertesz\/\" \/>\n<meta property=\"article:modified_time\" content=\"2023-12-18T15:46:50+00:00\" \/>\n<meta property=\"og:image\" content=\"https:\/\/tajkertesz.com\/wp-content\/uploads\/2020\/11\/Kezi-szoro-prosoerplast.jpg\" \/>\n\t<meta property=\"og:image:width\" content=\"384\" \/>\n\t<meta property=\"og:image:height\" content=\"384\" \/>\n\t<meta property=\"og:image:type\" content=\"image\/jpeg\" \/>\n<meta name=\"twitter:card\" content=\"summary_large_image\" \/>\n<meta name=\"twitter:label1\" content=\"Est. reading time\" \/>\n\t<meta name=\"twitter:data1\" content=\"3 minutes\" \/>\n<script type=\"application\/ld+json\" class=\"yoast-schema-graph\">{\"@context\":\"https:\\\/\\\/schema.org\",\"@graph\":[{\"@type\":\"WebPage\",\"@id\":\"https:\\\/\\\/tajkertesz.com\\\/termek\\\/sharkie-kezi-szoro-utszoro-so-mutragya-fumag-kiszorasahoz\\\/\",\"url\":\"https:\\\/\\\/tajkertesz.com\\\/termek\\\/sharkie-kezi-szoro-utszoro-so-mutragya-fumag-kiszorasahoz\\\/\",\"name\":\"Sharkie: k\u00e9zi sz\u00f3r\u00f3 \u00fatsz\u00f3r\u00f3 s\u00f3, m\u0171tr\u00e1gya, f\u0171mag kisz\u00f3r\u00e1s\u00e1hoz - T\u00e1jkert\u00e9sz\",\"isPartOf\":{\"@id\":\"https:\\\/\\\/tajkertesz.com\\\/#website\"},\"primaryImageOfPage\":{\"@id\":\"https:\\\/\\\/tajkertesz.com\\\/termek\\\/sharkie-kezi-szoro-utszoro-so-mutragya-fumag-kiszorasahoz\\\/#primaryimage\"},\"image\":{\"@id\":\"https:\\\/\\\/tajkertesz.com\\\/termek\\\/sharkie-kezi-szoro-utszoro-so-mutragya-fumag-kiszorasahoz\\\/#primaryimage\"},\"thumbnailUrl\":\"https:\\\/\\\/tajkertesz.com\\\/wp-content\\\/uploads\\\/2020\\\/11\\\/Kezi-szoro-prosoerplast.jpg\",\"datePublished\":\"2020-11-16T14:45:24+00:00\",\"dateModified\":\"2023-12-18T15:46:50+00:00\",\"description\":\"A Sharkie k\u00e9zi sz\u00f3r\u00f3: \u00fatsz\u00f3r\u00f3 s\u00f3, m\u0171tr\u00e1gya, f\u0171mag kisz\u00f3r\u00e1s\u00e1hoz haszn\u00e1lhat\u00f3 m\u0171anyag adagol\u00f3. Egyenletes adagol\u00e1st el\u0151seg\u00edt\u0151 mozg\u00f3 f\u00fcllel.\",\"breadcrumb\":{\"@id\":\"https:\\\/\\\/tajkertesz.com\\\/termek\\\/sharkie-kezi-szoro-utszoro-so-mutragya-fumag-kiszorasahoz\\\/#breadcrumb\"},\"inLanguage\":\"en-US\",\"potentialAction\":[{\"@type\":\"ReadAction\",\"target\":[\"https:\\\/\\\/tajkertesz.com\\\/termek\\\/sharkie-kezi-szoro-utszoro-so-mutragya-fumag-kiszorasahoz\\\/\"]}]},{\"@type\":\"ImageObject\",\"inLanguage\":\"en-US\",\"@id\":\"https:\\\/\\\/tajkertesz.com\\\/termek\\\/sharkie-kezi-szoro-utszoro-so-mutragya-fumag-kiszorasahoz\\\/#primaryimage\",\"url\":\"https:\\\/\\\/tajkertesz.com\\\/wp-content\\\/uploads\\\/2020\\\/11\\\/Kezi-szoro-prosoerplast.jpg\",\"contentUrl\":\"https:\\\/\\\/tajkertesz.com\\\/wp-content\\\/uploads\\\/2020\\\/11\\\/Kezi-szoro-prosoerplast.jpg\",\"width\":384,\"height\":384},{\"@type\":\"BreadcrumbList\",\"@id\":\"https:\\\/\\\/tajkertesz.com\\\/termek\\\/sharkie-kezi-szoro-utszoro-so-mutragya-fumag-kiszorasahoz\\\/#breadcrumb\",\"itemListElement\":[{\"@type\":\"ListItem\",\"position\":1,\"name\":\"Home\",\"item\":\"https:\\\/\\\/tajkertesz.com\\\/\"},{\"@type\":\"ListItem\",\"position\":2,\"name\":\"Kezd\u0151lap\",\"item\":\"https:\\\/\\\/tajkertesz.com\\\/\"},{\"@type\":\"ListItem\",\"position\":3,\"name\":\"Sharkie: k\u00e9zi sz\u00f3r\u00f3 \u00fatsz\u00f3r\u00f3 s\u00f3, m\u0171tr\u00e1gya, f\u0171mag kisz\u00f3r\u00e1s\u00e1hoz\"}]},{\"@type\":\"WebSite\",\"@id\":\"https:\\\/\\\/tajkertesz.com\\\/#website\",\"url\":\"https:\\\/\\\/tajkertesz.com\\\/\",\"name\":\"T\u00e1j-Kert\u00e9sz 84 Kft.\",\"description\":\"Kert\u00e9szeti kis- \u00e9s nagykeresked\u00e9s, D\u00edszn\u00f6v\u00e9ny web\u00e1ruh\u00e1z orsz\u00e1gos h\u00e1zhozsz\u00e1ll\u00edt\u00e1ssal!\",\"publisher\":{\"@id\":\"https:\\\/\\\/tajkertesz.com\\\/#organization\"},\"potentialAction\":[{\"@type\":\"SearchAction\",\"target\":{\"@type\":\"EntryPoint\",\"urlTemplate\":\"https:\\\/\\\/tajkertesz.com\\\/?s={search_term_string}\"},\"query-input\":{\"@type\":\"PropertyValueSpecification\",\"valueRequired\":true,\"valueName\":\"search_term_string\"}}],\"inLanguage\":\"en-US\"},{\"@type\":\"Organization\",\"@id\":\"https:\\\/\\\/tajkertesz.com\\\/#organization\",\"name\":\"T\u00e1j-Kert\u00e9sz 84 Kft.\",\"url\":\"https:\\\/\\\/tajkertesz.com\\\/\",\"logo\":{\"@type\":\"ImageObject\",\"inLanguage\":\"en-US\",\"@id\":\"https:\\\/\\\/tajkertesz.com\\\/#\\\/schema\\\/logo\\\/image\\\/\",\"url\":\"https:\\\/\\\/tajkertesz.com\\\/wp-content\\\/uploads\\\/2018\\\/02\\\/logo-2-e1518678052539.png\",\"contentUrl\":\"https:\\\/\\\/tajkertesz.com\\\/wp-content\\\/uploads\\\/2018\\\/02\\\/logo-2-e1518678052539.png\",\"width\":81,\"height\":140,\"caption\":\"T\u00e1j-Kert\u00e9sz 84 Kft.\"},\"image\":{\"@id\":\"https:\\\/\\\/tajkertesz.com\\\/#\\\/schema\\\/logo\\\/image\\\/\"},\"sameAs\":[\"https:\\\/\\\/www.facebook.com\\\/Tajkertesz\\\/\"]}]}<\/script>\n<!-- \/ Yoast SEO plugin. -->","yoast_head_json":{"title":"Sharkie: k\u00e9zi sz\u00f3r\u00f3 \u00fatsz\u00f3r\u00f3 s\u00f3, m\u0171tr\u00e1gya, f\u0171mag kisz\u00f3r\u00e1s\u00e1hoz - T\u00e1jkert\u00e9sz","description":"A Sharkie k\u00e9zi sz\u00f3r\u00f3: \u00fatsz\u00f3r\u00f3 s\u00f3, m\u0171tr\u00e1gya, f\u0171mag kisz\u00f3r\u00e1s\u00e1hoz haszn\u00e1lhat\u00f3 m\u0171anyag adagol\u00f3. Egyenletes adagol\u00e1st el\u0151seg\u00edt\u0151 mozg\u00f3 f\u00fcllel.","robots":{"index":"index","follow":"follow","max-snippet":"max-snippet:-1","max-image-preview":"max-image-preview:large","max-video-preview":"max-video-preview:-1"},"canonical":"https:\/\/tajkertesz.com\/en_US\/product\/sharkie-kezi-szoro-utszoro-so-mutragya-fumag-kiszorasahoz\/","og_locale":"en_US","og_type":"article","og_title":"Sharkie: k\u00e9zi sz\u00f3r\u00f3 \u00fatsz\u00f3r\u00f3 s\u00f3, m\u0171tr\u00e1gya, f\u0171mag kisz\u00f3r\u00e1s\u00e1hoz - T\u00e1jkert\u00e9sz","og_description":"A Sharkie k\u00e9zi sz\u00f3r\u00f3: \u00fatsz\u00f3r\u00f3 s\u00f3, m\u0171tr\u00e1gya, f\u0171mag kisz\u00f3r\u00e1s\u00e1hoz haszn\u00e1lhat\u00f3 m\u0171anyag adagol\u00f3. Egyenletes adagol\u00e1st el\u0151seg\u00edt\u0151 mozg\u00f3 f\u00fcllel.","og_url":"https:\/\/tajkertesz.com\/en_US\/product\/sharkie-kezi-szoro-utszoro-so-mutragya-fumag-kiszorasahoz\/","og_site_name":"T\u00e1jkert\u00e9sz","article_publisher":"https:\/\/www.facebook.com\/Tajkertesz\/","article_modified_time":"2023-12-18T15:46:50+00:00","og_image":[{"width":384,"height":384,"url":"https:\/\/tajkertesz.com\/wp-content\/uploads\/2020\/11\/Kezi-szoro-prosoerplast.jpg","type":"image\/jpeg"}],"twitter_card":"summary_large_image","twitter_misc":{"Est. reading time":"3 minutes"},"schema":{"@context":"https:\/\/schema.org","@graph":[{"@type":"WebPage","@id":"https:\/\/tajkertesz.com\/termek\/sharkie-kezi-szoro-utszoro-so-mutragya-fumag-kiszorasahoz\/","url":"https:\/\/tajkertesz.com\/termek\/sharkie-kezi-szoro-utszoro-so-mutragya-fumag-kiszorasahoz\/","name":"Sharkie: k\u00e9zi sz\u00f3r\u00f3 \u00fatsz\u00f3r\u00f3 s\u00f3, m\u0171tr\u00e1gya, f\u0171mag kisz\u00f3r\u00e1s\u00e1hoz - T\u00e1jkert\u00e9sz","isPartOf":{"@id":"https:\/\/tajkertesz.com\/#website"},"primaryImageOfPage":{"@id":"https:\/\/tajkertesz.com\/termek\/sharkie-kezi-szoro-utszoro-so-mutragya-fumag-kiszorasahoz\/#primaryimage"},"image":{"@id":"https:\/\/tajkertesz.com\/termek\/sharkie-kezi-szoro-utszoro-so-mutragya-fumag-kiszorasahoz\/#primaryimage"},"thumbnailUrl":"https:\/\/tajkertesz.com\/wp-content\/uploads\/2020\/11\/Kezi-szoro-prosoerplast.jpg","datePublished":"2020-11-16T14:45:24+00:00","dateModified":"2023-12-18T15:46:50+00:00","description":"A Sharkie k\u00e9zi sz\u00f3r\u00f3: \u00fatsz\u00f3r\u00f3 s\u00f3, m\u0171tr\u00e1gya, f\u0171mag kisz\u00f3r\u00e1s\u00e1hoz haszn\u00e1lhat\u00f3 m\u0171anyag adagol\u00f3. Egyenletes adagol\u00e1st el\u0151seg\u00edt\u0151 mozg\u00f3 f\u00fcllel.","breadcrumb":{"@id":"https:\/\/tajkertesz.com\/termek\/sharkie-kezi-szoro-utszoro-so-mutragya-fumag-kiszorasahoz\/#breadcrumb"},"inLanguage":"en-US","potentialAction":[{"@type":"ReadAction","target":["https:\/\/tajkertesz.com\/termek\/sharkie-kezi-szoro-utszoro-so-mutragya-fumag-kiszorasahoz\/"]}]},{"@type":"ImageObject","inLanguage":"en-US","@id":"https:\/\/tajkertesz.com\/termek\/sharkie-kezi-szoro-utszoro-so-mutragya-fumag-kiszorasahoz\/#primaryimage","url":"https:\/\/tajkertesz.com\/wp-content\/uploads\/2020\/11\/Kezi-szoro-prosoerplast.jpg","contentUrl":"https:\/\/tajkertesz.com\/wp-content\/uploads\/2020\/11\/Kezi-szoro-prosoerplast.jpg","width":384,"height":384},{"@type":"BreadcrumbList","@id":"https:\/\/tajkertesz.com\/termek\/sharkie-kezi-szoro-utszoro-so-mutragya-fumag-kiszorasahoz\/#breadcrumb","itemListElement":[{"@type":"ListItem","position":1,"name":"Home","item":"https:\/\/tajkertesz.com\/"},{"@type":"ListItem","position":2,"name":"Kezd\u0151lap","item":"https:\/\/tajkertesz.com\/"},{"@type":"ListItem","position":3,"name":"Sharkie: k\u00e9zi sz\u00f3r\u00f3 \u00fatsz\u00f3r\u00f3 s\u00f3, m\u0171tr\u00e1gya, f\u0171mag kisz\u00f3r\u00e1s\u00e1hoz"}]},{"@type":"WebSite","@id":"https:\/\/tajkertesz.com\/#website","url":"https:\/\/tajkertesz.com\/","name":"T\u00e1j-Kert\u00e9sz 84 Kft.","description":"Kert\u00e9szeti kis- \u00e9s nagykeresked\u00e9s, D\u00edszn\u00f6v\u00e9ny web\u00e1ruh\u00e1z orsz\u00e1gos h\u00e1zhozsz\u00e1ll\u00edt\u00e1ssal!","publisher":{"@id":"https:\/\/tajkertesz.com\/#organization"},"potentialAction":[{"@type":"SearchAction","target":{"@type":"EntryPoint","urlTemplate":"https:\/\/tajkertesz.com\/?s={search_term_string}"},"query-input":{"@type":"PropertyValueSpecification","valueRequired":true,"valueName":"search_term_string"}}],"inLanguage":"en-US"},{"@type":"Organization","@id":"https:\/\/tajkertesz.com\/#organization","name":"T\u00e1j-Kert\u00e9sz 84 Kft.","url":"https:\/\/tajkertesz.com\/","logo":{"@type":"ImageObject","inLanguage":"en-US","@id":"https:\/\/tajkertesz.com\/#\/schema\/logo\/image\/","url":"https:\/\/tajkertesz.com\/wp-content\/uploads\/2018\/02\/logo-2-e1518678052539.png","contentUrl":"https:\/\/tajkertesz.com\/wp-content\/uploads\/2018\/02\/logo-2-e1518678052539.png","width":81,"height":140,"caption":"T\u00e1j-Kert\u00e9sz 84 Kft."},"image":{"@id":"https:\/\/tajkertesz.com\/#\/schema\/logo\/image\/"},"sameAs":["https:\/\/www.facebook.com\/Tajkertesz\/"]}]}},"_links":{"self":[{"href":"https:\/\/tajkertesz.com\/en_US\/wp-json\/wp\/v2\/product\/2707","targetHints":{"allow":["GET"]}}],"collection":[{"href":"https:\/\/tajkertesz.com\/en_US\/wp-json\/wp\/v2\/product"}],"about":[{"href":"https:\/\/tajkertesz.com\/en_US\/wp-json\/wp\/v2\/types\/product"}],"wp:featuredmedia":[{"embeddable":true,"href":"https:\/\/tajkertesz.com\/en_US\/wp-json\/wp\/v2\/media\/2708"}],"wp:attachment":[{"href":"https:\/\/tajkertesz.com\/en_US\/wp-json\/wp\/v2\/media?parent=2707"}],"wp:term":[{"taxonomy":"product_brand","embeddable":true,"href":"https:\/\/tajkertesz.com\/en_US\/wp-json\/wp\/v2\/product_brand?post=2707"},{"taxonomy":"product_cat","embeddable":true,"href":"https:\/\/tajkertesz.com\/en_US\/wp-json\/wp\/v2\/product_cat?post=2707"},{"taxonomy":"product_tag","embeddable":true,"href":"https:\/\/tajkertesz.com\/en_US\/wp-json\/wp\/v2\/product_tag?post=2707"}],"curies":[{"name":"wp","href":"https:\/\/api.w.org\/{rel}","templated":true}]}}