{"id":2721,"date":"2020-11-17T12:23:37","date_gmt":"2020-11-17T12:23:37","guid":{"rendered":"https:\/\/tajkertesz.com\/?post_type=product&#038;p=2721"},"modified":"2024-08-23T12:34:34","modified_gmt":"2024-08-23T12:34:34","slug":"muanyag-lombsepru-28-fogo-xxl-meretu","status":"publish","type":"product","link":"https:\/\/tajkertesz.com\/en_US\/product\/muanyag-lombsepru-28-fogo-xxl-meretu\/","title":{"rendered":"M\u0171anyag lombsepr\u0171\u00a0 28 fog\u00f3 XXL m\u00e9ret\u0171\u00a0"},"content":{"rendered":"<p>M\u0171anyag lombsepr\u0171\u00a0 28 fog\u00f3 XXL m\u00e9ret\u0171<\/p>\n<p>A M\u0171anyag lombsepr\u0171\u00a0 28 fog\u00f3 XXL m\u00e9ret\u0171 narancss\u00e1rga sz\u00edn\u0171 ny\u00e9llel\u00a0 k\u00e9k fejjel ami 28 \u00e1g\u00fa,\u00a0 66 cm sz\u00e9les fejjel\u00a0 \u00e9s 110 cm hossz\u00fa ny\u00e9llel a\u00a0 teljes magass\u00e1ga 165 cm.<\/p>\n<div class=\"product_meta\">\n<p>Le\u00edr\u00e1s: M\u0171anyag lombsepr\u0171 (narancss\u00e1rga sz\u00edn\u0171 ny\u00e9llel\u00a0 k\u00e9k fejjel),\u00a0 28 \u00e1g\u00fa,\u00a0 66 cm sz\u00e9les fejjel\u00a0 \u00e9s 110 cm hossz\u00fa ny\u00e9llel a\u00a0 teljes magass\u00e1ga 165 cm.<\/p>\n<p>Er\u0151s, strapab\u00edr\u00f3 m\u0171anyagb\u00f3l k\u00e9sz\u00fclt.<\/p>\n<p>Az \u0151sszel elv\u00e9gzend\u0151 szezon\u00e1lis munk\u00e1k k\u00f6z\u00e9 tartozik a lombsepr\u00e9s. Ahogy egyre er\u0151sebb\u00e9 v\u00e1lik a levelek hull\u00e1sa, \u00fagy okoz egyre t\u00f6bb gondot a lehullott lomb sepr\u00e9se.<\/p>\n<p>Az \u0151szi lombsepr\u00e9st t\u00f6bb f\u0151 okb\u00f3l c\u00e9lszer\u0171 elv\u00e9gezni.<\/p>\n<p>1. A lehullott levelek nem ny\u00fajtanak kellemes l\u00e1tv\u00e1nyt a kert\u00fcnkben.<\/p>\n<p>2. A lehullott levelek meleg\u00e1gya a kerti k\u00f3rokoz\u00f3knak\u00a0 \u00e9s k\u00e1rtev\u0151knek.<\/p>\n<p>3.\u00a0 A lehullott levelek eltakarj\u00e1k a n\u00f6v\u00e9nyek \u0151szi sz\u00e9ps\u00e9g\u00e9t.<\/p>\n<p>4. A gyep\u00fcnket k\u00e1ros\u00edthatja a felgy\u00fclemlett avar.<\/p>\n<p>5. \u00c9s nem utols\u00f3 sorban a tavaszi id\u0151szakban igen sok a kerti munka , \u00edgy a lombsepr\u00e9st ha \u0151sszel v\u00e9gezz\u00fck el akkor id\u0151t is sp\u00f3rolhatunk tavaszra.<\/p>\n<\/div>\n<p><a href=\"https:\/\/tajkertesz.com\/\">https:\/\/tajkertesz.com\/<\/a><\/p>\n<p><a href=\"https:\/\/hu.wikipedia.org\/wiki\/Gereblye\">https:\/\/hu.wikipedia.org\/wiki\/Gereblye<\/a><\/p>\n<p>Az \u0151sszel elv\u00e9gzend\u0151 szezon\u00e1lis munk\u00e1k k\u00f6z\u00e9 tartozik a lombsepr\u00e9s. Ahogy egyre er\u0151sebb\u00e9 v\u00e1lik a levelek hull\u00e1sa, \u00fagy okoz egyre t\u00f6bb gondot a lehullott lomb sepr\u00e9se.<\/p>\n<p>Az \u0151szi lombsepr\u00e9st t\u00f6bb f\u0151 okb\u00f3l c\u00e9lszer\u0171 elv\u00e9gezni.<\/p>\n<p>1. A lehullott levelek nem ny\u00fajtanak kellemes l\u00e1tv\u00e1nyt a kert\u00fcnkben.<\/p>\n<p>2. A lehullott levelek meleg\u00e1gya a kerti k\u00f3rokoz\u00f3knak\u00a0 \u00e9s k\u00e1rtev\u0151knek.<\/p>\n<p>3.\u00a0 A lehullott levelek eltakarj\u00e1k a n\u00f6v\u00e9nyek \u0151szi sz\u00e9ps\u00e9g\u00e9t.<\/p>\n<p>4. A gyep\u00fcnket k\u00e1ros\u00edthatja a felgy\u00fclemlett avar.<\/p>\n<p>5. \u00c9s nem utols\u00f3 sorban a tavaszi id\u0151szakban igen sok a kerti munka , \u00edgy a lombsepr\u00e9st ha \u0151sszel v\u00e9gezz\u00fck el akkor id\u0151t is sp\u00f3rolhatunk tavaszra.<\/p>\n<p>&nbsp;<\/p>","protected":false},"excerpt":{"rendered":"<p>A M\u0171anyag lombsepr\u0171\u00a0 28 fog\u00f3 XXL m\u00e9ret\u0171 narancss\u00e1rga sz\u00edn\u0171 ny\u00e9llel\u00a0 k\u00e9k fejjel ami 28 \u00e1g\u00fa,\u00a0 66 cm sz\u00e9les fejjel\u00a0 \u00e9s 110 cm hossz\u00fa ny\u00e9llel a\u00a0 teljes magass\u00e1ga 165 cm.<\/p>\n<div class=\"product_meta\">\n<p>Le\u00edr\u00e1s: M\u0171anyag lombsepr\u0171 (narancss\u00e1rga sz\u00edn\u0171 ny\u00e9llel\u00a0 k\u00e9k fejjel),\u00a0 28 \u00e1g\u00fa,\u00a0 66 cm sz\u00e9les fejjel\u00a0 \u00e9s 110 cm hossz\u00fa ny\u00e9llel a\u00a0 teljes magass\u00e1ga 165 cm.<\/p>\n<p>Er\u0151s, strapab\u00edr\u00f3 m\u0171anyagb\u00f3l k\u00e9sz\u00fclt.<\/p>\n<p>Az \u0151sszel elv\u00e9gzend\u0151 szezon\u00e1lis munk\u00e1k k\u00f6z\u00e9 tartozik a lombsepr\u00e9s. Ahogy egyre er\u0151sebb\u00e9 v\u00e1lik a levelek hull\u00e1sa, \u00fagy okoz egyre t\u00f6bb gondot a lehullott lomb sepr\u00e9se.<\/p>\n<\/div>","protected":false},"featured_media":2722,"template":"","meta":{"_et_pb_use_builder":"","_et_pb_old_content":"","_et_gb_content_width":""},"product_brand":[],"product_cat":[1952],"product_tag":[991,925,926,990],"class_list":{"0":"post-2721","1":"product","2":"type-product","3":"status-publish","4":"has-post-thumbnail","6":"product_cat-aso-lapat-kapa-gereblye-nyel","7":"product_tag-28-agu","8":"product_tag-lombsepru","9":"product_tag-muanyag-lombsepru","10":"product_tag-xxl-meretu","12":"first","13":"instock","14":"shipping-taxable","15":"purchasable","16":"product-type-simple"},"yoast_head":"<!-- This site is optimized with the Yoast SEO plugin v27.3 - https:\/\/yoast.com\/product\/yoast-seo-wordpress\/ -->\n<title>M\u0171anyag lombsepr\u0171\u00a0 28 fog\u00f3 XXL m\u00e9ret\u0171\u00a0 - T\u00e1jkert\u00e9sz<\/title>\n<meta name=\"description\" content=\"A M\u0171anyag lombsepr\u0171\u00a0 28 fog\u00f3 XXL m\u00e9ret\u0171 narancss\u00e1rga sz\u00edn\u0171 ny\u00e9llel k\u00e9k fejjel ami 28 \u00e1g\u00fa,\u00a0 66 cm sz\u00e9les fejjel\u00a0 \u00e9s 110 cm hossz\u00fa ny\u00e9llel.\" \/>\n<meta name=\"robots\" content=\"index, follow, max-snippet:-1, max-image-preview:large, max-video-preview:-1\" \/>\n<link rel=\"canonical\" href=\"https:\/\/tajkertesz.com\/en_US\/product\/muanyag-lombsepru-28-fogo-xxl-meretu\/\" \/>\n<meta property=\"og:locale\" content=\"en_US\" \/>\n<meta property=\"og:type\" content=\"article\" \/>\n<meta property=\"og:title\" content=\"M\u0171anyag lombsepr\u0171\u00a0 28 fog\u00f3 XXL m\u00e9ret\u0171\u00a0 - T\u00e1jkert\u00e9sz\" \/>\n<meta property=\"og:description\" content=\"A M\u0171anyag lombsepr\u0171\u00a0 28 fog\u00f3 XXL m\u00e9ret\u0171 narancss\u00e1rga sz\u00edn\u0171 ny\u00e9llel k\u00e9k fejjel ami 28 \u00e1g\u00fa,\u00a0 66 cm sz\u00e9les fejjel\u00a0 \u00e9s 110 cm hossz\u00fa ny\u00e9llel.\" \/>\n<meta property=\"og:url\" content=\"https:\/\/tajkertesz.com\/en_US\/product\/muanyag-lombsepru-28-fogo-xxl-meretu\/\" \/>\n<meta property=\"og:site_name\" content=\"T\u00e1jkert\u00e9sz\" \/>\n<meta property=\"article:publisher\" content=\"https:\/\/www.facebook.com\/Tajkertesz\/\" \/>\n<meta property=\"article:modified_time\" content=\"2024-08-23T12:34:34+00:00\" \/>\n<meta property=\"og:image\" content=\"https:\/\/tajkertesz.com\/wp-content\/uploads\/2020\/11\/20201117_121631-e1605612011919.jpg\" \/>\n\t<meta property=\"og:image:width\" content=\"220\" \/>\n\t<meta property=\"og:image:height\" content=\"392\" \/>\n\t<meta property=\"og:image:type\" content=\"image\/jpeg\" \/>\n<meta name=\"twitter:card\" content=\"summary_large_image\" \/>\n<meta name=\"twitter:label1\" content=\"Est. reading time\" \/>\n\t<meta name=\"twitter:data1\" content=\"2 minutes\" \/>\n<script type=\"application\/ld+json\" class=\"yoast-schema-graph\">{\"@context\":\"https:\\\/\\\/schema.org\",\"@graph\":[{\"@type\":\"WebPage\",\"@id\":\"https:\\\/\\\/tajkertesz.com\\\/termek\\\/muanyag-lombsepru-28-fogo-xxl-meretu\\\/\",\"url\":\"https:\\\/\\\/tajkertesz.com\\\/termek\\\/muanyag-lombsepru-28-fogo-xxl-meretu\\\/\",\"name\":\"M\u0171anyag lombsepr\u0171\u00a0 28 fog\u00f3 XXL m\u00e9ret\u0171\u00a0 - T\u00e1jkert\u00e9sz\",\"isPartOf\":{\"@id\":\"https:\\\/\\\/tajkertesz.com\\\/#website\"},\"primaryImageOfPage\":{\"@id\":\"https:\\\/\\\/tajkertesz.com\\\/termek\\\/muanyag-lombsepru-28-fogo-xxl-meretu\\\/#primaryimage\"},\"image\":{\"@id\":\"https:\\\/\\\/tajkertesz.com\\\/termek\\\/muanyag-lombsepru-28-fogo-xxl-meretu\\\/#primaryimage\"},\"thumbnailUrl\":\"https:\\\/\\\/tajkertesz.com\\\/wp-content\\\/uploads\\\/2020\\\/11\\\/20201117_121631-e1605612011919.jpg\",\"datePublished\":\"2020-11-17T12:23:37+00:00\",\"dateModified\":\"2024-08-23T12:34:34+00:00\",\"description\":\"A M\u0171anyag lombsepr\u0171\u00a0 28 fog\u00f3 XXL m\u00e9ret\u0171 narancss\u00e1rga sz\u00edn\u0171 ny\u00e9llel k\u00e9k fejjel ami 28 \u00e1g\u00fa,\u00a0 66 cm sz\u00e9les fejjel\u00a0 \u00e9s 110 cm hossz\u00fa ny\u00e9llel.\",\"breadcrumb\":{\"@id\":\"https:\\\/\\\/tajkertesz.com\\\/termek\\\/muanyag-lombsepru-28-fogo-xxl-meretu\\\/#breadcrumb\"},\"inLanguage\":\"en-US\",\"potentialAction\":[{\"@type\":\"ReadAction\",\"target\":[\"https:\\\/\\\/tajkertesz.com\\\/termek\\\/muanyag-lombsepru-28-fogo-xxl-meretu\\\/\"]}]},{\"@type\":\"ImageObject\",\"inLanguage\":\"en-US\",\"@id\":\"https:\\\/\\\/tajkertesz.com\\\/termek\\\/muanyag-lombsepru-28-fogo-xxl-meretu\\\/#primaryimage\",\"url\":\"https:\\\/\\\/tajkertesz.com\\\/wp-content\\\/uploads\\\/2020\\\/11\\\/20201117_121631-e1605612011919.jpg\",\"contentUrl\":\"https:\\\/\\\/tajkertesz.com\\\/wp-content\\\/uploads\\\/2020\\\/11\\\/20201117_121631-e1605612011919.jpg\",\"width\":220,\"height\":392},{\"@type\":\"BreadcrumbList\",\"@id\":\"https:\\\/\\\/tajkertesz.com\\\/termek\\\/muanyag-lombsepru-28-fogo-xxl-meretu\\\/#breadcrumb\",\"itemListElement\":[{\"@type\":\"ListItem\",\"position\":1,\"name\":\"Home\",\"item\":\"https:\\\/\\\/tajkertesz.com\\\/\"},{\"@type\":\"ListItem\",\"position\":2,\"name\":\"Kezd\u0151lap\",\"item\":\"https:\\\/\\\/tajkertesz.com\\\/\"},{\"@type\":\"ListItem\",\"position\":3,\"name\":\"M\u0171anyag lombsepr\u0171\u00a0 28 fog\u00f3 XXL m\u00e9ret\u0171\u00a0\"}]},{\"@type\":\"WebSite\",\"@id\":\"https:\\\/\\\/tajkertesz.com\\\/#website\",\"url\":\"https:\\\/\\\/tajkertesz.com\\\/\",\"name\":\"T\u00e1j-Kert\u00e9sz 84 Kft.\",\"description\":\"Kert\u00e9szeti kis- \u00e9s nagykeresked\u00e9s, D\u00edszn\u00f6v\u00e9ny web\u00e1ruh\u00e1z orsz\u00e1gos h\u00e1zhozsz\u00e1ll\u00edt\u00e1ssal!\",\"publisher\":{\"@id\":\"https:\\\/\\\/tajkertesz.com\\\/#organization\"},\"potentialAction\":[{\"@type\":\"SearchAction\",\"target\":{\"@type\":\"EntryPoint\",\"urlTemplate\":\"https:\\\/\\\/tajkertesz.com\\\/?s={search_term_string}\"},\"query-input\":{\"@type\":\"PropertyValueSpecification\",\"valueRequired\":true,\"valueName\":\"search_term_string\"}}],\"inLanguage\":\"en-US\"},{\"@type\":\"Organization\",\"@id\":\"https:\\\/\\\/tajkertesz.com\\\/#organization\",\"name\":\"T\u00e1j-Kert\u00e9sz 84 Kft.\",\"url\":\"https:\\\/\\\/tajkertesz.com\\\/\",\"logo\":{\"@type\":\"ImageObject\",\"inLanguage\":\"en-US\",\"@id\":\"https:\\\/\\\/tajkertesz.com\\\/#\\\/schema\\\/logo\\\/image\\\/\",\"url\":\"https:\\\/\\\/tajkertesz.com\\\/wp-content\\\/uploads\\\/2018\\\/02\\\/logo-2-e1518678052539.png\",\"contentUrl\":\"https:\\\/\\\/tajkertesz.com\\\/wp-content\\\/uploads\\\/2018\\\/02\\\/logo-2-e1518678052539.png\",\"width\":81,\"height\":140,\"caption\":\"T\u00e1j-Kert\u00e9sz 84 Kft.\"},\"image\":{\"@id\":\"https:\\\/\\\/tajkertesz.com\\\/#\\\/schema\\\/logo\\\/image\\\/\"},\"sameAs\":[\"https:\\\/\\\/www.facebook.com\\\/Tajkertesz\\\/\"]}]}<\/script>\n<!-- \/ Yoast SEO plugin. -->","yoast_head_json":{"title":"M\u0171anyag lombsepr\u0171\u00a0 28 fog\u00f3 XXL m\u00e9ret\u0171\u00a0 - T\u00e1jkert\u00e9sz","description":"A M\u0171anyag lombsepr\u0171\u00a0 28 fog\u00f3 XXL m\u00e9ret\u0171 narancss\u00e1rga sz\u00edn\u0171 ny\u00e9llel k\u00e9k fejjel ami 28 \u00e1g\u00fa,\u00a0 66 cm sz\u00e9les fejjel\u00a0 \u00e9s 110 cm hossz\u00fa ny\u00e9llel.","robots":{"index":"index","follow":"follow","max-snippet":"max-snippet:-1","max-image-preview":"max-image-preview:large","max-video-preview":"max-video-preview:-1"},"canonical":"https:\/\/tajkertesz.com\/en_US\/product\/muanyag-lombsepru-28-fogo-xxl-meretu\/","og_locale":"en_US","og_type":"article","og_title":"M\u0171anyag lombsepr\u0171\u00a0 28 fog\u00f3 XXL m\u00e9ret\u0171\u00a0 - T\u00e1jkert\u00e9sz","og_description":"A M\u0171anyag lombsepr\u0171\u00a0 28 fog\u00f3 XXL m\u00e9ret\u0171 narancss\u00e1rga sz\u00edn\u0171 ny\u00e9llel k\u00e9k fejjel ami 28 \u00e1g\u00fa,\u00a0 66 cm sz\u00e9les fejjel\u00a0 \u00e9s 110 cm hossz\u00fa ny\u00e9llel.","og_url":"https:\/\/tajkertesz.com\/en_US\/product\/muanyag-lombsepru-28-fogo-xxl-meretu\/","og_site_name":"T\u00e1jkert\u00e9sz","article_publisher":"https:\/\/www.facebook.com\/Tajkertesz\/","article_modified_time":"2024-08-23T12:34:34+00:00","og_image":[{"width":220,"height":392,"url":"https:\/\/tajkertesz.com\/wp-content\/uploads\/2020\/11\/20201117_121631-e1605612011919.jpg","type":"image\/jpeg"}],"twitter_card":"summary_large_image","twitter_misc":{"Est. reading time":"2 minutes"},"schema":{"@context":"https:\/\/schema.org","@graph":[{"@type":"WebPage","@id":"https:\/\/tajkertesz.com\/termek\/muanyag-lombsepru-28-fogo-xxl-meretu\/","url":"https:\/\/tajkertesz.com\/termek\/muanyag-lombsepru-28-fogo-xxl-meretu\/","name":"M\u0171anyag lombsepr\u0171\u00a0 28 fog\u00f3 XXL m\u00e9ret\u0171\u00a0 - T\u00e1jkert\u00e9sz","isPartOf":{"@id":"https:\/\/tajkertesz.com\/#website"},"primaryImageOfPage":{"@id":"https:\/\/tajkertesz.com\/termek\/muanyag-lombsepru-28-fogo-xxl-meretu\/#primaryimage"},"image":{"@id":"https:\/\/tajkertesz.com\/termek\/muanyag-lombsepru-28-fogo-xxl-meretu\/#primaryimage"},"thumbnailUrl":"https:\/\/tajkertesz.com\/wp-content\/uploads\/2020\/11\/20201117_121631-e1605612011919.jpg","datePublished":"2020-11-17T12:23:37+00:00","dateModified":"2024-08-23T12:34:34+00:00","description":"A M\u0171anyag lombsepr\u0171\u00a0 28 fog\u00f3 XXL m\u00e9ret\u0171 narancss\u00e1rga sz\u00edn\u0171 ny\u00e9llel k\u00e9k fejjel ami 28 \u00e1g\u00fa,\u00a0 66 cm sz\u00e9les fejjel\u00a0 \u00e9s 110 cm hossz\u00fa ny\u00e9llel.","breadcrumb":{"@id":"https:\/\/tajkertesz.com\/termek\/muanyag-lombsepru-28-fogo-xxl-meretu\/#breadcrumb"},"inLanguage":"en-US","potentialAction":[{"@type":"ReadAction","target":["https:\/\/tajkertesz.com\/termek\/muanyag-lombsepru-28-fogo-xxl-meretu\/"]}]},{"@type":"ImageObject","inLanguage":"en-US","@id":"https:\/\/tajkertesz.com\/termek\/muanyag-lombsepru-28-fogo-xxl-meretu\/#primaryimage","url":"https:\/\/tajkertesz.com\/wp-content\/uploads\/2020\/11\/20201117_121631-e1605612011919.jpg","contentUrl":"https:\/\/tajkertesz.com\/wp-content\/uploads\/2020\/11\/20201117_121631-e1605612011919.jpg","width":220,"height":392},{"@type":"BreadcrumbList","@id":"https:\/\/tajkertesz.com\/termek\/muanyag-lombsepru-28-fogo-xxl-meretu\/#breadcrumb","itemListElement":[{"@type":"ListItem","position":1,"name":"Home","item":"https:\/\/tajkertesz.com\/"},{"@type":"ListItem","position":2,"name":"Kezd\u0151lap","item":"https:\/\/tajkertesz.com\/"},{"@type":"ListItem","position":3,"name":"M\u0171anyag lombsepr\u0171\u00a0 28 fog\u00f3 XXL m\u00e9ret\u0171\u00a0"}]},{"@type":"WebSite","@id":"https:\/\/tajkertesz.com\/#website","url":"https:\/\/tajkertesz.com\/","name":"T\u00e1j-Kert\u00e9sz 84 Kft.","description":"Kert\u00e9szeti kis- \u00e9s nagykeresked\u00e9s, D\u00edszn\u00f6v\u00e9ny web\u00e1ruh\u00e1z orsz\u00e1gos h\u00e1zhozsz\u00e1ll\u00edt\u00e1ssal!","publisher":{"@id":"https:\/\/tajkertesz.com\/#organization"},"potentialAction":[{"@type":"SearchAction","target":{"@type":"EntryPoint","urlTemplate":"https:\/\/tajkertesz.com\/?s={search_term_string}"},"query-input":{"@type":"PropertyValueSpecification","valueRequired":true,"valueName":"search_term_string"}}],"inLanguage":"en-US"},{"@type":"Organization","@id":"https:\/\/tajkertesz.com\/#organization","name":"T\u00e1j-Kert\u00e9sz 84 Kft.","url":"https:\/\/tajkertesz.com\/","logo":{"@type":"ImageObject","inLanguage":"en-US","@id":"https:\/\/tajkertesz.com\/#\/schema\/logo\/image\/","url":"https:\/\/tajkertesz.com\/wp-content\/uploads\/2018\/02\/logo-2-e1518678052539.png","contentUrl":"https:\/\/tajkertesz.com\/wp-content\/uploads\/2018\/02\/logo-2-e1518678052539.png","width":81,"height":140,"caption":"T\u00e1j-Kert\u00e9sz 84 Kft."},"image":{"@id":"https:\/\/tajkertesz.com\/#\/schema\/logo\/image\/"},"sameAs":["https:\/\/www.facebook.com\/Tajkertesz\/"]}]}},"_links":{"self":[{"href":"https:\/\/tajkertesz.com\/en_US\/wp-json\/wp\/v2\/product\/2721","targetHints":{"allow":["GET"]}}],"collection":[{"href":"https:\/\/tajkertesz.com\/en_US\/wp-json\/wp\/v2\/product"}],"about":[{"href":"https:\/\/tajkertesz.com\/en_US\/wp-json\/wp\/v2\/types\/product"}],"wp:featuredmedia":[{"embeddable":true,"href":"https:\/\/tajkertesz.com\/en_US\/wp-json\/wp\/v2\/media\/2722"}],"wp:attachment":[{"href":"https:\/\/tajkertesz.com\/en_US\/wp-json\/wp\/v2\/media?parent=2721"}],"wp:term":[{"taxonomy":"product_brand","embeddable":true,"href":"https:\/\/tajkertesz.com\/en_US\/wp-json\/wp\/v2\/product_brand?post=2721"},{"taxonomy":"product_cat","embeddable":true,"href":"https:\/\/tajkertesz.com\/en_US\/wp-json\/wp\/v2\/product_cat?post=2721"},{"taxonomy":"product_tag","embeddable":true,"href":"https:\/\/tajkertesz.com\/en_US\/wp-json\/wp\/v2\/product_tag?post=2721"}],"curies":[{"name":"wp","href":"https:\/\/api.w.org\/{rel}","templated":true}]}}