{"id":2733,"date":"2020-11-18T08:51:54","date_gmt":"2020-11-18T08:51:54","guid":{"rendered":"https:\/\/tajkertesz.com\/?post_type=product&#038;p=2733"},"modified":"2023-01-11T13:34:40","modified_gmt":"2023-01-11T13:34:40","slug":"esovizgyujto-allvany-nature","status":"publish","type":"product","link":"https:\/\/tajkertesz.com\/en_US\/product\/esovizgyujto-allvany-nature\/","title":{"rendered":"Hord\u00f3 alak\u00fa es\u0151v\u00edzgy\u0171jt\u0151h\u00f6z \u00e1llv\u00e1ny Nature"},"content":{"rendered":"<div class=\"v-card__title pa-2\" data-v-622fc2ba=\"\">\n<h2 data-v-622fc2ba=\"\">Hord\u00f3 alak\u00fa es\u0151v\u00edzgy\u0171jt\u0151h\u00f6z \u00e1llv\u00e1ny\u00a0Nature<\/h2>\n<h4>A Hord\u00f3 alak\u00fa Nature es\u0151v\u00edzgy\u0171jt\u0151h\u00f6z \u00e1llv\u00e1ny ami\u00a0 ak\u00e1r a\u00a0 120\u00a0 vagy 210 literes kapacit\u00e1s\u00e1val garant\u00e1ltan ide\u00e1lis v\u00e1laszt\u00e1s az es\u0151v\u00edz gy\u0171jt\u00e9s\u00e9re.<\/h4>\n<h4>Az \u00e1llv\u00e1ny megemeli a hord\u00f3t \u00edgy a vizet k\u00f6nnyed\u00e9n tudja kann\u00e1ba, v\u00f6d\u00f6rbe kiengedni.<\/h4>\n<\/div>\n<div class=\"toggle_description\" data-v-622fc2ba=\"\">\n<div class=\"toggleable\">\n<div class=\"description-wrap body-1\">\n<p>\u00a0Kis \u00e9s k\u00f6zepes m\u00e9ret\u0171 kertekbe vagy teraszokra alkalmas.<\/p>\n<p>Ez a v\u00edzgy\u0171jt\u0151 tart\u00e1ly UV-\u00e1ll\u00f3 polietil\u00e9n anyagb\u00f3l k\u00e9sz\u00fclt, \u00edgy t\u00f6k\u00e9letes k\u00fclt\u00e9ri felhaszn\u00e1l\u00e1sra.<\/p>\n<p>Z\u00e1rhat\u00f3 fed\u00e9llel \u00e9s egy csappal van felszerelve, amely lehet\u0151v\u00e9 teszi a v\u00f6dr\u00f6k \u00e9s az \u00f6nt\u00f6z\u0151kann\u00e1k k\u00f6nny\u0171 felt\u00f6lt\u00e9s\u00e9t.<\/p>\n<\/div>\n<\/div>\n<\/div>\n<h4 id=\"tw-target-text\" class=\"tw-data-text tw-text-large XcVN5d tw-ta\" dir=\"ltr\" data-placeholder=\"Ford\u00edt\u00e1s\"><span lang=\"hu\">M\u00e9retek: 31,5 x 53 cm (H x M) <\/span><\/h4>\n<h4 class=\"tw-data-text tw-text-large XcVN5d tw-ta\" dir=\"ltr\" data-placeholder=\"Ford\u00edt\u00e1s\"><span lang=\"hu\">Anyaga: m\u0171anyag <\/span><\/h4>\n<h4 class=\"tw-data-text tw-text-large XcVN5d tw-ta\" dir=\"ltr\" data-placeholder=\"Ford\u00edt\u00e1s\"><span lang=\"hu\">Sz\u00edn: fekete<\/span><\/h4>\n<h2 class=\"tw-data-text tw-text-large XcVN5d tw-ta\" dir=\"ltr\" data-placeholder=\"Ford\u00edt\u00e1s\"><span lang=\"hu\">Jelen term\u00e9k\u00fcnk csak az \u00e1llv\u00e1ny.<\/span><\/h2>\n<h4><a href=\"https:\/\/tajkertesz.com\/\">https:\/\/tajkertesz.com\/<\/a><\/h4>\n<p><a href=\"https:\/\/hu.wikipedia.org\/wiki\/Es%C5%91\">https:\/\/hu.wikipedia.org\/wiki\/Es%C5%91<\/a><\/p>\n<p>&nbsp;<\/p>\n<h2>Le\u00edr\u00e1s a\u00a0Hord\u00f3 alak\u00fa es\u0151v\u00edzgy\u0171jt\u0151r\u0151l:<\/h2>\n<div class=\"mb-2 elevation-0 v-card v-sheet theme--light\" data-v-622fc2ba=\"\">\n<div class=\"v-card__title pa-2\" data-v-622fc2ba=\"\">\n<h2 data-v-622fc2ba=\"\">Hord\u00f3 alak\u00fa es\u0151v\u00edzgy\u0171jt\u0151 120 literes Nature<\/h2>\n<p>Ez a\u00a0Hord\u00f3 alak\u00fa\u00a0Nature es\u0151v\u00edzgy\u0171jt\u0151 jelent\u0151s, 120 literes kapacit\u00e1s\u00e1val garant\u00e1ltan ide\u00e1lis v\u00e1laszt\u00e1s az es\u0151v\u00edz gy\u0171jt\u00e9s\u00e9re.<\/p>\n<\/div>\n<div class=\"v-card__text pa-2 product-description__text\" data-v-622fc2ba=\"\">\n<div class=\"toggle_description\" data-v-622fc2ba=\"\">\n<div class=\"toggleable\">\n<div class=\"description-wrap body-1\">\n<p>\u00a0Kis \u00e9s k\u00f6zepes m\u00e9ret\u0171 kertekbe vagy teraszokra alkalmas.<\/p>\n<p>Ez a v\u00edzgy\u0171jt\u0151 tart\u00e1ly UV-\u00e1ll\u00f3 polietil\u00e9n anyagb\u00f3l k\u00e9sz\u00fclt, \u00edgy t\u00f6k\u00e9letes k\u00fclt\u00e9ri felhaszn\u00e1l\u00e1sra.<\/p>\n<p>Z\u00e1rhat\u00f3 fed\u00e9llel \u00e9s egy csappal van felszerelve, amely lehet\u0151v\u00e9 teszi a v\u00f6dr\u00f6k \u00e9s az \u00f6nt\u00f6z\u0151kann\u00e1k k\u00f6nny\u0171 felt\u00f6lt\u00e9s\u00e9t.<\/p>\n<\/div>\n<\/div>\n<\/div>\n<\/div>\n<\/div>\n<div class=\"elevation-0 v-card v-sheet theme--light\" data-v-622fc2ba=\"\">\n<div class=\"v-card__title pa-2\" data-v-622fc2ba=\"\">\n<h2 class=\"product-specifications__title subheading-2\" data-v-622fc2ba=\"\">Term\u00e9k adatok:<\/h2>\n<\/div>\n<div class=\"v-card__text pa-2 product-specifications__text\" data-v-622fc2ba=\"\">\n<div data-v-622fc2ba=\"\">\n<ul>\n<li>Sz\u00edne: z\u00f6ld<\/li>\n<li>Anyaga: PE (polietil\u00e9n)<\/li>\n<li>M\u00e9rete: 51 x 81 cm (\u00c1tm\u00e9r\u0151 x Ma)<\/li>\n<li>T\u00e9rfogat: 120 L<\/li>\n<li>Z\u00e1rhat\u00f3 fed\u00e9llel<\/li>\n<li>Csappal a v\u00f6dr\u00f6k \u00e9s az \u00f6nt\u00f6z\u0151kann\u00e1k k\u00f6nny\u0171 felt\u00f6lt\u00e9s\u00e9hez<\/li>\n<li>EAN: 8711338704127<\/li>\n<li>M\u00e1rka: Nature<\/li>\n<\/ul>\n<p><strong>Felhaszn\u00e1l\u00e1s:<\/strong><\/p>\n<p>Seg\u00edt\u00e9s\u00e9vel egyszer\u0171en gy\u0171jthetj\u00fck az es\u0151vizet k\u00e9s\u0151bbi felhaszn\u00e1l\u00e1sra. A hord\u00f3 nem f\u00e9ny\u00e1tereszt\u0151, ez\u00e9rt hossz\u00fa ideig nem alg\u00e1sodik be a benne t\u00e1rolt v\u00edz.<\/p>\n<p><strong>Tartoz\u00e9kok<\/strong><\/p>\n<p>Csap<\/p>\n<p>Z\u00e1rhat\u00f3 fed\u0151<\/p>\n<p>K\u00e9rj\u00fck, vegye figyelembe, hogy az es\u0151v\u00edzgy\u0171jt\u0151-\u00e1llv\u00e1ny nem alaptartoz\u00e9k. Az \u00e1llv\u00e1ny megemeli a hord\u00f3t \u00edgy a vizet k\u00f6nnyed\u00e9n tudja kann\u00e1ba , v\u00f6d\u00f6rbe kiengedni.<\/p>\n<\/div>\n<\/div>\n<\/div>\n<p>&nbsp;<\/p>","protected":false},"excerpt":{"rendered":"<div class=\"v-card__title pa-2\" data-v-622fc2ba=\"\">\n<h4>Hord\u00f3 alak\u00fa es\u0151v\u00edzgy\u0171jt\u0151h\u00f6z \u00e1llv\u00e1ny\u00a0Nature<\/h4>\n<h4>Ez egy \u00e1llv\u00e1ny\u00a0 a Hord\u00f3 alak\u00fa Nature es\u0151v\u00edzgy\u0171jt\u0151h\u00f6z ami\u00a0 ak\u00e1r a\u00a0 120\u00a0 vagy 210 literes kapacit\u00e1s\u00e1val garant\u00e1ltan ide\u00e1lis v\u00e1laszt\u00e1s az es\u0151v\u00edz gy\u0171jt\u00e9s\u00e9re.<\/h4>\n<\/div>\n<div class=\"toggle_description\" data-v-622fc2ba=\"\">\n<div class=\"toggleable\">\n<div class=\"description-wrap body-1\">\n<p>\u00a0Kis \u00e9s k\u00f6zepes m\u00e9ret\u0171 kertekbe vagy teraszokra alkalmas.<\/p>\n<p>Ez a v\u00edzgy\u0171jt\u0151 tart\u00e1ly UV-\u00e1ll\u00f3 polietil\u00e9n anyagb\u00f3l k\u00e9sz\u00fclt, \u00edgy t\u00f6k\u00e9letes k\u00fclt\u00e9ri felhaszn\u00e1l\u00e1sra.<\/p>\n<p>Z\u00e1rhat\u00f3 fed\u00e9llel \u00e9s egy csappal van felszerelve, amely lehet\u0151v\u00e9 teszi a v\u00f6dr\u00f6k \u00e9s az \u00f6nt\u00f6z\u0151kann\u00e1k k\u00f6nny\u0171 felt\u00f6lt\u00e9s\u00e9t.<\/p>\n<\/div>\n<\/div>\n<\/div>\n<h4 id=\"tw-target-text\" class=\"tw-data-text tw-text-large XcVN5d tw-ta\" dir=\"ltr\" data-placeholder=\"Ford\u00edt\u00e1s\"><span lang=\"hu\">M\u00e9retek: 31,5 x 53 cm (H x M)<\/span><\/h4>\n<h4 class=\"tw-data-text tw-text-large XcVN5d tw-ta\" dir=\"ltr\" data-placeholder=\"Ford\u00edt\u00e1s\"><span lang=\"hu\">Anyaga: m\u0171anyag <\/span><\/h4>\n<h4 class=\"tw-data-text tw-text-large XcVN5d tw-ta\" dir=\"ltr\" data-placeholder=\"Ford\u00edt\u00e1s\"><span lang=\"hu\">Sz\u00edn: fekete <\/span><\/h4>\n<h4 class=\"tw-data-text tw-text-large XcVN5d tw-ta\" dir=\"ltr\" data-placeholder=\"Ford\u00edt\u00e1s\"><span lang=\"hu\">Emelje fel a hord\u00f3t, hogy a v\u00edz k\u00f6nnyen kinyerhet\u0151 legyen a csapon kereszt\u00fcl. <\/span><\/h4>\n<h4 class=\"tw-data-text tw-text-large XcVN5d tw-ta\" dir=\"ltr\" data-placeholder=\"Ford\u00edt\u00e1s\"><span lang=\"hu\">Jelen term\u00e9k\u00fcnk csak az \u00e1llv\u00e1ny.<\/span><\/h4>","protected":false},"featured_media":2734,"template":"","meta":{"_et_pb_use_builder":"","_et_pb_old_content":"","_et_gb_content_width":""},"product_brand":[],"product_cat":[4002],"product_tag":[1003,998,1002,919],"class_list":{"0":"post-2733","1":"product","2":"type-product","3":"status-publish","4":"has-post-thumbnail","6":"product_cat-muanyag-folyokak-esovizgyujtes-szikkasztas-kerti-kutak","7":"product_tag-allvany","8":"product_tag-esovizgyujto","9":"product_tag-esovizgyujto-allvany-nature","10":"product_tag-nature","12":"first","13":"instock","14":"shipping-taxable","15":"purchasable","16":"product-type-simple"},"yoast_head":"<!-- This site is optimized with the Yoast SEO plugin v27.4 - https:\/\/yoast.com\/product\/yoast-seo-wordpress\/ -->\n<title>Hord\u00f3 alak\u00fa es\u0151v\u00edzgy\u0171jt\u0151h\u00f6z \u00e1llv\u00e1ny Nature - T\u00e1jkert\u00e9sz<\/title>\n<meta name=\"description\" content=\"Ez egy \u00e1llv\u00e1ny\u00a0 a Hord\u00f3 alak\u00fa Nature es\u0151v\u00edzgy\u0171jt\u0151 ami ak\u00e1r a 120 vagy 210 literes kapacit\u00e1s\u00e1val ide\u00e1lis v\u00e1laszt\u00e1s az es\u0151v\u00edz gy\u0171jt\u00e9s\u00e9re.\" \/>\n<meta name=\"robots\" content=\"index, follow, max-snippet:-1, max-image-preview:large, max-video-preview:-1\" \/>\n<link rel=\"canonical\" href=\"https:\/\/tajkertesz.com\/en_US\/product\/esovizgyujto-allvany-nature\/\" \/>\n<meta property=\"og:locale\" content=\"en_US\" \/>\n<meta property=\"og:type\" content=\"article\" \/>\n<meta property=\"og:title\" content=\"Hord\u00f3 alak\u00fa es\u0151v\u00edzgy\u0171jt\u0151h\u00f6z \u00e1llv\u00e1ny Nature - T\u00e1jkert\u00e9sz\" \/>\n<meta property=\"og:description\" content=\"Ez egy \u00e1llv\u00e1ny\u00a0 a Hord\u00f3 alak\u00fa Nature es\u0151v\u00edzgy\u0171jt\u0151 ami ak\u00e1r a 120 vagy 210 literes kapacit\u00e1s\u00e1val ide\u00e1lis v\u00e1laszt\u00e1s az es\u0151v\u00edz gy\u0171jt\u00e9s\u00e9re.\" \/>\n<meta property=\"og:url\" content=\"https:\/\/tajkertesz.com\/en_US\/product\/esovizgyujto-allvany-nature\/\" \/>\n<meta property=\"og:site_name\" content=\"T\u00e1jkert\u00e9sz\" \/>\n<meta property=\"article:publisher\" content=\"https:\/\/www.facebook.com\/Tajkertesz\/\" \/>\n<meta property=\"article:modified_time\" content=\"2023-01-11T13:34:40+00:00\" \/>\n<meta property=\"og:image\" content=\"https:\/\/tajkertesz.com\/wp-content\/uploads\/2020\/11\/nature-hordo-alvany.jpg\" \/>\n\t<meta property=\"og:image:width\" content=\"986\" \/>\n\t<meta property=\"og:image:height\" content=\"900\" \/>\n\t<meta property=\"og:image:type\" content=\"image\/jpeg\" \/>\n<meta name=\"twitter:card\" content=\"summary_large_image\" \/>\n<meta name=\"twitter:label1\" content=\"Est. reading time\" \/>\n\t<meta name=\"twitter:data1\" content=\"2 minutes\" \/>\n<script type=\"application\/ld+json\" class=\"yoast-schema-graph\">{\"@context\":\"https:\\\/\\\/schema.org\",\"@graph\":[{\"@type\":\"WebPage\",\"@id\":\"https:\\\/\\\/tajkertesz.com\\\/termek\\\/esovizgyujto-allvany-nature\\\/\",\"url\":\"https:\\\/\\\/tajkertesz.com\\\/termek\\\/esovizgyujto-allvany-nature\\\/\",\"name\":\"Hord\u00f3 alak\u00fa es\u0151v\u00edzgy\u0171jt\u0151h\u00f6z \u00e1llv\u00e1ny Nature - T\u00e1jkert\u00e9sz\",\"isPartOf\":{\"@id\":\"https:\\\/\\\/tajkertesz.com\\\/#website\"},\"primaryImageOfPage\":{\"@id\":\"https:\\\/\\\/tajkertesz.com\\\/termek\\\/esovizgyujto-allvany-nature\\\/#primaryimage\"},\"image\":{\"@id\":\"https:\\\/\\\/tajkertesz.com\\\/termek\\\/esovizgyujto-allvany-nature\\\/#primaryimage\"},\"thumbnailUrl\":\"https:\\\/\\\/tajkertesz.com\\\/wp-content\\\/uploads\\\/2020\\\/11\\\/nature-hordo-alvany.jpg\",\"datePublished\":\"2020-11-18T08:51:54+00:00\",\"dateModified\":\"2023-01-11T13:34:40+00:00\",\"description\":\"Ez egy \u00e1llv\u00e1ny\u00a0 a Hord\u00f3 alak\u00fa Nature es\u0151v\u00edzgy\u0171jt\u0151 ami ak\u00e1r a 120 vagy 210 literes kapacit\u00e1s\u00e1val ide\u00e1lis v\u00e1laszt\u00e1s az es\u0151v\u00edz gy\u0171jt\u00e9s\u00e9re.\",\"breadcrumb\":{\"@id\":\"https:\\\/\\\/tajkertesz.com\\\/termek\\\/esovizgyujto-allvany-nature\\\/#breadcrumb\"},\"inLanguage\":\"en-US\",\"potentialAction\":[{\"@type\":\"ReadAction\",\"target\":[\"https:\\\/\\\/tajkertesz.com\\\/termek\\\/esovizgyujto-allvany-nature\\\/\"]}]},{\"@type\":\"ImageObject\",\"inLanguage\":\"en-US\",\"@id\":\"https:\\\/\\\/tajkertesz.com\\\/termek\\\/esovizgyujto-allvany-nature\\\/#primaryimage\",\"url\":\"https:\\\/\\\/tajkertesz.com\\\/wp-content\\\/uploads\\\/2020\\\/11\\\/nature-hordo-alvany.jpg\",\"contentUrl\":\"https:\\\/\\\/tajkertesz.com\\\/wp-content\\\/uploads\\\/2020\\\/11\\\/nature-hordo-alvany.jpg\",\"width\":986,\"height\":900},{\"@type\":\"BreadcrumbList\",\"@id\":\"https:\\\/\\\/tajkertesz.com\\\/termek\\\/esovizgyujto-allvany-nature\\\/#breadcrumb\",\"itemListElement\":[{\"@type\":\"ListItem\",\"position\":1,\"name\":\"Home\",\"item\":\"https:\\\/\\\/tajkertesz.com\\\/\"},{\"@type\":\"ListItem\",\"position\":2,\"name\":\"Kezd\u0151lap\",\"item\":\"https:\\\/\\\/tajkertesz.com\\\/\"},{\"@type\":\"ListItem\",\"position\":3,\"name\":\"Hord\u00f3 alak\u00fa es\u0151v\u00edzgy\u0171jt\u0151h\u00f6z \u00e1llv\u00e1ny Nature\"}]},{\"@type\":\"WebSite\",\"@id\":\"https:\\\/\\\/tajkertesz.com\\\/#website\",\"url\":\"https:\\\/\\\/tajkertesz.com\\\/\",\"name\":\"T\u00e1j-Kert\u00e9sz 84 Kft.\",\"description\":\"Kert\u00e9szeti kis- \u00e9s nagykeresked\u00e9s, D\u00edszn\u00f6v\u00e9ny web\u00e1ruh\u00e1z orsz\u00e1gos h\u00e1zhozsz\u00e1ll\u00edt\u00e1ssal!\",\"publisher\":{\"@id\":\"https:\\\/\\\/tajkertesz.com\\\/#organization\"},\"potentialAction\":[{\"@type\":\"SearchAction\",\"target\":{\"@type\":\"EntryPoint\",\"urlTemplate\":\"https:\\\/\\\/tajkertesz.com\\\/?s={search_term_string}\"},\"query-input\":{\"@type\":\"PropertyValueSpecification\",\"valueRequired\":true,\"valueName\":\"search_term_string\"}}],\"inLanguage\":\"en-US\"},{\"@type\":\"Organization\",\"@id\":\"https:\\\/\\\/tajkertesz.com\\\/#organization\",\"name\":\"T\u00e1j-Kert\u00e9sz 84 Kft.\",\"url\":\"https:\\\/\\\/tajkertesz.com\\\/\",\"logo\":{\"@type\":\"ImageObject\",\"inLanguage\":\"en-US\",\"@id\":\"https:\\\/\\\/tajkertesz.com\\\/#\\\/schema\\\/logo\\\/image\\\/\",\"url\":\"https:\\\/\\\/tajkertesz.com\\\/wp-content\\\/uploads\\\/2018\\\/02\\\/logo-2-e1518678052539.png\",\"contentUrl\":\"https:\\\/\\\/tajkertesz.com\\\/wp-content\\\/uploads\\\/2018\\\/02\\\/logo-2-e1518678052539.png\",\"width\":81,\"height\":140,\"caption\":\"T\u00e1j-Kert\u00e9sz 84 Kft.\"},\"image\":{\"@id\":\"https:\\\/\\\/tajkertesz.com\\\/#\\\/schema\\\/logo\\\/image\\\/\"},\"sameAs\":[\"https:\\\/\\\/www.facebook.com\\\/Tajkertesz\\\/\"]}]}<\/script>\n<!-- \/ Yoast SEO plugin. -->","yoast_head_json":{"title":"Hord\u00f3 alak\u00fa es\u0151v\u00edzgy\u0171jt\u0151h\u00f6z \u00e1llv\u00e1ny Nature - T\u00e1jkert\u00e9sz","description":"Ez egy \u00e1llv\u00e1ny\u00a0 a Hord\u00f3 alak\u00fa Nature es\u0151v\u00edzgy\u0171jt\u0151 ami ak\u00e1r a 120 vagy 210 literes kapacit\u00e1s\u00e1val ide\u00e1lis v\u00e1laszt\u00e1s az es\u0151v\u00edz gy\u0171jt\u00e9s\u00e9re.","robots":{"index":"index","follow":"follow","max-snippet":"max-snippet:-1","max-image-preview":"max-image-preview:large","max-video-preview":"max-video-preview:-1"},"canonical":"https:\/\/tajkertesz.com\/en_US\/product\/esovizgyujto-allvany-nature\/","og_locale":"en_US","og_type":"article","og_title":"Hord\u00f3 alak\u00fa es\u0151v\u00edzgy\u0171jt\u0151h\u00f6z \u00e1llv\u00e1ny Nature - T\u00e1jkert\u00e9sz","og_description":"Ez egy \u00e1llv\u00e1ny\u00a0 a Hord\u00f3 alak\u00fa Nature es\u0151v\u00edzgy\u0171jt\u0151 ami ak\u00e1r a 120 vagy 210 literes kapacit\u00e1s\u00e1val ide\u00e1lis v\u00e1laszt\u00e1s az es\u0151v\u00edz gy\u0171jt\u00e9s\u00e9re.","og_url":"https:\/\/tajkertesz.com\/en_US\/product\/esovizgyujto-allvany-nature\/","og_site_name":"T\u00e1jkert\u00e9sz","article_publisher":"https:\/\/www.facebook.com\/Tajkertesz\/","article_modified_time":"2023-01-11T13:34:40+00:00","og_image":[{"width":986,"height":900,"url":"https:\/\/tajkertesz.com\/wp-content\/uploads\/2020\/11\/nature-hordo-alvany.jpg","type":"image\/jpeg"}],"twitter_card":"summary_large_image","twitter_misc":{"Est. reading time":"2 minutes"},"schema":{"@context":"https:\/\/schema.org","@graph":[{"@type":"WebPage","@id":"https:\/\/tajkertesz.com\/termek\/esovizgyujto-allvany-nature\/","url":"https:\/\/tajkertesz.com\/termek\/esovizgyujto-allvany-nature\/","name":"Hord\u00f3 alak\u00fa es\u0151v\u00edzgy\u0171jt\u0151h\u00f6z \u00e1llv\u00e1ny Nature - T\u00e1jkert\u00e9sz","isPartOf":{"@id":"https:\/\/tajkertesz.com\/#website"},"primaryImageOfPage":{"@id":"https:\/\/tajkertesz.com\/termek\/esovizgyujto-allvany-nature\/#primaryimage"},"image":{"@id":"https:\/\/tajkertesz.com\/termek\/esovizgyujto-allvany-nature\/#primaryimage"},"thumbnailUrl":"https:\/\/tajkertesz.com\/wp-content\/uploads\/2020\/11\/nature-hordo-alvany.jpg","datePublished":"2020-11-18T08:51:54+00:00","dateModified":"2023-01-11T13:34:40+00:00","description":"Ez egy \u00e1llv\u00e1ny\u00a0 a Hord\u00f3 alak\u00fa Nature es\u0151v\u00edzgy\u0171jt\u0151 ami ak\u00e1r a 120 vagy 210 literes kapacit\u00e1s\u00e1val ide\u00e1lis v\u00e1laszt\u00e1s az es\u0151v\u00edz gy\u0171jt\u00e9s\u00e9re.","breadcrumb":{"@id":"https:\/\/tajkertesz.com\/termek\/esovizgyujto-allvany-nature\/#breadcrumb"},"inLanguage":"en-US","potentialAction":[{"@type":"ReadAction","target":["https:\/\/tajkertesz.com\/termek\/esovizgyujto-allvany-nature\/"]}]},{"@type":"ImageObject","inLanguage":"en-US","@id":"https:\/\/tajkertesz.com\/termek\/esovizgyujto-allvany-nature\/#primaryimage","url":"https:\/\/tajkertesz.com\/wp-content\/uploads\/2020\/11\/nature-hordo-alvany.jpg","contentUrl":"https:\/\/tajkertesz.com\/wp-content\/uploads\/2020\/11\/nature-hordo-alvany.jpg","width":986,"height":900},{"@type":"BreadcrumbList","@id":"https:\/\/tajkertesz.com\/termek\/esovizgyujto-allvany-nature\/#breadcrumb","itemListElement":[{"@type":"ListItem","position":1,"name":"Home","item":"https:\/\/tajkertesz.com\/"},{"@type":"ListItem","position":2,"name":"Kezd\u0151lap","item":"https:\/\/tajkertesz.com\/"},{"@type":"ListItem","position":3,"name":"Hord\u00f3 alak\u00fa es\u0151v\u00edzgy\u0171jt\u0151h\u00f6z \u00e1llv\u00e1ny Nature"}]},{"@type":"WebSite","@id":"https:\/\/tajkertesz.com\/#website","url":"https:\/\/tajkertesz.com\/","name":"T\u00e1j-Kert\u00e9sz 84 Kft.","description":"Kert\u00e9szeti kis- \u00e9s nagykeresked\u00e9s, D\u00edszn\u00f6v\u00e9ny web\u00e1ruh\u00e1z orsz\u00e1gos h\u00e1zhozsz\u00e1ll\u00edt\u00e1ssal!","publisher":{"@id":"https:\/\/tajkertesz.com\/#organization"},"potentialAction":[{"@type":"SearchAction","target":{"@type":"EntryPoint","urlTemplate":"https:\/\/tajkertesz.com\/?s={search_term_string}"},"query-input":{"@type":"PropertyValueSpecification","valueRequired":true,"valueName":"search_term_string"}}],"inLanguage":"en-US"},{"@type":"Organization","@id":"https:\/\/tajkertesz.com\/#organization","name":"T\u00e1j-Kert\u00e9sz 84 Kft.","url":"https:\/\/tajkertesz.com\/","logo":{"@type":"ImageObject","inLanguage":"en-US","@id":"https:\/\/tajkertesz.com\/#\/schema\/logo\/image\/","url":"https:\/\/tajkertesz.com\/wp-content\/uploads\/2018\/02\/logo-2-e1518678052539.png","contentUrl":"https:\/\/tajkertesz.com\/wp-content\/uploads\/2018\/02\/logo-2-e1518678052539.png","width":81,"height":140,"caption":"T\u00e1j-Kert\u00e9sz 84 Kft."},"image":{"@id":"https:\/\/tajkertesz.com\/#\/schema\/logo\/image\/"},"sameAs":["https:\/\/www.facebook.com\/Tajkertesz\/"]}]}},"_links":{"self":[{"href":"https:\/\/tajkertesz.com\/en_US\/wp-json\/wp\/v2\/product\/2733","targetHints":{"allow":["GET"]}}],"collection":[{"href":"https:\/\/tajkertesz.com\/en_US\/wp-json\/wp\/v2\/product"}],"about":[{"href":"https:\/\/tajkertesz.com\/en_US\/wp-json\/wp\/v2\/types\/product"}],"wp:featuredmedia":[{"embeddable":true,"href":"https:\/\/tajkertesz.com\/en_US\/wp-json\/wp\/v2\/media\/2734"}],"wp:attachment":[{"href":"https:\/\/tajkertesz.com\/en_US\/wp-json\/wp\/v2\/media?parent=2733"}],"wp:term":[{"taxonomy":"product_brand","embeddable":true,"href":"https:\/\/tajkertesz.com\/en_US\/wp-json\/wp\/v2\/product_brand?post=2733"},{"taxonomy":"product_cat","embeddable":true,"href":"https:\/\/tajkertesz.com\/en_US\/wp-json\/wp\/v2\/product_cat?post=2733"},{"taxonomy":"product_tag","embeddable":true,"href":"https:\/\/tajkertesz.com\/en_US\/wp-json\/wp\/v2\/product_tag?post=2733"}],"curies":[{"name":"wp","href":"https:\/\/api.w.org\/{rel}","templated":true}]}}