{"id":2756,"date":"2020-11-18T15:41:31","date_gmt":"2020-11-18T15:41:31","guid":{"rendered":"https:\/\/tajkertesz.com\/?post_type=product&#038;p=2756"},"modified":"2024-07-11T09:32:29","modified_gmt":"2024-07-11T09:32:29","slug":"truper-karolyukaso-y-nyellel","status":"publish","type":"product","link":"https:\/\/tajkertesz.com\/en_US\/product\/truper-karolyukaso-y-nyellel\/","title":{"rendered":"Truper kar\u00f3lyuk\u00e1s\u00f3 Y ny\u00e9llel (PEP-16)"},"content":{"rendered":"<h1 class=\"product-page-heading\"><span class=\"product-page-product-name\">Truper kar\u00f3lyuk\u00e1s\u00f3 Y ny\u00e9llel (PEP-16)<\/span><\/h1>\n<h2 class=\"product-page-heading\"><span class=\"product-page-product-name\">A Truper kar\u00f3lyuk\u00e1s\u00f3 Y ny\u00e9llel (PEP-16)\u00a0<\/span>legjobb min\u0151s\u00e9get k\u00e9pviselik a kerti szersz\u00e1mok k\u00f6z\u00f6tt.<\/h2>\n<p>A j\u00f3 min\u0151s\u00e9g\u0171 munk\u00e1hoz j\u00f3 min\u0151s\u00e9g\u0171\u00a0 szersz\u00e1m kell!<\/p>\n<p>A Truper k\u00e9ziszersz\u00e1mok a legjobb min\u0151s\u00e9get k\u00e9pviselik a kerti szersz\u00e1mok ter\u00e9n.<\/p>\n<p>Min\u0151s\u00e9gi anyaghaszn\u00e1latnak k\u00f6sz\u00f6nhet\u0151en hossz\u00fa \u00e9lettartam jellemzi.<\/p>\n<p>A Truper\u00a0<span class=\"product-page-product-name\">kar\u00f3lyuk\u00e1s\u00f3 <\/span>\u00a0feje 15 cm sz\u00e9les \u00e9s 69 cm magas. \u00a0 121 cm a\u00a0 teljes m\u00e9rete. Y v\u00e9ggel ell\u00e1tott lakkozott fa ny\u00e9llel.<\/p>\n<p>A\u00a0 lakkozott\u00a0 \u00a0fa ny\u00e9l er\u0151s \u00e9s megb\u00edzhat\u00f3.\u00a0K\u00f6nnyed\u00e9n vesz minden akad\u00e1lyt. Nem t\u00f6rik el n\u00e9h\u00e1ny haszn\u00e1lat ut\u00e1n.<\/p>\n<p>&nbsp;<\/p>\n<p style=\"line-height: 18.0pt; background: white; margin: 0cm 0cm 15.0pt 0cm;\"><span style=\"font-family: 'Ubuntu',serif; color: black;\">El\u00e9rhet\u0151 t\u00f6bbf\u00e9le m\u00e9retben \u00e9s \u00e1rban.<\/span><\/p>\n<p style=\"line-height: 18.0pt; background: white; margin: 0cm 0cm 15.0pt 0cm;\"><b><span style=\"font-family: 'Ubuntu',serif; color: black;\">K\u00e9szlet\u00fcnk napi szinten v\u00e1ltozik, ez\u00e9rt k\u00e9rj\u00fck, \u00e9rdekl\u0151dj\u00f6n szem\u00e9lyesen, telefonon vagy email-en.<br \/>\nA v\u00e1ltoztat\u00e1s jog\u00e1t fenntartjuk! 1<\/span><\/b><\/p>\n<p><a href=\"https:\/\/tajkertesz.com\/\"><br \/>\nhttps:\/\/tajkertesz.com\/<\/a><\/p>\n<p><a href=\"https:\/\/www.truper.com\/\">https:\/\/www.truper.com\/<\/a><\/p>\n<p>A min\u0151s\u00e9gi munka alapfelt\u00e9tele a j\u00f3 k\u00e9ziszersz\u00e1m. Ezt igazolja a gy\u00e1rt\u00f3 c\u00e9g 0,5%-os hibaar\u00e1nya.<\/p>\n<p>A Truper 75 hekt\u00e1r ter\u00fcleten elhelyezked\u0151 gy\u00e1rt\u00f3 \u00e9s forgalmaz\u00f3 k\u00f6zpontja Jilotepec v\u00e1ros\u00e1ban, Mexik\u00f3ban tal\u00e1lhat\u00f3.<\/p>\n<p>A Truper Herramientas t\u00f6bb, mint 50 \u00e9ve foglalkozik k\u00e9ziszersz\u00e1mok gy\u00e1rt\u00e1s\u00e1val \u00e9s messze a legnagyobb Mexik\u00f3i c\u00e9g az exportjaival az Egyes\u00fclt \u00c1llamok, Kanada, K\u00f6z\u00e9p \u00e9s D\u00e9l-Amerika valamint Eur\u00f3pa fel\u00e9.<\/p>\n<p>A j\u00f3 munk\u00e1hoz j\u00f3 szersz\u00e1m kell!<\/p>\n<p>A Truper k\u00e9ziszersz\u00e1mok a legjobb min\u0151s\u00e9get k\u00e9pviselik a kerti szersz\u00e1mok ter\u00e9n. Min\u0151s\u00e9gi anyaghaszn\u00e1latnak k\u00f6sz\u00f6nhet\u0151en hossz\u00fa \u00e9lettartam jellemzi. Csak v\u00e9rbeli kert\u00e9szeknek aj\u00e1nlott!<\/p>\n<p>H\u00e1z k\u00f6r\u00fcli kertekben is sz\u00e9les k\u00f6rben haszn\u00e1lhat\u00f3, de a mindennapos kerti munk\u00e1latokban is meg\u00e1llj\u00e1k\u00a0 a hely\u00fcket a Truper term\u00e9kek!<\/p>","protected":false},"excerpt":{"rendered":"<h2 class=\"product-page-heading\"><span class=\"product-page-product-name\">A Truper kar\u00f3lyuk\u00e1s\u00f3 Y ny\u00e9llel (PEP-16)\u00a0<\/span>legjobb min\u0151s\u00e9get k\u00e9pviselik a kerti szersz\u00e1mok k\u00f6z\u00f6tt.<\/h2>\n<p>A j\u00f3 min\u0151s\u00e9g\u0171 munk\u00e1hoz j\u00f3 min\u0151s\u00e9g\u0171\u00a0 szersz\u00e1m kell!<\/p>\n<p>A Truper k\u00e9ziszersz\u00e1mok a legjobb min\u0151s\u00e9get k\u00e9pviselik a kerti szersz\u00e1mok ter\u00e9n.<\/p>\n<p>Min\u0151s\u00e9gi anyaghaszn\u00e1latnak k\u00f6sz\u00f6nhet\u0151en hossz\u00fa \u00e9lettartam jellemzi.<\/p>\n<p>A Truper\u00a0<span class=\"product-page-product-name\">kar\u00f3lyuk\u00e1s\u00f3 <\/span>\u00a0feje 15 cm sz\u00e9les \u00e9s 69 cm magas. \u00a0 121 cm a\u00a0 teljes m\u00e9rete. Y v\u00e9ggel ell\u00e1tott lakkozott fa ny\u00e9llel.<\/p>\n<p>A\u00a0 lakkozott\u00a0 \u00a0fa ny\u00e9l er\u0151s \u00e9s megb\u00edzhat\u00f3.\u00a0K\u00f6nnyed\u00e9n vesz minden akad\u00e1lyt. Nem t\u00f6rik el n\u00e9h\u00e1ny haszn\u00e1lat ut\u00e1n.<\/p>","protected":false},"featured_media":2758,"template":"","meta":{"_et_pb_use_builder":"","_et_pb_old_content":"","_et_gb_content_width":""},"product_brand":[],"product_cat":[623],"product_tag":[1019,1021,927,1020],"class_list":{"0":"post-2756","1":"product","2":"type-product","3":"status-publish","4":"has-post-thumbnail","6":"product_cat-kerti-szerszamok-kiegeszitok","7":"product_tag-karolyukaso","8":"product_tag-pep-16","9":"product_tag-truper","10":"product_tag-y-nyellel","12":"first","13":"instock","14":"shipping-taxable","15":"purchasable","16":"product-type-simple"},"yoast_head":"<!-- This site is optimized with the Yoast SEO plugin v27.3 - https:\/\/yoast.com\/product\/yoast-seo-wordpress\/ -->\n<title>Truper kar\u00f3lyuk\u00e1s\u00f3 Y ny\u00e9llel (PEP-16) - T\u00e1jkert\u00e9sz<\/title>\n<meta name=\"description\" content=\"A Truper kar\u00f3lyuk\u00e1s\u00f3 Y ny\u00e9llel (PEP-16)\u00a0legjobb min\u0151s\u00e9get k\u00e9pviselik a kerti szersz\u00e1mok k\u00f6z\u00f6tt. Min\u0151s\u00e9gi anyaga miatt hossz\u00fa \u00e9lettartam\u00faak.\" \/>\n<meta name=\"robots\" content=\"index, follow, max-snippet:-1, max-image-preview:large, max-video-preview:-1\" \/>\n<link rel=\"canonical\" href=\"https:\/\/tajkertesz.com\/en_US\/product\/truper-karolyukaso-y-nyellel\/\" \/>\n<meta property=\"og:locale\" content=\"en_US\" \/>\n<meta property=\"og:type\" content=\"article\" \/>\n<meta property=\"og:title\" content=\"Truper kar\u00f3lyuk\u00e1s\u00f3 Y ny\u00e9llel (PEP-16) - T\u00e1jkert\u00e9sz\" \/>\n<meta property=\"og:description\" content=\"A Truper kar\u00f3lyuk\u00e1s\u00f3 Y ny\u00e9llel (PEP-16)\u00a0legjobb min\u0151s\u00e9get k\u00e9pviselik a kerti szersz\u00e1mok k\u00f6z\u00f6tt. Min\u0151s\u00e9gi anyaga miatt hossz\u00fa \u00e9lettartam\u00faak.\" \/>\n<meta property=\"og:url\" content=\"https:\/\/tajkertesz.com\/en_US\/product\/truper-karolyukaso-y-nyellel\/\" \/>\n<meta property=\"og:site_name\" content=\"T\u00e1jkert\u00e9sz\" \/>\n<meta property=\"article:publisher\" content=\"https:\/\/www.facebook.com\/Tajkertesz\/\" \/>\n<meta property=\"article:modified_time\" content=\"2024-07-11T09:32:29+00:00\" \/>\n<meta property=\"og:image\" content=\"https:\/\/tajkertesz.com\/wp-content\/uploads\/2020\/11\/PEP-16.jpg\" \/>\n\t<meta property=\"og:image:width\" content=\"512\" \/>\n\t<meta property=\"og:image:height\" content=\"384\" \/>\n\t<meta property=\"og:image:type\" content=\"image\/jpeg\" \/>\n<meta name=\"twitter:card\" content=\"summary_large_image\" \/>\n<meta name=\"twitter:label1\" content=\"Est. reading time\" \/>\n\t<meta name=\"twitter:data1\" content=\"2 minutes\" \/>\n<script type=\"application\/ld+json\" class=\"yoast-schema-graph\">{\"@context\":\"https:\\\/\\\/schema.org\",\"@graph\":[{\"@type\":\"WebPage\",\"@id\":\"https:\\\/\\\/tajkertesz.com\\\/termek\\\/truper-karolyukaso-y-nyellel\\\/\",\"url\":\"https:\\\/\\\/tajkertesz.com\\\/termek\\\/truper-karolyukaso-y-nyellel\\\/\",\"name\":\"Truper kar\u00f3lyuk\u00e1s\u00f3 Y ny\u00e9llel (PEP-16) - T\u00e1jkert\u00e9sz\",\"isPartOf\":{\"@id\":\"https:\\\/\\\/tajkertesz.com\\\/#website\"},\"primaryImageOfPage\":{\"@id\":\"https:\\\/\\\/tajkertesz.com\\\/termek\\\/truper-karolyukaso-y-nyellel\\\/#primaryimage\"},\"image\":{\"@id\":\"https:\\\/\\\/tajkertesz.com\\\/termek\\\/truper-karolyukaso-y-nyellel\\\/#primaryimage\"},\"thumbnailUrl\":\"https:\\\/\\\/tajkertesz.com\\\/wp-content\\\/uploads\\\/2020\\\/11\\\/PEP-16.jpg\",\"datePublished\":\"2020-11-18T15:41:31+00:00\",\"dateModified\":\"2024-07-11T09:32:29+00:00\",\"description\":\"A Truper kar\u00f3lyuk\u00e1s\u00f3 Y ny\u00e9llel (PEP-16)\u00a0legjobb min\u0151s\u00e9get k\u00e9pviselik a kerti szersz\u00e1mok k\u00f6z\u00f6tt. Min\u0151s\u00e9gi anyaga miatt hossz\u00fa \u00e9lettartam\u00faak.\",\"breadcrumb\":{\"@id\":\"https:\\\/\\\/tajkertesz.com\\\/termek\\\/truper-karolyukaso-y-nyellel\\\/#breadcrumb\"},\"inLanguage\":\"en-US\",\"potentialAction\":[{\"@type\":\"ReadAction\",\"target\":[\"https:\\\/\\\/tajkertesz.com\\\/termek\\\/truper-karolyukaso-y-nyellel\\\/\"]}]},{\"@type\":\"ImageObject\",\"inLanguage\":\"en-US\",\"@id\":\"https:\\\/\\\/tajkertesz.com\\\/termek\\\/truper-karolyukaso-y-nyellel\\\/#primaryimage\",\"url\":\"https:\\\/\\\/tajkertesz.com\\\/wp-content\\\/uploads\\\/2020\\\/11\\\/PEP-16.jpg\",\"contentUrl\":\"https:\\\/\\\/tajkertesz.com\\\/wp-content\\\/uploads\\\/2020\\\/11\\\/PEP-16.jpg\",\"width\":512,\"height\":384},{\"@type\":\"BreadcrumbList\",\"@id\":\"https:\\\/\\\/tajkertesz.com\\\/termek\\\/truper-karolyukaso-y-nyellel\\\/#breadcrumb\",\"itemListElement\":[{\"@type\":\"ListItem\",\"position\":1,\"name\":\"Home\",\"item\":\"https:\\\/\\\/tajkertesz.com\\\/\"},{\"@type\":\"ListItem\",\"position\":2,\"name\":\"Kezd\u0151lap\",\"item\":\"https:\\\/\\\/tajkertesz.com\\\/\"},{\"@type\":\"ListItem\",\"position\":3,\"name\":\"Truper kar\u00f3lyuk\u00e1s\u00f3 Y ny\u00e9llel (PEP-16)\"}]},{\"@type\":\"WebSite\",\"@id\":\"https:\\\/\\\/tajkertesz.com\\\/#website\",\"url\":\"https:\\\/\\\/tajkertesz.com\\\/\",\"name\":\"T\u00e1j-Kert\u00e9sz 84 Kft.\",\"description\":\"Kert\u00e9szeti kis- \u00e9s nagykeresked\u00e9s, D\u00edszn\u00f6v\u00e9ny web\u00e1ruh\u00e1z orsz\u00e1gos h\u00e1zhozsz\u00e1ll\u00edt\u00e1ssal!\",\"publisher\":{\"@id\":\"https:\\\/\\\/tajkertesz.com\\\/#organization\"},\"potentialAction\":[{\"@type\":\"SearchAction\",\"target\":{\"@type\":\"EntryPoint\",\"urlTemplate\":\"https:\\\/\\\/tajkertesz.com\\\/?s={search_term_string}\"},\"query-input\":{\"@type\":\"PropertyValueSpecification\",\"valueRequired\":true,\"valueName\":\"search_term_string\"}}],\"inLanguage\":\"en-US\"},{\"@type\":\"Organization\",\"@id\":\"https:\\\/\\\/tajkertesz.com\\\/#organization\",\"name\":\"T\u00e1j-Kert\u00e9sz 84 Kft.\",\"url\":\"https:\\\/\\\/tajkertesz.com\\\/\",\"logo\":{\"@type\":\"ImageObject\",\"inLanguage\":\"en-US\",\"@id\":\"https:\\\/\\\/tajkertesz.com\\\/#\\\/schema\\\/logo\\\/image\\\/\",\"url\":\"https:\\\/\\\/tajkertesz.com\\\/wp-content\\\/uploads\\\/2018\\\/02\\\/logo-2-e1518678052539.png\",\"contentUrl\":\"https:\\\/\\\/tajkertesz.com\\\/wp-content\\\/uploads\\\/2018\\\/02\\\/logo-2-e1518678052539.png\",\"width\":81,\"height\":140,\"caption\":\"T\u00e1j-Kert\u00e9sz 84 Kft.\"},\"image\":{\"@id\":\"https:\\\/\\\/tajkertesz.com\\\/#\\\/schema\\\/logo\\\/image\\\/\"},\"sameAs\":[\"https:\\\/\\\/www.facebook.com\\\/Tajkertesz\\\/\"]}]}<\/script>\n<!-- \/ Yoast SEO plugin. -->","yoast_head_json":{"title":"Truper kar\u00f3lyuk\u00e1s\u00f3 Y ny\u00e9llel (PEP-16) - T\u00e1jkert\u00e9sz","description":"A Truper kar\u00f3lyuk\u00e1s\u00f3 Y ny\u00e9llel (PEP-16)\u00a0legjobb min\u0151s\u00e9get k\u00e9pviselik a kerti szersz\u00e1mok k\u00f6z\u00f6tt. Min\u0151s\u00e9gi anyaga miatt hossz\u00fa \u00e9lettartam\u00faak.","robots":{"index":"index","follow":"follow","max-snippet":"max-snippet:-1","max-image-preview":"max-image-preview:large","max-video-preview":"max-video-preview:-1"},"canonical":"https:\/\/tajkertesz.com\/en_US\/product\/truper-karolyukaso-y-nyellel\/","og_locale":"en_US","og_type":"article","og_title":"Truper kar\u00f3lyuk\u00e1s\u00f3 Y ny\u00e9llel (PEP-16) - T\u00e1jkert\u00e9sz","og_description":"A Truper kar\u00f3lyuk\u00e1s\u00f3 Y ny\u00e9llel (PEP-16)\u00a0legjobb min\u0151s\u00e9get k\u00e9pviselik a kerti szersz\u00e1mok k\u00f6z\u00f6tt. Min\u0151s\u00e9gi anyaga miatt hossz\u00fa \u00e9lettartam\u00faak.","og_url":"https:\/\/tajkertesz.com\/en_US\/product\/truper-karolyukaso-y-nyellel\/","og_site_name":"T\u00e1jkert\u00e9sz","article_publisher":"https:\/\/www.facebook.com\/Tajkertesz\/","article_modified_time":"2024-07-11T09:32:29+00:00","og_image":[{"width":512,"height":384,"url":"https:\/\/tajkertesz.com\/wp-content\/uploads\/2020\/11\/PEP-16.jpg","type":"image\/jpeg"}],"twitter_card":"summary_large_image","twitter_misc":{"Est. reading time":"2 minutes"},"schema":{"@context":"https:\/\/schema.org","@graph":[{"@type":"WebPage","@id":"https:\/\/tajkertesz.com\/termek\/truper-karolyukaso-y-nyellel\/","url":"https:\/\/tajkertesz.com\/termek\/truper-karolyukaso-y-nyellel\/","name":"Truper kar\u00f3lyuk\u00e1s\u00f3 Y ny\u00e9llel (PEP-16) - T\u00e1jkert\u00e9sz","isPartOf":{"@id":"https:\/\/tajkertesz.com\/#website"},"primaryImageOfPage":{"@id":"https:\/\/tajkertesz.com\/termek\/truper-karolyukaso-y-nyellel\/#primaryimage"},"image":{"@id":"https:\/\/tajkertesz.com\/termek\/truper-karolyukaso-y-nyellel\/#primaryimage"},"thumbnailUrl":"https:\/\/tajkertesz.com\/wp-content\/uploads\/2020\/11\/PEP-16.jpg","datePublished":"2020-11-18T15:41:31+00:00","dateModified":"2024-07-11T09:32:29+00:00","description":"A Truper kar\u00f3lyuk\u00e1s\u00f3 Y ny\u00e9llel (PEP-16)\u00a0legjobb min\u0151s\u00e9get k\u00e9pviselik a kerti szersz\u00e1mok k\u00f6z\u00f6tt. Min\u0151s\u00e9gi anyaga miatt hossz\u00fa \u00e9lettartam\u00faak.","breadcrumb":{"@id":"https:\/\/tajkertesz.com\/termek\/truper-karolyukaso-y-nyellel\/#breadcrumb"},"inLanguage":"en-US","potentialAction":[{"@type":"ReadAction","target":["https:\/\/tajkertesz.com\/termek\/truper-karolyukaso-y-nyellel\/"]}]},{"@type":"ImageObject","inLanguage":"en-US","@id":"https:\/\/tajkertesz.com\/termek\/truper-karolyukaso-y-nyellel\/#primaryimage","url":"https:\/\/tajkertesz.com\/wp-content\/uploads\/2020\/11\/PEP-16.jpg","contentUrl":"https:\/\/tajkertesz.com\/wp-content\/uploads\/2020\/11\/PEP-16.jpg","width":512,"height":384},{"@type":"BreadcrumbList","@id":"https:\/\/tajkertesz.com\/termek\/truper-karolyukaso-y-nyellel\/#breadcrumb","itemListElement":[{"@type":"ListItem","position":1,"name":"Home","item":"https:\/\/tajkertesz.com\/"},{"@type":"ListItem","position":2,"name":"Kezd\u0151lap","item":"https:\/\/tajkertesz.com\/"},{"@type":"ListItem","position":3,"name":"Truper kar\u00f3lyuk\u00e1s\u00f3 Y ny\u00e9llel (PEP-16)"}]},{"@type":"WebSite","@id":"https:\/\/tajkertesz.com\/#website","url":"https:\/\/tajkertesz.com\/","name":"T\u00e1j-Kert\u00e9sz 84 Kft.","description":"Kert\u00e9szeti kis- \u00e9s nagykeresked\u00e9s, D\u00edszn\u00f6v\u00e9ny web\u00e1ruh\u00e1z orsz\u00e1gos h\u00e1zhozsz\u00e1ll\u00edt\u00e1ssal!","publisher":{"@id":"https:\/\/tajkertesz.com\/#organization"},"potentialAction":[{"@type":"SearchAction","target":{"@type":"EntryPoint","urlTemplate":"https:\/\/tajkertesz.com\/?s={search_term_string}"},"query-input":{"@type":"PropertyValueSpecification","valueRequired":true,"valueName":"search_term_string"}}],"inLanguage":"en-US"},{"@type":"Organization","@id":"https:\/\/tajkertesz.com\/#organization","name":"T\u00e1j-Kert\u00e9sz 84 Kft.","url":"https:\/\/tajkertesz.com\/","logo":{"@type":"ImageObject","inLanguage":"en-US","@id":"https:\/\/tajkertesz.com\/#\/schema\/logo\/image\/","url":"https:\/\/tajkertesz.com\/wp-content\/uploads\/2018\/02\/logo-2-e1518678052539.png","contentUrl":"https:\/\/tajkertesz.com\/wp-content\/uploads\/2018\/02\/logo-2-e1518678052539.png","width":81,"height":140,"caption":"T\u00e1j-Kert\u00e9sz 84 Kft."},"image":{"@id":"https:\/\/tajkertesz.com\/#\/schema\/logo\/image\/"},"sameAs":["https:\/\/www.facebook.com\/Tajkertesz\/"]}]}},"_links":{"self":[{"href":"https:\/\/tajkertesz.com\/en_US\/wp-json\/wp\/v2\/product\/2756","targetHints":{"allow":["GET"]}}],"collection":[{"href":"https:\/\/tajkertesz.com\/en_US\/wp-json\/wp\/v2\/product"}],"about":[{"href":"https:\/\/tajkertesz.com\/en_US\/wp-json\/wp\/v2\/types\/product"}],"wp:featuredmedia":[{"embeddable":true,"href":"https:\/\/tajkertesz.com\/en_US\/wp-json\/wp\/v2\/media\/2758"}],"wp:attachment":[{"href":"https:\/\/tajkertesz.com\/en_US\/wp-json\/wp\/v2\/media?parent=2756"}],"wp:term":[{"taxonomy":"product_brand","embeddable":true,"href":"https:\/\/tajkertesz.com\/en_US\/wp-json\/wp\/v2\/product_brand?post=2756"},{"taxonomy":"product_cat","embeddable":true,"href":"https:\/\/tajkertesz.com\/en_US\/wp-json\/wp\/v2\/product_cat?post=2756"},{"taxonomy":"product_tag","embeddable":true,"href":"https:\/\/tajkertesz.com\/en_US\/wp-json\/wp\/v2\/product_tag?post=2756"}],"curies":[{"name":"wp","href":"https:\/\/api.w.org\/{rel}","templated":true}]}}