{"id":2759,"date":"2020-11-19T11:47:30","date_gmt":"2020-11-19T11:47:30","guid":{"rendered":"https:\/\/tajkertesz.com\/?post_type=product&#038;p=2759"},"modified":"2022-10-14T07:27:06","modified_gmt":"2022-10-14T07:27:06","slug":"strend-pro-aso-hegyes-uvegszalas-y-nyellel","status":"publish","type":"product","link":"https:\/\/tajkertesz.com\/en_US\/product\/strend-pro-aso-hegyes-uvegszalas-y-nyellel\/","title":{"rendered":"Strend Pro \u00e1s\u00f3 hegyes \u00fcvegsz\u00e1las Y ny\u00e9llel"},"content":{"rendered":"<p>Strend Pro \u00e1s\u00f3 hegyes \u00fcvegsz\u00e1las Y ny\u00e9llel<\/p>\n<p>A Strend Pro \u00e1s\u00f3 hegyes \u00fcvegsz\u00e1las Y\u00a0 ny\u00e9llel egy igen j\u00f3 min\u0151s\u00e9g\u0171 nagy \u00e9lettartam\u00fa kerti szersz\u00e1m csal\u00e1d egyik tagja.<\/p>\n<p>S\u00falya 1,73 kg\u00a0 115 cm hossz\u00fas\u00e1g\u00fa \u00e9s\u00a0 21 cm lap sz\u00e9less\u00e9g\u0171.<\/p>\n<p>A j\u00f3 min\u0151s\u00e9g\u0171 munk\u00e1hoz j\u00f3 min\u0151s\u00e9g\u0171\u00a0 szersz\u00e1m kell!<\/p>\n<p>Min\u0151s\u00e9gi anyaghaszn\u00e1latnak k\u00f6sz\u00f6nhet\u0151en hossz\u00fa \u00e9lettartam jellemzi.<\/p>\n<p>K\u00f6nnyed\u00e9n vesz minden akad\u00e1lyt. Nem t\u00f6rik el n\u00e9h\u00e1ny haszn\u00e1lat ut\u00e1n.<\/p>\n<p>H\u00e1z k\u00f6r\u00fcli kertekben is sz\u00e9les k\u00f6rben haszn\u00e1lhat\u00f3, de a mindennapos kerti munk\u00e1latokban is meg\u00e1llja a hely\u00e9t!<\/p>\n<p>Referencia sz\u00e1ma: (211443)<\/p>\n<p style=\"line-height: 18.0pt; background: white; margin: 0cm 0cm 15.0pt 0cm;\"><span style=\"font-family: 'Ubuntu',serif; color: black;\">El\u00e9rhet\u0151 t\u00f6bbf\u00e9le m\u00e9retben \u00e9s \u00e1rban.<\/span><\/p>\n<p style=\"line-height: 18.0pt; background: white; margin: 0cm 0cm 15.0pt 0cm;\"><b><span style=\"font-family: 'Ubuntu',serif; color: black;\">K\u00e9szlet\u00fcnk napi szinten v\u00e1ltozik, ez\u00e9rt k\u00e9rj\u00fck, \u00e9rdekl\u0151dj\u00f6n szem\u00e9lyesen, telefonon vagy email-en.<br \/>\nA v\u00e1ltoztat\u00e1s jog\u00e1t fenntartjuk!\u00a0<\/span><\/b><\/p>\n<p>&nbsp;<\/p>\n<p><a href=\"https:\/\/tajkertesz.com\/\">https:\/\/tajkertesz.com\/<\/a><\/p>\n<p><a href=\"https:\/\/hu.wikipedia.org\/wiki\/%C3%81s%C3%B3\">https:\/\/hu.wikipedia.org\/wiki\/%C3%81s%C3%B3<\/a><\/p>\n<p>A<span style=\"color: #333333;\">z\u00a0<b>\u00e1s\u00f3<\/b>\u00a0a\u00a0<a style=\"color: #333333;\" title=\"Talaj\" href=\"https:\/\/hu.wikipedia.org\/wiki\/Talaj\">talaj<\/a>\u00a0laz\u00edt\u00e1s\u00e1ra \u00e9s kever\u00e9s\u00e9re szolg\u00e1l\u00f3 eszk\u00f6z, f\u0151leg kertm\u0171vel\u00e9sn\u00e9l van szerepe. A szersz\u00e1mot 3\u20134\u00a0mm vastag, 150\u2013200\u00a0mm sz\u00e9les \u00e9s 200\u2013300\u00a0mm hossz\u00fa, alul csapott, g\u00f6mb\u00f6ly\u0171 vagy hegyes v\u00e9g\u0171\u00a0<a style=\"color: #333333;\" title=\"Ac\u00e9l\" href=\"https:\/\/hu.wikipedia.org\/wiki\/Ac%C3%A9l\">ac\u00e9llap<\/a>\u00a0k\u00e9pezi, melyhez a lap egyenes ir\u00e1ny\u00fa folytat\u00e1s\u00e1ban t\u00f6bbnyire foganty\u00faval rendelkez\u0151 0,7\u20131 m hossz\u00fa, 2,5-3,5\u00a0cm vastag fa ny\u00e9l van er\u0151s\u00edtve. Az \u00e1s\u00f3k \u00e1tlagos s\u00falya 1-2,5\u00a0kg.<\/span><\/p>\n<p><span style=\"color: #333333;\">Az \u00e1s\u00e1si munk\u00e1n\u00e1l a lap nyom\u00e1s\u00e1val a talajt mer\u0151leges ir\u00e1nyban sz\u00e9tmetszik, a ny\u00e9l lenyom\u00e1s\u00e1val v\u00edzszintes ir\u00e1nyban is elv\u00e1lasztj\u00e1k, az \u00e1s\u00f3 gyors elforgat\u00e1s\u00e1val pedig oldalt \u00e1tforgatj\u00e1k, ennek k\u00f6vetkezt\u00e9ben keverik. A munk\u00e1s az \u00e1s\u00f3val 20\u201325\u00a0cm m\u00e9ly munk\u00e1n\u00e1l a talaj t\u00edpus\u00e1t\u00f3l f\u00fcgg\u0151en naponta 80-200\u00a0<a style=\"color: #333333;\" title=\"N\u00e9gyzetm\u00e9ter\" href=\"https:\/\/hu.wikipedia.org\/wiki\/N%C3%A9gyzetm%C3%A9ter\">n\u00e9gyzetm\u00e9ter<\/a>\u00a0ter\u00fcletet m\u0171vel meg.<\/span><\/p>\n<h2><span style=\"color: #333333;\"><span id=\"Gyalogs.C3.A1gi_.C3.A1s.C3.B3\"><\/span><span id=\"Gyalogs\u00e1gi_\u00e1s\u00f3\" class=\"mw-headline\" style=\"color: #ffffff;\">Gyalogs\u00e1gi \u00e1s\u00f3<\/span><\/span><\/h2>\n<p><span style=\"color: #ffffff;\">A katonas\u00e1gn\u00e1l az\u00a0<a style=\"color: #ffffff;\" title=\"Hadoszt\u00e1ly\" href=\"https:\/\/hu.wikipedia.org\/wiki\/Hadoszt%C3%A1ly\">ut\u00e1szok<\/a>\u00a0egy r\u00e9sze k\u00f6z\u00f6ns\u00e9ges \u00e1s\u00f3t vitt mag\u00e1val. A\u00a0<a style=\"color: #ffffff;\" title=\"Magyar Honv\u00e9ds\u00e9g\" href=\"https:\/\/hu.wikipedia.org\/wiki\/Magyar_Honv%C3%A9ds%C3%A9g\">Magyar Honv\u00e9ds\u00e9gn\u00e9l<\/a>\u00a0kor\u00e1bban minden gyalog- \u00e9s vad\u00e1szsz\u00e1zad 99 embere gyalogs\u00e1gi (Linnemann-f\u00e9le) \u00e1s\u00f3val volt ell\u00e1tva. Ez az \u00e1s\u00f3 ny\u00e9llel egy\u00fctt csak 50\u00a0cm hossz\u00fa, nem hegyes, hanem lap\u00e1tszer\u0171. Igen rugalmas ac\u00e9lb\u00f3l k\u00e9sz\u00fclt homor\u00fa lap\u00e1tlapj\u00e1nak als\u00f3 sz\u00e9le k\u00e9tfel\u0151l, jobb sz\u00e9le pedig csak bels\u0151 oldal\u00e1n van \u00e9lezve, bal sz\u00e9le f\u0171r\u00e9szszer\u0171en van kireszelve, \u00edgy ez az \u00e1s\u00f3\u00a0<a style=\"color: #ffffff;\" title=\"Balta\" href=\"https:\/\/hu.wikipedia.org\/wiki\/Balta\">balta<\/a>\u00a0\u00e9s\u00a0<a style=\"color: #ffffff;\" title=\"F\u0171r\u00e9sz\" href=\"https:\/\/hu.wikipedia.org\/wiki\/F%C5%B1r%C3%A9sz\">f\u0171r\u00e9sz<\/a>\u00a0gyan\u00e1nt is haszn\u00e1lhat\u00f3. Nyel\u00e9nek csek\u00e9ly hossz\u00fas\u00e1g\u00e1n\u00e1l fogva \u00e1llva, t\u00e9rdelve \u00e9s guggolva is. Ez\u00e1ltal az ellens\u00e9g k\u00f6zel\u00e9ben dolgoz\u00f3 csapatok kisebb vesztes\u00e9geket szenvednek, mintha a hagyom\u00e1nyos, hossz\u00fa nyel\u0171 \u00e1s\u00f3val \u00e1llva dolgozn\u00e1nak. A gyalogs\u00e1gi \u00e1s\u00f3 f\u0171r\u00e9sz\u00e9vel 8\u00a0cm vastag \u00e1gakat is el lehet f\u0171r\u00e9szelni, baltak\u00e9nt haszn\u00e1lva 2\u00a0cm vastag f\u00e1k kiv\u00e1g\u00e1s\u00e1ra alkalmas. Hossza (50\u00a0cm) m\u00e9rt\u00e9k\u00fcl is szolg\u00e1l. <\/span><\/p>\n<p>&nbsp;<\/p>\n<p>&nbsp;<\/p>\n<p>&nbsp;<\/p>","protected":false},"excerpt":{"rendered":"<p>A Strend Pro \u00e1s\u00f3 hegyes \u00fcvegsz\u00e1las Y\u00a0 ny\u00e9llel egy igen j\u00f3 min\u0151s\u00e9g\u0171 nagy \u00e9lettartam\u00fa kerti szersz\u00e1m csal\u00e1d egyik tagja.<\/p>\n<p>S\u00falya 1,73 kg\u00a0 115 cm hossz\u00fas\u00e1g\u00fa \u00e9s\u00a0 21 cm lap sz\u00e9less\u00e9g\u0171.<\/p>\n<p>A j\u00f3 min\u0151s\u00e9g\u0171 munk\u00e1hoz j\u00f3 min\u0151s\u00e9g\u0171\u00a0 szersz\u00e1m kell!<\/p>\n<p>Min\u0151s\u00e9gi anyaghaszn\u00e1latnak k\u00f6sz\u00f6nhet\u0151en hossz\u00fa \u00e9lettartam jellemzi.<\/p>\n<p>K\u00f6nnyed\u00e9n vesz minden akad\u00e1lyt. Nem t\u00f6rik el n\u00e9h\u00e1ny haszn\u00e1lat ut\u00e1n.<\/p>\n<p>H\u00e1z k\u00f6r\u00fcli kertekben is sz\u00e9les k\u00f6rben haszn\u00e1lhat\u00f3, de a mindennapos kerti munk\u00e1latokban is meg\u00e1llja a hely\u00e9t!<\/p>\n<p>Referencia sz\u00e1ma: (211443)<\/p>","protected":false},"featured_media":2760,"template":"","meta":{"_et_pb_use_builder":"","_et_pb_old_content":"","_et_gb_content_width":""},"product_brand":[],"product_cat":[623],"product_tag":[1016,1022,1023,1020],"class_list":{"0":"post-2759","1":"product","2":"type-product","3":"status-publish","4":"has-post-thumbnail","6":"product_cat-kerti-szerszamok-kiegeszitok","7":"product_tag-aso","8":"product_tag-strend-pro","9":"product_tag-uvegszalas-nyellel","10":"product_tag-y-nyellel","12":"first","13":"instock","14":"shipping-taxable","15":"product-type-simple"},"yoast_head":"<!-- This site is optimized with the Yoast SEO plugin v27.3 - https:\/\/yoast.com\/product\/yoast-seo-wordpress\/ -->\n<title>Strend Pro \u00e1s\u00f3 hegyes \u00fcvegsz\u00e1las Y ny\u00e9llel - T\u00e1jkert\u00e9sz<\/title>\n<meta name=\"description\" content=\"A Strend Pro \u00e1s\u00f3 hegyes \u00fcvegsz\u00e1las Y\u00a0 ny\u00e9llel egy igen j\u00f3 min\u0151s\u00e9g\u0171 nagy \u00e9lettartam\u00fa kerti szersz\u00e1m csal\u00e1d egyik tagja.\" \/>\n<meta name=\"robots\" content=\"index, follow, max-snippet:-1, max-image-preview:large, max-video-preview:-1\" \/>\n<link rel=\"canonical\" href=\"https:\/\/tajkertesz.com\/en_US\/product\/strend-pro-aso-hegyes-uvegszalas-y-nyellel\/\" \/>\n<meta property=\"og:locale\" content=\"en_US\" \/>\n<meta property=\"og:type\" content=\"article\" \/>\n<meta property=\"og:title\" content=\"Strend Pro \u00e1s\u00f3 hegyes \u00fcvegsz\u00e1las Y ny\u00e9llel - T\u00e1jkert\u00e9sz\" \/>\n<meta property=\"og:description\" content=\"A Strend Pro \u00e1s\u00f3 hegyes \u00fcvegsz\u00e1las Y\u00a0 ny\u00e9llel egy igen j\u00f3 min\u0151s\u00e9g\u0171 nagy \u00e9lettartam\u00fa kerti szersz\u00e1m csal\u00e1d egyik tagja.\" \/>\n<meta property=\"og:url\" content=\"https:\/\/tajkertesz.com\/en_US\/product\/strend-pro-aso-hegyes-uvegszalas-y-nyellel\/\" \/>\n<meta property=\"og:site_name\" content=\"T\u00e1jkert\u00e9sz\" \/>\n<meta property=\"article:publisher\" content=\"https:\/\/www.facebook.com\/Tajkertesz\/\" \/>\n<meta property=\"article:modified_time\" content=\"2022-10-14T07:27:06+00:00\" \/>\n<meta property=\"og:image\" content=\"https:\/\/tajkertesz.com\/wp-content\/uploads\/2020\/11\/Strend-pro.png\" \/>\n\t<meta property=\"og:image:width\" content=\"343\" \/>\n\t<meta property=\"og:image:height\" content=\"381\" \/>\n\t<meta property=\"og:image:type\" content=\"image\/png\" \/>\n<meta name=\"twitter:card\" content=\"summary_large_image\" \/>\n<meta name=\"twitter:label1\" content=\"Est. reading time\" \/>\n\t<meta name=\"twitter:data1\" content=\"2 minutes\" \/>\n<script type=\"application\/ld+json\" class=\"yoast-schema-graph\">{\"@context\":\"https:\\\/\\\/schema.org\",\"@graph\":[{\"@type\":\"WebPage\",\"@id\":\"https:\\\/\\\/tajkertesz.com\\\/termek\\\/strend-pro-aso-hegyes-uvegszalas-y-nyellel\\\/\",\"url\":\"https:\\\/\\\/tajkertesz.com\\\/termek\\\/strend-pro-aso-hegyes-uvegszalas-y-nyellel\\\/\",\"name\":\"Strend Pro \u00e1s\u00f3 hegyes \u00fcvegsz\u00e1las Y ny\u00e9llel - T\u00e1jkert\u00e9sz\",\"isPartOf\":{\"@id\":\"https:\\\/\\\/tajkertesz.com\\\/#website\"},\"primaryImageOfPage\":{\"@id\":\"https:\\\/\\\/tajkertesz.com\\\/termek\\\/strend-pro-aso-hegyes-uvegszalas-y-nyellel\\\/#primaryimage\"},\"image\":{\"@id\":\"https:\\\/\\\/tajkertesz.com\\\/termek\\\/strend-pro-aso-hegyes-uvegszalas-y-nyellel\\\/#primaryimage\"},\"thumbnailUrl\":\"https:\\\/\\\/tajkertesz.com\\\/wp-content\\\/uploads\\\/2020\\\/11\\\/Strend-pro.png\",\"datePublished\":\"2020-11-19T11:47:30+00:00\",\"dateModified\":\"2022-10-14T07:27:06+00:00\",\"description\":\"A Strend Pro \u00e1s\u00f3 hegyes \u00fcvegsz\u00e1las Y\u00a0 ny\u00e9llel egy igen j\u00f3 min\u0151s\u00e9g\u0171 nagy \u00e9lettartam\u00fa kerti szersz\u00e1m csal\u00e1d egyik tagja.\",\"breadcrumb\":{\"@id\":\"https:\\\/\\\/tajkertesz.com\\\/termek\\\/strend-pro-aso-hegyes-uvegszalas-y-nyellel\\\/#breadcrumb\"},\"inLanguage\":\"en-US\",\"potentialAction\":[{\"@type\":\"ReadAction\",\"target\":[\"https:\\\/\\\/tajkertesz.com\\\/termek\\\/strend-pro-aso-hegyes-uvegszalas-y-nyellel\\\/\"]}]},{\"@type\":\"ImageObject\",\"inLanguage\":\"en-US\",\"@id\":\"https:\\\/\\\/tajkertesz.com\\\/termek\\\/strend-pro-aso-hegyes-uvegszalas-y-nyellel\\\/#primaryimage\",\"url\":\"https:\\\/\\\/tajkertesz.com\\\/wp-content\\\/uploads\\\/2020\\\/11\\\/Strend-pro.png\",\"contentUrl\":\"https:\\\/\\\/tajkertesz.com\\\/wp-content\\\/uploads\\\/2020\\\/11\\\/Strend-pro.png\",\"width\":343,\"height\":381},{\"@type\":\"BreadcrumbList\",\"@id\":\"https:\\\/\\\/tajkertesz.com\\\/termek\\\/strend-pro-aso-hegyes-uvegszalas-y-nyellel\\\/#breadcrumb\",\"itemListElement\":[{\"@type\":\"ListItem\",\"position\":1,\"name\":\"Home\",\"item\":\"https:\\\/\\\/tajkertesz.com\\\/\"},{\"@type\":\"ListItem\",\"position\":2,\"name\":\"Kezd\u0151lap\",\"item\":\"https:\\\/\\\/tajkertesz.com\\\/\"},{\"@type\":\"ListItem\",\"position\":3,\"name\":\"Strend Pro \u00e1s\u00f3 hegyes \u00fcvegsz\u00e1las Y ny\u00e9llel\"}]},{\"@type\":\"WebSite\",\"@id\":\"https:\\\/\\\/tajkertesz.com\\\/#website\",\"url\":\"https:\\\/\\\/tajkertesz.com\\\/\",\"name\":\"T\u00e1j-Kert\u00e9sz 84 Kft.\",\"description\":\"Kert\u00e9szeti kis- \u00e9s nagykeresked\u00e9s, D\u00edszn\u00f6v\u00e9ny web\u00e1ruh\u00e1z orsz\u00e1gos h\u00e1zhozsz\u00e1ll\u00edt\u00e1ssal!\",\"publisher\":{\"@id\":\"https:\\\/\\\/tajkertesz.com\\\/#organization\"},\"potentialAction\":[{\"@type\":\"SearchAction\",\"target\":{\"@type\":\"EntryPoint\",\"urlTemplate\":\"https:\\\/\\\/tajkertesz.com\\\/?s={search_term_string}\"},\"query-input\":{\"@type\":\"PropertyValueSpecification\",\"valueRequired\":true,\"valueName\":\"search_term_string\"}}],\"inLanguage\":\"en-US\"},{\"@type\":\"Organization\",\"@id\":\"https:\\\/\\\/tajkertesz.com\\\/#organization\",\"name\":\"T\u00e1j-Kert\u00e9sz 84 Kft.\",\"url\":\"https:\\\/\\\/tajkertesz.com\\\/\",\"logo\":{\"@type\":\"ImageObject\",\"inLanguage\":\"en-US\",\"@id\":\"https:\\\/\\\/tajkertesz.com\\\/#\\\/schema\\\/logo\\\/image\\\/\",\"url\":\"https:\\\/\\\/tajkertesz.com\\\/wp-content\\\/uploads\\\/2018\\\/02\\\/logo-2-e1518678052539.png\",\"contentUrl\":\"https:\\\/\\\/tajkertesz.com\\\/wp-content\\\/uploads\\\/2018\\\/02\\\/logo-2-e1518678052539.png\",\"width\":81,\"height\":140,\"caption\":\"T\u00e1j-Kert\u00e9sz 84 Kft.\"},\"image\":{\"@id\":\"https:\\\/\\\/tajkertesz.com\\\/#\\\/schema\\\/logo\\\/image\\\/\"},\"sameAs\":[\"https:\\\/\\\/www.facebook.com\\\/Tajkertesz\\\/\"]}]}<\/script>\n<!-- \/ Yoast SEO plugin. -->","yoast_head_json":{"title":"Strend Pro \u00e1s\u00f3 hegyes \u00fcvegsz\u00e1las Y ny\u00e9llel - T\u00e1jkert\u00e9sz","description":"A Strend Pro \u00e1s\u00f3 hegyes \u00fcvegsz\u00e1las Y\u00a0 ny\u00e9llel egy igen j\u00f3 min\u0151s\u00e9g\u0171 nagy \u00e9lettartam\u00fa kerti szersz\u00e1m csal\u00e1d egyik tagja.","robots":{"index":"index","follow":"follow","max-snippet":"max-snippet:-1","max-image-preview":"max-image-preview:large","max-video-preview":"max-video-preview:-1"},"canonical":"https:\/\/tajkertesz.com\/en_US\/product\/strend-pro-aso-hegyes-uvegszalas-y-nyellel\/","og_locale":"en_US","og_type":"article","og_title":"Strend Pro \u00e1s\u00f3 hegyes \u00fcvegsz\u00e1las Y ny\u00e9llel - T\u00e1jkert\u00e9sz","og_description":"A Strend Pro \u00e1s\u00f3 hegyes \u00fcvegsz\u00e1las Y\u00a0 ny\u00e9llel egy igen j\u00f3 min\u0151s\u00e9g\u0171 nagy \u00e9lettartam\u00fa kerti szersz\u00e1m csal\u00e1d egyik tagja.","og_url":"https:\/\/tajkertesz.com\/en_US\/product\/strend-pro-aso-hegyes-uvegszalas-y-nyellel\/","og_site_name":"T\u00e1jkert\u00e9sz","article_publisher":"https:\/\/www.facebook.com\/Tajkertesz\/","article_modified_time":"2022-10-14T07:27:06+00:00","og_image":[{"width":343,"height":381,"url":"https:\/\/tajkertesz.com\/wp-content\/uploads\/2020\/11\/Strend-pro.png","type":"image\/png"}],"twitter_card":"summary_large_image","twitter_misc":{"Est. reading time":"2 minutes"},"schema":{"@context":"https:\/\/schema.org","@graph":[{"@type":"WebPage","@id":"https:\/\/tajkertesz.com\/termek\/strend-pro-aso-hegyes-uvegszalas-y-nyellel\/","url":"https:\/\/tajkertesz.com\/termek\/strend-pro-aso-hegyes-uvegszalas-y-nyellel\/","name":"Strend Pro \u00e1s\u00f3 hegyes \u00fcvegsz\u00e1las Y ny\u00e9llel - T\u00e1jkert\u00e9sz","isPartOf":{"@id":"https:\/\/tajkertesz.com\/#website"},"primaryImageOfPage":{"@id":"https:\/\/tajkertesz.com\/termek\/strend-pro-aso-hegyes-uvegszalas-y-nyellel\/#primaryimage"},"image":{"@id":"https:\/\/tajkertesz.com\/termek\/strend-pro-aso-hegyes-uvegszalas-y-nyellel\/#primaryimage"},"thumbnailUrl":"https:\/\/tajkertesz.com\/wp-content\/uploads\/2020\/11\/Strend-pro.png","datePublished":"2020-11-19T11:47:30+00:00","dateModified":"2022-10-14T07:27:06+00:00","description":"A Strend Pro \u00e1s\u00f3 hegyes \u00fcvegsz\u00e1las Y\u00a0 ny\u00e9llel egy igen j\u00f3 min\u0151s\u00e9g\u0171 nagy \u00e9lettartam\u00fa kerti szersz\u00e1m csal\u00e1d egyik tagja.","breadcrumb":{"@id":"https:\/\/tajkertesz.com\/termek\/strend-pro-aso-hegyes-uvegszalas-y-nyellel\/#breadcrumb"},"inLanguage":"en-US","potentialAction":[{"@type":"ReadAction","target":["https:\/\/tajkertesz.com\/termek\/strend-pro-aso-hegyes-uvegszalas-y-nyellel\/"]}]},{"@type":"ImageObject","inLanguage":"en-US","@id":"https:\/\/tajkertesz.com\/termek\/strend-pro-aso-hegyes-uvegszalas-y-nyellel\/#primaryimage","url":"https:\/\/tajkertesz.com\/wp-content\/uploads\/2020\/11\/Strend-pro.png","contentUrl":"https:\/\/tajkertesz.com\/wp-content\/uploads\/2020\/11\/Strend-pro.png","width":343,"height":381},{"@type":"BreadcrumbList","@id":"https:\/\/tajkertesz.com\/termek\/strend-pro-aso-hegyes-uvegszalas-y-nyellel\/#breadcrumb","itemListElement":[{"@type":"ListItem","position":1,"name":"Home","item":"https:\/\/tajkertesz.com\/"},{"@type":"ListItem","position":2,"name":"Kezd\u0151lap","item":"https:\/\/tajkertesz.com\/"},{"@type":"ListItem","position":3,"name":"Strend Pro \u00e1s\u00f3 hegyes \u00fcvegsz\u00e1las Y ny\u00e9llel"}]},{"@type":"WebSite","@id":"https:\/\/tajkertesz.com\/#website","url":"https:\/\/tajkertesz.com\/","name":"T\u00e1j-Kert\u00e9sz 84 Kft.","description":"Kert\u00e9szeti kis- \u00e9s nagykeresked\u00e9s, D\u00edszn\u00f6v\u00e9ny web\u00e1ruh\u00e1z orsz\u00e1gos h\u00e1zhozsz\u00e1ll\u00edt\u00e1ssal!","publisher":{"@id":"https:\/\/tajkertesz.com\/#organization"},"potentialAction":[{"@type":"SearchAction","target":{"@type":"EntryPoint","urlTemplate":"https:\/\/tajkertesz.com\/?s={search_term_string}"},"query-input":{"@type":"PropertyValueSpecification","valueRequired":true,"valueName":"search_term_string"}}],"inLanguage":"en-US"},{"@type":"Organization","@id":"https:\/\/tajkertesz.com\/#organization","name":"T\u00e1j-Kert\u00e9sz 84 Kft.","url":"https:\/\/tajkertesz.com\/","logo":{"@type":"ImageObject","inLanguage":"en-US","@id":"https:\/\/tajkertesz.com\/#\/schema\/logo\/image\/","url":"https:\/\/tajkertesz.com\/wp-content\/uploads\/2018\/02\/logo-2-e1518678052539.png","contentUrl":"https:\/\/tajkertesz.com\/wp-content\/uploads\/2018\/02\/logo-2-e1518678052539.png","width":81,"height":140,"caption":"T\u00e1j-Kert\u00e9sz 84 Kft."},"image":{"@id":"https:\/\/tajkertesz.com\/#\/schema\/logo\/image\/"},"sameAs":["https:\/\/www.facebook.com\/Tajkertesz\/"]}]}},"_links":{"self":[{"href":"https:\/\/tajkertesz.com\/en_US\/wp-json\/wp\/v2\/product\/2759","targetHints":{"allow":["GET"]}}],"collection":[{"href":"https:\/\/tajkertesz.com\/en_US\/wp-json\/wp\/v2\/product"}],"about":[{"href":"https:\/\/tajkertesz.com\/en_US\/wp-json\/wp\/v2\/types\/product"}],"wp:featuredmedia":[{"embeddable":true,"href":"https:\/\/tajkertesz.com\/en_US\/wp-json\/wp\/v2\/media\/2760"}],"wp:attachment":[{"href":"https:\/\/tajkertesz.com\/en_US\/wp-json\/wp\/v2\/media?parent=2759"}],"wp:term":[{"taxonomy":"product_brand","embeddable":true,"href":"https:\/\/tajkertesz.com\/en_US\/wp-json\/wp\/v2\/product_brand?post=2759"},{"taxonomy":"product_cat","embeddable":true,"href":"https:\/\/tajkertesz.com\/en_US\/wp-json\/wp\/v2\/product_cat?post=2759"},{"taxonomy":"product_tag","embeddable":true,"href":"https:\/\/tajkertesz.com\/en_US\/wp-json\/wp\/v2\/product_tag?post=2759"}],"curies":[{"name":"wp","href":"https:\/\/api.w.org\/{rel}","templated":true}]}}