{"id":2786,"date":"2020-12-01T13:03:24","date_gmt":"2020-12-01T13:03:24","guid":{"rendered":"https:\/\/tajkertesz.com\/?post_type=product&#038;p=2786"},"modified":"2026-02-17T14:37:18","modified_gmt":"2026-02-17T14:37:18","slug":"my-first-fiskars-gyermek-sepru-1001418","status":"publish","type":"product","link":"https:\/\/tajkertesz.com\/en_US\/product\/my-first-fiskars-gyermek-sepru-1001418\/","title":{"rendered":"My First Fiskars gyermek sepr\u0171 1001418"},"content":{"rendered":"<h2>My First Fiskars gyermek sepr\u0171 1001418<\/h2>\n<p>My First Fiskars gyermek sepr\u0171 1001418 rugalmas m\u0171anyagb\u00f3l k\u00e9sz\u00fclt fejjel rendelkezik\u00a0 a maxim\u00e1lis haszn\u00e1lhat\u00f3s\u00e1g \u00e9s a hossz\u00fa \u00e9lettartam \u00e9rdek\u00e9ben.<\/p>\n<p>A ny\u00e9l v\u00e9g\u00e9n tal\u00e1lhat\u00f3\u00a0 akaszt\u00f3val k\u00f6nnyed\u00e9n felf\u00fcggeszthet\u0151.<\/p>\n<p>Kiv\u00e1l\u00f3 min\u0151s\u00e9g\u0171 gyerek kerti term\u00e9k.<\/p>\n<p>M\u00e9retei:<\/p>\n<p>Fej m\u00e9rete: 20cm*6 cm<\/p>\n<p>A ny\u00e9l hossza: 72 cm<\/p>\n<p>Teljes hossza: 84 cm<\/p>\n<p>A\u00a0 My First term\u00e9kcsal\u00e1d t\u00f6bb term\u00e9ke is kaphat\u00f3 \u00fczleteinkben \u00e9s a\u00a0 webshopunkban.<\/p>\n<p style=\"line-height: 18.0pt; background: white; margin: 0cm 0cm 15.0pt 0cm;\"><b><span style=\"font-family: 'Ubuntu',serif; color: black;\">K\u00e9szlet\u00fcnk napi szinten v\u00e1ltozik, ez\u00e9rt k\u00e9rj\u00fck, \u00e9rdekl\u0151dj\u00f6n szem\u00e9lyesen, telefonon vagy email-en.<br \/>\nA v\u00e1ltoztat\u00e1s jog\u00e1t fenntartjuk!\u00a0<\/span><\/b><\/p>\n<p><a href=\"https:\/\/tajkertesz.com\/\">https:\/\/tajkertesz.com\/<\/a><\/p>\n<p><a href=\"https:\/\/www.fiskars.com\/\">https:\/\/www.fiskars.com\/<\/a><\/p>\n<p><span style=\"color: #ffffff;\">rugalmas m\u0171anyagb\u00f3l k\u00e9sz\u00fclt fejjel rendelkezik\u00a0 a maxim\u00e1lis haszn\u00e1lhat\u00f3s\u00e1g \u00e9s a hossz\u00fa \u00e9lettartam \u00e9rdek\u00e9ben.<\/span><\/p>\n<p><span style=\"color: #ffffff;\">A ny\u00e9l v\u00e9g\u00e9n tal\u00e1lhat\u00f3\u00a0 akaszt\u00f3val k\u00f6nnyed\u00e9n felf\u00fcggeszthet\u0151.<\/span><\/p>\n<p><span style=\"color: #ffffff;\">Kiv\u00e1l\u00f3 min\u0151s\u00e9g\u0171 gyerek kerti term\u00e9k.<\/span><\/p>\n<p><span style=\"color: #ffffff;\">M\u00e9retei:<\/span><\/p>\n<p><span style=\"color: #ffffff;\">Fej m\u00e9rete: 20cm*6 cm\u00a0<\/span><\/p>\n<p><span style=\"color: #ffffff;\">A ny\u00e9l hossza: 72 cm\u00a0<\/span><\/p>\n<p><span style=\"color: #ffffff;\">Teljes hossza: 84 cm\u00a0<\/span><\/p>\n<p><span style=\"color: #ffffff;\">rugalmas m\u0171anyagb\u00f3l k\u00e9sz\u00fclt fejjel rendelkezik\u00a0 a maxim\u00e1lis haszn\u00e1lhat\u00f3s\u00e1g \u00e9s a hossz\u00fa \u00e9lettartam \u00e9rdek\u00e9ben.<\/span><\/p>\n<p><span style=\"color: #ffffff;\">A ny\u00e9l v\u00e9g\u00e9n tal\u00e1lhat\u00f3\u00a0 akaszt\u00f3val k\u00f6nnyed\u00e9n felf\u00fcggeszthet\u0151.<\/span><\/p>\n<p><span style=\"color: #ffffff;\">Kiv\u00e1l\u00f3 min\u0151s\u00e9g\u0171 gyerek kerti term\u00e9k.<\/span><\/p>\n<p><span style=\"color: #ffffff;\">M\u00e9retei:<\/span><\/p>\n<p><span style=\"color: #ffffff;\">Az al\u00e1bbi kerti szersz\u00e1mok egy kertb\u0151l sem hi\u00e1nyozhatnak. Ak\u00e1r alapfelszerel\u00e9sr\u0151l, ak\u00e1r speci\u00e1lis szersz\u00e1mr\u00f3l vagy praktikus kell\u00e9kr\u0151l van sz\u00f3 \u2013kisokos seg\u00edts\u00e9g\u00e9vel r\u00f6gt\u00f6n belev\u00e1ghat a kinti munk\u00e1kba.<\/span><\/p>\n<p><span style=\"color: #ffffff;\"><strong>Javaslat:<\/strong>\u00a0Ha \u0151sszel elmulasztotta alaposan ellen\u0151rizni, megtiszt\u00edtani \u00e9s \u2013 ahol sz\u00fcks\u00e9ges \u2013 beolajozni vagy meg\u00e9lezni a r\u00e9gi kerti szersz\u00e1mokat, most p\u00f3tolja.<\/span><\/p>\n<p><span style=\"color: #ffffff;\">rugalmas m\u0171anyagb\u00f3l k\u00e9sz\u00fclt fejjel rendelkezik\u00a0 a maxim\u00e1lis haszn\u00e1lhat\u00f3s\u00e1g \u00e9s a hossz\u00fa \u00e9lettartam \u00e9rdek\u00e9ben.<\/span><\/p>\n<p><span style=\"color: #ffffff;\">A ny\u00e9l v\u00e9g\u00e9n tal\u00e1lhat\u00f3\u00a0 akaszt\u00f3val k\u00f6nnyed\u00e9n felf\u00fcggeszthet\u0151.<\/span><\/p>\n<p><span style=\"color: #ffffff;\">Kiv\u00e1l\u00f3 min\u0151s\u00e9g\u0171 gyerek kerti term\u00e9k.<\/span><\/p>\n<p><span style=\"color: #ffffff;\">M\u00e9retei:<\/span><\/p>\n<p><span style=\"color: #ffffff;\">Fej m\u00e9rete: 20cm*6 cm\u00a0<\/span><\/p>\n<p><span style=\"color: #ffffff;\">A ny\u00e9l hossza: 72 cm\u00a0<\/span><\/p>\n<p><span style=\"color: #ffffff;\">Teljes hossza: 84 cm\u00a0<\/span><\/p>\n<p><span style=\"color: #ffffff;\">rugalmas m\u0171anyagb\u00f3l k\u00e9sz\u00fclt fejjel rendelkezik\u00a0 a maxim\u00e1lis haszn\u00e1lhat\u00f3s\u00e1g \u00e9s a hossz\u00fa \u00e9lettartam \u00e9rdek\u00e9ben.<\/span><\/p>\n<p><span style=\"color: #ffffff;\">A ny\u00e9l v\u00e9g\u00e9n tal\u00e1lhat\u00f3\u00a0 akaszt\u00f3val k\u00f6nnyed\u00e9n felf\u00fcggeszthet\u0151.<\/span><\/p>\n<p><span style=\"color: #ffffff;\">Kiv\u00e1l\u00f3 min\u0151s\u00e9g\u0171 gyerek kerti term\u00e9k.<\/span><\/p>\n<p><span style=\"color: #ffffff;\">M\u00e9retei:<\/span><\/p>\n<p><span style=\"color: #ffffff;\">Az al\u00e1bbi kerti szersz\u00e1mok egy kertb\u0151l sem hi\u00e1nyozhatnak. Ak\u00e1r alapfelszerel\u00e9sr\u0151l, ak\u00e1r speci\u00e1lis szersz\u00e1mr\u00f3l vagy praktikus kell\u00e9kr\u0151l van sz\u00f3 \u2013kisokos seg\u00edts\u00e9g\u00e9vel r\u00f6gt\u00f6n belev\u00e1ghat a kinti munk\u00e1kba.<\/span><\/p>\n<p><span style=\"color: #ffffff;\"><strong>Javaslat:<\/strong>\u00a0Ha \u0151sszel elmulasztotta alaposan ellen\u0151rizni, megtiszt\u00edtani \u00e9s \u2013 ahol sz\u00fcks\u00e9ges \u2013 beolajozni vagy meg\u00e9lezni a r\u00e9gi kerti szersz\u00e1mokat, most p\u00f3tolja.<\/span><\/p>\n<p>&nbsp;<\/p>\n<p>&nbsp;<\/p>","protected":false},"excerpt":{"rendered":"<h2>My First Fiskars gyermek sepr\u0171 1001418<\/h2>\n<p>My First Fiskars gyermek sepr\u0171 1001418 rugalmas m\u0171anyagb\u00f3l k\u00e9sz\u00fclt fejjel rendelkezik\u00a0 a maxim\u00e1lis haszn\u00e1lhat\u00f3s\u00e1g \u00e9s a hossz\u00fa \u00e9lettartam \u00e9rdek\u00e9ben.<\/p>\n<p>A ny\u00e9l v\u00e9g\u00e9n tal\u00e1lhat\u00f3\u00a0 akaszt\u00f3val k\u00f6nnyed\u00e9n felf\u00fcggeszthet\u0151.<\/p>\n<p>Kiv\u00e1l\u00f3 min\u0151s\u00e9g\u0171 gyerek kerti term\u00e9k.<\/p>","protected":false},"featured_media":16279,"template":"","meta":{"_et_pb_use_builder":"","_et_pb_old_content":"","_et_gb_content_width":""},"product_brand":[],"product_cat":[4637],"product_tag":[1048,116,1047,1046],"class_list":{"0":"post-2786","1":"product","2":"type-product","3":"status-publish","4":"has-post-thumbnail","6":"product_cat-fiskars-aso-kapa-villa-gereblye","7":"product_tag-1048","8":"product_tag-fiskars","9":"product_tag-gyermek-sepru","10":"product_tag-my-first","12":"first","13":"instock","14":"shipping-taxable","15":"purchasable","16":"product-type-simple"},"yoast_head":"<!-- This site is optimized with the Yoast SEO plugin v27.3 - https:\/\/yoast.com\/product\/yoast-seo-wordpress\/ -->\n<title>My First Fiskars gyermek sepr\u0171 1001418 - T\u00e1jkert\u00e9sz<\/title>\n<meta name=\"description\" content=\"My First Fiskars gyermek sepr\u0171 1001418 rugalmas m\u0171anyagb\u00f3l k\u00e9sz\u00fclt a maxim\u00e1lis haszn\u00e1lhat\u00f3s\u00e1g \u00e9s a hossz\u00fa \u00e9lettartam \u00e9rdek\u00e9ben.\" \/>\n<meta name=\"robots\" content=\"index, follow, max-snippet:-1, max-image-preview:large, max-video-preview:-1\" \/>\n<link rel=\"canonical\" href=\"https:\/\/tajkertesz.com\/en_US\/product\/my-first-fiskars-gyermek-sepru-1001418\/\" \/>\n<meta property=\"og:locale\" content=\"en_US\" \/>\n<meta property=\"og:type\" content=\"article\" \/>\n<meta property=\"og:title\" content=\"My First Fiskars gyermek sepr\u0171 1001418 - T\u00e1jkert\u00e9sz\" \/>\n<meta property=\"og:description\" content=\"My First Fiskars gyermek sepr\u0171 1001418 rugalmas m\u0171anyagb\u00f3l k\u00e9sz\u00fclt a maxim\u00e1lis haszn\u00e1lhat\u00f3s\u00e1g \u00e9s a hossz\u00fa \u00e9lettartam \u00e9rdek\u00e9ben.\" \/>\n<meta property=\"og:url\" content=\"https:\/\/tajkertesz.com\/en_US\/product\/my-first-fiskars-gyermek-sepru-1001418\/\" \/>\n<meta property=\"og:site_name\" content=\"T\u00e1jkert\u00e9sz\" \/>\n<meta property=\"article:publisher\" content=\"https:\/\/www.facebook.com\/Tajkertesz\/\" \/>\n<meta property=\"article:modified_time\" content=\"2026-02-17T14:37:18+00:00\" \/>\n<meta property=\"og:image\" content=\"https:\/\/tajkertesz.com\/wp-content\/uploads\/2020\/12\/138150-1.jpg\" \/>\n\t<meta property=\"og:image:width\" content=\"1000\" \/>\n\t<meta property=\"og:image:height\" content=\"1000\" \/>\n\t<meta property=\"og:image:type\" content=\"image\/jpeg\" \/>\n<meta name=\"twitter:card\" content=\"summary_large_image\" \/>\n<meta name=\"twitter:label1\" content=\"Est. reading time\" \/>\n\t<meta name=\"twitter:data1\" content=\"2 minutes\" \/>\n<script type=\"application\/ld+json\" class=\"yoast-schema-graph\">{\"@context\":\"https:\\\/\\\/schema.org\",\"@graph\":[{\"@type\":\"WebPage\",\"@id\":\"https:\\\/\\\/tajkertesz.com\\\/termek\\\/my-first-fiskars-gyermek-sepru-1001418\\\/\",\"url\":\"https:\\\/\\\/tajkertesz.com\\\/termek\\\/my-first-fiskars-gyermek-sepru-1001418\\\/\",\"name\":\"My First Fiskars gyermek sepr\u0171 1001418 - T\u00e1jkert\u00e9sz\",\"isPartOf\":{\"@id\":\"https:\\\/\\\/tajkertesz.com\\\/#website\"},\"primaryImageOfPage\":{\"@id\":\"https:\\\/\\\/tajkertesz.com\\\/termek\\\/my-first-fiskars-gyermek-sepru-1001418\\\/#primaryimage\"},\"image\":{\"@id\":\"https:\\\/\\\/tajkertesz.com\\\/termek\\\/my-first-fiskars-gyermek-sepru-1001418\\\/#primaryimage\"},\"thumbnailUrl\":\"https:\\\/\\\/tajkertesz.com\\\/wp-content\\\/uploads\\\/2020\\\/12\\\/138150-1.jpg\",\"datePublished\":\"2020-12-01T13:03:24+00:00\",\"dateModified\":\"2026-02-17T14:37:18+00:00\",\"description\":\"My First Fiskars gyermek sepr\u0171 1001418 rugalmas m\u0171anyagb\u00f3l k\u00e9sz\u00fclt a maxim\u00e1lis haszn\u00e1lhat\u00f3s\u00e1g \u00e9s a hossz\u00fa \u00e9lettartam \u00e9rdek\u00e9ben.\",\"breadcrumb\":{\"@id\":\"https:\\\/\\\/tajkertesz.com\\\/termek\\\/my-first-fiskars-gyermek-sepru-1001418\\\/#breadcrumb\"},\"inLanguage\":\"en-US\",\"potentialAction\":[{\"@type\":\"ReadAction\",\"target\":[\"https:\\\/\\\/tajkertesz.com\\\/termek\\\/my-first-fiskars-gyermek-sepru-1001418\\\/\"]}]},{\"@type\":\"ImageObject\",\"inLanguage\":\"en-US\",\"@id\":\"https:\\\/\\\/tajkertesz.com\\\/termek\\\/my-first-fiskars-gyermek-sepru-1001418\\\/#primaryimage\",\"url\":\"https:\\\/\\\/tajkertesz.com\\\/wp-content\\\/uploads\\\/2020\\\/12\\\/138150-1.jpg\",\"contentUrl\":\"https:\\\/\\\/tajkertesz.com\\\/wp-content\\\/uploads\\\/2020\\\/12\\\/138150-1.jpg\",\"width\":1000,\"height\":1000},{\"@type\":\"BreadcrumbList\",\"@id\":\"https:\\\/\\\/tajkertesz.com\\\/termek\\\/my-first-fiskars-gyermek-sepru-1001418\\\/#breadcrumb\",\"itemListElement\":[{\"@type\":\"ListItem\",\"position\":1,\"name\":\"Home\",\"item\":\"https:\\\/\\\/tajkertesz.com\\\/\"},{\"@type\":\"ListItem\",\"position\":2,\"name\":\"Kezd\u0151lap\",\"item\":\"https:\\\/\\\/tajkertesz.com\\\/\"},{\"@type\":\"ListItem\",\"position\":3,\"name\":\"My First Fiskars gyermek sepr\u0171 1001418\"}]},{\"@type\":\"WebSite\",\"@id\":\"https:\\\/\\\/tajkertesz.com\\\/#website\",\"url\":\"https:\\\/\\\/tajkertesz.com\\\/\",\"name\":\"T\u00e1j-Kert\u00e9sz 84 Kft.\",\"description\":\"Kert\u00e9szeti kis- \u00e9s nagykeresked\u00e9s, D\u00edszn\u00f6v\u00e9ny web\u00e1ruh\u00e1z orsz\u00e1gos h\u00e1zhozsz\u00e1ll\u00edt\u00e1ssal!\",\"publisher\":{\"@id\":\"https:\\\/\\\/tajkertesz.com\\\/#organization\"},\"potentialAction\":[{\"@type\":\"SearchAction\",\"target\":{\"@type\":\"EntryPoint\",\"urlTemplate\":\"https:\\\/\\\/tajkertesz.com\\\/?s={search_term_string}\"},\"query-input\":{\"@type\":\"PropertyValueSpecification\",\"valueRequired\":true,\"valueName\":\"search_term_string\"}}],\"inLanguage\":\"en-US\"},{\"@type\":\"Organization\",\"@id\":\"https:\\\/\\\/tajkertesz.com\\\/#organization\",\"name\":\"T\u00e1j-Kert\u00e9sz 84 Kft.\",\"url\":\"https:\\\/\\\/tajkertesz.com\\\/\",\"logo\":{\"@type\":\"ImageObject\",\"inLanguage\":\"en-US\",\"@id\":\"https:\\\/\\\/tajkertesz.com\\\/#\\\/schema\\\/logo\\\/image\\\/\",\"url\":\"https:\\\/\\\/tajkertesz.com\\\/wp-content\\\/uploads\\\/2018\\\/02\\\/logo-2-e1518678052539.png\",\"contentUrl\":\"https:\\\/\\\/tajkertesz.com\\\/wp-content\\\/uploads\\\/2018\\\/02\\\/logo-2-e1518678052539.png\",\"width\":81,\"height\":140,\"caption\":\"T\u00e1j-Kert\u00e9sz 84 Kft.\"},\"image\":{\"@id\":\"https:\\\/\\\/tajkertesz.com\\\/#\\\/schema\\\/logo\\\/image\\\/\"},\"sameAs\":[\"https:\\\/\\\/www.facebook.com\\\/Tajkertesz\\\/\"]}]}<\/script>\n<!-- \/ Yoast SEO plugin. -->","yoast_head_json":{"title":"My First Fiskars gyermek sepr\u0171 1001418 - T\u00e1jkert\u00e9sz","description":"My First Fiskars gyermek sepr\u0171 1001418 rugalmas m\u0171anyagb\u00f3l k\u00e9sz\u00fclt a maxim\u00e1lis haszn\u00e1lhat\u00f3s\u00e1g \u00e9s a hossz\u00fa \u00e9lettartam \u00e9rdek\u00e9ben.","robots":{"index":"index","follow":"follow","max-snippet":"max-snippet:-1","max-image-preview":"max-image-preview:large","max-video-preview":"max-video-preview:-1"},"canonical":"https:\/\/tajkertesz.com\/en_US\/product\/my-first-fiskars-gyermek-sepru-1001418\/","og_locale":"en_US","og_type":"article","og_title":"My First Fiskars gyermek sepr\u0171 1001418 - T\u00e1jkert\u00e9sz","og_description":"My First Fiskars gyermek sepr\u0171 1001418 rugalmas m\u0171anyagb\u00f3l k\u00e9sz\u00fclt a maxim\u00e1lis haszn\u00e1lhat\u00f3s\u00e1g \u00e9s a hossz\u00fa \u00e9lettartam \u00e9rdek\u00e9ben.","og_url":"https:\/\/tajkertesz.com\/en_US\/product\/my-first-fiskars-gyermek-sepru-1001418\/","og_site_name":"T\u00e1jkert\u00e9sz","article_publisher":"https:\/\/www.facebook.com\/Tajkertesz\/","article_modified_time":"2026-02-17T14:37:18+00:00","og_image":[{"width":1000,"height":1000,"url":"https:\/\/tajkertesz.com\/wp-content\/uploads\/2020\/12\/138150-1.jpg","type":"image\/jpeg"}],"twitter_card":"summary_large_image","twitter_misc":{"Est. reading time":"2 minutes"},"schema":{"@context":"https:\/\/schema.org","@graph":[{"@type":"WebPage","@id":"https:\/\/tajkertesz.com\/termek\/my-first-fiskars-gyermek-sepru-1001418\/","url":"https:\/\/tajkertesz.com\/termek\/my-first-fiskars-gyermek-sepru-1001418\/","name":"My First Fiskars gyermek sepr\u0171 1001418 - T\u00e1jkert\u00e9sz","isPartOf":{"@id":"https:\/\/tajkertesz.com\/#website"},"primaryImageOfPage":{"@id":"https:\/\/tajkertesz.com\/termek\/my-first-fiskars-gyermek-sepru-1001418\/#primaryimage"},"image":{"@id":"https:\/\/tajkertesz.com\/termek\/my-first-fiskars-gyermek-sepru-1001418\/#primaryimage"},"thumbnailUrl":"https:\/\/tajkertesz.com\/wp-content\/uploads\/2020\/12\/138150-1.jpg","datePublished":"2020-12-01T13:03:24+00:00","dateModified":"2026-02-17T14:37:18+00:00","description":"My First Fiskars gyermek sepr\u0171 1001418 rugalmas m\u0171anyagb\u00f3l k\u00e9sz\u00fclt a maxim\u00e1lis haszn\u00e1lhat\u00f3s\u00e1g \u00e9s a hossz\u00fa \u00e9lettartam \u00e9rdek\u00e9ben.","breadcrumb":{"@id":"https:\/\/tajkertesz.com\/termek\/my-first-fiskars-gyermek-sepru-1001418\/#breadcrumb"},"inLanguage":"en-US","potentialAction":[{"@type":"ReadAction","target":["https:\/\/tajkertesz.com\/termek\/my-first-fiskars-gyermek-sepru-1001418\/"]}]},{"@type":"ImageObject","inLanguage":"en-US","@id":"https:\/\/tajkertesz.com\/termek\/my-first-fiskars-gyermek-sepru-1001418\/#primaryimage","url":"https:\/\/tajkertesz.com\/wp-content\/uploads\/2020\/12\/138150-1.jpg","contentUrl":"https:\/\/tajkertesz.com\/wp-content\/uploads\/2020\/12\/138150-1.jpg","width":1000,"height":1000},{"@type":"BreadcrumbList","@id":"https:\/\/tajkertesz.com\/termek\/my-first-fiskars-gyermek-sepru-1001418\/#breadcrumb","itemListElement":[{"@type":"ListItem","position":1,"name":"Home","item":"https:\/\/tajkertesz.com\/"},{"@type":"ListItem","position":2,"name":"Kezd\u0151lap","item":"https:\/\/tajkertesz.com\/"},{"@type":"ListItem","position":3,"name":"My First Fiskars gyermek sepr\u0171 1001418"}]},{"@type":"WebSite","@id":"https:\/\/tajkertesz.com\/#website","url":"https:\/\/tajkertesz.com\/","name":"T\u00e1j-Kert\u00e9sz 84 Kft.","description":"Kert\u00e9szeti kis- \u00e9s nagykeresked\u00e9s, D\u00edszn\u00f6v\u00e9ny web\u00e1ruh\u00e1z orsz\u00e1gos h\u00e1zhozsz\u00e1ll\u00edt\u00e1ssal!","publisher":{"@id":"https:\/\/tajkertesz.com\/#organization"},"potentialAction":[{"@type":"SearchAction","target":{"@type":"EntryPoint","urlTemplate":"https:\/\/tajkertesz.com\/?s={search_term_string}"},"query-input":{"@type":"PropertyValueSpecification","valueRequired":true,"valueName":"search_term_string"}}],"inLanguage":"en-US"},{"@type":"Organization","@id":"https:\/\/tajkertesz.com\/#organization","name":"T\u00e1j-Kert\u00e9sz 84 Kft.","url":"https:\/\/tajkertesz.com\/","logo":{"@type":"ImageObject","inLanguage":"en-US","@id":"https:\/\/tajkertesz.com\/#\/schema\/logo\/image\/","url":"https:\/\/tajkertesz.com\/wp-content\/uploads\/2018\/02\/logo-2-e1518678052539.png","contentUrl":"https:\/\/tajkertesz.com\/wp-content\/uploads\/2018\/02\/logo-2-e1518678052539.png","width":81,"height":140,"caption":"T\u00e1j-Kert\u00e9sz 84 Kft."},"image":{"@id":"https:\/\/tajkertesz.com\/#\/schema\/logo\/image\/"},"sameAs":["https:\/\/www.facebook.com\/Tajkertesz\/"]}]}},"_links":{"self":[{"href":"https:\/\/tajkertesz.com\/en_US\/wp-json\/wp\/v2\/product\/2786","targetHints":{"allow":["GET"]}}],"collection":[{"href":"https:\/\/tajkertesz.com\/en_US\/wp-json\/wp\/v2\/product"}],"about":[{"href":"https:\/\/tajkertesz.com\/en_US\/wp-json\/wp\/v2\/types\/product"}],"wp:featuredmedia":[{"embeddable":true,"href":"https:\/\/tajkertesz.com\/en_US\/wp-json\/wp\/v2\/media\/16279"}],"wp:attachment":[{"href":"https:\/\/tajkertesz.com\/en_US\/wp-json\/wp\/v2\/media?parent=2786"}],"wp:term":[{"taxonomy":"product_brand","embeddable":true,"href":"https:\/\/tajkertesz.com\/en_US\/wp-json\/wp\/v2\/product_brand?post=2786"},{"taxonomy":"product_cat","embeddable":true,"href":"https:\/\/tajkertesz.com\/en_US\/wp-json\/wp\/v2\/product_cat?post=2786"},{"taxonomy":"product_tag","embeddable":true,"href":"https:\/\/tajkertesz.com\/en_US\/wp-json\/wp\/v2\/product_tag?post=2786"}],"curies":[{"name":"wp","href":"https:\/\/api.w.org\/{rel}","templated":true}]}}