{"id":2788,"date":"2020-12-01T13:40:56","date_gmt":"2020-12-01T13:40:56","guid":{"rendered":"https:\/\/tajkertesz.com\/?post_type=product&#038;p=2788"},"modified":"2026-02-17T14:37:28","modified_gmt":"2026-02-17T14:37:28","slug":"my-first-fiskars-gyermek-gereblye","status":"publish","type":"product","link":"https:\/\/tajkertesz.com\/en_US\/product\/my-first-fiskars-gyermek-gereblye\/","title":{"rendered":"My First Fiskars gyermek gereblye (1001419)"},"content":{"rendered":"<p>My First Fiskars gyermek gereblye 1001419<\/p>\n<p>A My First Fiskars gyermek gereblye 1001419 rugalmas m\u0171anyagb\u00f3l k\u00e9sz\u00fclt fogak \u00e9s gereblyefej a maxim\u00e1lis haszn\u00e1lhat\u00f3s\u00e1g \u00e9s a hossz\u00fa \u00e9lettartam \u00e9rdek\u00e9ben.<\/p>\n<p>M\u00e9retei:<\/p>\n<p>A ny\u00e9l hossza: 70 cm<\/p>\n<p>A fej sz\u00e9less\u00e9ge:19 cm<\/p>\n<p>A fej magass\u00e1ga:18 cm<\/p>\n<p>Teljes magass\u00e1ga: 87 cm<\/p>\n<p>El\u00e9rhet\u0151 t\u00f6bbf\u00e9le m\u00e9retben \u00e9s \u00e1rban.<\/p>\n<p><strong>K\u00e9szlet\u00fcnk napi szinten v\u00e1ltozik, ez\u00e9rt k\u00e9rj\u00fck, \u00e9rdekl\u0151dj\u00f6n szem\u00e9lyesen, telefonon vagy email-en.<br \/>\nA v\u00e1ltoztat\u00e1s jog\u00e1t fenntartjuk!\u00a0<\/strong><\/p>\n<p>&nbsp;<\/p>\n<p><a href=\"https:\/\/tajkertesz.com\/\">https:\/\/tajkertesz.com\/<\/a><\/p>\n<p><a href=\"https:\/\/www.facebook.com\/tajkertesz\/\">https:\/\/www.facebook.com\/tajkertesz\/<\/a><\/p>\n<p>Kisz\u00e1ll\u00edt\u00e1s: 200cm-ig \u00a0\u00e9s 40 kg-ig a sz\u00e1ll\u00edt\u00e1s fut\u00e1rszolg\u00e1lattal \u00a0t\u00f6rt\u00e9nik.<\/p>\n<p>Szem\u00e9lyes \u00e1tv\u00e9tel nyitvatart\u00e1si id\u0151ben a 17. ker\u00fclet Bakancsos utca 7. sz\u00e1m alatti Kert\u00e9szeti \u00e1rud\u00e1ban.<\/p>\n<p><span style=\"color: #ffffff;\">A<\/span><span style=\"color: #ffffff;\"> mondjon le err\u0151l a sokoldal\u00fa szersz\u00e1mr\u00f3l! A kimondottan sz\u00e9les gereblye akkor praktikus, ha nagy kiterjed\u00e9s\u0171 a gyepfel\u00fclet, kisebb kertekben azonban el\u00e9g neh\u00e9zkesen megy vele a munka. Jobb egy k\u00f6zepes nagys\u00e1g\u00fa, kb. 40-50 cm sz\u00e9les darab.<\/span><\/p>\n<p><span style=\"color: #ffffff;\"><strong>Fontos:<\/strong>\u00a0A kivehet\u0151 ny\u00e9l olyan szersz\u00e1mokn\u00e1l praktikus, amelyek csak ritk\u00e1n vannak haszn\u00e1latban. Rendszeres haszn\u00e1lat mellett hamar ny\u0171gg\u00e9 v\u00e1lhat ez az \u00f6sszedughat\u00f3 rendszer.<\/span><\/p>\n<p><span style=\"color: #ffffff;\">Az al\u00e1bbi kerti szersz\u00e1mok egy kertb\u0151l sem hi\u00e1nyozhatnak. Ak\u00e1r alapfelszerel\u00e9sr\u0151l, ak\u00e1r speci\u00e1lis szersz\u00e1mr\u00f3l vagy praktikus kell\u00e9kr\u0151l van sz\u00f3 \u2013 a kertiszersz\u00e1m-kisokos seg\u00edts\u00e9g\u00e9vel r\u00f6gt\u00f6n belev\u00e1ghat a kinti munk\u00e1kba.<\/span><\/p>\n<p><span style=\"color: #ffffff;\"><strong>Javaslat:<\/strong>\u00a0Ha \u0151sszel elmulasztotta alaposan ellen\u0151rizni, megtiszt\u00edtani \u00e9s \u2013 ahol sz\u00fcks\u00e9ges \u2013 beolajozni vagy meg\u00e9lezni a r\u00e9gi kerti szersz\u00e1mokat, most p\u00f3tolja.<\/span><\/p>\n<p><span style=\"color: #ffffff;\">Gerebly\u00e9vel lehet elsim\u00edtani a vir\u00e1g\u00e1gy\u00e1sokat, illetve \u00f6sszegerebly\u00e9zni a lehullott leveleket vagy a k\u00fcl\u00f6nf\u00e9le apr\u00edt\u00e9kokat. Semmik\u00e9ppen nem mondjon le err\u0151l a sokoldal\u00fa szersz\u00e1mr\u00f3l! A kimondottan sz\u00e9les gereblye akkor praktikus, ha nagy kiterjed\u00e9s\u0171 a gyepfel\u00fclet, kisebb kertekben azonban el\u00e9g neh\u00e9zkesen megy vele a munka. Jobb egy k\u00f6zepes nagys\u00e1g\u00fa, kb. 40-50 cm sz\u00e9les darab.<\/span><\/p>\n<p><span style=\"color: #ffffff;\"><strong>Fontos:<\/strong><\/span><span style=\"color: #ffffff;\">endszer.<\/span><span style=\"color: #ffffff;\">A kivehet\u0151 ny\u00e9l olyan szersz\u00e1mokn\u00e1l praktikus, amelyek csak ritk\u00e1n vannak haszn\u00e1latban. Rendszeres haszn\u00e1lat mellett hamar ny\u0171gg\u00e9 v\u00e1lhat ez az \u00f6sszedughat\u00f3 r<\/span><\/p>","protected":false},"excerpt":{"rendered":"<p>A My First Fiskars gyermek gereblye 1001419 rugalmas m\u0171anyagb\u00f3l k\u00e9sz\u00fclt fogak \u00e9s gereblyefej a maxim\u00e1lis haszn\u00e1lhat\u00f3s\u00e1g \u00e9s a hossz\u00fa \u00e9lettartam \u00e9rdek\u00e9ben.<\/p>\n<p>M\u00e9retei:<\/p>\n<p>A ny\u00e9l hossza: 70 cm<\/p>\n<p>A fej sz\u00e9less\u00e9ge:19 cm<\/p>\n<p>A fej magass\u00e1ga:18 cm<\/p>\n<p>Teljes magass\u00e1ga: 87 cm<\/p>","protected":false},"featured_media":2791,"template":"","meta":{"_et_pb_use_builder":"","_et_pb_old_content":"","_et_gb_content_width":""},"product_brand":[],"product_cat":[4637],"product_tag":[1050,116,1049,1046],"class_list":{"0":"post-2788","1":"product","2":"type-product","3":"status-publish","4":"has-post-thumbnail","6":"product_cat-fiskars-aso-kapa-villa-gereblye","7":"product_tag-1050","8":"product_tag-fiskars","9":"product_tag-gyermek-gereblye","10":"product_tag-my-first","12":"first","13":"instock","14":"shipping-taxable","15":"purchasable","16":"product-type-simple"},"yoast_head":"<!-- This site is optimized with the Yoast SEO plugin v27.4 - https:\/\/yoast.com\/product\/yoast-seo-wordpress\/ -->\n<title>My First Fiskars gyermek gereblye (1001419) - T\u00e1jkert\u00e9sz<\/title>\n<meta name=\"description\" content=\"A My First Fiskars gyermek gereblye 1001419 rugalmas m\u0171anyagb\u00f3l k\u00e9sz\u00fclt fogakkal \u00e9s er\u0151s gereblyefej a hossz\u00fa \u00e9lettartam \u00e9rdek\u00e9ben.\" \/>\n<meta name=\"robots\" content=\"index, follow, max-snippet:-1, max-image-preview:large, max-video-preview:-1\" \/>\n<link rel=\"canonical\" href=\"https:\/\/tajkertesz.com\/en_US\/product\/my-first-fiskars-gyermek-gereblye\/\" \/>\n<meta property=\"og:locale\" content=\"en_US\" \/>\n<meta property=\"og:type\" content=\"article\" \/>\n<meta property=\"og:title\" content=\"My First Fiskars gyermek gereblye (1001419) - T\u00e1jkert\u00e9sz\" \/>\n<meta property=\"og:description\" content=\"A My First Fiskars gyermek gereblye 1001419 rugalmas m\u0171anyagb\u00f3l k\u00e9sz\u00fclt fogakkal \u00e9s er\u0151s gereblyefej a hossz\u00fa \u00e9lettartam \u00e9rdek\u00e9ben.\" \/>\n<meta property=\"og:url\" content=\"https:\/\/tajkertesz.com\/en_US\/product\/my-first-fiskars-gyermek-gereblye\/\" \/>\n<meta property=\"og:site_name\" content=\"T\u00e1jkert\u00e9sz\" \/>\n<meta property=\"article:publisher\" content=\"https:\/\/www.facebook.com\/Tajkertesz\/\" \/>\n<meta property=\"article:modified_time\" content=\"2026-02-17T14:37:28+00:00\" \/>\n<meta property=\"og:image\" content=\"https:\/\/tajkertesz.com\/wp-content\/uploads\/2020\/12\/fiskars-gyerek-gereblye.PNG3_.png\" \/>\n\t<meta property=\"og:image:width\" content=\"761\" \/>\n\t<meta property=\"og:image:height\" content=\"655\" \/>\n\t<meta property=\"og:image:type\" content=\"image\/png\" \/>\n<meta name=\"twitter:card\" content=\"summary_large_image\" \/>\n<meta name=\"twitter:label1\" content=\"Est. reading time\" \/>\n\t<meta name=\"twitter:data1\" content=\"2 minutes\" \/>\n<script type=\"application\/ld+json\" class=\"yoast-schema-graph\">{\"@context\":\"https:\\\/\\\/schema.org\",\"@graph\":[{\"@type\":\"WebPage\",\"@id\":\"https:\\\/\\\/tajkertesz.com\\\/termek\\\/my-first-fiskars-gyermek-gereblye\\\/\",\"url\":\"https:\\\/\\\/tajkertesz.com\\\/termek\\\/my-first-fiskars-gyermek-gereblye\\\/\",\"name\":\"My First Fiskars gyermek gereblye (1001419) - T\u00e1jkert\u00e9sz\",\"isPartOf\":{\"@id\":\"https:\\\/\\\/tajkertesz.com\\\/#website\"},\"primaryImageOfPage\":{\"@id\":\"https:\\\/\\\/tajkertesz.com\\\/termek\\\/my-first-fiskars-gyermek-gereblye\\\/#primaryimage\"},\"image\":{\"@id\":\"https:\\\/\\\/tajkertesz.com\\\/termek\\\/my-first-fiskars-gyermek-gereblye\\\/#primaryimage\"},\"thumbnailUrl\":\"https:\\\/\\\/tajkertesz.com\\\/wp-content\\\/uploads\\\/2020\\\/12\\\/fiskars-gyerek-gereblye.PNG3_.png\",\"datePublished\":\"2020-12-01T13:40:56+00:00\",\"dateModified\":\"2026-02-17T14:37:28+00:00\",\"description\":\"A My First Fiskars gyermek gereblye 1001419 rugalmas m\u0171anyagb\u00f3l k\u00e9sz\u00fclt fogakkal \u00e9s er\u0151s gereblyefej a hossz\u00fa \u00e9lettartam \u00e9rdek\u00e9ben.\",\"breadcrumb\":{\"@id\":\"https:\\\/\\\/tajkertesz.com\\\/termek\\\/my-first-fiskars-gyermek-gereblye\\\/#breadcrumb\"},\"inLanguage\":\"en-US\",\"potentialAction\":[{\"@type\":\"ReadAction\",\"target\":[\"https:\\\/\\\/tajkertesz.com\\\/termek\\\/my-first-fiskars-gyermek-gereblye\\\/\"]}]},{\"@type\":\"ImageObject\",\"inLanguage\":\"en-US\",\"@id\":\"https:\\\/\\\/tajkertesz.com\\\/termek\\\/my-first-fiskars-gyermek-gereblye\\\/#primaryimage\",\"url\":\"https:\\\/\\\/tajkertesz.com\\\/wp-content\\\/uploads\\\/2020\\\/12\\\/fiskars-gyerek-gereblye.PNG3_.png\",\"contentUrl\":\"https:\\\/\\\/tajkertesz.com\\\/wp-content\\\/uploads\\\/2020\\\/12\\\/fiskars-gyerek-gereblye.PNG3_.png\",\"width\":761,\"height\":655},{\"@type\":\"BreadcrumbList\",\"@id\":\"https:\\\/\\\/tajkertesz.com\\\/termek\\\/my-first-fiskars-gyermek-gereblye\\\/#breadcrumb\",\"itemListElement\":[{\"@type\":\"ListItem\",\"position\":1,\"name\":\"Home\",\"item\":\"https:\\\/\\\/tajkertesz.com\\\/\"},{\"@type\":\"ListItem\",\"position\":2,\"name\":\"Kezd\u0151lap\",\"item\":\"https:\\\/\\\/tajkertesz.com\\\/\"},{\"@type\":\"ListItem\",\"position\":3,\"name\":\"My First Fiskars gyermek gereblye (1001419)\"}]},{\"@type\":\"WebSite\",\"@id\":\"https:\\\/\\\/tajkertesz.com\\\/#website\",\"url\":\"https:\\\/\\\/tajkertesz.com\\\/\",\"name\":\"T\u00e1j-Kert\u00e9sz 84 Kft.\",\"description\":\"Kert\u00e9szeti kis- \u00e9s nagykeresked\u00e9s, D\u00edszn\u00f6v\u00e9ny web\u00e1ruh\u00e1z orsz\u00e1gos h\u00e1zhozsz\u00e1ll\u00edt\u00e1ssal!\",\"publisher\":{\"@id\":\"https:\\\/\\\/tajkertesz.com\\\/#organization\"},\"potentialAction\":[{\"@type\":\"SearchAction\",\"target\":{\"@type\":\"EntryPoint\",\"urlTemplate\":\"https:\\\/\\\/tajkertesz.com\\\/?s={search_term_string}\"},\"query-input\":{\"@type\":\"PropertyValueSpecification\",\"valueRequired\":true,\"valueName\":\"search_term_string\"}}],\"inLanguage\":\"en-US\"},{\"@type\":\"Organization\",\"@id\":\"https:\\\/\\\/tajkertesz.com\\\/#organization\",\"name\":\"T\u00e1j-Kert\u00e9sz 84 Kft.\",\"url\":\"https:\\\/\\\/tajkertesz.com\\\/\",\"logo\":{\"@type\":\"ImageObject\",\"inLanguage\":\"en-US\",\"@id\":\"https:\\\/\\\/tajkertesz.com\\\/#\\\/schema\\\/logo\\\/image\\\/\",\"url\":\"https:\\\/\\\/tajkertesz.com\\\/wp-content\\\/uploads\\\/2018\\\/02\\\/logo-2-e1518678052539.png\",\"contentUrl\":\"https:\\\/\\\/tajkertesz.com\\\/wp-content\\\/uploads\\\/2018\\\/02\\\/logo-2-e1518678052539.png\",\"width\":81,\"height\":140,\"caption\":\"T\u00e1j-Kert\u00e9sz 84 Kft.\"},\"image\":{\"@id\":\"https:\\\/\\\/tajkertesz.com\\\/#\\\/schema\\\/logo\\\/image\\\/\"},\"sameAs\":[\"https:\\\/\\\/www.facebook.com\\\/Tajkertesz\\\/\"]}]}<\/script>\n<!-- \/ Yoast SEO plugin. -->","yoast_head_json":{"title":"My First Fiskars gyermek gereblye (1001419) - T\u00e1jkert\u00e9sz","description":"A My First Fiskars gyermek gereblye 1001419 rugalmas m\u0171anyagb\u00f3l k\u00e9sz\u00fclt fogakkal \u00e9s er\u0151s gereblyefej a hossz\u00fa \u00e9lettartam \u00e9rdek\u00e9ben.","robots":{"index":"index","follow":"follow","max-snippet":"max-snippet:-1","max-image-preview":"max-image-preview:large","max-video-preview":"max-video-preview:-1"},"canonical":"https:\/\/tajkertesz.com\/en_US\/product\/my-first-fiskars-gyermek-gereblye\/","og_locale":"en_US","og_type":"article","og_title":"My First Fiskars gyermek gereblye (1001419) - T\u00e1jkert\u00e9sz","og_description":"A My First Fiskars gyermek gereblye 1001419 rugalmas m\u0171anyagb\u00f3l k\u00e9sz\u00fclt fogakkal \u00e9s er\u0151s gereblyefej a hossz\u00fa \u00e9lettartam \u00e9rdek\u00e9ben.","og_url":"https:\/\/tajkertesz.com\/en_US\/product\/my-first-fiskars-gyermek-gereblye\/","og_site_name":"T\u00e1jkert\u00e9sz","article_publisher":"https:\/\/www.facebook.com\/Tajkertesz\/","article_modified_time":"2026-02-17T14:37:28+00:00","og_image":[{"width":761,"height":655,"url":"https:\/\/tajkertesz.com\/wp-content\/uploads\/2020\/12\/fiskars-gyerek-gereblye.PNG3_.png","type":"image\/png"}],"twitter_card":"summary_large_image","twitter_misc":{"Est. reading time":"2 minutes"},"schema":{"@context":"https:\/\/schema.org","@graph":[{"@type":"WebPage","@id":"https:\/\/tajkertesz.com\/termek\/my-first-fiskars-gyermek-gereblye\/","url":"https:\/\/tajkertesz.com\/termek\/my-first-fiskars-gyermek-gereblye\/","name":"My First Fiskars gyermek gereblye (1001419) - T\u00e1jkert\u00e9sz","isPartOf":{"@id":"https:\/\/tajkertesz.com\/#website"},"primaryImageOfPage":{"@id":"https:\/\/tajkertesz.com\/termek\/my-first-fiskars-gyermek-gereblye\/#primaryimage"},"image":{"@id":"https:\/\/tajkertesz.com\/termek\/my-first-fiskars-gyermek-gereblye\/#primaryimage"},"thumbnailUrl":"https:\/\/tajkertesz.com\/wp-content\/uploads\/2020\/12\/fiskars-gyerek-gereblye.PNG3_.png","datePublished":"2020-12-01T13:40:56+00:00","dateModified":"2026-02-17T14:37:28+00:00","description":"A My First Fiskars gyermek gereblye 1001419 rugalmas m\u0171anyagb\u00f3l k\u00e9sz\u00fclt fogakkal \u00e9s er\u0151s gereblyefej a hossz\u00fa \u00e9lettartam \u00e9rdek\u00e9ben.","breadcrumb":{"@id":"https:\/\/tajkertesz.com\/termek\/my-first-fiskars-gyermek-gereblye\/#breadcrumb"},"inLanguage":"en-US","potentialAction":[{"@type":"ReadAction","target":["https:\/\/tajkertesz.com\/termek\/my-first-fiskars-gyermek-gereblye\/"]}]},{"@type":"ImageObject","inLanguage":"en-US","@id":"https:\/\/tajkertesz.com\/termek\/my-first-fiskars-gyermek-gereblye\/#primaryimage","url":"https:\/\/tajkertesz.com\/wp-content\/uploads\/2020\/12\/fiskars-gyerek-gereblye.PNG3_.png","contentUrl":"https:\/\/tajkertesz.com\/wp-content\/uploads\/2020\/12\/fiskars-gyerek-gereblye.PNG3_.png","width":761,"height":655},{"@type":"BreadcrumbList","@id":"https:\/\/tajkertesz.com\/termek\/my-first-fiskars-gyermek-gereblye\/#breadcrumb","itemListElement":[{"@type":"ListItem","position":1,"name":"Home","item":"https:\/\/tajkertesz.com\/"},{"@type":"ListItem","position":2,"name":"Kezd\u0151lap","item":"https:\/\/tajkertesz.com\/"},{"@type":"ListItem","position":3,"name":"My First Fiskars gyermek gereblye (1001419)"}]},{"@type":"WebSite","@id":"https:\/\/tajkertesz.com\/#website","url":"https:\/\/tajkertesz.com\/","name":"T\u00e1j-Kert\u00e9sz 84 Kft.","description":"Kert\u00e9szeti kis- \u00e9s nagykeresked\u00e9s, D\u00edszn\u00f6v\u00e9ny web\u00e1ruh\u00e1z orsz\u00e1gos h\u00e1zhozsz\u00e1ll\u00edt\u00e1ssal!","publisher":{"@id":"https:\/\/tajkertesz.com\/#organization"},"potentialAction":[{"@type":"SearchAction","target":{"@type":"EntryPoint","urlTemplate":"https:\/\/tajkertesz.com\/?s={search_term_string}"},"query-input":{"@type":"PropertyValueSpecification","valueRequired":true,"valueName":"search_term_string"}}],"inLanguage":"en-US"},{"@type":"Organization","@id":"https:\/\/tajkertesz.com\/#organization","name":"T\u00e1j-Kert\u00e9sz 84 Kft.","url":"https:\/\/tajkertesz.com\/","logo":{"@type":"ImageObject","inLanguage":"en-US","@id":"https:\/\/tajkertesz.com\/#\/schema\/logo\/image\/","url":"https:\/\/tajkertesz.com\/wp-content\/uploads\/2018\/02\/logo-2-e1518678052539.png","contentUrl":"https:\/\/tajkertesz.com\/wp-content\/uploads\/2018\/02\/logo-2-e1518678052539.png","width":81,"height":140,"caption":"T\u00e1j-Kert\u00e9sz 84 Kft."},"image":{"@id":"https:\/\/tajkertesz.com\/#\/schema\/logo\/image\/"},"sameAs":["https:\/\/www.facebook.com\/Tajkertesz\/"]}]}},"_links":{"self":[{"href":"https:\/\/tajkertesz.com\/en_US\/wp-json\/wp\/v2\/product\/2788","targetHints":{"allow":["GET"]}}],"collection":[{"href":"https:\/\/tajkertesz.com\/en_US\/wp-json\/wp\/v2\/product"}],"about":[{"href":"https:\/\/tajkertesz.com\/en_US\/wp-json\/wp\/v2\/types\/product"}],"wp:featuredmedia":[{"embeddable":true,"href":"https:\/\/tajkertesz.com\/en_US\/wp-json\/wp\/v2\/media\/2791"}],"wp:attachment":[{"href":"https:\/\/tajkertesz.com\/en_US\/wp-json\/wp\/v2\/media?parent=2788"}],"wp:term":[{"taxonomy":"product_brand","embeddable":true,"href":"https:\/\/tajkertesz.com\/en_US\/wp-json\/wp\/v2\/product_brand?post=2788"},{"taxonomy":"product_cat","embeddable":true,"href":"https:\/\/tajkertesz.com\/en_US\/wp-json\/wp\/v2\/product_cat?post=2788"},{"taxonomy":"product_tag","embeddable":true,"href":"https:\/\/tajkertesz.com\/en_US\/wp-json\/wp\/v2\/product_tag?post=2788"}],"curies":[{"name":"wp","href":"https:\/\/api.w.org\/{rel}","templated":true}]}}