{"id":2796,"date":"2020-12-01T15:28:30","date_gmt":"2020-12-01T15:28:30","guid":{"rendered":"https:\/\/tajkertesz.com\/?post_type=product&#038;p=2796"},"modified":"2026-02-17T14:37:09","modified_gmt":"2026-02-17T14:37:09","slug":"fiskars-light-kulteri-sepru-1025927","status":"publish","type":"product","link":"https:\/\/tajkertesz.com\/en_US\/product\/fiskars-light-kulteri-sepru-1025927\/","title":{"rendered":"Fiskars Light K\u00fclt\u00e9ri sepr\u0171 1025927"},"content":{"rendered":"<p>Fiskars Light K\u00fclt\u00e9ri sepr\u0171 1025927<\/p>\n<p>A Fiskars Light K\u00fclt\u00e9ri sepr\u0171 1025927\u00a0 t\u00f6k\u00e9letes a falevelek \u00e9s k\u00fclt\u00e9ri hullad\u00e9kok \u00f6sszesepr\u00e9s\u00e9re. Kiss\u00e9 g\u00f6rbe kialak\u00edt\u00e1s\u00e1nak k\u00f6sz\u00f6nhet\u0151en megb\u00edzhat\u00f3an sepri \u00f6ssze az \u00f6sszes kertben felgy\u00fclemlett szemetet.<\/p>\n<p>Egy sepr\u0171, ami alkalmas teraszok, erk\u00e9lyek \u00e9s egy\u00e9b k\u00fclt\u00e9ri ter\u00fcletek takar\u00edt\u00e1s\u00e1hoz.<\/p>\n<p>Az apr\u00f3bb dolgok \u00f6sszesepr\u00e9s\u00e9hez is ide\u00e1lis.<\/p>\n<p>A k\u00e9nyelmes, stabil fog\u00e1s \u00e9rdek\u00e9ben a ny\u00e9l SoftGrip\u2122 r\u00e9sszel kialak\u00edtott.<\/p>\n<p>A fej cser\u00e9lhet\u0151\u00a0 a p\u00f3tfej szint\u00e9n kaphat\u00f3 az \u00fczleteinkben illetve a webshopunkban.<\/p>\n<p style=\"line-height: 18.0pt; background: white; margin: 0cm 0cm 15.0pt 0cm;\"><span style=\"font-family: 'Ubuntu',serif; color: black;\">El\u00e9rhet\u0151 t\u00f6bbf\u00e9le m\u00e9retben \u00e9s \u00e1rban.<\/span><\/p>\n<p style=\"line-height: 18.0pt; background: white; margin: 0cm 0cm 15.0pt 0cm;\"><b><span style=\"font-family: 'Ubuntu',serif; color: black;\">K\u00e9szlet\u00fcnk napi szinten v\u00e1ltozik, ez\u00e9rt k\u00e9rj\u00fck, \u00e9rdekl\u0151dj\u00f6n szem\u00e9lyesen, telefonon vagy email-en.<br \/>\nA v\u00e1ltoztat\u00e1s jog\u00e1t fenntartjuk!\u00a0<\/span><\/b><\/p>\n<p><a href=\"https:\/\/tajkertesz.com\/\">https:\/\/tajkertesz.com\/<\/a><\/p>\n<p><a href=\"https:\/\/www.fiskars.com\/\">https:\/\/www.fiskars.com\/<\/a><\/p>\n<p><span style=\"color: #ffffff;\">t\u00f6k\u00e9letes a falevelek \u00e9s k\u00fclt\u00e9ri hullad\u00e9kok \u00f6sszesepr\u00e9s\u00e9re. Kiss\u00e9 g\u00f6rbe kialak\u00edt\u00e1s\u00e1nak k\u00f6sz\u00f6nhet\u0151en megb\u00edzhat\u00f3an sepri \u00f6ssze az \u00f6sszes kertben felgy\u00fclemlett szemetet.<\/span><\/p>\n<p><span style=\"color: #ffffff;\">Egy sepr\u0171, ami alkalmas teraszok, erk\u00e9lyek \u00e9s egy\u00e9b k\u00fclt\u00e9ri ter\u00fcletek takar\u00edt\u00e1s\u00e1hoz.<\/span><\/p>\n<p><span style=\"color: #ffffff;\">Az apr\u00f3bb dolgok \u00f6sszesepr\u00e9s\u00e9hez is ide\u00e1lis.<\/span><\/p>\n<p><span style=\"color: #ffffff;\">A k\u00e9nyelmes, stabil fog\u00e1s \u00e9rdek\u00e9ben a ny\u00e9l SoftGrip\u2122 r\u00e9sszel kialak\u00edtott.<\/span><\/p>\n<p><span style=\"color: #ffffff;\">A fej cser\u00e9lhet\u0151\u00a0 a p\u00f3tfej szint\u00e9n kaphat\u00f3 az \u00fczleteinkben illetve a webshopunkban.\u00a0<\/span><\/p>\n<p style=\"line-height: 18.0pt; background: white; margin: 0cm 0cm 15.0pt 0cm;\"><span style=\"font-family: Ubuntu, serif; color: #ffffff;\">El\u00e9rhet\u0151 t\u00f6bbf\u00e9le m\u00e9retben \u00e9s \u00e1rban.<\/span><\/p>\n<p style=\"line-height: 18.0pt; background: white; margin: 0cm 0cm 15.0pt 0cm;\"><span style=\"color: #ffffff;\"><b><span style=\"font-family: Ubuntu, serif;\">K\u00e9szlet\u00fcnk napi szinten v\u00e1ltozik, ez\u00e9rt k\u00e9rj\u00fck, \u00e9rdekl\u0151dj\u00f6n szem\u00e9lyesen, telefonon vagy email-en.<br \/>\nA v\u00e1ltoztat\u00e1s jog\u00e1t fenntartjuk!\u00a0<\/span><\/b><\/span><\/p>\n<p><span style=\"color: #ffffff;\">t\u00f6k\u00e9letes a falevelek \u00e9s k\u00fclt\u00e9ri hullad\u00e9kok \u00f6sszesepr\u00e9s\u00e9re. Kiss\u00e9 g\u00f6rbe kialak\u00edt\u00e1s\u00e1nak k\u00f6sz\u00f6nhet\u0151en megb\u00edzhat\u00f3an sepri \u00f6ssze az \u00f6sszes kertben felgy\u00fclemlett szemetet.<\/span><\/p>\n<p><span style=\"color: #ffffff;\">Egy sepr\u0171, ami alkalmas teraszok, erk\u00e9lyek \u00e9s egy\u00e9b k\u00fclt\u00e9ri ter\u00fcletek takar\u00edt\u00e1s\u00e1hoz.<\/span><\/p>\n<p><span style=\"color: #ffffff;\">Az apr\u00f3bb dolgok \u00f6sszesepr\u00e9s\u00e9hez is ide\u00e1lis.<\/span><\/p>\n<p><span style=\"color: #ffffff;\">A k\u00e9nyelmes, stabil fog\u00e1s \u00e9rdek\u00e9ben a ny\u00e9l SoftGrip\u2122 r\u00e9sszel kialak\u00edtott.<\/span><\/p>\n<p><span style=\"color: #ffffff;\">A fej cser\u00e9lhet\u0151\u00a0 a p\u00f3tfej szint\u00e9n kaphat\u00f3 az \u00fczleteinkben illetve a webshopunkban.\u00a0<\/span><\/p>\n<p style=\"line-height: 18.0pt; background: white; margin: 0cm 0cm 15.0pt 0cm;\"><span style=\"font-family: Ubuntu, serif; color: #ffffff;\">El\u00e9rhet\u0151 t\u00f6bbf\u00e9le m\u00e9retben \u00e9s \u00e1rban.<\/span><\/p>\n<p style=\"line-height: 18.0pt; background: white; margin: 0cm 0cm 15.0pt 0cm;\"><span style=\"color: #ffffff;\"><b><span style=\"font-family: Ubuntu, serif;\">K\u00e9szlet\u00fcnk napi szinten v\u00e1ltozik, ez\u00e9rt k\u00e9rj\u00fck, \u00e9rdekl\u0151dj\u00f6n szem\u00e9lyesen, telefonon vagy email-en.<br \/>\nA v\u00e1ltoztat\u00e1s jog\u00e1t fenntartjuk!\u00a0<\/span><\/b><\/span><\/p>\n<p>&nbsp;<\/p>","protected":false},"excerpt":{"rendered":"<p>A Fiskars Light K\u00fclt\u00e9ri sepr\u0171 1025927\u00a0 t\u00f6k\u00e9letes a falevelek \u00e9s k\u00fclt\u00e9ri hullad\u00e9kok \u00f6sszesepr\u00e9s\u00e9re. Kiss\u00e9 g\u00f6rbe kialak\u00edt\u00e1s\u00e1nak k\u00f6sz\u00f6nhet\u0151en megb\u00edzhat\u00f3an sepri \u00f6ssze az \u00f6sszes kertben felgy\u00fclemlett szemetet.<\/p>\n<p>Egy sepr\u0171, ami alkalmas teraszok, erk\u00e9lyek \u00e9s egy\u00e9b k\u00fclt\u00e9ri ter\u00fcletek takar\u00edt\u00e1s\u00e1hoz.<\/p>\n<p>Az apr\u00f3bb dolgok \u00f6sszesepr\u00e9s\u00e9hez is ide\u00e1lis.<\/p>\n<p>A k\u00e9nyelmes, stabil fog\u00e1s \u00e9rdek\u00e9ben a ny\u00e9l SoftGrip\u2122 r\u00e9sszel kialak\u00edtott.<\/p>","protected":false},"featured_media":2798,"template":"","meta":{"_et_pb_use_builder":"","_et_pb_old_content":"","_et_gb_content_width":""},"product_brand":[],"product_cat":[4637],"product_tag":[1058,116,1057,1056],"class_list":{"0":"post-2796","1":"product","2":"type-product","3":"status-publish","4":"has-post-thumbnail","6":"product_cat-fiskars-aso-kapa-villa-gereblye","7":"product_tag-1058","8":"product_tag-fiskars","9":"product_tag-kulteri-sepru","10":"product_tag-light","12":"first","13":"instock","14":"shipping-taxable","15":"purchasable","16":"product-type-simple"},"yoast_head":"<!-- This site is optimized with the Yoast SEO plugin v27.5 - https:\/\/yoast.com\/product\/yoast-seo-wordpress\/ -->\n<title>Fiskars Light K\u00fclt\u00e9ri sepr\u0171 1025927 - T\u00e1jkert\u00e9sz<\/title>\n<meta name=\"description\" content=\"A Fiskars Light K\u00fclt\u00e9ri sepr\u0171 1025927\u00a0 t\u00f6k\u00e9letes a falevelek ,k\u00fclt\u00e9ri hullad\u00e9kok \u00f6sszesepr\u00e9s\u00e9re. Alkalmas teraszok, erk\u00e9lyek takar\u00edt\u00e1s\u00e1sra is.\" \/>\n<meta name=\"robots\" content=\"index, follow, max-snippet:-1, max-image-preview:large, max-video-preview:-1\" \/>\n<link rel=\"canonical\" href=\"https:\/\/tajkertesz.com\/en_US\/product\/fiskars-light-kulteri-sepru-1025927\/\" \/>\n<meta property=\"og:locale\" content=\"en_US\" \/>\n<meta property=\"og:type\" content=\"article\" \/>\n<meta property=\"og:title\" content=\"Fiskars Light K\u00fclt\u00e9ri sepr\u0171 1025927 - T\u00e1jkert\u00e9sz\" \/>\n<meta property=\"og:description\" content=\"A Fiskars Light K\u00fclt\u00e9ri sepr\u0171 1025927\u00a0 t\u00f6k\u00e9letes a falevelek ,k\u00fclt\u00e9ri hullad\u00e9kok \u00f6sszesepr\u00e9s\u00e9re. Alkalmas teraszok, erk\u00e9lyek takar\u00edt\u00e1s\u00e1sra is.\" \/>\n<meta property=\"og:url\" content=\"https:\/\/tajkertesz.com\/en_US\/product\/fiskars-light-kulteri-sepru-1025927\/\" \/>\n<meta property=\"og:site_name\" content=\"T\u00e1jkert\u00e9sz\" \/>\n<meta property=\"article:publisher\" content=\"https:\/\/www.facebook.com\/Tajkertesz\/\" \/>\n<meta property=\"article:modified_time\" content=\"2026-02-17T14:37:09+00:00\" \/>\n<meta property=\"og:image\" content=\"https:\/\/tajkertesz.com\/wp-content\/uploads\/2020\/12\/fiskars-light-sepru.PNG2_.jpg\" \/>\n\t<meta property=\"og:image:width\" content=\"768\" \/>\n\t<meta property=\"og:image:height\" content=\"768\" \/>\n\t<meta property=\"og:image:type\" content=\"image\/jpeg\" \/>\n<meta name=\"twitter:card\" content=\"summary_large_image\" \/>\n<meta name=\"twitter:label1\" content=\"Est. reading time\" \/>\n\t<meta name=\"twitter:data1\" content=\"2 minutes\" \/>\n<script type=\"application\/ld+json\" class=\"yoast-schema-graph\">{\"@context\":\"https:\\\/\\\/schema.org\",\"@graph\":[{\"@type\":\"WebPage\",\"@id\":\"https:\\\/\\\/tajkertesz.com\\\/termek\\\/fiskars-light-kulteri-sepru-1025927\\\/\",\"url\":\"https:\\\/\\\/tajkertesz.com\\\/termek\\\/fiskars-light-kulteri-sepru-1025927\\\/\",\"name\":\"Fiskars Light K\u00fclt\u00e9ri sepr\u0171 1025927 - T\u00e1jkert\u00e9sz\",\"isPartOf\":{\"@id\":\"https:\\\/\\\/tajkertesz.com\\\/#website\"},\"primaryImageOfPage\":{\"@id\":\"https:\\\/\\\/tajkertesz.com\\\/termek\\\/fiskars-light-kulteri-sepru-1025927\\\/#primaryimage\"},\"image\":{\"@id\":\"https:\\\/\\\/tajkertesz.com\\\/termek\\\/fiskars-light-kulteri-sepru-1025927\\\/#primaryimage\"},\"thumbnailUrl\":\"https:\\\/\\\/tajkertesz.com\\\/wp-content\\\/uploads\\\/2020\\\/12\\\/fiskars-light-sepru.PNG2_.jpg\",\"datePublished\":\"2020-12-01T15:28:30+00:00\",\"dateModified\":\"2026-02-17T14:37:09+00:00\",\"description\":\"A Fiskars Light K\u00fclt\u00e9ri sepr\u0171 1025927\u00a0 t\u00f6k\u00e9letes a falevelek ,k\u00fclt\u00e9ri hullad\u00e9kok \u00f6sszesepr\u00e9s\u00e9re. Alkalmas teraszok, erk\u00e9lyek takar\u00edt\u00e1s\u00e1sra is.\",\"breadcrumb\":{\"@id\":\"https:\\\/\\\/tajkertesz.com\\\/termek\\\/fiskars-light-kulteri-sepru-1025927\\\/#breadcrumb\"},\"inLanguage\":\"en-US\",\"potentialAction\":[{\"@type\":\"ReadAction\",\"target\":[\"https:\\\/\\\/tajkertesz.com\\\/termek\\\/fiskars-light-kulteri-sepru-1025927\\\/\"]}]},{\"@type\":\"ImageObject\",\"inLanguage\":\"en-US\",\"@id\":\"https:\\\/\\\/tajkertesz.com\\\/termek\\\/fiskars-light-kulteri-sepru-1025927\\\/#primaryimage\",\"url\":\"https:\\\/\\\/tajkertesz.com\\\/wp-content\\\/uploads\\\/2020\\\/12\\\/fiskars-light-sepru.PNG2_.jpg\",\"contentUrl\":\"https:\\\/\\\/tajkertesz.com\\\/wp-content\\\/uploads\\\/2020\\\/12\\\/fiskars-light-sepru.PNG2_.jpg\",\"width\":768,\"height\":768},{\"@type\":\"BreadcrumbList\",\"@id\":\"https:\\\/\\\/tajkertesz.com\\\/termek\\\/fiskars-light-kulteri-sepru-1025927\\\/#breadcrumb\",\"itemListElement\":[{\"@type\":\"ListItem\",\"position\":1,\"name\":\"Home\",\"item\":\"https:\\\/\\\/tajkertesz.com\\\/\"},{\"@type\":\"ListItem\",\"position\":2,\"name\":\"Kezd\u0151lap\",\"item\":\"https:\\\/\\\/tajkertesz.com\\\/\"},{\"@type\":\"ListItem\",\"position\":3,\"name\":\"Fiskars Light K\u00fclt\u00e9ri sepr\u0171 1025927\"}]},{\"@type\":\"WebSite\",\"@id\":\"https:\\\/\\\/tajkertesz.com\\\/#website\",\"url\":\"https:\\\/\\\/tajkertesz.com\\\/\",\"name\":\"T\u00e1j-Kert\u00e9sz 84 Kft.\",\"description\":\"Kert\u00e9szeti kis- \u00e9s nagykeresked\u00e9s, D\u00edszn\u00f6v\u00e9ny web\u00e1ruh\u00e1z orsz\u00e1gos h\u00e1zhozsz\u00e1ll\u00edt\u00e1ssal!\",\"publisher\":{\"@id\":\"https:\\\/\\\/tajkertesz.com\\\/#organization\"},\"potentialAction\":[{\"@type\":\"SearchAction\",\"target\":{\"@type\":\"EntryPoint\",\"urlTemplate\":\"https:\\\/\\\/tajkertesz.com\\\/?s={search_term_string}\"},\"query-input\":{\"@type\":\"PropertyValueSpecification\",\"valueRequired\":true,\"valueName\":\"search_term_string\"}}],\"inLanguage\":\"en-US\"},{\"@type\":\"Organization\",\"@id\":\"https:\\\/\\\/tajkertesz.com\\\/#organization\",\"name\":\"T\u00e1j-Kert\u00e9sz 84 Kft.\",\"url\":\"https:\\\/\\\/tajkertesz.com\\\/\",\"logo\":{\"@type\":\"ImageObject\",\"inLanguage\":\"en-US\",\"@id\":\"https:\\\/\\\/tajkertesz.com\\\/#\\\/schema\\\/logo\\\/image\\\/\",\"url\":\"https:\\\/\\\/tajkertesz.com\\\/wp-content\\\/uploads\\\/2018\\\/02\\\/logo-2-e1518678052539.png\",\"contentUrl\":\"https:\\\/\\\/tajkertesz.com\\\/wp-content\\\/uploads\\\/2018\\\/02\\\/logo-2-e1518678052539.png\",\"width\":81,\"height\":140,\"caption\":\"T\u00e1j-Kert\u00e9sz 84 Kft.\"},\"image\":{\"@id\":\"https:\\\/\\\/tajkertesz.com\\\/#\\\/schema\\\/logo\\\/image\\\/\"},\"sameAs\":[\"https:\\\/\\\/www.facebook.com\\\/Tajkertesz\\\/\"]}]}<\/script>\n<!-- \/ Yoast SEO plugin. -->","yoast_head_json":{"title":"Fiskars Light K\u00fclt\u00e9ri sepr\u0171 1025927 - T\u00e1jkert\u00e9sz","description":"A Fiskars Light K\u00fclt\u00e9ri sepr\u0171 1025927\u00a0 t\u00f6k\u00e9letes a falevelek ,k\u00fclt\u00e9ri hullad\u00e9kok \u00f6sszesepr\u00e9s\u00e9re. Alkalmas teraszok, erk\u00e9lyek takar\u00edt\u00e1s\u00e1sra is.","robots":{"index":"index","follow":"follow","max-snippet":"max-snippet:-1","max-image-preview":"max-image-preview:large","max-video-preview":"max-video-preview:-1"},"canonical":"https:\/\/tajkertesz.com\/en_US\/product\/fiskars-light-kulteri-sepru-1025927\/","og_locale":"en_US","og_type":"article","og_title":"Fiskars Light K\u00fclt\u00e9ri sepr\u0171 1025927 - T\u00e1jkert\u00e9sz","og_description":"A Fiskars Light K\u00fclt\u00e9ri sepr\u0171 1025927\u00a0 t\u00f6k\u00e9letes a falevelek ,k\u00fclt\u00e9ri hullad\u00e9kok \u00f6sszesepr\u00e9s\u00e9re. Alkalmas teraszok, erk\u00e9lyek takar\u00edt\u00e1s\u00e1sra is.","og_url":"https:\/\/tajkertesz.com\/en_US\/product\/fiskars-light-kulteri-sepru-1025927\/","og_site_name":"T\u00e1jkert\u00e9sz","article_publisher":"https:\/\/www.facebook.com\/Tajkertesz\/","article_modified_time":"2026-02-17T14:37:09+00:00","og_image":[{"width":768,"height":768,"url":"https:\/\/tajkertesz.com\/wp-content\/uploads\/2020\/12\/fiskars-light-sepru.PNG2_.jpg","type":"image\/jpeg"}],"twitter_card":"summary_large_image","twitter_misc":{"Est. reading time":"2 minutes"},"schema":{"@context":"https:\/\/schema.org","@graph":[{"@type":"WebPage","@id":"https:\/\/tajkertesz.com\/termek\/fiskars-light-kulteri-sepru-1025927\/","url":"https:\/\/tajkertesz.com\/termek\/fiskars-light-kulteri-sepru-1025927\/","name":"Fiskars Light K\u00fclt\u00e9ri sepr\u0171 1025927 - T\u00e1jkert\u00e9sz","isPartOf":{"@id":"https:\/\/tajkertesz.com\/#website"},"primaryImageOfPage":{"@id":"https:\/\/tajkertesz.com\/termek\/fiskars-light-kulteri-sepru-1025927\/#primaryimage"},"image":{"@id":"https:\/\/tajkertesz.com\/termek\/fiskars-light-kulteri-sepru-1025927\/#primaryimage"},"thumbnailUrl":"https:\/\/tajkertesz.com\/wp-content\/uploads\/2020\/12\/fiskars-light-sepru.PNG2_.jpg","datePublished":"2020-12-01T15:28:30+00:00","dateModified":"2026-02-17T14:37:09+00:00","description":"A Fiskars Light K\u00fclt\u00e9ri sepr\u0171 1025927\u00a0 t\u00f6k\u00e9letes a falevelek ,k\u00fclt\u00e9ri hullad\u00e9kok \u00f6sszesepr\u00e9s\u00e9re. Alkalmas teraszok, erk\u00e9lyek takar\u00edt\u00e1s\u00e1sra is.","breadcrumb":{"@id":"https:\/\/tajkertesz.com\/termek\/fiskars-light-kulteri-sepru-1025927\/#breadcrumb"},"inLanguage":"en-US","potentialAction":[{"@type":"ReadAction","target":["https:\/\/tajkertesz.com\/termek\/fiskars-light-kulteri-sepru-1025927\/"]}]},{"@type":"ImageObject","inLanguage":"en-US","@id":"https:\/\/tajkertesz.com\/termek\/fiskars-light-kulteri-sepru-1025927\/#primaryimage","url":"https:\/\/tajkertesz.com\/wp-content\/uploads\/2020\/12\/fiskars-light-sepru.PNG2_.jpg","contentUrl":"https:\/\/tajkertesz.com\/wp-content\/uploads\/2020\/12\/fiskars-light-sepru.PNG2_.jpg","width":768,"height":768},{"@type":"BreadcrumbList","@id":"https:\/\/tajkertesz.com\/termek\/fiskars-light-kulteri-sepru-1025927\/#breadcrumb","itemListElement":[{"@type":"ListItem","position":1,"name":"Home","item":"https:\/\/tajkertesz.com\/"},{"@type":"ListItem","position":2,"name":"Kezd\u0151lap","item":"https:\/\/tajkertesz.com\/"},{"@type":"ListItem","position":3,"name":"Fiskars Light K\u00fclt\u00e9ri sepr\u0171 1025927"}]},{"@type":"WebSite","@id":"https:\/\/tajkertesz.com\/#website","url":"https:\/\/tajkertesz.com\/","name":"T\u00e1j-Kert\u00e9sz 84 Kft.","description":"Kert\u00e9szeti kis- \u00e9s nagykeresked\u00e9s, D\u00edszn\u00f6v\u00e9ny web\u00e1ruh\u00e1z orsz\u00e1gos h\u00e1zhozsz\u00e1ll\u00edt\u00e1ssal!","publisher":{"@id":"https:\/\/tajkertesz.com\/#organization"},"potentialAction":[{"@type":"SearchAction","target":{"@type":"EntryPoint","urlTemplate":"https:\/\/tajkertesz.com\/?s={search_term_string}"},"query-input":{"@type":"PropertyValueSpecification","valueRequired":true,"valueName":"search_term_string"}}],"inLanguage":"en-US"},{"@type":"Organization","@id":"https:\/\/tajkertesz.com\/#organization","name":"T\u00e1j-Kert\u00e9sz 84 Kft.","url":"https:\/\/tajkertesz.com\/","logo":{"@type":"ImageObject","inLanguage":"en-US","@id":"https:\/\/tajkertesz.com\/#\/schema\/logo\/image\/","url":"https:\/\/tajkertesz.com\/wp-content\/uploads\/2018\/02\/logo-2-e1518678052539.png","contentUrl":"https:\/\/tajkertesz.com\/wp-content\/uploads\/2018\/02\/logo-2-e1518678052539.png","width":81,"height":140,"caption":"T\u00e1j-Kert\u00e9sz 84 Kft."},"image":{"@id":"https:\/\/tajkertesz.com\/#\/schema\/logo\/image\/"},"sameAs":["https:\/\/www.facebook.com\/Tajkertesz\/"]}]}},"_links":{"self":[{"href":"https:\/\/tajkertesz.com\/en_US\/wp-json\/wp\/v2\/product\/2796","targetHints":{"allow":["GET"]}}],"collection":[{"href":"https:\/\/tajkertesz.com\/en_US\/wp-json\/wp\/v2\/product"}],"about":[{"href":"https:\/\/tajkertesz.com\/en_US\/wp-json\/wp\/v2\/types\/product"}],"wp:featuredmedia":[{"embeddable":true,"href":"https:\/\/tajkertesz.com\/en_US\/wp-json\/wp\/v2\/media\/2798"}],"wp:attachment":[{"href":"https:\/\/tajkertesz.com\/en_US\/wp-json\/wp\/v2\/media?parent=2796"}],"wp:term":[{"taxonomy":"product_brand","embeddable":true,"href":"https:\/\/tajkertesz.com\/en_US\/wp-json\/wp\/v2\/product_brand?post=2796"},{"taxonomy":"product_cat","embeddable":true,"href":"https:\/\/tajkertesz.com\/en_US\/wp-json\/wp\/v2\/product_cat?post=2796"},{"taxonomy":"product_tag","embeddable":true,"href":"https:\/\/tajkertesz.com\/en_US\/wp-json\/wp\/v2\/product_tag?post=2796"}],"curies":[{"name":"wp","href":"https:\/\/api.w.org\/{rel}","templated":true}]}}