{"id":2820,"date":"2020-12-04T13:36:58","date_gmt":"2020-12-04T13:36:58","guid":{"rendered":"https:\/\/tajkertesz.com\/?post_type=product&#038;p=2820"},"modified":"2025-07-16T14:21:10","modified_gmt":"2025-07-16T14:21:10","slug":"extranet-szott-arnyekolo-halo-80-15-x-10m-antracit-szinu","status":"publish","type":"product","link":"https:\/\/tajkertesz.com\/en_US\/product\/extranet-szott-arnyekolo-halo-80-15-x-10m-antracit-szinu\/","title":{"rendered":"EXTRANET sz\u0151tt \u00e1rny\u00e9kol\u00f3 h\u00e1l\u00f3 80% 1,5 x 10m antracit sz\u00edn\u0171 (19)"},"content":{"rendered":"<h3>EXTRANET sz\u0151tt \u00e1rny\u00e9kol\u00f3 h\u00e1l\u00f3 80% 1,5 x 10m antracit sz\u00edn\u0171<\/h3>\n<p>A Nortene bel\u00e1t\u00e1sg\u00e1tl\u00f3, EXTRANET sz\u0151tt \u00e1rny\u00e9kol\u00f3 h\u00e1l\u00f3 80%-os, 1,5m x 10m hossz\u00fa \u00e9s\u00a0 antracit sz\u00edn\u0171.<\/p>\n<p><span style=\"text-decoration: underline;\">El\u0151nyei:<\/span><\/p>\n<p>80%-os takar\u00e1st biztos\u00edt\u00f3 sz\u0151tt \u00e1rny\u00e9kol\u00f3 h\u00e1l\u00f3, melyet a ker\u00edt\u00e9sre vagy erk\u00e9lykorl\u00e1tra r\u00f6gz\u00edtve korl\u00e1tozhatjuk a bel\u00e1t\u00e1st, meg\u0151rizve a mag\u00e1nszf\u00e9r\u00e1nk nyugalm\u00e1t. Felfogja a szelet, de egyben l\u00e9g\u00e1tereszt\u0151 is. Az \u00e1rny\u00e9kol\u00f3 h\u00e1l\u00f3 felszerel\u00e9se, v\u00e1g\u00e1sa \u00e9s m\u00e9retre szab\u00e1sa egyszer\u0171, v\u00e1g\u00e1s ut\u00e1n sem bomlik.<\/p>\n<p>R\u00f6gz\u00edts\u00fck a term\u00e9ket FIXATEX kapoccsal, vagy BRIDFIX gyorsk\u00f6t\u00f6z\u0151vel f\u00fcgg\u0151leges \u00e9s v\u00edzszintes ir\u00e1nyban is 50 cm-k\u00e9nt a stabil ker\u00edt\u00e9sen, korl\u00e1ton.<\/p>\n<p>Anyaga: UV \u00e1ll\u00f3 HDPE, mely a napsug\u00e1rz\u00e1snak \u00e9s az id\u0151j\u00e1r\u00e1s viszontags\u00e1gainak is ellen\u00e1ll, j\u00f3 szak\u00edt\u00f3szil\u00e1rds\u00e1g\u00fa.<\/p>\n<p>Cikksz\u00e1ma: 2013595<\/p>\n<p style=\"line-height: 18.0pt; background: white; margin: 0cm 0cm 15.0pt 0cm;\"><span style=\"font-family: 'Ubuntu',serif; color: black;\">El\u00e9rhet\u0151 t\u00f6bbf\u00e9le m\u00e9retben \u00e9s \u00e1rban.<\/span><\/p>\n<p style=\"line-height: 18.0pt; background: white; margin: 0cm 0cm 15.0pt 0cm;\"><b><span style=\"font-family: 'Ubuntu',serif; color: black;\">K\u00e9szlet\u00fcnk napi szinten v\u00e1ltozik, ez\u00e9rt k\u00e9rj\u00fck, \u00e9rdekl\u0151dj\u00f6n szem\u00e9lyesen, telefonon vagy email-en.<br \/>\nA v\u00e1ltoztat\u00e1s jog\u00e1t fenntartjuk!\u00a0<\/span><\/b><\/p>\n<p><a href=\"https:\/\/tajkertesz.com\/\">https:\/\/tajkertesz.com\/<\/a><\/p>\n<p><a href=\"https:\/\/www.facebook.com\/tajkertesz\/\">https:\/\/www.facebook.com\/tajkertesz\/<\/a><\/p>\n<p>Kisz\u00e1ll\u00edt\u00e1s: 200 cm \u00e9s 40 kg is a sz\u00e1ll\u00edt\u00e1s fut\u00e1rszolg\u00e1lattal t\u00f6rt\u00e9nik.<\/p>\n<p>&nbsp;<\/p>\n<h6><span style=\"color: #ffffff;\">A Nortene bel\u00e1t\u00e1sg\u00e1tl\u00f3, EXTRANET sz\u0151tt \u00e1rny\u00e9kol\u00f3 h\u00e1l\u00f3 80%-os, 1,5m x 10m hossz\u00fa \u00e9s antracit sz\u00edn\u0171.\u00a0<span style=\"text-decoration: underline;\">El\u0151nyei:\u00a0<\/span>80%-os takar\u00e1st biztos\u00edt\u00f3 sz\u0151tt \u00e1rny\u00e9kol\u00f3 h\u00e1l\u00f3, melyet a ker\u00edt\u00e9sre vagy erk\u00e9lykorl\u00e1tra r\u00f6gz\u00edtve korl\u00e1tozhatjuk a bel\u00e1t\u00e1st, meg\u0151rizve a mag\u00e1nszf\u00e9r\u00e1nk nyugalm\u00e1t. Felfogja a szelet, de egyben l\u00e9g\u00e1tereszt\u0151 is. Az \u00e1rny\u00e9kol\u00f3 h\u00e1l\u00f3 felszerel\u00e9se, v\u00e1g\u00e1sa \u00e9s m\u00e9retre szab\u00e1sa egyszer\u0171, v\u00e1g\u00e1s ut\u00e1n sem bomlik.\u00a0<span style=\"text-decoration: underline;\">Jellemz\u0151i:\u00a0<\/span>R\u00f6gz\u00edts\u00fck a term\u00e9ket FIXATEX kapoccsal, vagy BRIDFIX gyorsk\u00f6t\u00f6z\u0151vel f\u00fcgg\u0151leges \u00e9s v\u00edzszintes ir\u00e1nyban is 50 cm-k\u00e9nt a stabil ker\u00edt\u00e9sen, korl\u00e1ton.\u00a0Anyaga: UV \u00e1ll\u00f3 HDPE, mely a napsug\u00e1rz\u00e1snak \u00e9s az id\u0151j\u00e1r\u00e1s viszontags\u00e1gainak is ellen\u00e1ll, j\u00f3 szak\u00edt\u00f3szil\u00e1rds\u00e1g\u00fa.\u00a0<span style=\"font-family: Ubuntu, serif;\">El\u00e9rhet\u0151 t\u00f6bbf\u00e9le m\u00e9retben \u00e9s \u00e1rban.\u00a0<\/span><b><span style=\"font-family: Ubuntu, serif;\">K\u00e9szlet\u00fcnk napi szinten v\u00e1ltozik, ez\u00e9rt k\u00e9rj\u00fck, \u00e9rdekl\u0151dj\u00f6n szem\u00e9lyesen, telefonon vagy email-en. A v\u00e1ltoztat\u00e1s jog\u00e1t fenntartjuk!\u00a0<\/span><\/b><\/span><\/h6>\n<p>&nbsp;<\/p>","protected":false},"excerpt":{"rendered":"<p>A Nortene bel\u00e1t\u00e1sg\u00e1tl\u00f3, EXTRANET sz\u0151tt \u00e1rny\u00e9kol\u00f3 h\u00e1l\u00f3 80%-os, 1,5m x 10m hossz\u00fa \u00e9s\u00a0 antracit sz\u00edn\u0171.<\/p>\n<p><span style=\"text-decoration: underline;\">El\u0151nyei:<\/span><\/p>\n<p>80%-os takar\u00e1st biztos\u00edt\u00f3 sz\u0151tt \u00e1rny\u00e9kol\u00f3 h\u00e1l\u00f3, melyet a ker\u00edt\u00e9sre vagy erk\u00e9lykorl\u00e1tra r\u00f6gz\u00edtve korl\u00e1tozhatjuk a bel\u00e1t\u00e1st, meg\u0151rizve a mag\u00e1nszf\u00e9r\u00e1nk nyugalm\u00e1t. Felfogja a szelet, de egyben l\u00e9g\u00e1tereszt\u0151 is. Az \u00e1rny\u00e9kol\u00f3 h\u00e1l\u00f3 felszerel\u00e9se, v\u00e1g\u00e1sa \u00e9s m\u00e9retre szab\u00e1sa egyszer\u0171, v\u00e1g\u00e1s ut\u00e1n sem bomlik.<\/p>\n<p><span style=\"text-decoration: underline;\">Jellemz\u0151i:<\/span><\/p>\n<p>R\u00f6gz\u00edts\u00fck a term\u00e9ket FIXATEX kapoccsal, vagy BRIDFIX gyorsk\u00f6t\u00f6z\u0151vel f\u00fcgg\u0151leges \u00e9s v\u00edzszintes ir\u00e1nyban is 50 cm-k\u00e9nt a stabil ker\u00edt\u00e9sen, korl\u00e1ton.<\/p>\n<p>Anyaga: UV \u00e1ll\u00f3 HDPE, mely a napsug\u00e1rz\u00e1snak \u00e9s az id\u0151j\u00e1r\u00e1s viszontags\u00e1gainak is ellen\u00e1ll, j\u00f3 szak\u00edt\u00f3szil\u00e1rds\u00e1g\u00fa.<\/p>","protected":false},"featured_media":2824,"template":"","meta":{"_et_pb_use_builder":"","_et_pb_old_content":"","_et_gb_content_width":""},"product_brand":[],"product_cat":[1063,3785],"product_tag":[1071,1067,1065,1072,1066,1064],"class_list":{"0":"post-2820","1":"product","2":"type-product","3":"status-publish","4":"has-post-thumbnail","6":"product_cat-belatasgatlas-arnyekolohalok","7":"product_cat-uj-termekek","8":"product_tag-1-5m","9":"product_tag-10-meter","10":"product_tag-1065","11":"product_tag-antracit","12":"product_tag-belatasgatlas","13":"product_tag-extranet","15":"first","16":"instock","17":"shipping-taxable","18":"purchasable","19":"product-type-simple"},"yoast_head":"<!-- This site is optimized with the Yoast SEO plugin v27.3 - https:\/\/yoast.com\/product\/yoast-seo-wordpress\/ -->\n<title>EXTRANET sz\u0151tt \u00e1rny\u00e9kol\u00f3 h\u00e1l\u00f3 80% 1,5 x 10m antracit sz\u00edn\u0171 (19) - T\u00e1jkert\u00e9sz<\/title>\n<meta name=\"description\" content=\"A Nortene bel\u00e1t\u00e1sg\u00e1tl\u00f3, EXTRANET sz\u0151tt \u00e1rny\u00e9kol\u00f3 h\u00e1l\u00f3 80%-os, 1,5m x 10m hossz\u00fa \u00e9s\u00a0 antracit sz\u00edn\u0171.\u00a0Anyaga UV \u00e1ll\u00f3 HDPE.\" \/>\n<meta name=\"robots\" content=\"index, follow, max-snippet:-1, max-image-preview:large, max-video-preview:-1\" \/>\n<link rel=\"canonical\" href=\"https:\/\/tajkertesz.com\/en_US\/product\/extranet-szott-arnyekolo-halo-80-15-x-10m-antracit-szinu\/\" \/>\n<meta property=\"og:locale\" content=\"en_US\" \/>\n<meta property=\"og:type\" content=\"article\" \/>\n<meta property=\"og:title\" content=\"EXTRANET sz\u0151tt \u00e1rny\u00e9kol\u00f3 h\u00e1l\u00f3 80% 1,5 x 10m antracit sz\u00edn\u0171 (19) - T\u00e1jkert\u00e9sz\" \/>\n<meta property=\"og:description\" content=\"A Nortene bel\u00e1t\u00e1sg\u00e1tl\u00f3, EXTRANET sz\u0151tt \u00e1rny\u00e9kol\u00f3 h\u00e1l\u00f3 80%-os, 1,5m x 10m hossz\u00fa \u00e9s\u00a0 antracit sz\u00edn\u0171.\u00a0Anyaga UV \u00e1ll\u00f3 HDPE.\" \/>\n<meta property=\"og:url\" content=\"https:\/\/tajkertesz.com\/en_US\/product\/extranet-szott-arnyekolo-halo-80-15-x-10m-antracit-szinu\/\" \/>\n<meta property=\"og:site_name\" content=\"T\u00e1jkert\u00e9sz\" \/>\n<meta property=\"article:publisher\" content=\"https:\/\/www.facebook.com\/Tajkertesz\/\" \/>\n<meta property=\"article:modified_time\" content=\"2025-07-16T14:21:10+00:00\" \/>\n<meta property=\"og:image\" content=\"https:\/\/tajkertesz.com\/wp-content\/uploads\/2020\/12\/antracit.jpg2_.png\" \/>\n\t<meta property=\"og:image:width\" content=\"600\" \/>\n\t<meta property=\"og:image:height\" content=\"600\" \/>\n\t<meta property=\"og:image:type\" content=\"image\/png\" \/>\n<meta name=\"twitter:card\" content=\"summary_large_image\" \/>\n<meta name=\"twitter:label1\" content=\"Est. reading time\" \/>\n\t<meta name=\"twitter:data1\" content=\"2 minutes\" \/>\n<script type=\"application\/ld+json\" class=\"yoast-schema-graph\">{\"@context\":\"https:\\\/\\\/schema.org\",\"@graph\":[{\"@type\":\"WebPage\",\"@id\":\"https:\\\/\\\/tajkertesz.com\\\/termek\\\/extranet-szott-arnyekolo-halo-80-15-x-10m-antracit-szinu\\\/\",\"url\":\"https:\\\/\\\/tajkertesz.com\\\/termek\\\/extranet-szott-arnyekolo-halo-80-15-x-10m-antracit-szinu\\\/\",\"name\":\"EXTRANET sz\u0151tt \u00e1rny\u00e9kol\u00f3 h\u00e1l\u00f3 80% 1,5 x 10m antracit sz\u00edn\u0171 (19) - T\u00e1jkert\u00e9sz\",\"isPartOf\":{\"@id\":\"https:\\\/\\\/tajkertesz.com\\\/#website\"},\"primaryImageOfPage\":{\"@id\":\"https:\\\/\\\/tajkertesz.com\\\/termek\\\/extranet-szott-arnyekolo-halo-80-15-x-10m-antracit-szinu\\\/#primaryimage\"},\"image\":{\"@id\":\"https:\\\/\\\/tajkertesz.com\\\/termek\\\/extranet-szott-arnyekolo-halo-80-15-x-10m-antracit-szinu\\\/#primaryimage\"},\"thumbnailUrl\":\"https:\\\/\\\/tajkertesz.com\\\/wp-content\\\/uploads\\\/2020\\\/12\\\/antracit.jpg2_.png\",\"datePublished\":\"2020-12-04T13:36:58+00:00\",\"dateModified\":\"2025-07-16T14:21:10+00:00\",\"description\":\"A Nortene bel\u00e1t\u00e1sg\u00e1tl\u00f3, EXTRANET sz\u0151tt \u00e1rny\u00e9kol\u00f3 h\u00e1l\u00f3 80%-os, 1,5m x 10m hossz\u00fa \u00e9s\u00a0 antracit sz\u00edn\u0171.\u00a0Anyaga UV \u00e1ll\u00f3 HDPE.\",\"breadcrumb\":{\"@id\":\"https:\\\/\\\/tajkertesz.com\\\/termek\\\/extranet-szott-arnyekolo-halo-80-15-x-10m-antracit-szinu\\\/#breadcrumb\"},\"inLanguage\":\"en-US\",\"potentialAction\":[{\"@type\":\"ReadAction\",\"target\":[\"https:\\\/\\\/tajkertesz.com\\\/termek\\\/extranet-szott-arnyekolo-halo-80-15-x-10m-antracit-szinu\\\/\"]}]},{\"@type\":\"ImageObject\",\"inLanguage\":\"en-US\",\"@id\":\"https:\\\/\\\/tajkertesz.com\\\/termek\\\/extranet-szott-arnyekolo-halo-80-15-x-10m-antracit-szinu\\\/#primaryimage\",\"url\":\"https:\\\/\\\/tajkertesz.com\\\/wp-content\\\/uploads\\\/2020\\\/12\\\/antracit.jpg2_.png\",\"contentUrl\":\"https:\\\/\\\/tajkertesz.com\\\/wp-content\\\/uploads\\\/2020\\\/12\\\/antracit.jpg2_.png\",\"width\":600,\"height\":600},{\"@type\":\"BreadcrumbList\",\"@id\":\"https:\\\/\\\/tajkertesz.com\\\/termek\\\/extranet-szott-arnyekolo-halo-80-15-x-10m-antracit-szinu\\\/#breadcrumb\",\"itemListElement\":[{\"@type\":\"ListItem\",\"position\":1,\"name\":\"Home\",\"item\":\"https:\\\/\\\/tajkertesz.com\\\/\"},{\"@type\":\"ListItem\",\"position\":2,\"name\":\"Kezd\u0151lap\",\"item\":\"https:\\\/\\\/tajkertesz.com\\\/\"},{\"@type\":\"ListItem\",\"position\":3,\"name\":\"EXTRANET sz\u0151tt \u00e1rny\u00e9kol\u00f3 h\u00e1l\u00f3 80% 1,5 x 10m antracit sz\u00edn\u0171 (19)\"}]},{\"@type\":\"WebSite\",\"@id\":\"https:\\\/\\\/tajkertesz.com\\\/#website\",\"url\":\"https:\\\/\\\/tajkertesz.com\\\/\",\"name\":\"T\u00e1j-Kert\u00e9sz 84 Kft.\",\"description\":\"Kert\u00e9szeti kis- \u00e9s nagykeresked\u00e9s, D\u00edszn\u00f6v\u00e9ny web\u00e1ruh\u00e1z orsz\u00e1gos h\u00e1zhozsz\u00e1ll\u00edt\u00e1ssal!\",\"publisher\":{\"@id\":\"https:\\\/\\\/tajkertesz.com\\\/#organization\"},\"potentialAction\":[{\"@type\":\"SearchAction\",\"target\":{\"@type\":\"EntryPoint\",\"urlTemplate\":\"https:\\\/\\\/tajkertesz.com\\\/?s={search_term_string}\"},\"query-input\":{\"@type\":\"PropertyValueSpecification\",\"valueRequired\":true,\"valueName\":\"search_term_string\"}}],\"inLanguage\":\"en-US\"},{\"@type\":\"Organization\",\"@id\":\"https:\\\/\\\/tajkertesz.com\\\/#organization\",\"name\":\"T\u00e1j-Kert\u00e9sz 84 Kft.\",\"url\":\"https:\\\/\\\/tajkertesz.com\\\/\",\"logo\":{\"@type\":\"ImageObject\",\"inLanguage\":\"en-US\",\"@id\":\"https:\\\/\\\/tajkertesz.com\\\/#\\\/schema\\\/logo\\\/image\\\/\",\"url\":\"https:\\\/\\\/tajkertesz.com\\\/wp-content\\\/uploads\\\/2018\\\/02\\\/logo-2-e1518678052539.png\",\"contentUrl\":\"https:\\\/\\\/tajkertesz.com\\\/wp-content\\\/uploads\\\/2018\\\/02\\\/logo-2-e1518678052539.png\",\"width\":81,\"height\":140,\"caption\":\"T\u00e1j-Kert\u00e9sz 84 Kft.\"},\"image\":{\"@id\":\"https:\\\/\\\/tajkertesz.com\\\/#\\\/schema\\\/logo\\\/image\\\/\"},\"sameAs\":[\"https:\\\/\\\/www.facebook.com\\\/Tajkertesz\\\/\"]}]}<\/script>\n<!-- \/ Yoast SEO plugin. -->","yoast_head_json":{"title":"EXTRANET sz\u0151tt \u00e1rny\u00e9kol\u00f3 h\u00e1l\u00f3 80% 1,5 x 10m antracit sz\u00edn\u0171 (19) - T\u00e1jkert\u00e9sz","description":"A Nortene bel\u00e1t\u00e1sg\u00e1tl\u00f3, EXTRANET sz\u0151tt \u00e1rny\u00e9kol\u00f3 h\u00e1l\u00f3 80%-os, 1,5m x 10m hossz\u00fa \u00e9s\u00a0 antracit sz\u00edn\u0171.\u00a0Anyaga UV \u00e1ll\u00f3 HDPE.","robots":{"index":"index","follow":"follow","max-snippet":"max-snippet:-1","max-image-preview":"max-image-preview:large","max-video-preview":"max-video-preview:-1"},"canonical":"https:\/\/tajkertesz.com\/en_US\/product\/extranet-szott-arnyekolo-halo-80-15-x-10m-antracit-szinu\/","og_locale":"en_US","og_type":"article","og_title":"EXTRANET sz\u0151tt \u00e1rny\u00e9kol\u00f3 h\u00e1l\u00f3 80% 1,5 x 10m antracit sz\u00edn\u0171 (19) - T\u00e1jkert\u00e9sz","og_description":"A Nortene bel\u00e1t\u00e1sg\u00e1tl\u00f3, EXTRANET sz\u0151tt \u00e1rny\u00e9kol\u00f3 h\u00e1l\u00f3 80%-os, 1,5m x 10m hossz\u00fa \u00e9s\u00a0 antracit sz\u00edn\u0171.\u00a0Anyaga UV \u00e1ll\u00f3 HDPE.","og_url":"https:\/\/tajkertesz.com\/en_US\/product\/extranet-szott-arnyekolo-halo-80-15-x-10m-antracit-szinu\/","og_site_name":"T\u00e1jkert\u00e9sz","article_publisher":"https:\/\/www.facebook.com\/Tajkertesz\/","article_modified_time":"2025-07-16T14:21:10+00:00","og_image":[{"width":600,"height":600,"url":"https:\/\/tajkertesz.com\/wp-content\/uploads\/2020\/12\/antracit.jpg2_.png","type":"image\/png"}],"twitter_card":"summary_large_image","twitter_misc":{"Est. reading time":"2 minutes"},"schema":{"@context":"https:\/\/schema.org","@graph":[{"@type":"WebPage","@id":"https:\/\/tajkertesz.com\/termek\/extranet-szott-arnyekolo-halo-80-15-x-10m-antracit-szinu\/","url":"https:\/\/tajkertesz.com\/termek\/extranet-szott-arnyekolo-halo-80-15-x-10m-antracit-szinu\/","name":"EXTRANET sz\u0151tt \u00e1rny\u00e9kol\u00f3 h\u00e1l\u00f3 80% 1,5 x 10m antracit sz\u00edn\u0171 (19) - T\u00e1jkert\u00e9sz","isPartOf":{"@id":"https:\/\/tajkertesz.com\/#website"},"primaryImageOfPage":{"@id":"https:\/\/tajkertesz.com\/termek\/extranet-szott-arnyekolo-halo-80-15-x-10m-antracit-szinu\/#primaryimage"},"image":{"@id":"https:\/\/tajkertesz.com\/termek\/extranet-szott-arnyekolo-halo-80-15-x-10m-antracit-szinu\/#primaryimage"},"thumbnailUrl":"https:\/\/tajkertesz.com\/wp-content\/uploads\/2020\/12\/antracit.jpg2_.png","datePublished":"2020-12-04T13:36:58+00:00","dateModified":"2025-07-16T14:21:10+00:00","description":"A Nortene bel\u00e1t\u00e1sg\u00e1tl\u00f3, EXTRANET sz\u0151tt \u00e1rny\u00e9kol\u00f3 h\u00e1l\u00f3 80%-os, 1,5m x 10m hossz\u00fa \u00e9s\u00a0 antracit sz\u00edn\u0171.\u00a0Anyaga UV \u00e1ll\u00f3 HDPE.","breadcrumb":{"@id":"https:\/\/tajkertesz.com\/termek\/extranet-szott-arnyekolo-halo-80-15-x-10m-antracit-szinu\/#breadcrumb"},"inLanguage":"en-US","potentialAction":[{"@type":"ReadAction","target":["https:\/\/tajkertesz.com\/termek\/extranet-szott-arnyekolo-halo-80-15-x-10m-antracit-szinu\/"]}]},{"@type":"ImageObject","inLanguage":"en-US","@id":"https:\/\/tajkertesz.com\/termek\/extranet-szott-arnyekolo-halo-80-15-x-10m-antracit-szinu\/#primaryimage","url":"https:\/\/tajkertesz.com\/wp-content\/uploads\/2020\/12\/antracit.jpg2_.png","contentUrl":"https:\/\/tajkertesz.com\/wp-content\/uploads\/2020\/12\/antracit.jpg2_.png","width":600,"height":600},{"@type":"BreadcrumbList","@id":"https:\/\/tajkertesz.com\/termek\/extranet-szott-arnyekolo-halo-80-15-x-10m-antracit-szinu\/#breadcrumb","itemListElement":[{"@type":"ListItem","position":1,"name":"Home","item":"https:\/\/tajkertesz.com\/"},{"@type":"ListItem","position":2,"name":"Kezd\u0151lap","item":"https:\/\/tajkertesz.com\/"},{"@type":"ListItem","position":3,"name":"EXTRANET sz\u0151tt \u00e1rny\u00e9kol\u00f3 h\u00e1l\u00f3 80% 1,5 x 10m antracit sz\u00edn\u0171 (19)"}]},{"@type":"WebSite","@id":"https:\/\/tajkertesz.com\/#website","url":"https:\/\/tajkertesz.com\/","name":"T\u00e1j-Kert\u00e9sz 84 Kft.","description":"Kert\u00e9szeti kis- \u00e9s nagykeresked\u00e9s, D\u00edszn\u00f6v\u00e9ny web\u00e1ruh\u00e1z orsz\u00e1gos h\u00e1zhozsz\u00e1ll\u00edt\u00e1ssal!","publisher":{"@id":"https:\/\/tajkertesz.com\/#organization"},"potentialAction":[{"@type":"SearchAction","target":{"@type":"EntryPoint","urlTemplate":"https:\/\/tajkertesz.com\/?s={search_term_string}"},"query-input":{"@type":"PropertyValueSpecification","valueRequired":true,"valueName":"search_term_string"}}],"inLanguage":"en-US"},{"@type":"Organization","@id":"https:\/\/tajkertesz.com\/#organization","name":"T\u00e1j-Kert\u00e9sz 84 Kft.","url":"https:\/\/tajkertesz.com\/","logo":{"@type":"ImageObject","inLanguage":"en-US","@id":"https:\/\/tajkertesz.com\/#\/schema\/logo\/image\/","url":"https:\/\/tajkertesz.com\/wp-content\/uploads\/2018\/02\/logo-2-e1518678052539.png","contentUrl":"https:\/\/tajkertesz.com\/wp-content\/uploads\/2018\/02\/logo-2-e1518678052539.png","width":81,"height":140,"caption":"T\u00e1j-Kert\u00e9sz 84 Kft."},"image":{"@id":"https:\/\/tajkertesz.com\/#\/schema\/logo\/image\/"},"sameAs":["https:\/\/www.facebook.com\/Tajkertesz\/"]}]}},"_links":{"self":[{"href":"https:\/\/tajkertesz.com\/en_US\/wp-json\/wp\/v2\/product\/2820","targetHints":{"allow":["GET"]}}],"collection":[{"href":"https:\/\/tajkertesz.com\/en_US\/wp-json\/wp\/v2\/product"}],"about":[{"href":"https:\/\/tajkertesz.com\/en_US\/wp-json\/wp\/v2\/types\/product"}],"wp:featuredmedia":[{"embeddable":true,"href":"https:\/\/tajkertesz.com\/en_US\/wp-json\/wp\/v2\/media\/2824"}],"wp:attachment":[{"href":"https:\/\/tajkertesz.com\/en_US\/wp-json\/wp\/v2\/media?parent=2820"}],"wp:term":[{"taxonomy":"product_brand","embeddable":true,"href":"https:\/\/tajkertesz.com\/en_US\/wp-json\/wp\/v2\/product_brand?post=2820"},{"taxonomy":"product_cat","embeddable":true,"href":"https:\/\/tajkertesz.com\/en_US\/wp-json\/wp\/v2\/product_cat?post=2820"},{"taxonomy":"product_tag","embeddable":true,"href":"https:\/\/tajkertesz.com\/en_US\/wp-json\/wp\/v2\/product_tag?post=2820"}],"curies":[{"name":"wp","href":"https:\/\/api.w.org\/{rel}","templated":true}]}}