{"id":2862,"date":"2020-12-09T10:41:49","date_gmt":"2020-12-09T10:41:49","guid":{"rendered":"https:\/\/tajkertesz.com\/?post_type=product&#038;p=2862"},"modified":"2025-07-17T14:50:10","modified_gmt":"2025-07-17T14:50:10","slug":"nortene-bridfix-14-cm-es-50-db-os-univerzalis-gyorskotozo-3","status":"publish","type":"product","link":"https:\/\/tajkertesz.com\/en_US\/product\/nortene-bridfix-14-cm-es-50-db-os-univerzalis-gyorskotozo-3\/","title":{"rendered":"Nortene Bridfix 14 cm-es 50 db-os univerz\u00e1lis gyorsk\u00f6t\u00f6z\u0151,fekete"},"content":{"rendered":"<h3>Nortene Bridfix 14 cm-es 50 db-os univerz\u00e1lis gyorsk\u00f6t\u00f6z\u0151 fekete sz\u00edn\u0171<\/h3>\n<p>A Nortene Bridfix 14 cm-es 50 db-os univerz\u00e1lis gyorsk\u00f6t\u00f6z\u0151 fekete sz\u00edn\u0171\u00a0 ide\u00e1lis \u00e1rny\u00e9kol\u00f3, sz\u00e9lv\u00e9d\u0151 \u00e9s bel\u00e1t\u00e1s g\u00e1tl\u00f3 h\u00e1l\u00f3k r\u00f6gz\u00edt\u00e9s\u00e9hez.<\/p>\n<p>Haszn\u00e1lja a t\u00f6k\u00e9letes r\u00f6gz\u00edt\u00e9shez ezt a m\u0171anyag gyorsk\u00f6t\u00f6z\u0151t, mely seg\u00edts\u00e9g\u00e9vel a kerti h\u00e1l\u00f3 ellen\u00e1ll a sz\u00e9lnek is. Beh\u00faz\u00e1s ut\u00e1n nem nyithat\u00f3 ki.<\/p>\n<p>Egyszer\u0171en alkalmazhat\u00f3, lehet\u0151v\u00e9 teszik, hogy a ker\u00edt\u00e9s mindenf\u00e9le elemhez kapcsol\u00f3djon: dr\u00f3tker\u00edt\u00e9s, horganyzott f\u00e9mr\u00e1cs, l\u00e9cker\u00edt\u00e9s, ap\u00e1car\u00e1cs.<\/p>\n<p>Anyaga: m\u0171anyag, sz\u00edne z\u00f6ld, UV \u00e1ll\u00f3, \u00edgy a k\u00e1ros napsug\u00e1rz\u00e1snak ellen \u00e1ll<\/p>\n<p>Hossza: 14 cm.<\/p>\n<p>A csomag tartalma:50 db<\/p>\n<p>Cikksz\u00e1ma: 147125<\/p>\n<p>El\u00e9rhet\u0151 t\u00f6bbf\u00e9le m\u00e9retben sz\u00ednben \u00e9s \u00e1rban.<\/p>\n<p><strong>K\u00e9szlet\u00fcnk napi szinten v\u00e1ltozik, ez\u00e9rt k\u00e9rj\u00fck, \u00e9rdekl\u0151dj\u00f6n szem\u00e9lyesen, telefonon vagy email-en.<br \/>\nA v\u00e1ltoztat\u00e1s jog\u00e1t fenntartjuk!\u00a0<\/strong><\/p>\n<p><em>\u00a0<\/em><\/p>\n<p><em>\u00a0<\/em><a href=\"https:\/\/tajkertesz.com\/\">https:\/\/tajkertesz.com\/<\/a><\/p>\n<p><a href=\"https:\/\/www.nortene.hu\/\">https:\/\/www.nortene.hu\/<\/a><\/p>\n<p><span style=\"color: #ffffff;\">Haszn\u00e1lja a t\u00f6k\u00e9letes r\u00f6gz\u00edt\u00e9shez ezt a m\u0171anyag gyorsk\u00f6t\u00f6z\u0151t, mely seg\u00edts\u00e9g\u00e9vel a kerti h\u00e1l\u00f3 ellen\u00e1ll a sz\u00e9lnek is. Beh\u00faz\u00e1s ut\u00e1n nem nyithat\u00f3 ki.<\/span><\/p>\n<p><span style=\"color: #ffffff;\">Egyszer\u0171en alkalmazhat\u00f3, lehet\u0151v\u00e9 teszik, hogy a ker\u00edt\u00e9s mindenf\u00e9le elemhez kapcsol\u00f3djon: dr\u00f3tker\u00edt\u00e9s, horganyzott f\u00e9mr\u00e1cs, l\u00e9cker\u00edt\u00e9s, ap\u00e1car\u00e1cs.<\/span><\/p>\n<p><span style=\"color: #ffffff;\">Anyaga: m\u0171anyag, sz\u00edne z\u00f6ld, UV \u00e1ll\u00f3, \u00edgy a k\u00e1ros napsug\u00e1rz\u00e1snak ellen \u00e1ll<\/span><\/p>\n<p><span style=\"color: #ffffff;\">Hossza: 14 cm.<\/span><\/p>\n<p><span style=\"color: #ffffff;\">A csomag tartalma:50 db<\/span><\/p>\n<p><span style=\"color: #ffffff;\">El\u00e9rhet\u0151 t\u00f6bbf\u00e9le m\u00e9retben \u00e9s \u00e1rban.<\/span><\/p>\n<p><span style=\"color: #ffffff;\"><strong>K\u00e9szlet\u00fcnk napi szinten v\u00e1ltozik, ez\u00e9rt k\u00e9rj\u00fck, \u00e9rdekl\u0151dj\u00f6n szem\u00e9lyesen, telefonon vagy email-en.<br \/>\nA v\u00e1ltoztat\u00e1s jog\u00e1t fenntartjuk!\u00a0<\/strong><\/span><\/p>\n<p><span style=\"color: #ffffff;\">Haszn\u00e1lja a t\u00f6k\u00e9letes r\u00f6gz\u00edt\u00e9shez ezt a m\u0171anyag gyorsk\u00f6t\u00f6z\u0151t, mely seg\u00edts\u00e9g\u00e9vel a kerti h\u00e1l\u00f3 ellen\u00e1ll a sz\u00e9lnek is. Beh\u00faz\u00e1s ut\u00e1n nem nyithat\u00f3 ki.<\/span><\/p>\n<p><span style=\"color: #ffffff;\">Egyszer\u0171en alkalmazhat\u00f3, lehet\u0151v\u00e9 teszik, hogy a ker\u00edt\u00e9s mindenf\u00e9le elemhez kapcsol\u00f3djon: dr\u00f3tker\u00edt\u00e9s, horganyzott f\u00e9mr\u00e1cs, l\u00e9cker\u00edt\u00e9s, ap\u00e1car\u00e1cs.<\/span><\/p>\n<p><span style=\"color: #ffffff;\">Anyaga: m\u0171anyag, sz\u00edne z\u00f6ld, UV \u00e1ll\u00f3, \u00edgy a k\u00e1ros napsug\u00e1rz\u00e1snak ellen \u00e1ll<\/span><\/p>\n<p><span style=\"color: #ffffff;\">Hossza: 14 cm.<\/span><\/p>\n<p><span style=\"color: #ffffff;\">A csomag tartalma:50 db<\/span><\/p>\n<p><span style=\"color: #ffffff;\">El\u00e9rhet\u0151 t\u00f6bbf\u00e9le m\u00e9retben \u00e9s \u00e1rban.<\/span><\/p>\n<p><span style=\"color: #ffffff;\"><strong>K\u00e9szlet\u00fcnk napi szinten v\u00e1ltozik, ez\u00e9rt k\u00e9rj\u00fck, \u00e9rdekl\u0151dj\u00f6n szem\u00e9lyesen, telefonon vagy email-en.<br \/>\nA v\u00e1ltoztat\u00e1s jog\u00e1t fenntartjuk!\u00a0<\/strong><\/span><\/p>\n<p>&nbsp;<\/p>","protected":false},"excerpt":{"rendered":"<p>A Nortene Bridfix 14 cm-es 50 db-os univerz\u00e1lis gyorsk\u00f6t\u00f6z\u0151 fekete sz\u00edn\u0171\u00a0 ide\u00e1lis \u00e1rny\u00e9kol\u00f3, sz\u00e9lv\u00e9d\u0151 \u00e9s bel\u00e1t\u00e1s g\u00e1tl\u00f3 h\u00e1l\u00f3k r\u00f6gz\u00edt\u00e9s\u00e9hez.<\/p>\n<p>Haszn\u00e1lja a t\u00f6k\u00e9letes r\u00f6gz\u00edt\u00e9shez ezt a m\u0171anyag gyorsk\u00f6t\u00f6z\u0151t, mely seg\u00edts\u00e9g\u00e9vel a kerti h\u00e1l\u00f3 ellen\u00e1ll a sz\u00e9lnek is. Beh\u00faz\u00e1s ut\u00e1n nem nyithat\u00f3 ki.<\/p>\n<p>Egyszer\u0171en alkalmazhat\u00f3, lehet\u0151v\u00e9 teszik, hogy a ker\u00edt\u00e9s mindenf\u00e9le elemhez kapcsol\u00f3djon: dr\u00f3tker\u00edt\u00e9s, horganyzott f\u00e9mr\u00e1cs, l\u00e9cker\u00edt\u00e9s, ap\u00e1car\u00e1cs.<\/p>\n<p>Anyaga: m\u0171anyag, sz\u00edne z\u00f6ld, UV \u00e1ll\u00f3, \u00edgy a k\u00e1ros napsug\u00e1rz\u00e1snak ellen \u00e1ll<\/p>\n<p>Hossza: 14 cm.<\/p>\n<p>A csomag tartalma:50 db<\/p>\n<p>El\u00e9rhet\u0151 t\u00f6bbf\u00e9le m\u00e9retben sz\u00ednben \u00e9s \u00e1rban.<\/p>\n<p><strong>K\u00e9szlet\u00fcnk napi szinten v\u00e1ltozik, ez\u00e9rt k\u00e9rj\u00fck, \u00e9rdekl\u0151dj\u00f6n szem\u00e9lyesen, telefonon vagy email-en.<br \/>\nA v\u00e1ltoztat\u00e1s jog\u00e1t fenntartjuk!\u00a0<\/strong><\/p>","protected":false},"featured_media":23973,"template":"","meta":{"_et_pb_use_builder":"","_et_pb_old_content":"","_et_gb_content_width":""},"product_brand":[],"product_cat":[1526],"product_tag":[1083,1082,745,1085,943,1086,1084],"class_list":{"0":"post-2862","1":"product","2":"type-product","3":"status-publish","4":"has-post-thumbnail","6":"product_cat-kotozok","7":"product_tag-14-cm","8":"product_tag-bridfix","9":"product_tag-fekete","10":"product_tag-gyorskotozo","11":"product_tag-nortene","12":"product_tag-univerzalis-gyorskotozo","13":"product_tag-uv-ellenallo","15":"first","16":"instock","17":"shipping-taxable","18":"purchasable","19":"product-type-simple"},"yoast_head":"<!-- This site is optimized with the Yoast SEO plugin v27.3 - https:\/\/yoast.com\/product\/yoast-seo-wordpress\/ -->\n<title>Nortene Bridfix 14 cm-es 50 db-os univerz\u00e1lis gyorsk\u00f6t\u00f6z\u0151,fekete - T\u00e1jkert\u00e9sz<\/title>\n<meta name=\"description\" content=\"A Nortene Bridfix 14 cm-es 50 db-os univerz\u00e1lis gyorsk\u00f6t\u00f6z\u0151 fekete sz\u00edn\u0171 ide\u00e1lis \u00e1rny\u00e9kol\u00f3, sz\u00e9lv\u00e9d\u0151 \u00e9s bel\u00e1t\u00e1s g\u00e1tl\u00f3 h\u00e1l\u00f3k r\u00f6gz\u00edt\u00e9s\u00e9hez.\" \/>\n<meta name=\"robots\" content=\"index, follow, max-snippet:-1, max-image-preview:large, max-video-preview:-1\" \/>\n<link rel=\"canonical\" href=\"https:\/\/tajkertesz.com\/en_US\/product\/nortene-bridfix-14-cm-es-50-db-os-univerzalis-gyorskotozo-3\/\" \/>\n<meta property=\"og:locale\" content=\"en_US\" \/>\n<meta property=\"og:type\" content=\"article\" \/>\n<meta property=\"og:title\" content=\"Nortene Bridfix 14 cm-es 50 db-os univerz\u00e1lis gyorsk\u00f6t\u00f6z\u0151,fekete - T\u00e1jkert\u00e9sz\" \/>\n<meta property=\"og:description\" content=\"A Nortene Bridfix 14 cm-es 50 db-os univerz\u00e1lis gyorsk\u00f6t\u00f6z\u0151 fekete sz\u00edn\u0171 ide\u00e1lis \u00e1rny\u00e9kol\u00f3, sz\u00e9lv\u00e9d\u0151 \u00e9s bel\u00e1t\u00e1s g\u00e1tl\u00f3 h\u00e1l\u00f3k r\u00f6gz\u00edt\u00e9s\u00e9hez.\" \/>\n<meta property=\"og:url\" content=\"https:\/\/tajkertesz.com\/en_US\/product\/nortene-bridfix-14-cm-es-50-db-os-univerzalis-gyorskotozo-3\/\" \/>\n<meta property=\"og:site_name\" content=\"T\u00e1jkert\u00e9sz\" \/>\n<meta property=\"article:publisher\" content=\"https:\/\/www.facebook.com\/Tajkertesz\/\" \/>\n<meta property=\"article:modified_time\" content=\"2025-07-17T14:50:10+00:00\" \/>\n<meta property=\"og:image\" content=\"https:\/\/tajkertesz.com\/wp-content\/uploads\/2020\/12\/Bridfix-fekete.webp2_.webp\" \/>\n\t<meta property=\"og:image:width\" content=\"570\" \/>\n\t<meta property=\"og:image:height\" content=\"570\" \/>\n\t<meta property=\"og:image:type\" content=\"image\/webp\" \/>\n<meta name=\"twitter:card\" content=\"summary_large_image\" \/>\n<meta name=\"twitter:label1\" content=\"Est. reading time\" \/>\n\t<meta name=\"twitter:data1\" content=\"2 minutes\" \/>\n<script type=\"application\/ld+json\" class=\"yoast-schema-graph\">{\"@context\":\"https:\\\/\\\/schema.org\",\"@graph\":[{\"@type\":\"WebPage\",\"@id\":\"https:\\\/\\\/tajkertesz.com\\\/termek\\\/nortene-bridfix-14-cm-es-50-db-os-univerzalis-gyorskotozo-3\\\/\",\"url\":\"https:\\\/\\\/tajkertesz.com\\\/termek\\\/nortene-bridfix-14-cm-es-50-db-os-univerzalis-gyorskotozo-3\\\/\",\"name\":\"Nortene Bridfix 14 cm-es 50 db-os univerz\u00e1lis gyorsk\u00f6t\u00f6z\u0151,fekete - T\u00e1jkert\u00e9sz\",\"isPartOf\":{\"@id\":\"https:\\\/\\\/tajkertesz.com\\\/#website\"},\"primaryImageOfPage\":{\"@id\":\"https:\\\/\\\/tajkertesz.com\\\/termek\\\/nortene-bridfix-14-cm-es-50-db-os-univerzalis-gyorskotozo-3\\\/#primaryimage\"},\"image\":{\"@id\":\"https:\\\/\\\/tajkertesz.com\\\/termek\\\/nortene-bridfix-14-cm-es-50-db-os-univerzalis-gyorskotozo-3\\\/#primaryimage\"},\"thumbnailUrl\":\"https:\\\/\\\/tajkertesz.com\\\/wp-content\\\/uploads\\\/2020\\\/12\\\/Bridfix-fekete.webp2_.webp\",\"datePublished\":\"2020-12-09T10:41:49+00:00\",\"dateModified\":\"2025-07-17T14:50:10+00:00\",\"description\":\"A Nortene Bridfix 14 cm-es 50 db-os univerz\u00e1lis gyorsk\u00f6t\u00f6z\u0151 fekete sz\u00edn\u0171 ide\u00e1lis \u00e1rny\u00e9kol\u00f3, sz\u00e9lv\u00e9d\u0151 \u00e9s bel\u00e1t\u00e1s g\u00e1tl\u00f3 h\u00e1l\u00f3k r\u00f6gz\u00edt\u00e9s\u00e9hez.\",\"breadcrumb\":{\"@id\":\"https:\\\/\\\/tajkertesz.com\\\/termek\\\/nortene-bridfix-14-cm-es-50-db-os-univerzalis-gyorskotozo-3\\\/#breadcrumb\"},\"inLanguage\":\"en-US\",\"potentialAction\":[{\"@type\":\"ReadAction\",\"target\":[\"https:\\\/\\\/tajkertesz.com\\\/termek\\\/nortene-bridfix-14-cm-es-50-db-os-univerzalis-gyorskotozo-3\\\/\"]}]},{\"@type\":\"ImageObject\",\"inLanguage\":\"en-US\",\"@id\":\"https:\\\/\\\/tajkertesz.com\\\/termek\\\/nortene-bridfix-14-cm-es-50-db-os-univerzalis-gyorskotozo-3\\\/#primaryimage\",\"url\":\"https:\\\/\\\/tajkertesz.com\\\/wp-content\\\/uploads\\\/2020\\\/12\\\/Bridfix-fekete.webp2_.webp\",\"contentUrl\":\"https:\\\/\\\/tajkertesz.com\\\/wp-content\\\/uploads\\\/2020\\\/12\\\/Bridfix-fekete.webp2_.webp\",\"width\":570,\"height\":570},{\"@type\":\"BreadcrumbList\",\"@id\":\"https:\\\/\\\/tajkertesz.com\\\/termek\\\/nortene-bridfix-14-cm-es-50-db-os-univerzalis-gyorskotozo-3\\\/#breadcrumb\",\"itemListElement\":[{\"@type\":\"ListItem\",\"position\":1,\"name\":\"Home\",\"item\":\"https:\\\/\\\/tajkertesz.com\\\/\"},{\"@type\":\"ListItem\",\"position\":2,\"name\":\"Kezd\u0151lap\",\"item\":\"https:\\\/\\\/tajkertesz.com\\\/\"},{\"@type\":\"ListItem\",\"position\":3,\"name\":\"Nortene Bridfix 14 cm-es 50 db-os univerz\u00e1lis gyorsk\u00f6t\u00f6z\u0151,fekete\"}]},{\"@type\":\"WebSite\",\"@id\":\"https:\\\/\\\/tajkertesz.com\\\/#website\",\"url\":\"https:\\\/\\\/tajkertesz.com\\\/\",\"name\":\"T\u00e1j-Kert\u00e9sz 84 Kft.\",\"description\":\"Kert\u00e9szeti kis- \u00e9s nagykeresked\u00e9s, D\u00edszn\u00f6v\u00e9ny web\u00e1ruh\u00e1z orsz\u00e1gos h\u00e1zhozsz\u00e1ll\u00edt\u00e1ssal!\",\"publisher\":{\"@id\":\"https:\\\/\\\/tajkertesz.com\\\/#organization\"},\"potentialAction\":[{\"@type\":\"SearchAction\",\"target\":{\"@type\":\"EntryPoint\",\"urlTemplate\":\"https:\\\/\\\/tajkertesz.com\\\/?s={search_term_string}\"},\"query-input\":{\"@type\":\"PropertyValueSpecification\",\"valueRequired\":true,\"valueName\":\"search_term_string\"}}],\"inLanguage\":\"en-US\"},{\"@type\":\"Organization\",\"@id\":\"https:\\\/\\\/tajkertesz.com\\\/#organization\",\"name\":\"T\u00e1j-Kert\u00e9sz 84 Kft.\",\"url\":\"https:\\\/\\\/tajkertesz.com\\\/\",\"logo\":{\"@type\":\"ImageObject\",\"inLanguage\":\"en-US\",\"@id\":\"https:\\\/\\\/tajkertesz.com\\\/#\\\/schema\\\/logo\\\/image\\\/\",\"url\":\"https:\\\/\\\/tajkertesz.com\\\/wp-content\\\/uploads\\\/2018\\\/02\\\/logo-2-e1518678052539.png\",\"contentUrl\":\"https:\\\/\\\/tajkertesz.com\\\/wp-content\\\/uploads\\\/2018\\\/02\\\/logo-2-e1518678052539.png\",\"width\":81,\"height\":140,\"caption\":\"T\u00e1j-Kert\u00e9sz 84 Kft.\"},\"image\":{\"@id\":\"https:\\\/\\\/tajkertesz.com\\\/#\\\/schema\\\/logo\\\/image\\\/\"},\"sameAs\":[\"https:\\\/\\\/www.facebook.com\\\/Tajkertesz\\\/\"]}]}<\/script>\n<!-- \/ Yoast SEO plugin. -->","yoast_head_json":{"title":"Nortene Bridfix 14 cm-es 50 db-os univerz\u00e1lis gyorsk\u00f6t\u00f6z\u0151,fekete - T\u00e1jkert\u00e9sz","description":"A Nortene Bridfix 14 cm-es 50 db-os univerz\u00e1lis gyorsk\u00f6t\u00f6z\u0151 fekete sz\u00edn\u0171 ide\u00e1lis \u00e1rny\u00e9kol\u00f3, sz\u00e9lv\u00e9d\u0151 \u00e9s bel\u00e1t\u00e1s g\u00e1tl\u00f3 h\u00e1l\u00f3k r\u00f6gz\u00edt\u00e9s\u00e9hez.","robots":{"index":"index","follow":"follow","max-snippet":"max-snippet:-1","max-image-preview":"max-image-preview:large","max-video-preview":"max-video-preview:-1"},"canonical":"https:\/\/tajkertesz.com\/en_US\/product\/nortene-bridfix-14-cm-es-50-db-os-univerzalis-gyorskotozo-3\/","og_locale":"en_US","og_type":"article","og_title":"Nortene Bridfix 14 cm-es 50 db-os univerz\u00e1lis gyorsk\u00f6t\u00f6z\u0151,fekete - T\u00e1jkert\u00e9sz","og_description":"A Nortene Bridfix 14 cm-es 50 db-os univerz\u00e1lis gyorsk\u00f6t\u00f6z\u0151 fekete sz\u00edn\u0171 ide\u00e1lis \u00e1rny\u00e9kol\u00f3, sz\u00e9lv\u00e9d\u0151 \u00e9s bel\u00e1t\u00e1s g\u00e1tl\u00f3 h\u00e1l\u00f3k r\u00f6gz\u00edt\u00e9s\u00e9hez.","og_url":"https:\/\/tajkertesz.com\/en_US\/product\/nortene-bridfix-14-cm-es-50-db-os-univerzalis-gyorskotozo-3\/","og_site_name":"T\u00e1jkert\u00e9sz","article_publisher":"https:\/\/www.facebook.com\/Tajkertesz\/","article_modified_time":"2025-07-17T14:50:10+00:00","og_image":[{"width":570,"height":570,"url":"https:\/\/tajkertesz.com\/wp-content\/uploads\/2020\/12\/Bridfix-fekete.webp2_.webp","type":"image\/webp"}],"twitter_card":"summary_large_image","twitter_misc":{"Est. reading time":"2 minutes"},"schema":{"@context":"https:\/\/schema.org","@graph":[{"@type":"WebPage","@id":"https:\/\/tajkertesz.com\/termek\/nortene-bridfix-14-cm-es-50-db-os-univerzalis-gyorskotozo-3\/","url":"https:\/\/tajkertesz.com\/termek\/nortene-bridfix-14-cm-es-50-db-os-univerzalis-gyorskotozo-3\/","name":"Nortene Bridfix 14 cm-es 50 db-os univerz\u00e1lis gyorsk\u00f6t\u00f6z\u0151,fekete - T\u00e1jkert\u00e9sz","isPartOf":{"@id":"https:\/\/tajkertesz.com\/#website"},"primaryImageOfPage":{"@id":"https:\/\/tajkertesz.com\/termek\/nortene-bridfix-14-cm-es-50-db-os-univerzalis-gyorskotozo-3\/#primaryimage"},"image":{"@id":"https:\/\/tajkertesz.com\/termek\/nortene-bridfix-14-cm-es-50-db-os-univerzalis-gyorskotozo-3\/#primaryimage"},"thumbnailUrl":"https:\/\/tajkertesz.com\/wp-content\/uploads\/2020\/12\/Bridfix-fekete.webp2_.webp","datePublished":"2020-12-09T10:41:49+00:00","dateModified":"2025-07-17T14:50:10+00:00","description":"A Nortene Bridfix 14 cm-es 50 db-os univerz\u00e1lis gyorsk\u00f6t\u00f6z\u0151 fekete sz\u00edn\u0171 ide\u00e1lis \u00e1rny\u00e9kol\u00f3, sz\u00e9lv\u00e9d\u0151 \u00e9s bel\u00e1t\u00e1s g\u00e1tl\u00f3 h\u00e1l\u00f3k r\u00f6gz\u00edt\u00e9s\u00e9hez.","breadcrumb":{"@id":"https:\/\/tajkertesz.com\/termek\/nortene-bridfix-14-cm-es-50-db-os-univerzalis-gyorskotozo-3\/#breadcrumb"},"inLanguage":"en-US","potentialAction":[{"@type":"ReadAction","target":["https:\/\/tajkertesz.com\/termek\/nortene-bridfix-14-cm-es-50-db-os-univerzalis-gyorskotozo-3\/"]}]},{"@type":"ImageObject","inLanguage":"en-US","@id":"https:\/\/tajkertesz.com\/termek\/nortene-bridfix-14-cm-es-50-db-os-univerzalis-gyorskotozo-3\/#primaryimage","url":"https:\/\/tajkertesz.com\/wp-content\/uploads\/2020\/12\/Bridfix-fekete.webp2_.webp","contentUrl":"https:\/\/tajkertesz.com\/wp-content\/uploads\/2020\/12\/Bridfix-fekete.webp2_.webp","width":570,"height":570},{"@type":"BreadcrumbList","@id":"https:\/\/tajkertesz.com\/termek\/nortene-bridfix-14-cm-es-50-db-os-univerzalis-gyorskotozo-3\/#breadcrumb","itemListElement":[{"@type":"ListItem","position":1,"name":"Home","item":"https:\/\/tajkertesz.com\/"},{"@type":"ListItem","position":2,"name":"Kezd\u0151lap","item":"https:\/\/tajkertesz.com\/"},{"@type":"ListItem","position":3,"name":"Nortene Bridfix 14 cm-es 50 db-os univerz\u00e1lis gyorsk\u00f6t\u00f6z\u0151,fekete"}]},{"@type":"WebSite","@id":"https:\/\/tajkertesz.com\/#website","url":"https:\/\/tajkertesz.com\/","name":"T\u00e1j-Kert\u00e9sz 84 Kft.","description":"Kert\u00e9szeti kis- \u00e9s nagykeresked\u00e9s, D\u00edszn\u00f6v\u00e9ny web\u00e1ruh\u00e1z orsz\u00e1gos h\u00e1zhozsz\u00e1ll\u00edt\u00e1ssal!","publisher":{"@id":"https:\/\/tajkertesz.com\/#organization"},"potentialAction":[{"@type":"SearchAction","target":{"@type":"EntryPoint","urlTemplate":"https:\/\/tajkertesz.com\/?s={search_term_string}"},"query-input":{"@type":"PropertyValueSpecification","valueRequired":true,"valueName":"search_term_string"}}],"inLanguage":"en-US"},{"@type":"Organization","@id":"https:\/\/tajkertesz.com\/#organization","name":"T\u00e1j-Kert\u00e9sz 84 Kft.","url":"https:\/\/tajkertesz.com\/","logo":{"@type":"ImageObject","inLanguage":"en-US","@id":"https:\/\/tajkertesz.com\/#\/schema\/logo\/image\/","url":"https:\/\/tajkertesz.com\/wp-content\/uploads\/2018\/02\/logo-2-e1518678052539.png","contentUrl":"https:\/\/tajkertesz.com\/wp-content\/uploads\/2018\/02\/logo-2-e1518678052539.png","width":81,"height":140,"caption":"T\u00e1j-Kert\u00e9sz 84 Kft."},"image":{"@id":"https:\/\/tajkertesz.com\/#\/schema\/logo\/image\/"},"sameAs":["https:\/\/www.facebook.com\/Tajkertesz\/"]}]}},"_links":{"self":[{"href":"https:\/\/tajkertesz.com\/en_US\/wp-json\/wp\/v2\/product\/2862","targetHints":{"allow":["GET"]}}],"collection":[{"href":"https:\/\/tajkertesz.com\/en_US\/wp-json\/wp\/v2\/product"}],"about":[{"href":"https:\/\/tajkertesz.com\/en_US\/wp-json\/wp\/v2\/types\/product"}],"wp:featuredmedia":[{"embeddable":true,"href":"https:\/\/tajkertesz.com\/en_US\/wp-json\/wp\/v2\/media\/23973"}],"wp:attachment":[{"href":"https:\/\/tajkertesz.com\/en_US\/wp-json\/wp\/v2\/media?parent=2862"}],"wp:term":[{"taxonomy":"product_brand","embeddable":true,"href":"https:\/\/tajkertesz.com\/en_US\/wp-json\/wp\/v2\/product_brand?post=2862"},{"taxonomy":"product_cat","embeddable":true,"href":"https:\/\/tajkertesz.com\/en_US\/wp-json\/wp\/v2\/product_cat?post=2862"},{"taxonomy":"product_tag","embeddable":true,"href":"https:\/\/tajkertesz.com\/en_US\/wp-json\/wp\/v2\/product_tag?post=2862"}],"curies":[{"name":"wp","href":"https:\/\/api.w.org\/{rel}","templated":true}]}}