{"id":2864,"date":"2020-12-09T11:18:32","date_gmt":"2020-12-09T11:18:32","guid":{"rendered":"https:\/\/tajkertesz.com\/?post_type=product&#038;p=2864"},"modified":"2024-06-28T11:23:12","modified_gmt":"2024-06-28T11:23:12","slug":"fixatex-rogzito-kapocs","status":"publish","type":"product","link":"https:\/\/tajkertesz.com\/en_US\/product\/fixatex-rogzito-kapocs\/","title":{"rendered":"Fixatex r\u00f6gzit\u0151 kapocs barna sz\u00edn\u0171 20 darabos"},"content":{"rendered":"<h3>Fixatex r\u00f6gzit\u0151 kapocs barna sz\u00edn\u0171 20 darabos<\/h3>\n<p>A Fixatex r\u00f6gzit\u0151 kapocs barna sz\u00edn\u0171 20 darabos kiszerel\u00e9s\u0171 \u00a0kapocs sz\u0151tt \u00e1rny\u00e9kol\u00f3 h\u00e1l\u00f3khoz. Diszkr\u00e9t, egyszer\u0171, gyors \u00e9s hat\u00e1sos megold\u00e1s.<\/p>\n<p>El\u0151nye:<\/p>\n<p>Ellen\u00e1ll az UV sug\u00e1rz\u00e1snak, gyorsan \u00e9s k\u00f6nnyen r\u00f6gz\u00edthet\u0151 vele a bel\u00e1t\u00e1sg\u00e1tl\u00f3k b\u00e1rmelyike.<\/p>\n<p>Ezt az univerz\u00e1lis kapcsot sz\u0151tt \u00e1rny\u00e9kol\u00f3h\u00e1l\u00f3k r\u00f6gz\u00edt\u00e9s\u00e9re fejlesztett\u00e9k ki. Hat\u00e9kony \u00e9s ellen\u00e1ll\u00f3. Haszn\u00e1lja a fels\u0151 \u00e9s als\u00f3 vezet\u0151 dr\u00f3tra val\u00f3 r\u00f6gz\u00edt\u00e9sre valamint k\u00f6z\u00e9pen. Ilyen esetben a 2 kapcsot kell \u00f6sszeilleszteni.<\/p>\n<p>Anyaga: PP,<\/p>\n<p>Sz\u00edne: fekete, z\u00f6ld, barna ,sz\u00fcrke.<\/p>\n<p>Cikksz\u00e1m:2011895<\/p>\n<p>El\u00e9rhet\u0151 t\u00f6bbf\u00e9le m\u00e9retben, sz\u00ednben \u00e9s \u00e1rban.<\/p>\n<p><strong>K\u00e9szlet\u00fcnk napi szinten v\u00e1ltozik, ez\u00e9rt k\u00e9rj\u00fck, \u00e9rdekl\u0151dj\u00f6n szem\u00e9lyesen, telefonon vagy email-en.<br \/>\nA v\u00e1ltoztat\u00e1s jog\u00e1t fenntartjuk!\u00a0<\/strong><\/p>\n<p><a href=\"https:\/\/tajkertesz.com\/\">https:\/\/tajkertesz.com\/<\/a><\/p>\n<p><a href=\"https:\/\/www.nortene.hu\/\">https:\/\/www.nortene.hu\/<\/a><\/p>\n<p><span style=\"color: #ffffff;\">El\u0151nye:<\/span><\/p>\n<p><span style=\"color: #ffffff;\">Ellen\u00e1ll az UV sug\u00e1rz\u00e1snak, gyorsan \u00e9s k\u00f6nnyen r\u00f6gz\u00edthet\u0151 vele a bel\u00e1t\u00e1sg\u00e1tl\u00f3k b\u00e1rmelyike.<\/span><\/p>\n<p><span style=\"color: #ffffff;\">Ezt az univerz\u00e1lis kapcsot sz\u0151tt \u00e1rny\u00e9kol\u00f3h\u00e1l\u00f3k r\u00f6gz\u00edt\u00e9s\u00e9re fejlesztett\u00e9k ki. Hat\u00e9kony \u00e9s ellen\u00e1ll\u00f3. Haszn\u00e1lja a fels\u0151 \u00e9s als\u00f3 vezet\u0151 dr\u00f3tra val\u00f3 r\u00f6gz\u00edt\u00e9sre valamint k\u00f6z\u00e9pen. Ilyen esetben a 2 kapcsot kell \u00f6sszeilleszteni.<\/span><\/p>\n<p><span style=\"color: #ffffff;\">Anyaga: PP,<\/span><\/p>\n<p><span style=\"color: #ffffff;\">Sz\u00edne: fekete, z\u00f6ld, barna ,sz\u00fcrke.<\/span><\/p>\n<p><span style=\"color: #ffffff;\">El\u00e9rhet\u0151 t\u00f6bbf\u00e9le m\u00e9retben, sz\u00ednben \u00e9s \u00e1rban.<\/span><\/p>\n<p><span style=\"color: #ffffff;\"><strong>K\u00e9szlet\u00fcnk napi szinten v\u00e1ltozik, ez\u00e9rt k\u00e9rj\u00fck, \u00e9rdekl\u0151dj\u00f6n szem\u00e9lyesen, telefonon vagy email-en.<br \/>\nA v\u00e1ltoztat\u00e1s jog\u00e1t fenntartjuk!\u00a0<\/strong><\/span><\/p>\n<p><span style=\"color: #ffffff;\">El\u0151nye:<\/span><\/p>\n<p><span style=\"color: #ffffff;\">Ellen\u00e1ll az UV sug\u00e1rz\u00e1snak, gyorsan \u00e9s k\u00f6nnyen r\u00f6gz\u00edthet\u0151 vele a bel\u00e1t\u00e1sg\u00e1tl\u00f3k b\u00e1rmelyike.<\/span><\/p>\n<p><span style=\"color: #ffffff;\">Ezt az univerz\u00e1lis kapcsot sz\u0151tt \u00e1rny\u00e9kol\u00f3h\u00e1l\u00f3k r\u00f6gz\u00edt\u00e9s\u00e9re fejlesztett\u00e9k ki. Hat\u00e9kony \u00e9s ellen\u00e1ll\u00f3. Haszn\u00e1lja a fels\u0151 \u00e9s als\u00f3 vezet\u0151 dr\u00f3tra val\u00f3 r\u00f6gz\u00edt\u00e9sre valamint k\u00f6z\u00e9pen. Ilyen esetben a 2 kapcsot kell \u00f6sszeilleszteni.<\/span><\/p>\n<p><span style=\"color: #ffffff;\">Anyaga: PP,<\/span><\/p>\n<p><span style=\"color: #ffffff;\">Sz\u00edne: fekete, z\u00f6ld, barna ,sz\u00fcrke.<\/span><\/p>\n<p><span style=\"color: #ffffff;\">El\u00e9rhet\u0151 t\u00f6bbf\u00e9le m\u00e9retben, sz\u00ednben \u00e9s \u00e1rban.<\/span><\/p>\n<p><span style=\"color: #ffffff;\"><strong>K\u00e9szlet\u00fcnk napi szinten v\u00e1ltozik, ez\u00e9rt k\u00e9rj\u00fck, \u00e9rdekl\u0151dj\u00f6n szem\u00e9lyesen, telefonon vagy email-en.<br \/>\nA v\u00e1ltoztat\u00e1s jog\u00e1t fenntartjuk!\u00a0<\/strong><\/span><\/p>\n<p><span style=\"color: #ffffff;\"><em>\u00a0<\/em><\/span><\/p>","protected":false},"excerpt":{"rendered":"<p>A Fixatex r\u00f6gzit\u0151 kapocs barna sz\u00edn\u0171 20 darabos kiszerel\u00e9s\u0171 \u00a0kapocs sz\u0151tt \u00e1rny\u00e9kol\u00f3 h\u00e1l\u00f3khoz. Diszkr\u00e9t, egyszer\u0171, gyors \u00e9s hat\u00e1sos megold\u00e1s.<\/p>\n<p>El\u0151nye:<\/p>\n<p>Ellen\u00e1ll az UV sug\u00e1rz\u00e1snak, gyorsan \u00e9s k\u00f6nnyen r\u00f6gz\u00edthet\u0151 vele a bel\u00e1t\u00e1sg\u00e1tl\u00f3k b\u00e1rmelyike.<\/p>\n<p>Ezt az univerz\u00e1lis kapcsot sz\u0151tt \u00e1rny\u00e9kol\u00f3h\u00e1l\u00f3k r\u00f6gz\u00edt\u00e9s\u00e9re fejlesztett\u00e9k ki. Hat\u00e9kony \u00e9s ellen\u00e1ll\u00f3. Haszn\u00e1lja a fels\u0151 \u00e9s als\u00f3 vezet\u0151 dr\u00f3tra val\u00f3 r\u00f6gz\u00edt\u00e9sre valamint k\u00f6z\u00e9pen. Ilyen esetben a 2 kapcsot kell \u00f6sszeilleszteni.<\/p>\n<p>Anyaga: PP,<\/p>\n<p>Sz\u00edne: fekete, z\u00f6ld, barna ,sz\u00fcrke.<\/p>\n<p>El\u00e9rhet\u0151 t\u00f6bbf\u00e9le m\u00e9retben, sz\u00ednben \u00e9s \u00e1rban.<\/p>\n<p><strong>K\u00e9szlet\u00fcnk napi szinten v\u00e1ltozik, ez\u00e9rt k\u00e9rj\u00fck, \u00e9rdekl\u0151dj\u00f6n szem\u00e9lyesen, telefonon vagy email-en.<br \/>\nA v\u00e1ltoztat\u00e1s jog\u00e1t fenntartjuk!\u00a0<\/strong><\/p>","protected":false},"featured_media":2867,"template":"","meta":{"_et_pb_use_builder":"","_et_pb_old_content":"","_et_gb_content_width":""},"product_brand":[],"product_cat":[1063,3785],"product_tag":[1090,1087,1089,1088],"class_list":{"0":"post-2864","1":"product","2":"type-product","3":"status-publish","4":"has-post-thumbnail","6":"product_cat-belatasgatlas-arnyekolohalok","7":"product_cat-uj-termekek","8":"product_tag-barna-szinu","9":"product_tag-fixatex","10":"product_tag-kapocs","11":"product_tag-rogzito","13":"first","14":"instock","15":"shipping-taxable","16":"purchasable","17":"product-type-simple"},"yoast_head":"<!-- This site is optimized with the Yoast SEO plugin v27.3 - https:\/\/yoast.com\/product\/yoast-seo-wordpress\/ -->\n<title>Fixatex r\u00f6gzit\u0151 kapocs barna sz\u00edn\u0171 20 darabos - T\u00e1jkert\u00e9sz<\/title>\n<meta name=\"description\" content=\"A Fixatex r\u00f6gzit\u0151 kapocs barna sz\u00edn\u0171 20 darabos kiszerel\u00e9s\u0171 \u00a0kapocs sz\u0151tt \u00e1rny\u00e9kol\u00f3 h\u00e1l\u00f3khoz. Diszkr\u00e9t, egyszer\u0171, gyors \u00e9s hat\u00e1sos megold\u00e1s.\" \/>\n<meta name=\"robots\" content=\"index, follow, max-snippet:-1, max-image-preview:large, max-video-preview:-1\" \/>\n<link rel=\"canonical\" href=\"https:\/\/tajkertesz.com\/en_US\/product\/fixatex-rogzito-kapocs\/\" \/>\n<meta property=\"og:locale\" content=\"en_US\" \/>\n<meta property=\"og:type\" content=\"article\" \/>\n<meta property=\"og:title\" content=\"Fixatex r\u00f6gzit\u0151 kapocs barna sz\u00edn\u0171 20 darabos - T\u00e1jkert\u00e9sz\" \/>\n<meta property=\"og:description\" content=\"A Fixatex r\u00f6gzit\u0151 kapocs barna sz\u00edn\u0171 20 darabos kiszerel\u00e9s\u0171 \u00a0kapocs sz\u0151tt \u00e1rny\u00e9kol\u00f3 h\u00e1l\u00f3khoz. Diszkr\u00e9t, egyszer\u0171, gyors \u00e9s hat\u00e1sos megold\u00e1s.\" \/>\n<meta property=\"og:url\" content=\"https:\/\/tajkertesz.com\/en_US\/product\/fixatex-rogzito-kapocs\/\" \/>\n<meta property=\"og:site_name\" content=\"T\u00e1jkert\u00e9sz\" \/>\n<meta property=\"article:publisher\" content=\"https:\/\/www.facebook.com\/Tajkertesz\/\" \/>\n<meta property=\"article:modified_time\" content=\"2024-06-28T11:23:12+00:00\" \/>\n<meta property=\"og:image\" content=\"https:\/\/tajkertesz.com\/wp-content\/uploads\/2020\/12\/2011895.jpg\" \/>\n\t<meta property=\"og:image:width\" content=\"1024\" \/>\n\t<meta property=\"og:image:height\" content=\"1000\" \/>\n\t<meta property=\"og:image:type\" content=\"image\/jpeg\" \/>\n<meta name=\"twitter:card\" content=\"summary_large_image\" \/>\n<meta name=\"twitter:label1\" content=\"Est. reading time\" \/>\n\t<meta name=\"twitter:data1\" content=\"2 minutes\" \/>\n<script type=\"application\/ld+json\" class=\"yoast-schema-graph\">{\"@context\":\"https:\\\/\\\/schema.org\",\"@graph\":[{\"@type\":\"WebPage\",\"@id\":\"https:\\\/\\\/tajkertesz.com\\\/termek\\\/fixatex-rogzito-kapocs\\\/\",\"url\":\"https:\\\/\\\/tajkertesz.com\\\/termek\\\/fixatex-rogzito-kapocs\\\/\",\"name\":\"Fixatex r\u00f6gzit\u0151 kapocs barna sz\u00edn\u0171 20 darabos - T\u00e1jkert\u00e9sz\",\"isPartOf\":{\"@id\":\"https:\\\/\\\/tajkertesz.com\\\/#website\"},\"primaryImageOfPage\":{\"@id\":\"https:\\\/\\\/tajkertesz.com\\\/termek\\\/fixatex-rogzito-kapocs\\\/#primaryimage\"},\"image\":{\"@id\":\"https:\\\/\\\/tajkertesz.com\\\/termek\\\/fixatex-rogzito-kapocs\\\/#primaryimage\"},\"thumbnailUrl\":\"https:\\\/\\\/tajkertesz.com\\\/wp-content\\\/uploads\\\/2020\\\/12\\\/2011895.jpg\",\"datePublished\":\"2020-12-09T11:18:32+00:00\",\"dateModified\":\"2024-06-28T11:23:12+00:00\",\"description\":\"A Fixatex r\u00f6gzit\u0151 kapocs barna sz\u00edn\u0171 20 darabos kiszerel\u00e9s\u0171 \u00a0kapocs sz\u0151tt \u00e1rny\u00e9kol\u00f3 h\u00e1l\u00f3khoz. Diszkr\u00e9t, egyszer\u0171, gyors \u00e9s hat\u00e1sos megold\u00e1s.\",\"breadcrumb\":{\"@id\":\"https:\\\/\\\/tajkertesz.com\\\/termek\\\/fixatex-rogzito-kapocs\\\/#breadcrumb\"},\"inLanguage\":\"en-US\",\"potentialAction\":[{\"@type\":\"ReadAction\",\"target\":[\"https:\\\/\\\/tajkertesz.com\\\/termek\\\/fixatex-rogzito-kapocs\\\/\"]}]},{\"@type\":\"ImageObject\",\"inLanguage\":\"en-US\",\"@id\":\"https:\\\/\\\/tajkertesz.com\\\/termek\\\/fixatex-rogzito-kapocs\\\/#primaryimage\",\"url\":\"https:\\\/\\\/tajkertesz.com\\\/wp-content\\\/uploads\\\/2020\\\/12\\\/2011895.jpg\",\"contentUrl\":\"https:\\\/\\\/tajkertesz.com\\\/wp-content\\\/uploads\\\/2020\\\/12\\\/2011895.jpg\",\"width\":1024,\"height\":1000},{\"@type\":\"BreadcrumbList\",\"@id\":\"https:\\\/\\\/tajkertesz.com\\\/termek\\\/fixatex-rogzito-kapocs\\\/#breadcrumb\",\"itemListElement\":[{\"@type\":\"ListItem\",\"position\":1,\"name\":\"Home\",\"item\":\"https:\\\/\\\/tajkertesz.com\\\/\"},{\"@type\":\"ListItem\",\"position\":2,\"name\":\"Kezd\u0151lap\",\"item\":\"https:\\\/\\\/tajkertesz.com\\\/\"},{\"@type\":\"ListItem\",\"position\":3,\"name\":\"Fixatex r\u00f6gzit\u0151 kapocs barna sz\u00edn\u0171 20 darabos\"}]},{\"@type\":\"WebSite\",\"@id\":\"https:\\\/\\\/tajkertesz.com\\\/#website\",\"url\":\"https:\\\/\\\/tajkertesz.com\\\/\",\"name\":\"T\u00e1j-Kert\u00e9sz 84 Kft.\",\"description\":\"Kert\u00e9szeti kis- \u00e9s nagykeresked\u00e9s, D\u00edszn\u00f6v\u00e9ny web\u00e1ruh\u00e1z orsz\u00e1gos h\u00e1zhozsz\u00e1ll\u00edt\u00e1ssal!\",\"publisher\":{\"@id\":\"https:\\\/\\\/tajkertesz.com\\\/#organization\"},\"potentialAction\":[{\"@type\":\"SearchAction\",\"target\":{\"@type\":\"EntryPoint\",\"urlTemplate\":\"https:\\\/\\\/tajkertesz.com\\\/?s={search_term_string}\"},\"query-input\":{\"@type\":\"PropertyValueSpecification\",\"valueRequired\":true,\"valueName\":\"search_term_string\"}}],\"inLanguage\":\"en-US\"},{\"@type\":\"Organization\",\"@id\":\"https:\\\/\\\/tajkertesz.com\\\/#organization\",\"name\":\"T\u00e1j-Kert\u00e9sz 84 Kft.\",\"url\":\"https:\\\/\\\/tajkertesz.com\\\/\",\"logo\":{\"@type\":\"ImageObject\",\"inLanguage\":\"en-US\",\"@id\":\"https:\\\/\\\/tajkertesz.com\\\/#\\\/schema\\\/logo\\\/image\\\/\",\"url\":\"https:\\\/\\\/tajkertesz.com\\\/wp-content\\\/uploads\\\/2018\\\/02\\\/logo-2-e1518678052539.png\",\"contentUrl\":\"https:\\\/\\\/tajkertesz.com\\\/wp-content\\\/uploads\\\/2018\\\/02\\\/logo-2-e1518678052539.png\",\"width\":81,\"height\":140,\"caption\":\"T\u00e1j-Kert\u00e9sz 84 Kft.\"},\"image\":{\"@id\":\"https:\\\/\\\/tajkertesz.com\\\/#\\\/schema\\\/logo\\\/image\\\/\"},\"sameAs\":[\"https:\\\/\\\/www.facebook.com\\\/Tajkertesz\\\/\"]}]}<\/script>\n<!-- \/ Yoast SEO plugin. -->","yoast_head_json":{"title":"Fixatex r\u00f6gzit\u0151 kapocs barna sz\u00edn\u0171 20 darabos - T\u00e1jkert\u00e9sz","description":"A Fixatex r\u00f6gzit\u0151 kapocs barna sz\u00edn\u0171 20 darabos kiszerel\u00e9s\u0171 \u00a0kapocs sz\u0151tt \u00e1rny\u00e9kol\u00f3 h\u00e1l\u00f3khoz. Diszkr\u00e9t, egyszer\u0171, gyors \u00e9s hat\u00e1sos megold\u00e1s.","robots":{"index":"index","follow":"follow","max-snippet":"max-snippet:-1","max-image-preview":"max-image-preview:large","max-video-preview":"max-video-preview:-1"},"canonical":"https:\/\/tajkertesz.com\/en_US\/product\/fixatex-rogzito-kapocs\/","og_locale":"en_US","og_type":"article","og_title":"Fixatex r\u00f6gzit\u0151 kapocs barna sz\u00edn\u0171 20 darabos - T\u00e1jkert\u00e9sz","og_description":"A Fixatex r\u00f6gzit\u0151 kapocs barna sz\u00edn\u0171 20 darabos kiszerel\u00e9s\u0171 \u00a0kapocs sz\u0151tt \u00e1rny\u00e9kol\u00f3 h\u00e1l\u00f3khoz. Diszkr\u00e9t, egyszer\u0171, gyors \u00e9s hat\u00e1sos megold\u00e1s.","og_url":"https:\/\/tajkertesz.com\/en_US\/product\/fixatex-rogzito-kapocs\/","og_site_name":"T\u00e1jkert\u00e9sz","article_publisher":"https:\/\/www.facebook.com\/Tajkertesz\/","article_modified_time":"2024-06-28T11:23:12+00:00","og_image":[{"width":1024,"height":1000,"url":"https:\/\/tajkertesz.com\/wp-content\/uploads\/2020\/12\/2011895.jpg","type":"image\/jpeg"}],"twitter_card":"summary_large_image","twitter_misc":{"Est. reading time":"2 minutes"},"schema":{"@context":"https:\/\/schema.org","@graph":[{"@type":"WebPage","@id":"https:\/\/tajkertesz.com\/termek\/fixatex-rogzito-kapocs\/","url":"https:\/\/tajkertesz.com\/termek\/fixatex-rogzito-kapocs\/","name":"Fixatex r\u00f6gzit\u0151 kapocs barna sz\u00edn\u0171 20 darabos - T\u00e1jkert\u00e9sz","isPartOf":{"@id":"https:\/\/tajkertesz.com\/#website"},"primaryImageOfPage":{"@id":"https:\/\/tajkertesz.com\/termek\/fixatex-rogzito-kapocs\/#primaryimage"},"image":{"@id":"https:\/\/tajkertesz.com\/termek\/fixatex-rogzito-kapocs\/#primaryimage"},"thumbnailUrl":"https:\/\/tajkertesz.com\/wp-content\/uploads\/2020\/12\/2011895.jpg","datePublished":"2020-12-09T11:18:32+00:00","dateModified":"2024-06-28T11:23:12+00:00","description":"A Fixatex r\u00f6gzit\u0151 kapocs barna sz\u00edn\u0171 20 darabos kiszerel\u00e9s\u0171 \u00a0kapocs sz\u0151tt \u00e1rny\u00e9kol\u00f3 h\u00e1l\u00f3khoz. Diszkr\u00e9t, egyszer\u0171, gyors \u00e9s hat\u00e1sos megold\u00e1s.","breadcrumb":{"@id":"https:\/\/tajkertesz.com\/termek\/fixatex-rogzito-kapocs\/#breadcrumb"},"inLanguage":"en-US","potentialAction":[{"@type":"ReadAction","target":["https:\/\/tajkertesz.com\/termek\/fixatex-rogzito-kapocs\/"]}]},{"@type":"ImageObject","inLanguage":"en-US","@id":"https:\/\/tajkertesz.com\/termek\/fixatex-rogzito-kapocs\/#primaryimage","url":"https:\/\/tajkertesz.com\/wp-content\/uploads\/2020\/12\/2011895.jpg","contentUrl":"https:\/\/tajkertesz.com\/wp-content\/uploads\/2020\/12\/2011895.jpg","width":1024,"height":1000},{"@type":"BreadcrumbList","@id":"https:\/\/tajkertesz.com\/termek\/fixatex-rogzito-kapocs\/#breadcrumb","itemListElement":[{"@type":"ListItem","position":1,"name":"Home","item":"https:\/\/tajkertesz.com\/"},{"@type":"ListItem","position":2,"name":"Kezd\u0151lap","item":"https:\/\/tajkertesz.com\/"},{"@type":"ListItem","position":3,"name":"Fixatex r\u00f6gzit\u0151 kapocs barna sz\u00edn\u0171 20 darabos"}]},{"@type":"WebSite","@id":"https:\/\/tajkertesz.com\/#website","url":"https:\/\/tajkertesz.com\/","name":"T\u00e1j-Kert\u00e9sz 84 Kft.","description":"Kert\u00e9szeti kis- \u00e9s nagykeresked\u00e9s, D\u00edszn\u00f6v\u00e9ny web\u00e1ruh\u00e1z orsz\u00e1gos h\u00e1zhozsz\u00e1ll\u00edt\u00e1ssal!","publisher":{"@id":"https:\/\/tajkertesz.com\/#organization"},"potentialAction":[{"@type":"SearchAction","target":{"@type":"EntryPoint","urlTemplate":"https:\/\/tajkertesz.com\/?s={search_term_string}"},"query-input":{"@type":"PropertyValueSpecification","valueRequired":true,"valueName":"search_term_string"}}],"inLanguage":"en-US"},{"@type":"Organization","@id":"https:\/\/tajkertesz.com\/#organization","name":"T\u00e1j-Kert\u00e9sz 84 Kft.","url":"https:\/\/tajkertesz.com\/","logo":{"@type":"ImageObject","inLanguage":"en-US","@id":"https:\/\/tajkertesz.com\/#\/schema\/logo\/image\/","url":"https:\/\/tajkertesz.com\/wp-content\/uploads\/2018\/02\/logo-2-e1518678052539.png","contentUrl":"https:\/\/tajkertesz.com\/wp-content\/uploads\/2018\/02\/logo-2-e1518678052539.png","width":81,"height":140,"caption":"T\u00e1j-Kert\u00e9sz 84 Kft."},"image":{"@id":"https:\/\/tajkertesz.com\/#\/schema\/logo\/image\/"},"sameAs":["https:\/\/www.facebook.com\/Tajkertesz\/"]}]}},"_links":{"self":[{"href":"https:\/\/tajkertesz.com\/en_US\/wp-json\/wp\/v2\/product\/2864","targetHints":{"allow":["GET"]}}],"collection":[{"href":"https:\/\/tajkertesz.com\/en_US\/wp-json\/wp\/v2\/product"}],"about":[{"href":"https:\/\/tajkertesz.com\/en_US\/wp-json\/wp\/v2\/types\/product"}],"wp:featuredmedia":[{"embeddable":true,"href":"https:\/\/tajkertesz.com\/en_US\/wp-json\/wp\/v2\/media\/2867"}],"wp:attachment":[{"href":"https:\/\/tajkertesz.com\/en_US\/wp-json\/wp\/v2\/media?parent=2864"}],"wp:term":[{"taxonomy":"product_brand","embeddable":true,"href":"https:\/\/tajkertesz.com\/en_US\/wp-json\/wp\/v2\/product_brand?post=2864"},{"taxonomy":"product_cat","embeddable":true,"href":"https:\/\/tajkertesz.com\/en_US\/wp-json\/wp\/v2\/product_cat?post=2864"},{"taxonomy":"product_tag","embeddable":true,"href":"https:\/\/tajkertesz.com\/en_US\/wp-json\/wp\/v2\/product_tag?post=2864"}],"curies":[{"name":"wp","href":"https:\/\/api.w.org\/{rel}","templated":true}]}}