{"id":2887,"date":"2020-12-16T08:32:08","date_gmt":"2020-12-16T08:32:08","guid":{"rendered":"https:\/\/tajkertesz.com\/?post_type=product&#038;p=2887"},"modified":"2025-05-16T09:52:01","modified_gmt":"2025-05-16T09:52:01","slug":"border-muanyag-agyas-es-gyepszegely-100-x-8-x-45-cm","status":"publish","type":"product","link":"https:\/\/tajkertesz.com\/en_US\/product\/border-muanyag-agyas-es-gyepszegely-100-x-8-x-45-cm\/","title":{"rendered":"Border m\u0171anyag \u00e1gy\u00e1s- \u00e9s gyepszeg\u00e9ly , 100 x 8 x 4,5 cm AKCI\u00d3S!"},"content":{"rendered":"<p>Border m\u0171anyag \u00e1gy\u00e1s- \u00e9s gyepszeg\u00e9ly , 100 x 8 x 4,5 cm<\/p>\n<p>A Border m\u0171anyag \u00e1gy\u00e1s- \u00e9s gyepszeg\u00e9ly , 100 x 8 x 4,5 cm m\u00e9ret\u0171 k\u00f6nnyen telep\u00edthet\u0151 rugalmas m\u00e9gis er\u0151s mely seg\u00edt elv\u00e1lasztani\u00a0 a k\u00fcl\u00f6nb\u00f6z\u0151 fel\u00fcleteket.<\/p>\n<p>Ez az \u00e1gy\u00e1sszeg\u00e9ly seg\u00edt elv\u00e1lasztani p\u00e9ld\u00e1ul a f\u00fcvet, mulcsot, k\u00f6vet egym\u00e1st\u00f3l.\u00a0 Metsz\u0151oll\u00f3 seg\u00edts\u00e9g\u00e9vel k\u00f6nnyen v\u00e1ghat\u00f3.<\/p>\n<p>Rugalmass\u00e1g\u00e1nak k\u00f6sz\u00f6nhet\u0151en a kert kialak\u00edt\u00e1s\u00e1ban v\u00e1ltozatos formai megold\u00e1st biztos\u00edt. Egyenes, \u00edvelt, k\u00f6r \u00e9s ov\u00e1lis form\u00e1k is k\u00f6nnyed\u00e9n kialak\u00edthat\u00f3k haszn\u00e1lat\u00e1val.\u00a0 R\u00f6gz\u00edt\u00e9s\u00e9hez egyenes szakaszon 2-3 db, \u00edves szeg\u00e9ly eset\u00e9n 3-6 db lesz\u00far\u00f3 (FIXING PEG) haszn\u00e1lata sz\u00fcks\u00e9ges m\u00e9terenk\u00e9nt.<\/p>\n<p>Anyaga: PP (polipropil\u00e9n)<\/p>\n<p>Sz\u00edne: fekete<\/p>\n<p>Jellemz\u0151je m\u00e9g, hogy ellen\u00e1ll az UV sug\u00e1rz\u00e1snak.<\/p>\n<p>&nbsp;<\/p>\n<p style=\"line-height: 18.0pt; background: white; margin: 0cm 0cm 15.0pt 0cm;\"><b><span style=\"font-family: 'Ubuntu',serif; color: black;\">K\u00e9szlet\u00fcnk napi szinten v\u00e1ltozik, ez\u00e9rt k\u00e9rj\u00fck, \u00e9rdekl\u0151dj\u00f6n szem\u00e9lyesen, telefonon vagy email-en.<br \/>\nA v\u00e1ltoztat\u00e1s jog\u00e1t fenntartjuk!\u00a0<\/span><\/b><\/p>\n<p><a href=\"https:\/\/tajkertesz.com\/\">https:\/\/tajkertesz.com\/<\/a><\/p>\n<p><a href=\"https:\/\/www.facebook.com\/tajkertesz\">https:\/\/www.facebook.com\/tajkertesz<\/a><\/p>\n<p>A Border egy \u00fajgener\u00e1ci\u00f3s m\u0171anyag \u00e1gy\u00e1s- \u00e9s gyepszeg\u00e9ly rugalmass\u00e1g\u00e1nak k\u00f6sz\u00f6nhet\u0151en , kertj\u00e9nek sz\u00e9p kialak\u00edt\u00e1s\u00e1ban\u00a0 univerz\u00e1lis megold\u00e1st biztos\u00edt.<\/p>\n<p>Vir\u00e1g\u00e1gy\u00e1sok , kerti utak, gyalogos j\u00e1rd\u00e1k\u00a0 gyepszeg\u00e9ly ki\u00e9p\u00edt\u00e9s\u00e9hez t\u00f6k\u00e9letes , hiszen\u00a0 a k\u00fcl\u00f6nb\u00f6z\u0151 r\u00e9tegeket , kertr\u00e9szeket &#8211; f\u00fcvet, mulcsot , kavicsot-, eszt\u00e9tikus m\u00f3don hat\u00e1rolja el egym\u00e1st\u00f3l.<\/p>\n<p>Rendk\u00edv\u00fcl gyorsan telep\u00edthet\u0151 , a lesz\u00far\u00f3 t\u00fcsk\u00e9k biztos r\u00f6gz\u00edt\u00e9st ny\u00fajtanak.<\/p>\n<p>Form\u00e1zhatjuk ak\u00e1r k\u00f6r alak\u00fara is f\u00e1k , bokrok k\u00f6r\u00e9.<\/p>\n<p>Gyalogos t\u00e9rburkolatnak j\u00f3 t\u00e1maszt\u00e1st ad.<\/p>\n<p>Er\u0151s tart\u00f3s PP anyaga megv\u00e9di n\u00f6v\u00e9nyeit a f\u0171ny\u00edr\u00f3val, vagy szeg\u00e9lyv\u00e1g\u00f3val okozhat\u00f3 s\u00e9r\u00fcl\u00e9sekt\u0151l.<\/p>\n<p>K\u00f6rnyezetbar\u00e1t 100%-ban \u00fajrahasznos\u00edtott anyagb\u00f3l k\u00e9sz\u00fcl.<\/p>\n<h3><strong>Telep\u00edt\u00e9si javaslat:<\/strong><\/h3>\n<p>1.Gondosan jel\u00f6lj\u00fck ki a szeg\u00e9lyezni k\u00edv\u00e1nt ter\u00fcletet.<\/p>\n<p>2. A kijel\u00f6l\u00e9s ment\u00e9n egy \u00e1s\u00f3 seg\u00edts\u00e9g\u00e9vel \u00e1rkoljuk ki a megfelel\u0151 f\u00f6ld, vagy f\u0171mennyis\u00e9get\u00a0 \u00e9s helyezz\u00fck a szeg\u00e9lyt 1-2 cm -es kiemelked\u00e9ssel a talajba.<\/p>\n<p>3. S\u00edk fel\u00fcleten fektess\u00fck egym\u00e1s mell\u00e9 a gyepszeg\u00e9lyt \u00e9s a gy\u00e1rilag kialak\u00edtott kapcsol\u00f3d\u00e1si pontokon illessz\u00fck \u00f6ssze.<\/p>\n<p>4.K\u00f6r\u00f6k \u00e9s \u00edvek kialak\u00edt\u00e1s\u00e1hoz egy er\u0151s metsz\u0151oll\u00f3 seg\u00edts\u00e9g\u00e9vel v\u00e1gjuk el a v\u00edzszintes merev\u00edt\u0151ket.<\/p>\n<p>5. Az \u00f6sszefogott kerti szeg\u00e9lyeket helyezz\u00fck be az \u00e1rokba , majd ezeket a lesz\u00far\u00f3 t\u00fcsk\u00e9k seg\u00edts\u00e9g\u00e9vel r\u00f6gz\u00edts\u00fck a f\u00f6ldbe egy gumikalap\u00e1cs seg\u00edts\u00e9g\u00e9vel.<\/p>\n<p>6. V\u00e9g\u00fcl f\u00f6ldet , dekorkavicsot, mulcsot t\u00f6lthet\u00fcnk\u00a0 mell\u00e9, vagy gyepsz\u0151nyeget fektethet\u00fcnk r\u00e1.<\/p>\n<p>&nbsp;<\/p>\n<p>&nbsp;<\/p>\n<p>&nbsp;<\/p>\n<p style=\"line-height: 18.0pt; background: white; margin: 0cm 0cm 15.0pt 0cm;\">","protected":false},"excerpt":{"rendered":"<p>A Border m\u0171anyag \u00e1gy\u00e1s- \u00e9s gyepszeg\u00e9ly , 100 x 8 x 4,5 cm m\u00e9ret\u0171 k\u00f6nnyen telep\u00edthet\u0151 rugalmas m\u00e9gis er\u0151s mely seg\u00edt elv\u00e1lasztani\u00a0 a k\u00fcl\u00f6nb\u00f6z\u0151 fel\u00fcleteket.<\/p>\n<p>Ez az \u00e1gy\u00e1sszeg\u00e9ly seg\u00edt elv\u00e1lasztani p\u00e9ld\u00e1ul a f\u00fcvet, mulcsot, k\u00f6vet egym\u00e1st\u00f3l.\u00a0 Metsz\u0151oll\u00f3 seg\u00edts\u00e9g\u00e9vel k\u00f6nnyen v\u00e1ghat\u00f3.<\/p>\n<p>Rugalmass\u00e1g\u00e1nak k\u00f6sz\u00f6nhet\u0151en a kert kialak\u00edt\u00e1s\u00e1ban v\u00e1ltozatos formai megold\u00e1st biztos\u00edt. Egyenes, \u00edvelt, k\u00f6r \u00e9s ov\u00e1lis form\u00e1k is k\u00f6nnyed\u00e9n kialak\u00edthat\u00f3k haszn\u00e1lat\u00e1val.\u00a0 R\u00f6gz\u00edt\u00e9s\u00e9hez egyenes szakaszon 2-3 db, \u00edves szeg\u00e9ly eset\u00e9n 3-6 db lesz\u00far\u00f3 (FIXING PEG) haszn\u00e1lata sz\u00fcks\u00e9ges m\u00e9terenk\u00e9nt.<\/p>\n<p>Anyaga: PP (polipropil\u00e9n)<\/p>\n<p>Sz\u00edne: fekete<\/p>\n<p>Jellemz\u0151je m\u00e9g, hogy ellen\u00e1ll az UV sug\u00e1rz\u00e1snak.<\/p>","protected":false},"featured_media":2895,"template":"","meta":{"_et_pb_use_builder":"","_et_pb_old_content":"","_et_gb_content_width":""},"product_brand":[],"product_cat":[1098,4274],"product_tag":[1100,1099,1103,1104,943,1105],"class_list":{"0":"post-2887","1":"product","2":"type-product","3":"status-publish","4":"has-post-thumbnail","6":"product_cat-agyasszegelyek-gyepracsok","7":"product_cat-akcios-termekek","8":"product_tag-agyasszegely","9":"product_tag-border","10":"product_tag-gyepszegely","11":"product_tag-muanyagszegely","12":"product_tag-nortene","13":"product_tag-pp","15":"first","16":"instock","17":"sale","18":"shipping-taxable","19":"purchasable","20":"product-type-simple"},"yoast_head":"<!-- This site is optimized with the Yoast SEO plugin v27.5 - https:\/\/yoast.com\/product\/yoast-seo-wordpress\/ -->\n<title>Border m\u0171anyag \u00e1gy\u00e1s- \u00e9s gyepszeg\u00e9ly , 100 x 8 x 4,5 cm AKCI\u00d3S! - T\u00e1jkert\u00e9sz<\/title>\n<meta name=\"description\" content=\"A Border m\u0171anyag \u00e1gy\u00e1s- \u00e9s gyepszeg\u00e9ly , 100 x 8 x 4,5 cm m\u00e9ret\u0171 k\u00f6nnyen telep\u00edthet\u0151 mely seg\u00edt elv\u00e1lasztani\u00a0 a k\u00fcl\u00f6nb\u00f6z\u0151 fel\u00fcleteket.\" \/>\n<meta name=\"robots\" content=\"index, follow, max-snippet:-1, max-image-preview:large, max-video-preview:-1\" \/>\n<link rel=\"canonical\" href=\"https:\/\/tajkertesz.com\/en_US\/product\/border-muanyag-agyas-es-gyepszegely-100-x-8-x-45-cm\/\" \/>\n<meta property=\"og:locale\" content=\"en_US\" \/>\n<meta property=\"og:type\" content=\"article\" \/>\n<meta property=\"og:title\" content=\"https:\/\/www.facebook.com\/tajkertesz\" \/>\n<meta property=\"og:description\" content=\"A Border m\u0171anyag \u00e1gy\u00e1s- \u00e9s gyepszeg\u00e9ly , 100 x 8 x 4,5 cm m\u00e9ret\u0171 k\u00f6nnyen telep\u00edthet\u0151 rugalmas m\u00e9gis er\u0151s mely seg\u00edt elv\u00e1lasztani\u00a0 a k\u00fcl\u00f6nb\u00f6z\u0151 fel\u00fcleteket.Ez az \u00e1gy\u00e1sszeg\u00e9ly seg\u00edt elv\u00e1lasztani p\u00e9ld\u00e1ul a f\u00fcvet, mulcsot, k\u00f6vet egym\u00e1st\u00f3l.\u00a0 Metsz\u0151oll\u00f3 seg\u00edts\u00e9g\u00e9vel k\u00f6nnyen v\u00e1ghat\u00f3.\" \/>\n<meta property=\"og:url\" content=\"https:\/\/tajkertesz.com\/en_US\/product\/border-muanyag-agyas-es-gyepszegely-100-x-8-x-45-cm\/\" \/>\n<meta property=\"og:site_name\" content=\"T\u00e1jkert\u00e9sz\" \/>\n<meta property=\"article:publisher\" content=\"https:\/\/www.facebook.com\/Tajkertesz\/\" \/>\n<meta property=\"article:modified_time\" content=\"2025-05-16T09:52:01+00:00\" \/>\n<meta property=\"og:image\" content=\"https:\/\/tajkertesz.com\/wp-content\/uploads\/2020\/12\/border8.jpg\" \/>\n\t<meta property=\"og:image:width\" content=\"1024\" \/>\n\t<meta property=\"og:image:height\" content=\"682\" \/>\n\t<meta property=\"og:image:type\" content=\"image\/jpeg\" \/>\n<meta name=\"twitter:card\" content=\"summary_large_image\" \/>\n<meta name=\"twitter:label1\" content=\"Est. reading time\" \/>\n\t<meta name=\"twitter:data1\" content=\"2 minutes\" \/>\n<script type=\"application\/ld+json\" class=\"yoast-schema-graph\">{\"@context\":\"https:\\\/\\\/schema.org\",\"@graph\":[{\"@type\":\"WebPage\",\"@id\":\"https:\\\/\\\/tajkertesz.com\\\/termek\\\/border-muanyag-agyas-es-gyepszegely-100-x-8-x-45-cm\\\/\",\"url\":\"https:\\\/\\\/tajkertesz.com\\\/termek\\\/border-muanyag-agyas-es-gyepszegely-100-x-8-x-45-cm\\\/\",\"name\":\"Border m\u0171anyag \u00e1gy\u00e1s- \u00e9s gyepszeg\u00e9ly , 100 x 8 x 4,5 cm AKCI\u00d3S! - T\u00e1jkert\u00e9sz\",\"isPartOf\":{\"@id\":\"https:\\\/\\\/tajkertesz.com\\\/#website\"},\"primaryImageOfPage\":{\"@id\":\"https:\\\/\\\/tajkertesz.com\\\/termek\\\/border-muanyag-agyas-es-gyepszegely-100-x-8-x-45-cm\\\/#primaryimage\"},\"image\":{\"@id\":\"https:\\\/\\\/tajkertesz.com\\\/termek\\\/border-muanyag-agyas-es-gyepszegely-100-x-8-x-45-cm\\\/#primaryimage\"},\"thumbnailUrl\":\"https:\\\/\\\/tajkertesz.com\\\/wp-content\\\/uploads\\\/2020\\\/12\\\/border8.jpg\",\"datePublished\":\"2020-12-16T08:32:08+00:00\",\"dateModified\":\"2025-05-16T09:52:01+00:00\",\"description\":\"A Border m\u0171anyag \u00e1gy\u00e1s- \u00e9s gyepszeg\u00e9ly , 100 x 8 x 4,5 cm m\u00e9ret\u0171 k\u00f6nnyen telep\u00edthet\u0151 mely seg\u00edt elv\u00e1lasztani\u00a0 a k\u00fcl\u00f6nb\u00f6z\u0151 fel\u00fcleteket.\",\"breadcrumb\":{\"@id\":\"https:\\\/\\\/tajkertesz.com\\\/termek\\\/border-muanyag-agyas-es-gyepszegely-100-x-8-x-45-cm\\\/#breadcrumb\"},\"inLanguage\":\"en-US\",\"potentialAction\":[{\"@type\":\"ReadAction\",\"target\":[\"https:\\\/\\\/tajkertesz.com\\\/termek\\\/border-muanyag-agyas-es-gyepszegely-100-x-8-x-45-cm\\\/\"]}]},{\"@type\":\"ImageObject\",\"inLanguage\":\"en-US\",\"@id\":\"https:\\\/\\\/tajkertesz.com\\\/termek\\\/border-muanyag-agyas-es-gyepszegely-100-x-8-x-45-cm\\\/#primaryimage\",\"url\":\"https:\\\/\\\/tajkertesz.com\\\/wp-content\\\/uploads\\\/2020\\\/12\\\/border8.jpg\",\"contentUrl\":\"https:\\\/\\\/tajkertesz.com\\\/wp-content\\\/uploads\\\/2020\\\/12\\\/border8.jpg\",\"width\":1024,\"height\":682},{\"@type\":\"BreadcrumbList\",\"@id\":\"https:\\\/\\\/tajkertesz.com\\\/termek\\\/border-muanyag-agyas-es-gyepszegely-100-x-8-x-45-cm\\\/#breadcrumb\",\"itemListElement\":[{\"@type\":\"ListItem\",\"position\":1,\"name\":\"Home\",\"item\":\"https:\\\/\\\/tajkertesz.com\\\/\"},{\"@type\":\"ListItem\",\"position\":2,\"name\":\"Kezd\u0151lap\",\"item\":\"https:\\\/\\\/tajkertesz.com\\\/\"},{\"@type\":\"ListItem\",\"position\":3,\"name\":\"Border m\u0171anyag \u00e1gy\u00e1s- \u00e9s gyepszeg\u00e9ly , 100 x 8 x 4,5 cm AKCI\u00d3S!\"}]},{\"@type\":\"WebSite\",\"@id\":\"https:\\\/\\\/tajkertesz.com\\\/#website\",\"url\":\"https:\\\/\\\/tajkertesz.com\\\/\",\"name\":\"T\u00e1j-Kert\u00e9sz 84 Kft.\",\"description\":\"Kert\u00e9szeti kis- \u00e9s nagykeresked\u00e9s, D\u00edszn\u00f6v\u00e9ny web\u00e1ruh\u00e1z orsz\u00e1gos h\u00e1zhozsz\u00e1ll\u00edt\u00e1ssal!\",\"publisher\":{\"@id\":\"https:\\\/\\\/tajkertesz.com\\\/#organization\"},\"potentialAction\":[{\"@type\":\"SearchAction\",\"target\":{\"@type\":\"EntryPoint\",\"urlTemplate\":\"https:\\\/\\\/tajkertesz.com\\\/?s={search_term_string}\"},\"query-input\":{\"@type\":\"PropertyValueSpecification\",\"valueRequired\":true,\"valueName\":\"search_term_string\"}}],\"inLanguage\":\"en-US\"},{\"@type\":\"Organization\",\"@id\":\"https:\\\/\\\/tajkertesz.com\\\/#organization\",\"name\":\"T\u00e1j-Kert\u00e9sz 84 Kft.\",\"url\":\"https:\\\/\\\/tajkertesz.com\\\/\",\"logo\":{\"@type\":\"ImageObject\",\"inLanguage\":\"en-US\",\"@id\":\"https:\\\/\\\/tajkertesz.com\\\/#\\\/schema\\\/logo\\\/image\\\/\",\"url\":\"https:\\\/\\\/tajkertesz.com\\\/wp-content\\\/uploads\\\/2018\\\/02\\\/logo-2-e1518678052539.png\",\"contentUrl\":\"https:\\\/\\\/tajkertesz.com\\\/wp-content\\\/uploads\\\/2018\\\/02\\\/logo-2-e1518678052539.png\",\"width\":81,\"height\":140,\"caption\":\"T\u00e1j-Kert\u00e9sz 84 Kft.\"},\"image\":{\"@id\":\"https:\\\/\\\/tajkertesz.com\\\/#\\\/schema\\\/logo\\\/image\\\/\"},\"sameAs\":[\"https:\\\/\\\/www.facebook.com\\\/Tajkertesz\\\/\"]}]}<\/script>\n<!-- \/ Yoast SEO plugin. -->","yoast_head_json":{"title":"Border m\u0171anyag \u00e1gy\u00e1s- \u00e9s gyepszeg\u00e9ly , 100 x 8 x 4,5 cm AKCI\u00d3S! - T\u00e1jkert\u00e9sz","description":"A Border m\u0171anyag \u00e1gy\u00e1s- \u00e9s gyepszeg\u00e9ly , 100 x 8 x 4,5 cm m\u00e9ret\u0171 k\u00f6nnyen telep\u00edthet\u0151 mely seg\u00edt elv\u00e1lasztani\u00a0 a k\u00fcl\u00f6nb\u00f6z\u0151 fel\u00fcleteket.","robots":{"index":"index","follow":"follow","max-snippet":"max-snippet:-1","max-image-preview":"max-image-preview:large","max-video-preview":"max-video-preview:-1"},"canonical":"https:\/\/tajkertesz.com\/en_US\/product\/border-muanyag-agyas-es-gyepszegely-100-x-8-x-45-cm\/","og_locale":"en_US","og_type":"article","og_title":"https:\/\/www.facebook.com\/tajkertesz","og_description":"A Border m\u0171anyag \u00e1gy\u00e1s- \u00e9s gyepszeg\u00e9ly , 100 x 8 x 4,5 cm m\u00e9ret\u0171 k\u00f6nnyen telep\u00edthet\u0151 rugalmas m\u00e9gis er\u0151s mely seg\u00edt elv\u00e1lasztani\u00a0 a k\u00fcl\u00f6nb\u00f6z\u0151 fel\u00fcleteket.Ez az \u00e1gy\u00e1sszeg\u00e9ly seg\u00edt elv\u00e1lasztani p\u00e9ld\u00e1ul a f\u00fcvet, mulcsot, k\u00f6vet egym\u00e1st\u00f3l.\u00a0 Metsz\u0151oll\u00f3 seg\u00edts\u00e9g\u00e9vel k\u00f6nnyen v\u00e1ghat\u00f3.","og_url":"https:\/\/tajkertesz.com\/en_US\/product\/border-muanyag-agyas-es-gyepszegely-100-x-8-x-45-cm\/","og_site_name":"T\u00e1jkert\u00e9sz","article_publisher":"https:\/\/www.facebook.com\/Tajkertesz\/","article_modified_time":"2025-05-16T09:52:01+00:00","og_image":[{"width":1024,"height":682,"url":"https:\/\/tajkertesz.com\/wp-content\/uploads\/2020\/12\/border8.jpg","type":"image\/jpeg"}],"twitter_card":"summary_large_image","twitter_misc":{"Est. reading time":"2 minutes"},"schema":{"@context":"https:\/\/schema.org","@graph":[{"@type":"WebPage","@id":"https:\/\/tajkertesz.com\/termek\/border-muanyag-agyas-es-gyepszegely-100-x-8-x-45-cm\/","url":"https:\/\/tajkertesz.com\/termek\/border-muanyag-agyas-es-gyepszegely-100-x-8-x-45-cm\/","name":"Border m\u0171anyag \u00e1gy\u00e1s- \u00e9s gyepszeg\u00e9ly , 100 x 8 x 4,5 cm AKCI\u00d3S! - T\u00e1jkert\u00e9sz","isPartOf":{"@id":"https:\/\/tajkertesz.com\/#website"},"primaryImageOfPage":{"@id":"https:\/\/tajkertesz.com\/termek\/border-muanyag-agyas-es-gyepszegely-100-x-8-x-45-cm\/#primaryimage"},"image":{"@id":"https:\/\/tajkertesz.com\/termek\/border-muanyag-agyas-es-gyepszegely-100-x-8-x-45-cm\/#primaryimage"},"thumbnailUrl":"https:\/\/tajkertesz.com\/wp-content\/uploads\/2020\/12\/border8.jpg","datePublished":"2020-12-16T08:32:08+00:00","dateModified":"2025-05-16T09:52:01+00:00","description":"A Border m\u0171anyag \u00e1gy\u00e1s- \u00e9s gyepszeg\u00e9ly , 100 x 8 x 4,5 cm m\u00e9ret\u0171 k\u00f6nnyen telep\u00edthet\u0151 mely seg\u00edt elv\u00e1lasztani\u00a0 a k\u00fcl\u00f6nb\u00f6z\u0151 fel\u00fcleteket.","breadcrumb":{"@id":"https:\/\/tajkertesz.com\/termek\/border-muanyag-agyas-es-gyepszegely-100-x-8-x-45-cm\/#breadcrumb"},"inLanguage":"en-US","potentialAction":[{"@type":"ReadAction","target":["https:\/\/tajkertesz.com\/termek\/border-muanyag-agyas-es-gyepszegely-100-x-8-x-45-cm\/"]}]},{"@type":"ImageObject","inLanguage":"en-US","@id":"https:\/\/tajkertesz.com\/termek\/border-muanyag-agyas-es-gyepszegely-100-x-8-x-45-cm\/#primaryimage","url":"https:\/\/tajkertesz.com\/wp-content\/uploads\/2020\/12\/border8.jpg","contentUrl":"https:\/\/tajkertesz.com\/wp-content\/uploads\/2020\/12\/border8.jpg","width":1024,"height":682},{"@type":"BreadcrumbList","@id":"https:\/\/tajkertesz.com\/termek\/border-muanyag-agyas-es-gyepszegely-100-x-8-x-45-cm\/#breadcrumb","itemListElement":[{"@type":"ListItem","position":1,"name":"Home","item":"https:\/\/tajkertesz.com\/"},{"@type":"ListItem","position":2,"name":"Kezd\u0151lap","item":"https:\/\/tajkertesz.com\/"},{"@type":"ListItem","position":3,"name":"Border m\u0171anyag \u00e1gy\u00e1s- \u00e9s gyepszeg\u00e9ly , 100 x 8 x 4,5 cm AKCI\u00d3S!"}]},{"@type":"WebSite","@id":"https:\/\/tajkertesz.com\/#website","url":"https:\/\/tajkertesz.com\/","name":"T\u00e1j-Kert\u00e9sz 84 Kft.","description":"Kert\u00e9szeti kis- \u00e9s nagykeresked\u00e9s, D\u00edszn\u00f6v\u00e9ny web\u00e1ruh\u00e1z orsz\u00e1gos h\u00e1zhozsz\u00e1ll\u00edt\u00e1ssal!","publisher":{"@id":"https:\/\/tajkertesz.com\/#organization"},"potentialAction":[{"@type":"SearchAction","target":{"@type":"EntryPoint","urlTemplate":"https:\/\/tajkertesz.com\/?s={search_term_string}"},"query-input":{"@type":"PropertyValueSpecification","valueRequired":true,"valueName":"search_term_string"}}],"inLanguage":"en-US"},{"@type":"Organization","@id":"https:\/\/tajkertesz.com\/#organization","name":"T\u00e1j-Kert\u00e9sz 84 Kft.","url":"https:\/\/tajkertesz.com\/","logo":{"@type":"ImageObject","inLanguage":"en-US","@id":"https:\/\/tajkertesz.com\/#\/schema\/logo\/image\/","url":"https:\/\/tajkertesz.com\/wp-content\/uploads\/2018\/02\/logo-2-e1518678052539.png","contentUrl":"https:\/\/tajkertesz.com\/wp-content\/uploads\/2018\/02\/logo-2-e1518678052539.png","width":81,"height":140,"caption":"T\u00e1j-Kert\u00e9sz 84 Kft."},"image":{"@id":"https:\/\/tajkertesz.com\/#\/schema\/logo\/image\/"},"sameAs":["https:\/\/www.facebook.com\/Tajkertesz\/"]}]}},"_links":{"self":[{"href":"https:\/\/tajkertesz.com\/en_US\/wp-json\/wp\/v2\/product\/2887","targetHints":{"allow":["GET"]}}],"collection":[{"href":"https:\/\/tajkertesz.com\/en_US\/wp-json\/wp\/v2\/product"}],"about":[{"href":"https:\/\/tajkertesz.com\/en_US\/wp-json\/wp\/v2\/types\/product"}],"wp:featuredmedia":[{"embeddable":true,"href":"https:\/\/tajkertesz.com\/en_US\/wp-json\/wp\/v2\/media\/2895"}],"wp:attachment":[{"href":"https:\/\/tajkertesz.com\/en_US\/wp-json\/wp\/v2\/media?parent=2887"}],"wp:term":[{"taxonomy":"product_brand","embeddable":true,"href":"https:\/\/tajkertesz.com\/en_US\/wp-json\/wp\/v2\/product_brand?post=2887"},{"taxonomy":"product_cat","embeddable":true,"href":"https:\/\/tajkertesz.com\/en_US\/wp-json\/wp\/v2\/product_cat?post=2887"},{"taxonomy":"product_tag","embeddable":true,"href":"https:\/\/tajkertesz.com\/en_US\/wp-json\/wp\/v2\/product_tag?post=2887"}],"curies":[{"name":"wp","href":"https:\/\/api.w.org\/{rel}","templated":true}]}}