{"id":2943,"date":"2020-12-21T09:29:09","date_gmt":"2020-12-21T09:29:09","guid":{"rendered":"https:\/\/tajkertesz.com\/?post_type=product&#038;p=2943"},"modified":"2026-02-17T14:35:19","modified_gmt":"2026-02-17T14:35:19","slug":"fiskars-inspiration-metszoollo-1027495-melybordo-p26","status":"publish","type":"product","link":"https:\/\/tajkertesz.com\/en_US\/product\/fiskars-inspiration-metszoollo-1027495-melybordo-p26\/","title":{"rendered":"Fiskars Inspiration metsz\u0151oll\u00f3 1027495 m\u00e9lybord\u00f3 P26"},"content":{"rendered":"<h1>Fiskars Inspiration metsz\u0151oll\u00f3 1027495 m\u00e9lybord\u00f3 P26<\/h1>\n<h4><strong>A Fiskars Inspiration metsz\u0151oll\u00f3 1027495 m\u00e9lybord\u00f3 P26<\/strong><strong> mely\u00a0 a<span style=\"color: #333333; font-size: small;\">lapvet\u0151 metsz\u00e9si feladatok ell\u00e1t\u00e1s\u00e1ra haszn\u00e1lhat\u00f3. Ide\u00e1lis friss, z\u00f6ld hajt\u00e1sok metsz\u00e9s\u00e9re.<\/span><\/strong><\/h4>\n<p><strong>A k\u00fcl\u00f6nleges sz\u00edne miatt k\u00f6nnyebb megtal\u00e1lni a kertben.\u00a0<\/strong><\/p>\n<h4><strong>Massz\u00edv nyelek a\u00a0 k\u00e9nyelmes fog\u00e1sra.\u00a0\u00a0Kiegyens\u00falyozott formatervez\u00e9s a hat\u00e9kony v\u00e1g\u00e1s\u00e9rt.<\/strong><br \/>\n<strong>Tapad\u00e1smentes PTFE bevont a fels\u0151 peng\u00e9n a s\u00farl\u00f3d\u00e1sok cs\u00f6kkent\u00e9se \u00e9s a k\u00f6nnyebb tiszt\u00edt\u00e1s \u00e9rdek\u00e9ben.<\/strong><\/h4>\n<p><strong><span style=\"color: #333333; font-size: small;\">Max. v\u00e1g\u00e1si \u00e1tm\u00e9r\u0151: 22 mm<\/span><\/strong><\/p>\n<p><strong><span style=\"color: #333333; font-size: small;\">Sz\u00e9less\u00e9g: 70 mm<\/span><\/strong><\/p>\n<p><strong><span style=\"color: #333333; font-size: small;\">Hossz: 208 mm<\/span><\/strong><\/p>\n<p><strong><span style=\"color: #333333; font-size: small;\">T\u00f6mege: 200 g<\/span><\/strong><\/p>\n<p><strong><span style=\"color: #333333;\">A term\u00e9k gy\u00e1rt\u00f3ja: Fiskars<\/span><\/strong><\/p>\n<p>El\u00e9rhet\u0151 t\u00f6bbf\u00e9le m\u00e9retben \u00e9s \u00e1rban.<\/p>\n<p><strong>K\u00e9szlet\u00fcnk napi szinten v\u00e1ltozik, ez\u00e9rt k\u00e9rj\u00fck, \u00e9rdekl\u0151dj\u00f6n szem\u00e9lyesen, telefonon vagy email-en.<br \/>\nA v\u00e1ltoztat\u00e1s jog\u00e1t fenntartjuk!\u00a0<\/strong><\/p>\n<p><em>\u00a0<\/em><\/p>\n<p><a href=\"https:\/\/tajkertesz.com\/\">https:\/\/tajkertesz.com\/<\/a><\/p>\n<p><a href=\"https:\/\/www.fiskars.com\/\">https:\/\/www.fiskars.com\/<\/a><\/p>\n<p><b>Fiskars<\/b>\u00a0c\u00e9gcsoport (Fiskars Oyj Abp) a fogyaszt\u00e1si cikkek ter\u00fclet\u00e9n tev\u00e9kenyked\u0151 finn v\u00e1llalat, amelyet 1649-ben alap\u00edtottak Fiskars faluban.<\/p>\n<p>A Fiskars a narancss\u00e1rga nyel\u0171 oll\u00f3ir\u00f3l ismert, amelyek 1967-ben jelentek meg a piacon. Akkor m\u00e9g fekete, v\u00f6r\u00f6s, z\u00f6ld \u00e9s narancss\u00e1rga sz\u00ednekben gy\u00e1rtott\u00e1k. V\u00e9g\u00fcl a narancss\u00e1gra sz\u00edn maradt az \u00e1lland\u00f3. Ugyanaz a narancss\u00e1rga sz\u00edn<\/p>\n<p>(Fiskars Orange) v\u00e9djegyk\u00e9nt van bejegyezve Finnorsz\u00e1gban 2003 \u00f3ta.<\/p>\n<p>A Fiskars term\u00e9kei a vil\u00e1g t\u00f6bb mint sz\u00e1z orsz\u00e1g\u00e1ban kaphat\u00f3ak.<\/p>\n<p>Kiemelked\u0151 min\u0151s\u00e9g\u0171 a h\u00e1ztart\u00e1si eszk\u00f6z\u00f6k gy\u00e1rt\u00e1s\u00e1ban illetve a kerti szersz\u00e1mok is cs\u00facsmin\u0151s\u00e9g\u00e9ben k\u00e9sz\u00fclnek.<\/p>\n<p><strong>Amennyiben \u00f6n Fiskars term\u00e9ket v\u00e1s\u00e1rol min\u0151s\u00e9get v\u00e1s\u00e1rol el\u00e9rhet\u0151 \u00e1ron.\u00a0<\/strong><\/p>\n<p><b>Fiskars<\/b>\u00a0c\u00e9gcsoport (Fiskars Oyj Abp) a fogyaszt\u00e1si cikkek ter\u00fclet\u00e9n tev\u00e9kenyked\u0151 finn v\u00e1llalat, amelyet 1649-ben alap\u00edtottak Fiskars faluban.<\/p>\n<p>A Fiskars a narancss\u00e1rga nyel\u0171 oll\u00f3ir\u00f3l ismert, amelyek 1967-ben jelentek meg a piacon. Akkor m\u00e9g fekete, v\u00f6r\u00f6s, z\u00f6ld \u00e9s narancss\u00e1rga sz\u00ednekben gy\u00e1rtott\u00e1k. V\u00e9g\u00fcl a narancss\u00e1gra sz\u00edn maradt az \u00e1lland\u00f3. Ugyanaz a narancss\u00e1rga sz\u00edn<\/p>\n<p>(Fiskars Orange) v\u00e9djegyk\u00e9nt van bejegyezve Finnorsz\u00e1gban 2003 \u00f3ta.<\/p>\n<p>A Fiskars term\u00e9kei a vil\u00e1g t\u00f6bb mint sz\u00e1z orsz\u00e1g\u00e1ban kaphat\u00f3ak.<\/p>\n<p>Kiemelked\u0151 min\u0151s\u00e9g\u0171 a h\u00e1ztart\u00e1si eszk\u00f6z\u00f6k gy\u00e1rt\u00e1s\u00e1ban illetve a kerti szersz\u00e1mok is cs\u00facsmin\u0151s\u00e9g\u00e9ben k\u00e9sz\u00fclnek.<\/p>\n<p><strong>Amennyiben \u00f6n Fiskars term\u00e9ket v\u00e1s\u00e1rol min\u0151s\u00e9get v\u00e1s\u00e1rol el\u00e9rhet\u0151 \u00e1ron.\u00a0<\/strong><\/p>\n<p>&nbsp;<\/p>\n<p>&nbsp;<\/p>","protected":false},"excerpt":{"rendered":"<h4><strong>A Fiskars Inspiration metsz\u0151oll\u00f3 1027495 m\u00e9lybord\u00f3 P26 <\/strong><strong>mely\u00a0 a<span style=\"color: #333333; font-size: small;\">lapvet\u0151 metsz\u00e9si feladatok ell\u00e1t\u00e1s\u00e1ra haszn\u00e1lhat\u00f3. Ide\u00e1lis friss, z\u00f6ld hajt\u00e1sok metsz\u00e9s\u00e9re.<\/span><\/strong><\/h4>\n<p><strong>A k\u00fcl\u00f6nleges sz\u00edne miatt k\u00f6nnyebb megtal\u00e1lni a kertben.\u00a0<\/strong><\/p>\n<h4><strong>Massz\u00edv nyelek a\u00a0 k\u00e9nyelmes fog\u00e1sra.\u00a0\u00a0Kiegyens\u00falyozott formatervez\u00e9s a hat\u00e9kony v\u00e1g\u00e1s\u00e9rt.<\/strong><br \/>\n<strong>Tapad\u00e1smentes PTFE bevont a fels\u0151 peng\u00e9n a s\u00farl\u00f3d\u00e1sok cs\u00f6kkent\u00e9se \u00e9s a k\u00f6nnyebb tiszt\u00edt\u00e1s \u00e9rdek\u00e9ben.<\/strong><\/h4>\n<p><strong><span style=\"color: #333333; font-size: small;\">Max. v\u00e1g\u00e1si \u00e1tm\u00e9r\u0151: 22 mm<\/span><\/strong><\/p>\n<p><strong><span style=\"color: #333333; font-size: small;\">Sz\u00e9less\u00e9g: 70 mm<\/span><\/strong><\/p>\n<p><strong><span style=\"color: #333333; font-size: small;\">Hossz: 208 mm<\/span><\/strong><\/p>\n<p><strong><span style=\"color: #333333; font-size: small;\">T\u00f6mege: 200 g<\/span><\/strong><\/p>","protected":false},"featured_media":2944,"template":"","meta":{"_et_pb_use_builder":"","_et_pb_old_content":"","_et_gb_content_width":""},"product_brand":[],"product_cat":[4576],"product_tag":[1141,116,1142,114,1140],"class_list":{"0":"post-2943","1":"product","2":"type-product","3":"status-publish","4":"has-post-thumbnail","6":"product_cat-fiskars-metszoollok","7":"product_tag-1141","8":"product_tag-fiskars","9":"product_tag-melybordo","10":"product_tag-metszoollo","11":"product_tag-p26","13":"first","14":"instock","15":"shipping-taxable","16":"purchasable","17":"product-type-simple"},"yoast_head":"<!-- This site is optimized with the Yoast SEO plugin v27.4 - https:\/\/yoast.com\/product\/yoast-seo-wordpress\/ -->\n<title>Fiskars Inspiration metsz\u0151oll\u00f3 1027495 m\u00e9lybord\u00f3 P26 - T\u00e1jkert\u00e9sz<\/title>\n<meta name=\"description\" content=\"A Fiskars Inspiration metsz\u0151oll\u00f3 1027495 m\u00e9lybord\u00f3 P26 mely\u00a0 alapvet\u0151 metsz\u00e9si feladatok ell\u00e1t\u00e1s\u00e1ra haszn\u00e1lhat\u00f3.\" \/>\n<meta name=\"robots\" content=\"index, follow, max-snippet:-1, max-image-preview:large, max-video-preview:-1\" \/>\n<link rel=\"canonical\" href=\"https:\/\/tajkertesz.com\/en_US\/product\/fiskars-inspiration-metszoollo-1027495-melybordo-p26\/\" \/>\n<meta property=\"og:locale\" content=\"en_US\" \/>\n<meta property=\"og:type\" content=\"article\" \/>\n<meta property=\"og:title\" content=\"Fiskars Inspiration metsz\u0151oll\u00f3 1027495 m\u00e9lybord\u00f3 P26 - T\u00e1jkert\u00e9sz\" \/>\n<meta property=\"og:description\" content=\"A Fiskars Inspiration metsz\u0151oll\u00f3 1027495 m\u00e9lybord\u00f3 P26 mely\u00a0 alapvet\u0151 metsz\u00e9si feladatok ell\u00e1t\u00e1s\u00e1ra haszn\u00e1lhat\u00f3.\" \/>\n<meta property=\"og:url\" content=\"https:\/\/tajkertesz.com\/en_US\/product\/fiskars-inspiration-metszoollo-1027495-melybordo-p26\/\" \/>\n<meta property=\"og:site_name\" content=\"T\u00e1jkert\u00e9sz\" \/>\n<meta property=\"article:publisher\" content=\"https:\/\/www.facebook.com\/Tajkertesz\/\" \/>\n<meta property=\"article:modified_time\" content=\"2026-02-17T14:35:19+00:00\" \/>\n<meta property=\"og:image\" content=\"https:\/\/tajkertesz.com\/wp-content\/uploads\/2020\/12\/fiskars-melybordo.png\" \/>\n\t<meta property=\"og:image:width\" content=\"790\" \/>\n\t<meta property=\"og:image:height\" content=\"675\" \/>\n\t<meta property=\"og:image:type\" content=\"image\/png\" \/>\n<meta name=\"twitter:card\" content=\"summary_large_image\" \/>\n<meta name=\"twitter:label1\" content=\"Est. reading time\" \/>\n\t<meta name=\"twitter:data1\" content=\"2 minutes\" \/>\n<script type=\"application\/ld+json\" class=\"yoast-schema-graph\">{\"@context\":\"https:\\\/\\\/schema.org\",\"@graph\":[{\"@type\":\"WebPage\",\"@id\":\"https:\\\/\\\/tajkertesz.com\\\/termek\\\/fiskars-inspiration-metszoollo-1027495-melybordo-p26\\\/\",\"url\":\"https:\\\/\\\/tajkertesz.com\\\/termek\\\/fiskars-inspiration-metszoollo-1027495-melybordo-p26\\\/\",\"name\":\"Fiskars Inspiration metsz\u0151oll\u00f3 1027495 m\u00e9lybord\u00f3 P26 - T\u00e1jkert\u00e9sz\",\"isPartOf\":{\"@id\":\"https:\\\/\\\/tajkertesz.com\\\/#website\"},\"primaryImageOfPage\":{\"@id\":\"https:\\\/\\\/tajkertesz.com\\\/termek\\\/fiskars-inspiration-metszoollo-1027495-melybordo-p26\\\/#primaryimage\"},\"image\":{\"@id\":\"https:\\\/\\\/tajkertesz.com\\\/termek\\\/fiskars-inspiration-metszoollo-1027495-melybordo-p26\\\/#primaryimage\"},\"thumbnailUrl\":\"https:\\\/\\\/tajkertesz.com\\\/wp-content\\\/uploads\\\/2020\\\/12\\\/fiskars-melybordo.png\",\"datePublished\":\"2020-12-21T09:29:09+00:00\",\"dateModified\":\"2026-02-17T14:35:19+00:00\",\"description\":\"A Fiskars Inspiration metsz\u0151oll\u00f3 1027495 m\u00e9lybord\u00f3 P26 mely\u00a0 alapvet\u0151 metsz\u00e9si feladatok ell\u00e1t\u00e1s\u00e1ra haszn\u00e1lhat\u00f3.\",\"breadcrumb\":{\"@id\":\"https:\\\/\\\/tajkertesz.com\\\/termek\\\/fiskars-inspiration-metszoollo-1027495-melybordo-p26\\\/#breadcrumb\"},\"inLanguage\":\"en-US\",\"potentialAction\":[{\"@type\":\"ReadAction\",\"target\":[\"https:\\\/\\\/tajkertesz.com\\\/termek\\\/fiskars-inspiration-metszoollo-1027495-melybordo-p26\\\/\"]}]},{\"@type\":\"ImageObject\",\"inLanguage\":\"en-US\",\"@id\":\"https:\\\/\\\/tajkertesz.com\\\/termek\\\/fiskars-inspiration-metszoollo-1027495-melybordo-p26\\\/#primaryimage\",\"url\":\"https:\\\/\\\/tajkertesz.com\\\/wp-content\\\/uploads\\\/2020\\\/12\\\/fiskars-melybordo.png\",\"contentUrl\":\"https:\\\/\\\/tajkertesz.com\\\/wp-content\\\/uploads\\\/2020\\\/12\\\/fiskars-melybordo.png\",\"width\":790,\"height\":675},{\"@type\":\"BreadcrumbList\",\"@id\":\"https:\\\/\\\/tajkertesz.com\\\/termek\\\/fiskars-inspiration-metszoollo-1027495-melybordo-p26\\\/#breadcrumb\",\"itemListElement\":[{\"@type\":\"ListItem\",\"position\":1,\"name\":\"Home\",\"item\":\"https:\\\/\\\/tajkertesz.com\\\/\"},{\"@type\":\"ListItem\",\"position\":2,\"name\":\"Kezd\u0151lap\",\"item\":\"https:\\\/\\\/tajkertesz.com\\\/\"},{\"@type\":\"ListItem\",\"position\":3,\"name\":\"Fiskars Inspiration metsz\u0151oll\u00f3 1027495 m\u00e9lybord\u00f3 P26\"}]},{\"@type\":\"WebSite\",\"@id\":\"https:\\\/\\\/tajkertesz.com\\\/#website\",\"url\":\"https:\\\/\\\/tajkertesz.com\\\/\",\"name\":\"T\u00e1j-Kert\u00e9sz 84 Kft.\",\"description\":\"Kert\u00e9szeti kis- \u00e9s nagykeresked\u00e9s, D\u00edszn\u00f6v\u00e9ny web\u00e1ruh\u00e1z orsz\u00e1gos h\u00e1zhozsz\u00e1ll\u00edt\u00e1ssal!\",\"publisher\":{\"@id\":\"https:\\\/\\\/tajkertesz.com\\\/#organization\"},\"potentialAction\":[{\"@type\":\"SearchAction\",\"target\":{\"@type\":\"EntryPoint\",\"urlTemplate\":\"https:\\\/\\\/tajkertesz.com\\\/?s={search_term_string}\"},\"query-input\":{\"@type\":\"PropertyValueSpecification\",\"valueRequired\":true,\"valueName\":\"search_term_string\"}}],\"inLanguage\":\"en-US\"},{\"@type\":\"Organization\",\"@id\":\"https:\\\/\\\/tajkertesz.com\\\/#organization\",\"name\":\"T\u00e1j-Kert\u00e9sz 84 Kft.\",\"url\":\"https:\\\/\\\/tajkertesz.com\\\/\",\"logo\":{\"@type\":\"ImageObject\",\"inLanguage\":\"en-US\",\"@id\":\"https:\\\/\\\/tajkertesz.com\\\/#\\\/schema\\\/logo\\\/image\\\/\",\"url\":\"https:\\\/\\\/tajkertesz.com\\\/wp-content\\\/uploads\\\/2018\\\/02\\\/logo-2-e1518678052539.png\",\"contentUrl\":\"https:\\\/\\\/tajkertesz.com\\\/wp-content\\\/uploads\\\/2018\\\/02\\\/logo-2-e1518678052539.png\",\"width\":81,\"height\":140,\"caption\":\"T\u00e1j-Kert\u00e9sz 84 Kft.\"},\"image\":{\"@id\":\"https:\\\/\\\/tajkertesz.com\\\/#\\\/schema\\\/logo\\\/image\\\/\"},\"sameAs\":[\"https:\\\/\\\/www.facebook.com\\\/Tajkertesz\\\/\"]}]}<\/script>\n<!-- \/ Yoast SEO plugin. -->","yoast_head_json":{"title":"Fiskars Inspiration metsz\u0151oll\u00f3 1027495 m\u00e9lybord\u00f3 P26 - T\u00e1jkert\u00e9sz","description":"A Fiskars Inspiration metsz\u0151oll\u00f3 1027495 m\u00e9lybord\u00f3 P26 mely\u00a0 alapvet\u0151 metsz\u00e9si feladatok ell\u00e1t\u00e1s\u00e1ra haszn\u00e1lhat\u00f3.","robots":{"index":"index","follow":"follow","max-snippet":"max-snippet:-1","max-image-preview":"max-image-preview:large","max-video-preview":"max-video-preview:-1"},"canonical":"https:\/\/tajkertesz.com\/en_US\/product\/fiskars-inspiration-metszoollo-1027495-melybordo-p26\/","og_locale":"en_US","og_type":"article","og_title":"Fiskars Inspiration metsz\u0151oll\u00f3 1027495 m\u00e9lybord\u00f3 P26 - T\u00e1jkert\u00e9sz","og_description":"A Fiskars Inspiration metsz\u0151oll\u00f3 1027495 m\u00e9lybord\u00f3 P26 mely\u00a0 alapvet\u0151 metsz\u00e9si feladatok ell\u00e1t\u00e1s\u00e1ra haszn\u00e1lhat\u00f3.","og_url":"https:\/\/tajkertesz.com\/en_US\/product\/fiskars-inspiration-metszoollo-1027495-melybordo-p26\/","og_site_name":"T\u00e1jkert\u00e9sz","article_publisher":"https:\/\/www.facebook.com\/Tajkertesz\/","article_modified_time":"2026-02-17T14:35:19+00:00","og_image":[{"width":790,"height":675,"url":"https:\/\/tajkertesz.com\/wp-content\/uploads\/2020\/12\/fiskars-melybordo.png","type":"image\/png"}],"twitter_card":"summary_large_image","twitter_misc":{"Est. reading time":"2 minutes"},"schema":{"@context":"https:\/\/schema.org","@graph":[{"@type":"WebPage","@id":"https:\/\/tajkertesz.com\/termek\/fiskars-inspiration-metszoollo-1027495-melybordo-p26\/","url":"https:\/\/tajkertesz.com\/termek\/fiskars-inspiration-metszoollo-1027495-melybordo-p26\/","name":"Fiskars Inspiration metsz\u0151oll\u00f3 1027495 m\u00e9lybord\u00f3 P26 - T\u00e1jkert\u00e9sz","isPartOf":{"@id":"https:\/\/tajkertesz.com\/#website"},"primaryImageOfPage":{"@id":"https:\/\/tajkertesz.com\/termek\/fiskars-inspiration-metszoollo-1027495-melybordo-p26\/#primaryimage"},"image":{"@id":"https:\/\/tajkertesz.com\/termek\/fiskars-inspiration-metszoollo-1027495-melybordo-p26\/#primaryimage"},"thumbnailUrl":"https:\/\/tajkertesz.com\/wp-content\/uploads\/2020\/12\/fiskars-melybordo.png","datePublished":"2020-12-21T09:29:09+00:00","dateModified":"2026-02-17T14:35:19+00:00","description":"A Fiskars Inspiration metsz\u0151oll\u00f3 1027495 m\u00e9lybord\u00f3 P26 mely\u00a0 alapvet\u0151 metsz\u00e9si feladatok ell\u00e1t\u00e1s\u00e1ra haszn\u00e1lhat\u00f3.","breadcrumb":{"@id":"https:\/\/tajkertesz.com\/termek\/fiskars-inspiration-metszoollo-1027495-melybordo-p26\/#breadcrumb"},"inLanguage":"en-US","potentialAction":[{"@type":"ReadAction","target":["https:\/\/tajkertesz.com\/termek\/fiskars-inspiration-metszoollo-1027495-melybordo-p26\/"]}]},{"@type":"ImageObject","inLanguage":"en-US","@id":"https:\/\/tajkertesz.com\/termek\/fiskars-inspiration-metszoollo-1027495-melybordo-p26\/#primaryimage","url":"https:\/\/tajkertesz.com\/wp-content\/uploads\/2020\/12\/fiskars-melybordo.png","contentUrl":"https:\/\/tajkertesz.com\/wp-content\/uploads\/2020\/12\/fiskars-melybordo.png","width":790,"height":675},{"@type":"BreadcrumbList","@id":"https:\/\/tajkertesz.com\/termek\/fiskars-inspiration-metszoollo-1027495-melybordo-p26\/#breadcrumb","itemListElement":[{"@type":"ListItem","position":1,"name":"Home","item":"https:\/\/tajkertesz.com\/"},{"@type":"ListItem","position":2,"name":"Kezd\u0151lap","item":"https:\/\/tajkertesz.com\/"},{"@type":"ListItem","position":3,"name":"Fiskars Inspiration metsz\u0151oll\u00f3 1027495 m\u00e9lybord\u00f3 P26"}]},{"@type":"WebSite","@id":"https:\/\/tajkertesz.com\/#website","url":"https:\/\/tajkertesz.com\/","name":"T\u00e1j-Kert\u00e9sz 84 Kft.","description":"Kert\u00e9szeti kis- \u00e9s nagykeresked\u00e9s, D\u00edszn\u00f6v\u00e9ny web\u00e1ruh\u00e1z orsz\u00e1gos h\u00e1zhozsz\u00e1ll\u00edt\u00e1ssal!","publisher":{"@id":"https:\/\/tajkertesz.com\/#organization"},"potentialAction":[{"@type":"SearchAction","target":{"@type":"EntryPoint","urlTemplate":"https:\/\/tajkertesz.com\/?s={search_term_string}"},"query-input":{"@type":"PropertyValueSpecification","valueRequired":true,"valueName":"search_term_string"}}],"inLanguage":"en-US"},{"@type":"Organization","@id":"https:\/\/tajkertesz.com\/#organization","name":"T\u00e1j-Kert\u00e9sz 84 Kft.","url":"https:\/\/tajkertesz.com\/","logo":{"@type":"ImageObject","inLanguage":"en-US","@id":"https:\/\/tajkertesz.com\/#\/schema\/logo\/image\/","url":"https:\/\/tajkertesz.com\/wp-content\/uploads\/2018\/02\/logo-2-e1518678052539.png","contentUrl":"https:\/\/tajkertesz.com\/wp-content\/uploads\/2018\/02\/logo-2-e1518678052539.png","width":81,"height":140,"caption":"T\u00e1j-Kert\u00e9sz 84 Kft."},"image":{"@id":"https:\/\/tajkertesz.com\/#\/schema\/logo\/image\/"},"sameAs":["https:\/\/www.facebook.com\/Tajkertesz\/"]}]}},"_links":{"self":[{"href":"https:\/\/tajkertesz.com\/en_US\/wp-json\/wp\/v2\/product\/2943","targetHints":{"allow":["GET"]}}],"collection":[{"href":"https:\/\/tajkertesz.com\/en_US\/wp-json\/wp\/v2\/product"}],"about":[{"href":"https:\/\/tajkertesz.com\/en_US\/wp-json\/wp\/v2\/types\/product"}],"wp:featuredmedia":[{"embeddable":true,"href":"https:\/\/tajkertesz.com\/en_US\/wp-json\/wp\/v2\/media\/2944"}],"wp:attachment":[{"href":"https:\/\/tajkertesz.com\/en_US\/wp-json\/wp\/v2\/media?parent=2943"}],"wp:term":[{"taxonomy":"product_brand","embeddable":true,"href":"https:\/\/tajkertesz.com\/en_US\/wp-json\/wp\/v2\/product_brand?post=2943"},{"taxonomy":"product_cat","embeddable":true,"href":"https:\/\/tajkertesz.com\/en_US\/wp-json\/wp\/v2\/product_cat?post=2943"},{"taxonomy":"product_tag","embeddable":true,"href":"https:\/\/tajkertesz.com\/en_US\/wp-json\/wp\/v2\/product_tag?post=2943"}],"curies":[{"name":"wp","href":"https:\/\/api.w.org\/{rel}","templated":true}]}}