{"id":2948,"date":"2020-12-21T10:29:39","date_gmt":"2020-12-21T10:29:39","guid":{"rendered":"https:\/\/tajkertesz.com\/?post_type=product&#038;p=2948"},"modified":"2026-02-17T14:35:14","modified_gmt":"2026-02-17T14:35:14","slug":"fiskars-powergearx-forgonyeles-metszoollo-l-es-meretu-p961","status":"publish","type":"product","link":"https:\/\/tajkertesz.com\/en_US\/product\/fiskars-powergearx-forgonyeles-metszoollo-l-es-meretu-p961\/","title":{"rendered":"Fiskars PowerGearX\u2122 forg\u00f3nyeles metsz\u0151oll\u00f3 L-es m\u00e9ret\u0171 P961"},"content":{"rendered":"<h2>Fiskars PowerGearX\u2122 metsz\u0151oll\u00f3 L-es m\u00e9ret\u0171 PX94<\/h2>\n<h3><strong>A Fiskars PowerGearX\u2122 metsz\u0151oll\u00f3 L-es m\u00e9ret\u0171 PX94 ode\u00e1lis max.2,6cm gallyak v\u00e1g\u00e1s\u00e1hoz.<\/strong><\/h3>\n<h3><strong> Egyedi Power Gear fogakerekes er\u0151\u00e1tvitel (X3,5).<\/strong><\/h3>\n<h3><strong> K\u00f6nny\u0171, er\u0151s, PTFE bevonat\u00fapenge. K\u00f6zepes \u00e9s nagy k\u00e9zbe egyar\u00e1nt aj\u00e1nljuk.<\/strong><\/h3>\n<p>El\u00e9rhet\u0151 t\u00f6bbf\u00e9le m\u00e9retben \u00e9s \u00e1rban.<\/p>\n<p><strong>K\u00e9szlet\u00fcnk napi szinten v\u00e1ltozik, ez\u00e9rt k\u00e9rj\u00fck, \u00e9rdekl\u0151dj\u00f6n szem\u00e9lyesen, telefonon vagy email-en.<br \/>\nA v\u00e1ltoztat\u00e1s jog\u00e1t fenntartjuk!\u00a0<\/strong><\/p>\n<p><em>\u00a0<\/em><\/p>\n<p><a href=\"https:\/\/tajkertesz.com\/\">https:\/\/tajkertesz.com\/<\/a><\/p>\n<p><a href=\"https:\/\/www.fiskars.com\/\">https:\/\/www.fiskars.com\/<\/a><\/p>\n<p><b>Fiskars<\/b>\u00a0c\u00e9gcsoport (Fiskars Oyj Abp) a fogyaszt\u00e1si cikkek ter\u00fclet\u00e9n tev\u00e9kenyked\u0151 finn v\u00e1llalat, amelyet 1649-ben alap\u00edtottak Fiskars faluban.<\/p>\n<p>A Fiskars a narancss\u00e1rga nyel\u0171 oll\u00f3ir\u00f3l ismert, amelyek 1967-ben jelentek meg a piacon. Akkor m\u00e9g fekete, v\u00f6r\u00f6s, z\u00f6ld \u00e9s narancss\u00e1rga sz\u00ednekben gy\u00e1rtott\u00e1k. V\u00e9g\u00fcl a narancss\u00e1gra sz\u00edn maradt az \u00e1lland\u00f3. Ugyanaz a narancss\u00e1rga sz\u00edn<\/p>\n<p>(Fiskars Orange) v\u00e9djegyk\u00e9nt van bejegyezve Finnorsz\u00e1gban 2003 \u00f3ta.<\/p>\n<p>A Fiskars term\u00e9kei a vil\u00e1g t\u00f6bb mint sz\u00e1z orsz\u00e1g\u00e1ban kaphat\u00f3ak.<\/p>\n<p>Kiemelked\u0151 min\u0151s\u00e9g\u0171 a h\u00e1ztart\u00e1si eszk\u00f6z\u00f6k gy\u00e1rt\u00e1s\u00e1ban illetve a kerti szersz\u00e1mok is cs\u00facsmin\u0151s\u00e9g\u00e9ben k\u00e9sz\u00fclnek.<\/p>\n<p><strong>Amennyiben \u00f6n Fiskars term\u00e9ket v\u00e1s\u00e1rol min\u0151s\u00e9get v\u00e1s\u00e1rol el\u00e9rhet\u0151 \u00e1ron.\u00a0<\/strong><\/p>\n<p><b>Fiskars<\/b>\u00a0c\u00e9gcsoport (Fiskars Oyj Abp) a fogyaszt\u00e1si cikkek ter\u00fclet\u00e9n tev\u00e9kenyked\u0151 finn v\u00e1llalat, amelyet 1649-ben alap\u00edtottak Fiskars faluban.<\/p>\n<p>A Fiskars a narancss\u00e1rga nyel\u0171 oll\u00f3ir\u00f3l ismert, amelyek 1967-ben jelentek meg a piacon. Akkor m\u00e9g fekete, v\u00f6r\u00f6s, z\u00f6ld \u00e9s narancss\u00e1rga sz\u00ednekben gy\u00e1rtott\u00e1k. V\u00e9g\u00fcl a narancss\u00e1gra sz\u00edn maradt az \u00e1lland\u00f3. Ugyanaz a narancss\u00e1rga sz\u00edn<\/p>\n<p>(Fiskars Orange) v\u00e9djegyk\u00e9nt van bejegyezve Finnorsz\u00e1gban 2003 \u00f3ta.<\/p>\n<p>A Fiskars term\u00e9kei a vil\u00e1g t\u00f6bb mint sz\u00e1z orsz\u00e1g\u00e1ban kaphat\u00f3ak.<\/p>\n<p>Kiemelked\u0151 min\u0151s\u00e9g\u0171 a h\u00e1ztart\u00e1si eszk\u00f6z\u00f6k gy\u00e1rt\u00e1s\u00e1ban illetve a kerti szersz\u00e1mok is cs\u00facsmin\u0151s\u00e9g\u00e9ben k\u00e9sz\u00fclnek.<\/p>\n<p><strong>Amennyiben \u00f6n Fiskars term\u00e9ket v\u00e1s\u00e1rol min\u0151s\u00e9get v\u00e1s\u00e1rol el\u00e9rhet\u0151 \u00e1ron.\u00a0<\/strong><\/p>\n<p>&nbsp;<\/p>\n<p>&nbsp;<\/p>","protected":false},"excerpt":{"rendered":"<h3><strong>A Fiskars PowerGearX\u2122 metsz\u0151oll\u00f3 L-es m\u00e9ret\u0171 PX94 ode\u00e1lis max.2,6cm gallyak v\u00e1g\u00e1s\u00e1hoz.<\/strong><\/h3>\n<h3><strong> Egyedi Power Gear fogakerekes er\u0151\u00e1tvitel (X3,5).<\/strong><\/h3>\n<h3><strong> K\u00f6nny\u0171, er\u0151s, PTFE bevonat\u00fapenge. K\u00f6zepes \u00e9s nagy k\u00e9zbe egyar\u00e1nt aj\u00e1nljuk.<\/strong><\/h3>","protected":false},"featured_media":2949,"template":"","meta":{"_et_pb_use_builder":"","_et_pb_old_content":"","_et_gb_content_width":""},"product_brand":[],"product_cat":[4576],"product_tag":[116,3917,1146,1147,3918],"class_list":{"0":"post-2948","1":"product","2":"type-product","3":"status-publish","4":"has-post-thumbnail","6":"product_cat-fiskars-metszoollok","7":"product_tag-fiskars","8":"product_tag-forgonyeles-metszoollo","9":"product_tag-l-es-meretu","10":"product_tag-power-gear","11":"product_tag-px961","13":"first","14":"instock","15":"shipping-taxable","16":"purchasable","17":"product-type-simple"},"yoast_head":"<!-- This site is optimized with the Yoast SEO plugin v27.3 - https:\/\/yoast.com\/product\/yoast-seo-wordpress\/ -->\n<title>Fiskars PowerGearX\u2122 forg\u00f3nyeles metsz\u0151oll\u00f3 L-es m\u00e9ret\u0171 P961 - T\u00e1jkert\u00e9sz<\/title>\n<meta name=\"description\" content=\"A Fiskars PowerGearX\u2122 metsz\u0151oll\u00f3 L-es m\u00e9ret\u0171 PX94 ode\u00e1lis max.2,6cm gallyak v\u00e1g\u00e1s\u00e1hoz. Egyedi Power Gear fogakerekes er\u0151\u00e1tvitel.\" \/>\n<meta name=\"robots\" content=\"index, follow, max-snippet:-1, max-image-preview:large, max-video-preview:-1\" \/>\n<link rel=\"canonical\" href=\"https:\/\/tajkertesz.com\/en_US\/product\/fiskars-powergearx-forgonyeles-metszoollo-l-es-meretu-p961\/\" \/>\n<meta property=\"og:locale\" content=\"en_US\" \/>\n<meta property=\"og:type\" content=\"article\" \/>\n<meta property=\"og:title\" content=\"Fiskars PowerGearX\u2122 forg\u00f3nyeles metsz\u0151oll\u00f3 L-es m\u00e9ret\u0171 P961 - T\u00e1jkert\u00e9sz\" \/>\n<meta property=\"og:description\" content=\"A Fiskars PowerGearX\u2122 metsz\u0151oll\u00f3 L-es m\u00e9ret\u0171 PX94 ode\u00e1lis max.2,6cm gallyak v\u00e1g\u00e1s\u00e1hoz. Egyedi Power Gear fogakerekes er\u0151\u00e1tvitel.\" \/>\n<meta property=\"og:url\" content=\"https:\/\/tajkertesz.com\/en_US\/product\/fiskars-powergearx-forgonyeles-metszoollo-l-es-meretu-p961\/\" \/>\n<meta property=\"og:site_name\" content=\"T\u00e1jkert\u00e9sz\" \/>\n<meta property=\"article:publisher\" content=\"https:\/\/www.facebook.com\/Tajkertesz\/\" \/>\n<meta property=\"article:modified_time\" content=\"2026-02-17T14:35:14+00:00\" \/>\n<meta property=\"og:image\" content=\"https:\/\/tajkertesz.com\/wp-content\/uploads\/2020\/12\/PowerGearX-metszoollo-L-PX94-1.jpg\" \/>\n\t<meta property=\"og:image:width\" content=\"555\" \/>\n\t<meta property=\"og:image:height\" content=\"555\" \/>\n\t<meta property=\"og:image:type\" content=\"image\/jpeg\" \/>\n<meta name=\"twitter:card\" content=\"summary_large_image\" \/>\n<meta name=\"twitter:label1\" content=\"Est. reading time\" \/>\n\t<meta name=\"twitter:data1\" content=\"2 minutes\" \/>\n<script type=\"application\/ld+json\" class=\"yoast-schema-graph\">{\"@context\":\"https:\\\/\\\/schema.org\",\"@graph\":[{\"@type\":\"WebPage\",\"@id\":\"https:\\\/\\\/tajkertesz.com\\\/termek\\\/fiskars-powergearx-forgonyeles-metszoollo-l-es-meretu-p961\\\/\",\"url\":\"https:\\\/\\\/tajkertesz.com\\\/termek\\\/fiskars-powergearx-forgonyeles-metszoollo-l-es-meretu-p961\\\/\",\"name\":\"Fiskars PowerGearX\u2122 forg\u00f3nyeles metsz\u0151oll\u00f3 L-es m\u00e9ret\u0171 P961 - T\u00e1jkert\u00e9sz\",\"isPartOf\":{\"@id\":\"https:\\\/\\\/tajkertesz.com\\\/#website\"},\"primaryImageOfPage\":{\"@id\":\"https:\\\/\\\/tajkertesz.com\\\/termek\\\/fiskars-powergearx-forgonyeles-metszoollo-l-es-meretu-p961\\\/#primaryimage\"},\"image\":{\"@id\":\"https:\\\/\\\/tajkertesz.com\\\/termek\\\/fiskars-powergearx-forgonyeles-metszoollo-l-es-meretu-p961\\\/#primaryimage\"},\"thumbnailUrl\":\"https:\\\/\\\/tajkertesz.com\\\/wp-content\\\/uploads\\\/2020\\\/12\\\/PowerGearX-metszoollo-L-PX94-1.jpg\",\"datePublished\":\"2020-12-21T10:29:39+00:00\",\"dateModified\":\"2026-02-17T14:35:14+00:00\",\"description\":\"A Fiskars PowerGearX\u2122 metsz\u0151oll\u00f3 L-es m\u00e9ret\u0171 PX94 ode\u00e1lis max.2,6cm gallyak v\u00e1g\u00e1s\u00e1hoz. Egyedi Power Gear fogakerekes er\u0151\u00e1tvitel.\",\"breadcrumb\":{\"@id\":\"https:\\\/\\\/tajkertesz.com\\\/termek\\\/fiskars-powergearx-forgonyeles-metszoollo-l-es-meretu-p961\\\/#breadcrumb\"},\"inLanguage\":\"en-US\",\"potentialAction\":[{\"@type\":\"ReadAction\",\"target\":[\"https:\\\/\\\/tajkertesz.com\\\/termek\\\/fiskars-powergearx-forgonyeles-metszoollo-l-es-meretu-p961\\\/\"]}]},{\"@type\":\"ImageObject\",\"inLanguage\":\"en-US\",\"@id\":\"https:\\\/\\\/tajkertesz.com\\\/termek\\\/fiskars-powergearx-forgonyeles-metszoollo-l-es-meretu-p961\\\/#primaryimage\",\"url\":\"https:\\\/\\\/tajkertesz.com\\\/wp-content\\\/uploads\\\/2020\\\/12\\\/PowerGearX-metszoollo-L-PX94-1.jpg\",\"contentUrl\":\"https:\\\/\\\/tajkertesz.com\\\/wp-content\\\/uploads\\\/2020\\\/12\\\/PowerGearX-metszoollo-L-PX94-1.jpg\",\"width\":555,\"height\":555},{\"@type\":\"BreadcrumbList\",\"@id\":\"https:\\\/\\\/tajkertesz.com\\\/termek\\\/fiskars-powergearx-forgonyeles-metszoollo-l-es-meretu-p961\\\/#breadcrumb\",\"itemListElement\":[{\"@type\":\"ListItem\",\"position\":1,\"name\":\"Home\",\"item\":\"https:\\\/\\\/tajkertesz.com\\\/\"},{\"@type\":\"ListItem\",\"position\":2,\"name\":\"Kezd\u0151lap\",\"item\":\"https:\\\/\\\/tajkertesz.com\\\/\"},{\"@type\":\"ListItem\",\"position\":3,\"name\":\"Fiskars PowerGearX\u2122 forg\u00f3nyeles metsz\u0151oll\u00f3 L-es m\u00e9ret\u0171 P961\"}]},{\"@type\":\"WebSite\",\"@id\":\"https:\\\/\\\/tajkertesz.com\\\/#website\",\"url\":\"https:\\\/\\\/tajkertesz.com\\\/\",\"name\":\"T\u00e1j-Kert\u00e9sz 84 Kft.\",\"description\":\"Kert\u00e9szeti kis- \u00e9s nagykeresked\u00e9s, D\u00edszn\u00f6v\u00e9ny web\u00e1ruh\u00e1z orsz\u00e1gos h\u00e1zhozsz\u00e1ll\u00edt\u00e1ssal!\",\"publisher\":{\"@id\":\"https:\\\/\\\/tajkertesz.com\\\/#organization\"},\"potentialAction\":[{\"@type\":\"SearchAction\",\"target\":{\"@type\":\"EntryPoint\",\"urlTemplate\":\"https:\\\/\\\/tajkertesz.com\\\/?s={search_term_string}\"},\"query-input\":{\"@type\":\"PropertyValueSpecification\",\"valueRequired\":true,\"valueName\":\"search_term_string\"}}],\"inLanguage\":\"en-US\"},{\"@type\":\"Organization\",\"@id\":\"https:\\\/\\\/tajkertesz.com\\\/#organization\",\"name\":\"T\u00e1j-Kert\u00e9sz 84 Kft.\",\"url\":\"https:\\\/\\\/tajkertesz.com\\\/\",\"logo\":{\"@type\":\"ImageObject\",\"inLanguage\":\"en-US\",\"@id\":\"https:\\\/\\\/tajkertesz.com\\\/#\\\/schema\\\/logo\\\/image\\\/\",\"url\":\"https:\\\/\\\/tajkertesz.com\\\/wp-content\\\/uploads\\\/2018\\\/02\\\/logo-2-e1518678052539.png\",\"contentUrl\":\"https:\\\/\\\/tajkertesz.com\\\/wp-content\\\/uploads\\\/2018\\\/02\\\/logo-2-e1518678052539.png\",\"width\":81,\"height\":140,\"caption\":\"T\u00e1j-Kert\u00e9sz 84 Kft.\"},\"image\":{\"@id\":\"https:\\\/\\\/tajkertesz.com\\\/#\\\/schema\\\/logo\\\/image\\\/\"},\"sameAs\":[\"https:\\\/\\\/www.facebook.com\\\/Tajkertesz\\\/\"]}]}<\/script>\n<!-- \/ Yoast SEO plugin. -->","yoast_head_json":{"title":"Fiskars PowerGearX\u2122 forg\u00f3nyeles metsz\u0151oll\u00f3 L-es m\u00e9ret\u0171 P961 - T\u00e1jkert\u00e9sz","description":"A Fiskars PowerGearX\u2122 metsz\u0151oll\u00f3 L-es m\u00e9ret\u0171 PX94 ode\u00e1lis max.2,6cm gallyak v\u00e1g\u00e1s\u00e1hoz. Egyedi Power Gear fogakerekes er\u0151\u00e1tvitel.","robots":{"index":"index","follow":"follow","max-snippet":"max-snippet:-1","max-image-preview":"max-image-preview:large","max-video-preview":"max-video-preview:-1"},"canonical":"https:\/\/tajkertesz.com\/en_US\/product\/fiskars-powergearx-forgonyeles-metszoollo-l-es-meretu-p961\/","og_locale":"en_US","og_type":"article","og_title":"Fiskars PowerGearX\u2122 forg\u00f3nyeles metsz\u0151oll\u00f3 L-es m\u00e9ret\u0171 P961 - T\u00e1jkert\u00e9sz","og_description":"A Fiskars PowerGearX\u2122 metsz\u0151oll\u00f3 L-es m\u00e9ret\u0171 PX94 ode\u00e1lis max.2,6cm gallyak v\u00e1g\u00e1s\u00e1hoz. Egyedi Power Gear fogakerekes er\u0151\u00e1tvitel.","og_url":"https:\/\/tajkertesz.com\/en_US\/product\/fiskars-powergearx-forgonyeles-metszoollo-l-es-meretu-p961\/","og_site_name":"T\u00e1jkert\u00e9sz","article_publisher":"https:\/\/www.facebook.com\/Tajkertesz\/","article_modified_time":"2026-02-17T14:35:14+00:00","og_image":[{"width":555,"height":555,"url":"https:\/\/tajkertesz.com\/wp-content\/uploads\/2020\/12\/PowerGearX-metszoollo-L-PX94-1.jpg","type":"image\/jpeg"}],"twitter_card":"summary_large_image","twitter_misc":{"Est. reading time":"2 minutes"},"schema":{"@context":"https:\/\/schema.org","@graph":[{"@type":"WebPage","@id":"https:\/\/tajkertesz.com\/termek\/fiskars-powergearx-forgonyeles-metszoollo-l-es-meretu-p961\/","url":"https:\/\/tajkertesz.com\/termek\/fiskars-powergearx-forgonyeles-metszoollo-l-es-meretu-p961\/","name":"Fiskars PowerGearX\u2122 forg\u00f3nyeles metsz\u0151oll\u00f3 L-es m\u00e9ret\u0171 P961 - T\u00e1jkert\u00e9sz","isPartOf":{"@id":"https:\/\/tajkertesz.com\/#website"},"primaryImageOfPage":{"@id":"https:\/\/tajkertesz.com\/termek\/fiskars-powergearx-forgonyeles-metszoollo-l-es-meretu-p961\/#primaryimage"},"image":{"@id":"https:\/\/tajkertesz.com\/termek\/fiskars-powergearx-forgonyeles-metszoollo-l-es-meretu-p961\/#primaryimage"},"thumbnailUrl":"https:\/\/tajkertesz.com\/wp-content\/uploads\/2020\/12\/PowerGearX-metszoollo-L-PX94-1.jpg","datePublished":"2020-12-21T10:29:39+00:00","dateModified":"2026-02-17T14:35:14+00:00","description":"A Fiskars PowerGearX\u2122 metsz\u0151oll\u00f3 L-es m\u00e9ret\u0171 PX94 ode\u00e1lis max.2,6cm gallyak v\u00e1g\u00e1s\u00e1hoz. Egyedi Power Gear fogakerekes er\u0151\u00e1tvitel.","breadcrumb":{"@id":"https:\/\/tajkertesz.com\/termek\/fiskars-powergearx-forgonyeles-metszoollo-l-es-meretu-p961\/#breadcrumb"},"inLanguage":"en-US","potentialAction":[{"@type":"ReadAction","target":["https:\/\/tajkertesz.com\/termek\/fiskars-powergearx-forgonyeles-metszoollo-l-es-meretu-p961\/"]}]},{"@type":"ImageObject","inLanguage":"en-US","@id":"https:\/\/tajkertesz.com\/termek\/fiskars-powergearx-forgonyeles-metszoollo-l-es-meretu-p961\/#primaryimage","url":"https:\/\/tajkertesz.com\/wp-content\/uploads\/2020\/12\/PowerGearX-metszoollo-L-PX94-1.jpg","contentUrl":"https:\/\/tajkertesz.com\/wp-content\/uploads\/2020\/12\/PowerGearX-metszoollo-L-PX94-1.jpg","width":555,"height":555},{"@type":"BreadcrumbList","@id":"https:\/\/tajkertesz.com\/termek\/fiskars-powergearx-forgonyeles-metszoollo-l-es-meretu-p961\/#breadcrumb","itemListElement":[{"@type":"ListItem","position":1,"name":"Home","item":"https:\/\/tajkertesz.com\/"},{"@type":"ListItem","position":2,"name":"Kezd\u0151lap","item":"https:\/\/tajkertesz.com\/"},{"@type":"ListItem","position":3,"name":"Fiskars PowerGearX\u2122 forg\u00f3nyeles metsz\u0151oll\u00f3 L-es m\u00e9ret\u0171 P961"}]},{"@type":"WebSite","@id":"https:\/\/tajkertesz.com\/#website","url":"https:\/\/tajkertesz.com\/","name":"T\u00e1j-Kert\u00e9sz 84 Kft.","description":"Kert\u00e9szeti kis- \u00e9s nagykeresked\u00e9s, D\u00edszn\u00f6v\u00e9ny web\u00e1ruh\u00e1z orsz\u00e1gos h\u00e1zhozsz\u00e1ll\u00edt\u00e1ssal!","publisher":{"@id":"https:\/\/tajkertesz.com\/#organization"},"potentialAction":[{"@type":"SearchAction","target":{"@type":"EntryPoint","urlTemplate":"https:\/\/tajkertesz.com\/?s={search_term_string}"},"query-input":{"@type":"PropertyValueSpecification","valueRequired":true,"valueName":"search_term_string"}}],"inLanguage":"en-US"},{"@type":"Organization","@id":"https:\/\/tajkertesz.com\/#organization","name":"T\u00e1j-Kert\u00e9sz 84 Kft.","url":"https:\/\/tajkertesz.com\/","logo":{"@type":"ImageObject","inLanguage":"en-US","@id":"https:\/\/tajkertesz.com\/#\/schema\/logo\/image\/","url":"https:\/\/tajkertesz.com\/wp-content\/uploads\/2018\/02\/logo-2-e1518678052539.png","contentUrl":"https:\/\/tajkertesz.com\/wp-content\/uploads\/2018\/02\/logo-2-e1518678052539.png","width":81,"height":140,"caption":"T\u00e1j-Kert\u00e9sz 84 Kft."},"image":{"@id":"https:\/\/tajkertesz.com\/#\/schema\/logo\/image\/"},"sameAs":["https:\/\/www.facebook.com\/Tajkertesz\/"]}]}},"_links":{"self":[{"href":"https:\/\/tajkertesz.com\/en_US\/wp-json\/wp\/v2\/product\/2948","targetHints":{"allow":["GET"]}}],"collection":[{"href":"https:\/\/tajkertesz.com\/en_US\/wp-json\/wp\/v2\/product"}],"about":[{"href":"https:\/\/tajkertesz.com\/en_US\/wp-json\/wp\/v2\/types\/product"}],"wp:featuredmedia":[{"embeddable":true,"href":"https:\/\/tajkertesz.com\/en_US\/wp-json\/wp\/v2\/media\/2949"}],"wp:attachment":[{"href":"https:\/\/tajkertesz.com\/en_US\/wp-json\/wp\/v2\/media?parent=2948"}],"wp:term":[{"taxonomy":"product_brand","embeddable":true,"href":"https:\/\/tajkertesz.com\/en_US\/wp-json\/wp\/v2\/product_brand?post=2948"},{"taxonomy":"product_cat","embeddable":true,"href":"https:\/\/tajkertesz.com\/en_US\/wp-json\/wp\/v2\/product_cat?post=2948"},{"taxonomy":"product_tag","embeddable":true,"href":"https:\/\/tajkertesz.com\/en_US\/wp-json\/wp\/v2\/product_tag?post=2948"}],"curies":[{"name":"wp","href":"https:\/\/api.w.org\/{rel}","templated":true}]}}