{"id":2955,"date":"2020-12-21T12:20:53","date_gmt":"2020-12-21T12:20:53","guid":{"rendered":"https:\/\/tajkertesz.com\/?post_type=product&#038;p=2955"},"modified":"2024-01-16T16:01:28","modified_gmt":"2024-01-16T16:01:28","slug":"inspiration-ollo-metszoollo-szett-safranysarga-szinben","status":"publish","type":"product","link":"https:\/\/tajkertesz.com\/en_US\/product\/inspiration-ollo-metszoollo-szett-safranysarga-szinben\/","title":{"rendered":"Fiskars Inspiration oll\u00f3 + metsz\u0151oll\u00f3 szett, S\u00e1fr\u00e1nys\u00e1rga sz\u00ednben"},"content":{"rendered":"<div class=\"artdet__name-pagination-wrap d-flex\">\n<h2 class=\"col pl-0 artdet__name line-clamp--3-12\">Inspiration oll\u00f3 + metsz\u0151oll\u00f3 szett, S\u00e1fr\u00e1nys\u00e1rga sz\u00ednben<\/h2>\n<p>A Fiskars\u00a0Inspiration oll\u00f3 + metsz\u0151oll\u00f3 szett, S\u00e1fr\u00e1nys\u00e1rga sz\u00ednben k\u00e9t r\u00e9szes \u00f6ssze\u00e1ll\u00edt\u00e1s.<\/p>\n<p>Tartalma:<\/p>\n<ul>\n<li>1 db Inspirtaion metsz\u0151oll\u00f3 P26, s\u00e1fr\u00e1nys\u00e1rga<\/li>\n<li>1 db Inspiration \u00e1ltal\u00e1nos oll\u00f3 (21 cm) s\u00e1fr\u00e1nys\u00e1rga<\/li>\n<\/ul>\n<p>&nbsp;<\/p>\n<h1><strong>\u00a0<span style=\"text-decoration: underline;\">Fiskars Inspiration metsz\u0151oll\u00f3<\/span> \u00a0<\/strong><\/h1>\n<h4><strong>A Fiskars Inspiration metsz\u0151oll\u00f3\u00a0<\/strong><strong>mely\u00a0 alapvet\u0151 metsz\u00e9si feladatok ell\u00e1t\u00e1s\u00e1ra haszn\u00e1lhat\u00f3. Ide\u00e1lis friss, z\u00f6ld hajt\u00e1sok metsz\u00e9s\u00e9re.<\/strong><\/h4>\n<h4><strong>A k\u00fcl\u00f6nleges sz\u00edne miatt k\u00f6nnyebb megtal\u00e1lni a kertben.\u00a0<\/strong><\/h4>\n<h4><strong>Massz\u00edv nyelek a\u00a0 k\u00e9nyelmes fog\u00e1sra.\u00a0\u00a0Kiegyens\u00falyozott formatervez\u00e9s a hat\u00e9kony v\u00e1g\u00e1s\u00e9rt.<\/strong><br \/>\n<strong>Tapad\u00e1smentes PTFE bevont a fels\u0151 peng\u00e9n a s\u00farl\u00f3d\u00e1sok cs\u00f6kkent\u00e9se \u00e9s a k\u00f6nnyebb tiszt\u00edt\u00e1s \u00e9rdek\u00e9ben.<\/strong><\/h4>\n<h4><strong>Max. v\u00e1g\u00e1si \u00e1tm\u00e9r\u0151: 22 mm<\/strong><\/h4>\n<h4><strong>Sz\u00e9less\u00e9g: 70 mm<\/strong><\/h4>\n<h4><strong>Hossz: 208 mm<\/strong><\/h4>\n<h4><strong>T\u00f6mege: 200 g<\/strong><\/h4>\n<h4><strong>A term\u00e9k gy\u00e1rt\u00f3ja: Fiskars<\/strong><\/h4>\n<h1><span style=\"text-decoration: underline;\">Fiskars Classic \u00e1ltal\u00e1nos oll\u00f3, 21 cm<\/span><\/h1>\n<p>A Fiskars Classic \u00e1ltal\u00e1nos oll\u00f3, 21 cm \u00a0ide\u00e1lis mindenfajta v\u00e1g\u00e1si feladathoz, ak\u00e1r otthoni, iskolai vagy irodai haszn\u00e1latra. A peng\u00e9k fesz\u00edt\u00e9se a k\u00f6z\u00e9ps\u0151 csavarral \u00e1ll\u00edthat\u00f3, de egyben megk\u00f6nny\u00edti a tiszt\u00edt\u00e1st is.<\/p>\n<p>A t\u00f6bb mint n\u00e9gy \u00e9vtizede nagy n\u00e9pszer\u0171s\u00e9gnek \u00f6rvend\u0151 \u201enarancss\u00e1rga\u201d Fiskars oll\u00f3k a formatervez\u00e9s klasszikusai.<br \/>\nA markolat nagy fel\u00fcletet biztos\u00edt az ujjaknak a nyom\u00e1shoz, \u00edgy az eszk\u00f6z a kifejtett er\u0151t egyenletesen osztja el, ezzel az oll\u00f3 haszn\u00e1lat k\u00e9nyelmes \u00e9s nem f\u00e1raszt\u00f3.<br \/>\nA tart\u00f3s \u00e9s higi\u00e9nikus illeszt\u00e9s \u00e9rdek\u00e9ben a ny\u00e9l \u00e9s penge illeszt\u00e9se fr\u00f6ccs\u00f6nt\u00e9ses technik\u00e1val t\u00f6rt\u00e9nik.<\/p>\n<\/div>\n<p>El\u00e9rhet\u0151 t\u00f6bbf\u00e9le m\u00e9retben \u00e9s \u00e1rban.<\/p>\n<p><strong>K\u00e9szlet\u00fcnk napi szinten v\u00e1ltozik, ez\u00e9rt k\u00e9rj\u00fck, \u00e9rdekl\u0151dj\u00f6n szem\u00e9lyesen, telefonon vagy email-en.<br \/>\nA v\u00e1ltoztat\u00e1s jog\u00e1t fenntartjuk!\u00a0<\/strong><\/p>\n<p><em>\u00a0<\/em><\/p>\n<p><a href=\"https:\/\/tajkertesz.com\/\">https:\/\/tajkertesz.com\/<\/a><\/p>\n<p><a href=\"https:\/\/www.fiskars.com\/\">https:\/\/www.fiskars.com\/<\/a><\/p>\n<p><b>Fiskars<\/b>\u00a0c\u00e9gcsoport (Fiskars Oyj Abp) a fogyaszt\u00e1si cikkek ter\u00fclet\u00e9n tev\u00e9kenyked\u0151 finn v\u00e1llalat, amelyet 1649-ben alap\u00edtottak Fiskars faluban.<\/p>\n<p>A Fiskars a narancss\u00e1rga nyel\u0171 oll\u00f3ir\u00f3l ismert, amelyek 1967-ben jelentek meg a piacon. Akkor m\u00e9g fekete, v\u00f6r\u00f6s, z\u00f6ld \u00e9s narancss\u00e1rga sz\u00ednekben gy\u00e1rtott\u00e1k. V\u00e9g\u00fcl a narancss\u00e1gra sz\u00edn maradt az \u00e1lland\u00f3. Ugyanaz a narancss\u00e1rga sz\u00edn<\/p>\n<p>(Fiskars Orange) v\u00e9djegyk\u00e9nt van bejegyezve Finnorsz\u00e1gban 2003 \u00f3ta.<\/p>\n<p>A Fiskars term\u00e9kei a vil\u00e1g t\u00f6bb mint sz\u00e1z orsz\u00e1g\u00e1ban kaphat\u00f3ak.<\/p>\n<p>Kiemelked\u0151 min\u0151s\u00e9g\u0171 a h\u00e1ztart\u00e1si eszk\u00f6z\u00f6k gy\u00e1rt\u00e1s\u00e1ban illetve a kerti szersz\u00e1mok is cs\u00facsmin\u0151s\u00e9g\u00e9ben k\u00e9sz\u00fclnek.<\/p>\n<p>&nbsp;<\/p>","protected":false},"excerpt":{"rendered":"<h2 class=\"col pl-0 artdet__name line-clamp--3-12\">nspiration oll\u00f3 + metsz\u0151oll\u00f3 szett, S\u00e1fr\u00e1nys\u00e1rga sz\u00ednben<\/h2>\n<p>K\u00e9t r\u00e9szes \u00f6ssze\u00e1ll\u00edt\u00e1s divatos s\u00e1fr\u00e1nys\u00e1rga sz\u00ednben.<\/p>\n<p>Tartalma:<\/p>\n<ul>\n<li>1 db Inspirtaion metsz\u0151oll\u00f3 P26, s\u00e1fr\u00e1nys\u00e1rga<\/li>\n<li>1 db Inspiration \u00e1ltal\u00e1nos oll\u00f3 (21 cm) s\u00e1fr\u00e1nys\u00e1rga<\/li>\n<\/ul>\n<p>&nbsp;<\/p>\n<h1><strong>\u00a0<span style=\"text-decoration: underline;\">Fiskars Inspiration metsz\u0151oll\u00f3<\/span> \u00a0<\/strong><\/h1>\n<h4><strong>A Fiskars Inspiration metsz\u0151oll\u00f3\u00a0<\/strong><strong>mely\u00a0 alapvet\u0151 metsz\u00e9si feladatok ell\u00e1t\u00e1s\u00e1ra haszn\u00e1lhat\u00f3. Ide\u00e1lis friss, z\u00f6ld hajt\u00e1sok metsz\u00e9s\u00e9re.<\/strong><\/h4>\n<h4><strong>A k\u00fcl\u00f6nleges sz\u00edne miatt k\u00f6nnyebb megtal\u00e1lni a kertben.\u00a0<\/strong><\/h4>\n<h4><strong>Massz\u00edv nyelek a\u00a0 k\u00e9nyelmes fog\u00e1sra.\u00a0\u00a0Kiegyens\u00falyozott formatervez\u00e9s a hat\u00e9kony v\u00e1g\u00e1s\u00e9rt.<\/strong><br \/>\n<strong>Tapad\u00e1smentes PTFE bevont a fels\u0151 peng\u00e9n a s\u00farl\u00f3d\u00e1sok cs\u00f6kkent\u00e9se \u00e9s a k\u00f6nnyebb tiszt\u00edt\u00e1s \u00e9rdek\u00e9ben.<\/strong><\/h4>\n<h4><strong>Max. v\u00e1g\u00e1si \u00e1tm\u00e9r\u0151: 22 mm<\/strong><\/h4>\n<h4><strong>Sz\u00e9less\u00e9g: 70 mm<\/strong><\/h4>\n<h4><strong>Hossz: 208 mm<\/strong><\/h4>\n<h4><strong>T\u00f6mege: 200 g<\/strong><\/h4>\n<h4><strong>A term\u00e9k gy\u00e1rt\u00f3ja: Fiskars<\/strong><\/h4>\n<h1><span style=\"text-decoration: underline;\">Fiskars Classic \u00e1ltal\u00e1nos oll\u00f3, 21 cm<\/span><\/h1>\n<p>A Fiskars Classic \u00e1ltal\u00e1nos oll\u00f3, 21 cm \u00a0ide\u00e1lis mindenfajta v\u00e1g\u00e1si feladathoz, ak\u00e1r otthoni, iskolai vagy irodai haszn\u00e1latra. A peng\u00e9k fesz\u00edt\u00e9se a k\u00f6z\u00e9ps\u0151 csavarral \u00e1ll\u00edthat\u00f3, de egyben megk\u00f6nny\u00edti a tiszt\u00edt\u00e1st is.<\/p>\n<p>A t\u00f6bb mint n\u00e9gy \u00e9vtizede nagy n\u00e9pszer\u0171s\u00e9gnek \u00f6rvend\u0151 \u201enarancss\u00e1rga\u201d Fiskars oll\u00f3k a formatervez\u00e9s klasszikusai.<br \/>\nA markolat nagy fel\u00fcletet biztos\u00edt az ujjaknak a nyom\u00e1shoz, \u00edgy az eszk\u00f6z a kifejtett er\u0151t egyenletesen osztja el, ezzel az oll\u00f3 haszn\u00e1lat k\u00e9nyelmes \u00e9s nem f\u00e1raszt\u00f3.<br \/>\nA tart\u00f3s \u00e9s higi\u00e9nikus illeszt\u00e9s \u00e9rdek\u00e9ben a ny\u00e9l \u00e9s penge illeszt\u00e9se fr\u00f6ccs\u00f6nt\u00e9ses technik\u00e1val t\u00f6rt\u00e9nik.<\/p>\n<div class=\"col-auto pr-0 d-none d-md-flex artdet__pagination\"><\/div>","protected":false},"featured_media":2956,"template":"","meta":{"_et_pb_use_builder":"","_et_pb_old_content":"","_et_gb_content_width":""},"product_brand":[],"product_cat":[4576],"product_tag":[1148,116,1152,114,1032,1138,1151],"class_list":{"0":"post-2955","1":"product","2":"type-product","3":"status-publish","4":"has-post-thumbnail","6":"product_cat-fiskars-metszoollok","7":"product_tag-classic","8":"product_tag-fiskars","9":"product_tag-inspiration-ollo","10":"product_tag-metszoollo","11":"product_tag-ollo","12":"product_tag-safranysarga","13":"product_tag-szett","15":"first","16":"outofstock","17":"shipping-taxable","18":"product-type-simple"},"yoast_head":"<!-- This site is optimized with the Yoast SEO plugin v27.5 - https:\/\/yoast.com\/product\/yoast-seo-wordpress\/ -->\n<title>Fiskars Inspiration oll\u00f3 + metsz\u0151oll\u00f3 szett, S\u00e1fr\u00e1nys\u00e1rga sz\u00ednben - T\u00e1jkert\u00e9sz<\/title>\n<meta name=\"description\" content=\"Fiskars szett tartalma1 db Inspirtaion metsz\u0151oll\u00f3 P26, s\u00e1fr\u00e1nys\u00e1rga\u00e9s 1 db Inspiration \u00e1ltal\u00e1nos oll\u00f3 (21 cm) s\u00e1fr\u00e1nys\u00e1rga sz\u00ednben.\" \/>\n<meta name=\"robots\" content=\"index, follow, max-snippet:-1, max-image-preview:large, max-video-preview:-1\" \/>\n<link rel=\"canonical\" href=\"https:\/\/tajkertesz.com\/en_US\/product\/inspiration-ollo-metszoollo-szett-safranysarga-szinben\/\" \/>\n<meta property=\"og:locale\" content=\"en_US\" \/>\n<meta property=\"og:type\" content=\"article\" \/>\n<meta property=\"og:title\" content=\"Fiskars Inspiration oll\u00f3 + metsz\u0151oll\u00f3 szett, S\u00e1fr\u00e1nys\u00e1rga sz\u00ednben - T\u00e1jkert\u00e9sz\" \/>\n<meta property=\"og:description\" content=\"Fiskars szett tartalma1 db Inspirtaion metsz\u0151oll\u00f3 P26, s\u00e1fr\u00e1nys\u00e1rga\u00e9s 1 db Inspiration \u00e1ltal\u00e1nos oll\u00f3 (21 cm) s\u00e1fr\u00e1nys\u00e1rga sz\u00ednben.\" \/>\n<meta property=\"og:url\" content=\"https:\/\/tajkertesz.com\/en_US\/product\/inspiration-ollo-metszoollo-szett-safranysarga-szinben\/\" \/>\n<meta property=\"og:site_name\" content=\"T\u00e1jkert\u00e9sz\" \/>\n<meta property=\"article:publisher\" content=\"https:\/\/www.facebook.com\/Tajkertesz\/\" \/>\n<meta property=\"article:modified_time\" content=\"2024-01-16T16:01:28+00:00\" \/>\n<meta property=\"og:image\" content=\"https:\/\/tajkertesz.com\/wp-content\/uploads\/2020\/12\/szett-swwafrany.jpg\" \/>\n\t<meta property=\"og:image:width\" content=\"464\" \/>\n\t<meta property=\"og:image:height\" content=\"799\" \/>\n\t<meta property=\"og:image:type\" content=\"image\/jpeg\" \/>\n<meta name=\"twitter:card\" content=\"summary_large_image\" \/>\n<meta name=\"twitter:label1\" content=\"Est. reading time\" \/>\n\t<meta name=\"twitter:data1\" content=\"2 minutes\" \/>\n<script type=\"application\/ld+json\" class=\"yoast-schema-graph\">{\"@context\":\"https:\\\/\\\/schema.org\",\"@graph\":[{\"@type\":\"WebPage\",\"@id\":\"https:\\\/\\\/tajkertesz.com\\\/termek\\\/inspiration-ollo-metszoollo-szett-safranysarga-szinben\\\/\",\"url\":\"https:\\\/\\\/tajkertesz.com\\\/termek\\\/inspiration-ollo-metszoollo-szett-safranysarga-szinben\\\/\",\"name\":\"Fiskars Inspiration oll\u00f3 + metsz\u0151oll\u00f3 szett, S\u00e1fr\u00e1nys\u00e1rga sz\u00ednben - T\u00e1jkert\u00e9sz\",\"isPartOf\":{\"@id\":\"https:\\\/\\\/tajkertesz.com\\\/#website\"},\"primaryImageOfPage\":{\"@id\":\"https:\\\/\\\/tajkertesz.com\\\/termek\\\/inspiration-ollo-metszoollo-szett-safranysarga-szinben\\\/#primaryimage\"},\"image\":{\"@id\":\"https:\\\/\\\/tajkertesz.com\\\/termek\\\/inspiration-ollo-metszoollo-szett-safranysarga-szinben\\\/#primaryimage\"},\"thumbnailUrl\":\"https:\\\/\\\/tajkertesz.com\\\/wp-content\\\/uploads\\\/2020\\\/12\\\/szett-swwafrany.jpg\",\"datePublished\":\"2020-12-21T12:20:53+00:00\",\"dateModified\":\"2024-01-16T16:01:28+00:00\",\"description\":\"Fiskars szett tartalma1 db Inspirtaion metsz\u0151oll\u00f3 P26, s\u00e1fr\u00e1nys\u00e1rga\u00e9s 1 db Inspiration \u00e1ltal\u00e1nos oll\u00f3 (21 cm) s\u00e1fr\u00e1nys\u00e1rga sz\u00ednben.\",\"breadcrumb\":{\"@id\":\"https:\\\/\\\/tajkertesz.com\\\/termek\\\/inspiration-ollo-metszoollo-szett-safranysarga-szinben\\\/#breadcrumb\"},\"inLanguage\":\"en-US\",\"potentialAction\":[{\"@type\":\"ReadAction\",\"target\":[\"https:\\\/\\\/tajkertesz.com\\\/termek\\\/inspiration-ollo-metszoollo-szett-safranysarga-szinben\\\/\"]}]},{\"@type\":\"ImageObject\",\"inLanguage\":\"en-US\",\"@id\":\"https:\\\/\\\/tajkertesz.com\\\/termek\\\/inspiration-ollo-metszoollo-szett-safranysarga-szinben\\\/#primaryimage\",\"url\":\"https:\\\/\\\/tajkertesz.com\\\/wp-content\\\/uploads\\\/2020\\\/12\\\/szett-swwafrany.jpg\",\"contentUrl\":\"https:\\\/\\\/tajkertesz.com\\\/wp-content\\\/uploads\\\/2020\\\/12\\\/szett-swwafrany.jpg\",\"width\":464,\"height\":799},{\"@type\":\"BreadcrumbList\",\"@id\":\"https:\\\/\\\/tajkertesz.com\\\/termek\\\/inspiration-ollo-metszoollo-szett-safranysarga-szinben\\\/#breadcrumb\",\"itemListElement\":[{\"@type\":\"ListItem\",\"position\":1,\"name\":\"Home\",\"item\":\"https:\\\/\\\/tajkertesz.com\\\/\"},{\"@type\":\"ListItem\",\"position\":2,\"name\":\"Kezd\u0151lap\",\"item\":\"https:\\\/\\\/tajkertesz.com\\\/\"},{\"@type\":\"ListItem\",\"position\":3,\"name\":\"Fiskars Inspiration oll\u00f3 + metsz\u0151oll\u00f3 szett, S\u00e1fr\u00e1nys\u00e1rga sz\u00ednben\"}]},{\"@type\":\"WebSite\",\"@id\":\"https:\\\/\\\/tajkertesz.com\\\/#website\",\"url\":\"https:\\\/\\\/tajkertesz.com\\\/\",\"name\":\"T\u00e1j-Kert\u00e9sz 84 Kft.\",\"description\":\"Kert\u00e9szeti kis- \u00e9s nagykeresked\u00e9s, D\u00edszn\u00f6v\u00e9ny web\u00e1ruh\u00e1z orsz\u00e1gos h\u00e1zhozsz\u00e1ll\u00edt\u00e1ssal!\",\"publisher\":{\"@id\":\"https:\\\/\\\/tajkertesz.com\\\/#organization\"},\"potentialAction\":[{\"@type\":\"SearchAction\",\"target\":{\"@type\":\"EntryPoint\",\"urlTemplate\":\"https:\\\/\\\/tajkertesz.com\\\/?s={search_term_string}\"},\"query-input\":{\"@type\":\"PropertyValueSpecification\",\"valueRequired\":true,\"valueName\":\"search_term_string\"}}],\"inLanguage\":\"en-US\"},{\"@type\":\"Organization\",\"@id\":\"https:\\\/\\\/tajkertesz.com\\\/#organization\",\"name\":\"T\u00e1j-Kert\u00e9sz 84 Kft.\",\"url\":\"https:\\\/\\\/tajkertesz.com\\\/\",\"logo\":{\"@type\":\"ImageObject\",\"inLanguage\":\"en-US\",\"@id\":\"https:\\\/\\\/tajkertesz.com\\\/#\\\/schema\\\/logo\\\/image\\\/\",\"url\":\"https:\\\/\\\/tajkertesz.com\\\/wp-content\\\/uploads\\\/2018\\\/02\\\/logo-2-e1518678052539.png\",\"contentUrl\":\"https:\\\/\\\/tajkertesz.com\\\/wp-content\\\/uploads\\\/2018\\\/02\\\/logo-2-e1518678052539.png\",\"width\":81,\"height\":140,\"caption\":\"T\u00e1j-Kert\u00e9sz 84 Kft.\"},\"image\":{\"@id\":\"https:\\\/\\\/tajkertesz.com\\\/#\\\/schema\\\/logo\\\/image\\\/\"},\"sameAs\":[\"https:\\\/\\\/www.facebook.com\\\/Tajkertesz\\\/\"]}]}<\/script>\n<!-- \/ Yoast SEO plugin. -->","yoast_head_json":{"title":"Fiskars Inspiration oll\u00f3 + metsz\u0151oll\u00f3 szett, S\u00e1fr\u00e1nys\u00e1rga sz\u00ednben - T\u00e1jkert\u00e9sz","description":"Fiskars szett tartalma1 db Inspirtaion metsz\u0151oll\u00f3 P26, s\u00e1fr\u00e1nys\u00e1rga\u00e9s 1 db Inspiration \u00e1ltal\u00e1nos oll\u00f3 (21 cm) s\u00e1fr\u00e1nys\u00e1rga sz\u00ednben.","robots":{"index":"index","follow":"follow","max-snippet":"max-snippet:-1","max-image-preview":"max-image-preview:large","max-video-preview":"max-video-preview:-1"},"canonical":"https:\/\/tajkertesz.com\/en_US\/product\/inspiration-ollo-metszoollo-szett-safranysarga-szinben\/","og_locale":"en_US","og_type":"article","og_title":"Fiskars Inspiration oll\u00f3 + metsz\u0151oll\u00f3 szett, S\u00e1fr\u00e1nys\u00e1rga sz\u00ednben - T\u00e1jkert\u00e9sz","og_description":"Fiskars szett tartalma1 db Inspirtaion metsz\u0151oll\u00f3 P26, s\u00e1fr\u00e1nys\u00e1rga\u00e9s 1 db Inspiration \u00e1ltal\u00e1nos oll\u00f3 (21 cm) s\u00e1fr\u00e1nys\u00e1rga sz\u00ednben.","og_url":"https:\/\/tajkertesz.com\/en_US\/product\/inspiration-ollo-metszoollo-szett-safranysarga-szinben\/","og_site_name":"T\u00e1jkert\u00e9sz","article_publisher":"https:\/\/www.facebook.com\/Tajkertesz\/","article_modified_time":"2024-01-16T16:01:28+00:00","og_image":[{"width":464,"height":799,"url":"https:\/\/tajkertesz.com\/wp-content\/uploads\/2020\/12\/szett-swwafrany.jpg","type":"image\/jpeg"}],"twitter_card":"summary_large_image","twitter_misc":{"Est. reading time":"2 minutes"},"schema":{"@context":"https:\/\/schema.org","@graph":[{"@type":"WebPage","@id":"https:\/\/tajkertesz.com\/termek\/inspiration-ollo-metszoollo-szett-safranysarga-szinben\/","url":"https:\/\/tajkertesz.com\/termek\/inspiration-ollo-metszoollo-szett-safranysarga-szinben\/","name":"Fiskars Inspiration oll\u00f3 + metsz\u0151oll\u00f3 szett, S\u00e1fr\u00e1nys\u00e1rga sz\u00ednben - T\u00e1jkert\u00e9sz","isPartOf":{"@id":"https:\/\/tajkertesz.com\/#website"},"primaryImageOfPage":{"@id":"https:\/\/tajkertesz.com\/termek\/inspiration-ollo-metszoollo-szett-safranysarga-szinben\/#primaryimage"},"image":{"@id":"https:\/\/tajkertesz.com\/termek\/inspiration-ollo-metszoollo-szett-safranysarga-szinben\/#primaryimage"},"thumbnailUrl":"https:\/\/tajkertesz.com\/wp-content\/uploads\/2020\/12\/szett-swwafrany.jpg","datePublished":"2020-12-21T12:20:53+00:00","dateModified":"2024-01-16T16:01:28+00:00","description":"Fiskars szett tartalma1 db Inspirtaion metsz\u0151oll\u00f3 P26, s\u00e1fr\u00e1nys\u00e1rga\u00e9s 1 db Inspiration \u00e1ltal\u00e1nos oll\u00f3 (21 cm) s\u00e1fr\u00e1nys\u00e1rga sz\u00ednben.","breadcrumb":{"@id":"https:\/\/tajkertesz.com\/termek\/inspiration-ollo-metszoollo-szett-safranysarga-szinben\/#breadcrumb"},"inLanguage":"en-US","potentialAction":[{"@type":"ReadAction","target":["https:\/\/tajkertesz.com\/termek\/inspiration-ollo-metszoollo-szett-safranysarga-szinben\/"]}]},{"@type":"ImageObject","inLanguage":"en-US","@id":"https:\/\/tajkertesz.com\/termek\/inspiration-ollo-metszoollo-szett-safranysarga-szinben\/#primaryimage","url":"https:\/\/tajkertesz.com\/wp-content\/uploads\/2020\/12\/szett-swwafrany.jpg","contentUrl":"https:\/\/tajkertesz.com\/wp-content\/uploads\/2020\/12\/szett-swwafrany.jpg","width":464,"height":799},{"@type":"BreadcrumbList","@id":"https:\/\/tajkertesz.com\/termek\/inspiration-ollo-metszoollo-szett-safranysarga-szinben\/#breadcrumb","itemListElement":[{"@type":"ListItem","position":1,"name":"Home","item":"https:\/\/tajkertesz.com\/"},{"@type":"ListItem","position":2,"name":"Kezd\u0151lap","item":"https:\/\/tajkertesz.com\/"},{"@type":"ListItem","position":3,"name":"Fiskars Inspiration oll\u00f3 + metsz\u0151oll\u00f3 szett, S\u00e1fr\u00e1nys\u00e1rga sz\u00ednben"}]},{"@type":"WebSite","@id":"https:\/\/tajkertesz.com\/#website","url":"https:\/\/tajkertesz.com\/","name":"T\u00e1j-Kert\u00e9sz 84 Kft.","description":"Kert\u00e9szeti kis- \u00e9s nagykeresked\u00e9s, D\u00edszn\u00f6v\u00e9ny web\u00e1ruh\u00e1z orsz\u00e1gos h\u00e1zhozsz\u00e1ll\u00edt\u00e1ssal!","publisher":{"@id":"https:\/\/tajkertesz.com\/#organization"},"potentialAction":[{"@type":"SearchAction","target":{"@type":"EntryPoint","urlTemplate":"https:\/\/tajkertesz.com\/?s={search_term_string}"},"query-input":{"@type":"PropertyValueSpecification","valueRequired":true,"valueName":"search_term_string"}}],"inLanguage":"en-US"},{"@type":"Organization","@id":"https:\/\/tajkertesz.com\/#organization","name":"T\u00e1j-Kert\u00e9sz 84 Kft.","url":"https:\/\/tajkertesz.com\/","logo":{"@type":"ImageObject","inLanguage":"en-US","@id":"https:\/\/tajkertesz.com\/#\/schema\/logo\/image\/","url":"https:\/\/tajkertesz.com\/wp-content\/uploads\/2018\/02\/logo-2-e1518678052539.png","contentUrl":"https:\/\/tajkertesz.com\/wp-content\/uploads\/2018\/02\/logo-2-e1518678052539.png","width":81,"height":140,"caption":"T\u00e1j-Kert\u00e9sz 84 Kft."},"image":{"@id":"https:\/\/tajkertesz.com\/#\/schema\/logo\/image\/"},"sameAs":["https:\/\/www.facebook.com\/Tajkertesz\/"]}]}},"_links":{"self":[{"href":"https:\/\/tajkertesz.com\/en_US\/wp-json\/wp\/v2\/product\/2955","targetHints":{"allow":["GET"]}}],"collection":[{"href":"https:\/\/tajkertesz.com\/en_US\/wp-json\/wp\/v2\/product"}],"about":[{"href":"https:\/\/tajkertesz.com\/en_US\/wp-json\/wp\/v2\/types\/product"}],"wp:featuredmedia":[{"embeddable":true,"href":"https:\/\/tajkertesz.com\/en_US\/wp-json\/wp\/v2\/media\/2956"}],"wp:attachment":[{"href":"https:\/\/tajkertesz.com\/en_US\/wp-json\/wp\/v2\/media?parent=2955"}],"wp:term":[{"taxonomy":"product_brand","embeddable":true,"href":"https:\/\/tajkertesz.com\/en_US\/wp-json\/wp\/v2\/product_brand?post=2955"},{"taxonomy":"product_cat","embeddable":true,"href":"https:\/\/tajkertesz.com\/en_US\/wp-json\/wp\/v2\/product_cat?post=2955"},{"taxonomy":"product_tag","embeddable":true,"href":"https:\/\/tajkertesz.com\/en_US\/wp-json\/wp\/v2\/product_tag?post=2955"}],"curies":[{"name":"wp","href":"https:\/\/api.w.org\/{rel}","templated":true}]}}