{"id":2965,"date":"2020-12-21T14:46:49","date_gmt":"2020-12-21T14:46:49","guid":{"rendered":"https:\/\/tajkertesz.com\/?post_type=product&#038;p=2965"},"modified":"2024-01-22T15:03:24","modified_gmt":"2024-01-22T15:03:24","slug":"altalanos-kes-tokba-epitett-elezovel","status":"publish","type":"product","link":"https:\/\/tajkertesz.com\/en_US\/product\/altalanos-kes-tokba-epitett-elezovel\/","title":{"rendered":"Fiskars \u00e1ltal\u00e1nos k\u00e9s, tokba \u00e9p\u00edtett \u00e9lez\u0151vel"},"content":{"rendered":"<h2 class=\"col pl-0 artdet__name line-clamp--3-12\">Fiskars \u00e1ltal\u00e1nos k\u00e9s, tokba \u00e9p\u00edtett \u00e9lez\u0151vel<\/h2>\n<p>Fiskars \u00e1ltal\u00e1nos k\u00e9s, tokba \u00e9p\u00edtett \u00e9lez\u0151vel<\/p>\n<h2 class=\"col pl-0 artdet__name line-clamp--3-12\">\u00c1ltal\u00e1nos k\u00e9s, tokba \u00e9p\u00edtett \u00e9lez\u0151vel magas min\u0151s\u00e9g\u0171, nagyon tart\u00f3s peng\u00e9vel.<\/h2>\n<h2 class=\"col pl-0 artdet__name line-clamp--3-12\">Tokba \u00e9p\u00edtett \u00e9lez\u0151vel, 3 r\u00e9szb\u0151l \u00e1ll\u00f3 ergonomikus markolattal. A tokba illesztett bet\u00e9t forgathat\u00f3 \u00edgy bal kezesek is haszn\u00e1lhatj\u00e1k.<\/h2>\n<h1><span class=\"ezstring-field\">Hardware k\u00e9sek<\/span><\/h1>\n<div class=\"ezxmltext-field\">\n<p align=\"center\">A Fiskars \u00faj k\u00e9sei t\u00f6k\u00e9letes fog\u00e1st \u00e9s mindig \u00e9les v\u00e1g\u00e1st garant\u00e1lnak, amit a be\u00e9p\u00edtett, innovat\u00edv \u00e9lez\u0151j\u00e9vel lehet t\u00f6k\u00e9letes\u00edteni.<\/p>\n<\/div>\n<p><span class=\"artdet__sku-text\">Cikksz\u00e1m:<\/span>\u00a0<span class=\"artdet__sku-num\">156017<\/span><\/p>\n<p>A Fiskars a narancss\u00e1rga nyel\u0171 oll\u00f3ir\u00f3l ismert, amelyek 1967-ben jelentek meg a piacon. Akkor m\u00e9g fekete, v\u00f6r\u00f6s, z\u00f6ld \u00e9s narancss\u00e1rga sz\u00ednekben gy\u00e1rtott\u00e1k. V\u00e9g\u00fcl a narancss\u00e1gra sz\u00edn maradt az \u00e1lland\u00f3. Ugyanaz a narancss\u00e1rga sz\u00edn<\/p>\n<p>(Fiskars Orange) v\u00e9djegyk\u00e9nt van bejegyezve Finnorsz\u00e1gban 2003 \u00f3ta.<\/p>\n<p>A Fiskars term\u00e9kei a vil\u00e1g t\u00f6bb mint sz\u00e1z orsz\u00e1g\u00e1ban kaphat\u00f3ak.<\/p>\n<p>Kiemelked\u0151 min\u0151s\u00e9g\u0171 a h\u00e1ztart\u00e1si eszk\u00f6z\u00f6k gy\u00e1rt\u00e1s\u00e1ban illetve a kerti szersz\u00e1mok is cs\u00facsmin\u0151s\u00e9g\u00e9ben k\u00e9sz\u00fclnek.<\/p>\n<p><strong>Amennyiben \u00f6n Fiskars term\u00e9ket v\u00e1s\u00e1rol min\u0151s\u00e9get v\u00e1s\u00e1rol el\u00e9rhet\u0151 \u00e1ron.\u00a0<\/strong><\/p>\n<p><b>Fiskars<\/b>\u00a0c\u00e9gcsoport (Fiskars Oyj Abp) a fogyaszt\u00e1si cikkek ter\u00fclet\u00e9n tev\u00e9kenyked\u0151 finn v\u00e1llalat, amelyet 1649-ben alap\u00edtottak Fiskars faluban.<\/p>\n<p>narancss\u00e1rga nyel\u0171 oll\u00f3ir\u00f3l ismert, amelyek 1967-ben jelentek meg a piacon. Akkor m\u00e9g fekete, v\u00f6r\u00f6s, z\u00f6ld \u00e9s narancss\u00e1rga sz\u00ednekben gy\u00e1rtott\u00e1k. V\u00e9g\u00fcl a narancss\u00e1gra sz\u00edn maradt az \u00e1lland\u00f3. Ugyanaz a narancss\u00e1rga sz\u00edn<\/p>\n<p>(Fiskars Orange) v\u00e9djegyk\u00e9nt van bejegyezve Finnorsz\u00e1gban 2003 \u00f3ta.<\/p>\n<p>A Fiskars term\u00e9kei a vil\u00e1g t\u00f6bb mint sz\u00e1z orsz\u00e1g\u00e1ban kaphat\u00f3ak.<\/p>\n<p>&nbsp;<\/p>\n<p>El\u00e9rhet\u0151 t\u00f6bbf\u00e9le m\u00e9retben \u00e9s \u00e1rban.<\/p>\n<p><strong>K\u00e9szlet\u00fcnk napi szinten v\u00e1ltozik, ez\u00e9rt k\u00e9rj\u00fck, \u00e9rdekl\u0151dj\u00f6n szem\u00e9lyesen, telefonon vagy email-en.<br \/>\nA v\u00e1ltoztat\u00e1s jog\u00e1t fenntartjuk!\u00a0<\/strong><\/p>\n<p>&nbsp;<\/p>\n<p><a href=\"https:\/\/tajkertesz.com\/\">https:\/\/tajkertesz.com\/<\/a><\/p>\n<p><a href=\"https:\/\/www.fiskars.com\/\">https:\/\/www.fiskars.com\/<\/a><\/p>\n<p><b>Fiskars<\/b>\u00a0c\u00e9gcsoport (Fiskars Oyj Abp) a fogyaszt\u00e1si cikkek ter\u00fclet\u00e9n tev\u00e9kenyked\u0151 finn v\u00e1llalat, amelyet 1649-ben alap\u00edtottak Fiskars faluban.<\/p>\n<p>&nbsp;<\/p>","protected":false},"excerpt":{"rendered":"<h2 class=\"col pl-0 artdet__name line-clamp--3-12\">\u00c1ltal\u00e1nos k\u00e9s, tokba \u00e9p\u00edtett \u00e9lez\u0151vel magas min\u0151s\u00e9g\u0171, nagyon tart\u00f3s peng\u00e9vel.<\/h2>\n<h2 class=\"col pl-0 artdet__name line-clamp--3-12\">Tokba \u00e9p\u00edtett \u00e9lez\u0151vel, 3 r\u00e9szb\u0151l \u00e1ll\u00f3 ergonomikus markolattal.<\/h2>\n<p>&nbsp;<\/p>\n<p><span class=\"artdet__sku-text\">Cikksz\u00e1m:<\/span>\u00a0<span class=\"artdet__sku-num\">156017<\/span><\/p>\n<p>El\u00e9rhet\u0151 t\u00f6bbf\u00e9le m\u00e9retben \u00e9s \u00e1rban.<\/p>\n<p><strong>K\u00e9szlet\u00fcnk napi szinten v\u00e1ltozik, ez\u00e9rt k\u00e9rj\u00fck, \u00e9rdekl\u0151dj\u00f6n szem\u00e9lyesen, telefonon vagy email-en.<br \/>\nA v\u00e1ltoztat\u00e1s jog\u00e1t fenntartjuk!\u00a0<\/strong><\/p>","protected":false},"featured_media":2968,"template":"","meta":{"_et_pb_use_builder":"","_et_pb_old_content":"","_et_gb_content_width":""},"product_brand":[],"product_cat":[4683],"product_tag":[1160,1162,116,1164,1161],"class_list":{"0":"post-2965","1":"product","2":"type-product","3":"status-publish","4":"has-post-thumbnail","6":"product_cat-egyeb-fiskars-eszkozok-es-kerteszeti-kiegeszitok","7":"product_tag-altalanos-kes","8":"product_tag-elezovel","9":"product_tag-fiskars","10":"product_tag-kes","11":"product_tag-tokba-epitett-elezovel","13":"first","14":"instock","15":"shipping-taxable","16":"purchasable","17":"product-type-simple"},"yoast_head":"<!-- This site is optimized with the Yoast SEO plugin v27.5 - https:\/\/yoast.com\/product\/yoast-seo-wordpress\/ -->\n<title>Fiskars \u00e1ltal\u00e1nos k\u00e9s, tokba \u00e9p\u00edtett \u00e9lez\u0151vel - T\u00e1jkert\u00e9sz<\/title>\n<meta name=\"description\" content=\"Fiskars \u00e1ltal\u00e1nos k\u00e9s, tokba \u00e9p\u00edtett \u00e9lez\u0151veltokba \u00e9p\u00edtett \u00e9lez\u0151vel magas min\u0151s\u00e9g\u0171, nagyon tart\u00f3s peng\u00e9vel.Tokba \u00e9p\u00edtett \u00e9lez\u0151vel, 3 r\u00e9szb\u0151l \u00e1ll\u00f3 ergonom...\" \/>\n<meta name=\"robots\" content=\"index, follow, max-snippet:-1, max-image-preview:large, max-video-preview:-1\" \/>\n<link rel=\"canonical\" href=\"https:\/\/tajkertesz.com\/en_US\/product\/altalanos-kes-tokba-epitett-elezovel\/\" \/>\n<meta property=\"og:locale\" content=\"en_US\" \/>\n<meta property=\"og:type\" content=\"article\" \/>\n<meta property=\"og:title\" content=\"Fiskars \u00e1ltal\u00e1nos k\u00e9s, tokba \u00e9p\u00edtett \u00e9lez\u0151vel - T\u00e1jkert\u00e9sz\" \/>\n<meta property=\"og:description\" content=\"Fiskars \u00e1ltal\u00e1nos k\u00e9s, tokba \u00e9p\u00edtett \u00e9lez\u0151veltokba \u00e9p\u00edtett \u00e9lez\u0151vel magas min\u0151s\u00e9g\u0171, nagyon tart\u00f3s peng\u00e9vel.Tokba \u00e9p\u00edtett \u00e9lez\u0151vel, 3 r\u00e9szb\u0151l \u00e1ll\u00f3 ergonom...\" \/>\n<meta property=\"og:url\" content=\"https:\/\/tajkertesz.com\/en_US\/product\/altalanos-kes-tokba-epitett-elezovel\/\" \/>\n<meta property=\"og:site_name\" content=\"T\u00e1jkert\u00e9sz\" \/>\n<meta property=\"article:publisher\" content=\"https:\/\/www.facebook.com\/Tajkertesz\/\" \/>\n<meta property=\"article:modified_time\" content=\"2024-01-22T15:03:24+00:00\" \/>\n<meta property=\"og:image\" content=\"https:\/\/tajkertesz.com\/wp-content\/uploads\/2020\/12\/univerzalis-kes-elezovel.jpg2_.jpg\" \/>\n\t<meta property=\"og:image:width\" content=\"1200\" \/>\n\t<meta property=\"og:image:height\" content=\"1200\" \/>\n\t<meta property=\"og:image:type\" content=\"image\/jpeg\" \/>\n<meta name=\"twitter:card\" content=\"summary_large_image\" \/>\n<meta name=\"twitter:label1\" content=\"Est. reading time\" \/>\n\t<meta name=\"twitter:data1\" content=\"2 minutes\" \/>\n<script type=\"application\/ld+json\" class=\"yoast-schema-graph\">{\"@context\":\"https:\\\/\\\/schema.org\",\"@graph\":[{\"@type\":\"WebPage\",\"@id\":\"https:\\\/\\\/tajkertesz.com\\\/termek\\\/altalanos-kes-tokba-epitett-elezovel\\\/\",\"url\":\"https:\\\/\\\/tajkertesz.com\\\/termek\\\/altalanos-kes-tokba-epitett-elezovel\\\/\",\"name\":\"Fiskars \u00e1ltal\u00e1nos k\u00e9s, tokba \u00e9p\u00edtett \u00e9lez\u0151vel - T\u00e1jkert\u00e9sz\",\"isPartOf\":{\"@id\":\"https:\\\/\\\/tajkertesz.com\\\/#website\"},\"primaryImageOfPage\":{\"@id\":\"https:\\\/\\\/tajkertesz.com\\\/termek\\\/altalanos-kes-tokba-epitett-elezovel\\\/#primaryimage\"},\"image\":{\"@id\":\"https:\\\/\\\/tajkertesz.com\\\/termek\\\/altalanos-kes-tokba-epitett-elezovel\\\/#primaryimage\"},\"thumbnailUrl\":\"https:\\\/\\\/tajkertesz.com\\\/wp-content\\\/uploads\\\/2020\\\/12\\\/univerzalis-kes-elezovel.jpg2_.jpg\",\"datePublished\":\"2020-12-21T14:46:49+00:00\",\"dateModified\":\"2024-01-22T15:03:24+00:00\",\"description\":\"Fiskars \u00e1ltal\u00e1nos k\u00e9s, tokba \u00e9p\u00edtett \u00e9lez\u0151veltokba \u00e9p\u00edtett \u00e9lez\u0151vel magas min\u0151s\u00e9g\u0171, nagyon tart\u00f3s peng\u00e9vel.Tokba \u00e9p\u00edtett \u00e9lez\u0151vel, 3 r\u00e9szb\u0151l \u00e1ll\u00f3 ergonom...\",\"breadcrumb\":{\"@id\":\"https:\\\/\\\/tajkertesz.com\\\/termek\\\/altalanos-kes-tokba-epitett-elezovel\\\/#breadcrumb\"},\"inLanguage\":\"en-US\",\"potentialAction\":[{\"@type\":\"ReadAction\",\"target\":[\"https:\\\/\\\/tajkertesz.com\\\/termek\\\/altalanos-kes-tokba-epitett-elezovel\\\/\"]}]},{\"@type\":\"ImageObject\",\"inLanguage\":\"en-US\",\"@id\":\"https:\\\/\\\/tajkertesz.com\\\/termek\\\/altalanos-kes-tokba-epitett-elezovel\\\/#primaryimage\",\"url\":\"https:\\\/\\\/tajkertesz.com\\\/wp-content\\\/uploads\\\/2020\\\/12\\\/univerzalis-kes-elezovel.jpg2_.jpg\",\"contentUrl\":\"https:\\\/\\\/tajkertesz.com\\\/wp-content\\\/uploads\\\/2020\\\/12\\\/univerzalis-kes-elezovel.jpg2_.jpg\",\"width\":1200,\"height\":1200},{\"@type\":\"BreadcrumbList\",\"@id\":\"https:\\\/\\\/tajkertesz.com\\\/termek\\\/altalanos-kes-tokba-epitett-elezovel\\\/#breadcrumb\",\"itemListElement\":[{\"@type\":\"ListItem\",\"position\":1,\"name\":\"Home\",\"item\":\"https:\\\/\\\/tajkertesz.com\\\/\"},{\"@type\":\"ListItem\",\"position\":2,\"name\":\"Kezd\u0151lap\",\"item\":\"https:\\\/\\\/tajkertesz.com\\\/\"},{\"@type\":\"ListItem\",\"position\":3,\"name\":\"Fiskars \u00e1ltal\u00e1nos k\u00e9s, tokba \u00e9p\u00edtett \u00e9lez\u0151vel\"}]},{\"@type\":\"WebSite\",\"@id\":\"https:\\\/\\\/tajkertesz.com\\\/#website\",\"url\":\"https:\\\/\\\/tajkertesz.com\\\/\",\"name\":\"T\u00e1j-Kert\u00e9sz 84 Kft.\",\"description\":\"Kert\u00e9szeti kis- \u00e9s nagykeresked\u00e9s, D\u00edszn\u00f6v\u00e9ny web\u00e1ruh\u00e1z orsz\u00e1gos h\u00e1zhozsz\u00e1ll\u00edt\u00e1ssal!\",\"publisher\":{\"@id\":\"https:\\\/\\\/tajkertesz.com\\\/#organization\"},\"potentialAction\":[{\"@type\":\"SearchAction\",\"target\":{\"@type\":\"EntryPoint\",\"urlTemplate\":\"https:\\\/\\\/tajkertesz.com\\\/?s={search_term_string}\"},\"query-input\":{\"@type\":\"PropertyValueSpecification\",\"valueRequired\":true,\"valueName\":\"search_term_string\"}}],\"inLanguage\":\"en-US\"},{\"@type\":\"Organization\",\"@id\":\"https:\\\/\\\/tajkertesz.com\\\/#organization\",\"name\":\"T\u00e1j-Kert\u00e9sz 84 Kft.\",\"url\":\"https:\\\/\\\/tajkertesz.com\\\/\",\"logo\":{\"@type\":\"ImageObject\",\"inLanguage\":\"en-US\",\"@id\":\"https:\\\/\\\/tajkertesz.com\\\/#\\\/schema\\\/logo\\\/image\\\/\",\"url\":\"https:\\\/\\\/tajkertesz.com\\\/wp-content\\\/uploads\\\/2018\\\/02\\\/logo-2-e1518678052539.png\",\"contentUrl\":\"https:\\\/\\\/tajkertesz.com\\\/wp-content\\\/uploads\\\/2018\\\/02\\\/logo-2-e1518678052539.png\",\"width\":81,\"height\":140,\"caption\":\"T\u00e1j-Kert\u00e9sz 84 Kft.\"},\"image\":{\"@id\":\"https:\\\/\\\/tajkertesz.com\\\/#\\\/schema\\\/logo\\\/image\\\/\"},\"sameAs\":[\"https:\\\/\\\/www.facebook.com\\\/Tajkertesz\\\/\"]}]}<\/script>\n<!-- \/ Yoast SEO plugin. -->","yoast_head_json":{"title":"Fiskars \u00e1ltal\u00e1nos k\u00e9s, tokba \u00e9p\u00edtett \u00e9lez\u0151vel - T\u00e1jkert\u00e9sz","description":"Fiskars \u00e1ltal\u00e1nos k\u00e9s, tokba \u00e9p\u00edtett \u00e9lez\u0151veltokba \u00e9p\u00edtett \u00e9lez\u0151vel magas min\u0151s\u00e9g\u0171, nagyon tart\u00f3s peng\u00e9vel.Tokba \u00e9p\u00edtett \u00e9lez\u0151vel, 3 r\u00e9szb\u0151l \u00e1ll\u00f3 ergonom...","robots":{"index":"index","follow":"follow","max-snippet":"max-snippet:-1","max-image-preview":"max-image-preview:large","max-video-preview":"max-video-preview:-1"},"canonical":"https:\/\/tajkertesz.com\/en_US\/product\/altalanos-kes-tokba-epitett-elezovel\/","og_locale":"en_US","og_type":"article","og_title":"Fiskars \u00e1ltal\u00e1nos k\u00e9s, tokba \u00e9p\u00edtett \u00e9lez\u0151vel - T\u00e1jkert\u00e9sz","og_description":"Fiskars \u00e1ltal\u00e1nos k\u00e9s, tokba \u00e9p\u00edtett \u00e9lez\u0151veltokba \u00e9p\u00edtett \u00e9lez\u0151vel magas min\u0151s\u00e9g\u0171, nagyon tart\u00f3s peng\u00e9vel.Tokba \u00e9p\u00edtett \u00e9lez\u0151vel, 3 r\u00e9szb\u0151l \u00e1ll\u00f3 ergonom...","og_url":"https:\/\/tajkertesz.com\/en_US\/product\/altalanos-kes-tokba-epitett-elezovel\/","og_site_name":"T\u00e1jkert\u00e9sz","article_publisher":"https:\/\/www.facebook.com\/Tajkertesz\/","article_modified_time":"2024-01-22T15:03:24+00:00","og_image":[{"width":1200,"height":1200,"url":"https:\/\/tajkertesz.com\/wp-content\/uploads\/2020\/12\/univerzalis-kes-elezovel.jpg2_.jpg","type":"image\/jpeg"}],"twitter_card":"summary_large_image","twitter_misc":{"Est. reading time":"2 minutes"},"schema":{"@context":"https:\/\/schema.org","@graph":[{"@type":"WebPage","@id":"https:\/\/tajkertesz.com\/termek\/altalanos-kes-tokba-epitett-elezovel\/","url":"https:\/\/tajkertesz.com\/termek\/altalanos-kes-tokba-epitett-elezovel\/","name":"Fiskars \u00e1ltal\u00e1nos k\u00e9s, tokba \u00e9p\u00edtett \u00e9lez\u0151vel - T\u00e1jkert\u00e9sz","isPartOf":{"@id":"https:\/\/tajkertesz.com\/#website"},"primaryImageOfPage":{"@id":"https:\/\/tajkertesz.com\/termek\/altalanos-kes-tokba-epitett-elezovel\/#primaryimage"},"image":{"@id":"https:\/\/tajkertesz.com\/termek\/altalanos-kes-tokba-epitett-elezovel\/#primaryimage"},"thumbnailUrl":"https:\/\/tajkertesz.com\/wp-content\/uploads\/2020\/12\/univerzalis-kes-elezovel.jpg2_.jpg","datePublished":"2020-12-21T14:46:49+00:00","dateModified":"2024-01-22T15:03:24+00:00","description":"Fiskars \u00e1ltal\u00e1nos k\u00e9s, tokba \u00e9p\u00edtett \u00e9lez\u0151veltokba \u00e9p\u00edtett \u00e9lez\u0151vel magas min\u0151s\u00e9g\u0171, nagyon tart\u00f3s peng\u00e9vel.Tokba \u00e9p\u00edtett \u00e9lez\u0151vel, 3 r\u00e9szb\u0151l \u00e1ll\u00f3 ergonom...","breadcrumb":{"@id":"https:\/\/tajkertesz.com\/termek\/altalanos-kes-tokba-epitett-elezovel\/#breadcrumb"},"inLanguage":"en-US","potentialAction":[{"@type":"ReadAction","target":["https:\/\/tajkertesz.com\/termek\/altalanos-kes-tokba-epitett-elezovel\/"]}]},{"@type":"ImageObject","inLanguage":"en-US","@id":"https:\/\/tajkertesz.com\/termek\/altalanos-kes-tokba-epitett-elezovel\/#primaryimage","url":"https:\/\/tajkertesz.com\/wp-content\/uploads\/2020\/12\/univerzalis-kes-elezovel.jpg2_.jpg","contentUrl":"https:\/\/tajkertesz.com\/wp-content\/uploads\/2020\/12\/univerzalis-kes-elezovel.jpg2_.jpg","width":1200,"height":1200},{"@type":"BreadcrumbList","@id":"https:\/\/tajkertesz.com\/termek\/altalanos-kes-tokba-epitett-elezovel\/#breadcrumb","itemListElement":[{"@type":"ListItem","position":1,"name":"Home","item":"https:\/\/tajkertesz.com\/"},{"@type":"ListItem","position":2,"name":"Kezd\u0151lap","item":"https:\/\/tajkertesz.com\/"},{"@type":"ListItem","position":3,"name":"Fiskars \u00e1ltal\u00e1nos k\u00e9s, tokba \u00e9p\u00edtett \u00e9lez\u0151vel"}]},{"@type":"WebSite","@id":"https:\/\/tajkertesz.com\/#website","url":"https:\/\/tajkertesz.com\/","name":"T\u00e1j-Kert\u00e9sz 84 Kft.","description":"Kert\u00e9szeti kis- \u00e9s nagykeresked\u00e9s, D\u00edszn\u00f6v\u00e9ny web\u00e1ruh\u00e1z orsz\u00e1gos h\u00e1zhozsz\u00e1ll\u00edt\u00e1ssal!","publisher":{"@id":"https:\/\/tajkertesz.com\/#organization"},"potentialAction":[{"@type":"SearchAction","target":{"@type":"EntryPoint","urlTemplate":"https:\/\/tajkertesz.com\/?s={search_term_string}"},"query-input":{"@type":"PropertyValueSpecification","valueRequired":true,"valueName":"search_term_string"}}],"inLanguage":"en-US"},{"@type":"Organization","@id":"https:\/\/tajkertesz.com\/#organization","name":"T\u00e1j-Kert\u00e9sz 84 Kft.","url":"https:\/\/tajkertesz.com\/","logo":{"@type":"ImageObject","inLanguage":"en-US","@id":"https:\/\/tajkertesz.com\/#\/schema\/logo\/image\/","url":"https:\/\/tajkertesz.com\/wp-content\/uploads\/2018\/02\/logo-2-e1518678052539.png","contentUrl":"https:\/\/tajkertesz.com\/wp-content\/uploads\/2018\/02\/logo-2-e1518678052539.png","width":81,"height":140,"caption":"T\u00e1j-Kert\u00e9sz 84 Kft."},"image":{"@id":"https:\/\/tajkertesz.com\/#\/schema\/logo\/image\/"},"sameAs":["https:\/\/www.facebook.com\/Tajkertesz\/"]}]}},"_links":{"self":[{"href":"https:\/\/tajkertesz.com\/en_US\/wp-json\/wp\/v2\/product\/2965","targetHints":{"allow":["GET"]}}],"collection":[{"href":"https:\/\/tajkertesz.com\/en_US\/wp-json\/wp\/v2\/product"}],"about":[{"href":"https:\/\/tajkertesz.com\/en_US\/wp-json\/wp\/v2\/types\/product"}],"wp:featuredmedia":[{"embeddable":true,"href":"https:\/\/tajkertesz.com\/en_US\/wp-json\/wp\/v2\/media\/2968"}],"wp:attachment":[{"href":"https:\/\/tajkertesz.com\/en_US\/wp-json\/wp\/v2\/media?parent=2965"}],"wp:term":[{"taxonomy":"product_brand","embeddable":true,"href":"https:\/\/tajkertesz.com\/en_US\/wp-json\/wp\/v2\/product_brand?post=2965"},{"taxonomy":"product_cat","embeddable":true,"href":"https:\/\/tajkertesz.com\/en_US\/wp-json\/wp\/v2\/product_cat?post=2965"},{"taxonomy":"product_tag","embeddable":true,"href":"https:\/\/tajkertesz.com\/en_US\/wp-json\/wp\/v2\/product_tag?post=2965"}],"curies":[{"name":"wp","href":"https:\/\/api.w.org\/{rel}","templated":true}]}}