{"id":2970,"date":"2020-12-21T14:56:01","date_gmt":"2020-12-21T14:56:01","guid":{"rendered":"https:\/\/tajkertesz.com\/?post_type=product&#038;p=2970"},"modified":"2024-02-13T15:40:35","modified_gmt":"2024-02-13T15:40:35","slug":"fiskars-k40-univerzalis-kes","status":"publish","type":"product","link":"https:\/\/tajkertesz.com\/en_US\/product\/fiskars-k40-univerzalis-kes\/","title":{"rendered":"Fiskars K40 univerz\u00e1lis k\u00e9s"},"content":{"rendered":"<h2>Fiskars K40 univerz\u00e1lis k\u00e9s<\/h2>\n<p>A Fiskars K40 univerz\u00e1lis k\u00e9s r\u00f6gz\u00edtett peng\u00e9vel amely a k\u00e9nyelmes ergonomikus markolattal t\u00f6k\u00e9letesen illeszkedik a kez\u00e9be, az ujjv\u00e9d\u0151 megakad\u00e1lyozza, hogy a penge elcs\u00fasszon. A penge kiv\u00e1l\u00f3 min\u0151s\u00e9g\u0171 sv\u00e9d\u00a0rozsdamentes ac\u00e9lb\u00f3l k\u00e9sz\u00fcl.\u00a0A k\u00e9shez egy praktikus tasak tartozik, amely v\u00e9di a peng\u00e9t \u00e9s a felhaszn\u00e1l\u00f3t a k\u00e9s hordoz\u00e1sakor, \u00e9s az \u00f6v seg\u00edts\u00e9g\u00e9vel felf\u00fcggeszthet\u0151.<\/p>\n<div class=\"col-xs-12 col-sm-5 col-md-6 col-lg-6 right-side\">\n<div class=\"product-description\">\n<div>\n<div class=\"ezxmltext-field\">\n<h3>A Fiskars K40 k\u00e9s f\u0151 el\u0151nyei:<\/h3>\n<\/div>\n<\/div>\n<div class=\"product-features\">\n<div class=\"ezxmltext-field\">\n<ul>\n<li>k\u00e9s sokf\u00e9le alkalmaz\u00e1shoz<\/li>\n<li><strong>praktikus tokkal sz\u00e1ll\u00edtva<\/strong><\/li>\n<li>ergonomikus kialak\u00edt\u00e1s\u00fa markolat cs\u00fasz\u00e1sv\u00e9delemmel ell\u00e1tva<\/li>\n<li>alacsony s\u00faly\u00fa<\/li>\n<li>\u00a0kiv\u00e1l\u00f3 min\u0151s\u00e9g\u0171 penge<\/li>\n<\/ul>\n<\/div>\n<\/div>\n<\/div>\n<\/div>\n<p>&nbsp;<\/p>\n<p>&nbsp;<\/p>\n<p>El\u00e9rhet\u0151 t\u00f6bbf\u00e9le m\u00e9retben \u00e9s \u00e1rban.<\/p>\n<p><strong>K\u00e9szlet\u00fcnk napi szinten v\u00e1ltozik, ez\u00e9rt k\u00e9rj\u00fck, \u00e9rdekl\u0151dj\u00f6n szem\u00e9lyesen, telefonon vagy email-en.<br \/>\nA v\u00e1ltoztat\u00e1s jog\u00e1t fenntartjuk!\u00a0<\/strong><\/p>\n<p><em>\u00a0<\/em><\/p>\n<p><a href=\"https:\/\/tajkertesz.com\/\">https:\/\/tajkertesz.com\/<\/a><\/p>\n<p><a href=\"https:\/\/www.fiskars.com\/\">https:\/\/www.fiskars.com\/<\/a><\/p>\n<p><b>Fiskars<\/b>\u00a0c\u00e9gcsoport (Fiskars Oyj Abp) a fogyaszt\u00e1si cikkek ter\u00fclet\u00e9n tev\u00e9kenyked\u0151 finn v\u00e1llalat, amelyet 1649-ben alap\u00edtottak Fiskars faluban.<\/p>\n<p>A Fiskars a narancss\u00e1rga nyel\u0171 oll\u00f3ir\u00f3l ismert, amelyek 1967-ben jelentek meg a piacon. Akkor m\u00e9g fekete, v\u00f6r\u00f6s, z\u00f6ld \u00e9s narancss\u00e1rga sz\u00ednekben gy\u00e1rtott\u00e1k. V\u00e9g\u00fcl a narancss\u00e1gra sz\u00edn maradt az \u00e1lland\u00f3. Ugyanaz a narancss\u00e1rga sz\u00edn<\/p>\n<p>(Fiskars Orange) v\u00e9djegyk\u00e9nt van bejegyezve Finnorsz\u00e1gban 2003 \u00f3ta.<\/p>\n<p>A Fiskars term\u00e9kei a vil\u00e1g t\u00f6bb mint sz\u00e1z orsz\u00e1g\u00e1ban kaphat\u00f3ak.<\/p>\n<p>Kiemelked\u0151 min\u0151s\u00e9g\u0171 a h\u00e1ztart\u00e1si eszk\u00f6z\u00f6k gy\u00e1rt\u00e1s\u00e1ban illetve a kerti szersz\u00e1mok is cs\u00facsmin\u0151s\u00e9g\u00e9ben k\u00e9sz\u00fclnek.<\/p>\n<p><strong>Amennyiben \u00f6n Fiskars term\u00e9ket v\u00e1s\u00e1rol min\u0151s\u00e9get v\u00e1s\u00e1rol el\u00e9rhet\u0151 \u00e1ron.\u00a0<\/strong><\/p>\n<p><b>Fiskars<\/b>\u00a0c\u00e9gcsoport (Fiskars Oyj Abp) a fogyaszt\u00e1si cikkek ter\u00fclet\u00e9n tev\u00e9kenyked\u0151 finn v\u00e1llalat, amelyet 1649-ben alap\u00edtottak Fiskars faluban.<\/p>\n<p>A Fiskars a narancss\u00e1rga nyel\u0171 oll\u00f3ir\u00f3l ismert, amelyek 1967-ben jelentek meg a piacon. Akkor m\u00e9g fekete, v\u00f6r\u00f6s, z\u00f6ld \u00e9s narancss\u00e1rga sz\u00ednekben gy\u00e1rtott\u00e1k. V\u00e9g\u00fcl a narancss\u00e1gra sz\u00edn maradt az \u00e1lland\u00f3. Ugyanaz a narancss\u00e1rga sz\u00edn<\/p>\n<p>(Fiskars Orange) v\u00e9djegyk\u00e9nt van bejegyezve Finnorsz\u00e1gban 2003 \u00f3ta.<\/p>\n<p>A Fiskars term\u00e9kei a vil\u00e1g t\u00f6bb mint sz\u00e1z orsz\u00e1g\u00e1ban kaphat\u00f3ak.<\/p>\n<p>Kiemelked\u0151 min\u0151s\u00e9g\u0171 a h\u00e1ztart\u00e1si eszk\u00f6z\u00f6k gy\u00e1rt\u00e1s\u00e1ban illetve a kerti szersz\u00e1mok is cs\u00facsmin\u0151s\u00e9g\u00e9ben k\u00e9sz\u00fclnek.<\/p>\n<p><strong>Amennyiben \u00f6n Fiskars term\u00e9ket v\u00e1s\u00e1rol min\u0151s\u00e9get v\u00e1s\u00e1rol el\u00e9rhet\u0151 \u00e1ron.\u00a0<\/strong><\/p>","protected":false},"excerpt":{"rendered":"<p>A Fiskars K40 univerz\u00e1lis k\u00e9s r\u00f6gz\u00edtett peng\u00e9vel amely a k\u00e9nyelmes ergonomikus markolattal t\u00f6k\u00e9letesen illeszkedik a kez\u00e9be, az ujjv\u00e9d\u0151 megakad\u00e1lyozza, hogy a penge elcs\u00fasszon. A penge kiv\u00e1l\u00f3 min\u0151s\u00e9g\u0171 sv\u00e9d\u00a0rozsdamentes ac\u00e9lb\u00f3l k\u00e9sz\u00fcl.\u00a0A k\u00e9shez egy praktikus tasak tartozik, amely v\u00e9di a peng\u00e9t \u00e9s a felhaszn\u00e1l\u00f3t a k\u00e9s hordoz\u00e1sakor, \u00e9s az \u00f6v seg\u00edts\u00e9g\u00e9vel felf\u00fcggeszthet\u0151.<\/p>\n<div class=\"col-xs-12 col-sm-5 col-md-6 col-lg-6 right-side\">\n<div class=\"product-description\">\n<div>\n<div class=\"ezxmltext-field\">\n<h3>A Fiskars K40 k\u00e9s f\u0151 el\u0151nyei:<\/h3>\n<\/div>\n<\/div>\n<div class=\"product-features\">\n<div class=\"ezxmltext-field\">\n<ul>\n<li><strong>k\u00e9s sokf\u00e9le alkalmaz\u00e1shoz<\/strong><\/li>\n<li><strong>praktikus tokkal sz\u00e1ll\u00edtva<\/strong><\/li>\n<li><strong>ergonomikus kialak\u00edt\u00e1s\u00fa markolat cs\u00fasz\u00e1sv\u00e9delemmel ell\u00e1tva<\/strong><\/li>\n<li><strong>alacsony s\u00faly\u00fa<\/strong><\/li>\n<li><strong>\u00a0kiv\u00e1l\u00f3 min\u0151s\u00e9g\u0171 penge<\/strong><\/li>\n<\/ul>\n<\/div>\n<\/div>\n<\/div>\n<\/div>\n<p>&nbsp;<\/p>","protected":false},"featured_media":2971,"template":"","meta":{"_et_pb_use_builder":"","_et_pb_old_content":"","_et_gb_content_width":""},"product_brand":[],"product_cat":[4683],"product_tag":[1163,1164,1165],"class_list":{"0":"post-2970","1":"product","2":"type-product","3":"status-publish","4":"has-post-thumbnail","6":"product_cat-egyeb-fiskars-eszkozok-es-kerteszeti-kiegeszitok","7":"product_tag-k40","8":"product_tag-kes","9":"product_tag-univerzalis-kes","11":"first","12":"instock","13":"shipping-taxable","14":"purchasable","15":"product-type-simple"},"yoast_head":"<!-- This site is optimized with the Yoast SEO plugin v27.5 - https:\/\/yoast.com\/product\/yoast-seo-wordpress\/ -->\n<title>Fiskars K40 univerz\u00e1lis k\u00e9s - T\u00e1jkert\u00e9sz<\/title>\n<meta name=\"description\" content=\"A Fiskars K40 univerz\u00e1lis k\u00e9s r\u00f6gz\u00edtett peng\u00e9vel amely a k\u00e9nyelmes ergonomikus markolattal t\u00f6k\u00e9letesen illeszkedik a kez\u00e9be.\" \/>\n<meta name=\"robots\" content=\"index, follow, max-snippet:-1, max-image-preview:large, max-video-preview:-1\" \/>\n<link rel=\"canonical\" href=\"https:\/\/tajkertesz.com\/en_US\/product\/fiskars-k40-univerzalis-kes\/\" \/>\n<meta property=\"og:locale\" content=\"en_US\" \/>\n<meta property=\"og:type\" content=\"article\" \/>\n<meta property=\"og:title\" content=\"Fiskars K40 univerz\u00e1lis k\u00e9s - T\u00e1jkert\u00e9sz\" \/>\n<meta property=\"og:description\" content=\"A Fiskars K40 univerz\u00e1lis k\u00e9s r\u00f6gz\u00edtett peng\u00e9vel amely a k\u00e9nyelmes ergonomikus markolattal t\u00f6k\u00e9letesen illeszkedik a kez\u00e9be.\" \/>\n<meta property=\"og:url\" content=\"https:\/\/tajkertesz.com\/en_US\/product\/fiskars-k40-univerzalis-kes\/\" \/>\n<meta property=\"og:site_name\" content=\"T\u00e1jkert\u00e9sz\" \/>\n<meta property=\"article:publisher\" content=\"https:\/\/www.facebook.com\/Tajkertesz\/\" \/>\n<meta property=\"article:modified_time\" content=\"2024-02-13T15:40:35+00:00\" \/>\n<meta property=\"og:image\" content=\"https:\/\/tajkertesz.com\/wp-content\/uploads\/2020\/12\/fiskars-k40.jpg\" \/>\n\t<meta property=\"og:image:width\" content=\"555\" \/>\n\t<meta property=\"og:image:height\" content=\"414\" \/>\n\t<meta property=\"og:image:type\" content=\"image\/jpeg\" \/>\n<meta name=\"twitter:card\" content=\"summary_large_image\" \/>\n<meta name=\"twitter:label1\" content=\"Est. reading time\" \/>\n\t<meta name=\"twitter:data1\" content=\"2 minutes\" \/>\n<script type=\"application\/ld+json\" class=\"yoast-schema-graph\">{\"@context\":\"https:\\\/\\\/schema.org\",\"@graph\":[{\"@type\":\"WebPage\",\"@id\":\"https:\\\/\\\/tajkertesz.com\\\/termek\\\/fiskars-k40-univerzalis-kes\\\/\",\"url\":\"https:\\\/\\\/tajkertesz.com\\\/termek\\\/fiskars-k40-univerzalis-kes\\\/\",\"name\":\"Fiskars K40 univerz\u00e1lis k\u00e9s - T\u00e1jkert\u00e9sz\",\"isPartOf\":{\"@id\":\"https:\\\/\\\/tajkertesz.com\\\/#website\"},\"primaryImageOfPage\":{\"@id\":\"https:\\\/\\\/tajkertesz.com\\\/termek\\\/fiskars-k40-univerzalis-kes\\\/#primaryimage\"},\"image\":{\"@id\":\"https:\\\/\\\/tajkertesz.com\\\/termek\\\/fiskars-k40-univerzalis-kes\\\/#primaryimage\"},\"thumbnailUrl\":\"https:\\\/\\\/tajkertesz.com\\\/wp-content\\\/uploads\\\/2020\\\/12\\\/fiskars-k40.jpg\",\"datePublished\":\"2020-12-21T14:56:01+00:00\",\"dateModified\":\"2024-02-13T15:40:35+00:00\",\"description\":\"A Fiskars K40 univerz\u00e1lis k\u00e9s r\u00f6gz\u00edtett peng\u00e9vel amely a k\u00e9nyelmes ergonomikus markolattal t\u00f6k\u00e9letesen illeszkedik a kez\u00e9be.\",\"breadcrumb\":{\"@id\":\"https:\\\/\\\/tajkertesz.com\\\/termek\\\/fiskars-k40-univerzalis-kes\\\/#breadcrumb\"},\"inLanguage\":\"en-US\",\"potentialAction\":[{\"@type\":\"ReadAction\",\"target\":[\"https:\\\/\\\/tajkertesz.com\\\/termek\\\/fiskars-k40-univerzalis-kes\\\/\"]}]},{\"@type\":\"ImageObject\",\"inLanguage\":\"en-US\",\"@id\":\"https:\\\/\\\/tajkertesz.com\\\/termek\\\/fiskars-k40-univerzalis-kes\\\/#primaryimage\",\"url\":\"https:\\\/\\\/tajkertesz.com\\\/wp-content\\\/uploads\\\/2020\\\/12\\\/fiskars-k40.jpg\",\"contentUrl\":\"https:\\\/\\\/tajkertesz.com\\\/wp-content\\\/uploads\\\/2020\\\/12\\\/fiskars-k40.jpg\",\"width\":555,\"height\":414},{\"@type\":\"BreadcrumbList\",\"@id\":\"https:\\\/\\\/tajkertesz.com\\\/termek\\\/fiskars-k40-univerzalis-kes\\\/#breadcrumb\",\"itemListElement\":[{\"@type\":\"ListItem\",\"position\":1,\"name\":\"Home\",\"item\":\"https:\\\/\\\/tajkertesz.com\\\/\"},{\"@type\":\"ListItem\",\"position\":2,\"name\":\"Kezd\u0151lap\",\"item\":\"https:\\\/\\\/tajkertesz.com\\\/\"},{\"@type\":\"ListItem\",\"position\":3,\"name\":\"Fiskars K40 univerz\u00e1lis k\u00e9s\"}]},{\"@type\":\"WebSite\",\"@id\":\"https:\\\/\\\/tajkertesz.com\\\/#website\",\"url\":\"https:\\\/\\\/tajkertesz.com\\\/\",\"name\":\"T\u00e1j-Kert\u00e9sz 84 Kft.\",\"description\":\"Kert\u00e9szeti kis- \u00e9s nagykeresked\u00e9s, D\u00edszn\u00f6v\u00e9ny web\u00e1ruh\u00e1z orsz\u00e1gos h\u00e1zhozsz\u00e1ll\u00edt\u00e1ssal!\",\"publisher\":{\"@id\":\"https:\\\/\\\/tajkertesz.com\\\/#organization\"},\"potentialAction\":[{\"@type\":\"SearchAction\",\"target\":{\"@type\":\"EntryPoint\",\"urlTemplate\":\"https:\\\/\\\/tajkertesz.com\\\/?s={search_term_string}\"},\"query-input\":{\"@type\":\"PropertyValueSpecification\",\"valueRequired\":true,\"valueName\":\"search_term_string\"}}],\"inLanguage\":\"en-US\"},{\"@type\":\"Organization\",\"@id\":\"https:\\\/\\\/tajkertesz.com\\\/#organization\",\"name\":\"T\u00e1j-Kert\u00e9sz 84 Kft.\",\"url\":\"https:\\\/\\\/tajkertesz.com\\\/\",\"logo\":{\"@type\":\"ImageObject\",\"inLanguage\":\"en-US\",\"@id\":\"https:\\\/\\\/tajkertesz.com\\\/#\\\/schema\\\/logo\\\/image\\\/\",\"url\":\"https:\\\/\\\/tajkertesz.com\\\/wp-content\\\/uploads\\\/2018\\\/02\\\/logo-2-e1518678052539.png\",\"contentUrl\":\"https:\\\/\\\/tajkertesz.com\\\/wp-content\\\/uploads\\\/2018\\\/02\\\/logo-2-e1518678052539.png\",\"width\":81,\"height\":140,\"caption\":\"T\u00e1j-Kert\u00e9sz 84 Kft.\"},\"image\":{\"@id\":\"https:\\\/\\\/tajkertesz.com\\\/#\\\/schema\\\/logo\\\/image\\\/\"},\"sameAs\":[\"https:\\\/\\\/www.facebook.com\\\/Tajkertesz\\\/\"]}]}<\/script>\n<!-- \/ Yoast SEO plugin. -->","yoast_head_json":{"title":"Fiskars K40 univerz\u00e1lis k\u00e9s - T\u00e1jkert\u00e9sz","description":"A Fiskars K40 univerz\u00e1lis k\u00e9s r\u00f6gz\u00edtett peng\u00e9vel amely a k\u00e9nyelmes ergonomikus markolattal t\u00f6k\u00e9letesen illeszkedik a kez\u00e9be.","robots":{"index":"index","follow":"follow","max-snippet":"max-snippet:-1","max-image-preview":"max-image-preview:large","max-video-preview":"max-video-preview:-1"},"canonical":"https:\/\/tajkertesz.com\/en_US\/product\/fiskars-k40-univerzalis-kes\/","og_locale":"en_US","og_type":"article","og_title":"Fiskars K40 univerz\u00e1lis k\u00e9s - T\u00e1jkert\u00e9sz","og_description":"A Fiskars K40 univerz\u00e1lis k\u00e9s r\u00f6gz\u00edtett peng\u00e9vel amely a k\u00e9nyelmes ergonomikus markolattal t\u00f6k\u00e9letesen illeszkedik a kez\u00e9be.","og_url":"https:\/\/tajkertesz.com\/en_US\/product\/fiskars-k40-univerzalis-kes\/","og_site_name":"T\u00e1jkert\u00e9sz","article_publisher":"https:\/\/www.facebook.com\/Tajkertesz\/","article_modified_time":"2024-02-13T15:40:35+00:00","og_image":[{"width":555,"height":414,"url":"https:\/\/tajkertesz.com\/wp-content\/uploads\/2020\/12\/fiskars-k40.jpg","type":"image\/jpeg"}],"twitter_card":"summary_large_image","twitter_misc":{"Est. reading time":"2 minutes"},"schema":{"@context":"https:\/\/schema.org","@graph":[{"@type":"WebPage","@id":"https:\/\/tajkertesz.com\/termek\/fiskars-k40-univerzalis-kes\/","url":"https:\/\/tajkertesz.com\/termek\/fiskars-k40-univerzalis-kes\/","name":"Fiskars K40 univerz\u00e1lis k\u00e9s - T\u00e1jkert\u00e9sz","isPartOf":{"@id":"https:\/\/tajkertesz.com\/#website"},"primaryImageOfPage":{"@id":"https:\/\/tajkertesz.com\/termek\/fiskars-k40-univerzalis-kes\/#primaryimage"},"image":{"@id":"https:\/\/tajkertesz.com\/termek\/fiskars-k40-univerzalis-kes\/#primaryimage"},"thumbnailUrl":"https:\/\/tajkertesz.com\/wp-content\/uploads\/2020\/12\/fiskars-k40.jpg","datePublished":"2020-12-21T14:56:01+00:00","dateModified":"2024-02-13T15:40:35+00:00","description":"A Fiskars K40 univerz\u00e1lis k\u00e9s r\u00f6gz\u00edtett peng\u00e9vel amely a k\u00e9nyelmes ergonomikus markolattal t\u00f6k\u00e9letesen illeszkedik a kez\u00e9be.","breadcrumb":{"@id":"https:\/\/tajkertesz.com\/termek\/fiskars-k40-univerzalis-kes\/#breadcrumb"},"inLanguage":"en-US","potentialAction":[{"@type":"ReadAction","target":["https:\/\/tajkertesz.com\/termek\/fiskars-k40-univerzalis-kes\/"]}]},{"@type":"ImageObject","inLanguage":"en-US","@id":"https:\/\/tajkertesz.com\/termek\/fiskars-k40-univerzalis-kes\/#primaryimage","url":"https:\/\/tajkertesz.com\/wp-content\/uploads\/2020\/12\/fiskars-k40.jpg","contentUrl":"https:\/\/tajkertesz.com\/wp-content\/uploads\/2020\/12\/fiskars-k40.jpg","width":555,"height":414},{"@type":"BreadcrumbList","@id":"https:\/\/tajkertesz.com\/termek\/fiskars-k40-univerzalis-kes\/#breadcrumb","itemListElement":[{"@type":"ListItem","position":1,"name":"Home","item":"https:\/\/tajkertesz.com\/"},{"@type":"ListItem","position":2,"name":"Kezd\u0151lap","item":"https:\/\/tajkertesz.com\/"},{"@type":"ListItem","position":3,"name":"Fiskars K40 univerz\u00e1lis k\u00e9s"}]},{"@type":"WebSite","@id":"https:\/\/tajkertesz.com\/#website","url":"https:\/\/tajkertesz.com\/","name":"T\u00e1j-Kert\u00e9sz 84 Kft.","description":"Kert\u00e9szeti kis- \u00e9s nagykeresked\u00e9s, D\u00edszn\u00f6v\u00e9ny web\u00e1ruh\u00e1z orsz\u00e1gos h\u00e1zhozsz\u00e1ll\u00edt\u00e1ssal!","publisher":{"@id":"https:\/\/tajkertesz.com\/#organization"},"potentialAction":[{"@type":"SearchAction","target":{"@type":"EntryPoint","urlTemplate":"https:\/\/tajkertesz.com\/?s={search_term_string}"},"query-input":{"@type":"PropertyValueSpecification","valueRequired":true,"valueName":"search_term_string"}}],"inLanguage":"en-US"},{"@type":"Organization","@id":"https:\/\/tajkertesz.com\/#organization","name":"T\u00e1j-Kert\u00e9sz 84 Kft.","url":"https:\/\/tajkertesz.com\/","logo":{"@type":"ImageObject","inLanguage":"en-US","@id":"https:\/\/tajkertesz.com\/#\/schema\/logo\/image\/","url":"https:\/\/tajkertesz.com\/wp-content\/uploads\/2018\/02\/logo-2-e1518678052539.png","contentUrl":"https:\/\/tajkertesz.com\/wp-content\/uploads\/2018\/02\/logo-2-e1518678052539.png","width":81,"height":140,"caption":"T\u00e1j-Kert\u00e9sz 84 Kft."},"image":{"@id":"https:\/\/tajkertesz.com\/#\/schema\/logo\/image\/"},"sameAs":["https:\/\/www.facebook.com\/Tajkertesz\/"]}]}},"_links":{"self":[{"href":"https:\/\/tajkertesz.com\/en_US\/wp-json\/wp\/v2\/product\/2970","targetHints":{"allow":["GET"]}}],"collection":[{"href":"https:\/\/tajkertesz.com\/en_US\/wp-json\/wp\/v2\/product"}],"about":[{"href":"https:\/\/tajkertesz.com\/en_US\/wp-json\/wp\/v2\/types\/product"}],"wp:featuredmedia":[{"embeddable":true,"href":"https:\/\/tajkertesz.com\/en_US\/wp-json\/wp\/v2\/media\/2971"}],"wp:attachment":[{"href":"https:\/\/tajkertesz.com\/en_US\/wp-json\/wp\/v2\/media?parent=2970"}],"wp:term":[{"taxonomy":"product_brand","embeddable":true,"href":"https:\/\/tajkertesz.com\/en_US\/wp-json\/wp\/v2\/product_brand?post=2970"},{"taxonomy":"product_cat","embeddable":true,"href":"https:\/\/tajkertesz.com\/en_US\/wp-json\/wp\/v2\/product_cat?post=2970"},{"taxonomy":"product_tag","embeddable":true,"href":"https:\/\/tajkertesz.com\/en_US\/wp-json\/wp\/v2\/product_tag?post=2970"}],"curies":[{"name":"wp","href":"https:\/\/api.w.org\/{rel}","templated":true}]}}