{"id":3000,"date":"2021-01-28T15:51:25","date_gmt":"2021-01-28T15:51:25","guid":{"rendered":"https:\/\/tajkertesz.com\/?post_type=product&#038;p=3000"},"modified":"2026-02-25T14:23:09","modified_gmt":"2026-02-25T14:23:09","slug":"hosszu-hatastartamu-gyepmutragya","status":"publish","type":"product","link":"https:\/\/tajkertesz.com\/en_US\/product\/hosszu-hatastartamu-gyepmutragya\/","title":{"rendered":"ICL.Landscaper Pro Full Season Gyepfenntart\u00f3 m\u0171tr\u00e1gya15 kg"},"content":{"rendered":"<h3>ICL.Landscaper Pro Full Season\u00a0 Gyepfenntart\u00f3 <b>27-5-5+2MgO 15kg<\/b><\/h3>\n<p>A Landscaper Pro Full Season Hossz\u00fa hat\u00e1startam\u00fa gyepm\u0171tr\u00e1gya t\u00e1panyagtartalma 8-9 h\u00f3napon kereszt\u00fcl fokozatosan bomlik, \u00e9s v\u00e1lik el\u00e9rhet\u0151v\u00e9 a f\u0171 sz\u00e1m\u00e1ra. Kiegyens\u00falyozott gy\u00f6k\u00e9r- \u00e9s hajt\u00e1sfejl\u0151d\u00e9st eredm\u00e9nyez.<\/p>\n<p>Ellen\u00e1ll\u00f3v\u00e1 teszi a gyepet a betegs\u00e9gekkel \u00e9s a gyomokkal szemben. Az \u00fcde z\u00f6ld sz\u00edn \u00e9rdek\u00e9ben magn\u00e9ziumot is tartalmaz.<\/p>\n<h3>Javasolt alkalmaz\u00e1si id\u0151szak: m\u00e1rciust\u00f3l m\u00e1jusig.<br \/>\nJavasolt d\u00f3zis: 60 g\/m2, <strong>egy zs\u00e1k 250 m2-re elegend\u0151.<\/strong><\/h3>\n<h3>S\u00falya:15 kg<br \/>\nHat\u00e1startam (h\u00f3nap) 8-9<br \/>\nSzemcsem\u00e9ret (mm) 1.8-4.0<\/h3>\n<p><a href=\"https:\/\/tajkertesz.com\/\">https:\/\/tajkertesz.com\/<\/a><\/p>\n<p><a href=\"https:\/\/hu.wikipedia.org\/wiki\/Gyep\">https:\/\/hu.wikipedia.org\/wiki\/Gyep<\/a><\/p>\n<p><a href=\"https:\/\/tajkertesz.com\/wp-content\/uploads\/2021\/01\/Everris-Full-Season-27-5-5-BA.pdf\">Everris-Full-Season-27-5-5-BA<\/a><\/p>\n<p>A\u00a0<b>gyep<\/b>\u00a0olyan hasznos\u00edtatlan, vagy mez\u0151gazdas\u00e1gi ter\u00fclet, mely term\u00e9szetes folyamatok \u00e1ltal\u00a0\u2013 esetleg a maga \u0151sval\u00f3j\u00e1ban\u00a0\u2013 vagy mesters\u00e9ges telep\u00edt\u00e9s \u00fatj\u00e1n gyepalkot\u00f3 n\u00f6v\u00e9nyfajokkal bor\u00edtott.<\/p>\n<h2><span id=\"T\u00f6rt\u00e9nete\" class=\"mw-headline\">T\u00f6rt\u00e9nete<\/span><\/h2>\n<p>A<span style=\"color: #333333;\"> gyep el\u0151dei val\u00f3sz\u00edn\u0171leg a\u00a0<a style=\"color: #333333;\" title=\"K\u00f6z\u00e9pkor\" href=\"https:\/\/hu.wikipedia.org\/wiki\/K%C3%B6z%C3%A9pkor\">k\u00f6z\u00e9pkori<\/a>\u00a0telep\u00fcl\u00e9sek azon f\u00fcves\u00edtett, elz\u00e1rt ter\u00fcletei voltak, amelyeket az \u00e1llat\u00e1llom\u00e1ny kommun\u00e1lis legeltet\u00e9s\u00e9re haszn\u00e1ltak, \u00e9s amelyek szerepe a mez\u0151gazdas\u00e1gilag m\u0171velt ter\u00fcletekt\u0151l \u00e9lesen elk\u00fcl\u00f6n\u00fclt. A gyep sz\u00f3 angol megfelel\u0151je, a lawn val\u00f3sz\u00edn\u0171leg a kelta-birton laun sz\u00f3b\u00f3l sz\u00e1rmazik, melynek jelent\u00e9se elz\u00e1rt ter\u00fclet.<\/span><\/p>\n<p><span style=\"color: #333333;\"><a style=\"color: #333333;\" title=\"\u00c9szak-Eur\u00f3pa\" href=\"https:\/\/hu.wikipedia.org\/wiki\/%C3%89szak-Eur%C3%B3pa\">\u00c9szak-Eur\u00f3p\u00e1ban<\/a>\u00a0a k\u00f6z\u00e9pkor ut\u00e1n a gondozott gyep egyre n\u00e9pszer\u0171bb\u00e9 v\u00e1lt az\u00a0<a style=\"color: #333333;\" title=\"Arisztokr\u00e1cia\" href=\"https:\/\/hu.wikipedia.org\/wiki\/Arisztokr%C3%A1cia\">arisztokr\u00e1cia<\/a>\u00a0k\u00f6r\u00e9ben. A korai gyepek sokszor szinte megk\u00fcl\u00f6nb\u00f6ztethetetlenek voltak az egyszer\u0171 legel\u0151kt\u0151l.<\/span><\/p>\n<p><span style=\"color: #333333;\">Miel\u0151tt az\u00a0<a style=\"color: #333333;\" title=\"1830\" href=\"https:\/\/hu.wikipedia.org\/wiki\/1830\">1830<\/a>-as \u00e9vekben feltal\u00e1lt\u00e1k volna a korai\u00a0<a style=\"color: #333333;\" title=\"F\u0171ny\u00edr\u00f3\" href=\"https:\/\/hu.wikipedia.org\/wiki\/F%C5%B1ny%C3%ADr%C3%B3\">f\u0171ny\u00edr\u00f3<\/a>\u00a0eszk\u00f6z\u00f6ket a gyepet igen elt\u00e9r\u0151 m\u00f3don gondozt\u00e1k. \u00c1ltal\u00e1ban nagy \u00e9rt\u00e9k\u0171 ingatlanok, h\u00e1zak kieg\u00e9sz\u00edt\u0151i voltak, \u00e9s munkaig\u00e9nyes kasz\u00e1l\u00e1ssal \u00e9s ny\u00edr\u00e1ssal tartott\u00e1k \u0151ket karban. Sok esetben legel\u0151k\u00e9nt is haszn\u00e1lt\u00e1k \u0151ket, \u00e9s az \u00e1llat\u00e1llom\u00e1nyt is bevont\u00e1k gondoz\u00e1sukba.<\/span><\/p>\n<p>&nbsp;<\/p>","protected":false},"excerpt":{"rendered":"<p><b>K\u00e9szlet\u00fcnk napi szinten v\u00e1ltozik, ez\u00e9rt k\u00e9rj\u00fck, \u00e9rdekl\u0151dj\u00f6n szem\u00e9lyesen, telefonon vagy email-en.<\/b><\/p>\n<div id=\"bodyContent\" class=\"mw-body-content\">\n<div id=\"mw-content-text\" class=\"mw-content-ltr\" dir=\"ltr\" lang=\"hu\">\n<div id=\"bodyContent\" class=\"mw-body-content\">\n<div id=\"mw-content-text\" class=\"mw-content-ltr\" dir=\"ltr\" lang=\"hu\">\n<p>Term\u00e9keinket szem\u00e9lyesen is \u00e1tveheti a h\u00e9t minden napj\u00e1n nyitvatart\u00e1si id\u0151ben!<\/p>\n<p>Kisz\u00e1ll\u00edt\u00e1s: 200 cm \u00e9s 40 kg-ig a sz\u00e1ll\u00edt\u00e1s fut\u00e1rszolg\u00e1lattal t\u00f6rt\u00e9nik.<\/p>\n<\/div>\n<\/div>\n<\/div>\n<\/div>\n<p><b>A v\u00e1ltoztat\u00e1s jog\u00e1t fenntartjuk!\u00a0<\/b><\/p>\n<p>A Landscaper Pro Full Season Hossz\u00fa hat\u00e1startam\u00fa gyepm\u0171tr\u00e1gya t\u00e1panyagtartalma 8-9 h\u00f3napon kereszt\u00fcl fokozatosan bomlik, \u00e9s v\u00e1lik el\u00e9rhet\u0151v\u00e9 a f\u0171 sz\u00e1m\u00e1ra. Kiegyens\u00falyozott gy\u00f6k\u00e9r- \u00e9s hajt\u00e1sfejl\u0151d\u00e9st eredm\u00e9nyez.<\/p>","protected":false},"featured_media":3001,"template":"","meta":{"_et_pb_use_builder":"","_et_pb_old_content":"","_et_gb_content_width":""},"product_brand":[],"product_cat":[1456],"product_tag":[1184,1183,1185,1182],"class_list":{"0":"post-3000","1":"product","2":"type-product","3":"status-publish","4":"has-post-thumbnail","6":"product_cat-icl-everris-scotts-mutragyak","7":"product_tag-27-5-52mgo","8":"product_tag-gyepfenntarto","9":"product_tag-hosszu-hatastartamu-gyepmutragya","10":"product_tag-landscaper-pro-full-season","12":"first","13":"instock","14":"shipping-taxable","15":"purchasable","16":"product-type-simple"},"yoast_head":"<!-- This site is optimized with the Yoast SEO plugin v27.4 - https:\/\/yoast.com\/product\/yoast-seo-wordpress\/ -->\n<title>ICL.Landscaper Pro Full Season Gyepfenntart\u00f3 m\u0171tr\u00e1gya15 kg - T\u00e1jkert\u00e9sz<\/title>\n<meta name=\"description\" content=\"A Landscaper Pro Full Season Hossz\u00fa hat\u00e1startam\u00fa gyepm\u0171tr\u00e1gya amely 15 kg-os \u00e9s 8-9 h\u00f3napon kereszt\u00fcl fokozatosan adagolja ki a t\u00e1panyagot.\" \/>\n<meta name=\"robots\" content=\"index, follow, max-snippet:-1, max-image-preview:large, max-video-preview:-1\" \/>\n<link rel=\"canonical\" href=\"https:\/\/tajkertesz.com\/en_US\/product\/hosszu-hatastartamu-gyepmutragya\/\" \/>\n<meta property=\"og:locale\" content=\"en_US\" \/>\n<meta property=\"og:type\" content=\"article\" \/>\n<meta property=\"og:title\" content=\"ICL.Landscaper Pro Full Season Gyepfenntart\u00f3 m\u0171tr\u00e1gya15 kg - T\u00e1jkert\u00e9sz\" \/>\n<meta property=\"og:description\" content=\"A Landscaper Pro Full Season Hossz\u00fa hat\u00e1startam\u00fa gyepm\u0171tr\u00e1gya amely 15 kg-os \u00e9s 8-9 h\u00f3napon kereszt\u00fcl fokozatosan adagolja ki a t\u00e1panyagot.\" \/>\n<meta property=\"og:url\" content=\"https:\/\/tajkertesz.com\/en_US\/product\/hosszu-hatastartamu-gyepmutragya\/\" \/>\n<meta property=\"og:site_name\" content=\"T\u00e1jkert\u00e9sz\" \/>\n<meta property=\"article:publisher\" content=\"https:\/\/www.facebook.com\/Tajkertesz\/\" \/>\n<meta property=\"article:modified_time\" content=\"2026-02-25T14:23:09+00:00\" \/>\n<meta property=\"og:image\" content=\"https:\/\/tajkertesz.com\/wp-content\/uploads\/2021\/01\/Landscaper-Pro-Full-Season.png\" \/>\n\t<meta property=\"og:image:width\" content=\"358\" \/>\n\t<meta property=\"og:image:height\" content=\"497\" \/>\n\t<meta property=\"og:image:type\" content=\"image\/png\" \/>\n<meta name=\"twitter:card\" content=\"summary_large_image\" \/>\n<meta name=\"twitter:label1\" content=\"Est. reading time\" \/>\n\t<meta name=\"twitter:data1\" content=\"2 minutes\" \/>\n<script type=\"application\/ld+json\" class=\"yoast-schema-graph\">{\"@context\":\"https:\\\/\\\/schema.org\",\"@graph\":[{\"@type\":\"WebPage\",\"@id\":\"https:\\\/\\\/tajkertesz.com\\\/termek\\\/hosszu-hatastartamu-gyepmutragya\\\/\",\"url\":\"https:\\\/\\\/tajkertesz.com\\\/termek\\\/hosszu-hatastartamu-gyepmutragya\\\/\",\"name\":\"ICL.Landscaper Pro Full Season Gyepfenntart\u00f3 m\u0171tr\u00e1gya15 kg - T\u00e1jkert\u00e9sz\",\"isPartOf\":{\"@id\":\"https:\\\/\\\/tajkertesz.com\\\/#website\"},\"primaryImageOfPage\":{\"@id\":\"https:\\\/\\\/tajkertesz.com\\\/termek\\\/hosszu-hatastartamu-gyepmutragya\\\/#primaryimage\"},\"image\":{\"@id\":\"https:\\\/\\\/tajkertesz.com\\\/termek\\\/hosszu-hatastartamu-gyepmutragya\\\/#primaryimage\"},\"thumbnailUrl\":\"https:\\\/\\\/tajkertesz.com\\\/wp-content\\\/uploads\\\/2021\\\/01\\\/Landscaper-Pro-Full-Season.png\",\"datePublished\":\"2021-01-28T15:51:25+00:00\",\"dateModified\":\"2026-02-25T14:23:09+00:00\",\"description\":\"A Landscaper Pro Full Season Hossz\u00fa hat\u00e1startam\u00fa gyepm\u0171tr\u00e1gya amely 15 kg-os \u00e9s 8-9 h\u00f3napon kereszt\u00fcl fokozatosan adagolja ki a t\u00e1panyagot.\",\"breadcrumb\":{\"@id\":\"https:\\\/\\\/tajkertesz.com\\\/termek\\\/hosszu-hatastartamu-gyepmutragya\\\/#breadcrumb\"},\"inLanguage\":\"en-US\",\"potentialAction\":[{\"@type\":\"ReadAction\",\"target\":[\"https:\\\/\\\/tajkertesz.com\\\/termek\\\/hosszu-hatastartamu-gyepmutragya\\\/\"]}]},{\"@type\":\"ImageObject\",\"inLanguage\":\"en-US\",\"@id\":\"https:\\\/\\\/tajkertesz.com\\\/termek\\\/hosszu-hatastartamu-gyepmutragya\\\/#primaryimage\",\"url\":\"https:\\\/\\\/tajkertesz.com\\\/wp-content\\\/uploads\\\/2021\\\/01\\\/Landscaper-Pro-Full-Season.png\",\"contentUrl\":\"https:\\\/\\\/tajkertesz.com\\\/wp-content\\\/uploads\\\/2021\\\/01\\\/Landscaper-Pro-Full-Season.png\",\"width\":358,\"height\":497},{\"@type\":\"BreadcrumbList\",\"@id\":\"https:\\\/\\\/tajkertesz.com\\\/termek\\\/hosszu-hatastartamu-gyepmutragya\\\/#breadcrumb\",\"itemListElement\":[{\"@type\":\"ListItem\",\"position\":1,\"name\":\"Home\",\"item\":\"https:\\\/\\\/tajkertesz.com\\\/\"},{\"@type\":\"ListItem\",\"position\":2,\"name\":\"Kezd\u0151lap\",\"item\":\"https:\\\/\\\/tajkertesz.com\\\/\"},{\"@type\":\"ListItem\",\"position\":3,\"name\":\"ICL.Landscaper Pro Full Season Gyepfenntart\u00f3 m\u0171tr\u00e1gya15 kg\"}]},{\"@type\":\"WebSite\",\"@id\":\"https:\\\/\\\/tajkertesz.com\\\/#website\",\"url\":\"https:\\\/\\\/tajkertesz.com\\\/\",\"name\":\"T\u00e1j-Kert\u00e9sz 84 Kft.\",\"description\":\"Kert\u00e9szeti kis- \u00e9s nagykeresked\u00e9s, D\u00edszn\u00f6v\u00e9ny web\u00e1ruh\u00e1z orsz\u00e1gos h\u00e1zhozsz\u00e1ll\u00edt\u00e1ssal!\",\"publisher\":{\"@id\":\"https:\\\/\\\/tajkertesz.com\\\/#organization\"},\"potentialAction\":[{\"@type\":\"SearchAction\",\"target\":{\"@type\":\"EntryPoint\",\"urlTemplate\":\"https:\\\/\\\/tajkertesz.com\\\/?s={search_term_string}\"},\"query-input\":{\"@type\":\"PropertyValueSpecification\",\"valueRequired\":true,\"valueName\":\"search_term_string\"}}],\"inLanguage\":\"en-US\"},{\"@type\":\"Organization\",\"@id\":\"https:\\\/\\\/tajkertesz.com\\\/#organization\",\"name\":\"T\u00e1j-Kert\u00e9sz 84 Kft.\",\"url\":\"https:\\\/\\\/tajkertesz.com\\\/\",\"logo\":{\"@type\":\"ImageObject\",\"inLanguage\":\"en-US\",\"@id\":\"https:\\\/\\\/tajkertesz.com\\\/#\\\/schema\\\/logo\\\/image\\\/\",\"url\":\"https:\\\/\\\/tajkertesz.com\\\/wp-content\\\/uploads\\\/2018\\\/02\\\/logo-2-e1518678052539.png\",\"contentUrl\":\"https:\\\/\\\/tajkertesz.com\\\/wp-content\\\/uploads\\\/2018\\\/02\\\/logo-2-e1518678052539.png\",\"width\":81,\"height\":140,\"caption\":\"T\u00e1j-Kert\u00e9sz 84 Kft.\"},\"image\":{\"@id\":\"https:\\\/\\\/tajkertesz.com\\\/#\\\/schema\\\/logo\\\/image\\\/\"},\"sameAs\":[\"https:\\\/\\\/www.facebook.com\\\/Tajkertesz\\\/\"]}]}<\/script>\n<!-- \/ Yoast SEO plugin. -->","yoast_head_json":{"title":"ICL.Landscaper Pro Full Season Gyepfenntart\u00f3 m\u0171tr\u00e1gya15 kg - T\u00e1jkert\u00e9sz","description":"A Landscaper Pro Full Season Hossz\u00fa hat\u00e1startam\u00fa gyepm\u0171tr\u00e1gya amely 15 kg-os \u00e9s 8-9 h\u00f3napon kereszt\u00fcl fokozatosan adagolja ki a t\u00e1panyagot.","robots":{"index":"index","follow":"follow","max-snippet":"max-snippet:-1","max-image-preview":"max-image-preview:large","max-video-preview":"max-video-preview:-1"},"canonical":"https:\/\/tajkertesz.com\/en_US\/product\/hosszu-hatastartamu-gyepmutragya\/","og_locale":"en_US","og_type":"article","og_title":"ICL.Landscaper Pro Full Season Gyepfenntart\u00f3 m\u0171tr\u00e1gya15 kg - T\u00e1jkert\u00e9sz","og_description":"A Landscaper Pro Full Season Hossz\u00fa hat\u00e1startam\u00fa gyepm\u0171tr\u00e1gya amely 15 kg-os \u00e9s 8-9 h\u00f3napon kereszt\u00fcl fokozatosan adagolja ki a t\u00e1panyagot.","og_url":"https:\/\/tajkertesz.com\/en_US\/product\/hosszu-hatastartamu-gyepmutragya\/","og_site_name":"T\u00e1jkert\u00e9sz","article_publisher":"https:\/\/www.facebook.com\/Tajkertesz\/","article_modified_time":"2026-02-25T14:23:09+00:00","og_image":[{"width":358,"height":497,"url":"https:\/\/tajkertesz.com\/wp-content\/uploads\/2021\/01\/Landscaper-Pro-Full-Season.png","type":"image\/png"}],"twitter_card":"summary_large_image","twitter_misc":{"Est. reading time":"2 minutes"},"schema":{"@context":"https:\/\/schema.org","@graph":[{"@type":"WebPage","@id":"https:\/\/tajkertesz.com\/termek\/hosszu-hatastartamu-gyepmutragya\/","url":"https:\/\/tajkertesz.com\/termek\/hosszu-hatastartamu-gyepmutragya\/","name":"ICL.Landscaper Pro Full Season Gyepfenntart\u00f3 m\u0171tr\u00e1gya15 kg - T\u00e1jkert\u00e9sz","isPartOf":{"@id":"https:\/\/tajkertesz.com\/#website"},"primaryImageOfPage":{"@id":"https:\/\/tajkertesz.com\/termek\/hosszu-hatastartamu-gyepmutragya\/#primaryimage"},"image":{"@id":"https:\/\/tajkertesz.com\/termek\/hosszu-hatastartamu-gyepmutragya\/#primaryimage"},"thumbnailUrl":"https:\/\/tajkertesz.com\/wp-content\/uploads\/2021\/01\/Landscaper-Pro-Full-Season.png","datePublished":"2021-01-28T15:51:25+00:00","dateModified":"2026-02-25T14:23:09+00:00","description":"A Landscaper Pro Full Season Hossz\u00fa hat\u00e1startam\u00fa gyepm\u0171tr\u00e1gya amely 15 kg-os \u00e9s 8-9 h\u00f3napon kereszt\u00fcl fokozatosan adagolja ki a t\u00e1panyagot.","breadcrumb":{"@id":"https:\/\/tajkertesz.com\/termek\/hosszu-hatastartamu-gyepmutragya\/#breadcrumb"},"inLanguage":"en-US","potentialAction":[{"@type":"ReadAction","target":["https:\/\/tajkertesz.com\/termek\/hosszu-hatastartamu-gyepmutragya\/"]}]},{"@type":"ImageObject","inLanguage":"en-US","@id":"https:\/\/tajkertesz.com\/termek\/hosszu-hatastartamu-gyepmutragya\/#primaryimage","url":"https:\/\/tajkertesz.com\/wp-content\/uploads\/2021\/01\/Landscaper-Pro-Full-Season.png","contentUrl":"https:\/\/tajkertesz.com\/wp-content\/uploads\/2021\/01\/Landscaper-Pro-Full-Season.png","width":358,"height":497},{"@type":"BreadcrumbList","@id":"https:\/\/tajkertesz.com\/termek\/hosszu-hatastartamu-gyepmutragya\/#breadcrumb","itemListElement":[{"@type":"ListItem","position":1,"name":"Home","item":"https:\/\/tajkertesz.com\/"},{"@type":"ListItem","position":2,"name":"Kezd\u0151lap","item":"https:\/\/tajkertesz.com\/"},{"@type":"ListItem","position":3,"name":"ICL.Landscaper Pro Full Season Gyepfenntart\u00f3 m\u0171tr\u00e1gya15 kg"}]},{"@type":"WebSite","@id":"https:\/\/tajkertesz.com\/#website","url":"https:\/\/tajkertesz.com\/","name":"T\u00e1j-Kert\u00e9sz 84 Kft.","description":"Kert\u00e9szeti kis- \u00e9s nagykeresked\u00e9s, D\u00edszn\u00f6v\u00e9ny web\u00e1ruh\u00e1z orsz\u00e1gos h\u00e1zhozsz\u00e1ll\u00edt\u00e1ssal!","publisher":{"@id":"https:\/\/tajkertesz.com\/#organization"},"potentialAction":[{"@type":"SearchAction","target":{"@type":"EntryPoint","urlTemplate":"https:\/\/tajkertesz.com\/?s={search_term_string}"},"query-input":{"@type":"PropertyValueSpecification","valueRequired":true,"valueName":"search_term_string"}}],"inLanguage":"en-US"},{"@type":"Organization","@id":"https:\/\/tajkertesz.com\/#organization","name":"T\u00e1j-Kert\u00e9sz 84 Kft.","url":"https:\/\/tajkertesz.com\/","logo":{"@type":"ImageObject","inLanguage":"en-US","@id":"https:\/\/tajkertesz.com\/#\/schema\/logo\/image\/","url":"https:\/\/tajkertesz.com\/wp-content\/uploads\/2018\/02\/logo-2-e1518678052539.png","contentUrl":"https:\/\/tajkertesz.com\/wp-content\/uploads\/2018\/02\/logo-2-e1518678052539.png","width":81,"height":140,"caption":"T\u00e1j-Kert\u00e9sz 84 Kft."},"image":{"@id":"https:\/\/tajkertesz.com\/#\/schema\/logo\/image\/"},"sameAs":["https:\/\/www.facebook.com\/Tajkertesz\/"]}]}},"_links":{"self":[{"href":"https:\/\/tajkertesz.com\/en_US\/wp-json\/wp\/v2\/product\/3000","targetHints":{"allow":["GET"]}}],"collection":[{"href":"https:\/\/tajkertesz.com\/en_US\/wp-json\/wp\/v2\/product"}],"about":[{"href":"https:\/\/tajkertesz.com\/en_US\/wp-json\/wp\/v2\/types\/product"}],"wp:featuredmedia":[{"embeddable":true,"href":"https:\/\/tajkertesz.com\/en_US\/wp-json\/wp\/v2\/media\/3001"}],"wp:attachment":[{"href":"https:\/\/tajkertesz.com\/en_US\/wp-json\/wp\/v2\/media?parent=3000"}],"wp:term":[{"taxonomy":"product_brand","embeddable":true,"href":"https:\/\/tajkertesz.com\/en_US\/wp-json\/wp\/v2\/product_brand?post=3000"},{"taxonomy":"product_cat","embeddable":true,"href":"https:\/\/tajkertesz.com\/en_US\/wp-json\/wp\/v2\/product_cat?post=3000"},{"taxonomy":"product_tag","embeddable":true,"href":"https:\/\/tajkertesz.com\/en_US\/wp-json\/wp\/v2\/product_tag?post=3000"}],"curies":[{"name":"wp","href":"https:\/\/api.w.org\/{rel}","templated":true}]}}