{"id":3028,"date":"2021-02-03T14:32:53","date_gmt":"2021-02-03T14:32:53","guid":{"rendered":"https:\/\/tajkertesz.com\/?post_type=product&#038;p=3028"},"modified":"2026-02-25T13:31:13","modified_gmt":"2026-02-25T13:31:13","slug":"icl-landscaper-pro-autumn-winter","status":"publish","type":"product","link":"https:\/\/tajkertesz.com\/en_US\/product\/icl-landscaper-pro-autumn-winter\/","title":{"rendered":"ICL.Landscaper Pro Autumn &#038; Winter \u0151szi gyepm\u0171tr\u00e1gya 15kg."},"content":{"rendered":"<h2>ICL.Landscaper Pro Autumn &amp; Winter<\/h2>\n<h2>A Landscaper Pro Autumn &amp; Winter\u00a0 12+5+20+5CaO+2MgO be\u00e1llt gyep fel\u00fcletek \u0151szi t\u00e1panyag-ut\u00e1np\u00f3tl\u00e1s\u00e1ra.<\/h2>\n<p>Hat\u00e1startama 2-3h\u00f3nap.<\/p>\n<p>A\u00a0 15kg-os zs\u00e1k 430-600 m2-re elegend\u0151.<\/p>\n<p>\u0150szi \u00e9s t\u00e9li t\u00e1pl\u00e1l\u00e1shoz kifejlesztett \u00f6sszet\u00e9tellel rendelkez\u0151, szab\u00e1lyozott t\u00e1panyag lead\u00e1s\u00fa k\u00fcl\u00f6n\u00f6sen gyors hat\u00e1s\u00fa m\u0171tr\u00e1gya.<\/p>\n<p>Landscaper Pro Autumn &amp; Winter haszn\u00e1lat\u00e1val egyenl\u00edtett, stabil fejl\u0151d\u00e9s, \u00e9s magas szint\u0171 stressz t\u0171r\u00e9s \u00e9rhet\u0151 el.<\/p>\n<p>Alkalmaz\u00e1sa \u00e1ltal\u00e1nosan javasolt gyepen, \u00e1gy\u00e1sszeg\u00e9lyeken \u00e9s cserj\u00e9k alatt.<\/p>\n<p>H\u0171v\u00f6s id\u0151ben is hat\u00e9kony, el\u0151seg\u00edti a t\u00e9l\u00e1ll\u00f3s\u00e1got, \u00e9s megalapozza a gyors indul\u00e1st k\u00f6vetkez\u0151 szezonban.<\/p>\n<p>Szemcsem\u00e9ret: 0,7-2,0 mm<\/p>\n<p>Burkol\u00e1s: 100% burkolt (norm\u00e1l Poly-S)<\/p>\n<p>D\u00f3zis: 40-45 g\/m2<\/p>\n<p style=\"line-height: 18.0pt; background: white; margin: 0cm 0cm 15.0pt 0cm;\"><span style=\"font-family: 'Ubuntu',serif; color: black;\">El\u00e9rhet\u0151 t\u00f6bbf\u00e9le m\u00e9retben \u00e9s \u00e1rban.<\/span><\/p>\n<p style=\"line-height: 18.0pt; background: white; margin: 0cm 0cm 15.0pt 0cm;\"><b><span style=\"font-family: 'Ubuntu',serif; color: black;\">K\u00e9szlet\u00fcnk napi szinten v\u00e1ltozik, ez\u00e9rt k\u00e9rj\u00fck, \u00e9rdekl\u0151dj\u00f6n szem\u00e9lyesen, telefonon vagy email-en.<br \/>\nA v\u00e1ltoztat\u00e1s jog\u00e1t fenntartjuk!\u00a0<\/span><\/b><\/p>\n<p>&nbsp;<\/p>\n<p><a href=\"https:\/\/tajkertesz.com\/\">https:\/\/tajkertesz.com\/<\/a><\/p>\n<p><a href=\"https:\/\/hu.wikipedia.org\/wiki\/Gyep\">https:\/\/hu.wikipedia.org\/wiki\/Gyep<\/a><\/p>\n<p><a href=\"https:\/\/tajkertesz.com\/wp-content\/uploads\/2021\/02\/SCOTTS-EV.-PRE-WINTER-OSZI-TELI.pdf\">SCOTTS EV. PRE WINTER OSZI-TELI<\/a><\/p>\n<h6><span style=\"color: #ffffff;\">A\u00a0<b>gyep<\/b>\u00a0olyan hasznos\u00edtatlan, vagy mez\u0151gazdas\u00e1gi ter\u00fclet, mely term\u00e9szetes folyamatok \u00e1ltal\u00a0\u2013 esetleg a maga \u0151sval\u00f3j\u00e1ban\u00a0\u2013 vagy mesters\u00e9ges telep\u00edt\u00e9s \u00fatj\u00e1n gyepalkot\u00f3 n\u00f6v\u00e9nyfajokkal bor\u00edtott.A\u00a0<b>gyep<\/b>\u00a0olyan hasznos\u00edtatlan, vagy mez\u0151gazdas\u00e1gi ter\u00fclet, mely term\u00e9szetes folyamatok \u00e1ltal\u00a0\u2013 esetleg a maga \u0151sval\u00f3j\u00e1ban\u00a0\u2013 vagy mesters\u00e9ges telep\u00edt\u00e9s \u00fatj\u00e1n gyepalkot\u00f3 n\u00f6v\u00e9nyfajokkal bor\u00edtott.A\u00a0<b>gyep<\/b> olyan hasznos\u00edtatlan, vagy mez\u0151gazdas\u00e1gi ter\u00fclet, mely term\u00e9szetes folyamatok \u00e1ltal\u00a0\u2013 esetleg a maga \u0151sval\u00f3j\u00e1ban\u00a0\u2013 vagy mesters\u00e9ges telep\u00edt\u00e9s \u00fatj\u00e1n gyepalkot\u00f3 n\u00f6v\u00e9nyfajokkal bor\u00edtott.vA\u00a0<b>gyep<\/b>\u00a0olyan hasznos\u00edtatlan, vagy mez\u0151gazdas\u00e1gi ter\u00fclet, mely term\u00e9szetes folyamatok \u00e1ltal\u00a0\u2013 esetleg a maga \u0151sval\u00f3j\u00e1ban\u00a0\u2013 vagy mesters\u00e9ges telep\u00edt\u00e9s \u00fatj\u00e1n gyepalkot\u00f3 n\u00f6v\u00e9nyfajokkal bor\u00edtott.<\/span><\/h6>\n<h6><span id=\"T\u00f6rt\u00e9nete\" class=\"mw-headline\" style=\"color: #ffffff;\">T\u00f6rt\u00e9nete<\/span><span style=\"color: #ffffff;\">A gyep el\u0151dei val\u00f3sz\u00edn\u0171leg a\u00a0<a style=\"color: #ffffff;\" title=\"K\u00f6z\u00e9pkor\" href=\"https:\/\/hu.wikipedia.org\/wiki\/K%C3%B6z%C3%A9pkor\">k\u00f6z\u00e9pkori<\/a> telep\u00fcl\u00e9sek azon f\u00fcves\u00edtett, elz\u00e1rt ter\u00fcletei voltak, amelyeket az \u00e1llat\u00e1llom\u00e1ny kommun\u00e1lis legeltet\u00e9s\u00e9re haszn\u00e1ltak, \u00e9s amelyek szerepe a mez\u0151gazdas\u00e1gilag m\u0171velt ter\u00fcletekt\u0151l \u00e9lesen elk\u00fcl\u00f6n\u00fclt. A gyep sz\u00f3 angol megfelel\u0151je, a lawn val\u00f3sz\u00edn\u0171leg a kelta-birton laun sz\u00f3b\u00f3l sz\u00e1rmazik, melynek jelent\u00e9se elz\u00e1rt ter\u00fclet.\u00a0 <a style=\"color: #ffffff;\" title=\"\u00c9szak-Eur\u00f3pa\" href=\"https:\/\/hu.wikipedia.org\/wiki\/%C3%89szak-Eur%C3%B3pa\">\u00c9szak-Eur\u00f3p\u00e1ban<\/a>\u00a0a k\u00f6z\u00e9pkor ut\u00e1n a gondozott gyep egyre n\u00e9pszer\u0171bb\u00e9 v\u00e1lt az\u00a0<a style=\"color: #ffffff;\" title=\"Arisztokr\u00e1cia\" href=\"https:\/\/hu.wikipedia.org\/wiki\/Arisztokr%C3%A1cia\">arisztokr\u00e1cia<\/a> k\u00f6r\u00e9ben. A korai gyepek sokszor szinte megk\u00fcl\u00f6nb\u00f6ztethetetlenek voltak az egyszer\u0171 legel\u0151kt\u0151l.\u00a0Miel\u0151tt az\u00a0<a style=\"color: #ffffff;\" title=\"1830\" href=\"https:\/\/hu.wikipedia.org\/wiki\/1830\">1830<\/a>-as \u00e9vekben feltal\u00e1lt\u00e1k volna a korai\u00a0<a style=\"color: #ffffff;\" title=\"F\u0171ny\u00edr\u00f3\" href=\"https:\/\/hu.wikipedia.org\/wiki\/F%C5%B1ny%C3%ADr%C3%B3\">f\u0171ny\u00edr\u00f3<\/a>\u00a0eszk\u00f6z\u00f6ket a gyepet igen elt\u00e9r\u0151 m\u00f3don gondozt\u00e1k. \u00c1ltal\u00e1ban nagy \u00e9rt\u00e9k\u0171 ingatlanok, h\u00e1zak kieg\u00e9sz\u00edt\u0151i voltak, \u00e9s munkaig\u00e9nyes kasz\u00e1l\u00e1ssal \u00e9s ny\u00edr\u00e1ssal tartott\u00e1k \u0151ket karban. Sok esetben legel\u0151k\u00e9nt is haszn\u00e1lt\u00e1k \u0151ket, \u00e9s az \u00e1llat\u00e1llom\u00e1nyt is bevont\u00e1k gondoz\u00e1sukba.<\/span><\/h6>","protected":false},"excerpt":{"rendered":"<h2>A Landscaper Pro Autumn &amp; Winter\u00a0 12+5+20+5CaO+2MgO be\u00e1llt gyep fel\u00fcletek \u0151szi t\u00e1panyag-ut\u00e1np\u00f3tl\u00e1s\u00e1ra.<\/h2>\n<p>\u0150szi gyepm\u0171tr\u00e1gya<\/p>\n<p>Hat\u00e1startama 2-3h\u00f3nap.<\/p>\n<p>A\u00a0 15kg-os zs\u00e1k 430-600m2-re elegend\u0151.<\/p>\n<p>\u0150szi \u00e9s t\u00e9li t\u00e1pl\u00e1l\u00e1shoz kifejlesztett \u00f6sszet\u00e9tellel rendelkez\u0151, szab\u00e1lyozott t\u00e1panyag lead\u00e1s\u00fa k\u00fcl\u00f6n\u00f6sen gyors hat\u00e1s\u00fa m\u0171tr\u00e1gya.<\/p>\n<p>Landscaper Pro Autumn &amp; Winter haszn\u00e1lat\u00e1val egyenl\u00edtett, stabil fejl\u0151d\u00e9s, \u00e9s magas szint\u0171 stressz t\u0171r\u00e9s \u00e9rhet\u0151 el.<\/p>\n<p>Alkalmaz\u00e1sa \u00e1ltal\u00e1nosan javasolt gyepen, \u00e1gy\u00e1sszeg\u00e9lyeken \u00e9s cserj\u00e9k alatt.<\/p>\n<p>H\u0171v\u00f6s id\u0151ben is hat\u00e9kony, el\u0151seg\u00edti a t\u00e9l\u00e1ll\u00f3s\u00e1got, \u00e9s megalapozza a gyors indul\u00e1st k\u00f6vetkez\u0151 szezonban.<\/p>\n<p>Szemcsem\u00e9ret: 0,7-2,0 mm<\/p>\n<p>Burkol\u00e1s: 100% burkolt (norm\u00e1l Poly-S)<\/p>\n<p>D\u00f3zis: 40-45 g\/m2<\/p>","protected":false},"featured_media":3029,"template":"","meta":{"_et_pb_use_builder":"","_et_pb_old_content":"","_et_gb_content_width":""},"product_brand":[],"product_cat":[4274,1456],"product_tag":[1204,3991,3992,1200,1201,3988,3989,3990],"class_list":{"0":"post-3028","1":"product","2":"type-product","3":"status-publish","4":"has-post-thumbnail","6":"product_cat-akcios-termekek","7":"product_cat-icl-everris-scotts-mutragyak","8":"product_tag-autumn-winter","9":"product_tag-felkeszito-gyetragy","10":"product_tag-gyepszar","11":"product_tag-landscaper","12":"product_tag-landscaper-pro","13":"product_tag-oszi-mutragya","14":"product_tag-oszi-teli-gyeptragya","15":"product_tag-oszi-teli","17":"first","18":"instock","19":"shipping-taxable","20":"purchasable","21":"product-type-simple"},"yoast_head":"<!-- This site is optimized with the Yoast SEO plugin v27.4 - https:\/\/yoast.com\/product\/yoast-seo-wordpress\/ -->\n<title>ICL.Landscaper Pro Autumn &amp; Winter \u0151szi gyepm\u0171tr\u00e1gya 15kg. - T\u00e1jkert\u00e9sz<\/title>\n<meta name=\"description\" content=\"A Landscaper Pro Autumn &amp; Winter\u00a0 12+5+20+5CaO+2MgO be\u00e1llt gyep fel\u00fcletek \u0151szi t\u00e1panyag-ut\u00e1np\u00f3tl\u00e1s\u00e1ra. A\u00a0 15kg-os zs\u00e1k 430-600 m2-re elegend\u0151.\" \/>\n<meta name=\"robots\" content=\"index, follow, max-snippet:-1, max-image-preview:large, max-video-preview:-1\" \/>\n<link rel=\"canonical\" href=\"https:\/\/tajkertesz.com\/en_US\/product\/icl-landscaper-pro-autumn-winter\/\" \/>\n<meta property=\"og:locale\" content=\"en_US\" \/>\n<meta property=\"og:type\" content=\"article\" \/>\n<meta property=\"og:title\" content=\"https:\/\/www.facebook.com\/tajkertesz\" \/>\n<meta property=\"og:description\" content=\"\u0150szi \u00e9s t\u00e9li t\u00e1pl\u00e1l\u00e1shoz kifejlesztett \u00f6sszet\u00e9tellel rendelkez\u0151, szab\u00e1lyozott t\u00e1panyag lead\u00e1s\u00fa k\u00fcl\u00f6n\u00f6sen gyors hat\u00e1s\u00fa m\u0171tr\u00e1gya. Landscaper Pro Autumn &amp; Winter haszn\u00e1lat\u00e1val egyenl\u00edtett, stabil fejl\u0151d\u00e9s, \u00e9s magas szint\u0171 stressz t\u0171r\u00e9s \u00e9rhet\u0151 el. Alkalmaz\u00e1sa \u00e1ltal\u00e1nosan javasolt gyepen, \u00e1gy\u00e1sszeg\u00e9lyeken \u00e9s cserj\u00e9k alatt. H\u0171v\u00f6s id\u0151ben is hat\u00e9kony, el\u0151seg\u00edti a t\u00e9l\u00e1ll\u00f3s\u00e1got, \u00e9s megalapozza a gyors indul\u00e1st k\u00f6vetkez\u0151 szezonban.Szemcsem\u00e9ret: 0,7-2,0 mmBurkol\u00e1s: 100% burkolt (norm\u00e1l Poly-S)\u00d6sszet\u00e9tele: NPK 14-5-21+2 MgOHat\u00e1startam: 4-5 h\u00f3napD\u00f3zis: 40-45 g\/m2\" \/>\n<meta property=\"og:url\" content=\"https:\/\/tajkertesz.com\/en_US\/product\/icl-landscaper-pro-autumn-winter\/\" \/>\n<meta property=\"og:site_name\" content=\"T\u00e1jkert\u00e9sz\" \/>\n<meta property=\"article:publisher\" content=\"https:\/\/www.facebook.com\/Tajkertesz\/\" \/>\n<meta property=\"article:modified_time\" content=\"2026-02-25T13:31:13+00:00\" \/>\n<meta property=\"og:image\" content=\"https:\/\/tajkertesz.com\/wp-content\/uploads\/2021\/02\/70498.png\" \/>\n\t<meta property=\"og:image:width\" content=\"900\" \/>\n\t<meta property=\"og:image:height\" content=\"900\" \/>\n\t<meta property=\"og:image:type\" content=\"image\/png\" \/>\n<meta name=\"twitter:card\" content=\"summary_large_image\" \/>\n<meta name=\"twitter:label1\" content=\"Est. reading time\" \/>\n\t<meta name=\"twitter:data1\" content=\"2 minutes\" \/>\n<script type=\"application\/ld+json\" class=\"yoast-schema-graph\">{\"@context\":\"https:\\\/\\\/schema.org\",\"@graph\":[{\"@type\":\"WebPage\",\"@id\":\"https:\\\/\\\/tajkertesz.com\\\/termek\\\/icl-landscaper-pro-autumn-winter\\\/\",\"url\":\"https:\\\/\\\/tajkertesz.com\\\/termek\\\/icl-landscaper-pro-autumn-winter\\\/\",\"name\":\"ICL.Landscaper Pro Autumn & Winter \u0151szi gyepm\u0171tr\u00e1gya 15kg. - T\u00e1jkert\u00e9sz\",\"isPartOf\":{\"@id\":\"https:\\\/\\\/tajkertesz.com\\\/#website\"},\"primaryImageOfPage\":{\"@id\":\"https:\\\/\\\/tajkertesz.com\\\/termek\\\/icl-landscaper-pro-autumn-winter\\\/#primaryimage\"},\"image\":{\"@id\":\"https:\\\/\\\/tajkertesz.com\\\/termek\\\/icl-landscaper-pro-autumn-winter\\\/#primaryimage\"},\"thumbnailUrl\":\"https:\\\/\\\/tajkertesz.com\\\/wp-content\\\/uploads\\\/2021\\\/02\\\/Autumn-Winter.png\",\"datePublished\":\"2021-02-03T14:32:53+00:00\",\"dateModified\":\"2026-02-25T13:31:13+00:00\",\"description\":\"A Landscaper Pro Autumn & Winter\u00a0 12+5+20+5CaO+2MgO be\u00e1llt gyep fel\u00fcletek \u0151szi t\u00e1panyag-ut\u00e1np\u00f3tl\u00e1s\u00e1ra. A\u00a0 15kg-os zs\u00e1k 430-600 m2-re elegend\u0151.\",\"breadcrumb\":{\"@id\":\"https:\\\/\\\/tajkertesz.com\\\/termek\\\/icl-landscaper-pro-autumn-winter\\\/#breadcrumb\"},\"inLanguage\":\"en-US\",\"potentialAction\":[{\"@type\":\"ReadAction\",\"target\":[\"https:\\\/\\\/tajkertesz.com\\\/termek\\\/icl-landscaper-pro-autumn-winter\\\/\"]}]},{\"@type\":\"ImageObject\",\"inLanguage\":\"en-US\",\"@id\":\"https:\\\/\\\/tajkertesz.com\\\/termek\\\/icl-landscaper-pro-autumn-winter\\\/#primaryimage\",\"url\":\"https:\\\/\\\/tajkertesz.com\\\/wp-content\\\/uploads\\\/2021\\\/02\\\/Autumn-Winter.png\",\"contentUrl\":\"https:\\\/\\\/tajkertesz.com\\\/wp-content\\\/uploads\\\/2021\\\/02\\\/Autumn-Winter.png\",\"width\":1869,\"height\":2598},{\"@type\":\"BreadcrumbList\",\"@id\":\"https:\\\/\\\/tajkertesz.com\\\/termek\\\/icl-landscaper-pro-autumn-winter\\\/#breadcrumb\",\"itemListElement\":[{\"@type\":\"ListItem\",\"position\":1,\"name\":\"Home\",\"item\":\"https:\\\/\\\/tajkertesz.com\\\/\"},{\"@type\":\"ListItem\",\"position\":2,\"name\":\"Kezd\u0151lap\",\"item\":\"https:\\\/\\\/tajkertesz.com\\\/\"},{\"@type\":\"ListItem\",\"position\":3,\"name\":\"ICL.Landscaper Pro Autumn &#038; Winter \u0151szi gyepm\u0171tr\u00e1gya 15kg.\"}]},{\"@type\":\"WebSite\",\"@id\":\"https:\\\/\\\/tajkertesz.com\\\/#website\",\"url\":\"https:\\\/\\\/tajkertesz.com\\\/\",\"name\":\"T\u00e1j-Kert\u00e9sz 84 Kft.\",\"description\":\"Kert\u00e9szeti kis- \u00e9s nagykeresked\u00e9s, D\u00edszn\u00f6v\u00e9ny web\u00e1ruh\u00e1z orsz\u00e1gos h\u00e1zhozsz\u00e1ll\u00edt\u00e1ssal!\",\"publisher\":{\"@id\":\"https:\\\/\\\/tajkertesz.com\\\/#organization\"},\"potentialAction\":[{\"@type\":\"SearchAction\",\"target\":{\"@type\":\"EntryPoint\",\"urlTemplate\":\"https:\\\/\\\/tajkertesz.com\\\/?s={search_term_string}\"},\"query-input\":{\"@type\":\"PropertyValueSpecification\",\"valueRequired\":true,\"valueName\":\"search_term_string\"}}],\"inLanguage\":\"en-US\"},{\"@type\":\"Organization\",\"@id\":\"https:\\\/\\\/tajkertesz.com\\\/#organization\",\"name\":\"T\u00e1j-Kert\u00e9sz 84 Kft.\",\"url\":\"https:\\\/\\\/tajkertesz.com\\\/\",\"logo\":{\"@type\":\"ImageObject\",\"inLanguage\":\"en-US\",\"@id\":\"https:\\\/\\\/tajkertesz.com\\\/#\\\/schema\\\/logo\\\/image\\\/\",\"url\":\"https:\\\/\\\/tajkertesz.com\\\/wp-content\\\/uploads\\\/2018\\\/02\\\/logo-2-e1518678052539.png\",\"contentUrl\":\"https:\\\/\\\/tajkertesz.com\\\/wp-content\\\/uploads\\\/2018\\\/02\\\/logo-2-e1518678052539.png\",\"width\":81,\"height\":140,\"caption\":\"T\u00e1j-Kert\u00e9sz 84 Kft.\"},\"image\":{\"@id\":\"https:\\\/\\\/tajkertesz.com\\\/#\\\/schema\\\/logo\\\/image\\\/\"},\"sameAs\":[\"https:\\\/\\\/www.facebook.com\\\/Tajkertesz\\\/\"]}]}<\/script>\n<!-- \/ Yoast SEO plugin. -->","yoast_head_json":{"title":"ICL.Landscaper Pro Autumn & Winter \u0151szi gyepm\u0171tr\u00e1gya 15kg. - T\u00e1jkert\u00e9sz","description":"A Landscaper Pro Autumn & Winter\u00a0 12+5+20+5CaO+2MgO be\u00e1llt gyep fel\u00fcletek \u0151szi t\u00e1panyag-ut\u00e1np\u00f3tl\u00e1s\u00e1ra. A\u00a0 15kg-os zs\u00e1k 430-600 m2-re elegend\u0151.","robots":{"index":"index","follow":"follow","max-snippet":"max-snippet:-1","max-image-preview":"max-image-preview:large","max-video-preview":"max-video-preview:-1"},"canonical":"https:\/\/tajkertesz.com\/en_US\/product\/icl-landscaper-pro-autumn-winter\/","og_locale":"en_US","og_type":"article","og_title":"https:\/\/www.facebook.com\/tajkertesz","og_description":"\u0150szi \u00e9s t\u00e9li t\u00e1pl\u00e1l\u00e1shoz kifejlesztett \u00f6sszet\u00e9tellel rendelkez\u0151, szab\u00e1lyozott t\u00e1panyag lead\u00e1s\u00fa k\u00fcl\u00f6n\u00f6sen gyors hat\u00e1s\u00fa m\u0171tr\u00e1gya. Landscaper Pro Autumn & Winter haszn\u00e1lat\u00e1val egyenl\u00edtett, stabil fejl\u0151d\u00e9s, \u00e9s magas szint\u0171 stressz t\u0171r\u00e9s \u00e9rhet\u0151 el. Alkalmaz\u00e1sa \u00e1ltal\u00e1nosan javasolt gyepen, \u00e1gy\u00e1sszeg\u00e9lyeken \u00e9s cserj\u00e9k alatt. H\u0171v\u00f6s id\u0151ben is hat\u00e9kony, el\u0151seg\u00edti a t\u00e9l\u00e1ll\u00f3s\u00e1got, \u00e9s megalapozza a gyors indul\u00e1st k\u00f6vetkez\u0151 szezonban.Szemcsem\u00e9ret: 0,7-2,0 mmBurkol\u00e1s: 100% burkolt (norm\u00e1l Poly-S)\u00d6sszet\u00e9tele: NPK 14-5-21+2 MgOHat\u00e1startam: 4-5 h\u00f3napD\u00f3zis: 40-45 g\/m2","og_url":"https:\/\/tajkertesz.com\/en_US\/product\/icl-landscaper-pro-autumn-winter\/","og_site_name":"T\u00e1jkert\u00e9sz","article_publisher":"https:\/\/www.facebook.com\/Tajkertesz\/","article_modified_time":"2026-02-25T13:31:13+00:00","og_image":[{"width":900,"height":900,"url":"https:\/\/tajkertesz.com\/wp-content\/uploads\/2021\/02\/70498.png","type":"image\/png"}],"twitter_card":"summary_large_image","twitter_misc":{"Est. reading time":"2 minutes"},"schema":{"@context":"https:\/\/schema.org","@graph":[{"@type":"WebPage","@id":"https:\/\/tajkertesz.com\/termek\/icl-landscaper-pro-autumn-winter\/","url":"https:\/\/tajkertesz.com\/termek\/icl-landscaper-pro-autumn-winter\/","name":"ICL.Landscaper Pro Autumn & Winter \u0151szi gyepm\u0171tr\u00e1gya 15kg. - T\u00e1jkert\u00e9sz","isPartOf":{"@id":"https:\/\/tajkertesz.com\/#website"},"primaryImageOfPage":{"@id":"https:\/\/tajkertesz.com\/termek\/icl-landscaper-pro-autumn-winter\/#primaryimage"},"image":{"@id":"https:\/\/tajkertesz.com\/termek\/icl-landscaper-pro-autumn-winter\/#primaryimage"},"thumbnailUrl":"https:\/\/tajkertesz.com\/wp-content\/uploads\/2021\/02\/Autumn-Winter.png","datePublished":"2021-02-03T14:32:53+00:00","dateModified":"2026-02-25T13:31:13+00:00","description":"A Landscaper Pro Autumn & Winter\u00a0 12+5+20+5CaO+2MgO be\u00e1llt gyep fel\u00fcletek \u0151szi t\u00e1panyag-ut\u00e1np\u00f3tl\u00e1s\u00e1ra. A\u00a0 15kg-os zs\u00e1k 430-600 m2-re elegend\u0151.","breadcrumb":{"@id":"https:\/\/tajkertesz.com\/termek\/icl-landscaper-pro-autumn-winter\/#breadcrumb"},"inLanguage":"en-US","potentialAction":[{"@type":"ReadAction","target":["https:\/\/tajkertesz.com\/termek\/icl-landscaper-pro-autumn-winter\/"]}]},{"@type":"ImageObject","inLanguage":"en-US","@id":"https:\/\/tajkertesz.com\/termek\/icl-landscaper-pro-autumn-winter\/#primaryimage","url":"https:\/\/tajkertesz.com\/wp-content\/uploads\/2021\/02\/Autumn-Winter.png","contentUrl":"https:\/\/tajkertesz.com\/wp-content\/uploads\/2021\/02\/Autumn-Winter.png","width":1869,"height":2598},{"@type":"BreadcrumbList","@id":"https:\/\/tajkertesz.com\/termek\/icl-landscaper-pro-autumn-winter\/#breadcrumb","itemListElement":[{"@type":"ListItem","position":1,"name":"Home","item":"https:\/\/tajkertesz.com\/"},{"@type":"ListItem","position":2,"name":"Kezd\u0151lap","item":"https:\/\/tajkertesz.com\/"},{"@type":"ListItem","position":3,"name":"ICL.Landscaper Pro Autumn &#038; Winter \u0151szi gyepm\u0171tr\u00e1gya 15kg."}]},{"@type":"WebSite","@id":"https:\/\/tajkertesz.com\/#website","url":"https:\/\/tajkertesz.com\/","name":"T\u00e1j-Kert\u00e9sz 84 Kft.","description":"Kert\u00e9szeti kis- \u00e9s nagykeresked\u00e9s, D\u00edszn\u00f6v\u00e9ny web\u00e1ruh\u00e1z orsz\u00e1gos h\u00e1zhozsz\u00e1ll\u00edt\u00e1ssal!","publisher":{"@id":"https:\/\/tajkertesz.com\/#organization"},"potentialAction":[{"@type":"SearchAction","target":{"@type":"EntryPoint","urlTemplate":"https:\/\/tajkertesz.com\/?s={search_term_string}"},"query-input":{"@type":"PropertyValueSpecification","valueRequired":true,"valueName":"search_term_string"}}],"inLanguage":"en-US"},{"@type":"Organization","@id":"https:\/\/tajkertesz.com\/#organization","name":"T\u00e1j-Kert\u00e9sz 84 Kft.","url":"https:\/\/tajkertesz.com\/","logo":{"@type":"ImageObject","inLanguage":"en-US","@id":"https:\/\/tajkertesz.com\/#\/schema\/logo\/image\/","url":"https:\/\/tajkertesz.com\/wp-content\/uploads\/2018\/02\/logo-2-e1518678052539.png","contentUrl":"https:\/\/tajkertesz.com\/wp-content\/uploads\/2018\/02\/logo-2-e1518678052539.png","width":81,"height":140,"caption":"T\u00e1j-Kert\u00e9sz 84 Kft."},"image":{"@id":"https:\/\/tajkertesz.com\/#\/schema\/logo\/image\/"},"sameAs":["https:\/\/www.facebook.com\/Tajkertesz\/"]}]}},"_links":{"self":[{"href":"https:\/\/tajkertesz.com\/en_US\/wp-json\/wp\/v2\/product\/3028","targetHints":{"allow":["GET"]}}],"collection":[{"href":"https:\/\/tajkertesz.com\/en_US\/wp-json\/wp\/v2\/product"}],"about":[{"href":"https:\/\/tajkertesz.com\/en_US\/wp-json\/wp\/v2\/types\/product"}],"wp:featuredmedia":[{"embeddable":true,"href":"https:\/\/tajkertesz.com\/en_US\/wp-json\/wp\/v2\/media\/3029"}],"wp:attachment":[{"href":"https:\/\/tajkertesz.com\/en_US\/wp-json\/wp\/v2\/media?parent=3028"}],"wp:term":[{"taxonomy":"product_brand","embeddable":true,"href":"https:\/\/tajkertesz.com\/en_US\/wp-json\/wp\/v2\/product_brand?post=3028"},{"taxonomy":"product_cat","embeddable":true,"href":"https:\/\/tajkertesz.com\/en_US\/wp-json\/wp\/v2\/product_cat?post=3028"},{"taxonomy":"product_tag","embeddable":true,"href":"https:\/\/tajkertesz.com\/en_US\/wp-json\/wp\/v2\/product_tag?post=3028"}],"curies":[{"name":"wp","href":"https:\/\/api.w.org\/{rel}","templated":true}]}}