{"id":3031,"date":"2021-02-03T14:52:05","date_gmt":"2021-02-03T14:52:05","guid":{"rendered":"https:\/\/tajkertesz.com\/?post_type=product&#038;p=3031"},"modified":"2026-02-25T14:18:06","modified_gmt":"2026-02-25T14:18:06","slug":"landscaper-pro-weed-control","status":"publish","type":"product","link":"https:\/\/tajkertesz.com\/en_US\/product\/landscaper-pro-weed-control\/","title":{"rendered":"ICL.Landscaper Pro Weed Control 2-3 h\u00f3 22-5-5+2,4D 15 kg CSAK SZEM\u00c9LYES \u00c1TV\u00c9TELLEL!"},"content":{"rendered":"<p>Landscaper Pro Weed Control 2-3 h\u00f3 22-5-5+2,4D 15 kg<\/p>\n<p>A Landscaper Pro Weed Control 2-3 h\u00f3 22-5-5+2,4D 15 kg-os kiszerel\u00e9sben.<\/p>\n<p>S\u0171r\u0171 gyommentes gyep, a kett\u0151s hat\u00e1s\u00fa gyom\u00edrt\u00f3 szer kombin\u00e1ci\u00f3nak k\u00f6sz\u00f6nhet\u0151en.\u00a0\u00a0A kis szemcsem\u00e9retnek k\u00f6sz\u00f6nhet\u0151en hat\u00e1s\u00e1t k\u00f6zvetlen\u00fcl a gyom gy\u00f6ker\u00e9nek k\u00f6zel\u00e9ben fejti ki<br \/>\nMagas nitrog\u00e9ntartalma t\u00e1pl\u00e1lja a gyepet, seg\u00edt felvenni a harcot a gyomosod\u00e1ssal szemben. Sz\u00fcks\u00e9g eset\u00e9n 3 havonta alkalmazhat\u00f3.<\/p>\n<p>Gyomirt\u00f3 szer tartalm\u00fa m\u0171tr\u00e1gya, d\u00edsz- \u00e9s sportgyepek gyommentes\u00edt\u00e9s\u00e9re \u00e9s t\u00e1panyagut\u00e1np\u00f3tl\u00e1s\u00e1ra egyetlen alkalommal. Magr\u00f3l kel\u0151 \u00e9s \u00e9vel\u0151 k\u00e9tszik\u0171 gyomn\u00f6v\u00e9nyek irt\u00e1s\u00e1ra is alkalmas, seg\u00edt megszabad\u00edtani a gyepet a legt\u00f6bb k\u00e9tszik\u0171 gyomfajt\u00f3l, majd t\u00e1panyagokkal l\u00e1tja el a gyepet, hogy az r\u00f6vid id\u0151 alatt ben\u0151hesse a gyom hely\u00e9n maradt kopasz foltokat.<\/p>\n<p>Javasolt alkalmaz\u00e1si id\u0151szak: m\u00e1just\u00f3l augusztusig<br \/>\nJavasolt d\u00f3zis: 20 g\/m2<br \/>\nEgy zs\u00e1k 15 kg, amely 750 m2 kezel\u00e9s\u00e9re elegend\u0151.<br \/>\nF\u0171ny\u00edr\u00e1st k\u00f6vet\u0151en kell kisz\u00f3rni, a kora reggeli \u00f3r\u00e1kban a harmat felsz\u00e1rad\u00e1sa el\u0151tt, amikor a gyomn\u00f6v\u00e9nyek lev\u00e9lfel\u00fclete nedves.<br \/>\nK\u00e9t alkalmaz\u00e1s k\u00f6z\u00f6tt 60 napnak el kell telnie. A kisz\u00f3r\u00e1sn\u00e1l \u00fcgyelni kell arra, hogy a granul\u00e1tum termesztett kult\u00farn\u00f6v\u00e9nyekre ne ker\u00fclj\u00f6n, mert azokat k\u00e1ros\u00edthatja.<br \/>\nHat\u00e1startam (h\u00e9t) 6-8<br \/>\nSzemcsem\u00e9ret (mm) 0.2-2.0<\/p>\n<p>&nbsp;<\/p>\n<p style=\"line-height: 18.0pt; background: white; margin: 0cm 0cm 15.0pt 0cm;\"><b><span style=\"font-family: 'Ubuntu',serif; color: black;\">K\u00e9szlet\u00fcnk napi szinten v\u00e1ltozik, ez\u00e9rt k\u00e9rj\u00fck, \u00e9rdekl\u0151dj\u00f6n szem\u00e9lyesen, telefonon vagy email-en.<br \/>\nA v\u00e1ltoztat\u00e1s jog\u00e1t fenntartjuk!\u00a0<\/span><\/b><\/p>\n<p>&nbsp;<\/p>\n<p><a href=\"https:\/\/tajkertesz.com\/\">https:\/\/tajkertesz.com\/<\/a><\/p>\n<p><a href=\"https:\/\/hu.wikipedia.org\/wiki\/Gyep\">https:\/\/hu.wikipedia.org\/wiki\/Gyep<\/a><\/p>\n<p><a href=\"https:\/\/tajkertesz.com\/wp-content\/uploads\/2021\/02\/Landscaper-Pro-Weed-control-Fertilizer.-Biztonsagi-Adatlap.pdf\">Landscaper Pro Weed control + Fertilizer. Biztons\u00e1gi Adatlap<\/a><\/p>\n<p>A\u00a0<b>gyep<\/b>\u00a0olyan hasznos\u00edtatlan, vagy mez\u0151gazdas\u00e1gi ter\u00fclet, mely term\u00e9szetes folyamatok \u00e1ltal\u00a0\u2013 esetleg a maga \u0151sval\u00f3j\u00e1ban\u00a0\u2013 vagy mesters\u00e9ges telep\u00edt\u00e9s \u00fatj\u00e1n gyepalkot\u00f3 n\u00f6v\u00e9nyfajokkal bor\u00edtott.<\/p>\n<p>&nbsp;<\/p>","protected":false},"excerpt":{"rendered":"<p>A Landscaper Pro Weed Control 2-3 h\u00f3 22-5-5+2,4D 15 kg-os kiszerel\u00e9sben.<\/p>\n<p>S\u0171r\u0171 gyommentes gyep, a kett\u0151s hat\u00e1s\u00fa gyom\u00edrt\u00f3 szer kombin\u00e1ci\u00f3nak k\u00f6sz\u00f6nhet\u0151en.<br \/>\nA kis szemcsem\u00e9retnek k\u00f6sz\u00f6nhet\u0151en hat\u00e1s\u00e1t k\u00f6zvetlen\u00fcl a gyom gy\u00f6ker\u00e9nek k\u00f6zel\u00e9ben fejti ki<br \/>\nMagas nitrog\u00e9ntartalma t\u00e1pl\u00e1lja a gyepet, seg\u00edt felvenni a harcot a gyomosod\u00e1ssal szemben<br \/>\nSz\u00fcks\u00e9g eset\u00e9n 3 havonta alkalmazhat\u00f3<\/p>","protected":false},"featured_media":3032,"template":"","meta":{"_et_pb_use_builder":"","_et_pb_old_content":"","_et_gb_content_width":""},"product_brand":[],"product_cat":[1456],"product_tag":[1206,1200,1201,1205],"class_list":{"0":"post-3031","1":"product","2":"type-product","3":"status-publish","4":"has-post-thumbnail","6":"product_cat-icl-everris-scotts-mutragyak","7":"product_tag-15-kg","8":"product_tag-landscaper","9":"product_tag-landscaper-pro","10":"product_tag-weed-control","12":"first","13":"instock","14":"shipping-taxable","15":"purchasable","16":"product-type-simple"},"yoast_head":"<!-- This site is optimized with the Yoast SEO plugin v27.5 - https:\/\/yoast.com\/product\/yoast-seo-wordpress\/ -->\n<title>ICL.Landscaper Pro Weed Control 2-3 h\u00f3 22-5-5+2,4D 15 kg CSAK SZEM\u00c9LYES \u00c1TV\u00c9TELLEL! - T\u00e1jkert\u00e9sz<\/title>\n<meta name=\"description\" content=\"A Landscaper Pro Weed Control 2-3 h\u00f3 22-5-5+2,4D 15 kg-os kiszerel\u00e9sben. S\u0171r\u0171 gyommentes gyep, a kett\u0151s hat\u00e1s\u00fa gyom\u00edrt\u00f3 szernek k\u00f6sz\u00f6nhet\u0151en.\" \/>\n<meta name=\"robots\" content=\"index, follow, max-snippet:-1, max-image-preview:large, max-video-preview:-1\" \/>\n<link rel=\"canonical\" href=\"https:\/\/tajkertesz.com\/en_US\/product\/landscaper-pro-weed-control\/\" \/>\n<meta property=\"og:locale\" content=\"en_US\" \/>\n<meta property=\"og:type\" content=\"article\" \/>\n<meta property=\"og:title\" content=\"ICL.Landscaper Pro Weed Control 2-3 h\u00f3 22-5-5+2,4D 15 kg CSAK SZEM\u00c9LYES \u00c1TV\u00c9TELLEL! - T\u00e1jkert\u00e9sz\" \/>\n<meta property=\"og:description\" content=\"A Landscaper Pro Weed Control 2-3 h\u00f3 22-5-5+2,4D 15 kg-os kiszerel\u00e9sben. S\u0171r\u0171 gyommentes gyep, a kett\u0151s hat\u00e1s\u00fa gyom\u00edrt\u00f3 szernek k\u00f6sz\u00f6nhet\u0151en.\" \/>\n<meta property=\"og:url\" content=\"https:\/\/tajkertesz.com\/en_US\/product\/landscaper-pro-weed-control\/\" \/>\n<meta property=\"og:site_name\" content=\"T\u00e1jkert\u00e9sz\" \/>\n<meta property=\"article:publisher\" content=\"https:\/\/www.facebook.com\/Tajkertesz\/\" \/>\n<meta property=\"article:modified_time\" content=\"2026-02-25T14:18:06+00:00\" \/>\n<meta property=\"og:image\" content=\"https:\/\/tajkertesz.com\/wp-content\/uploads\/2021\/02\/landscaper2.png\" \/>\n\t<meta property=\"og:image:width\" content=\"377\" \/>\n\t<meta property=\"og:image:height\" content=\"429\" \/>\n\t<meta property=\"og:image:type\" content=\"image\/png\" \/>\n<meta name=\"twitter:card\" content=\"summary_large_image\" \/>\n<meta name=\"twitter:label1\" content=\"Est. reading time\" \/>\n\t<meta name=\"twitter:data1\" content=\"2 minutes\" \/>\n<script type=\"application\/ld+json\" class=\"yoast-schema-graph\">{\"@context\":\"https:\\\/\\\/schema.org\",\"@graph\":[{\"@type\":\"WebPage\",\"@id\":\"https:\\\/\\\/tajkertesz.com\\\/termek\\\/landscaper-pro-weed-control\\\/\",\"url\":\"https:\\\/\\\/tajkertesz.com\\\/termek\\\/landscaper-pro-weed-control\\\/\",\"name\":\"ICL.Landscaper Pro Weed Control 2-3 h\u00f3 22-5-5+2,4D 15 kg CSAK SZEM\u00c9LYES \u00c1TV\u00c9TELLEL! - T\u00e1jkert\u00e9sz\",\"isPartOf\":{\"@id\":\"https:\\\/\\\/tajkertesz.com\\\/#website\"},\"primaryImageOfPage\":{\"@id\":\"https:\\\/\\\/tajkertesz.com\\\/termek\\\/landscaper-pro-weed-control\\\/#primaryimage\"},\"image\":{\"@id\":\"https:\\\/\\\/tajkertesz.com\\\/termek\\\/landscaper-pro-weed-control\\\/#primaryimage\"},\"thumbnailUrl\":\"https:\\\/\\\/tajkertesz.com\\\/wp-content\\\/uploads\\\/2021\\\/02\\\/landscaper2.png\",\"datePublished\":\"2021-02-03T14:52:05+00:00\",\"dateModified\":\"2026-02-25T14:18:06+00:00\",\"description\":\"A Landscaper Pro Weed Control 2-3 h\u00f3 22-5-5+2,4D 15 kg-os kiszerel\u00e9sben. S\u0171r\u0171 gyommentes gyep, a kett\u0151s hat\u00e1s\u00fa gyom\u00edrt\u00f3 szernek k\u00f6sz\u00f6nhet\u0151en.\",\"breadcrumb\":{\"@id\":\"https:\\\/\\\/tajkertesz.com\\\/termek\\\/landscaper-pro-weed-control\\\/#breadcrumb\"},\"inLanguage\":\"en-US\",\"potentialAction\":[{\"@type\":\"ReadAction\",\"target\":[\"https:\\\/\\\/tajkertesz.com\\\/termek\\\/landscaper-pro-weed-control\\\/\"]}]},{\"@type\":\"ImageObject\",\"inLanguage\":\"en-US\",\"@id\":\"https:\\\/\\\/tajkertesz.com\\\/termek\\\/landscaper-pro-weed-control\\\/#primaryimage\",\"url\":\"https:\\\/\\\/tajkertesz.com\\\/wp-content\\\/uploads\\\/2021\\\/02\\\/landscaper2.png\",\"contentUrl\":\"https:\\\/\\\/tajkertesz.com\\\/wp-content\\\/uploads\\\/2021\\\/02\\\/landscaper2.png\",\"width\":377,\"height\":429},{\"@type\":\"BreadcrumbList\",\"@id\":\"https:\\\/\\\/tajkertesz.com\\\/termek\\\/landscaper-pro-weed-control\\\/#breadcrumb\",\"itemListElement\":[{\"@type\":\"ListItem\",\"position\":1,\"name\":\"Home\",\"item\":\"https:\\\/\\\/tajkertesz.com\\\/\"},{\"@type\":\"ListItem\",\"position\":2,\"name\":\"Kezd\u0151lap\",\"item\":\"https:\\\/\\\/tajkertesz.com\\\/\"},{\"@type\":\"ListItem\",\"position\":3,\"name\":\"ICL.Landscaper Pro Weed Control 2-3 h\u00f3 22-5-5+2,4D 15 kg CSAK SZEM\u00c9LYES \u00c1TV\u00c9TELLEL!\"}]},{\"@type\":\"WebSite\",\"@id\":\"https:\\\/\\\/tajkertesz.com\\\/#website\",\"url\":\"https:\\\/\\\/tajkertesz.com\\\/\",\"name\":\"T\u00e1j-Kert\u00e9sz 84 Kft.\",\"description\":\"Kert\u00e9szeti kis- \u00e9s nagykeresked\u00e9s, D\u00edszn\u00f6v\u00e9ny web\u00e1ruh\u00e1z orsz\u00e1gos h\u00e1zhozsz\u00e1ll\u00edt\u00e1ssal!\",\"publisher\":{\"@id\":\"https:\\\/\\\/tajkertesz.com\\\/#organization\"},\"potentialAction\":[{\"@type\":\"SearchAction\",\"target\":{\"@type\":\"EntryPoint\",\"urlTemplate\":\"https:\\\/\\\/tajkertesz.com\\\/?s={search_term_string}\"},\"query-input\":{\"@type\":\"PropertyValueSpecification\",\"valueRequired\":true,\"valueName\":\"search_term_string\"}}],\"inLanguage\":\"en-US\"},{\"@type\":\"Organization\",\"@id\":\"https:\\\/\\\/tajkertesz.com\\\/#organization\",\"name\":\"T\u00e1j-Kert\u00e9sz 84 Kft.\",\"url\":\"https:\\\/\\\/tajkertesz.com\\\/\",\"logo\":{\"@type\":\"ImageObject\",\"inLanguage\":\"en-US\",\"@id\":\"https:\\\/\\\/tajkertesz.com\\\/#\\\/schema\\\/logo\\\/image\\\/\",\"url\":\"https:\\\/\\\/tajkertesz.com\\\/wp-content\\\/uploads\\\/2018\\\/02\\\/logo-2-e1518678052539.png\",\"contentUrl\":\"https:\\\/\\\/tajkertesz.com\\\/wp-content\\\/uploads\\\/2018\\\/02\\\/logo-2-e1518678052539.png\",\"width\":81,\"height\":140,\"caption\":\"T\u00e1j-Kert\u00e9sz 84 Kft.\"},\"image\":{\"@id\":\"https:\\\/\\\/tajkertesz.com\\\/#\\\/schema\\\/logo\\\/image\\\/\"},\"sameAs\":[\"https:\\\/\\\/www.facebook.com\\\/Tajkertesz\\\/\"]}]}<\/script>\n<!-- \/ Yoast SEO plugin. -->","yoast_head_json":{"title":"ICL.Landscaper Pro Weed Control 2-3 h\u00f3 22-5-5+2,4D 15 kg CSAK SZEM\u00c9LYES \u00c1TV\u00c9TELLEL! - T\u00e1jkert\u00e9sz","description":"A Landscaper Pro Weed Control 2-3 h\u00f3 22-5-5+2,4D 15 kg-os kiszerel\u00e9sben. S\u0171r\u0171 gyommentes gyep, a kett\u0151s hat\u00e1s\u00fa gyom\u00edrt\u00f3 szernek k\u00f6sz\u00f6nhet\u0151en.","robots":{"index":"index","follow":"follow","max-snippet":"max-snippet:-1","max-image-preview":"max-image-preview:large","max-video-preview":"max-video-preview:-1"},"canonical":"https:\/\/tajkertesz.com\/en_US\/product\/landscaper-pro-weed-control\/","og_locale":"en_US","og_type":"article","og_title":"ICL.Landscaper Pro Weed Control 2-3 h\u00f3 22-5-5+2,4D 15 kg CSAK SZEM\u00c9LYES \u00c1TV\u00c9TELLEL! - T\u00e1jkert\u00e9sz","og_description":"A Landscaper Pro Weed Control 2-3 h\u00f3 22-5-5+2,4D 15 kg-os kiszerel\u00e9sben. S\u0171r\u0171 gyommentes gyep, a kett\u0151s hat\u00e1s\u00fa gyom\u00edrt\u00f3 szernek k\u00f6sz\u00f6nhet\u0151en.","og_url":"https:\/\/tajkertesz.com\/en_US\/product\/landscaper-pro-weed-control\/","og_site_name":"T\u00e1jkert\u00e9sz","article_publisher":"https:\/\/www.facebook.com\/Tajkertesz\/","article_modified_time":"2026-02-25T14:18:06+00:00","og_image":[{"width":377,"height":429,"url":"https:\/\/tajkertesz.com\/wp-content\/uploads\/2021\/02\/landscaper2.png","type":"image\/png"}],"twitter_card":"summary_large_image","twitter_misc":{"Est. reading time":"2 minutes"},"schema":{"@context":"https:\/\/schema.org","@graph":[{"@type":"WebPage","@id":"https:\/\/tajkertesz.com\/termek\/landscaper-pro-weed-control\/","url":"https:\/\/tajkertesz.com\/termek\/landscaper-pro-weed-control\/","name":"ICL.Landscaper Pro Weed Control 2-3 h\u00f3 22-5-5+2,4D 15 kg CSAK SZEM\u00c9LYES \u00c1TV\u00c9TELLEL! - T\u00e1jkert\u00e9sz","isPartOf":{"@id":"https:\/\/tajkertesz.com\/#website"},"primaryImageOfPage":{"@id":"https:\/\/tajkertesz.com\/termek\/landscaper-pro-weed-control\/#primaryimage"},"image":{"@id":"https:\/\/tajkertesz.com\/termek\/landscaper-pro-weed-control\/#primaryimage"},"thumbnailUrl":"https:\/\/tajkertesz.com\/wp-content\/uploads\/2021\/02\/landscaper2.png","datePublished":"2021-02-03T14:52:05+00:00","dateModified":"2026-02-25T14:18:06+00:00","description":"A Landscaper Pro Weed Control 2-3 h\u00f3 22-5-5+2,4D 15 kg-os kiszerel\u00e9sben. S\u0171r\u0171 gyommentes gyep, a kett\u0151s hat\u00e1s\u00fa gyom\u00edrt\u00f3 szernek k\u00f6sz\u00f6nhet\u0151en.","breadcrumb":{"@id":"https:\/\/tajkertesz.com\/termek\/landscaper-pro-weed-control\/#breadcrumb"},"inLanguage":"en-US","potentialAction":[{"@type":"ReadAction","target":["https:\/\/tajkertesz.com\/termek\/landscaper-pro-weed-control\/"]}]},{"@type":"ImageObject","inLanguage":"en-US","@id":"https:\/\/tajkertesz.com\/termek\/landscaper-pro-weed-control\/#primaryimage","url":"https:\/\/tajkertesz.com\/wp-content\/uploads\/2021\/02\/landscaper2.png","contentUrl":"https:\/\/tajkertesz.com\/wp-content\/uploads\/2021\/02\/landscaper2.png","width":377,"height":429},{"@type":"BreadcrumbList","@id":"https:\/\/tajkertesz.com\/termek\/landscaper-pro-weed-control\/#breadcrumb","itemListElement":[{"@type":"ListItem","position":1,"name":"Home","item":"https:\/\/tajkertesz.com\/"},{"@type":"ListItem","position":2,"name":"Kezd\u0151lap","item":"https:\/\/tajkertesz.com\/"},{"@type":"ListItem","position":3,"name":"ICL.Landscaper Pro Weed Control 2-3 h\u00f3 22-5-5+2,4D 15 kg CSAK SZEM\u00c9LYES \u00c1TV\u00c9TELLEL!"}]},{"@type":"WebSite","@id":"https:\/\/tajkertesz.com\/#website","url":"https:\/\/tajkertesz.com\/","name":"T\u00e1j-Kert\u00e9sz 84 Kft.","description":"Kert\u00e9szeti kis- \u00e9s nagykeresked\u00e9s, D\u00edszn\u00f6v\u00e9ny web\u00e1ruh\u00e1z orsz\u00e1gos h\u00e1zhozsz\u00e1ll\u00edt\u00e1ssal!","publisher":{"@id":"https:\/\/tajkertesz.com\/#organization"},"potentialAction":[{"@type":"SearchAction","target":{"@type":"EntryPoint","urlTemplate":"https:\/\/tajkertesz.com\/?s={search_term_string}"},"query-input":{"@type":"PropertyValueSpecification","valueRequired":true,"valueName":"search_term_string"}}],"inLanguage":"en-US"},{"@type":"Organization","@id":"https:\/\/tajkertesz.com\/#organization","name":"T\u00e1j-Kert\u00e9sz 84 Kft.","url":"https:\/\/tajkertesz.com\/","logo":{"@type":"ImageObject","inLanguage":"en-US","@id":"https:\/\/tajkertesz.com\/#\/schema\/logo\/image\/","url":"https:\/\/tajkertesz.com\/wp-content\/uploads\/2018\/02\/logo-2-e1518678052539.png","contentUrl":"https:\/\/tajkertesz.com\/wp-content\/uploads\/2018\/02\/logo-2-e1518678052539.png","width":81,"height":140,"caption":"T\u00e1j-Kert\u00e9sz 84 Kft."},"image":{"@id":"https:\/\/tajkertesz.com\/#\/schema\/logo\/image\/"},"sameAs":["https:\/\/www.facebook.com\/Tajkertesz\/"]}]}},"_links":{"self":[{"href":"https:\/\/tajkertesz.com\/en_US\/wp-json\/wp\/v2\/product\/3031","targetHints":{"allow":["GET"]}}],"collection":[{"href":"https:\/\/tajkertesz.com\/en_US\/wp-json\/wp\/v2\/product"}],"about":[{"href":"https:\/\/tajkertesz.com\/en_US\/wp-json\/wp\/v2\/types\/product"}],"wp:featuredmedia":[{"embeddable":true,"href":"https:\/\/tajkertesz.com\/en_US\/wp-json\/wp\/v2\/media\/3032"}],"wp:attachment":[{"href":"https:\/\/tajkertesz.com\/en_US\/wp-json\/wp\/v2\/media?parent=3031"}],"wp:term":[{"taxonomy":"product_brand","embeddable":true,"href":"https:\/\/tajkertesz.com\/en_US\/wp-json\/wp\/v2\/product_brand?post=3031"},{"taxonomy":"product_cat","embeddable":true,"href":"https:\/\/tajkertesz.com\/en_US\/wp-json\/wp\/v2\/product_cat?post=3031"},{"taxonomy":"product_tag","embeddable":true,"href":"https:\/\/tajkertesz.com\/en_US\/wp-json\/wp\/v2\/product_tag?post=3031"}],"curies":[{"name":"wp","href":"https:\/\/api.w.org\/{rel}","templated":true}]}}