{"id":3042,"date":"2021-02-04T14:31:44","date_gmt":"2021-02-04T14:31:44","guid":{"rendered":"https:\/\/tajkertesz.com\/?post_type=product&#038;p=3042"},"modified":"2026-02-19T11:54:05","modified_gmt":"2026-02-19T11:54:05","slug":"zsazsamag-csiraztatasra-30g-os-csomagban","status":"publish","type":"product","link":"https:\/\/tajkertesz.com\/en_US\/product\/zsazsamag-csiraztatasra-30g-os-csomagban\/","title":{"rendered":"Zs\u00e1zsamag cs\u00edr\u00e1ztat\u00e1sra 30g-os csomagban"},"content":{"rendered":"<p>Zs\u00e1zsamag cs\u00edr\u00e1ztat\u00e1sra 30g-os csomagban<\/p>\n<p>Zs\u00e1zsamag cs\u00edr\u00e1ztat\u00e1sra 30g-os csomagban.<\/p>\n<p>A\u00a0<strong>zs\u00e1zsacs\u00edra<\/strong>\u00a0kiv\u00e1l\u00f3an fogyaszthat\u00f3 vajaskeny\u00e9rrel, sal\u00e1t\u00e1kban, levesekben, m\u00fczliben. Jellegzetes, kiss\u00e9 keserny\u00e9s \u00edz\u0171 cs\u00edran\u00f6v\u00e9ny.<\/p>\n<h3>Cs\u00edr\u00e1ztat\u00e1s:<\/h3>\n<p>Tegy\u00fcnk 1-2 ev\u0151kan\u00e1l magot egy sz\u0171r\u0151be, j\u00f3l mossuk meg foly\u00f3 v\u00edz alatt \u00e9s egyenletesen osszuk el a cs\u00edr\u00e1ztat\u00f3 ed\u00e9nyben. Helyezz\u00fck 20 \u00b0C-os vil\u00e1gos helys\u00e9gbe, vigy\u00e1zva arra, hogy ne legyen kit\u00e9ve direkt naps\u00fct\u00e9snek.<\/p>\n<p>Naponta friss v\u00edzzel \u00f6bl\u00edts\u00fck \u00e1t.<\/p>\n<p>A v\u00edz soha ne \u00e1lljon a magokon, mindig csepegtess\u00fck le, mivel k\u00f6nnyen berohadhat!<\/p>\n<p>4-7 nap ut\u00e1n k\u00e9sz a cs\u00edran\u00f6v\u00e9ny. H\u0171t\u0151szekr\u00e9nyben 1 h\u00e9tig t\u00e1rolhat\u00f3.<\/p>\n<h3><strong>Felhaszn\u00e1l\u00e1sa:<\/strong><\/h3>\n<p>Haszn\u00e1lhatjuk sal\u00e1t\u00e1khoz, szendvicsekhez, f\u0151z\u00e9shez, vagy nyers iv\u00f3levet k\u00e9sz\u00edthet\u00fcnk bel\u0151le.<\/p>\n<p>&nbsp;<\/p>\n<p>&nbsp;<\/p>\n<p><b>Vet\u00e9s:<\/b>\u00a0eg\u00e9sz \u00e9vben. Egy t\u00e1ny\u00e9r cs\u00edra el\u0151\u00e1ll\u00edt\u00e1s\u00e1hoz 1 ev\u0151kan\u00e1l magot haszn\u00e1lunk. A cs\u00edr\u00e1z\u00e1shoz sz\u00fcks\u00e9ges h\u0151m\u00e9rs\u00e9klet: 20 C fok,\u00a0<b>\u00f6nt\u00f6z\u00e9s<\/b>\u00a0naponta k\u00e9tszer.\u00a0<b>Cs\u00edr\u00e1z\u00e1si id\u0151: 4<\/b>-7 nap.<\/p>\n<p>A cs\u00edr\u00e1ztat\u00e1shoz sz\u00fcks\u00e9ges \u00fcveged\u00e9nyt is megv\u00e1s\u00e1rolhatja a lenti linken.<\/p>\n<p><a href=\"https:\/\/tajkertesz.com\/termek\/csiraztato-uvegedeny\/\">https:\/\/tajkertesz.com\/termek\/csiraztato-uvegedeny\/<\/a><\/p>\n<p><strong>Mag cs\u00edr\u00e1ztat\u00e1s\u00e1hoz csak v\u00edzre \u00e9s egy ilyen speci\u00e1lis sz\u0171r\u0151s tetej\u0171 ed\u00e9nyre van sz\u00fcks\u00e9g!<\/strong><\/p>\n<p><strong>FELHASZN\u00c1L\u00c1S:<\/strong><\/p>\n<ol>\n<li><strong>\u00d6bl\u00edt\u00e9s:<\/strong>\u00a01-1,5 ev\u0151kan\u00e1llal a v\u00e1lasztott vet\u0151magb\u00f3l helyezzen az \u00fcvegbe, majd csavarja r\u00e1 a tet\u0151t \u00e9s t\u00f6ltse fel v\u00edzzel. R\u00e1zza fel j\u00f3l az \u00fcveg tartalm\u00e1t, majd \u00f6ntse ki a vizet a tet\u0151 lecsavar\u00e1sa n\u00e9lk\u00fcl. Ism\u00e9telje meg a folyamatot k\u00e9tszer.<\/li>\n<li><strong>Be\u00e1ztat\u00e1s:<\/strong>\u00a0T\u00f6ltse fel ism\u00e9t v\u00edzzel az \u00fcveget \u00e9s tartsa azt sz\u00e1j\u00e1val felfel\u00e9 egy \u00e9jszak\u00e1ra, hogy az \u00fcvegben l\u00e9v\u0151 magok megsz\u00edvj\u00e1k magukat \u00e9s gyorsabban cs\u00edr\u00e1zni kezdjenek.<\/li>\n<li><strong>Cs\u00edr\u00e1ztat\u00e1s:<\/strong>\u00a010 \u00f3ra \u00e1ll\u00e1s ut\u00e1n \u00f6ntse le a felesleges vizet, majd t\u00f6ltse meg az \u00fcveget ism\u00e9t v\u00edzzel, j\u00f3l r\u00e1zza fel \u00e9s \u00f6ntse le. Helyezze az \u00fcveget a csomagol\u00e1son l\u00e1that\u00f3 ferde \u00e1ll\u00e1sba, hogy a felesleges v\u00edz tov\u00e1bbra is t\u00e1vozni tudjon \u00e9s a cs\u00edr\u00e1k is el\u00e9g leveg\u0151h\u00f6z jussanak. Naponta \u00f6bl\u00edtse \u00e1t a fejl\u0151d\u0151 cs\u00edr\u00e1kat a m\u00e1r ismert m\u00f3don.<\/li>\n<li><strong>Cs\u00edr\u00e1k elk\u00e9sz\u00edt\u00e9se:<\/strong>\u00a0A haszn\u00e1lt vet\u0151mag fajt\u00e1j\u00e1t\u00f3l f\u00fcgg\u0151en a cs\u00edr\u00e1z\u00e1s 4-6 napig tarthat. Min\u00e9l hosszabban \u00e1llnak a cs\u00edr\u00e1k, ann\u00e1l l\u00e1gyabb lesz az \u00edz\u00fck. Felhaszn\u00e1l\u00e1suk rendk\u00edv\u00fcl sokr\u00e9t\u0171, alkalmasak k\u00f6retnek, de levesek vagy sal\u00e1t\u00e1k alkot\u00f3i is. Kiv\u00e1l\u00f3an d\u00edsz\u00edthetik a k\u00fcl\u00f6nf\u00e9le sal\u00e1t\u00e1kat \u00e9s leveseket. Ha megjelentek a cs\u00edr\u00e1k, p\u00e1r nap n\u00f6veked\u00e9s ut\u00e1n fogyaszthat\u00f3k!<\/li>\n<\/ol>\n<p>\u2022 Mosogat\u00f3g\u00e9pben is tiszt\u00edthat\u00f3<\/p>\n<p><a href=\"https:\/\/tajkertesz.com\/\">https:\/\/tajkertesz.com\/<\/a><\/p>\n<p>El\u00e9rhet\u0151 t\u00f6bbf\u00e9le m\u00e9retben \u00e9s \u00e1rban.<\/p>\n<p><b>K\u00e9szlet\u00fcnk napi szinten v\u00e1ltozik, ez\u00e9rt k\u00e9rj\u00fck, \u00e9rdekl\u0151dj\u00f6n szem\u00e9lyesen, telefonon vagy email-en.<br \/>\nA v\u00e1ltoztat\u00e1s jog\u00e1t fenntartjuk!\u00a0<\/b><\/p>\n<p><a href=\"https:\/\/hu.wikipedia.org\/wiki\/Mag\">https:\/\/hu.wikipedia.org\/wiki\/Mag<\/a><\/p>","protected":false},"excerpt":{"rendered":"<p>Zs\u00e1zsamag cs\u00edr\u00e1ztat\u00e1sra 30g-os csomagban.<\/p>\n<p>A\u00a0<strong>zs\u00e1zsacs\u00edra<\/strong>\u00a0kiv\u00e1l\u00f3an fogyaszthat\u00f3 vajaskeny\u00e9rrel, sal\u00e1t\u00e1kban, levesekben, m\u00fczliben. Jellegzetes, kiss\u00e9 keserny\u00e9s \u00edz\u0171 cs\u00edran\u00f6v\u00e9ny.<\/p>\n<h3>Cs\u00edr\u00e1ztat\u00e1s:<\/h3>\n<p>Tegy\u00fcnk 2 ev\u0151kan\u00e1l magot egy sz\u0171r\u0151be, j\u00f3l mossuk meg foly\u00f3 v\u00edz alatt \u00e9s egyenletesen osszuk el a cs\u00edr\u00e1ztat\u00f3 ed\u00e9nyben. Helyezz\u00fck 20 \u00b0C-os vil\u00e1gos helys\u00e9gbe, vigy\u00e1zva arra, hogy ne legyen kit\u00e9ve direkt naps\u00fct\u00e9snek.<\/p>\n<p>Naponta friss v\u00edzzel \u00f6bl\u00edts\u00fck \u00e1t.<\/p>\n<p>A v\u00edz soha ne \u00e1lljon a magokon, mindig csepegtess\u00fck le, mivel k\u00f6nnyen berohadhat!<\/p>\n<p>3-4 nap ut\u00e1n k\u00e9sz a cs\u00edran\u00f6v\u00e9ny. H\u0171t\u0151szekr\u00e9nyben 1 h\u00e9tig t\u00e1rolhat\u00f3.<\/p>\n<h3><strong>Felhaszn\u00e1l\u00e1sa:<\/strong><\/h3>\n<p>Haszn\u00e1lhatjuk sal\u00e1t\u00e1khoz, szendvicsekhez, f\u0151z\u00e9shez, vagy nyers iv\u00f3levet k\u00e9sz\u00edthet\u00fcnk bel\u0151le.<\/p>\n<p>&nbsp;<\/p>","protected":false},"featured_media":3043,"template":"","meta":{"_et_pb_use_builder":"","_et_pb_old_content":"","_et_gb_content_width":""},"product_brand":[],"product_cat":[1212],"product_tag":[1210,1207,1208,1215,1216,1217],"class_list":{"0":"post-3042","1":"product","2":"type-product","3":"status-publish","4":"has-post-thumbnail","6":"product_cat-bio-csira-magok","7":"product_tag-csiraztatasra","8":"product_tag-csiraztato","9":"product_tag-csiraztato-uveg","10":"product_tag-zsazsa","11":"product_tag-zsazsacsira","12":"product_tag-zsazsamag","14":"first","15":"instock","16":"shipping-taxable","17":"purchasable","18":"product-type-simple"},"yoast_head":"<!-- This site is optimized with the Yoast SEO plugin v27.4 - https:\/\/yoast.com\/product\/yoast-seo-wordpress\/ -->\n<title>Zs\u00e1zsamag cs\u00edr\u00e1ztat\u00e1sra 30g-os csomagban - T\u00e1jkert\u00e9sz<\/title>\n<meta name=\"description\" content=\"Zs\u00e1zsamag cs\u00edr\u00e1ztat\u00e1sra 30g-os csomagban. A\u00a0zs\u00e1zsacs\u00edra\u00a0kiv\u00e1l\u00f3an fogyaszthat\u00f3 vajaskeny\u00e9rrel, sal\u00e1t\u00e1kban, levesekben, m\u00fczliben.\" \/>\n<meta name=\"robots\" content=\"index, follow, max-snippet:-1, max-image-preview:large, max-video-preview:-1\" \/>\n<link rel=\"canonical\" href=\"https:\/\/tajkertesz.com\/en_US\/product\/zsazsamag-csiraztatasra-30g-os-csomagban\/\" \/>\n<meta property=\"og:locale\" content=\"en_US\" \/>\n<meta property=\"og:type\" content=\"article\" \/>\n<meta property=\"og:title\" content=\"Zs\u00e1zsamag cs\u00edr\u00e1ztat\u00e1sra 30g-os csomagban - T\u00e1jkert\u00e9sz\" \/>\n<meta property=\"og:description\" content=\"Zs\u00e1zsamag cs\u00edr\u00e1ztat\u00e1sra 30g-os csomagban. A\u00a0zs\u00e1zsacs\u00edra\u00a0kiv\u00e1l\u00f3an fogyaszthat\u00f3 vajaskeny\u00e9rrel, sal\u00e1t\u00e1kban, levesekben, m\u00fczliben.\" \/>\n<meta property=\"og:url\" content=\"https:\/\/tajkertesz.com\/en_US\/product\/zsazsamag-csiraztatasra-30g-os-csomagban\/\" \/>\n<meta property=\"og:site_name\" content=\"T\u00e1jkert\u00e9sz\" \/>\n<meta property=\"article:publisher\" content=\"https:\/\/www.facebook.com\/Tajkertesz\/\" \/>\n<meta property=\"article:modified_time\" content=\"2026-02-19T11:54:05+00:00\" \/>\n<meta property=\"og:image\" content=\"https:\/\/tajkertesz.com\/wp-content\/uploads\/2021\/02\/zsazsamag-csiraztatasra.jpg\" \/>\n\t<meta property=\"og:image:width\" content=\"307\" \/>\n\t<meta property=\"og:image:height\" content=\"512\" \/>\n\t<meta property=\"og:image:type\" content=\"image\/jpeg\" \/>\n<meta name=\"twitter:card\" content=\"summary_large_image\" \/>\n<meta name=\"twitter:label1\" content=\"Est. reading time\" \/>\n\t<meta name=\"twitter:data1\" content=\"2 minutes\" \/>\n<script type=\"application\/ld+json\" class=\"yoast-schema-graph\">{\"@context\":\"https:\\\/\\\/schema.org\",\"@graph\":[{\"@type\":\"WebPage\",\"@id\":\"https:\\\/\\\/tajkertesz.com\\\/termek\\\/zsazsamag-csiraztatasra-30g-os-csomagban\\\/\",\"url\":\"https:\\\/\\\/tajkertesz.com\\\/termek\\\/zsazsamag-csiraztatasra-30g-os-csomagban\\\/\",\"name\":\"Zs\u00e1zsamag cs\u00edr\u00e1ztat\u00e1sra 30g-os csomagban - T\u00e1jkert\u00e9sz\",\"isPartOf\":{\"@id\":\"https:\\\/\\\/tajkertesz.com\\\/#website\"},\"primaryImageOfPage\":{\"@id\":\"https:\\\/\\\/tajkertesz.com\\\/termek\\\/zsazsamag-csiraztatasra-30g-os-csomagban\\\/#primaryimage\"},\"image\":{\"@id\":\"https:\\\/\\\/tajkertesz.com\\\/termek\\\/zsazsamag-csiraztatasra-30g-os-csomagban\\\/#primaryimage\"},\"thumbnailUrl\":\"https:\\\/\\\/tajkertesz.com\\\/wp-content\\\/uploads\\\/2021\\\/02\\\/zsazsamag-csiraztatasra.jpg\",\"datePublished\":\"2021-02-04T14:31:44+00:00\",\"dateModified\":\"2026-02-19T11:54:05+00:00\",\"description\":\"Zs\u00e1zsamag cs\u00edr\u00e1ztat\u00e1sra 30g-os csomagban. A\u00a0zs\u00e1zsacs\u00edra\u00a0kiv\u00e1l\u00f3an fogyaszthat\u00f3 vajaskeny\u00e9rrel, sal\u00e1t\u00e1kban, levesekben, m\u00fczliben.\",\"breadcrumb\":{\"@id\":\"https:\\\/\\\/tajkertesz.com\\\/termek\\\/zsazsamag-csiraztatasra-30g-os-csomagban\\\/#breadcrumb\"},\"inLanguage\":\"en-US\",\"potentialAction\":[{\"@type\":\"ReadAction\",\"target\":[\"https:\\\/\\\/tajkertesz.com\\\/termek\\\/zsazsamag-csiraztatasra-30g-os-csomagban\\\/\"]}]},{\"@type\":\"ImageObject\",\"inLanguage\":\"en-US\",\"@id\":\"https:\\\/\\\/tajkertesz.com\\\/termek\\\/zsazsamag-csiraztatasra-30g-os-csomagban\\\/#primaryimage\",\"url\":\"https:\\\/\\\/tajkertesz.com\\\/wp-content\\\/uploads\\\/2021\\\/02\\\/zsazsamag-csiraztatasra.jpg\",\"contentUrl\":\"https:\\\/\\\/tajkertesz.com\\\/wp-content\\\/uploads\\\/2021\\\/02\\\/zsazsamag-csiraztatasra.jpg\",\"width\":307,\"height\":512},{\"@type\":\"BreadcrumbList\",\"@id\":\"https:\\\/\\\/tajkertesz.com\\\/termek\\\/zsazsamag-csiraztatasra-30g-os-csomagban\\\/#breadcrumb\",\"itemListElement\":[{\"@type\":\"ListItem\",\"position\":1,\"name\":\"Home\",\"item\":\"https:\\\/\\\/tajkertesz.com\\\/\"},{\"@type\":\"ListItem\",\"position\":2,\"name\":\"Kezd\u0151lap\",\"item\":\"https:\\\/\\\/tajkertesz.com\\\/\"},{\"@type\":\"ListItem\",\"position\":3,\"name\":\"Zs\u00e1zsamag cs\u00edr\u00e1ztat\u00e1sra 30g-os csomagban\"}]},{\"@type\":\"WebSite\",\"@id\":\"https:\\\/\\\/tajkertesz.com\\\/#website\",\"url\":\"https:\\\/\\\/tajkertesz.com\\\/\",\"name\":\"T\u00e1j-Kert\u00e9sz 84 Kft.\",\"description\":\"Kert\u00e9szeti kis- \u00e9s nagykeresked\u00e9s, D\u00edszn\u00f6v\u00e9ny web\u00e1ruh\u00e1z orsz\u00e1gos h\u00e1zhozsz\u00e1ll\u00edt\u00e1ssal!\",\"publisher\":{\"@id\":\"https:\\\/\\\/tajkertesz.com\\\/#organization\"},\"potentialAction\":[{\"@type\":\"SearchAction\",\"target\":{\"@type\":\"EntryPoint\",\"urlTemplate\":\"https:\\\/\\\/tajkertesz.com\\\/?s={search_term_string}\"},\"query-input\":{\"@type\":\"PropertyValueSpecification\",\"valueRequired\":true,\"valueName\":\"search_term_string\"}}],\"inLanguage\":\"en-US\"},{\"@type\":\"Organization\",\"@id\":\"https:\\\/\\\/tajkertesz.com\\\/#organization\",\"name\":\"T\u00e1j-Kert\u00e9sz 84 Kft.\",\"url\":\"https:\\\/\\\/tajkertesz.com\\\/\",\"logo\":{\"@type\":\"ImageObject\",\"inLanguage\":\"en-US\",\"@id\":\"https:\\\/\\\/tajkertesz.com\\\/#\\\/schema\\\/logo\\\/image\\\/\",\"url\":\"https:\\\/\\\/tajkertesz.com\\\/wp-content\\\/uploads\\\/2018\\\/02\\\/logo-2-e1518678052539.png\",\"contentUrl\":\"https:\\\/\\\/tajkertesz.com\\\/wp-content\\\/uploads\\\/2018\\\/02\\\/logo-2-e1518678052539.png\",\"width\":81,\"height\":140,\"caption\":\"T\u00e1j-Kert\u00e9sz 84 Kft.\"},\"image\":{\"@id\":\"https:\\\/\\\/tajkertesz.com\\\/#\\\/schema\\\/logo\\\/image\\\/\"},\"sameAs\":[\"https:\\\/\\\/www.facebook.com\\\/Tajkertesz\\\/\"]}]}<\/script>\n<!-- \/ Yoast SEO plugin. -->","yoast_head_json":{"title":"Zs\u00e1zsamag cs\u00edr\u00e1ztat\u00e1sra 30g-os csomagban - T\u00e1jkert\u00e9sz","description":"Zs\u00e1zsamag cs\u00edr\u00e1ztat\u00e1sra 30g-os csomagban. A\u00a0zs\u00e1zsacs\u00edra\u00a0kiv\u00e1l\u00f3an fogyaszthat\u00f3 vajaskeny\u00e9rrel, sal\u00e1t\u00e1kban, levesekben, m\u00fczliben.","robots":{"index":"index","follow":"follow","max-snippet":"max-snippet:-1","max-image-preview":"max-image-preview:large","max-video-preview":"max-video-preview:-1"},"canonical":"https:\/\/tajkertesz.com\/en_US\/product\/zsazsamag-csiraztatasra-30g-os-csomagban\/","og_locale":"en_US","og_type":"article","og_title":"Zs\u00e1zsamag cs\u00edr\u00e1ztat\u00e1sra 30g-os csomagban - T\u00e1jkert\u00e9sz","og_description":"Zs\u00e1zsamag cs\u00edr\u00e1ztat\u00e1sra 30g-os csomagban. A\u00a0zs\u00e1zsacs\u00edra\u00a0kiv\u00e1l\u00f3an fogyaszthat\u00f3 vajaskeny\u00e9rrel, sal\u00e1t\u00e1kban, levesekben, m\u00fczliben.","og_url":"https:\/\/tajkertesz.com\/en_US\/product\/zsazsamag-csiraztatasra-30g-os-csomagban\/","og_site_name":"T\u00e1jkert\u00e9sz","article_publisher":"https:\/\/www.facebook.com\/Tajkertesz\/","article_modified_time":"2026-02-19T11:54:05+00:00","og_image":[{"width":307,"height":512,"url":"https:\/\/tajkertesz.com\/wp-content\/uploads\/2021\/02\/zsazsamag-csiraztatasra.jpg","type":"image\/jpeg"}],"twitter_card":"summary_large_image","twitter_misc":{"Est. reading time":"2 minutes"},"schema":{"@context":"https:\/\/schema.org","@graph":[{"@type":"WebPage","@id":"https:\/\/tajkertesz.com\/termek\/zsazsamag-csiraztatasra-30g-os-csomagban\/","url":"https:\/\/tajkertesz.com\/termek\/zsazsamag-csiraztatasra-30g-os-csomagban\/","name":"Zs\u00e1zsamag cs\u00edr\u00e1ztat\u00e1sra 30g-os csomagban - T\u00e1jkert\u00e9sz","isPartOf":{"@id":"https:\/\/tajkertesz.com\/#website"},"primaryImageOfPage":{"@id":"https:\/\/tajkertesz.com\/termek\/zsazsamag-csiraztatasra-30g-os-csomagban\/#primaryimage"},"image":{"@id":"https:\/\/tajkertesz.com\/termek\/zsazsamag-csiraztatasra-30g-os-csomagban\/#primaryimage"},"thumbnailUrl":"https:\/\/tajkertesz.com\/wp-content\/uploads\/2021\/02\/zsazsamag-csiraztatasra.jpg","datePublished":"2021-02-04T14:31:44+00:00","dateModified":"2026-02-19T11:54:05+00:00","description":"Zs\u00e1zsamag cs\u00edr\u00e1ztat\u00e1sra 30g-os csomagban. A\u00a0zs\u00e1zsacs\u00edra\u00a0kiv\u00e1l\u00f3an fogyaszthat\u00f3 vajaskeny\u00e9rrel, sal\u00e1t\u00e1kban, levesekben, m\u00fczliben.","breadcrumb":{"@id":"https:\/\/tajkertesz.com\/termek\/zsazsamag-csiraztatasra-30g-os-csomagban\/#breadcrumb"},"inLanguage":"en-US","potentialAction":[{"@type":"ReadAction","target":["https:\/\/tajkertesz.com\/termek\/zsazsamag-csiraztatasra-30g-os-csomagban\/"]}]},{"@type":"ImageObject","inLanguage":"en-US","@id":"https:\/\/tajkertesz.com\/termek\/zsazsamag-csiraztatasra-30g-os-csomagban\/#primaryimage","url":"https:\/\/tajkertesz.com\/wp-content\/uploads\/2021\/02\/zsazsamag-csiraztatasra.jpg","contentUrl":"https:\/\/tajkertesz.com\/wp-content\/uploads\/2021\/02\/zsazsamag-csiraztatasra.jpg","width":307,"height":512},{"@type":"BreadcrumbList","@id":"https:\/\/tajkertesz.com\/termek\/zsazsamag-csiraztatasra-30g-os-csomagban\/#breadcrumb","itemListElement":[{"@type":"ListItem","position":1,"name":"Home","item":"https:\/\/tajkertesz.com\/"},{"@type":"ListItem","position":2,"name":"Kezd\u0151lap","item":"https:\/\/tajkertesz.com\/"},{"@type":"ListItem","position":3,"name":"Zs\u00e1zsamag cs\u00edr\u00e1ztat\u00e1sra 30g-os csomagban"}]},{"@type":"WebSite","@id":"https:\/\/tajkertesz.com\/#website","url":"https:\/\/tajkertesz.com\/","name":"T\u00e1j-Kert\u00e9sz 84 Kft.","description":"Kert\u00e9szeti kis- \u00e9s nagykeresked\u00e9s, D\u00edszn\u00f6v\u00e9ny web\u00e1ruh\u00e1z orsz\u00e1gos h\u00e1zhozsz\u00e1ll\u00edt\u00e1ssal!","publisher":{"@id":"https:\/\/tajkertesz.com\/#organization"},"potentialAction":[{"@type":"SearchAction","target":{"@type":"EntryPoint","urlTemplate":"https:\/\/tajkertesz.com\/?s={search_term_string}"},"query-input":{"@type":"PropertyValueSpecification","valueRequired":true,"valueName":"search_term_string"}}],"inLanguage":"en-US"},{"@type":"Organization","@id":"https:\/\/tajkertesz.com\/#organization","name":"T\u00e1j-Kert\u00e9sz 84 Kft.","url":"https:\/\/tajkertesz.com\/","logo":{"@type":"ImageObject","inLanguage":"en-US","@id":"https:\/\/tajkertesz.com\/#\/schema\/logo\/image\/","url":"https:\/\/tajkertesz.com\/wp-content\/uploads\/2018\/02\/logo-2-e1518678052539.png","contentUrl":"https:\/\/tajkertesz.com\/wp-content\/uploads\/2018\/02\/logo-2-e1518678052539.png","width":81,"height":140,"caption":"T\u00e1j-Kert\u00e9sz 84 Kft."},"image":{"@id":"https:\/\/tajkertesz.com\/#\/schema\/logo\/image\/"},"sameAs":["https:\/\/www.facebook.com\/Tajkertesz\/"]}]}},"_links":{"self":[{"href":"https:\/\/tajkertesz.com\/en_US\/wp-json\/wp\/v2\/product\/3042","targetHints":{"allow":["GET"]}}],"collection":[{"href":"https:\/\/tajkertesz.com\/en_US\/wp-json\/wp\/v2\/product"}],"about":[{"href":"https:\/\/tajkertesz.com\/en_US\/wp-json\/wp\/v2\/types\/product"}],"wp:featuredmedia":[{"embeddable":true,"href":"https:\/\/tajkertesz.com\/en_US\/wp-json\/wp\/v2\/media\/3043"}],"wp:attachment":[{"href":"https:\/\/tajkertesz.com\/en_US\/wp-json\/wp\/v2\/media?parent=3042"}],"wp:term":[{"taxonomy":"product_brand","embeddable":true,"href":"https:\/\/tajkertesz.com\/en_US\/wp-json\/wp\/v2\/product_brand?post=3042"},{"taxonomy":"product_cat","embeddable":true,"href":"https:\/\/tajkertesz.com\/en_US\/wp-json\/wp\/v2\/product_cat?post=3042"},{"taxonomy":"product_tag","embeddable":true,"href":"https:\/\/tajkertesz.com\/en_US\/wp-json\/wp\/v2\/product_tag?post=3042"}],"curies":[{"name":"wp","href":"https:\/\/api.w.org\/{rel}","templated":true}]}}