{"id":3068,"date":"2021-02-10T11:32:14","date_gmt":"2021-02-10T11:32:14","guid":{"rendered":"https:\/\/tajkertesz.com\/?post_type=product&#038;p=3068"},"modified":"2026-02-18T14:53:24","modified_gmt":"2026-02-18T14:53:24","slug":"salata-vetoszalag-lento-3133m","status":"publish","type":"product","link":"https:\/\/tajkertesz.com\/en_US\/product\/salata-vetoszalag-lento-3133m\/","title":{"rendered":"Sal\u00e1ta vet\u0151szalag , Lento 3*1,33m"},"content":{"rendered":"<h1>Sal\u00e1ta vet\u0151szalag , Lento 3*1,33m<\/h1>\n<p><strong>A Sal\u00e1ta vet\u0151szalag , Lento 3*1,33m kiv\u00e1l\u00f3 ny\u00e1ri sal\u00e1ta.<\/strong><br \/>\nB\u00e1rmelyik \u00e9vszakban termeszthet\u0151, 65-75 napos teny\u00e9sz idej\u0171, kiv\u00e1l\u00f3 fajta.<\/p>\n<p>Felmagz\u00e1sra nem hajlamos, ny\u00e1ron is termeszthet\u0151 rendszeres \u00f6nt\u00f6z\u00e9s mellett.<\/p>\n<p>A fej nagy, kem\u00e9ny, j\u00f3l z\u00e1rt, levelei s\u00f6t\u00e9tz\u00f6ldek.<\/p>\n<p>A szalag k\u00f6nnyen kezelhet\u0151, egyszer\u0171 a vet\u00e9s egyel\u00e9sre nincsen sz\u00fcks\u00e9g a\u00a0 haszn\u00e1lata eset\u00e9n.<\/p>\n<p><strong>A vet\u0151szalagn\u00e1l a vet\u00e9s szabadf\u00f6ldbe t\u00f6rt\u00e9nik.<\/strong><\/p>\n<ol>\n<li>Kap\u00e1val megh\u00fazzuk a sort 1-2 cm m\u00e9lyre, a szalag m\u00e9ret\u00e9vel megegyez\u0151 hossz\u00fas\u00e1gra.\u00a0 A csomag tartalma kb:4 foly\u00f3m\u00e9ter vet\u00e9sre elegend\u0151.<\/li>\n<li>V\u00e1lasszuk sz\u00e9t a h\u00e1rom sorszalagot a perfor\u00e1ci\u00f3 ment\u00e9n . Sort\u00e1vols\u00e1g kb:20-25 cm.<\/li>\n<li>A szalagot belefektetj\u00fck a bar\u00e1zd\u00e1ba, be\u00f6nt\u00f6zz\u00fck.<\/li>\n<li>Betakarjuk f\u00f6lddel \u00e9s \u00fajra meg\u00f6nt\u00f6zz\u00fck vigy\u00e1zva ,hogy ne iszapoljuk be.<\/li>\n<\/ol>\n<p><strong>\u00c1pol\u00e1s:<\/strong><\/p>\n<p>A kel\u00e9s ideje alatt tartsuk nedvesen a vet\u00e9st \u00e9s t\u00e1vol\u00edtsuk el a kikel\u0151 gyomokat.<\/p>\n<p>A vet\u0151szalag haszn\u00e1lat\u00e1val elker\u00fclhetj\u00fck a ritk\u00edt\u00e1s f\u00e1rads\u00e1gos munk\u00e1lat\u00e1t.<\/p>\n<p>Gyors \u00e9s egyszer\u0171 vetem\u00e9nyez\u00e9st tesz lehet\u0151v\u00e9, a n\u00f6v\u00e9nyek jobban fejl\u0151dnek, a\u00a0 felhaszn\u00e1lt k\u00f6rnyezetbar\u00e1t pap\u00edr lebomlik a talajban.<\/p>\n<p style=\"line-height: 18.0pt; background: white; margin: 0cm 0cm 15.0pt 0cm;\"><span style=\"font-family: 'Ubuntu',serif; color: black;\">El\u00e9rhet\u0151 t\u00f6bbf\u00e9le m\u00e9retben \u00e9s \u00e1rban.<\/span><\/p>\n<p style=\"line-height: 18.0pt; background: white; margin: 0cm 0cm 15.0pt 0cm;\"><b><span style=\"font-family: 'Ubuntu',serif; color: black;\">K\u00e9szlet\u00fcnk napi szinten v\u00e1ltozik, ez\u00e9rt k\u00e9rj\u00fck, \u00e9rdekl\u0151dj\u00f6n szem\u00e9lyesen, telefonon vagy email-en.<br \/>\nA v\u00e1ltoztat\u00e1s jog\u00e1t fenntartjuk!\u00a0<\/span><\/b><\/p>\n<p>&nbsp;<\/p>\n<p><a href=\"https:\/\/tajkertesz.com\/\">https:\/\/tajkertesz.com\/<\/a><\/p>\n<p><a href=\"https:\/\/hu.wikipedia.org\/wiki\/Mag\">https:\/\/hu.wikipedia.org\/wiki\/Mag<\/a><\/p>\n<p><strong>A vet\u0151szalagn\u00e1l a vet\u00e9s szabadf\u00f6ldbe t\u00f6rt\u00e9nik.<\/strong><\/p>\n<ol>\n<li>Kap\u00e1val megh\u00fazzuk a sort 1-2 cm m\u00e9lyre, a szalag m\u00e9ret\u00e9vel megegyez\u0151 hossz\u00fas\u00e1gra.\u00a0 A csomag tartalma kb:4 foly\u00f3m\u00e9ter vet\u00e9sre elegend\u0151.<\/li>\n<li>V\u00e1lasszuk sz\u00e9t a h\u00e1rom sorszalagot a perfor\u00e1ci\u00f3 ment\u00e9n . Sort\u00e1vols\u00e1g kb:20-25 cm.<\/li>\n<li>A szalagot belefektetj\u00fck a bar\u00e1zd\u00e1ba, be\u00f6nt\u00f6zz\u00fck.<\/li>\n<li>Betakarjuk f\u00f6lddel \u00e9s \u00fajra meg\u00f6nt\u00f6zz\u00fck vigy\u00e1zva ,hogy ne iszapoljuk be.<\/li>\n<\/ol>\n<p><strong>\u00c1pol\u00e1s:<\/strong><\/p>\n<p>A kel\u00e9s ideje alatt tartsuk nedvesen a vet\u00e9st \u00e9s t\u00e1vol\u00edtsuk el a kikel\u0151 gyomokat.<\/p>\n<p>A vet\u0151szalag haszn\u00e1lat\u00e1val elker\u00fclhetj\u00fck a ritk\u00edt\u00e1s f\u00e1rads\u00e1gos munk\u00e1lat\u00e1t.<\/p>\n<p>Gyors \u00e9s egyszer\u0171 vetem\u00e9nyez\u00e9st tesz lehet\u0151v\u00e9, a n\u00f6v\u00e9nyek jobban fejl\u0151dnek, a\u00a0 felhaszn\u00e1lt k\u00f6rnyezetbar\u00e1t pap\u00edr lebomlik a talajban.<\/p>","protected":false},"excerpt":{"rendered":"<p>Sal\u00e1ta vet\u0151szalag , Lento 3*1,33m<\/p>\n<p><strong>Sal\u00e1ta vet\u0151szalag , Lento 3*1,33m kiv\u00e1l\u00f3 ny\u00e1ri sal\u00e1ta.<\/strong><br \/>\nB\u00e1rmelyik \u00e9vszakban termeszthet\u0151, 65-75 napos teny\u00e9sz idej\u0171, kiv\u00e1l\u00f3 fajta.<\/p>\n<p>Felmagz\u00e1sra nem hajlamos, ny\u00e1ron is termeszthet\u0151 rendszeres \u00f6nt\u00f6z\u00e9s mellett.<\/p>\n<p>A fej nagy, kem\u00e9ny, j\u00f3l z\u00e1rt, levelei s\u00f6t\u00e9tz\u00f6ldek.<\/p>","protected":false},"featured_media":12534,"template":"","meta":{"_et_pb_use_builder":"","_et_pb_old_content":"","_et_gb_content_width":""},"product_brand":[],"product_cat":[1529],"product_tag":[1247,1248,1246,1235],"class_list":{"0":"post-3068","1":"product","2":"type-product","3":"status-publish","4":"has-post-thumbnail","6":"product_cat-vetoszalagok","7":"product_tag-lento","8":"product_tag-salata","9":"product_tag-salata-vetoszalag","10":"product_tag-vetoszalag","12":"first","13":"instock","14":"shipping-taxable","15":"purchasable","16":"product-type-simple"},"yoast_head":"<!-- This site is optimized with the Yoast SEO plugin v27.4 - https:\/\/yoast.com\/product\/yoast-seo-wordpress\/ -->\n<title>Sal\u00e1ta vet\u0151szalag , Lento 3*1,33m - T\u00e1jkert\u00e9sz<\/title>\n<meta name=\"description\" content=\"A Sal\u00e1ta vet\u0151szalag , Lento 3*1,33m kiv\u00e1l\u00f3 ny\u00e1ri sal\u00e1ta. B\u00e1rmelyik \u00e9vszakban termeszthet\u0151, 65-75 napos teny\u00e9sz idej\u0171 fajta.\" \/>\n<meta name=\"robots\" content=\"index, follow, max-snippet:-1, max-image-preview:large, max-video-preview:-1\" \/>\n<link rel=\"canonical\" href=\"https:\/\/tajkertesz.com\/en_US\/product\/salata-vetoszalag-lento-3133m\/\" \/>\n<meta property=\"og:locale\" content=\"en_US\" \/>\n<meta property=\"og:type\" content=\"article\" \/>\n<meta property=\"og:title\" content=\"Sal\u00e1ta vet\u0151szalag , Lento 3*1,33m - T\u00e1jkert\u00e9sz\" \/>\n<meta property=\"og:description\" content=\"A Sal\u00e1ta vet\u0151szalag , Lento 3*1,33m kiv\u00e1l\u00f3 ny\u00e1ri sal\u00e1ta. B\u00e1rmelyik \u00e9vszakban termeszthet\u0151, 65-75 napos teny\u00e9sz idej\u0171 fajta.\" \/>\n<meta property=\"og:url\" content=\"https:\/\/tajkertesz.com\/en_US\/product\/salata-vetoszalag-lento-3133m\/\" \/>\n<meta property=\"og:site_name\" content=\"T\u00e1jkert\u00e9sz\" \/>\n<meta property=\"article:publisher\" content=\"https:\/\/www.facebook.com\/Tajkertesz\/\" \/>\n<meta property=\"article:modified_time\" content=\"2026-02-18T14:53:24+00:00\" \/>\n<meta property=\"og:image\" content=\"https:\/\/tajkertesz.com\/wp-content\/uploads\/2021\/02\/Fejessalata_Lento_Vetoszalag.jpg\" \/>\n\t<meta property=\"og:image:width\" content=\"650\" \/>\n\t<meta property=\"og:image:height\" content=\"999\" \/>\n\t<meta property=\"og:image:type\" content=\"image\/jpeg\" \/>\n<meta name=\"twitter:card\" content=\"summary_large_image\" \/>\n<meta name=\"twitter:label1\" content=\"Est. reading time\" \/>\n\t<meta name=\"twitter:data1\" content=\"2 minutes\" \/>\n<script type=\"application\/ld+json\" class=\"yoast-schema-graph\">{\"@context\":\"https:\\\/\\\/schema.org\",\"@graph\":[{\"@type\":\"WebPage\",\"@id\":\"https:\\\/\\\/tajkertesz.com\\\/termek\\\/salata-vetoszalag-lento-3133m\\\/\",\"url\":\"https:\\\/\\\/tajkertesz.com\\\/termek\\\/salata-vetoszalag-lento-3133m\\\/\",\"name\":\"Sal\u00e1ta vet\u0151szalag , Lento 3*1,33m - T\u00e1jkert\u00e9sz\",\"isPartOf\":{\"@id\":\"https:\\\/\\\/tajkertesz.com\\\/#website\"},\"primaryImageOfPage\":{\"@id\":\"https:\\\/\\\/tajkertesz.com\\\/termek\\\/salata-vetoszalag-lento-3133m\\\/#primaryimage\"},\"image\":{\"@id\":\"https:\\\/\\\/tajkertesz.com\\\/termek\\\/salata-vetoszalag-lento-3133m\\\/#primaryimage\"},\"thumbnailUrl\":\"https:\\\/\\\/tajkertesz.com\\\/wp-content\\\/uploads\\\/2021\\\/02\\\/Fejessalata_Lento_Vetoszalag.jpg\",\"datePublished\":\"2021-02-10T11:32:14+00:00\",\"dateModified\":\"2026-02-18T14:53:24+00:00\",\"description\":\"A Sal\u00e1ta vet\u0151szalag , Lento 3*1,33m kiv\u00e1l\u00f3 ny\u00e1ri sal\u00e1ta. B\u00e1rmelyik \u00e9vszakban termeszthet\u0151, 65-75 napos teny\u00e9sz idej\u0171 fajta.\",\"breadcrumb\":{\"@id\":\"https:\\\/\\\/tajkertesz.com\\\/termek\\\/salata-vetoszalag-lento-3133m\\\/#breadcrumb\"},\"inLanguage\":\"en-US\",\"potentialAction\":[{\"@type\":\"ReadAction\",\"target\":[\"https:\\\/\\\/tajkertesz.com\\\/termek\\\/salata-vetoszalag-lento-3133m\\\/\"]}]},{\"@type\":\"ImageObject\",\"inLanguage\":\"en-US\",\"@id\":\"https:\\\/\\\/tajkertesz.com\\\/termek\\\/salata-vetoszalag-lento-3133m\\\/#primaryimage\",\"url\":\"https:\\\/\\\/tajkertesz.com\\\/wp-content\\\/uploads\\\/2021\\\/02\\\/Fejessalata_Lento_Vetoszalag.jpg\",\"contentUrl\":\"https:\\\/\\\/tajkertesz.com\\\/wp-content\\\/uploads\\\/2021\\\/02\\\/Fejessalata_Lento_Vetoszalag.jpg\",\"width\":650,\"height\":999},{\"@type\":\"BreadcrumbList\",\"@id\":\"https:\\\/\\\/tajkertesz.com\\\/termek\\\/salata-vetoszalag-lento-3133m\\\/#breadcrumb\",\"itemListElement\":[{\"@type\":\"ListItem\",\"position\":1,\"name\":\"Home\",\"item\":\"https:\\\/\\\/tajkertesz.com\\\/\"},{\"@type\":\"ListItem\",\"position\":2,\"name\":\"Kezd\u0151lap\",\"item\":\"https:\\\/\\\/tajkertesz.com\\\/\"},{\"@type\":\"ListItem\",\"position\":3,\"name\":\"Sal\u00e1ta vet\u0151szalag , Lento 3*1,33m\"}]},{\"@type\":\"WebSite\",\"@id\":\"https:\\\/\\\/tajkertesz.com\\\/#website\",\"url\":\"https:\\\/\\\/tajkertesz.com\\\/\",\"name\":\"T\u00e1j-Kert\u00e9sz 84 Kft.\",\"description\":\"Kert\u00e9szeti kis- \u00e9s nagykeresked\u00e9s, D\u00edszn\u00f6v\u00e9ny web\u00e1ruh\u00e1z orsz\u00e1gos h\u00e1zhozsz\u00e1ll\u00edt\u00e1ssal!\",\"publisher\":{\"@id\":\"https:\\\/\\\/tajkertesz.com\\\/#organization\"},\"potentialAction\":[{\"@type\":\"SearchAction\",\"target\":{\"@type\":\"EntryPoint\",\"urlTemplate\":\"https:\\\/\\\/tajkertesz.com\\\/?s={search_term_string}\"},\"query-input\":{\"@type\":\"PropertyValueSpecification\",\"valueRequired\":true,\"valueName\":\"search_term_string\"}}],\"inLanguage\":\"en-US\"},{\"@type\":\"Organization\",\"@id\":\"https:\\\/\\\/tajkertesz.com\\\/#organization\",\"name\":\"T\u00e1j-Kert\u00e9sz 84 Kft.\",\"url\":\"https:\\\/\\\/tajkertesz.com\\\/\",\"logo\":{\"@type\":\"ImageObject\",\"inLanguage\":\"en-US\",\"@id\":\"https:\\\/\\\/tajkertesz.com\\\/#\\\/schema\\\/logo\\\/image\\\/\",\"url\":\"https:\\\/\\\/tajkertesz.com\\\/wp-content\\\/uploads\\\/2018\\\/02\\\/logo-2-e1518678052539.png\",\"contentUrl\":\"https:\\\/\\\/tajkertesz.com\\\/wp-content\\\/uploads\\\/2018\\\/02\\\/logo-2-e1518678052539.png\",\"width\":81,\"height\":140,\"caption\":\"T\u00e1j-Kert\u00e9sz 84 Kft.\"},\"image\":{\"@id\":\"https:\\\/\\\/tajkertesz.com\\\/#\\\/schema\\\/logo\\\/image\\\/\"},\"sameAs\":[\"https:\\\/\\\/www.facebook.com\\\/Tajkertesz\\\/\"]}]}<\/script>\n<!-- \/ Yoast SEO plugin. -->","yoast_head_json":{"title":"Sal\u00e1ta vet\u0151szalag , Lento 3*1,33m - T\u00e1jkert\u00e9sz","description":"A Sal\u00e1ta vet\u0151szalag , Lento 3*1,33m kiv\u00e1l\u00f3 ny\u00e1ri sal\u00e1ta. B\u00e1rmelyik \u00e9vszakban termeszthet\u0151, 65-75 napos teny\u00e9sz idej\u0171 fajta.","robots":{"index":"index","follow":"follow","max-snippet":"max-snippet:-1","max-image-preview":"max-image-preview:large","max-video-preview":"max-video-preview:-1"},"canonical":"https:\/\/tajkertesz.com\/en_US\/product\/salata-vetoszalag-lento-3133m\/","og_locale":"en_US","og_type":"article","og_title":"Sal\u00e1ta vet\u0151szalag , Lento 3*1,33m - T\u00e1jkert\u00e9sz","og_description":"A Sal\u00e1ta vet\u0151szalag , Lento 3*1,33m kiv\u00e1l\u00f3 ny\u00e1ri sal\u00e1ta. B\u00e1rmelyik \u00e9vszakban termeszthet\u0151, 65-75 napos teny\u00e9sz idej\u0171 fajta.","og_url":"https:\/\/tajkertesz.com\/en_US\/product\/salata-vetoszalag-lento-3133m\/","og_site_name":"T\u00e1jkert\u00e9sz","article_publisher":"https:\/\/www.facebook.com\/Tajkertesz\/","article_modified_time":"2026-02-18T14:53:24+00:00","og_image":[{"width":650,"height":999,"url":"https:\/\/tajkertesz.com\/wp-content\/uploads\/2021\/02\/Fejessalata_Lento_Vetoszalag.jpg","type":"image\/jpeg"}],"twitter_card":"summary_large_image","twitter_misc":{"Est. reading time":"2 minutes"},"schema":{"@context":"https:\/\/schema.org","@graph":[{"@type":"WebPage","@id":"https:\/\/tajkertesz.com\/termek\/salata-vetoszalag-lento-3133m\/","url":"https:\/\/tajkertesz.com\/termek\/salata-vetoszalag-lento-3133m\/","name":"Sal\u00e1ta vet\u0151szalag , Lento 3*1,33m - T\u00e1jkert\u00e9sz","isPartOf":{"@id":"https:\/\/tajkertesz.com\/#website"},"primaryImageOfPage":{"@id":"https:\/\/tajkertesz.com\/termek\/salata-vetoszalag-lento-3133m\/#primaryimage"},"image":{"@id":"https:\/\/tajkertesz.com\/termek\/salata-vetoszalag-lento-3133m\/#primaryimage"},"thumbnailUrl":"https:\/\/tajkertesz.com\/wp-content\/uploads\/2021\/02\/Fejessalata_Lento_Vetoszalag.jpg","datePublished":"2021-02-10T11:32:14+00:00","dateModified":"2026-02-18T14:53:24+00:00","description":"A Sal\u00e1ta vet\u0151szalag , Lento 3*1,33m kiv\u00e1l\u00f3 ny\u00e1ri sal\u00e1ta. B\u00e1rmelyik \u00e9vszakban termeszthet\u0151, 65-75 napos teny\u00e9sz idej\u0171 fajta.","breadcrumb":{"@id":"https:\/\/tajkertesz.com\/termek\/salata-vetoszalag-lento-3133m\/#breadcrumb"},"inLanguage":"en-US","potentialAction":[{"@type":"ReadAction","target":["https:\/\/tajkertesz.com\/termek\/salata-vetoszalag-lento-3133m\/"]}]},{"@type":"ImageObject","inLanguage":"en-US","@id":"https:\/\/tajkertesz.com\/termek\/salata-vetoszalag-lento-3133m\/#primaryimage","url":"https:\/\/tajkertesz.com\/wp-content\/uploads\/2021\/02\/Fejessalata_Lento_Vetoszalag.jpg","contentUrl":"https:\/\/tajkertesz.com\/wp-content\/uploads\/2021\/02\/Fejessalata_Lento_Vetoszalag.jpg","width":650,"height":999},{"@type":"BreadcrumbList","@id":"https:\/\/tajkertesz.com\/termek\/salata-vetoszalag-lento-3133m\/#breadcrumb","itemListElement":[{"@type":"ListItem","position":1,"name":"Home","item":"https:\/\/tajkertesz.com\/"},{"@type":"ListItem","position":2,"name":"Kezd\u0151lap","item":"https:\/\/tajkertesz.com\/"},{"@type":"ListItem","position":3,"name":"Sal\u00e1ta vet\u0151szalag , Lento 3*1,33m"}]},{"@type":"WebSite","@id":"https:\/\/tajkertesz.com\/#website","url":"https:\/\/tajkertesz.com\/","name":"T\u00e1j-Kert\u00e9sz 84 Kft.","description":"Kert\u00e9szeti kis- \u00e9s nagykeresked\u00e9s, D\u00edszn\u00f6v\u00e9ny web\u00e1ruh\u00e1z orsz\u00e1gos h\u00e1zhozsz\u00e1ll\u00edt\u00e1ssal!","publisher":{"@id":"https:\/\/tajkertesz.com\/#organization"},"potentialAction":[{"@type":"SearchAction","target":{"@type":"EntryPoint","urlTemplate":"https:\/\/tajkertesz.com\/?s={search_term_string}"},"query-input":{"@type":"PropertyValueSpecification","valueRequired":true,"valueName":"search_term_string"}}],"inLanguage":"en-US"},{"@type":"Organization","@id":"https:\/\/tajkertesz.com\/#organization","name":"T\u00e1j-Kert\u00e9sz 84 Kft.","url":"https:\/\/tajkertesz.com\/","logo":{"@type":"ImageObject","inLanguage":"en-US","@id":"https:\/\/tajkertesz.com\/#\/schema\/logo\/image\/","url":"https:\/\/tajkertesz.com\/wp-content\/uploads\/2018\/02\/logo-2-e1518678052539.png","contentUrl":"https:\/\/tajkertesz.com\/wp-content\/uploads\/2018\/02\/logo-2-e1518678052539.png","width":81,"height":140,"caption":"T\u00e1j-Kert\u00e9sz 84 Kft."},"image":{"@id":"https:\/\/tajkertesz.com\/#\/schema\/logo\/image\/"},"sameAs":["https:\/\/www.facebook.com\/Tajkertesz\/"]}]}},"_links":{"self":[{"href":"https:\/\/tajkertesz.com\/en_US\/wp-json\/wp\/v2\/product\/3068","targetHints":{"allow":["GET"]}}],"collection":[{"href":"https:\/\/tajkertesz.com\/en_US\/wp-json\/wp\/v2\/product"}],"about":[{"href":"https:\/\/tajkertesz.com\/en_US\/wp-json\/wp\/v2\/types\/product"}],"wp:featuredmedia":[{"embeddable":true,"href":"https:\/\/tajkertesz.com\/en_US\/wp-json\/wp\/v2\/media\/12534"}],"wp:attachment":[{"href":"https:\/\/tajkertesz.com\/en_US\/wp-json\/wp\/v2\/media?parent=3068"}],"wp:term":[{"taxonomy":"product_brand","embeddable":true,"href":"https:\/\/tajkertesz.com\/en_US\/wp-json\/wp\/v2\/product_brand?post=3068"},{"taxonomy":"product_cat","embeddable":true,"href":"https:\/\/tajkertesz.com\/en_US\/wp-json\/wp\/v2\/product_cat?post=3068"},{"taxonomy":"product_tag","embeddable":true,"href":"https:\/\/tajkertesz.com\/en_US\/wp-json\/wp\/v2\/product_tag?post=3068"}],"curies":[{"name":"wp","href":"https:\/\/api.w.org\/{rel}","templated":true}]}}