{"id":3082,"date":"2021-02-10T15:17:05","date_gmt":"2021-02-10T15:17:05","guid":{"rendered":"https:\/\/tajkertesz.com\/?post_type=product&#038;p=3082"},"modified":"2024-07-11T13:45:32","modified_gmt":"2024-07-11T13:45:32","slug":"macskafu-50g-os-kiszerelesben","status":"publish","type":"product","link":"https:\/\/tajkertesz.com\/en_US\/product\/macskafu-50g-os-kiszerelesben\/","title":{"rendered":"Macskaf\u0171 50g-os kiszerel\u00e9sben"},"content":{"rendered":"<p>Macskaf\u0171 50g-os kiszerel\u00e9sben . A h\u00e1zi kedvenc\u00fcnknek eg\u00e9sz \u00e9ven \u00e1t tudunk friss vitaminokat \u00e9s \u00e1sv\u00e1nyi anyagokat biztos\u00edtani.<\/p>\n<p>&nbsp;<\/p>\n<p><strong>A Macskaf\u0171 <\/strong>a jolly joker, hiszen seg\u00edti az em\u00e9szt\u00e9st, r\u00e1ad\u00e1sul ha van kuty\u00e1nk vagy tengeri malacunk, sz\u00e1mukra is kiv\u00e1l\u00f3. Ami m\u00e9g k\u00fcl\u00f6n j\u00f3 benne az az, hogy el\u00e9g bel\u0151le magokat venn\u00fcnk \u00e9s magunk nevelhetj\u00fck kis kedvenc\u00fcnk kedvenc\u00e9t.\u00a0A macska test\u00e1pol\u00e1s sor\u00e1n sz\u0151rsz\u00e1lakat nyel le. Nagyon fontos min\u00e9l hamarabb megszabadulni ezekt\u0151l a sz\u0151rsz\u00e1lakt\u00f3l, hogy ne keletkezzenek sz\u0151rlabd\u00e1k a belekben, mert ezek kellemetlen k\u00f6vetkezm\u00e9nyekhez vezethetnek. A macskaf\u0171 egy term\u00e9szetes seg\u00edts\u00e9g, ami el\u0151seg\u00edti a term\u00e9szetes em\u00e9szt\u00e9st \u00e9s megel\u0151zi a sz\u0151rlabd\u00e1k felhalmoz\u00f3d\u00e1s\u00e1t az em\u00e9szt\u0151rendszerben.<\/p>\n<p>Vet\u00e9sid\u0151: belt\u00e9ren eg\u00e9sz \u00e9vben, szabadban \u00e1pr.-szept.<br \/>\nVet\u00e9sm\u00e9lys\u00e9g: 0,5cm<br \/>\nT\u0151t\u00e1vols\u00e1g: sz\u00f3rva vet\u00e9s<br \/>\nCs\u00edr\u00e1z\u00e1s: 10-15 nap 15 &#8211; 20\u00b0C-on<br \/>\nN\u00f6v\u00e9ny v\u00e1rhat\u00f3 magass\u00e1ga: kb. 10 cm<br \/>\nSzed\u00e9s ideje: I &#8211; XII.<br \/>\nTermeszt\u00e9s: vil\u00e1gos, 12-18 \u00b0C helyre, egyenletesen nedvesen tartani<\/p>\n<p>Folyamatos friss z\u00f6ld gyorsan \u00e9s egyszer\u0171en h\u00e1zi macsk\u00e1knak. Cser\u00e9pben, szob\u00e1ban vagy balkonon termeszthet\u0151.<\/p>\n<p>A tasak tartalma 10 db 10 cm-s \u00e1tm\u00e9r\u0151j\u0171\u00a0 cser\u00e9pre vagy t\u00e1lra el\u00e9g.<\/p>\n<p><a href=\"https:\/\/tajkertesz.com\/\">https:\/\/tajkertesz.com\/<\/a><\/p>\n<p><a href=\"https:\/\/hu.wikipedia.org\/wiki\/Macska\">https:\/\/hu.wikipedia.org\/wiki\/Macska<\/a><\/p>\n<p><strong>A Macskaf\u0171 <\/strong>a jolly joker, hiszen seg\u00edti az em\u00e9szt\u00e9st, r\u00e1ad\u00e1sul ha van kuty\u00e1nk vagy tengeri malacunk, sz\u00e1mukra is kiv\u00e1l\u00f3. Ami m\u00e9g k\u00fcl\u00f6n j\u00f3 benne az az, hogy el\u00e9g bel\u0151le magokat venn\u00fcnk \u00e9s magunk nevelhetj\u00fck kis kedvenc\u00fcnk kedvenc\u00e9t.\u00a0A macska test\u00e1pol\u00e1s sor\u00e1n sz\u0151rsz\u00e1lakat nyel le. Nagyon fontos min\u00e9l hamarabb megszabadulni ezekt\u0151l a sz\u0151rsz\u00e1lakt\u00f3l, hogy ne keletkezzenek sz\u0151rlabd\u00e1k a belekben, mert ezek kellemetlen k\u00f6vetkezm\u00e9nyekhez vezethetnek. A macskaf\u0171 egy term\u00e9szetes seg\u00edts\u00e9g, ami el\u0151seg\u00edti a term\u00e9szetes em\u00e9szt\u00e9st \u00e9s megel\u0151zi a sz\u0151rlabd\u00e1k felhalmoz\u00f3d\u00e1s\u00e1t az em\u00e9szt\u0151rendszerben.<\/p>\n<p>Vet\u00e9sid\u0151: belt\u00e9ren eg\u00e9sz \u00e9vben, szabadban \u00e1pr.-szept.<br \/>\nVet\u00e9sm\u00e9lys\u00e9g: 0,5cm<br \/>\nT\u0151t\u00e1vols\u00e1g: sz\u00f3rva vet\u00e9s<br \/>\nCs\u00edr\u00e1z\u00e1s: 10-15 nap 15 &#8211; 20\u00b0C-on<br \/>\nN\u00f6v\u00e9ny v\u00e1rhat\u00f3 magass\u00e1ga: kb. 10 cm<br \/>\nSzed\u00e9s ideje: I &#8211; XII.<br \/>\nTermeszt\u00e9s: vil\u00e1gos, 12-18 \u00b0C helyre, egyenletesen nedvesen tartani<\/p>\n<p>Folyamatos friss z\u00f6ld gyorsan \u00e9s egyszer\u0171en h\u00e1zi macsk\u00e1knak. Cser\u00e9pben, szob\u00e1ban vagy balkonon termeszthet\u0151.<\/p>\n<p>A tasak tartalma 10 db 10 cm-s \u00e1tm\u00e9r\u0151j\u0171\u00a0 cser\u00e9pre vagy t\u00e1lra el\u00e9g.<\/p>","protected":false},"excerpt":{"rendered":"<p><strong>A Macskaf\u0171 <\/strong>a jolly joker, hiszen seg\u00edti az em\u00e9szt\u00e9st, r\u00e1ad\u00e1sul ha van kuty\u00e1nk vagy tengeri malacunk, sz\u00e1mukra is kiv\u00e1l\u00f3. Ami m\u00e9g k\u00fcl\u00f6n j\u00f3 benne az az, hogy el\u00e9g bel\u0151le magokat venn\u00fcnk \u00e9s magunk nevelhetj\u00fck kis kedvenc\u00fcnk kedvenc\u00e9t.\u00a0A macska test\u00e1pol\u00e1s sor\u00e1n sz\u0151rsz\u00e1lakat nyel le. Nagyon fontos min\u00e9l hamarabb megszabadulni ezekt\u0151l a sz\u0151rsz\u00e1lakt\u00f3l, hogy ne keletkezzenek sz\u0151rlabd\u00e1k a belekben, mert ezek kellemetlen k\u00f6vetkezm\u00e9nyekhez vezethetnek. A macskaf\u0171 egy term\u00e9szetes seg\u00edts\u00e9g, ami el\u0151seg\u00edti a term\u00e9szetes em\u00e9szt\u00e9st \u00e9s megel\u0151zi a sz\u0151rlabd\u00e1k felhalmoz\u00f3d\u00e1s\u00e1t az em\u00e9szt\u0151rendszerben.<\/p>\n<p>Vet\u00e9sid\u0151: belt\u00e9ren eg\u00e9sz \u00e9vben, szabadban \u00e1pr.-szept.<br \/>\nVet\u00e9sm\u00e9lys\u00e9g: 0,5cm<br \/>\nT\u0151t\u00e1vols\u00e1g: sz\u00f3rva vet\u00e9s<br \/>\nCs\u00edr\u00e1z\u00e1s: 10-15 nap 15 &#8211; 20\u00b0C-on<br \/>\nN\u00f6v\u00e9ny v\u00e1rhat\u00f3 magass\u00e1ga: kb. 10 cm<br \/>\nSzed\u00e9s ideje: I &#8211; XII.<br \/>\nTermeszt\u00e9s: vil\u00e1gos, 12-18 \u00b0C helyre, egyenletesen nedvesen tartani<\/p>\n<p>Folyamatos friss z\u00f6ld gyorsan \u00e9s egyszer\u0171en h\u00e1zi macsk\u00e1knak. Cser\u00e9pben, szob\u00e1ban vagy balkonon termeszthet\u0151.<\/p>\n<p>A tasak tartalma 10 db 10 cm-s \u00e1tm\u00e9r\u0151j\u0171\u00a0 cser\u00e9pre vagy t\u00e1lra el\u00e9g.<\/p>","protected":false},"featured_media":3083,"template":"","meta":{"_et_pb_use_builder":"","_et_pb_old_content":"","_et_gb_content_width":""},"product_brand":[],"product_cat":[197,3785],"product_tag":[1261,1263,1262],"class_list":{"0":"post-3082","1":"product","2":"type-product","3":"status-publish","4":"has-post-thumbnail","6":"product_cat-diszfuvek-fufelek","7":"product_cat-uj-termekek","8":"product_tag-macskafu","9":"product_tag-pannon-kert-sorozat","10":"product_tag-zab","12":"first","13":"instock","14":"shipping-taxable","15":"purchasable","16":"product-type-simple"},"yoast_head":"<!-- This site is optimized with the Yoast SEO plugin v27.5 - https:\/\/yoast.com\/product\/yoast-seo-wordpress\/ -->\n<title>Macskaf\u0171 50g-os kiszerel\u00e9sben - T\u00e1jkert\u00e9sz<\/title>\n<meta name=\"description\" content=\"Macskaf\u0171 50g-os kiszerel\u00e9sben. A h\u00e1zi kedvenc\u00fcnknek eg\u00e9sz \u00e9ven \u00e1t tudunk friss vitaminokat \u00e9s \u00e1sv\u00e1nyi anyagokat biztos\u00edtani.\" \/>\n<meta name=\"robots\" content=\"index, follow, max-snippet:-1, max-image-preview:large, max-video-preview:-1\" \/>\n<link rel=\"canonical\" href=\"https:\/\/tajkertesz.com\/en_US\/product\/macskafu-50g-os-kiszerelesben\/\" \/>\n<meta property=\"og:locale\" content=\"en_US\" \/>\n<meta property=\"og:type\" content=\"article\" \/>\n<meta property=\"og:title\" content=\"Macskaf\u0171 50g-os kiszerel\u00e9sben - T\u00e1jkert\u00e9sz\" \/>\n<meta property=\"og:description\" content=\"Macskaf\u0171 50g-os kiszerel\u00e9sben. A h\u00e1zi kedvenc\u00fcnknek eg\u00e9sz \u00e9ven \u00e1t tudunk friss vitaminokat \u00e9s \u00e1sv\u00e1nyi anyagokat biztos\u00edtani.\" \/>\n<meta property=\"og:url\" content=\"https:\/\/tajkertesz.com\/en_US\/product\/macskafu-50g-os-kiszerelesben\/\" \/>\n<meta property=\"og:site_name\" content=\"T\u00e1jkert\u00e9sz\" \/>\n<meta property=\"article:publisher\" content=\"https:\/\/www.facebook.com\/Tajkertesz\/\" \/>\n<meta property=\"article:modified_time\" content=\"2024-07-11T13:45:32+00:00\" \/>\n<meta property=\"og:image\" content=\"https:\/\/tajkertesz.com\/wp-content\/uploads\/2021\/02\/macskafu.png\" \/>\n\t<meta property=\"og:image:width\" content=\"541\" \/>\n\t<meta property=\"og:image:height\" content=\"640\" \/>\n\t<meta property=\"og:image:type\" content=\"image\/png\" \/>\n<meta name=\"twitter:card\" content=\"summary_large_image\" \/>\n<meta name=\"twitter:label1\" content=\"Est. reading time\" \/>\n\t<meta name=\"twitter:data1\" content=\"2 minutes\" \/>\n<script type=\"application\/ld+json\" class=\"yoast-schema-graph\">{\"@context\":\"https:\\\/\\\/schema.org\",\"@graph\":[{\"@type\":\"WebPage\",\"@id\":\"https:\\\/\\\/tajkertesz.com\\\/termek\\\/macskafu-50g-os-kiszerelesben\\\/\",\"url\":\"https:\\\/\\\/tajkertesz.com\\\/termek\\\/macskafu-50g-os-kiszerelesben\\\/\",\"name\":\"Macskaf\u0171 50g-os kiszerel\u00e9sben - T\u00e1jkert\u00e9sz\",\"isPartOf\":{\"@id\":\"https:\\\/\\\/tajkertesz.com\\\/#website\"},\"primaryImageOfPage\":{\"@id\":\"https:\\\/\\\/tajkertesz.com\\\/termek\\\/macskafu-50g-os-kiszerelesben\\\/#primaryimage\"},\"image\":{\"@id\":\"https:\\\/\\\/tajkertesz.com\\\/termek\\\/macskafu-50g-os-kiszerelesben\\\/#primaryimage\"},\"thumbnailUrl\":\"https:\\\/\\\/tajkertesz.com\\\/wp-content\\\/uploads\\\/2021\\\/02\\\/macskafu.png\",\"datePublished\":\"2021-02-10T15:17:05+00:00\",\"dateModified\":\"2024-07-11T13:45:32+00:00\",\"description\":\"Macskaf\u0171 50g-os kiszerel\u00e9sben. A h\u00e1zi kedvenc\u00fcnknek eg\u00e9sz \u00e9ven \u00e1t tudunk friss vitaminokat \u00e9s \u00e1sv\u00e1nyi anyagokat biztos\u00edtani.\",\"breadcrumb\":{\"@id\":\"https:\\\/\\\/tajkertesz.com\\\/termek\\\/macskafu-50g-os-kiszerelesben\\\/#breadcrumb\"},\"inLanguage\":\"en-US\",\"potentialAction\":[{\"@type\":\"ReadAction\",\"target\":[\"https:\\\/\\\/tajkertesz.com\\\/termek\\\/macskafu-50g-os-kiszerelesben\\\/\"]}]},{\"@type\":\"ImageObject\",\"inLanguage\":\"en-US\",\"@id\":\"https:\\\/\\\/tajkertesz.com\\\/termek\\\/macskafu-50g-os-kiszerelesben\\\/#primaryimage\",\"url\":\"https:\\\/\\\/tajkertesz.com\\\/wp-content\\\/uploads\\\/2021\\\/02\\\/macskafu.png\",\"contentUrl\":\"https:\\\/\\\/tajkertesz.com\\\/wp-content\\\/uploads\\\/2021\\\/02\\\/macskafu.png\",\"width\":541,\"height\":640},{\"@type\":\"BreadcrumbList\",\"@id\":\"https:\\\/\\\/tajkertesz.com\\\/termek\\\/macskafu-50g-os-kiszerelesben\\\/#breadcrumb\",\"itemListElement\":[{\"@type\":\"ListItem\",\"position\":1,\"name\":\"Home\",\"item\":\"https:\\\/\\\/tajkertesz.com\\\/\"},{\"@type\":\"ListItem\",\"position\":2,\"name\":\"Kezd\u0151lap\",\"item\":\"https:\\\/\\\/tajkertesz.com\\\/\"},{\"@type\":\"ListItem\",\"position\":3,\"name\":\"Macskaf\u0171 50g-os kiszerel\u00e9sben\"}]},{\"@type\":\"WebSite\",\"@id\":\"https:\\\/\\\/tajkertesz.com\\\/#website\",\"url\":\"https:\\\/\\\/tajkertesz.com\\\/\",\"name\":\"T\u00e1j-Kert\u00e9sz 84 Kft.\",\"description\":\"Kert\u00e9szeti kis- \u00e9s nagykeresked\u00e9s, D\u00edszn\u00f6v\u00e9ny web\u00e1ruh\u00e1z orsz\u00e1gos h\u00e1zhozsz\u00e1ll\u00edt\u00e1ssal!\",\"publisher\":{\"@id\":\"https:\\\/\\\/tajkertesz.com\\\/#organization\"},\"potentialAction\":[{\"@type\":\"SearchAction\",\"target\":{\"@type\":\"EntryPoint\",\"urlTemplate\":\"https:\\\/\\\/tajkertesz.com\\\/?s={search_term_string}\"},\"query-input\":{\"@type\":\"PropertyValueSpecification\",\"valueRequired\":true,\"valueName\":\"search_term_string\"}}],\"inLanguage\":\"en-US\"},{\"@type\":\"Organization\",\"@id\":\"https:\\\/\\\/tajkertesz.com\\\/#organization\",\"name\":\"T\u00e1j-Kert\u00e9sz 84 Kft.\",\"url\":\"https:\\\/\\\/tajkertesz.com\\\/\",\"logo\":{\"@type\":\"ImageObject\",\"inLanguage\":\"en-US\",\"@id\":\"https:\\\/\\\/tajkertesz.com\\\/#\\\/schema\\\/logo\\\/image\\\/\",\"url\":\"https:\\\/\\\/tajkertesz.com\\\/wp-content\\\/uploads\\\/2018\\\/02\\\/logo-2-e1518678052539.png\",\"contentUrl\":\"https:\\\/\\\/tajkertesz.com\\\/wp-content\\\/uploads\\\/2018\\\/02\\\/logo-2-e1518678052539.png\",\"width\":81,\"height\":140,\"caption\":\"T\u00e1j-Kert\u00e9sz 84 Kft.\"},\"image\":{\"@id\":\"https:\\\/\\\/tajkertesz.com\\\/#\\\/schema\\\/logo\\\/image\\\/\"},\"sameAs\":[\"https:\\\/\\\/www.facebook.com\\\/Tajkertesz\\\/\"]}]}<\/script>\n<!-- \/ Yoast SEO plugin. -->","yoast_head_json":{"title":"Macskaf\u0171 50g-os kiszerel\u00e9sben - T\u00e1jkert\u00e9sz","description":"Macskaf\u0171 50g-os kiszerel\u00e9sben. A h\u00e1zi kedvenc\u00fcnknek eg\u00e9sz \u00e9ven \u00e1t tudunk friss vitaminokat \u00e9s \u00e1sv\u00e1nyi anyagokat biztos\u00edtani.","robots":{"index":"index","follow":"follow","max-snippet":"max-snippet:-1","max-image-preview":"max-image-preview:large","max-video-preview":"max-video-preview:-1"},"canonical":"https:\/\/tajkertesz.com\/en_US\/product\/macskafu-50g-os-kiszerelesben\/","og_locale":"en_US","og_type":"article","og_title":"Macskaf\u0171 50g-os kiszerel\u00e9sben - T\u00e1jkert\u00e9sz","og_description":"Macskaf\u0171 50g-os kiszerel\u00e9sben. A h\u00e1zi kedvenc\u00fcnknek eg\u00e9sz \u00e9ven \u00e1t tudunk friss vitaminokat \u00e9s \u00e1sv\u00e1nyi anyagokat biztos\u00edtani.","og_url":"https:\/\/tajkertesz.com\/en_US\/product\/macskafu-50g-os-kiszerelesben\/","og_site_name":"T\u00e1jkert\u00e9sz","article_publisher":"https:\/\/www.facebook.com\/Tajkertesz\/","article_modified_time":"2024-07-11T13:45:32+00:00","og_image":[{"width":541,"height":640,"url":"https:\/\/tajkertesz.com\/wp-content\/uploads\/2021\/02\/macskafu.png","type":"image\/png"}],"twitter_card":"summary_large_image","twitter_misc":{"Est. reading time":"2 minutes"},"schema":{"@context":"https:\/\/schema.org","@graph":[{"@type":"WebPage","@id":"https:\/\/tajkertesz.com\/termek\/macskafu-50g-os-kiszerelesben\/","url":"https:\/\/tajkertesz.com\/termek\/macskafu-50g-os-kiszerelesben\/","name":"Macskaf\u0171 50g-os kiszerel\u00e9sben - T\u00e1jkert\u00e9sz","isPartOf":{"@id":"https:\/\/tajkertesz.com\/#website"},"primaryImageOfPage":{"@id":"https:\/\/tajkertesz.com\/termek\/macskafu-50g-os-kiszerelesben\/#primaryimage"},"image":{"@id":"https:\/\/tajkertesz.com\/termek\/macskafu-50g-os-kiszerelesben\/#primaryimage"},"thumbnailUrl":"https:\/\/tajkertesz.com\/wp-content\/uploads\/2021\/02\/macskafu.png","datePublished":"2021-02-10T15:17:05+00:00","dateModified":"2024-07-11T13:45:32+00:00","description":"Macskaf\u0171 50g-os kiszerel\u00e9sben. A h\u00e1zi kedvenc\u00fcnknek eg\u00e9sz \u00e9ven \u00e1t tudunk friss vitaminokat \u00e9s \u00e1sv\u00e1nyi anyagokat biztos\u00edtani.","breadcrumb":{"@id":"https:\/\/tajkertesz.com\/termek\/macskafu-50g-os-kiszerelesben\/#breadcrumb"},"inLanguage":"en-US","potentialAction":[{"@type":"ReadAction","target":["https:\/\/tajkertesz.com\/termek\/macskafu-50g-os-kiszerelesben\/"]}]},{"@type":"ImageObject","inLanguage":"en-US","@id":"https:\/\/tajkertesz.com\/termek\/macskafu-50g-os-kiszerelesben\/#primaryimage","url":"https:\/\/tajkertesz.com\/wp-content\/uploads\/2021\/02\/macskafu.png","contentUrl":"https:\/\/tajkertesz.com\/wp-content\/uploads\/2021\/02\/macskafu.png","width":541,"height":640},{"@type":"BreadcrumbList","@id":"https:\/\/tajkertesz.com\/termek\/macskafu-50g-os-kiszerelesben\/#breadcrumb","itemListElement":[{"@type":"ListItem","position":1,"name":"Home","item":"https:\/\/tajkertesz.com\/"},{"@type":"ListItem","position":2,"name":"Kezd\u0151lap","item":"https:\/\/tajkertesz.com\/"},{"@type":"ListItem","position":3,"name":"Macskaf\u0171 50g-os kiszerel\u00e9sben"}]},{"@type":"WebSite","@id":"https:\/\/tajkertesz.com\/#website","url":"https:\/\/tajkertesz.com\/","name":"T\u00e1j-Kert\u00e9sz 84 Kft.","description":"Kert\u00e9szeti kis- \u00e9s nagykeresked\u00e9s, D\u00edszn\u00f6v\u00e9ny web\u00e1ruh\u00e1z orsz\u00e1gos h\u00e1zhozsz\u00e1ll\u00edt\u00e1ssal!","publisher":{"@id":"https:\/\/tajkertesz.com\/#organization"},"potentialAction":[{"@type":"SearchAction","target":{"@type":"EntryPoint","urlTemplate":"https:\/\/tajkertesz.com\/?s={search_term_string}"},"query-input":{"@type":"PropertyValueSpecification","valueRequired":true,"valueName":"search_term_string"}}],"inLanguage":"en-US"},{"@type":"Organization","@id":"https:\/\/tajkertesz.com\/#organization","name":"T\u00e1j-Kert\u00e9sz 84 Kft.","url":"https:\/\/tajkertesz.com\/","logo":{"@type":"ImageObject","inLanguage":"en-US","@id":"https:\/\/tajkertesz.com\/#\/schema\/logo\/image\/","url":"https:\/\/tajkertesz.com\/wp-content\/uploads\/2018\/02\/logo-2-e1518678052539.png","contentUrl":"https:\/\/tajkertesz.com\/wp-content\/uploads\/2018\/02\/logo-2-e1518678052539.png","width":81,"height":140,"caption":"T\u00e1j-Kert\u00e9sz 84 Kft."},"image":{"@id":"https:\/\/tajkertesz.com\/#\/schema\/logo\/image\/"},"sameAs":["https:\/\/www.facebook.com\/Tajkertesz\/"]}]}},"_links":{"self":[{"href":"https:\/\/tajkertesz.com\/en_US\/wp-json\/wp\/v2\/product\/3082","targetHints":{"allow":["GET"]}}],"collection":[{"href":"https:\/\/tajkertesz.com\/en_US\/wp-json\/wp\/v2\/product"}],"about":[{"href":"https:\/\/tajkertesz.com\/en_US\/wp-json\/wp\/v2\/types\/product"}],"wp:featuredmedia":[{"embeddable":true,"href":"https:\/\/tajkertesz.com\/en_US\/wp-json\/wp\/v2\/media\/3083"}],"wp:attachment":[{"href":"https:\/\/tajkertesz.com\/en_US\/wp-json\/wp\/v2\/media?parent=3082"}],"wp:term":[{"taxonomy":"product_brand","embeddable":true,"href":"https:\/\/tajkertesz.com\/en_US\/wp-json\/wp\/v2\/product_brand?post=3082"},{"taxonomy":"product_cat","embeddable":true,"href":"https:\/\/tajkertesz.com\/en_US\/wp-json\/wp\/v2\/product_cat?post=3082"},{"taxonomy":"product_tag","embeddable":true,"href":"https:\/\/tajkertesz.com\/en_US\/wp-json\/wp\/v2\/product_tag?post=3082"}],"curies":[{"name":"wp","href":"https:\/\/api.w.org\/{rel}","templated":true}]}}