{"id":3087,"date":"2021-02-11T07:50:27","date_gmt":"2021-02-11T07:50:27","guid":{"rendered":"https:\/\/tajkertesz.com\/?post_type=product&#038;p=3087"},"modified":"2023-03-31T09:31:35","modified_gmt":"2023-03-31T09:31:35","slug":"csemegekukorica-aranymazsola-tradicionalis-fajta","status":"publish","type":"product","link":"https:\/\/tajkertesz.com\/en_US\/product\/csemegekukorica-aranymazsola-tradicionalis-fajta\/","title":{"rendered":"Kukorica Csemegekukorica Aranymazsola tradicion\u00e1lis fajta 20g."},"content":{"rendered":"<p>Csemegekukorica Aranymazsola tradicion\u00e1lis fajta<\/p>\n<p>A Csemegekukorica Aranymazsola tradicion\u00e1lis fajta els\u0151sorban friss fogyaszt\u00e1sra javasoljuk. 20g-os kiszerel\u00e9sben.<\/p>\n<p>&nbsp;<\/p>\n<p><strong>Fajtale\u00edr\u00e1s:<\/strong> N\u00e9pszer\u0171 h\u00e1zikerti fajta. K\u00f6z\u00e9pkorai \u00e9r\u00e9s\u0171, k\u00f6zepes cs\u00f6v\u0171, hossza 16-18 cm, szemsorok sz\u00e1ma 8. A mag k\u00f6zepes m\u00e9ret\u0171, vil\u00e1goss\u00e1rga sz\u00edn\u0171, kellemes \u00edz\u0171. A cs\u00f6vek mennyis\u00e9ge \u00e9s min\u0151s\u00e9ge megfelel\u0151 \u00f6nt\u00f6z\u00e9s mellett j\u00f3 min\u0151s\u00e9g\u0171. Els\u0151sorban friss fogyaszt\u00e1sra javasoljuk!<\/p>\n<p><strong>Vet\u00e9s:<\/strong>\u00a0\u00e1prilis k\u00f6zep\u00e9t\u0151l j\u00fanius v\u00e9g\u00e9ig. Korai vet\u00e9sn\u00e9l \u00fcgyeljen, hogy a talaj h\u0151m\u00e9rs\u00e9klete megfelel\u0151 legyen. Ez\u00e9rt vet\u00e9s\u00e9t csak 10-12 \u00b0C talajh\u0151m\u00e9rs\u00e9kletn\u00e9l tan\u00e1csos kezdeni, mivel a hideg talaj a cs\u00edra pusztul\u00e1s\u00e1t okozhatja. Sort\u00e1vols\u00e1g: 70-80 cm, t\u0151t\u00e1vols\u00e1g: 25-30 cm, vet\u00e9sm\u00e9lys\u00e9g: 3-5 cm, laz\u00e1bb talajokon t\u00f6bb. Optim\u00e1lis cs\u00edr\u00e1z\u00e1si h\u0151m\u00e9rs\u00e9klet 10-12 \u00b0C felett, cs\u00edr\u00e1z\u00e1si id\u0151: 12-20 nap.<\/p>\n<p><strong>Gondoz\u00e1s:<\/strong>\u00a0F\u0151leg vir\u00e1gz\u00e1skor ig\u00e9nyli az \u00f6nt\u00f6z\u00e9st, de a teljes termeszt\u00e9si id\u0151szakban sz\u00fcks\u00e9ges lehet, az id\u0151j\u00e1r\u00e1si viszonyok figyelembev\u00e9tel\u00e9vel. A szervestr\u00e1gy\u00e1z\u00e1st \u00e9s a fejtr\u00e1gy\u00e1z\u00e1st jobb min\u0151s\u00e9g\u0171 term\u00e9ssel \u00e9s jelent\u0151s term\u00e9s-t\u00f6bblettel h\u00e1l\u00e1lja meg.<\/p>\n<p><strong>Szed\u00e9s:<\/strong> A szed\u00e9s\u00e9t akkor kezdj\u00fck, amikor a szemek m\u00e1r a cs\u0151 fels\u0151 harmad\u00e1ban is kitelnek \u00e9s vil\u00e1goss\u00e1rga sz\u00edn\u0171ek.<\/p>\n<p style=\"line-height: 18.0pt; background: white; margin: 0cm 0cm 15.0pt 0cm;\"><span style=\"font-family: 'Ubuntu',serif; color: black;\">El\u00e9rhet\u0151 t\u00f6bbf\u00e9le m\u00e9retben \u00e9s \u00e1rban.<\/span><\/p>\n<p style=\"line-height: 18.0pt; background: white; margin: 0cm 0cm 15.0pt 0cm;\"><b><span style=\"font-family: 'Ubuntu',serif; color: black;\">K\u00e9szlet\u00fcnk napi szinten v\u00e1ltozik, ez\u00e9rt k\u00e9rj\u00fck, \u00e9rdekl\u0151dj\u00f6n szem\u00e9lyesen, telefonon vagy email-en.<br \/>\nA v\u00e1ltoztat\u00e1s jog\u00e1t fenntartjuk!\u00a0<\/span><\/b><\/p>\n<p><a href=\"https:\/\/tajkertesz.com\/\">https:\/\/tajkertesz.com\/<\/a><\/p>\n<p><a href=\"https:\/\/hu.wikipedia.org\/wiki\/Kukorica_(n%C3%B6v%C3%A9nyfaj)\">https:\/\/hu.wikipedia.org\/wiki\/Kukorica_(n%C3%B6v%C3%A9nyfaj)<\/a><\/p>\n<p>A Csemegekukorica Aranymazsola tradicion\u00e1lis fajta els\u0151sorban friss fogyaszt\u00e1sra javasoljuk. 20g-os kiszerel\u00e9sben.<\/p>\n<p>&nbsp;<\/p>\n<p><strong>Fajtale\u00edr\u00e1s:<\/strong> N\u00e9pszer\u0171 h\u00e1zikerti fajta. K\u00f6z\u00e9pkorai \u00e9r\u00e9s\u0171, k\u00f6zepes cs\u00f6v\u0171, hossza 16-18 cm, szemsorok sz\u00e1ma 8. A mag k\u00f6zepes m\u00e9ret\u0171, vil\u00e1goss\u00e1rga sz\u00edn\u0171, kellemes \u00edz\u0171. A cs\u00f6vek mennyis\u00e9ge \u00e9s min\u0151s\u00e9ge megfelel\u0151 \u00f6nt\u00f6z\u00e9s mellett j\u00f3 min\u0151s\u00e9g\u0171. Els\u0151sorban friss fogyaszt\u00e1sra javasoljuk!<\/p>\n<p><strong>Vet\u00e9s:<\/strong>\u00a0\u00e1prilis k\u00f6zep\u00e9t\u0151l j\u00fanius v\u00e9g\u00e9ig. Korai vet\u00e9sn\u00e9l \u00fcgyeljen, hogy a talaj h\u0151m\u00e9rs\u00e9klete megfelel\u0151 legyen. Ez\u00e9rt vet\u00e9s\u00e9t csak 10-12 \u00b0C talajh\u0151m\u00e9rs\u00e9kletn\u00e9l tan\u00e1csos kezdeni, mivel a hideg talaj a cs\u00edra pusztul\u00e1s\u00e1t okozhatja. Sort\u00e1vols\u00e1g: 70-80 cm, t\u0151t\u00e1vols\u00e1g: 25-30 cm, vet\u00e9sm\u00e9lys\u00e9g: 3-5 cm, laz\u00e1bb talajokon t\u00f6bb. Optim\u00e1lis cs\u00edr\u00e1z\u00e1si h\u0151m\u00e9rs\u00e9klet 10-12 \u00b0C felett, cs\u00edr\u00e1z\u00e1si id\u0151: 12-20 nap.<\/p>\n<p>&nbsp;<\/p>","protected":false},"excerpt":{"rendered":"<p>A Csemegekukorica Aranymazsola tradicion\u00e1lis fajta els\u0151sorban friss fogyaszt\u00e1sra javasoljuk. 20g-os kiszerel\u00e9sben.<\/p>\n<p>&nbsp;<\/p>\n<p><strong>Fajtale\u00edr\u00e1s:<\/strong> N\u00e9pszer\u0171 h\u00e1zikerti fajta. K\u00f6z\u00e9pkorai \u00e9r\u00e9s\u0171, k\u00f6zepes cs\u00f6v\u0171, hossza 16-18 cm, szemsorok sz\u00e1ma 8. A mag k\u00f6zepes m\u00e9ret\u0171, vil\u00e1goss\u00e1rga sz\u00edn\u0171, kellemes \u00edz\u0171. A cs\u00f6vek mennyis\u00e9ge \u00e9s min\u0151s\u00e9ge megfelel\u0151 \u00f6nt\u00f6z\u00e9s mellett j\u00f3 min\u0151s\u00e9g\u0171. Els\u0151sorban friss fogyaszt\u00e1sra javasoljuk!<\/p>\n<p><strong>Vet\u00e9s:<\/strong>\u00a0\u00e1prilis k\u00f6zep\u00e9t\u0151l j\u00fanius v\u00e9g\u00e9ig. Korai vet\u00e9sn\u00e9l \u00fcgyeljen, hogy a talaj h\u0151m\u00e9rs\u00e9klete megfelel\u0151 legyen. Ez\u00e9rt vet\u00e9s\u00e9t csak 10-12 \u00b0C talajh\u0151m\u00e9rs\u00e9kletn\u00e9l tan\u00e1csos kezdeni, mivel a hideg talaj a cs\u00edra pusztul\u00e1s\u00e1t okozhatja. Sort\u00e1vols\u00e1g: 70-80 cm, t\u0151t\u00e1vols\u00e1g: 25-30 cm, vet\u00e9sm\u00e9lys\u00e9g: 3-5 cm, laz\u00e1bb talajokon t\u00f6bb. Optim\u00e1lis cs\u00edr\u00e1z\u00e1si h\u0151m\u00e9rs\u00e9klet 10-12 \u00b0C felett, cs\u00edr\u00e1z\u00e1si id\u0151: 12-20 nap.<\/p>\n<p><strong>Gondoz\u00e1s:<\/strong>\u00a0F\u0151leg vir\u00e1gz\u00e1skor ig\u00e9nyli az \u00f6nt\u00f6z\u00e9st, de a teljes termeszt\u00e9si id\u0151szakban sz\u00fcks\u00e9ges lehet, az id\u0151j\u00e1r\u00e1si viszonyok figyelembev\u00e9tel\u00e9vel. A szervestr\u00e1gy\u00e1z\u00e1st \u00e9s a fejtr\u00e1gy\u00e1z\u00e1st jobb min\u0151s\u00e9g\u0171 term\u00e9ssel \u00e9s jelent\u0151s term\u00e9s-t\u00f6bblettel h\u00e1l\u00e1lja meg.<\/p>\n<p><strong>Szed\u00e9s:<\/strong> A szed\u00e9s\u00e9t akkor kezdj\u00fck, amikor a szemek m\u00e1r a cs\u0151 fels\u0151 harmad\u00e1ban is kitelnek \u00e9s vil\u00e1goss\u00e1rga sz\u00edn\u0171ek.<\/p>","protected":false},"featured_media":14763,"template":"","meta":{"_et_pb_use_builder":"","_et_pb_old_content":"","_et_gb_content_width":""},"product_brand":[],"product_cat":[2881],"product_tag":[1268,851,1267],"class_list":{"0":"post-3087","1":"product","2":"type-product","3":"status-publish","4":"has-post-thumbnail","6":"product_cat-zoldsegnoveny-vetomagok","7":"product_tag-aranymazsola","8":"product_tag-csemege","9":"product_tag-csemegekukorica","11":"first","12":"outofstock","13":"shipping-taxable","14":"product-type-simple"},"yoast_head":"<!-- This site is optimized with the Yoast SEO plugin v27.4 - https:\/\/yoast.com\/product\/yoast-seo-wordpress\/ -->\n<title>Kukorica Csemegekukorica Aranymazsola tradicion\u00e1lis fajta 20g. - T\u00e1jkert\u00e9sz<\/title>\n<meta name=\"description\" content=\"A Csemegekukorica Aranymazsola tradicion\u00e1lis fajta els\u0151sorban friss fogyaszt\u00e1sra javasoljuk.\u00a020g-os kiszerel\u00e9sben.\" \/>\n<meta name=\"robots\" content=\"index, follow, max-snippet:-1, max-image-preview:large, max-video-preview:-1\" \/>\n<link rel=\"canonical\" href=\"https:\/\/tajkertesz.com\/en_US\/product\/csemegekukorica-aranymazsola-tradicionalis-fajta\/\" \/>\n<meta property=\"og:locale\" content=\"en_US\" \/>\n<meta property=\"og:type\" content=\"article\" \/>\n<meta property=\"og:title\" content=\"Kukorica Csemegekukorica Aranymazsola tradicion\u00e1lis fajta 20g. - T\u00e1jkert\u00e9sz\" \/>\n<meta property=\"og:description\" content=\"A Csemegekukorica Aranymazsola tradicion\u00e1lis fajta els\u0151sorban friss fogyaszt\u00e1sra javasoljuk.\u00a020g-os kiszerel\u00e9sben.\" \/>\n<meta property=\"og:url\" content=\"https:\/\/tajkertesz.com\/en_US\/product\/csemegekukorica-aranymazsola-tradicionalis-fajta\/\" \/>\n<meta property=\"og:site_name\" content=\"T\u00e1jkert\u00e9sz\" \/>\n<meta property=\"article:publisher\" content=\"https:\/\/www.facebook.com\/Tajkertesz\/\" \/>\n<meta property=\"article:modified_time\" content=\"2023-03-31T09:31:35+00:00\" \/>\n<meta property=\"og:image\" content=\"https:\/\/tajkertesz.com\/wp-content\/uploads\/2021\/10\/20230116_153114-1-scaled.jpg\" \/>\n\t<meta property=\"og:image:width\" content=\"1612\" \/>\n\t<meta property=\"og:image:height\" content=\"2560\" \/>\n\t<meta property=\"og:image:type\" content=\"image\/jpeg\" \/>\n<meta name=\"twitter:card\" content=\"summary_large_image\" \/>\n<meta name=\"twitter:label1\" content=\"Est. reading time\" \/>\n\t<meta name=\"twitter:data1\" content=\"2 minutes\" \/>\n<script type=\"application\/ld+json\" class=\"yoast-schema-graph\">{\"@context\":\"https:\\\/\\\/schema.org\",\"@graph\":[{\"@type\":\"WebPage\",\"@id\":\"https:\\\/\\\/tajkertesz.com\\\/termek\\\/csemegekukorica-aranymazsola-tradicionalis-fajta\\\/\",\"url\":\"https:\\\/\\\/tajkertesz.com\\\/termek\\\/csemegekukorica-aranymazsola-tradicionalis-fajta\\\/\",\"name\":\"Kukorica Csemegekukorica Aranymazsola tradicion\u00e1lis fajta 20g. - T\u00e1jkert\u00e9sz\",\"isPartOf\":{\"@id\":\"https:\\\/\\\/tajkertesz.com\\\/#website\"},\"primaryImageOfPage\":{\"@id\":\"https:\\\/\\\/tajkertesz.com\\\/termek\\\/csemegekukorica-aranymazsola-tradicionalis-fajta\\\/#primaryimage\"},\"image\":{\"@id\":\"https:\\\/\\\/tajkertesz.com\\\/termek\\\/csemegekukorica-aranymazsola-tradicionalis-fajta\\\/#primaryimage\"},\"thumbnailUrl\":\"https:\\\/\\\/tajkertesz.com\\\/wp-content\\\/uploads\\\/2021\\\/10\\\/20230116_153114-1-scaled.jpg\",\"datePublished\":\"2021-02-11T07:50:27+00:00\",\"dateModified\":\"2023-03-31T09:31:35+00:00\",\"description\":\"A Csemegekukorica Aranymazsola tradicion\u00e1lis fajta els\u0151sorban friss fogyaszt\u00e1sra javasoljuk.\u00a020g-os kiszerel\u00e9sben.\",\"breadcrumb\":{\"@id\":\"https:\\\/\\\/tajkertesz.com\\\/termek\\\/csemegekukorica-aranymazsola-tradicionalis-fajta\\\/#breadcrumb\"},\"inLanguage\":\"en-US\",\"potentialAction\":[{\"@type\":\"ReadAction\",\"target\":[\"https:\\\/\\\/tajkertesz.com\\\/termek\\\/csemegekukorica-aranymazsola-tradicionalis-fajta\\\/\"]}]},{\"@type\":\"ImageObject\",\"inLanguage\":\"en-US\",\"@id\":\"https:\\\/\\\/tajkertesz.com\\\/termek\\\/csemegekukorica-aranymazsola-tradicionalis-fajta\\\/#primaryimage\",\"url\":\"https:\\\/\\\/tajkertesz.com\\\/wp-content\\\/uploads\\\/2021\\\/10\\\/20230116_153114-1-scaled.jpg\",\"contentUrl\":\"https:\\\/\\\/tajkertesz.com\\\/wp-content\\\/uploads\\\/2021\\\/10\\\/20230116_153114-1-scaled.jpg\",\"width\":1612,\"height\":2560},{\"@type\":\"BreadcrumbList\",\"@id\":\"https:\\\/\\\/tajkertesz.com\\\/termek\\\/csemegekukorica-aranymazsola-tradicionalis-fajta\\\/#breadcrumb\",\"itemListElement\":[{\"@type\":\"ListItem\",\"position\":1,\"name\":\"Home\",\"item\":\"https:\\\/\\\/tajkertesz.com\\\/\"},{\"@type\":\"ListItem\",\"position\":2,\"name\":\"Kezd\u0151lap\",\"item\":\"https:\\\/\\\/tajkertesz.com\\\/\"},{\"@type\":\"ListItem\",\"position\":3,\"name\":\"Kukorica Csemegekukorica Aranymazsola tradicion\u00e1lis fajta 20g.\"}]},{\"@type\":\"WebSite\",\"@id\":\"https:\\\/\\\/tajkertesz.com\\\/#website\",\"url\":\"https:\\\/\\\/tajkertesz.com\\\/\",\"name\":\"T\u00e1j-Kert\u00e9sz 84 Kft.\",\"description\":\"Kert\u00e9szeti kis- \u00e9s nagykeresked\u00e9s, D\u00edszn\u00f6v\u00e9ny web\u00e1ruh\u00e1z orsz\u00e1gos h\u00e1zhozsz\u00e1ll\u00edt\u00e1ssal!\",\"publisher\":{\"@id\":\"https:\\\/\\\/tajkertesz.com\\\/#organization\"},\"potentialAction\":[{\"@type\":\"SearchAction\",\"target\":{\"@type\":\"EntryPoint\",\"urlTemplate\":\"https:\\\/\\\/tajkertesz.com\\\/?s={search_term_string}\"},\"query-input\":{\"@type\":\"PropertyValueSpecification\",\"valueRequired\":true,\"valueName\":\"search_term_string\"}}],\"inLanguage\":\"en-US\"},{\"@type\":\"Organization\",\"@id\":\"https:\\\/\\\/tajkertesz.com\\\/#organization\",\"name\":\"T\u00e1j-Kert\u00e9sz 84 Kft.\",\"url\":\"https:\\\/\\\/tajkertesz.com\\\/\",\"logo\":{\"@type\":\"ImageObject\",\"inLanguage\":\"en-US\",\"@id\":\"https:\\\/\\\/tajkertesz.com\\\/#\\\/schema\\\/logo\\\/image\\\/\",\"url\":\"https:\\\/\\\/tajkertesz.com\\\/wp-content\\\/uploads\\\/2018\\\/02\\\/logo-2-e1518678052539.png\",\"contentUrl\":\"https:\\\/\\\/tajkertesz.com\\\/wp-content\\\/uploads\\\/2018\\\/02\\\/logo-2-e1518678052539.png\",\"width\":81,\"height\":140,\"caption\":\"T\u00e1j-Kert\u00e9sz 84 Kft.\"},\"image\":{\"@id\":\"https:\\\/\\\/tajkertesz.com\\\/#\\\/schema\\\/logo\\\/image\\\/\"},\"sameAs\":[\"https:\\\/\\\/www.facebook.com\\\/Tajkertesz\\\/\"]}]}<\/script>\n<!-- \/ Yoast SEO plugin. -->","yoast_head_json":{"title":"Kukorica Csemegekukorica Aranymazsola tradicion\u00e1lis fajta 20g. - T\u00e1jkert\u00e9sz","description":"A Csemegekukorica Aranymazsola tradicion\u00e1lis fajta els\u0151sorban friss fogyaszt\u00e1sra javasoljuk.\u00a020g-os kiszerel\u00e9sben.","robots":{"index":"index","follow":"follow","max-snippet":"max-snippet:-1","max-image-preview":"max-image-preview:large","max-video-preview":"max-video-preview:-1"},"canonical":"https:\/\/tajkertesz.com\/en_US\/product\/csemegekukorica-aranymazsola-tradicionalis-fajta\/","og_locale":"en_US","og_type":"article","og_title":"Kukorica Csemegekukorica Aranymazsola tradicion\u00e1lis fajta 20g. - T\u00e1jkert\u00e9sz","og_description":"A Csemegekukorica Aranymazsola tradicion\u00e1lis fajta els\u0151sorban friss fogyaszt\u00e1sra javasoljuk.\u00a020g-os kiszerel\u00e9sben.","og_url":"https:\/\/tajkertesz.com\/en_US\/product\/csemegekukorica-aranymazsola-tradicionalis-fajta\/","og_site_name":"T\u00e1jkert\u00e9sz","article_publisher":"https:\/\/www.facebook.com\/Tajkertesz\/","article_modified_time":"2023-03-31T09:31:35+00:00","og_image":[{"width":1612,"height":2560,"url":"https:\/\/tajkertesz.com\/wp-content\/uploads\/2021\/10\/20230116_153114-1-scaled.jpg","type":"image\/jpeg"}],"twitter_card":"summary_large_image","twitter_misc":{"Est. reading time":"2 minutes"},"schema":{"@context":"https:\/\/schema.org","@graph":[{"@type":"WebPage","@id":"https:\/\/tajkertesz.com\/termek\/csemegekukorica-aranymazsola-tradicionalis-fajta\/","url":"https:\/\/tajkertesz.com\/termek\/csemegekukorica-aranymazsola-tradicionalis-fajta\/","name":"Kukorica Csemegekukorica Aranymazsola tradicion\u00e1lis fajta 20g. - T\u00e1jkert\u00e9sz","isPartOf":{"@id":"https:\/\/tajkertesz.com\/#website"},"primaryImageOfPage":{"@id":"https:\/\/tajkertesz.com\/termek\/csemegekukorica-aranymazsola-tradicionalis-fajta\/#primaryimage"},"image":{"@id":"https:\/\/tajkertesz.com\/termek\/csemegekukorica-aranymazsola-tradicionalis-fajta\/#primaryimage"},"thumbnailUrl":"https:\/\/tajkertesz.com\/wp-content\/uploads\/2021\/10\/20230116_153114-1-scaled.jpg","datePublished":"2021-02-11T07:50:27+00:00","dateModified":"2023-03-31T09:31:35+00:00","description":"A Csemegekukorica Aranymazsola tradicion\u00e1lis fajta els\u0151sorban friss fogyaszt\u00e1sra javasoljuk.\u00a020g-os kiszerel\u00e9sben.","breadcrumb":{"@id":"https:\/\/tajkertesz.com\/termek\/csemegekukorica-aranymazsola-tradicionalis-fajta\/#breadcrumb"},"inLanguage":"en-US","potentialAction":[{"@type":"ReadAction","target":["https:\/\/tajkertesz.com\/termek\/csemegekukorica-aranymazsola-tradicionalis-fajta\/"]}]},{"@type":"ImageObject","inLanguage":"en-US","@id":"https:\/\/tajkertesz.com\/termek\/csemegekukorica-aranymazsola-tradicionalis-fajta\/#primaryimage","url":"https:\/\/tajkertesz.com\/wp-content\/uploads\/2021\/10\/20230116_153114-1-scaled.jpg","contentUrl":"https:\/\/tajkertesz.com\/wp-content\/uploads\/2021\/10\/20230116_153114-1-scaled.jpg","width":1612,"height":2560},{"@type":"BreadcrumbList","@id":"https:\/\/tajkertesz.com\/termek\/csemegekukorica-aranymazsola-tradicionalis-fajta\/#breadcrumb","itemListElement":[{"@type":"ListItem","position":1,"name":"Home","item":"https:\/\/tajkertesz.com\/"},{"@type":"ListItem","position":2,"name":"Kezd\u0151lap","item":"https:\/\/tajkertesz.com\/"},{"@type":"ListItem","position":3,"name":"Kukorica Csemegekukorica Aranymazsola tradicion\u00e1lis fajta 20g."}]},{"@type":"WebSite","@id":"https:\/\/tajkertesz.com\/#website","url":"https:\/\/tajkertesz.com\/","name":"T\u00e1j-Kert\u00e9sz 84 Kft.","description":"Kert\u00e9szeti kis- \u00e9s nagykeresked\u00e9s, D\u00edszn\u00f6v\u00e9ny web\u00e1ruh\u00e1z orsz\u00e1gos h\u00e1zhozsz\u00e1ll\u00edt\u00e1ssal!","publisher":{"@id":"https:\/\/tajkertesz.com\/#organization"},"potentialAction":[{"@type":"SearchAction","target":{"@type":"EntryPoint","urlTemplate":"https:\/\/tajkertesz.com\/?s={search_term_string}"},"query-input":{"@type":"PropertyValueSpecification","valueRequired":true,"valueName":"search_term_string"}}],"inLanguage":"en-US"},{"@type":"Organization","@id":"https:\/\/tajkertesz.com\/#organization","name":"T\u00e1j-Kert\u00e9sz 84 Kft.","url":"https:\/\/tajkertesz.com\/","logo":{"@type":"ImageObject","inLanguage":"en-US","@id":"https:\/\/tajkertesz.com\/#\/schema\/logo\/image\/","url":"https:\/\/tajkertesz.com\/wp-content\/uploads\/2018\/02\/logo-2-e1518678052539.png","contentUrl":"https:\/\/tajkertesz.com\/wp-content\/uploads\/2018\/02\/logo-2-e1518678052539.png","width":81,"height":140,"caption":"T\u00e1j-Kert\u00e9sz 84 Kft."},"image":{"@id":"https:\/\/tajkertesz.com\/#\/schema\/logo\/image\/"},"sameAs":["https:\/\/www.facebook.com\/Tajkertesz\/"]}]}},"_links":{"self":[{"href":"https:\/\/tajkertesz.com\/en_US\/wp-json\/wp\/v2\/product\/3087","targetHints":{"allow":["GET"]}}],"collection":[{"href":"https:\/\/tajkertesz.com\/en_US\/wp-json\/wp\/v2\/product"}],"about":[{"href":"https:\/\/tajkertesz.com\/en_US\/wp-json\/wp\/v2\/types\/product"}],"wp:featuredmedia":[{"embeddable":true,"href":"https:\/\/tajkertesz.com\/en_US\/wp-json\/wp\/v2\/media\/14763"}],"wp:attachment":[{"href":"https:\/\/tajkertesz.com\/en_US\/wp-json\/wp\/v2\/media?parent=3087"}],"wp:term":[{"taxonomy":"product_brand","embeddable":true,"href":"https:\/\/tajkertesz.com\/en_US\/wp-json\/wp\/v2\/product_brand?post=3087"},{"taxonomy":"product_cat","embeddable":true,"href":"https:\/\/tajkertesz.com\/en_US\/wp-json\/wp\/v2\/product_cat?post=3087"},{"taxonomy":"product_tag","embeddable":true,"href":"https:\/\/tajkertesz.com\/en_US\/wp-json\/wp\/v2\/product_tag?post=3087"}],"curies":[{"name":"wp","href":"https:\/\/api.w.org\/{rel}","templated":true}]}}