{"id":3093,"date":"2021-02-11T10:27:48","date_gmt":"2021-02-11T10:27:48","guid":{"rendered":"https:\/\/tajkertesz.com\/?post_type=product&#038;p=3093"},"modified":"2026-02-18T14:52:46","modified_gmt":"2026-02-18T14:52:46","slug":"petrezselyem-hosszu-5g-os-kiszerelesben","status":"publish","type":"product","link":"https:\/\/tajkertesz.com\/en_US\/product\/petrezselyem-hosszu-5g-os-kiszerelesben\/","title":{"rendered":"Petrezselyem hossz\u00fa 5g-os kiszerel\u00e9sben"},"content":{"rendered":"<h1>Petrezselyem hossz\u00fa 5g-os kiszerel\u00e9sben<\/h1>\n<p>Petrezselyem hossz\u00fa 5g-os kiszerel\u00e9sben<\/p>\n<div>Hossz\u00fa teny\u00e9sz idej\u0171 (200-220 nap) nagyhozam\u00fa, j\u00f3l t\u00e1rolhat\u00f3 fajta.<\/div>\n<div>Gy\u00f6kere 20-24 cm hossz\u00fa, hegyes gy\u00f6kere lefel\u00e9 egyenletesen keskenyedik.<\/div>\n<div>Sek\u00e9lyen m\u0171velt talajban el\u00e1gazik, csak m\u00e9lyen megmunk\u00e1lt talajon ad j\u00f3 min\u0151s\u00e9g\u0171 term\u00e9st. Lev\u00e9lzete k\u00f6z\u00e9per\u0151s, s\u00f6t\u00e9tz\u00f6ld.<\/div>\n<div>Nagyon lassan kel, haszn\u00e1ljunk vet\u00e9skor sorjelz\u0151k\u00e9nt sal\u00e1ta, vagy retek magot. A vet\u00e9st tartsuk nedvesen!<\/div>\n<div>Vet\u00e9s: febru\u00e1r-m\u00e1rciusban szabadf\u00f6ldbe. Cs\u00edr\u00e1z\u00e1sa 5-10 0C fokon 18-20 napig tart. Kel\u00e9s ut\u00e1n ritk\u00edtjuk.<\/div>\n<div>Vet\u0151magsz\u00fcks\u00e9glet: 5 g\/10 m2. T\u00e9r\u00e1ll\u00e1s: 25-30 x 4-5 cm.<\/div>\n<div>Szed\u00e9s: friss fogyaszt\u00e1sra j\u00faniust\u00f3l, t\u00e1rol\u00e1sra szeptember-okt\u00f3berben.<\/div>\n<div>\n<p style=\"line-height: 18.0pt; background: white; margin: 0cm 0cm 15.0pt 0cm;\"><span style=\"font-family: 'Ubuntu',serif; color: black;\">El\u00e9rhet\u0151 t\u00f6bbf\u00e9le m\u00e9retben \u00e9s \u00e1rban.<\/span><\/p>\n<p style=\"line-height: 18.0pt; background: white; margin: 0cm 0cm 15.0pt 0cm;\"><b><span style=\"font-family: 'Ubuntu',serif; color: black;\">K\u00e9szlet\u00fcnk napi szinten v\u00e1ltozik, ez\u00e9rt k\u00e9rj\u00fck, \u00e9rdekl\u0151dj\u00f6n szem\u00e9lyesen, telefonon vagy email-en.<br \/>\nA v\u00e1ltoztat\u00e1s jog\u00e1t fenntartjuk!\u00a0<\/span><\/b><\/p>\n<\/div>\n<div><a href=\"https:\/\/tajkertesz.com\/\">https:\/\/tajkertesz.com\/<\/a><\/div>\n<div><a href=\"https:\/\/hu.wikipedia.org\/wiki\/Petrezselyem\">https:\/\/hu.wikipedia.org\/wiki\/Petrezselyem<\/a><\/div>\n<div>\n<p><span style=\"color: #333333;\">A\u00a0<b>petrezselyem<\/b>\u00a0<i>(Petroselinum)<\/i>\u00a0az\u00a0<a style=\"color: #333333;\" title=\"Erny\u0151svir\u00e1gzat\u00faak\" href=\"https:\/\/hu.wikipedia.org\/wiki\/Erny%C5%91svir%C3%A1gzat%C3%BAak\">erny\u0151svir\u00e1gzat\u00faak<\/a>\u00a0<i>(Apiales)<\/i>\u00a0<a style=\"color: #333333;\" title=\"Rend (rendszertan)\" href=\"https:\/\/hu.wikipedia.org\/wiki\/Rend_(rendszertan)\">rendj\u00e9be<\/a>, ezen bel\u00fcl a\u00a0<a style=\"color: #333333;\" title=\"Zellerf\u00e9l\u00e9k\" href=\"https:\/\/hu.wikipedia.org\/wiki\/Zellerf%C3%A9l%C3%A9k\">zellerf\u00e9l\u00e9k<\/a>\u00a0<i>(Apiaceae)<\/i>\u00a0<a style=\"color: #333333;\" title=\"Csal\u00e1d (rendszertan)\" href=\"https:\/\/hu.wikipedia.org\/wiki\/Csal%C3%A1d_(rendszertan)\">csal\u00e1dj\u00e1ba<\/a>\u00a0tartoz\u00f3\u00a0<a style=\"color: #333333;\" title=\"Nemzets\u00e9g (rendszertan)\" href=\"https:\/\/hu.wikipedia.org\/wiki\/Nemzets%C3%A9g_(rendszertan)\">nemzets\u00e9g<\/a>, amely kb. 60\u00a0cm magasra n\u00f6v\u0151 bokros\u00a0<a style=\"color: #333333;\" title=\"Gy\u00f3gyn\u00f6v\u00e9ny\" href=\"https:\/\/hu.wikipedia.org\/wiki\/Gy%C3%B3gyn%C3%B6v%C3%A9ny\">gy\u00f3gy-<\/a>\u00a0\u00e9s\u00a0<a style=\"color: #333333;\" title=\"F\u0171szer\" href=\"https:\/\/hu.wikipedia.org\/wiki\/F%C5%B1szer\">f\u0171szern\u00f6v\u00e9nyeket<\/a>\u00a0tartalmaz. Gyakran\u00a0<i>feh\u00e9rr\u00e9p\u00e1nak<\/i>\u00a0is nevezik.<\/span><\/p>\n<p><span style=\"color: #333333;\">K\u00e9t alapt\u00edpusa van: a gy\u00f6k\u00e9r petrezselyem \u00e9s a\u00a0<a style=\"color: #333333;\" title=\"Lev\u00e9lpetrezselyem\" href=\"https:\/\/hu.wikipedia.org\/wiki\/Lev%C3%A9lpetrezselyem\">lev\u00e9lpetrezselyem<\/a>, ez ut\u00f3bbinak is k\u00e9t v\u00e1ltozata van: a fodros petrezselyem, ennek v\u00e1ltozata a molyhos petrezselyem. H\u00e1rom fajt\u00e1j\u00e1t egyesek k\u00fcl\u00f6n fajoknak, m\u00edg m\u00e1sok egyazon faj, a\u00a0<i>Petroselinum crispum<\/i>\u00a0h\u00e1rom v\u00e1ltozat\u00e1nak tekintik. Eredetileg\u00a0<a style=\"color: #333333;\" title=\"D\u00e9l-Eur\u00f3pa\" href=\"https:\/\/hu.wikipedia.org\/wiki\/D%C3%A9l-Eur%C3%B3pa\">D\u00e9l-Eur\u00f3p\u00e1ban<\/a>, a\u00a0<a style=\"color: #333333;\" title=\"F\u00f6ldk\u00f6zi-tenger\" href=\"https:\/\/hu.wikipedia.org\/wiki\/F%C3%B6ldk%C3%B6zi-tenger\">F\u00f6ldk\u00f6zi-tenger<\/a>\u00a0vid\u00e9k\u00e9n honos, azonban m\u00e1ra az eg\u00e9sz vil\u00e1gon elterjedt.<\/span><\/p>\n<p><span style=\"color: #333333;\">N\u00e9h\u00e1ny m\u00e1s n\u00f6v\u00e9ny n\u00e9pies nev\u00e9ben is benne van a petrezselyem sz\u00f3, \u00edgy a\u00a0<a style=\"color: #333333;\" title=\"Koriander\" href=\"https:\/\/hu.wikipedia.org\/wiki\/Koriander\">koriandert<\/a>\u00a0<i>k\u00ednai petrezselyem<\/i>nek vagy\u00a0<i>cig\u00e1ny petrezselyem<\/i>nek, a\u00a0<a style=\"color: #333333;\" title=\"Zamatos turbolya\" href=\"https:\/\/hu.wikipedia.org\/wiki\/Zamatos_turbolya\">turboly\u00e1t<\/a>\u00a0pedig\u00a0<i>\u00e9des petrezselyem<\/i>nek is nevezik.<\/span><\/p>\n<h2><span id=\"Hat\u00f3anyagai\" class=\"mw-headline\" style=\"color: #333333;\">Hat\u00f3anyagai<\/span><\/h2>\n<p><span style=\"color: #333333;\"><a class=\"mw-redirect\" style=\"color: #333333;\" title=\"Ill\u00f3olaj\" href=\"https:\/\/hu.wikipedia.org\/wiki\/Ill%C3%B3olaj\">Ill\u00f3olajat<\/a>,\u00a0<a class=\"mw-redirect\" style=\"color: #333333;\" title=\"Karotin\" href=\"https:\/\/hu.wikipedia.org\/wiki\/Karotin\">karotint<\/a>,\u00a0<a style=\"color: #333333;\" title=\"Vitamin\" href=\"https:\/\/hu.wikipedia.org\/wiki\/Vitamin#C-vitamin\">C-<\/a>\u00a0\u00e9s\u00a0<a style=\"color: #333333;\" title=\"Vitamin\" href=\"https:\/\/hu.wikipedia.org\/wiki\/Vitamin#E-vitamin\">E-vitamint<\/a>, \u00e1sv\u00e1nyi s\u00f3kat tartalmaz. Fogyaszt\u00e1sa a szervezet sz\u00e1m\u00e1ra k\u00fcl\u00f6n\u00f6sen a t\u00e9li h\u00f3napokban el\u0151ny\u00f6s.<\/span><\/p>\n<p><span style=\"color: #333333;\">Gy\u00f3gyhat\u00e1sa: A petrezselyem z\u00f6ldje \u00e9s gy\u00f6kere egyar\u00e1nt gyomorer\u0151s\u00edt\u0151, vesetiszt\u00edt\u00f3, \u00e9tv\u00e1gygerjeszt\u0151 hat\u00e1s\u00fa.\u00a0<a class=\"mw-redirect\" style=\"color: #333333;\" title=\"Flavonoid\" href=\"https:\/\/hu.wikipedia.org\/wiki\/Flavonoid\">Flavonoidokat<\/a>\u00a0is tartalmaz\u00f3 ill\u00f3olaja gyullad\u00e1scs\u00f6kkent\u0151 hat\u00e1s\u00fa.<\/span><\/p>\n<h2><span style=\"color: #333333;\"><span id=\"Termeszt.C3.A9se\"><\/span><span id=\"Termeszt\u00e9se\" class=\"mw-headline\">Termeszt\u00e9se<\/span><\/span><\/h2>\n<p><span style=\"color: #333333;\">A petrezselymet kereskedelmi \u00e9rt\u00e9kes\u00edt\u00e9sre \u00e9s konyhakertekben termesztik. Nincs nagy napf\u00e9nyig\u00e9nye, gy\u00fcm\u00f6lcsf\u00e1k alatt,\u00a0<a style=\"color: #333333;\" title=\"Sz\u0151l\u0151\" href=\"https:\/\/hu.wikipedia.org\/wiki\/Sz%C5%91l%C5%91\">sz\u0151l\u0151sorok<\/a>\u00a0k\u00f6z\u00f6tt is meg\u00e9l, de \u00e9rz\u00e9keny a talaj kisz\u00e1rad\u00e1s\u00e1ra. A t\u00e1panyagd\u00fas, enyh\u00e9n\u00a0<a class=\"new\" style=\"color: #333333;\" title=\"Alk\u00e1li (a lap nem l\u00e9tezik)\" href=\"https:\/\/hu.wikipedia.org\/w\/index.php?title=Alk%C3%A1li&amp;action=edit&amp;redlink=1\">alk\u00e1lis<\/a>, v\u00edz\u00e1tereszt\u0151 talajt kedveli. Hidegt\u0171r\u0151\u00a0<a style=\"color: #333333;\" title=\"N\u00f6v\u00e9nyek\" href=\"https:\/\/hu.wikipedia.org\/wiki\/N%C3%B6v%C3%A9nyek\">n\u00f6v\u00e9ny<\/a>, magj\u00e1t m\u00e1r kor\u00e1n tavasszal el lehet vetni. Cser\u00e9pben, balkonl\u00e1d\u00e1ban is nevelhetj\u00fck.<\/span><\/p>\n<p><span style=\"color: #333333;\">Tavaszt\u00f3l k\u00e9s\u0151 \u0151szig \u00fcltethet\u0151. \u00d6nt\u00f6zz\u00fck gyakran. T\u00e9len takarjuk le f\u00f3li\u00e1val. Lak\u00e1sban is termeszthet\u0151. A petrezselyem nagyon \u00e9rz\u00e9keny a\u00a0<a class=\"new\" style=\"color: #333333;\" title=\"Rozsdagomba (a lap nem l\u00e9tezik)\" href=\"https:\/\/hu.wikipedia.org\/w\/index.php?title=Rozsdagomba&amp;action=edit&amp;redlink=1\">rozsdagomba<\/a>\u00a0\u00e9s bizonyos v\u00edrusok t\u00e1mad\u00e1s\u00e1val szemben. A magoknak nagyon hossz\u00fa id\u0151re van sz\u00fcks\u00e9g\u00fck a kics\u00edr\u00e1z\u00e1shoz, eltarthat ak\u00e1r 6 h\u00e9tig is. Gyorsabban megy, ha vet\u00e9s el\u0151tt n\u00e9h\u00e1ny \u00f3r\u00e1ra langyos v\u00edzbe \u00e1ztatjuk.<\/span><\/p>\n<p><span style=\"color: #333333;\">A leveleit ig\u00e9ny szerint b\u00e1rmikor gy\u0171jthetj\u00fck. A levelek v\u00e1g\u00e1s\u00e1t j\u00f3l t\u0171ri.<\/span><\/p>\n<\/div>\n<div><\/div>\n<div><\/div>","protected":false},"excerpt":{"rendered":"<p>Petrezselyem hossz\u00fa 5g-os kiszerel\u00e9sben<\/p>\n<div>Hossz\u00fa teny\u00e9sz idej\u0171 (200-220 nap) nagyhozam\u00fa, j\u00f3l t\u00e1rolhat\u00f3 fajta.<\/div>\n<div>Gy\u00f6kere 20-24 cm hossz\u00fa, hegyes gy\u00f6kere lefel\u00e9 egyenletesen keskenyedik.<\/div>\n<div>Sek\u00e9lyen m\u0171velt talajban el\u00e1gazik, csak m\u00e9lyen megmunk\u00e1lt talajon ad j\u00f3 min\u0151s\u00e9g\u0171 term\u00e9st. Lev\u00e9lzete k\u00f6z\u00e9per\u0151s, s\u00f6t\u00e9tz\u00f6ld.<\/div>\n<div>Nagyon lassan kel, haszn\u00e1ljunk vet\u00e9skor sorjelz\u0151k\u00e9nt sal\u00e1ta, vagy retek magot. A vet\u00e9st tartsuk nedvesen!<\/div>\n<div>Vet\u00e9s: febru\u00e1r-m\u00e1rciusban szabadf\u00f6ldbe. Cs\u00edr\u00e1z\u00e1sa 5-10 0C fokon 18-20 napig tart. Kel\u00e9s ut\u00e1n ritk\u00edtjuk.<\/div>\n<div>Vet\u0151magsz\u00fcks\u00e9glet: 5 g\/10 m2. T\u00e9r\u00e1ll\u00e1s: 25-30 x 4-5 cm.<\/div>\n<div>Szed\u00e9s: friss fogyaszt\u00e1sra j\u00faniust\u00f3l, t\u00e1rol\u00e1sra szeptember-okt\u00f3berben.<\/div>","protected":false},"featured_media":3094,"template":"","meta":{"_et_pb_use_builder":"","_et_pb_old_content":"","_et_gb_content_width":""},"product_brand":[],"product_cat":[2881],"product_tag":[1272,1250],"class_list":{"0":"post-3093","1":"product","2":"type-product","3":"status-publish","4":"has-post-thumbnail","6":"product_cat-zoldsegnoveny-vetomagok","7":"product_tag-hosszu","8":"product_tag-petrezselyem","10":"first","11":"instock","12":"shipping-taxable","13":"purchasable","14":"product-type-simple"},"yoast_head":"<!-- This site is optimized with the Yoast SEO plugin v27.5 - https:\/\/yoast.com\/product\/yoast-seo-wordpress\/ -->\n<title>Petrezselyem hossz\u00fa 5g-os kiszerel\u00e9sben - T\u00e1jkert\u00e9sz<\/title>\n<meta name=\"description\" content=\"Petrezselyem hossz\u00fa 5g-os kiszerel\u00e9sben.Hossz\u00fa teny\u00e9sz idej\u0171 (200-220 nap) nagyhozam\u00fa, j\u00f3l t\u00e1rolhat\u00f3 fajta.\" \/>\n<meta name=\"robots\" content=\"index, follow, max-snippet:-1, max-image-preview:large, max-video-preview:-1\" \/>\n<link rel=\"canonical\" href=\"https:\/\/tajkertesz.com\/en_US\/product\/petrezselyem-hosszu-5g-os-kiszerelesben\/\" \/>\n<meta property=\"og:locale\" content=\"en_US\" \/>\n<meta property=\"og:type\" content=\"article\" \/>\n<meta property=\"og:title\" content=\"Petrezselyem hossz\u00fa 5g-os kiszerel\u00e9sben - T\u00e1jkert\u00e9sz\" \/>\n<meta property=\"og:description\" content=\"Petrezselyem hossz\u00fa 5g-os kiszerel\u00e9sben.Hossz\u00fa teny\u00e9sz idej\u0171 (200-220 nap) nagyhozam\u00fa, j\u00f3l t\u00e1rolhat\u00f3 fajta.\" \/>\n<meta property=\"og:url\" content=\"https:\/\/tajkertesz.com\/en_US\/product\/petrezselyem-hosszu-5g-os-kiszerelesben\/\" \/>\n<meta property=\"og:site_name\" content=\"T\u00e1jkert\u00e9sz\" \/>\n<meta property=\"article:publisher\" content=\"https:\/\/www.facebook.com\/Tajkertesz\/\" \/>\n<meta property=\"article:modified_time\" content=\"2026-02-18T14:52:46+00:00\" \/>\n<meta property=\"og:image\" content=\"https:\/\/tajkertesz.com\/wp-content\/uploads\/2021\/02\/petrezselyem-hosszu.png\" \/>\n\t<meta property=\"og:image:width\" content=\"667\" \/>\n\t<meta property=\"og:image:height\" content=\"778\" \/>\n\t<meta property=\"og:image:type\" content=\"image\/png\" \/>\n<meta name=\"twitter:card\" content=\"summary_large_image\" \/>\n<meta name=\"twitter:label1\" content=\"Est. reading time\" \/>\n\t<meta name=\"twitter:data1\" content=\"3 minutes\" \/>\n<script type=\"application\/ld+json\" class=\"yoast-schema-graph\">{\"@context\":\"https:\\\/\\\/schema.org\",\"@graph\":[{\"@type\":\"WebPage\",\"@id\":\"https:\\\/\\\/tajkertesz.com\\\/termek\\\/petrezselyem-hosszu-5g-os-kiszerelesben\\\/\",\"url\":\"https:\\\/\\\/tajkertesz.com\\\/termek\\\/petrezselyem-hosszu-5g-os-kiszerelesben\\\/\",\"name\":\"Petrezselyem hossz\u00fa 5g-os kiszerel\u00e9sben - T\u00e1jkert\u00e9sz\",\"isPartOf\":{\"@id\":\"https:\\\/\\\/tajkertesz.com\\\/#website\"},\"primaryImageOfPage\":{\"@id\":\"https:\\\/\\\/tajkertesz.com\\\/termek\\\/petrezselyem-hosszu-5g-os-kiszerelesben\\\/#primaryimage\"},\"image\":{\"@id\":\"https:\\\/\\\/tajkertesz.com\\\/termek\\\/petrezselyem-hosszu-5g-os-kiszerelesben\\\/#primaryimage\"},\"thumbnailUrl\":\"https:\\\/\\\/tajkertesz.com\\\/wp-content\\\/uploads\\\/2021\\\/02\\\/petrezselyem-hosszu.png\",\"datePublished\":\"2021-02-11T10:27:48+00:00\",\"dateModified\":\"2026-02-18T14:52:46+00:00\",\"description\":\"Petrezselyem hossz\u00fa 5g-os kiszerel\u00e9sben.Hossz\u00fa teny\u00e9sz idej\u0171 (200-220 nap) nagyhozam\u00fa, j\u00f3l t\u00e1rolhat\u00f3 fajta.\",\"breadcrumb\":{\"@id\":\"https:\\\/\\\/tajkertesz.com\\\/termek\\\/petrezselyem-hosszu-5g-os-kiszerelesben\\\/#breadcrumb\"},\"inLanguage\":\"en-US\",\"potentialAction\":[{\"@type\":\"ReadAction\",\"target\":[\"https:\\\/\\\/tajkertesz.com\\\/termek\\\/petrezselyem-hosszu-5g-os-kiszerelesben\\\/\"]}]},{\"@type\":\"ImageObject\",\"inLanguage\":\"en-US\",\"@id\":\"https:\\\/\\\/tajkertesz.com\\\/termek\\\/petrezselyem-hosszu-5g-os-kiszerelesben\\\/#primaryimage\",\"url\":\"https:\\\/\\\/tajkertesz.com\\\/wp-content\\\/uploads\\\/2021\\\/02\\\/petrezselyem-hosszu.png\",\"contentUrl\":\"https:\\\/\\\/tajkertesz.com\\\/wp-content\\\/uploads\\\/2021\\\/02\\\/petrezselyem-hosszu.png\",\"width\":667,\"height\":778},{\"@type\":\"BreadcrumbList\",\"@id\":\"https:\\\/\\\/tajkertesz.com\\\/termek\\\/petrezselyem-hosszu-5g-os-kiszerelesben\\\/#breadcrumb\",\"itemListElement\":[{\"@type\":\"ListItem\",\"position\":1,\"name\":\"Home\",\"item\":\"https:\\\/\\\/tajkertesz.com\\\/\"},{\"@type\":\"ListItem\",\"position\":2,\"name\":\"Kezd\u0151lap\",\"item\":\"https:\\\/\\\/tajkertesz.com\\\/\"},{\"@type\":\"ListItem\",\"position\":3,\"name\":\"Petrezselyem hossz\u00fa 5g-os kiszerel\u00e9sben\"}]},{\"@type\":\"WebSite\",\"@id\":\"https:\\\/\\\/tajkertesz.com\\\/#website\",\"url\":\"https:\\\/\\\/tajkertesz.com\\\/\",\"name\":\"T\u00e1j-Kert\u00e9sz 84 Kft.\",\"description\":\"Kert\u00e9szeti kis- \u00e9s nagykeresked\u00e9s, D\u00edszn\u00f6v\u00e9ny web\u00e1ruh\u00e1z orsz\u00e1gos h\u00e1zhozsz\u00e1ll\u00edt\u00e1ssal!\",\"publisher\":{\"@id\":\"https:\\\/\\\/tajkertesz.com\\\/#organization\"},\"potentialAction\":[{\"@type\":\"SearchAction\",\"target\":{\"@type\":\"EntryPoint\",\"urlTemplate\":\"https:\\\/\\\/tajkertesz.com\\\/?s={search_term_string}\"},\"query-input\":{\"@type\":\"PropertyValueSpecification\",\"valueRequired\":true,\"valueName\":\"search_term_string\"}}],\"inLanguage\":\"en-US\"},{\"@type\":\"Organization\",\"@id\":\"https:\\\/\\\/tajkertesz.com\\\/#organization\",\"name\":\"T\u00e1j-Kert\u00e9sz 84 Kft.\",\"url\":\"https:\\\/\\\/tajkertesz.com\\\/\",\"logo\":{\"@type\":\"ImageObject\",\"inLanguage\":\"en-US\",\"@id\":\"https:\\\/\\\/tajkertesz.com\\\/#\\\/schema\\\/logo\\\/image\\\/\",\"url\":\"https:\\\/\\\/tajkertesz.com\\\/wp-content\\\/uploads\\\/2018\\\/02\\\/logo-2-e1518678052539.png\",\"contentUrl\":\"https:\\\/\\\/tajkertesz.com\\\/wp-content\\\/uploads\\\/2018\\\/02\\\/logo-2-e1518678052539.png\",\"width\":81,\"height\":140,\"caption\":\"T\u00e1j-Kert\u00e9sz 84 Kft.\"},\"image\":{\"@id\":\"https:\\\/\\\/tajkertesz.com\\\/#\\\/schema\\\/logo\\\/image\\\/\"},\"sameAs\":[\"https:\\\/\\\/www.facebook.com\\\/Tajkertesz\\\/\"]}]}<\/script>\n<!-- \/ Yoast SEO plugin. -->","yoast_head_json":{"title":"Petrezselyem hossz\u00fa 5g-os kiszerel\u00e9sben - T\u00e1jkert\u00e9sz","description":"Petrezselyem hossz\u00fa 5g-os kiszerel\u00e9sben.Hossz\u00fa teny\u00e9sz idej\u0171 (200-220 nap) nagyhozam\u00fa, j\u00f3l t\u00e1rolhat\u00f3 fajta.","robots":{"index":"index","follow":"follow","max-snippet":"max-snippet:-1","max-image-preview":"max-image-preview:large","max-video-preview":"max-video-preview:-1"},"canonical":"https:\/\/tajkertesz.com\/en_US\/product\/petrezselyem-hosszu-5g-os-kiszerelesben\/","og_locale":"en_US","og_type":"article","og_title":"Petrezselyem hossz\u00fa 5g-os kiszerel\u00e9sben - T\u00e1jkert\u00e9sz","og_description":"Petrezselyem hossz\u00fa 5g-os kiszerel\u00e9sben.Hossz\u00fa teny\u00e9sz idej\u0171 (200-220 nap) nagyhozam\u00fa, j\u00f3l t\u00e1rolhat\u00f3 fajta.","og_url":"https:\/\/tajkertesz.com\/en_US\/product\/petrezselyem-hosszu-5g-os-kiszerelesben\/","og_site_name":"T\u00e1jkert\u00e9sz","article_publisher":"https:\/\/www.facebook.com\/Tajkertesz\/","article_modified_time":"2026-02-18T14:52:46+00:00","og_image":[{"width":667,"height":778,"url":"https:\/\/tajkertesz.com\/wp-content\/uploads\/2021\/02\/petrezselyem-hosszu.png","type":"image\/png"}],"twitter_card":"summary_large_image","twitter_misc":{"Est. reading time":"3 minutes"},"schema":{"@context":"https:\/\/schema.org","@graph":[{"@type":"WebPage","@id":"https:\/\/tajkertesz.com\/termek\/petrezselyem-hosszu-5g-os-kiszerelesben\/","url":"https:\/\/tajkertesz.com\/termek\/petrezselyem-hosszu-5g-os-kiszerelesben\/","name":"Petrezselyem hossz\u00fa 5g-os kiszerel\u00e9sben - T\u00e1jkert\u00e9sz","isPartOf":{"@id":"https:\/\/tajkertesz.com\/#website"},"primaryImageOfPage":{"@id":"https:\/\/tajkertesz.com\/termek\/petrezselyem-hosszu-5g-os-kiszerelesben\/#primaryimage"},"image":{"@id":"https:\/\/tajkertesz.com\/termek\/petrezselyem-hosszu-5g-os-kiszerelesben\/#primaryimage"},"thumbnailUrl":"https:\/\/tajkertesz.com\/wp-content\/uploads\/2021\/02\/petrezselyem-hosszu.png","datePublished":"2021-02-11T10:27:48+00:00","dateModified":"2026-02-18T14:52:46+00:00","description":"Petrezselyem hossz\u00fa 5g-os kiszerel\u00e9sben.Hossz\u00fa teny\u00e9sz idej\u0171 (200-220 nap) nagyhozam\u00fa, j\u00f3l t\u00e1rolhat\u00f3 fajta.","breadcrumb":{"@id":"https:\/\/tajkertesz.com\/termek\/petrezselyem-hosszu-5g-os-kiszerelesben\/#breadcrumb"},"inLanguage":"en-US","potentialAction":[{"@type":"ReadAction","target":["https:\/\/tajkertesz.com\/termek\/petrezselyem-hosszu-5g-os-kiszerelesben\/"]}]},{"@type":"ImageObject","inLanguage":"en-US","@id":"https:\/\/tajkertesz.com\/termek\/petrezselyem-hosszu-5g-os-kiszerelesben\/#primaryimage","url":"https:\/\/tajkertesz.com\/wp-content\/uploads\/2021\/02\/petrezselyem-hosszu.png","contentUrl":"https:\/\/tajkertesz.com\/wp-content\/uploads\/2021\/02\/petrezselyem-hosszu.png","width":667,"height":778},{"@type":"BreadcrumbList","@id":"https:\/\/tajkertesz.com\/termek\/petrezselyem-hosszu-5g-os-kiszerelesben\/#breadcrumb","itemListElement":[{"@type":"ListItem","position":1,"name":"Home","item":"https:\/\/tajkertesz.com\/"},{"@type":"ListItem","position":2,"name":"Kezd\u0151lap","item":"https:\/\/tajkertesz.com\/"},{"@type":"ListItem","position":3,"name":"Petrezselyem hossz\u00fa 5g-os kiszerel\u00e9sben"}]},{"@type":"WebSite","@id":"https:\/\/tajkertesz.com\/#website","url":"https:\/\/tajkertesz.com\/","name":"T\u00e1j-Kert\u00e9sz 84 Kft.","description":"Kert\u00e9szeti kis- \u00e9s nagykeresked\u00e9s, D\u00edszn\u00f6v\u00e9ny web\u00e1ruh\u00e1z orsz\u00e1gos h\u00e1zhozsz\u00e1ll\u00edt\u00e1ssal!","publisher":{"@id":"https:\/\/tajkertesz.com\/#organization"},"potentialAction":[{"@type":"SearchAction","target":{"@type":"EntryPoint","urlTemplate":"https:\/\/tajkertesz.com\/?s={search_term_string}"},"query-input":{"@type":"PropertyValueSpecification","valueRequired":true,"valueName":"search_term_string"}}],"inLanguage":"en-US"},{"@type":"Organization","@id":"https:\/\/tajkertesz.com\/#organization","name":"T\u00e1j-Kert\u00e9sz 84 Kft.","url":"https:\/\/tajkertesz.com\/","logo":{"@type":"ImageObject","inLanguage":"en-US","@id":"https:\/\/tajkertesz.com\/#\/schema\/logo\/image\/","url":"https:\/\/tajkertesz.com\/wp-content\/uploads\/2018\/02\/logo-2-e1518678052539.png","contentUrl":"https:\/\/tajkertesz.com\/wp-content\/uploads\/2018\/02\/logo-2-e1518678052539.png","width":81,"height":140,"caption":"T\u00e1j-Kert\u00e9sz 84 Kft."},"image":{"@id":"https:\/\/tajkertesz.com\/#\/schema\/logo\/image\/"},"sameAs":["https:\/\/www.facebook.com\/Tajkertesz\/"]}]}},"_links":{"self":[{"href":"https:\/\/tajkertesz.com\/en_US\/wp-json\/wp\/v2\/product\/3093","targetHints":{"allow":["GET"]}}],"collection":[{"href":"https:\/\/tajkertesz.com\/en_US\/wp-json\/wp\/v2\/product"}],"about":[{"href":"https:\/\/tajkertesz.com\/en_US\/wp-json\/wp\/v2\/types\/product"}],"wp:featuredmedia":[{"embeddable":true,"href":"https:\/\/tajkertesz.com\/en_US\/wp-json\/wp\/v2\/media\/3094"}],"wp:attachment":[{"href":"https:\/\/tajkertesz.com\/en_US\/wp-json\/wp\/v2\/media?parent=3093"}],"wp:term":[{"taxonomy":"product_brand","embeddable":true,"href":"https:\/\/tajkertesz.com\/en_US\/wp-json\/wp\/v2\/product_brand?post=3093"},{"taxonomy":"product_cat","embeddable":true,"href":"https:\/\/tajkertesz.com\/en_US\/wp-json\/wp\/v2\/product_cat?post=3093"},{"taxonomy":"product_tag","embeddable":true,"href":"https:\/\/tajkertesz.com\/en_US\/wp-json\/wp\/v2\/product_tag?post=3093"}],"curies":[{"name":"wp","href":"https:\/\/api.w.org\/{rel}","templated":true}]}}