{"id":3100,"date":"2021-02-11T11:43:17","date_gmt":"2021-02-11T11:43:17","guid":{"rendered":"https:\/\/tajkertesz.com\/?post_type=product&#038;p=3100"},"modified":"2026-02-18T14:52:27","modified_gmt":"2026-02-18T14:52:27","slug":"fertodi-voros-sargarepa","status":"publish","type":"product","link":"https:\/\/tajkertesz.com\/en_US\/product\/fertodi-voros-sargarepa\/","title":{"rendered":"S\u00e1rgar\u00e9pa Fert\u0151di v\u00f6r\u00f6s  4g-os kiszerel\u00e9sben"},"content":{"rendered":"<h1>Fert\u0151di v\u00f6r\u00f6s s\u00e1rgar\u00e9pa 4g-os kiszerel\u00e9sben<\/h1>\n<p>A Fert\u0151di v\u00f6r\u00f6s s\u00e1rgar\u00e9pa 4g-os kiszerel\u00e9sben hossz\u00fa teny\u00e9szidej\u0171, nagy term\u0151k\u00e9pess\u00e9g\u0171, t\u00e1rol\u00e1sra alkalmas nagytest\u0171 fajta.<\/p>\n<p>A gy\u00f6k\u00e9r hossz\u00fa, sz\u00e9les v\u00e1ll\u00fa, hegyes v\u00e9g\u0171, magas karotintartalm\u00fa , sz\u00edne m\u00e9lyv\u00f6r\u00f6s.<\/p>\n<p>Vet\u00e9s: m\u00e1rciust\u00f3l \u00e1prilis v\u00e9g\u00e9ig szabadf\u00f6ldbe.<\/p>\n<p>Cs\u00edr\u00e1z\u00e1sa 5-10 0C fokon 15-20 napig tart. Kel\u00e9s ut\u00e1n ritk\u00edtjuk.<\/p>\n<p>Vet\u0151magsz\u00fcks\u00e9glet: 5 g\/10 m2. T\u00e9r\u00e1ll\u00e1s: 30-35 x 4-5 cm.<\/p>\n<p>Szed\u00e9s: j\u00faliust\u00f3l friss fogyaszt\u00e1sra, szeptember-okt\u00f3berben t\u00e1rol\u00e1sra.<\/p>\n<p style=\"line-height: 18.0pt; background: white; margin: 0cm 0cm 15.0pt 0cm;\">A s\u00e1rgar\u00e9pa viszonylag hidegt\u0171r\u0151 n\u00f6v\u00e9nynek sz\u00e1m\u00edt, az ide\u00e1lis fejl\u0151d\u00e9si h\u0151m\u00e9rs\u00e9klet 16-18 fok, magjai m\u00e1r 4-8 fokos h\u0151m\u00e9rs\u00e9kleten is cs\u00edr\u00e1znak. F\u00e9nyig\u00e9nye nem t\u00fal magas, napos, vil\u00e1gos, vagy kiss\u00e9 \u00e1rnyas helyen is termeszthet\u0151, p\u00e9ld\u00e1ul k\u00f6ztesn\u00f6v\u00e9nyk\u00e9nt.<\/p>\n<p>Talajok k\u00f6z\u00fcl a m\u00e9rs\u00e9kelten meszes, k\u00f6nny\u0171, laza szerkezet\u0171 talajt\u00edpusokat kedveli legink\u00e1bb. Az \u00e1gy\u00e1st, ahol termeszteni szeretn\u00e9nk, alaposan \u00e1ssuk fel m\u00e1r az el\u0151z\u0151 \u0151sszel. Sek\u00e9lyen megmunk\u00e1lt talajban el\u00e1gazik a gy\u00f6kere.<\/p>\n<p>A s\u00e1rgar\u00e9pa v\u00edzig\u00e9nyes n\u00f6v\u00e9ny, f\u0151k\u00e9nt a cs\u00edr\u00e1z\u00e1s sor\u00e1n \u00e9s a gy\u00f6k\u00e9rtest kialakul\u00e1skor ig\u00e9nyel t\u00f6bb nedvess\u00e9get. Rendszeres \u00f6nt\u00f6z\u00e9s mellett \u00edzletesebb \u00e9s jobb sz\u00f6veti szerkezet\u0171 s\u00e1rgar\u00e9p\u00e1t termeszthet\u00fcnk.<\/p>\n<p>A hosszabb teny\u00e9szidej\u0171 s\u00e1rgar\u00e9p\u00e1t \u00e9rdemes 2-3 alkalommal fejtr\u00e1gy\u00e1zni, vagy lombtr\u00e1gy\u00e1zni. A s\u00e1rgar\u00e9pa termeszt\u00e9se sor\u00e1n tov\u00e1bbi teend\u0151t a gyakori kap\u00e1l\u00e1s jelent, ezzel biztos\u00edtjuk, hogy a talaj felsz\u00edne laza szerkezet\u0171 legyen \u00e9s a gyomokat is elt\u00e1vol\u00edtjuk.<\/p>\n<p>K\u00e1rtev\u0151k k\u00f6z\u00fcl a l\u00f3t\u00fccs\u00f6k, a cserebog\u00e1r pajor \u00e9s a dr\u00f3tf\u00e9rgek is k\u00e1ros\u00edthatj\u00e1k, ezek ellen a k\u00e1rtev\u0151k ellen talajfert\u0151tlen\u00edt\u00e9ssel v\u00e9dekezhet\u00fcnk. A s\u00e1rgar\u00e9pal\u00e9gy \u00e9s a gy\u00f6k\u00e9rgubacs-fon\u00e1lf\u00e9reg szint\u00e9n probl\u00e9m\u00e1t okozhat, betegs\u00e9gek k\u00f6z\u00fcl a szklerot\u00edni\u00e1s rothad\u00e1s \u00e9s a lisztharmat eml\u00edthet\u0151 meg.<\/p>\n<p>A vet\u00e9s ideje tavasszal, a fagyok elm\u00falt\u00e1t k\u00f6vet\u0151en van, a magvet\u00e9shez k\u00e9sz\u00edts\u00fcnk sorokat egym\u00e1st\u00f3l 20-25 cm-es sort\u00e1vols\u00e1gra. \u00d6nt\u00f6zz\u00fck be a vet\u0151bar\u00e1zd\u00e1t \u00e9s sz\u00f3rjuk bele a magokat. Ha drazs\u00edrozott magot vet\u00fcnk, akkor 5-6 cm-es t\u00e1vols\u00e1gra vess\u00fck el \u0151ket, a magok 2 cm m\u00e9lyen ker\u00fcljenek a talajba.<\/p>\n<p>Takarjuk be a magokat f\u00f6lddel \u00e9s finoman t\u00f6m\u00f6r\u00edts\u00fck. A cs\u00edr\u00e1z\u00e1s lass\u00fa, ak\u00e1r 3-4 h\u00e9tig is eltarthat. Amikor a kikelt s\u00e1rgar\u00e9p\u00e1k m\u00e1r 2-3 lev\u00e9llel rendelkeznek, 5-6 cm-es t\u00e1vols\u00e1gra kell \u0151ket egyelni, ha drazs\u00edrozott magot vetett\u00fcnk erre nincs sz\u00fcks\u00e9g.<\/p>\n<p>Gondozzuk a vetem\u00e9nyt a kor\u00e1bban \u00edrtaknak megfelel\u0151en, a betakar\u00edtott s\u00e1rgar\u00e9p\u00e1t t\u00e1roljuk, vagy haszn\u00e1ljuk fel frissen.<\/p>\n<p style=\"line-height: 18.0pt; background: white; margin: 0cm 0cm 15.0pt 0cm;\"><b><span style=\"font-family: 'Ubuntu',serif; color: black;\">K\u00e9szlet\u00fcnk napi szinten v\u00e1ltozik, ez\u00e9rt k\u00e9rj\u00fck, \u00e9rdekl\u0151dj\u00f6n szem\u00e9lyesen, telefonon vagy email-en.<br \/>\nA v\u00e1ltoztat\u00e1s jog\u00e1t fenntartjuk!\u00a0<\/span><\/b><\/p>\n<p><a href=\"https:\/\/tajkertesz.com\/\">https:\/\/tajkertesz.com\/<\/a><\/p>\n<p><a href=\"https:\/\/hu.wikipedia.org\/wiki\/S%C3%A1rgar%C3%A9pa\">https:\/\/hu.wikipedia.org\/wiki\/S%C3%A1rgar%C3%A9pa<\/a><\/p>\n<p>&nbsp;<\/p>","protected":false},"excerpt":{"rendered":"<p>A Fert\u0151di v\u00f6r\u00f6s s\u00e1rgar\u00e9pa 4g-os kiszerel\u00e9sben hossz\u00fa teny\u00e9szidej\u0171, nagy term\u0151k\u00e9pess\u00e9g\u0171, t\u00e1rol\u00e1sra alkalmas nagytest\u0171 fajta.<\/p>\n<p>A gy\u00f6k\u00e9r hossz\u00fa, sz\u00e9les v\u00e1ll\u00fa, hegyes v\u00e9g\u0171, magas karotintartalm\u00fa , sz\u00edne m\u00e9lyv\u00f6r\u00f6s.<\/p>\n<p>Vet\u00e9s: m\u00e1rciust\u00f3l \u00e1prilis v\u00e9g\u00e9ig szabadf\u00f6ldbe.<\/p>\n<p>Cs\u00edr\u00e1z\u00e1sa 5-10 0C fokon 15-20 napig tart. Kel\u00e9s ut\u00e1n ritk\u00edtjuk.<\/p>\n<p>Vet\u0151magsz\u00fcks\u00e9glet: 5 g\/10 m2. T\u00e9r\u00e1ll\u00e1s: 30-35 x 4-5 cm.<\/p>\n<p>Szed\u00e9s: j\u00faliust\u00f3l friss fogyaszt\u00e1sra, szeptember-okt\u00f3berben t\u00e1rol\u00e1sra.<\/p>","protected":false},"featured_media":3101,"template":"","meta":{"_et_pb_use_builder":"","_et_pb_old_content":"","_et_gb_content_width":""},"product_brand":[],"product_cat":[2881],"product_tag":[1270,1240,561],"class_list":{"0":"post-3100","1":"product","2":"type-product","3":"status-publish","4":"has-post-thumbnail","6":"product_cat-zoldsegnoveny-vetomagok","7":"product_tag-fertodi","8":"product_tag-sargarepa","9":"product_tag-voros","11":"first","12":"instock","13":"shipping-taxable","14":"purchasable","15":"product-type-simple"},"yoast_head":"<!-- This site is optimized with the Yoast SEO plugin v27.4 - https:\/\/yoast.com\/product\/yoast-seo-wordpress\/ -->\n<title>S\u00e1rgar\u00e9pa Fert\u0151di v\u00f6r\u00f6s 4g-os kiszerel\u00e9sben - T\u00e1jkert\u00e9sz<\/title>\n<meta name=\"description\" content=\"A Fert\u0151di v\u00f6r\u00f6s s\u00e1rgar\u00e9pa 4g-os kiszerel\u00e9sben hossz\u00fa teny\u00e9szidej\u0171, nagy term\u0151k\u00e9pess\u00e9g\u0171, t\u00e1rol\u00e1sra alkalmas nagytest\u0171 fajta.\" \/>\n<meta name=\"robots\" content=\"index, follow, max-snippet:-1, max-image-preview:large, max-video-preview:-1\" \/>\n<link rel=\"canonical\" href=\"https:\/\/tajkertesz.com\/en_US\/product\/fertodi-voros-sargarepa\/\" \/>\n<meta property=\"og:locale\" content=\"en_US\" \/>\n<meta property=\"og:type\" content=\"article\" \/>\n<meta property=\"og:title\" content=\"S\u00e1rgar\u00e9pa Fert\u0151di v\u00f6r\u00f6s 4g-os kiszerel\u00e9sben - T\u00e1jkert\u00e9sz\" \/>\n<meta property=\"og:description\" content=\"A Fert\u0151di v\u00f6r\u00f6s s\u00e1rgar\u00e9pa 4g-os kiszerel\u00e9sben hossz\u00fa teny\u00e9szidej\u0171, nagy term\u0151k\u00e9pess\u00e9g\u0171, t\u00e1rol\u00e1sra alkalmas nagytest\u0171 fajta.\" \/>\n<meta property=\"og:url\" content=\"https:\/\/tajkertesz.com\/en_US\/product\/fertodi-voros-sargarepa\/\" \/>\n<meta property=\"og:site_name\" content=\"T\u00e1jkert\u00e9sz\" \/>\n<meta property=\"article:publisher\" content=\"https:\/\/www.facebook.com\/Tajkertesz\/\" \/>\n<meta property=\"article:modified_time\" content=\"2026-02-18T14:52:27+00:00\" \/>\n<meta property=\"og:image\" content=\"https:\/\/tajkertesz.com\/wp-content\/uploads\/2021\/02\/fertodi-voros.jpg\" \/>\n\t<meta property=\"og:image:width\" content=\"500\" \/>\n\t<meta property=\"og:image:height\" content=\"905\" \/>\n\t<meta property=\"og:image:type\" content=\"image\/jpeg\" \/>\n<meta name=\"twitter:card\" content=\"summary_large_image\" \/>\n<meta name=\"twitter:label1\" content=\"Est. reading time\" \/>\n\t<meta name=\"twitter:data1\" content=\"3 minutes\" \/>\n<script type=\"application\/ld+json\" class=\"yoast-schema-graph\">{\"@context\":\"https:\\\/\\\/schema.org\",\"@graph\":[{\"@type\":\"WebPage\",\"@id\":\"https:\\\/\\\/tajkertesz.com\\\/termek\\\/fertodi-voros-sargarepa\\\/\",\"url\":\"https:\\\/\\\/tajkertesz.com\\\/termek\\\/fertodi-voros-sargarepa\\\/\",\"name\":\"S\u00e1rgar\u00e9pa Fert\u0151di v\u00f6r\u00f6s 4g-os kiszerel\u00e9sben - T\u00e1jkert\u00e9sz\",\"isPartOf\":{\"@id\":\"https:\\\/\\\/tajkertesz.com\\\/#website\"},\"primaryImageOfPage\":{\"@id\":\"https:\\\/\\\/tajkertesz.com\\\/termek\\\/fertodi-voros-sargarepa\\\/#primaryimage\"},\"image\":{\"@id\":\"https:\\\/\\\/tajkertesz.com\\\/termek\\\/fertodi-voros-sargarepa\\\/#primaryimage\"},\"thumbnailUrl\":\"https:\\\/\\\/tajkertesz.com\\\/wp-content\\\/uploads\\\/2021\\\/02\\\/fertodi-voros.jpg\",\"datePublished\":\"2021-02-11T11:43:17+00:00\",\"dateModified\":\"2026-02-18T14:52:27+00:00\",\"description\":\"A Fert\u0151di v\u00f6r\u00f6s s\u00e1rgar\u00e9pa 4g-os kiszerel\u00e9sben hossz\u00fa teny\u00e9szidej\u0171, nagy term\u0151k\u00e9pess\u00e9g\u0171, t\u00e1rol\u00e1sra alkalmas nagytest\u0171 fajta.\",\"breadcrumb\":{\"@id\":\"https:\\\/\\\/tajkertesz.com\\\/termek\\\/fertodi-voros-sargarepa\\\/#breadcrumb\"},\"inLanguage\":\"en-US\",\"potentialAction\":[{\"@type\":\"ReadAction\",\"target\":[\"https:\\\/\\\/tajkertesz.com\\\/termek\\\/fertodi-voros-sargarepa\\\/\"]}]},{\"@type\":\"ImageObject\",\"inLanguage\":\"en-US\",\"@id\":\"https:\\\/\\\/tajkertesz.com\\\/termek\\\/fertodi-voros-sargarepa\\\/#primaryimage\",\"url\":\"https:\\\/\\\/tajkertesz.com\\\/wp-content\\\/uploads\\\/2021\\\/02\\\/fertodi-voros.jpg\",\"contentUrl\":\"https:\\\/\\\/tajkertesz.com\\\/wp-content\\\/uploads\\\/2021\\\/02\\\/fertodi-voros.jpg\",\"width\":500,\"height\":905},{\"@type\":\"BreadcrumbList\",\"@id\":\"https:\\\/\\\/tajkertesz.com\\\/termek\\\/fertodi-voros-sargarepa\\\/#breadcrumb\",\"itemListElement\":[{\"@type\":\"ListItem\",\"position\":1,\"name\":\"Home\",\"item\":\"https:\\\/\\\/tajkertesz.com\\\/\"},{\"@type\":\"ListItem\",\"position\":2,\"name\":\"Kezd\u0151lap\",\"item\":\"https:\\\/\\\/tajkertesz.com\\\/\"},{\"@type\":\"ListItem\",\"position\":3,\"name\":\"S\u00e1rgar\u00e9pa Fert\u0151di v\u00f6r\u00f6s 4g-os kiszerel\u00e9sben\"}]},{\"@type\":\"WebSite\",\"@id\":\"https:\\\/\\\/tajkertesz.com\\\/#website\",\"url\":\"https:\\\/\\\/tajkertesz.com\\\/\",\"name\":\"T\u00e1j-Kert\u00e9sz 84 Kft.\",\"description\":\"Kert\u00e9szeti kis- \u00e9s nagykeresked\u00e9s, D\u00edszn\u00f6v\u00e9ny web\u00e1ruh\u00e1z orsz\u00e1gos h\u00e1zhozsz\u00e1ll\u00edt\u00e1ssal!\",\"publisher\":{\"@id\":\"https:\\\/\\\/tajkertesz.com\\\/#organization\"},\"potentialAction\":[{\"@type\":\"SearchAction\",\"target\":{\"@type\":\"EntryPoint\",\"urlTemplate\":\"https:\\\/\\\/tajkertesz.com\\\/?s={search_term_string}\"},\"query-input\":{\"@type\":\"PropertyValueSpecification\",\"valueRequired\":true,\"valueName\":\"search_term_string\"}}],\"inLanguage\":\"en-US\"},{\"@type\":\"Organization\",\"@id\":\"https:\\\/\\\/tajkertesz.com\\\/#organization\",\"name\":\"T\u00e1j-Kert\u00e9sz 84 Kft.\",\"url\":\"https:\\\/\\\/tajkertesz.com\\\/\",\"logo\":{\"@type\":\"ImageObject\",\"inLanguage\":\"en-US\",\"@id\":\"https:\\\/\\\/tajkertesz.com\\\/#\\\/schema\\\/logo\\\/image\\\/\",\"url\":\"https:\\\/\\\/tajkertesz.com\\\/wp-content\\\/uploads\\\/2018\\\/02\\\/logo-2-e1518678052539.png\",\"contentUrl\":\"https:\\\/\\\/tajkertesz.com\\\/wp-content\\\/uploads\\\/2018\\\/02\\\/logo-2-e1518678052539.png\",\"width\":81,\"height\":140,\"caption\":\"T\u00e1j-Kert\u00e9sz 84 Kft.\"},\"image\":{\"@id\":\"https:\\\/\\\/tajkertesz.com\\\/#\\\/schema\\\/logo\\\/image\\\/\"},\"sameAs\":[\"https:\\\/\\\/www.facebook.com\\\/Tajkertesz\\\/\"]}]}<\/script>\n<!-- \/ Yoast SEO plugin. -->","yoast_head_json":{"title":"S\u00e1rgar\u00e9pa Fert\u0151di v\u00f6r\u00f6s 4g-os kiszerel\u00e9sben - T\u00e1jkert\u00e9sz","description":"A Fert\u0151di v\u00f6r\u00f6s s\u00e1rgar\u00e9pa 4g-os kiszerel\u00e9sben hossz\u00fa teny\u00e9szidej\u0171, nagy term\u0151k\u00e9pess\u00e9g\u0171, t\u00e1rol\u00e1sra alkalmas nagytest\u0171 fajta.","robots":{"index":"index","follow":"follow","max-snippet":"max-snippet:-1","max-image-preview":"max-image-preview:large","max-video-preview":"max-video-preview:-1"},"canonical":"https:\/\/tajkertesz.com\/en_US\/product\/fertodi-voros-sargarepa\/","og_locale":"en_US","og_type":"article","og_title":"S\u00e1rgar\u00e9pa Fert\u0151di v\u00f6r\u00f6s 4g-os kiszerel\u00e9sben - T\u00e1jkert\u00e9sz","og_description":"A Fert\u0151di v\u00f6r\u00f6s s\u00e1rgar\u00e9pa 4g-os kiszerel\u00e9sben hossz\u00fa teny\u00e9szidej\u0171, nagy term\u0151k\u00e9pess\u00e9g\u0171, t\u00e1rol\u00e1sra alkalmas nagytest\u0171 fajta.","og_url":"https:\/\/tajkertesz.com\/en_US\/product\/fertodi-voros-sargarepa\/","og_site_name":"T\u00e1jkert\u00e9sz","article_publisher":"https:\/\/www.facebook.com\/Tajkertesz\/","article_modified_time":"2026-02-18T14:52:27+00:00","og_image":[{"width":500,"height":905,"url":"https:\/\/tajkertesz.com\/wp-content\/uploads\/2021\/02\/fertodi-voros.jpg","type":"image\/jpeg"}],"twitter_card":"summary_large_image","twitter_misc":{"Est. reading time":"3 minutes"},"schema":{"@context":"https:\/\/schema.org","@graph":[{"@type":"WebPage","@id":"https:\/\/tajkertesz.com\/termek\/fertodi-voros-sargarepa\/","url":"https:\/\/tajkertesz.com\/termek\/fertodi-voros-sargarepa\/","name":"S\u00e1rgar\u00e9pa Fert\u0151di v\u00f6r\u00f6s 4g-os kiszerel\u00e9sben - T\u00e1jkert\u00e9sz","isPartOf":{"@id":"https:\/\/tajkertesz.com\/#website"},"primaryImageOfPage":{"@id":"https:\/\/tajkertesz.com\/termek\/fertodi-voros-sargarepa\/#primaryimage"},"image":{"@id":"https:\/\/tajkertesz.com\/termek\/fertodi-voros-sargarepa\/#primaryimage"},"thumbnailUrl":"https:\/\/tajkertesz.com\/wp-content\/uploads\/2021\/02\/fertodi-voros.jpg","datePublished":"2021-02-11T11:43:17+00:00","dateModified":"2026-02-18T14:52:27+00:00","description":"A Fert\u0151di v\u00f6r\u00f6s s\u00e1rgar\u00e9pa 4g-os kiszerel\u00e9sben hossz\u00fa teny\u00e9szidej\u0171, nagy term\u0151k\u00e9pess\u00e9g\u0171, t\u00e1rol\u00e1sra alkalmas nagytest\u0171 fajta.","breadcrumb":{"@id":"https:\/\/tajkertesz.com\/termek\/fertodi-voros-sargarepa\/#breadcrumb"},"inLanguage":"en-US","potentialAction":[{"@type":"ReadAction","target":["https:\/\/tajkertesz.com\/termek\/fertodi-voros-sargarepa\/"]}]},{"@type":"ImageObject","inLanguage":"en-US","@id":"https:\/\/tajkertesz.com\/termek\/fertodi-voros-sargarepa\/#primaryimage","url":"https:\/\/tajkertesz.com\/wp-content\/uploads\/2021\/02\/fertodi-voros.jpg","contentUrl":"https:\/\/tajkertesz.com\/wp-content\/uploads\/2021\/02\/fertodi-voros.jpg","width":500,"height":905},{"@type":"BreadcrumbList","@id":"https:\/\/tajkertesz.com\/termek\/fertodi-voros-sargarepa\/#breadcrumb","itemListElement":[{"@type":"ListItem","position":1,"name":"Home","item":"https:\/\/tajkertesz.com\/"},{"@type":"ListItem","position":2,"name":"Kezd\u0151lap","item":"https:\/\/tajkertesz.com\/"},{"@type":"ListItem","position":3,"name":"S\u00e1rgar\u00e9pa Fert\u0151di v\u00f6r\u00f6s 4g-os kiszerel\u00e9sben"}]},{"@type":"WebSite","@id":"https:\/\/tajkertesz.com\/#website","url":"https:\/\/tajkertesz.com\/","name":"T\u00e1j-Kert\u00e9sz 84 Kft.","description":"Kert\u00e9szeti kis- \u00e9s nagykeresked\u00e9s, D\u00edszn\u00f6v\u00e9ny web\u00e1ruh\u00e1z orsz\u00e1gos h\u00e1zhozsz\u00e1ll\u00edt\u00e1ssal!","publisher":{"@id":"https:\/\/tajkertesz.com\/#organization"},"potentialAction":[{"@type":"SearchAction","target":{"@type":"EntryPoint","urlTemplate":"https:\/\/tajkertesz.com\/?s={search_term_string}"},"query-input":{"@type":"PropertyValueSpecification","valueRequired":true,"valueName":"search_term_string"}}],"inLanguage":"en-US"},{"@type":"Organization","@id":"https:\/\/tajkertesz.com\/#organization","name":"T\u00e1j-Kert\u00e9sz 84 Kft.","url":"https:\/\/tajkertesz.com\/","logo":{"@type":"ImageObject","inLanguage":"en-US","@id":"https:\/\/tajkertesz.com\/#\/schema\/logo\/image\/","url":"https:\/\/tajkertesz.com\/wp-content\/uploads\/2018\/02\/logo-2-e1518678052539.png","contentUrl":"https:\/\/tajkertesz.com\/wp-content\/uploads\/2018\/02\/logo-2-e1518678052539.png","width":81,"height":140,"caption":"T\u00e1j-Kert\u00e9sz 84 Kft."},"image":{"@id":"https:\/\/tajkertesz.com\/#\/schema\/logo\/image\/"},"sameAs":["https:\/\/www.facebook.com\/Tajkertesz\/"]}]}},"_links":{"self":[{"href":"https:\/\/tajkertesz.com\/en_US\/wp-json\/wp\/v2\/product\/3100","targetHints":{"allow":["GET"]}}],"collection":[{"href":"https:\/\/tajkertesz.com\/en_US\/wp-json\/wp\/v2\/product"}],"about":[{"href":"https:\/\/tajkertesz.com\/en_US\/wp-json\/wp\/v2\/types\/product"}],"wp:featuredmedia":[{"embeddable":true,"href":"https:\/\/tajkertesz.com\/en_US\/wp-json\/wp\/v2\/media\/3101"}],"wp:attachment":[{"href":"https:\/\/tajkertesz.com\/en_US\/wp-json\/wp\/v2\/media?parent=3100"}],"wp:term":[{"taxonomy":"product_brand","embeddable":true,"href":"https:\/\/tajkertesz.com\/en_US\/wp-json\/wp\/v2\/product_brand?post=3100"},{"taxonomy":"product_cat","embeddable":true,"href":"https:\/\/tajkertesz.com\/en_US\/wp-json\/wp\/v2\/product_cat?post=3100"},{"taxonomy":"product_tag","embeddable":true,"href":"https:\/\/tajkertesz.com\/en_US\/wp-json\/wp\/v2\/product_tag?post=3100"}],"curies":[{"name":"wp","href":"https:\/\/api.w.org\/{rel}","templated":true}]}}