{"id":3109,"date":"2021-02-11T15:43:05","date_gmt":"2021-02-11T15:43:05","guid":{"rendered":"https:\/\/tajkertesz.com\/?post_type=product&#038;p=3109"},"modified":"2026-02-24T15:42:27","modified_gmt":"2026-02-24T15:42:27","slug":"nandina-domestica-fire-power-japan-szentfa","status":"publish","type":"product","link":"https:\/\/tajkertesz.com\/en_US\/product\/nandina-domestica-fire-power-japan-szentfa\/","title":{"rendered":"Nandina domestica &#8216;Fire Power&#8217; &#8211; Jap\u00e1n szentfa"},"content":{"rendered":"<h1>Nandina domestica &#8216;Fire Power&#8217; &#8211; Jap\u00e1n szentfa<\/h1>\n<p data-start=\"650\" data-end=\"849\">A <span class=\"hover:entity-accent entity-underline inline cursor-pointer align-baseline\"><span class=\"whitespace-normal\">Nandina domestica<\/span><\/span> &#8216;Fire Power&#8217; egy t\u00f6rpe n\u00f6veked\u00e9s\u0171, s\u0171r\u0171 habitus\u00fa \u00f6r\u00f6kz\u00f6ld (enyh\u00e9bb teleken lombtart\u00f3) d\u00edszcserje. Nev\u00e9t l\u00e1tv\u00e1nyos, t\u00fczes v\u00f6r\u00f6s \u0151szi \u00e9s t\u00e9li lombsz\u00edn\u00e9r\u0151l kapta.<\/p>\n<p data-start=\"851\" data-end=\"1025\">Tavasszal friss z\u00f6ld hajt\u00e1sokat hoz, amelyek a szezon sor\u00e1n z\u00f6ld \u00e1rnyalat\u00faak, majd h\u0171v\u00f6sebb id\u0151ben intenz\u00edv v\u00f6r\u00f6sre sz\u00ednez\u0151dnek. Kompakt m\u00e9rete miatt kis kertekbe is ide\u00e1lis.<\/p>\n<hr data-start=\"1027\" data-end=\"1030\" \/>\n<h2>Nandina domestica &#8216;Fire Power&#8217; tulajdons\u00e1gai<\/h2>\n<ul data-start=\"1055\" data-end=\"1218\">\n<li data-start=\"1055\" data-end=\"1093\">\n<p data-start=\"1057\" data-end=\"1093\">\ud83c\udf41 \u0150sszel \u00e9s t\u00e9len \u00e9l\u00e9nkpiros lomb<\/p>\n<\/li>\n<li data-start=\"1094\" data-end=\"1128\">\n<p data-start=\"1096\" data-end=\"1128\">\ud83c\udf3f Kompakt, alacsony n\u00f6veked\u00e9s<\/p>\n<\/li>\n<li data-start=\"1129\" data-end=\"1157\">\n<p data-start=\"1131\" data-end=\"1157\">\ud83c\udf3f Eg\u00e9sz \u00e9vben dekorat\u00edv<\/p>\n<\/li>\n<li data-start=\"1158\" data-end=\"1186\">\n<p data-start=\"1160\" data-end=\"1186\">\ud83c\udf3f D\u00e9zs\u00e1ban is nevelhet\u0151<\/p>\n<\/li>\n<li data-start=\"1187\" data-end=\"1218\">\n<p data-start=\"1189\" data-end=\"1218\">\ud83c\udf3f Alacsony gondoz\u00e1si ig\u00e9ny<\/p>\n<\/li>\n<\/ul>\n<hr data-start=\"1220\" data-end=\"1223\" \/>\n<h2 data-start=\"1225\" data-end=\"1244\">Jap\u00e1n szentfa gondoz\u00e1sa<\/h2>\n<p data-start=\"1246\" data-end=\"1419\">A &#8216;Fire Power&#8217; napos vagy f\u00e9l\u00e1rny\u00e9kos fekv\u00e9sben fejl\u0151dik a legszebben. A napos hely el\u0151seg\u00edti az intenz\u00edv v\u00f6r\u00f6s lombsz\u00ednt. J\u00f3 v\u00edz\u00e1tereszt\u0151, t\u00e1panyagban gazdag talajt kedvel.<\/p>\n<p data-start=\"1421\" data-end=\"1514\">Fiatal korban er\u0151sebb fagyok eset\u00e9n takar\u00e1s javasolt, k\u00fcl\u00f6n\u00f6sen hidegebb fekv\u00e9s\u0171 ter\u00fcleteken.<\/p>\n<h4><strong>\ud83d\udd04 K\u00e9szletinform\u00e1ci\u00f3<\/strong><\/h4>\n<p><strong>K\u00e9szlet\u00fcnk napi szinten v\u00e1ltozik, \u00edgy a webshopban szerepl<\/strong><strong>\u0151<\/strong><strong>\u00a0term\u00e9kek el\u00e9rhet<\/strong><strong>\u0151<\/strong><strong>s\u00e9ge nem garant\u00e1lt.<br \/>\n\ud83d\udcde A megrendel\u00e9s el<\/strong><strong>\u0151<\/strong><strong>tt k\u00e9rj\u00fck, \u00e9rdekl<\/strong><strong>\u0151<\/strong><strong>dj\u00f6n szem\u00e9lyesen, telefonon vagy e-mailben!<\/strong><\/p>\n<h4><strong>\u27a1\ufe0f Kapcsolat:<\/strong><\/h4>\n<ul>\n<li><strong>Weboldal:\u00a0<\/strong><a href=\"https:\/\/tajkertesz.com\/\"><strong>tajkertesz.com<\/strong><\/a><\/li>\n<li><strong>Facebook:\u00a0<\/strong><a href=\"https:\/\/www.facebook.com\/tajkertesz\/\"><strong>facebook.com\/tajkertesz<\/strong><\/a><\/li>\n<li><strong>Telefonsz\u00e1m, e-mail: +36\/20-319-3770\u00a0<\/strong><a href=\"mailto:tajkerteszaruda@gmail.com\"><strong>tajkerteszaruda@gmail.com<\/strong><\/a><\/li>\n<\/ul>\n<h4><strong>\ud83d\ude9a Sz\u00e1ll\u00edt\u00e1si inform\u00e1ci\u00f3k<\/strong><\/h4>\n<p><strong>A megrendelt n\u00f6v\u00e9nyek kisz\u00e1ll\u00edt\u00e1sa az al\u00e1bbi felt\u00e9telek mellett t\u00f6rt\u00e9nik:<\/strong><\/p>\n<h4><strong>\ud83d\udce6 Fut\u00e1rszolg\u00e1latos sz\u00e1ll\u00edt\u00e1s<\/strong><\/h4>\n<ul>\n<li><strong>Maxim\u00e1lis m\u00e9ret: 200 cm (hossz\u00fas\u00e1g)<\/strong><\/li>\n<li><strong>Maxim\u00e1lis s\u00faly: 40 kg<\/strong><\/li>\n<li><strong>Az enn\u00e9l kisebb \u00e9s k\u00f6nnyebb csomagokat fut\u00e1rszolg\u00e1lattal k\u00e9zbes\u00edtj\u00fck a lehet<\/strong><strong>\u0151<\/strong><strong>\u00a0legbiztons\u00e1gosabb csomagol\u00e1sban.<\/strong><\/li>\n<\/ul>\n<h4><strong>\ud83d\udefb Szem\u00e9lyes \u00e1tv\u00e9tel<\/strong><\/h4>\n<ul>\n<li><strong>1173 Budapest, Bakancsos utca 7. sz\u00e1m alatt nyitvatart\u00e1si id<\/strong><strong>\u0151<\/strong><strong>ben szem\u00e9lyesen \u00e1tvehet<\/strong><strong>\u0151<\/strong><strong>\u00a0kert\u00e9szeti \u00e1rud\u00e1nkban.<\/strong><\/li>\n<li><strong>K\u00f6lts\u00e9ghat\u00e9kony megold\u00e1s nagyobb, t\u00f6r\u00e9kenyebb vagy t\u00falm\u00e9retes n\u00f6v\u00e9nyek eset\u00e9n.<\/strong><\/li>\n<\/ul>\n<h4><strong>\ud83d\udcde Nagy m\u00e9ret<\/strong><strong>\u0171<\/strong><strong>\u00a0vagy s\u00faly\u00fa n\u00f6v\u00e9nyek eset\u00e9n<\/strong><\/h4>\n<p><strong>Ha a term\u00e9k:<\/strong><\/p>\n<ul>\n<li><strong>meghaladja a 200 cm hossz\u00fas\u00e1got vagy<\/strong><\/li>\n<li><strong>meghaladja a 40 kg s\u00falyt,<\/strong><\/li>\n<\/ul>\n<p><strong>akkor szem\u00e9lyes \u00e1tv\u00e9tellel vagy egyedi, el<\/strong><strong>\u0151<\/strong><strong>re egyeztetett sz\u00e1ll\u00edt\u00e1si felt\u00e9telek mellett t\u00f6rt\u00e9nik.<br \/>\nK\u00e9rj\u00fck, ilyen esetben rendel\u00e9s el<\/strong><strong>\u0151<\/strong><strong>tt vegye fel vel\u00fcnk a kapcsolatot, hogy a lehet<\/strong><strong>\u0151<\/strong><strong>\u00a0legmegfelel<\/strong><strong>\u0151<\/strong><strong>bb sz\u00e1ll\u00edt\u00e1si megold\u00e1st k\u00edn\u00e1lhassuk.<\/strong><\/p>\n<p><strong>\ud83d\udd14 Fontos: A n\u00f6v\u00e9nyeket minden esetben igyeksz\u00fcnk gondosan, egyes\u00e9vel csomagolni, azonban a sz\u00e1ll\u00edt\u00e1s sor\u00e1n kisebb eszt\u00e9tikai s\u00e9r\u00fcl\u00e9sek el<\/strong><strong>\u0151<\/strong><strong>fordulhatnak (pl. lev\u00e9lhull\u00e1s). Ez nem min<\/strong><strong>\u0151<\/strong><strong>s\u00fcl hib\u00e1s teljes\u00edt\u00e9snek.<\/strong><\/p>\n<h4><strong>\ud83d\udcf7 Fontos tudni a k\u00e9pekr<\/strong><strong>\u0151<\/strong><strong>l<\/strong><\/h4>\n<p><strong>A webshopban szerepl<\/strong><strong>\u0151<\/strong><strong>\u00a0k\u00e9pek illusztr\u00e1ci\u00f3k, a n\u00f6v\u00e9nyek term\u00e9szet\u00fckn\u00e9l fogva egyediek, \u00edgy m\u00e9retben, alakban \u00e9s sz\u00ednben minim\u00e1lis elt\u00e9r\u00e9sek el<\/strong><strong>\u0151<\/strong><strong>fordulhatnak a k\u00e9pen l\u00e1that\u00f3 \u00e9s a val\u00f3s p\u00e9ld\u00e1nyok k\u00f6z\u00f6tt.<\/strong><\/p>\n<h4><strong>\ud83e\uddfe \u00c1rak \u00e9s el\u00e1ll\u00e1si jog<\/strong><\/h4>\n<ul>\n<li><strong>Az \u00e1rak egy darab\u00a0n\u00f6v\u00e9nyre vonatkoznak.<\/strong><\/li>\n<li><strong>\u00c9l<\/strong><strong>\u0151<\/strong><strong>\u00a0n\u00f6v\u00e9nyek rendel\u00e9se eset\u00e9n a 14 napos el\u00e1ll\u00e1s joga nem \u00e9rv\u00e9nyes\u00edthet<\/strong><strong>\u0151<\/strong><strong>, mivel azok romland\u00f3, biol\u00f3giailag \u00e9l<\/strong><strong>\u0151<\/strong><strong>\u00a0term\u00e9keknek min<\/strong><strong>\u0151<\/strong><strong>s\u00fclnek.<br \/>\n\ud83d\udd12 (17\/1999. (II. 5.) Korm. rendelet 5. \u00a7 c) pontja alapj\u00e1n)<\/strong><\/li>\n<\/ul>\n<h4><strong>\ud83d\udce6 K\u00e9zbes\u00edt\u00e9s ut\u00e1ni teend<\/strong><strong>\u0151<\/strong><strong>k<\/strong><\/h4>\n<p><strong>A k\u00e9zbes\u00edt\u00e9st k\u00f6vet<\/strong><strong>\u0151<\/strong><strong>en a csomagot azonnal bontsuk ki, \u00e9s a n\u00f6v\u00e9nyt helyezz\u00fck el megfelel<\/strong><strong>\u0151<\/strong><strong>\u00a0k\u00f6rnyezetben.<br \/>\nFontos: ha a n\u00f6v\u00e9ny nem r\u00e9szes\u00fcl megfelel<\/strong><strong>\u0151<\/strong><strong>\u00a0gondoz\u00e1sban \u00e9s ennek k\u00f6vetkezt\u00e9ben k\u00e1rosodik vagy elpusztul, felel<\/strong><strong>\u0151<\/strong><strong>ss\u00e9get nem tudunk v\u00e1llalni.<\/strong><\/p>","protected":false},"excerpt":{"rendered":"<p>A Nandina domestica &#8216;Fire Power&#8217; alacsony n\u00f6veked\u00e9s\u0171, kompakt jap\u00e1n szentfa, amely \u0151sszel \u00e9s t\u00e9len \u00e9l\u00e9nkpiros lombsz\u00edn\u00e9vel d\u00edsz\u00edt. Kiv\u00e1l\u00f3 v\u00e1laszt\u00e1s el\u0151kertekbe, szeg\u00e9lyekbe \u00e9s d\u00e9zs\u00e1s nevel\u00e9sre.<\/p>\n<p>M\u00e9rete: 30\/40 cm magas, 5 literes kont\u00e9nerben.<\/p>","protected":false},"featured_media":10469,"template":"","meta":{"_et_pb_use_builder":"","_et_pb_old_content":"","_et_gb_content_width":""},"product_brand":[],"product_cat":[26],"product_tag":[5883,7844,8075,338,6324,5895,8074,6444,6586,8076],"class_list":{"0":"post-3109","1":"product","2":"type-product","3":"status-publish","4":"has-post-thumbnail","6":"product_cat-orokzold-novenyek","7":"product_tag-alacsony-diszcserje","8":"product_tag-dezsas-disznoveny","9":"product_tag-fire-power-nandina","10":"product_tag-japan-szentfa","11":"product_tag-kerti-disznoveny","12":"product_tag-kompakt-cserje","13":"product_tag-nandina-domestica-fire-power","14":"product_tag-orokzold-diszcserje","15":"product_tag-oszi-lombszin","16":"product_tag-voros-lombu-cserje","18":"first","19":"instock","20":"shipping-taxable","21":"purchasable","22":"product-type-simple"},"yoast_head":"<!-- This site is optimized with the Yoast SEO plugin v27.3 - https:\/\/yoast.com\/product\/yoast-seo-wordpress\/ -->\n<title>Nandina domestica &#039;Fire Power&#039; - Jap\u00e1n szentfa - T\u00e1jkert\u00e9sz<\/title>\n<meta name=\"description\" content=\"Nandina domestica &#039;Fire Power&#039; - Jap\u00e1n szentfa\u00a0kompakt jap\u00e1n szentfa \u00e9l\u00e9nkpiros lombbal. Dekorat\u00edv d\u00edszcserje kertbe vagy d\u00e9zs\u00e1ba, rendelhet\u0151 online.\" \/>\n<meta name=\"robots\" content=\"index, follow, max-snippet:-1, max-image-preview:large, max-video-preview:-1\" \/>\n<link rel=\"canonical\" href=\"https:\/\/tajkertesz.com\/en_US\/product\/nandina-domestica-fire-power-japan-szentfa\/\" \/>\n<meta property=\"og:locale\" content=\"en_US\" \/>\n<meta property=\"og:type\" content=\"article\" \/>\n<meta property=\"og:title\" content=\"Nandina domestica &#039;Fire Power&#039; - Jap\u00e1n szentfa - T\u00e1jkert\u00e9sz\" \/>\n<meta property=\"og:description\" content=\"Nandina domestica &#039;Fire Power&#039; - Jap\u00e1n szentfa\u00a0kompakt jap\u00e1n szentfa \u00e9l\u00e9nkpiros lombbal. Dekorat\u00edv d\u00edszcserje kertbe vagy d\u00e9zs\u00e1ba, rendelhet\u0151 online.\" \/>\n<meta property=\"og:url\" content=\"https:\/\/tajkertesz.com\/en_US\/product\/nandina-domestica-fire-power-japan-szentfa\/\" \/>\n<meta property=\"og:site_name\" content=\"T\u00e1jkert\u00e9sz\" \/>\n<meta property=\"article:publisher\" content=\"https:\/\/www.facebook.com\/Tajkertesz\/\" \/>\n<meta property=\"article:modified_time\" content=\"2026-02-24T15:42:27+00:00\" \/>\n<meta property=\"og:image\" content=\"https:\/\/tajkertesz.com\/wp-content\/uploads\/2021\/02\/IMG_20211014_101445.jpg\" \/>\n\t<meta property=\"og:image:width\" content=\"439\" \/>\n\t<meta property=\"og:image:height\" content=\"600\" \/>\n\t<meta property=\"og:image:type\" content=\"image\/jpeg\" \/>\n<meta name=\"twitter:card\" content=\"summary_large_image\" \/>\n<meta name=\"twitter:label1\" content=\"Est. reading time\" \/>\n\t<meta name=\"twitter:data1\" content=\"3 minutes\" \/>\n<script type=\"application\/ld+json\" class=\"yoast-schema-graph\">{\"@context\":\"https:\\\/\\\/schema.org\",\"@graph\":[{\"@type\":\"WebPage\",\"@id\":\"https:\\\/\\\/tajkertesz.com\\\/termek\\\/nandina-domestica-fire-power-japan-szentfa\\\/\",\"url\":\"https:\\\/\\\/tajkertesz.com\\\/termek\\\/nandina-domestica-fire-power-japan-szentfa\\\/\",\"name\":\"Nandina domestica 'Fire Power' - Jap\u00e1n szentfa - T\u00e1jkert\u00e9sz\",\"isPartOf\":{\"@id\":\"https:\\\/\\\/tajkertesz.com\\\/#website\"},\"primaryImageOfPage\":{\"@id\":\"https:\\\/\\\/tajkertesz.com\\\/termek\\\/nandina-domestica-fire-power-japan-szentfa\\\/#primaryimage\"},\"image\":{\"@id\":\"https:\\\/\\\/tajkertesz.com\\\/termek\\\/nandina-domestica-fire-power-japan-szentfa\\\/#primaryimage\"},\"thumbnailUrl\":\"https:\\\/\\\/tajkertesz.com\\\/wp-content\\\/uploads\\\/2021\\\/02\\\/IMG_20211014_101445.jpg\",\"datePublished\":\"2021-02-11T15:43:05+00:00\",\"dateModified\":\"2026-02-24T15:42:27+00:00\",\"description\":\"Nandina domestica 'Fire Power' - Jap\u00e1n szentfa\u00a0kompakt jap\u00e1n szentfa \u00e9l\u00e9nkpiros lombbal. Dekorat\u00edv d\u00edszcserje kertbe vagy d\u00e9zs\u00e1ba, rendelhet\u0151 online.\",\"breadcrumb\":{\"@id\":\"https:\\\/\\\/tajkertesz.com\\\/termek\\\/nandina-domestica-fire-power-japan-szentfa\\\/#breadcrumb\"},\"inLanguage\":\"en-US\",\"potentialAction\":[{\"@type\":\"ReadAction\",\"target\":[\"https:\\\/\\\/tajkertesz.com\\\/termek\\\/nandina-domestica-fire-power-japan-szentfa\\\/\"]}]},{\"@type\":\"ImageObject\",\"inLanguage\":\"en-US\",\"@id\":\"https:\\\/\\\/tajkertesz.com\\\/termek\\\/nandina-domestica-fire-power-japan-szentfa\\\/#primaryimage\",\"url\":\"https:\\\/\\\/tajkertesz.com\\\/wp-content\\\/uploads\\\/2021\\\/02\\\/IMG_20211014_101445.jpg\",\"contentUrl\":\"https:\\\/\\\/tajkertesz.com\\\/wp-content\\\/uploads\\\/2021\\\/02\\\/IMG_20211014_101445.jpg\",\"width\":439,\"height\":600,\"caption\":\"Nandina domestica 'Fire Power' - Jap\u00e1n szentfahdr\"},{\"@type\":\"BreadcrumbList\",\"@id\":\"https:\\\/\\\/tajkertesz.com\\\/termek\\\/nandina-domestica-fire-power-japan-szentfa\\\/#breadcrumb\",\"itemListElement\":[{\"@type\":\"ListItem\",\"position\":1,\"name\":\"Home\",\"item\":\"https:\\\/\\\/tajkertesz.com\\\/\"},{\"@type\":\"ListItem\",\"position\":2,\"name\":\"Kezd\u0151lap\",\"item\":\"https:\\\/\\\/tajkertesz.com\\\/\"},{\"@type\":\"ListItem\",\"position\":3,\"name\":\"Nandina domestica &#8216;Fire Power&#8217; &#8211; Jap\u00e1n szentfa\"}]},{\"@type\":\"WebSite\",\"@id\":\"https:\\\/\\\/tajkertesz.com\\\/#website\",\"url\":\"https:\\\/\\\/tajkertesz.com\\\/\",\"name\":\"T\u00e1j-Kert\u00e9sz 84 Kft.\",\"description\":\"Kert\u00e9szeti kis- \u00e9s nagykeresked\u00e9s, D\u00edszn\u00f6v\u00e9ny web\u00e1ruh\u00e1z orsz\u00e1gos h\u00e1zhozsz\u00e1ll\u00edt\u00e1ssal!\",\"publisher\":{\"@id\":\"https:\\\/\\\/tajkertesz.com\\\/#organization\"},\"potentialAction\":[{\"@type\":\"SearchAction\",\"target\":{\"@type\":\"EntryPoint\",\"urlTemplate\":\"https:\\\/\\\/tajkertesz.com\\\/?s={search_term_string}\"},\"query-input\":{\"@type\":\"PropertyValueSpecification\",\"valueRequired\":true,\"valueName\":\"search_term_string\"}}],\"inLanguage\":\"en-US\"},{\"@type\":\"Organization\",\"@id\":\"https:\\\/\\\/tajkertesz.com\\\/#organization\",\"name\":\"T\u00e1j-Kert\u00e9sz 84 Kft.\",\"url\":\"https:\\\/\\\/tajkertesz.com\\\/\",\"logo\":{\"@type\":\"ImageObject\",\"inLanguage\":\"en-US\",\"@id\":\"https:\\\/\\\/tajkertesz.com\\\/#\\\/schema\\\/logo\\\/image\\\/\",\"url\":\"https:\\\/\\\/tajkertesz.com\\\/wp-content\\\/uploads\\\/2018\\\/02\\\/logo-2-e1518678052539.png\",\"contentUrl\":\"https:\\\/\\\/tajkertesz.com\\\/wp-content\\\/uploads\\\/2018\\\/02\\\/logo-2-e1518678052539.png\",\"width\":81,\"height\":140,\"caption\":\"T\u00e1j-Kert\u00e9sz 84 Kft.\"},\"image\":{\"@id\":\"https:\\\/\\\/tajkertesz.com\\\/#\\\/schema\\\/logo\\\/image\\\/\"},\"sameAs\":[\"https:\\\/\\\/www.facebook.com\\\/Tajkertesz\\\/\"]}]}<\/script>\n<!-- \/ Yoast SEO plugin. -->","yoast_head_json":{"title":"Nandina domestica 'Fire Power' - Jap\u00e1n szentfa - T\u00e1jkert\u00e9sz","description":"Nandina domestica 'Fire Power' - Jap\u00e1n szentfa\u00a0kompakt jap\u00e1n szentfa \u00e9l\u00e9nkpiros lombbal. Dekorat\u00edv d\u00edszcserje kertbe vagy d\u00e9zs\u00e1ba, rendelhet\u0151 online.","robots":{"index":"index","follow":"follow","max-snippet":"max-snippet:-1","max-image-preview":"max-image-preview:large","max-video-preview":"max-video-preview:-1"},"canonical":"https:\/\/tajkertesz.com\/en_US\/product\/nandina-domestica-fire-power-japan-szentfa\/","og_locale":"en_US","og_type":"article","og_title":"Nandina domestica 'Fire Power' - Jap\u00e1n szentfa - T\u00e1jkert\u00e9sz","og_description":"Nandina domestica 'Fire Power' - Jap\u00e1n szentfa\u00a0kompakt jap\u00e1n szentfa \u00e9l\u00e9nkpiros lombbal. Dekorat\u00edv d\u00edszcserje kertbe vagy d\u00e9zs\u00e1ba, rendelhet\u0151 online.","og_url":"https:\/\/tajkertesz.com\/en_US\/product\/nandina-domestica-fire-power-japan-szentfa\/","og_site_name":"T\u00e1jkert\u00e9sz","article_publisher":"https:\/\/www.facebook.com\/Tajkertesz\/","article_modified_time":"2026-02-24T15:42:27+00:00","og_image":[{"width":439,"height":600,"url":"https:\/\/tajkertesz.com\/wp-content\/uploads\/2021\/02\/IMG_20211014_101445.jpg","type":"image\/jpeg"}],"twitter_card":"summary_large_image","twitter_misc":{"Est. reading time":"3 minutes"},"schema":{"@context":"https:\/\/schema.org","@graph":[{"@type":"WebPage","@id":"https:\/\/tajkertesz.com\/termek\/nandina-domestica-fire-power-japan-szentfa\/","url":"https:\/\/tajkertesz.com\/termek\/nandina-domestica-fire-power-japan-szentfa\/","name":"Nandina domestica 'Fire Power' - Jap\u00e1n szentfa - T\u00e1jkert\u00e9sz","isPartOf":{"@id":"https:\/\/tajkertesz.com\/#website"},"primaryImageOfPage":{"@id":"https:\/\/tajkertesz.com\/termek\/nandina-domestica-fire-power-japan-szentfa\/#primaryimage"},"image":{"@id":"https:\/\/tajkertesz.com\/termek\/nandina-domestica-fire-power-japan-szentfa\/#primaryimage"},"thumbnailUrl":"https:\/\/tajkertesz.com\/wp-content\/uploads\/2021\/02\/IMG_20211014_101445.jpg","datePublished":"2021-02-11T15:43:05+00:00","dateModified":"2026-02-24T15:42:27+00:00","description":"Nandina domestica 'Fire Power' - Jap\u00e1n szentfa\u00a0kompakt jap\u00e1n szentfa \u00e9l\u00e9nkpiros lombbal. Dekorat\u00edv d\u00edszcserje kertbe vagy d\u00e9zs\u00e1ba, rendelhet\u0151 online.","breadcrumb":{"@id":"https:\/\/tajkertesz.com\/termek\/nandina-domestica-fire-power-japan-szentfa\/#breadcrumb"},"inLanguage":"en-US","potentialAction":[{"@type":"ReadAction","target":["https:\/\/tajkertesz.com\/termek\/nandina-domestica-fire-power-japan-szentfa\/"]}]},{"@type":"ImageObject","inLanguage":"en-US","@id":"https:\/\/tajkertesz.com\/termek\/nandina-domestica-fire-power-japan-szentfa\/#primaryimage","url":"https:\/\/tajkertesz.com\/wp-content\/uploads\/2021\/02\/IMG_20211014_101445.jpg","contentUrl":"https:\/\/tajkertesz.com\/wp-content\/uploads\/2021\/02\/IMG_20211014_101445.jpg","width":439,"height":600,"caption":"Nandina domestica 'Fire Power' - Jap\u00e1n szentfahdr"},{"@type":"BreadcrumbList","@id":"https:\/\/tajkertesz.com\/termek\/nandina-domestica-fire-power-japan-szentfa\/#breadcrumb","itemListElement":[{"@type":"ListItem","position":1,"name":"Home","item":"https:\/\/tajkertesz.com\/"},{"@type":"ListItem","position":2,"name":"Kezd\u0151lap","item":"https:\/\/tajkertesz.com\/"},{"@type":"ListItem","position":3,"name":"Nandina domestica &#8216;Fire Power&#8217; &#8211; Jap\u00e1n szentfa"}]},{"@type":"WebSite","@id":"https:\/\/tajkertesz.com\/#website","url":"https:\/\/tajkertesz.com\/","name":"T\u00e1j-Kert\u00e9sz 84 Kft.","description":"Kert\u00e9szeti kis- \u00e9s nagykeresked\u00e9s, D\u00edszn\u00f6v\u00e9ny web\u00e1ruh\u00e1z orsz\u00e1gos h\u00e1zhozsz\u00e1ll\u00edt\u00e1ssal!","publisher":{"@id":"https:\/\/tajkertesz.com\/#organization"},"potentialAction":[{"@type":"SearchAction","target":{"@type":"EntryPoint","urlTemplate":"https:\/\/tajkertesz.com\/?s={search_term_string}"},"query-input":{"@type":"PropertyValueSpecification","valueRequired":true,"valueName":"search_term_string"}}],"inLanguage":"en-US"},{"@type":"Organization","@id":"https:\/\/tajkertesz.com\/#organization","name":"T\u00e1j-Kert\u00e9sz 84 Kft.","url":"https:\/\/tajkertesz.com\/","logo":{"@type":"ImageObject","inLanguage":"en-US","@id":"https:\/\/tajkertesz.com\/#\/schema\/logo\/image\/","url":"https:\/\/tajkertesz.com\/wp-content\/uploads\/2018\/02\/logo-2-e1518678052539.png","contentUrl":"https:\/\/tajkertesz.com\/wp-content\/uploads\/2018\/02\/logo-2-e1518678052539.png","width":81,"height":140,"caption":"T\u00e1j-Kert\u00e9sz 84 Kft."},"image":{"@id":"https:\/\/tajkertesz.com\/#\/schema\/logo\/image\/"},"sameAs":["https:\/\/www.facebook.com\/Tajkertesz\/"]}]}},"_links":{"self":[{"href":"https:\/\/tajkertesz.com\/en_US\/wp-json\/wp\/v2\/product\/3109","targetHints":{"allow":["GET"]}}],"collection":[{"href":"https:\/\/tajkertesz.com\/en_US\/wp-json\/wp\/v2\/product"}],"about":[{"href":"https:\/\/tajkertesz.com\/en_US\/wp-json\/wp\/v2\/types\/product"}],"wp:featuredmedia":[{"embeddable":true,"href":"https:\/\/tajkertesz.com\/en_US\/wp-json\/wp\/v2\/media\/10469"}],"wp:attachment":[{"href":"https:\/\/tajkertesz.com\/en_US\/wp-json\/wp\/v2\/media?parent=3109"}],"wp:term":[{"taxonomy":"product_brand","embeddable":true,"href":"https:\/\/tajkertesz.com\/en_US\/wp-json\/wp\/v2\/product_brand?post=3109"},{"taxonomy":"product_cat","embeddable":true,"href":"https:\/\/tajkertesz.com\/en_US\/wp-json\/wp\/v2\/product_cat?post=3109"},{"taxonomy":"product_tag","embeddable":true,"href":"https:\/\/tajkertesz.com\/en_US\/wp-json\/wp\/v2\/product_tag?post=3109"}],"curies":[{"name":"wp","href":"https:\/\/api.w.org\/{rel}","templated":true}]}}