{"id":3117,"date":"2021-02-17T07:14:44","date_gmt":"2021-02-17T07:14:44","guid":{"rendered":"https:\/\/tajkertesz.com\/?post_type=product&#038;p=3117"},"modified":"2026-02-25T13:31:31","modified_gmt":"2026-02-25T13:31:31","slug":"prunus-laurocerasus-novita-babermeggy-2","status":"publish","type":"product","link":"https:\/\/tajkertesz.com\/en_US\/product\/prunus-laurocerasus-novita-babermeggy-2\/","title":{"rendered":"Prunus laurocerasus &#8216;Novita&#8217;, Bab\u00e9rmeggy 200\/220 cm"},"content":{"rendered":"<h3>Prunus laurocerasus &#8216;Novita&#8217; , Bab\u00e9rmeggy 200-220 cm<\/h3>\n<p>A Prunus laurocerasus &#8216;Novita&#8217; , Bab\u00e9rmeggy egy olyan n\u00f6v\u00e9ny mely kiv\u00e1l\u00f3an alkalmas \u00f6r\u00f6kz\u00f6ld s\u00f6v\u00e9nynek.<\/p>\n<p>&nbsp;<\/p>\n<p>Ha gyors n\u00f6veked\u00e9s\u0171 s\u00f6v\u00e9nyt szeretn\u00e9nk, akkor biztosan j\u00f3 v\u00e1laszt\u00e1s a bab\u00e9rmeggy ezen fajt\u00e1ja.<\/p>\n<p>C\u00e9lszer\u0171 \u00e9vente\u00a0 2* megmetszeni, de ny\u00edratlanul is dekorat\u00edv n\u00f6v\u00e9ny.<\/p>\n<p>F\u00e9nyes, \u00e9l\u00e9nkz\u00f6ld sz\u00edn\u0171, k\u00f6zepesen nagy\u00a0 level\u0171 n\u00f6v\u00e9ny. Nagyon sz\u00edv\u00f3s , j\u00f3l t\u0171ri a teleinket, napra \u00e9s f\u00e9l\u00e1rny\u00e9kba is \u00fcltethet\u0151.<\/p>\n<p>Fontos m\u00e9g megeml\u00edteni ,hogy k\u00f3rokoz\u00f3k, k\u00e1rtev\u0151k ellen rezisztens. A n\u00f6v\u00e9ny neve ellen\u00e9re nem ehet\u0151.<\/p>\n<p>\u00dcltet\u00e9sekor fontos, hogy a g\u00f6d\u00f6rbe ker\u00fclj\u00f6n marhatr\u00e1gya ,vagy mag\u00e1t az \u00fcltet\u00e9st v\u00e9gezz\u00fck \u00f6r\u00f6kz\u00f6ld \u00fcltet\u0151 f\u00f6lddel.<\/p>\n<p>Tov\u00e1bbi sz\u00e9p \u00e9s er\u0151s fejl\u0151d\u00e9se \u00e9rdek\u00e9ben haszn\u00e1ljunk ny\u00e1ron \u00f6r\u00f6kz\u00f6ldeknek val\u00f3 t\u00e1poldatot ,vagy granul\u00e1tumot.<\/p>\n<p>Jelen term\u00e9k\u00fcnk 30 literes cser\u00e9pben kaphat\u00f3 \u00e9s kb:220-250 cm magas.+<\/p>\n<h1><strong>Ez\u00a0 a term\u00e9k fut\u00e1rszolg\u00e1lattal nem sz\u00e1ll\u00edthat\u00f3!!!<\/strong><\/h1>\n<h4 style=\"line-height: 18.0pt; background: white; margin: 0cm 0cm 15.0pt 0cm;\"><span style=\"font-family: 'Ubuntu',serif; color: black;\">El\u00e9rhet\u0151 t\u00f6bbf\u00e9le m\u00e9retben \u00e9s \u00e1rban.<\/span><\/h4>\n<p style=\"line-height: 18.0pt; background: white; margin: 0cm 0cm 15.0pt 0cm;\"><b><span style=\"font-family: 'Ubuntu',serif; color: black;\">K\u00e9szlet\u00fcnk napi szinten v\u00e1ltozik, ez\u00e9rt k\u00e9rj\u00fck, \u00e9rdekl\u0151dj\u00f6n szem\u00e9lyesen, telefonon vagy email-en.<br \/>\nA v\u00e1ltoztat\u00e1s jog\u00e1t fenntartjuk!\u00a0<\/span><\/b><\/p>\n<p>A term\u00e9kek szem\u00e9lyesen is megv\u00e1s\u00e1rolhat\u00f3k kert\u00e9szet\u00fcnkben nyitvatart\u00e1si id\u0151ben.<\/p>\n<p>Sz\u00e1ll\u00edt\u00e1sa 40kg-ig, 2m magass\u00e1gig fut\u00e1rszolg\u00e1lattal t\u00f6rt\u00e9nik, 40kg felett, 2m magass\u00e1g felett egyedi \u00e1ras kisz\u00e1ll\u00edt\u00e1s k\u00e9rhet\u0151!<\/p>\n<p><a href=\"https:\/\/tajkertesz.com\/\">https:\/\/tajkertesz.com\/<\/a><\/p>\n<p><a href=\"https:\/\/hu.wikipedia.org\/wiki\/Bab%C3%A9rmeggy\">https:\/\/hu.wikipedia.org\/wiki\/Bab%C3%A9rmeggy<\/a><\/p>\n<p><span style=\"color: #ffffff;\">A meleg \u00e1gy\u00e1s val\u00f3j\u00e1ban nem m\u00e1s mint egy vastag tr\u00e1gyar\u00e9teg besz\u00f3rva valamennyi f\u00f6lddel. A meleg\u00e1gy tr\u00e1gyakever\u00e9ke att\u00f3l f\u00fcgg milyen id\u0151tartamra k\u00e9ri a meleget a rajta termeszteni k\u00edv\u00e1nt n\u00f6v\u00e9nykult\u00fara. A l\u00f3tr\u00e1gya hirtelen ad sok meleget. Ez\u00e9rt ezt t\u00e9l v\u00e9ge fel\u00e9 alkalmazt\u00e1k. A marhatr\u00e1gya lassan ad kevesebb meleget, de huzamosabb ideig. A l\u00f3 \u00e9s szarvasmarha tr\u00e1gya kever\u00e9k\u00e9t annak megfelel\u0151en kevert\u00e9k be hogy t\u00f6bb meleg kellett hirtelen, vagy kevesebb meleg hosszabb t\u00e1von. Ha kev\u00e9s a szerves tr\u00e1gya a melet\u0151 az \u00e9jjeli leh\u0171l\u00e9s megakad\u00e1lyoz\u00e1s\u00e1ra.<\/span><\/p>","protected":false},"excerpt":{"rendered":"<p>A Prunus laurocerasus &#8216;Novita&#8217; , Bab\u00e9rmeggy egy olyan n\u00f6v\u00e9ny mely kiv\u00e1l\u00f3an alkalmas \u00f6r\u00f6kz\u00f6ld s\u00f6v\u00e9nynek.<\/p>\n<p>Ha gyors n\u00f6veked\u00e9s\u0171 s\u00f6v\u00e9nyt szeretn\u00e9nk, akkor biztosan j\u00f3 v\u00e1laszt\u00e1s a bab\u00e9rmeggy ezen fajt\u00e1ja.<\/p>\n<p>C\u00e9lszer\u0171 \u00e9vente\u00a0 2* megmetszeni, de ny\u00edratlanul is dekorat\u00edv n\u00f6v\u00e9ny.<\/p>\n<p>F\u00e9nyes, \u00e9l\u00e9nkz\u00f6ld sz\u00edn\u0171, k\u00f6zepesen nagy\u00a0 level\u0171 n\u00f6v\u00e9ny. Nagyon sz\u00edv\u00f3s , j\u00f3l t\u0171ri a teleinket, napra \u00e9s f\u00e9l\u00e1rny\u00e9kba is \u00fcltethet\u0151.<\/p>\n<p>Fontos m\u00e9g megeml\u00edteni ,hogy k\u00f3rokoz\u00f3k, k\u00e1rtev\u0151k ellen rezisztens.<\/p>\n<p>\u00dcltet\u00e9sekor fontos, hogy a g\u00f6d\u00f6rbe ker\u00fclj\u00f6n marhatr\u00e1gya ,vagy mag\u00e1t az \u00fcltet\u00e9st v\u00e9gezz\u00fck \u00f6r\u00f6kz\u00f6ld \u00fcltet\u0151 f\u00f6lddel.<\/p>\n<p>Tov\u00e1bbi sz\u00e9p \u00e9s er\u0151s fejl\u0151d\u00e9se \u00e9rdek\u00e9ben haszn\u00e1ljunk ny\u00e1ron \u00f6r\u00f6kz\u00f6ldeknek val\u00f3 t\u00e1poldatot ,vagy granul\u00e1tumot.<\/p>","protected":false},"featured_media":13279,"template":"","meta":{"_et_pb_use_builder":"","_et_pb_old_content":"","_et_gb_content_width":""},"product_brand":[],"product_cat":[4192],"product_tag":[1278,1276,1275,1277,528,763],"class_list":{"0":"post-3117","1":"product","2":"type-product","3":"status-publish","4":"has-post-thumbnail","6":"product_cat-orokzold-diszbaberok-prunus-laurocerasus","7":"product_tag-baber","8":"product_tag-babermeggy","9":"product_tag-novita","10":"product_tag-nyirhato","11":"product_tag-soveny","12":"product_tag-sovenynoveny","14":"first","15":"instock","16":"shipping-taxable","17":"purchasable","18":"product-type-simple"},"yoast_head":"<!-- This site is optimized with the Yoast SEO plugin v27.4 - https:\/\/yoast.com\/product\/yoast-seo-wordpress\/ -->\n<title>Prunus laurocerasus &#039;Novita&#039;, Bab\u00e9rmeggy 200\/220 cm - T\u00e1jkert\u00e9sz<\/title>\n<meta name=\"description\" content=\"A Prunus laurocerasus &#039;Novita&#039; , Bab\u00e9rmeggy egy \u00f6r\u00f6kz\u00f6ld n\u00f6v\u00e9ny mely kiv\u00e1l\u00f3an alkalmas s\u00f6v\u00e9nynek. C\u00e9lszer\u0171 \u00e9vente 2* megmetszeni.\" \/>\n<meta name=\"robots\" content=\"index, follow, max-snippet:-1, max-image-preview:large, max-video-preview:-1\" \/>\n<link rel=\"canonical\" href=\"https:\/\/tajkertesz.com\/en_US\/product\/prunus-laurocerasus-novita-babermeggy-2\/\" \/>\n<meta property=\"og:locale\" content=\"en_US\" \/>\n<meta property=\"og:type\" content=\"article\" \/>\n<meta property=\"og:title\" content=\"Prunus laurocerasus &#039;Novita&#039;, Bab\u00e9rmeggy 200\/220 cm - T\u00e1jkert\u00e9sz\" \/>\n<meta property=\"og:description\" content=\"A Prunus laurocerasus &#039;Novita&#039; , Bab\u00e9rmeggy egy \u00f6r\u00f6kz\u00f6ld n\u00f6v\u00e9ny mely kiv\u00e1l\u00f3an alkalmas s\u00f6v\u00e9nynek. C\u00e9lszer\u0171 \u00e9vente 2* megmetszeni.\" \/>\n<meta property=\"og:url\" content=\"https:\/\/tajkertesz.com\/en_US\/product\/prunus-laurocerasus-novita-babermeggy-2\/\" \/>\n<meta property=\"og:site_name\" content=\"T\u00e1jkert\u00e9sz\" \/>\n<meta property=\"article:publisher\" content=\"https:\/\/www.facebook.com\/Tajkertesz\/\" \/>\n<meta property=\"article:modified_time\" content=\"2026-02-25T13:31:31+00:00\" \/>\n<meta property=\"og:image\" content=\"https:\/\/tajkertesz.com\/wp-content\/uploads\/2021\/02\/Kepkivagas.png\" \/>\n\t<meta property=\"og:image:width\" content=\"384\" \/>\n\t<meta property=\"og:image:height\" content=\"875\" \/>\n\t<meta property=\"og:image:type\" content=\"image\/png\" \/>\n<meta name=\"twitter:card\" content=\"summary_large_image\" \/>\n<meta name=\"twitter:label1\" content=\"Est. reading time\" \/>\n\t<meta name=\"twitter:data1\" content=\"2 minutes\" \/>\n<script type=\"application\/ld+json\" class=\"yoast-schema-graph\">{\"@context\":\"https:\\\/\\\/schema.org\",\"@graph\":[{\"@type\":\"WebPage\",\"@id\":\"https:\\\/\\\/tajkertesz.com\\\/termek\\\/prunus-laurocerasus-novita-babermeggy-2\\\/\",\"url\":\"https:\\\/\\\/tajkertesz.com\\\/termek\\\/prunus-laurocerasus-novita-babermeggy-2\\\/\",\"name\":\"Prunus laurocerasus 'Novita', Bab\u00e9rmeggy 200\\\/220 cm - T\u00e1jkert\u00e9sz\",\"isPartOf\":{\"@id\":\"https:\\\/\\\/tajkertesz.com\\\/#website\"},\"primaryImageOfPage\":{\"@id\":\"https:\\\/\\\/tajkertesz.com\\\/termek\\\/prunus-laurocerasus-novita-babermeggy-2\\\/#primaryimage\"},\"image\":{\"@id\":\"https:\\\/\\\/tajkertesz.com\\\/termek\\\/prunus-laurocerasus-novita-babermeggy-2\\\/#primaryimage\"},\"thumbnailUrl\":\"https:\\\/\\\/tajkertesz.com\\\/wp-content\\\/uploads\\\/2021\\\/02\\\/Kepkivagas.png\",\"datePublished\":\"2021-02-17T07:14:44+00:00\",\"dateModified\":\"2026-02-25T13:31:31+00:00\",\"description\":\"A Prunus laurocerasus 'Novita' , Bab\u00e9rmeggy egy \u00f6r\u00f6kz\u00f6ld n\u00f6v\u00e9ny mely kiv\u00e1l\u00f3an alkalmas s\u00f6v\u00e9nynek. C\u00e9lszer\u0171 \u00e9vente 2* megmetszeni.\",\"breadcrumb\":{\"@id\":\"https:\\\/\\\/tajkertesz.com\\\/termek\\\/prunus-laurocerasus-novita-babermeggy-2\\\/#breadcrumb\"},\"inLanguage\":\"en-US\",\"potentialAction\":[{\"@type\":\"ReadAction\",\"target\":[\"https:\\\/\\\/tajkertesz.com\\\/termek\\\/prunus-laurocerasus-novita-babermeggy-2\\\/\"]}]},{\"@type\":\"ImageObject\",\"inLanguage\":\"en-US\",\"@id\":\"https:\\\/\\\/tajkertesz.com\\\/termek\\\/prunus-laurocerasus-novita-babermeggy-2\\\/#primaryimage\",\"url\":\"https:\\\/\\\/tajkertesz.com\\\/wp-content\\\/uploads\\\/2021\\\/02\\\/Kepkivagas.png\",\"contentUrl\":\"https:\\\/\\\/tajkertesz.com\\\/wp-content\\\/uploads\\\/2021\\\/02\\\/Kepkivagas.png\",\"width\":384,\"height\":875},{\"@type\":\"BreadcrumbList\",\"@id\":\"https:\\\/\\\/tajkertesz.com\\\/termek\\\/prunus-laurocerasus-novita-babermeggy-2\\\/#breadcrumb\",\"itemListElement\":[{\"@type\":\"ListItem\",\"position\":1,\"name\":\"Home\",\"item\":\"https:\\\/\\\/tajkertesz.com\\\/\"},{\"@type\":\"ListItem\",\"position\":2,\"name\":\"Kezd\u0151lap\",\"item\":\"https:\\\/\\\/tajkertesz.com\\\/\"},{\"@type\":\"ListItem\",\"position\":3,\"name\":\"Prunus laurocerasus &#8216;Novita&#8217;, Bab\u00e9rmeggy 200\\\/220 cm\"}]},{\"@type\":\"WebSite\",\"@id\":\"https:\\\/\\\/tajkertesz.com\\\/#website\",\"url\":\"https:\\\/\\\/tajkertesz.com\\\/\",\"name\":\"T\u00e1j-Kert\u00e9sz 84 Kft.\",\"description\":\"Kert\u00e9szeti kis- \u00e9s nagykeresked\u00e9s, D\u00edszn\u00f6v\u00e9ny web\u00e1ruh\u00e1z orsz\u00e1gos h\u00e1zhozsz\u00e1ll\u00edt\u00e1ssal!\",\"publisher\":{\"@id\":\"https:\\\/\\\/tajkertesz.com\\\/#organization\"},\"potentialAction\":[{\"@type\":\"SearchAction\",\"target\":{\"@type\":\"EntryPoint\",\"urlTemplate\":\"https:\\\/\\\/tajkertesz.com\\\/?s={search_term_string}\"},\"query-input\":{\"@type\":\"PropertyValueSpecification\",\"valueRequired\":true,\"valueName\":\"search_term_string\"}}],\"inLanguage\":\"en-US\"},{\"@type\":\"Organization\",\"@id\":\"https:\\\/\\\/tajkertesz.com\\\/#organization\",\"name\":\"T\u00e1j-Kert\u00e9sz 84 Kft.\",\"url\":\"https:\\\/\\\/tajkertesz.com\\\/\",\"logo\":{\"@type\":\"ImageObject\",\"inLanguage\":\"en-US\",\"@id\":\"https:\\\/\\\/tajkertesz.com\\\/#\\\/schema\\\/logo\\\/image\\\/\",\"url\":\"https:\\\/\\\/tajkertesz.com\\\/wp-content\\\/uploads\\\/2018\\\/02\\\/logo-2-e1518678052539.png\",\"contentUrl\":\"https:\\\/\\\/tajkertesz.com\\\/wp-content\\\/uploads\\\/2018\\\/02\\\/logo-2-e1518678052539.png\",\"width\":81,\"height\":140,\"caption\":\"T\u00e1j-Kert\u00e9sz 84 Kft.\"},\"image\":{\"@id\":\"https:\\\/\\\/tajkertesz.com\\\/#\\\/schema\\\/logo\\\/image\\\/\"},\"sameAs\":[\"https:\\\/\\\/www.facebook.com\\\/Tajkertesz\\\/\"]}]}<\/script>\n<!-- \/ Yoast SEO plugin. -->","yoast_head_json":{"title":"Prunus laurocerasus 'Novita', Bab\u00e9rmeggy 200\/220 cm - T\u00e1jkert\u00e9sz","description":"A Prunus laurocerasus 'Novita' , Bab\u00e9rmeggy egy \u00f6r\u00f6kz\u00f6ld n\u00f6v\u00e9ny mely kiv\u00e1l\u00f3an alkalmas s\u00f6v\u00e9nynek. C\u00e9lszer\u0171 \u00e9vente 2* megmetszeni.","robots":{"index":"index","follow":"follow","max-snippet":"max-snippet:-1","max-image-preview":"max-image-preview:large","max-video-preview":"max-video-preview:-1"},"canonical":"https:\/\/tajkertesz.com\/en_US\/product\/prunus-laurocerasus-novita-babermeggy-2\/","og_locale":"en_US","og_type":"article","og_title":"Prunus laurocerasus 'Novita', Bab\u00e9rmeggy 200\/220 cm - T\u00e1jkert\u00e9sz","og_description":"A Prunus laurocerasus 'Novita' , Bab\u00e9rmeggy egy \u00f6r\u00f6kz\u00f6ld n\u00f6v\u00e9ny mely kiv\u00e1l\u00f3an alkalmas s\u00f6v\u00e9nynek. C\u00e9lszer\u0171 \u00e9vente 2* megmetszeni.","og_url":"https:\/\/tajkertesz.com\/en_US\/product\/prunus-laurocerasus-novita-babermeggy-2\/","og_site_name":"T\u00e1jkert\u00e9sz","article_publisher":"https:\/\/www.facebook.com\/Tajkertesz\/","article_modified_time":"2026-02-25T13:31:31+00:00","og_image":[{"width":384,"height":875,"url":"https:\/\/tajkertesz.com\/wp-content\/uploads\/2021\/02\/Kepkivagas.png","type":"image\/png"}],"twitter_card":"summary_large_image","twitter_misc":{"Est. reading time":"2 minutes"},"schema":{"@context":"https:\/\/schema.org","@graph":[{"@type":"WebPage","@id":"https:\/\/tajkertesz.com\/termek\/prunus-laurocerasus-novita-babermeggy-2\/","url":"https:\/\/tajkertesz.com\/termek\/prunus-laurocerasus-novita-babermeggy-2\/","name":"Prunus laurocerasus 'Novita', Bab\u00e9rmeggy 200\/220 cm - T\u00e1jkert\u00e9sz","isPartOf":{"@id":"https:\/\/tajkertesz.com\/#website"},"primaryImageOfPage":{"@id":"https:\/\/tajkertesz.com\/termek\/prunus-laurocerasus-novita-babermeggy-2\/#primaryimage"},"image":{"@id":"https:\/\/tajkertesz.com\/termek\/prunus-laurocerasus-novita-babermeggy-2\/#primaryimage"},"thumbnailUrl":"https:\/\/tajkertesz.com\/wp-content\/uploads\/2021\/02\/Kepkivagas.png","datePublished":"2021-02-17T07:14:44+00:00","dateModified":"2026-02-25T13:31:31+00:00","description":"A Prunus laurocerasus 'Novita' , Bab\u00e9rmeggy egy \u00f6r\u00f6kz\u00f6ld n\u00f6v\u00e9ny mely kiv\u00e1l\u00f3an alkalmas s\u00f6v\u00e9nynek. C\u00e9lszer\u0171 \u00e9vente 2* megmetszeni.","breadcrumb":{"@id":"https:\/\/tajkertesz.com\/termek\/prunus-laurocerasus-novita-babermeggy-2\/#breadcrumb"},"inLanguage":"en-US","potentialAction":[{"@type":"ReadAction","target":["https:\/\/tajkertesz.com\/termek\/prunus-laurocerasus-novita-babermeggy-2\/"]}]},{"@type":"ImageObject","inLanguage":"en-US","@id":"https:\/\/tajkertesz.com\/termek\/prunus-laurocerasus-novita-babermeggy-2\/#primaryimage","url":"https:\/\/tajkertesz.com\/wp-content\/uploads\/2021\/02\/Kepkivagas.png","contentUrl":"https:\/\/tajkertesz.com\/wp-content\/uploads\/2021\/02\/Kepkivagas.png","width":384,"height":875},{"@type":"BreadcrumbList","@id":"https:\/\/tajkertesz.com\/termek\/prunus-laurocerasus-novita-babermeggy-2\/#breadcrumb","itemListElement":[{"@type":"ListItem","position":1,"name":"Home","item":"https:\/\/tajkertesz.com\/"},{"@type":"ListItem","position":2,"name":"Kezd\u0151lap","item":"https:\/\/tajkertesz.com\/"},{"@type":"ListItem","position":3,"name":"Prunus laurocerasus &#8216;Novita&#8217;, Bab\u00e9rmeggy 200\/220 cm"}]},{"@type":"WebSite","@id":"https:\/\/tajkertesz.com\/#website","url":"https:\/\/tajkertesz.com\/","name":"T\u00e1j-Kert\u00e9sz 84 Kft.","description":"Kert\u00e9szeti kis- \u00e9s nagykeresked\u00e9s, D\u00edszn\u00f6v\u00e9ny web\u00e1ruh\u00e1z orsz\u00e1gos h\u00e1zhozsz\u00e1ll\u00edt\u00e1ssal!","publisher":{"@id":"https:\/\/tajkertesz.com\/#organization"},"potentialAction":[{"@type":"SearchAction","target":{"@type":"EntryPoint","urlTemplate":"https:\/\/tajkertesz.com\/?s={search_term_string}"},"query-input":{"@type":"PropertyValueSpecification","valueRequired":true,"valueName":"search_term_string"}}],"inLanguage":"en-US"},{"@type":"Organization","@id":"https:\/\/tajkertesz.com\/#organization","name":"T\u00e1j-Kert\u00e9sz 84 Kft.","url":"https:\/\/tajkertesz.com\/","logo":{"@type":"ImageObject","inLanguage":"en-US","@id":"https:\/\/tajkertesz.com\/#\/schema\/logo\/image\/","url":"https:\/\/tajkertesz.com\/wp-content\/uploads\/2018\/02\/logo-2-e1518678052539.png","contentUrl":"https:\/\/tajkertesz.com\/wp-content\/uploads\/2018\/02\/logo-2-e1518678052539.png","width":81,"height":140,"caption":"T\u00e1j-Kert\u00e9sz 84 Kft."},"image":{"@id":"https:\/\/tajkertesz.com\/#\/schema\/logo\/image\/"},"sameAs":["https:\/\/www.facebook.com\/Tajkertesz\/"]}]}},"_links":{"self":[{"href":"https:\/\/tajkertesz.com\/en_US\/wp-json\/wp\/v2\/product\/3117","targetHints":{"allow":["GET"]}}],"collection":[{"href":"https:\/\/tajkertesz.com\/en_US\/wp-json\/wp\/v2\/product"}],"about":[{"href":"https:\/\/tajkertesz.com\/en_US\/wp-json\/wp\/v2\/types\/product"}],"wp:featuredmedia":[{"embeddable":true,"href":"https:\/\/tajkertesz.com\/en_US\/wp-json\/wp\/v2\/media\/13279"}],"wp:attachment":[{"href":"https:\/\/tajkertesz.com\/en_US\/wp-json\/wp\/v2\/media?parent=3117"}],"wp:term":[{"taxonomy":"product_brand","embeddable":true,"href":"https:\/\/tajkertesz.com\/en_US\/wp-json\/wp\/v2\/product_brand?post=3117"},{"taxonomy":"product_cat","embeddable":true,"href":"https:\/\/tajkertesz.com\/en_US\/wp-json\/wp\/v2\/product_cat?post=3117"},{"taxonomy":"product_tag","embeddable":true,"href":"https:\/\/tajkertesz.com\/en_US\/wp-json\/wp\/v2\/product_tag?post=3117"}],"curies":[{"name":"wp","href":"https:\/\/api.w.org\/{rel}","templated":true}]}}